{"id":2871,"date":"2017-08-17T22:04:47","date_gmt":"2017-08-17T20:04:47","guid":{"rendered":"https:\/\/www-lykketegning.wp3.hcweb.dev\/?page_id=2871"},"modified":"2026-02-17T08:47:59","modified_gmt":"2026-02-17T07:47:59","slug":"illustrator","status":"publish","type":"page","link":"https:\/\/lykketegningtest.wp3.hcweb.dev\/da\/illustrator\/","title":{"rendered":"Illustrator"},"content":{"rendered":"<figure itemscope itemtype=\"https:\/\/schema.org\/ImageObject\">\n\t\t\t\t<img decoding=\"async\" src=\"https:\/\/lykketegningtest.wp3.hcweb.dev\/wp-content\/uploads\/2024\/04\/08-Ingebjorg.jpeg\" alt=\"08 Ingebj\u00f8rg\" height=\"1280\" width=\"853\" title=\"08 Ingebj\u00f8rg\" onerror=\"this.style.display='none'\" loading=\"lazy\" \/>\n\t<\/figure>\n\t<h1>Velkommen til Happiness Drawing!<\/h1>\n<h3><em>Hvem laver den heldige lodtr\u00e6kning? <\/em><\/h3>\n<p>Mit navn er Ingebj\u00f8rg Rang\u00f8y Sj\u00e5land, og jeg er illustratoren bag Lykketegning.<\/p>\n<p>Jeg er uddannet p\u00e6dagog og har arbejdet med d\u00f8ve b\u00f8rn i Danmark og Norge i mange \u00e5r. Jeg er 46 \u00e5r gammel, mor til to og gift med verdens bedste mand.<\/p>\n<p>Pensioneret h\u00e5ndboldspiller og engageret kordirigent.<\/p>\n<h3>Hvordan det hele begyndte.<\/h3>\n<p><em>\"Jeg havde m\u00e5ske en stor dr\u00f8m om at blive fotograf en dag, og en endnu vildere fantasi var at skrive en bog. Men det faldt mig aldrig ind, at jeg ville sidde og tegne!<\/em><\/p>\n<p><em> Ingebj\u00f8rg Rang\u00f8y Sj\u00e5lands tegnekarriere startede, da hun tegnede en doodle af sin familie p\u00e5 et seminar. Hendes kollega blev s\u00e5 begejstret for tegningen, at hun bad hende om at dele den. Sj\u00e5land lagde tegningen ud p\u00e5 Instagram, hvor hun fik 10 likes, tre kommentarer og en bestilling. Det var nok til at s\u00e6tte gang i tegnelysten - mere skulle der ikke til,\" griner Sj\u00e5land. <\/em><\/p>\n<p><em>- Jeg vidste ikke, om mine Facebook-venner var interesserede i mine tegninger, s\u00e5 jeg oprettede en side, der hed \"Happiness Drawing\" i stedet. Det viste sig, at det skabte engagement, for jeg fik bare flere og flere f\u00f8lgere og flere og flere ordrer.<\/em><\/p>\n<p><em>Lykketegning har nu over 80.000 f\u00f8lgere p\u00e5 Facebook og Instagram. Hun har f\u00f8lgere fra mindst 28 lande og modtager ordrer fra hele verden.<\/em><\/p>\n<em> - De fleste af mine bestillinger kommer fra folk, der \u00f8nsker at f\u00e5 deres familie tegnet som gaver til barned\u00e5b, konfirmation, bryllup og f\u00f8dselsdage. Nogle gange f\u00e5r jeg ogs\u00e5 familiemedlemmer, som ikke l\u00e6ngere er hos os, men som jeg kan tegne ind.<\/em><br \/>\n<em> Hendes tegninger er enkle, med store smil og masser af hjerter. Men ingen af hendes tegninger er ens, og n\u00e5r hun f\u00f8rst er begyndt at tegne, \u00e6ndrer hun dem sj\u00e6ldent.<\/em>\n<p><em> - \"Det f\u00f8rste, jeg tegner, er det, der bliver, s\u00e5 jeg omm\u00f8blerer eller bygger sj\u00e6ldent om. <\/em><\/p>\n<p><em>Det er slet ikke perfekte tegninger, men jeg tror, det er en del af charmen. Livet er ikke perfekt, og det er de heller ikke, og m\u00e5ske er det det, der rammer en nerve hos folk.\"<\/em> <a href=\"https:\/\/www.nrk.no\/ostfold\/tar-permisjon-for-a-tegne-1.13382384\">NRK \u00d8stfold <\/a><\/p>\n<h3>500 butikker i Norge<\/h3>\n<p>Det er utroligt sjovt at tegne, skabe og farvel\u00e6gge. Hvorfor pr\u00f8ver du det ikke ogs\u00e5? Du kan nu finde Happy Cups i butikker i hele Norge og i min netbutik!<\/p>\n<p>P\u00e5 hjemmesiden finder du nogle illustrationer og andre produkter som kopper, lyk\u00f8nskningskort og kalendere.<\/p>\n<p>Her bliver der hele tiden lanceret nye produkter.<\/p>\n<p>For <strong>mange mange mange mange<\/strong> flere illustrationer; bes\u00f8g min Instagram- og Facebook-profil.<\/p>\n<h3>Forhandler<\/h3>\n<p>Hvis du \u00f8nsker at blive forhandler af Lykketegning, s\u00e5 t\u00f8v ikke med at kontakte os p\u00e5 post@lykketegning.no<\/p>\n<figure itemscope itemtype=\"https:\/\/schema.org\/ImageObject\">\n\t\t\t\t<img decoding=\"async\" src=\"https:\/\/lykketegningtest.wp3.hcweb.dev\/wp-content\/uploads\/2024\/04\/Emne-2.png\" alt=\"Emne (2)\" height=\"1280\" width=\"1061\" title=\"Emne (2)\" onerror=\"this.style.display='none'\" loading=\"lazy\" \/>\n\t<\/figure>\n\t<h3>Illustrationer til salg<\/h3>\n<p>Faktisk er alle illustrationer til salg. 999 SEK for A4 og 1500 SEK for A3.<\/p>\n<p>Du kan ogs\u00e5 bestille dine helt egne - gode gaver til bryllupper og andre fester. Kontakt indbakken for dette.<\/p>\n<p><em>Pris: 1500kr for A4 og A5 (op til 5 personer\/dyr), ekstra omkostninger for flere (op til 5 personer\/dyr). A3 2000kr ex porto. Jeg har brug for at kende h\u00e5rfarve\/h\u00e5rtype, h\u00f8jde, interesser og \u00f8nsket antal illustrerede personer. Alle tilbud, du \u00f8nsker inkluderet.<\/em><\/p>\n<p>Hvis du har sp\u00f8rgsm\u00e5l, s\u00e5 t\u00f8v ikke med at kontakte mig! Hvis du gerne vil have en snak om et muligt samarbejde, s\u00e5 send mig en e-mail.<\/p>\n<p>Jeg ser frem til at h\u00f8re fra dig og h\u00e5ber, at du f\u00e5r en dejlig dag.<\/p>\nKunstner<br \/>\nIngebj\u00f8rg Rang\u00f8y Sj\u00e5land","protected":false},"excerpt":{"rendered":"<p>Velkommen til Lykketegning! Hvem laver Lykketegning? Mit navn er Ingebj\u00f8rg Rang\u00f8y Sj\u00e5land, og jeg er illustratoren bag Lykketegning. Jeg er uddannet b\u00f8rneforsorgsmedarbejder og har arbejdet med d\u00f8ve b\u00f8rn i Danmark og Norge i mange \u00e5r. 46 \u00e5r, mor til to og gift med verdens bedste mand. Jeg er pensioneret h\u00e5ndboldspiller og engageret kordirigent. Hvordan det hele...<\/p>","protected":false},"author":2008,"featured_media":0,"parent":0,"menu_order":0,"comment_status":"closed","ping_status":"closed","template":"","meta":{"footnotes":""},"class_list":["post-2871","page","type-page","status-publish","hentry"],"yoast_head":"<!-- This site is optimized with the Yoast SEO plugin v27.6 - https:\/\/yoast.com\/product\/yoast-seo-wordpress\/ -->\n<title>Illustrat\u00f8r - LYKKETEGNING ILLUSTRAT\u00d8R<\/title>\n<meta name=\"robots\" content=\"noindex, follow, max-snippet:-1, max-image-preview:large, max-video-preview:-1\" \/>\n<meta property=\"og:locale\" content=\"da_DK\" \/>\n<meta property=\"og:type\" content=\"article\" \/>\n<meta property=\"og:title\" content=\"Illustrat\u00f8r - LYKKETEGNING ILLUSTRAT\u00d8R\" \/>\n<meta property=\"og:description\" content=\"Velkommen til Lykketegning! Hvem lager Lykketegning? Jeg heter Ingebj\u00f8rg Rang\u00f8y Sj\u00e5land og er illustrat\u00f8ren bak Lykketegning. Jeg er utdannet barnevernspedagog og har i mange \u00e5r arbeidet med d\u00f8ve barn i Danmark og i Norge. 46 \u00e5r gammel, mamma til to ungdommer og gift med verdens beste mann. Avdanka h\u00e5ndballspiller og engasjert kordirigent. Hvordan det hele&hellip;\" \/>\n<meta property=\"og:url\" content=\"https:\/\/lykketegningtest.wp3.hcweb.dev\/da\/illustrator\/\" \/>\n<meta property=\"og:site_name\" content=\"LYKKETEGNING ILLUSTRAT\u00d8R\" \/>\n<meta property=\"article:publisher\" content=\"https:\/\/www.facebook.com\/lykketegning\/\" \/>\n<meta property=\"article:modified_time\" content=\"2026-02-17T07:47:59+00:00\" \/>\n<meta property=\"og:image\" content=\"https:\/\/lykketegningtest.wp3.hcweb.dev\/wp-content\/uploads\/2024\/04\/08-Ingebjorg.jpeg\" \/>\n<meta name=\"twitter:card\" content=\"summary_large_image\" \/>\n<meta name=\"twitter:label1\" content=\"Estimeret l\u00e6setid\" \/>\n\t<meta name=\"twitter:data1\" content=\"4 minutter\" \/>\n<script type=\"application\/ld+json\" class=\"yoast-schema-graph\">{\"@context\":\"https:\\\/\\\/schema.org\",\"@graph\":[{\"@type\":\"WebPage\",\"@id\":\"https:\\\/\\\/lykketegningtest.wp3.hcweb.dev\\\/illustrator\\\/\",\"url\":\"https:\\\/\\\/lykketegningtest.wp3.hcweb.dev\\\/illustrator\\\/\",\"name\":\"Illustrat\u00f8r - LYKKETEGNING ILLUSTRAT\u00d8R\",\"isPartOf\":{\"@id\":\"https:\\\/\\\/lykketegningtest.wp3.hcweb.dev\\\/#website\"},\"primaryImageOfPage\":{\"@id\":\"https:\\\/\\\/lykketegningtest.wp3.hcweb.dev\\\/illustrator\\\/#primaryimage\"},\"image\":{\"@id\":\"https:\\\/\\\/lykketegningtest.wp3.hcweb.dev\\\/illustrator\\\/#primaryimage\"},\"thumbnailUrl\":\"https:\\\/\\\/lykketegningtest.wp3.hcweb.dev\\\/wp-content\\\/uploads\\\/2024\\\/04\\\/08-Ingebjorg.jpeg\",\"datePublished\":\"2017-08-17T20:04:47+00:00\",\"dateModified\":\"2026-02-17T07:47:59+00:00\",\"breadcrumb\":{\"@id\":\"https:\\\/\\\/lykketegningtest.wp3.hcweb.dev\\\/illustrator\\\/#breadcrumb\"},\"inLanguage\":\"da-DK\",\"potentialAction\":[{\"@type\":\"ReadAction\",\"target\":[\"https:\\\/\\\/lykketegningtest.wp3.hcweb.dev\\\/illustrator\\\/\"]}]},{\"@type\":\"ImageObject\",\"inLanguage\":\"da-DK\",\"@id\":\"https:\\\/\\\/lykketegningtest.wp3.hcweb.dev\\\/illustrator\\\/#primaryimage\",\"url\":\"https:\\\/\\\/lykketegningtest.wp3.hcweb.dev\\\/wp-content\\\/uploads\\\/2024\\\/04\\\/08-Ingebjorg.jpeg\",\"contentUrl\":\"https:\\\/\\\/lykketegningtest.wp3.hcweb.dev\\\/wp-content\\\/uploads\\\/2024\\\/04\\\/08-Ingebjorg.jpeg\"},{\"@type\":\"BreadcrumbList\",\"@id\":\"https:\\\/\\\/lykketegningtest.wp3.hcweb.dev\\\/illustrator\\\/#breadcrumb\",\"itemListElement\":[{\"@type\":\"ListItem\",\"position\":1,\"name\":\"Hjem\",\"item\":\"https:\\\/\\\/lykketegningtest.wp3.hcweb.dev\\\/\"},{\"@type\":\"ListItem\",\"position\":2,\"name\":\"Illustrat\u00f8r\"}]},{\"@type\":\"WebSite\",\"@id\":\"https:\\\/\\\/lykketegningtest.wp3.hcweb.dev\\\/#website\",\"url\":\"https:\\\/\\\/lykketegningtest.wp3.hcweb.dev\\\/\",\"name\":\"LYKKETEGNING ILLUSTRAT\u00d8R\",\"description\":\"\",\"publisher\":{\"@id\":\"https:\\\/\\\/lykketegningtest.wp3.hcweb.dev\\\/#organization\"},\"potentialAction\":[{\"@type\":\"SearchAction\",\"target\":{\"@type\":\"EntryPoint\",\"urlTemplate\":\"https:\\\/\\\/lykketegningtest.wp3.hcweb.dev\\\/?s={search_term_string}\"},\"query-input\":{\"@type\":\"PropertyValueSpecification\",\"valueRequired\":true,\"valueName\":\"search_term_string\"}}],\"inLanguage\":\"da-DK\"},{\"@type\":\"Organization\",\"@id\":\"https:\\\/\\\/lykketegningtest.wp3.hcweb.dev\\\/#organization\",\"name\":\"LYKKETEGNING ILLUSTRAT\u00d8R\",\"url\":\"https:\\\/\\\/lykketegningtest.wp3.hcweb.dev\\\/\",\"logo\":{\"@type\":\"ImageObject\",\"inLanguage\":\"da-DK\",\"@id\":\"https:\\\/\\\/lykketegningtest.wp3.hcweb.dev\\\/#\\\/schema\\\/logo\\\/image\\\/\",\"url\":\"https:\\\/\\\/lykketegningtest.wp3.hcweb.dev\\\/wp-content\\\/uploads\\\/2020\\\/03\\\/Logo2020_h400px.jpg\",\"contentUrl\":\"https:\\\/\\\/lykketegningtest.wp3.hcweb.dev\\\/wp-content\\\/uploads\\\/2020\\\/03\\\/Logo2020_h400px.jpg\",\"width\":1024,\"height\":400,\"caption\":\"LYKKETEGNING ILLUSTRAT\u00d8R\"},\"image\":{\"@id\":\"https:\\\/\\\/lykketegningtest.wp3.hcweb.dev\\\/#\\\/schema\\\/logo\\\/image\\\/\"},\"sameAs\":[\"https:\\\/\\\/www.facebook.com\\\/lykketegning\\\/\",\"https:\\\/\\\/www.instagram.com\\\/lykketegning\\\/\",\"https:\\\/\\\/www.youtube.com\\\/@lykketegningillustrations\",\"https:\\\/\\\/www.tiktok.com\\\/@lykketegningillustration\"]}]}<\/script>\n<!-- \/ Yoast SEO plugin. -->","yoast_head_json":{"title":"Illustrator - LYKKETEGNING ILLUSTRAT\u00d8R","robots":{"index":"noindex","follow":"follow","max-snippet":"max-snippet:-1","max-image-preview":"max-image-preview:large","max-video-preview":"max-video-preview:-1"},"og_locale":"da_DK","og_type":"article","og_title":"Illustrat\u00f8r - LYKKETEGNING ILLUSTRAT\u00d8R","og_description":"Velkommen til Lykketegning! Hvem lager Lykketegning? Jeg heter Ingebj\u00f8rg Rang\u00f8y Sj\u00e5land og er illustrat\u00f8ren bak Lykketegning. Jeg er utdannet barnevernspedagog og har i mange \u00e5r arbeidet med d\u00f8ve barn i Danmark og i Norge. 46 \u00e5r gammel, mamma til to ungdommer og gift med verdens beste mann. Avdanka h\u00e5ndballspiller og engasjert kordirigent. Hvordan det hele&hellip;","og_url":"https:\/\/lykketegningtest.wp3.hcweb.dev\/da\/illustrator\/","og_site_name":"LYKKETEGNING ILLUSTRAT\u00d8R","article_publisher":"https:\/\/www.facebook.com\/lykketegning\/","article_modified_time":"2026-02-17T07:47:59+00:00","og_image":[{"url":"https:\/\/lykketegningtest.wp3.hcweb.dev\/wp-content\/uploads\/2024\/04\/08-Ingebjorg.jpeg","type":"","width":"","height":""}],"twitter_card":"summary_large_image","twitter_misc":{"Estimeret l\u00e6setid":"4 minutter"},"schema":{"@context":"https:\/\/schema.org","@graph":[{"@type":"WebPage","@id":"https:\/\/lykketegningtest.wp3.hcweb.dev\/illustrator\/","url":"https:\/\/lykketegningtest.wp3.hcweb.dev\/illustrator\/","name":"Illustrator - LYKKETEGNING ILLUSTRAT\u00d8R","isPartOf":{"@id":"https:\/\/lykketegningtest.wp3.hcweb.dev\/#website"},"primaryImageOfPage":{"@id":"https:\/\/lykketegningtest.wp3.hcweb.dev\/illustrator\/#primaryimage"},"image":{"@id":"https:\/\/lykketegningtest.wp3.hcweb.dev\/illustrator\/#primaryimage"},"thumbnailUrl":"https:\/\/lykketegningtest.wp3.hcweb.dev\/wp-content\/uploads\/2024\/04\/08-Ingebjorg.jpeg","datePublished":"2017-08-17T20:04:47+00:00","dateModified":"2026-02-17T07:47:59+00:00","breadcrumb":{"@id":"https:\/\/lykketegningtest.wp3.hcweb.dev\/illustrator\/#breadcrumb"},"inLanguage":"da-DK","potentialAction":[{"@type":"ReadAction","target":["https:\/\/lykketegningtest.wp3.hcweb.dev\/illustrator\/"]}]},{"@type":"ImageObject","inLanguage":"da-DK","@id":"https:\/\/lykketegningtest.wp3.hcweb.dev\/illustrator\/#primaryimage","url":"https:\/\/lykketegningtest.wp3.hcweb.dev\/wp-content\/uploads\/2024\/04\/08-Ingebjorg.jpeg","contentUrl":"https:\/\/lykketegningtest.wp3.hcweb.dev\/wp-content\/uploads\/2024\/04\/08-Ingebjorg.jpeg"},{"@type":"BreadcrumbList","@id":"https:\/\/lykketegningtest.wp3.hcweb.dev\/illustrator\/#breadcrumb","itemListElement":[{"@type":"ListItem","position":1,"name":"Hjem","item":"https:\/\/lykketegningtest.wp3.hcweb.dev\/"},{"@type":"ListItem","position":2,"name":"Illustrat\u00f8r"}]},{"@type":"WebSite","@id":"https:\/\/lykketegningtest.wp3.hcweb.dev\/#website","url":"https:\/\/lykketegningtest.wp3.hcweb.dev\/","name":"LYKKETEGNING ILLUSTRATOR","description":"","publisher":{"@id":"https:\/\/lykketegningtest.wp3.hcweb.dev\/#organization"},"potentialAction":[{"@type":"SearchAction","target":{"@type":"EntryPoint","urlTemplate":"https:\/\/lykketegningtest.wp3.hcweb.dev\/?s={search_term_string}"},"query-input":{"@type":"PropertyValueSpecification","valueRequired":true,"valueName":"search_term_string"}}],"inLanguage":"da-DK"},{"@type":"Organization","@id":"https:\/\/lykketegningtest.wp3.hcweb.dev\/#organization","name":"LYKKETEGNING ILLUSTRATOR","url":"https:\/\/lykketegningtest.wp3.hcweb.dev\/","logo":{"@type":"ImageObject","inLanguage":"da-DK","@id":"https:\/\/lykketegningtest.wp3.hcweb.dev\/#\/schema\/logo\/image\/","url":"https:\/\/lykketegningtest.wp3.hcweb.dev\/wp-content\/uploads\/2020\/03\/Logo2020_h400px.jpg","contentUrl":"https:\/\/lykketegningtest.wp3.hcweb.dev\/wp-content\/uploads\/2020\/03\/Logo2020_h400px.jpg","width":1024,"height":400,"caption":"LYKKETEGNING ILLUSTRAT\u00d8R"},"image":{"@id":"https:\/\/lykketegningtest.wp3.hcweb.dev\/#\/schema\/logo\/image\/"},"sameAs":["https:\/\/www.facebook.com\/lykketegning\/","https:\/\/www.instagram.com\/lykketegning\/","https:\/\/www.youtube.com\/@lykketegningillustrations","https:\/\/www.tiktok.com\/@lykketegningillustration"]}]}},"_links":{"self":[{"href":"https:\/\/lykketegningtest.wp3.hcweb.dev\/da\/wp-json\/wp\/v2\/pages\/2871","targetHints":{"allow":["GET"]}}],"collection":[{"href":"https:\/\/lykketegningtest.wp3.hcweb.dev\/da\/wp-json\/wp\/v2\/pages"}],"about":[{"href":"https:\/\/lykketegningtest.wp3.hcweb.dev\/da\/wp-json\/wp\/v2\/types\/page"}],"author":[{"embeddable":true,"href":"https:\/\/lykketegningtest.wp3.hcweb.dev\/da\/wp-json\/wp\/v2\/users\/2008"}],"replies":[{"embeddable":true,"href":"https:\/\/lykketegningtest.wp3.hcweb.dev\/da\/wp-json\/wp\/v2\/comments?post=2871"}],"version-history":[{"count":0,"href":"https:\/\/lykketegningtest.wp3.hcweb.dev\/da\/wp-json\/wp\/v2\/pages\/2871\/revisions"}],"wp:attachment":[{"href":"https:\/\/lykketegningtest.wp3.hcweb.dev\/da\/wp-json\/wp\/v2\/media?parent=2871"}],"curies":[{"name":"wp","href":"https:\/\/api.w.org\/{rel}","templated":true}]}}