{"id":36930,"date":"2022-01-04T10:08:29","date_gmt":"2022-01-04T09:08:29","guid":{"rendered":"https:\/\/www-lykketegning.wp3.hcweb.dev\/fornyelse\/?post_type=product&#038;p=36930"},"modified":"2026-02-02T09:53:32","modified_gmt":"2026-02-02T08:53:32","slug":"tegning-det-eneste-som-er-bedre","status":"publish","type":"product","link":"https:\/\/lykketegningtest.wp3.hcweb.dev\/da\/vare\/tegning-det-eneste-som-er-bedre\/","title":{"rendered":"Tegning \"Det eneste, der er bedre ...\""},"content":{"rendered":"<h2>Det eneste, der er bedre end at have dig som mor, er, at vores b\u00f8rn f\u00e5r dig som mormor!<\/h2>\n<p style=\"text-align: left;\">Illustration i A4-st\u00f8rrelse uden ramme. Tekst og h\u00e5rfarve kan bestilles, tilf\u00f8j venligst en note.<\/p>\n<h2>Personlige illustrationer!<\/h2>\n<p>Unikke, h\u00e5ndtegnede motiver skabt efter dine \u00f8nsker. Perfekt til gaver eller personlig tilpasning. Perfekt til gaver eller din egen forn\u00f8jelse.<\/p>\n<p>Hvis du vil have en unik tegning, koster det fra 1500 SEK for en A4.<\/p>\n<p>Skriv i kommentarfeltet, hvad du gerne vil se. Husk at skrive h\u00f8jde, h\u00e5rfarve og h\u00e5rtype p\u00e5 dem, du gerne vil have med. Jeg sender dig f\u00f8rst en grovskitse, som du kan rette i, og derefter f\u00e6rdigg\u00f8r jeg illustrationerne og sender dem til dig med posten. Hvis der er mere end 5 personer, bedes du kontakte mig for en pris. Send en e-mail til post@lykketegning.no for mere information.<\/p>\n<p>&nbsp;<\/p>","protected":false},"excerpt":{"rendered":"<h2>Personlige illustrationer!<\/h2>\n<p>Unikke, h\u00e5ndtegnede motiver skabt efter dine \u00f8nsker. Perfekt til gaver eller personlig tilpasning. Perfekt til gaver eller din egen forn\u00f8jelse.<\/p>\n<p>Hvis du vil have en unik tegning, koster det fra 1500 SEK for en A4.<\/p>\n<p>Skriv i kommentarfeltet, hvad du gerne vil se. Husk at skrive h\u00f8jde, h\u00e5rfarve og h\u00e5rtype p\u00e5 dem, du gerne vil have med. Jeg sender dig f\u00f8rst en grovskitse, som du kan rette i, og derefter f\u00e6rdigg\u00f8r jeg illustrationerne og sender dem til dig med posten. Hvis der er mere end 5 personer, bedes du kontakte mig for en pris. Send en e-mail til post@lykketegning.no for mere information.<\/p>","protected":false},"featured_media":41903,"comment_status":"open","ping_status":"closed","template":"","meta":[],"product_brand":[],"product_cat":[166,167,165],"product_tag":[437,275,438,77,439,50],"class_list":{"0":"post-36930","1":"product","2":"type-product","3":"status-publish","4":"has-post-thumbnail","6":"product_cat-barn","7":"product_cat-familietegning","8":"product_cat-handtegnede-unike-illustrasjoner","9":"product_tag-bestmor","10":"product_tag-mamma","11":"product_tag-mormor","12":"product_tag-morsdag","13":"product_tag-morsdagsgave","14":"product_tag-tegning","16":"first","17":"instock","18":"purchasable","19":"product-type-simple"},"yoast_head":"<!-- This site is optimized with the Yoast SEO plugin v27.5 - https:\/\/yoast.com\/product\/yoast-seo-wordpress\/ -->\n<title>Tegning &quot;Det eneste som er bedre..&quot; - LYKKETEGNING ILLUSTRAT\u00d8R<\/title>\n<meta name=\"description\" content=\"Det eneste som er bedre enn \u00e5 ha deg som mamma er at v\u00e5re barn f\u00e5r ha deg som bestemor! Lykketegning til mamma og bestemor.\" \/>\n<meta name=\"robots\" content=\"noindex, follow, max-snippet:-1, max-image-preview:large, max-video-preview:-1\" \/>\n<meta property=\"og:locale\" content=\"da_DK\" \/>\n<meta property=\"og:type\" content=\"article\" \/>\n<meta property=\"og:title\" content=\"Tegning &quot;Det eneste som er bedre..&quot; - LYKKETEGNING ILLUSTRAT\u00d8R\" \/>\n<meta property=\"og:description\" content=\"Det eneste som er bedre enn \u00e5 ha deg som mamma er at v\u00e5re barn f\u00e5r ha deg som bestemor! Lykketegning til mamma og bestemor.\" \/>\n<meta property=\"og:url\" content=\"https:\/\/lykketegningtest.wp3.hcweb.dev\/da\/product-2\/zeichnen-das-einzige-was-besser-ist\/\" \/>\n<meta property=\"og:site_name\" content=\"LYKKETEGNING ILLUSTRAT\u00d8R\" \/>\n<meta property=\"article:publisher\" content=\"https:\/\/www.facebook.com\/lykketegning\/\" \/>\n<meta property=\"article:modified_time\" content=\"2026-02-02T08:53:32+00:00\" \/>\n<meta property=\"og:image\" content=\"https:\/\/www.lykketegning.no\/wp-content\/uploads\/2022\/01\/IMG_7033-scaled.jpg\" \/>\n\t<meta property=\"og:image:width\" content=\"1810\" \/>\n\t<meta property=\"og:image:height\" content=\"2560\" \/>\n\t<meta property=\"og:image:type\" content=\"image\/jpeg\" \/>\n<meta name=\"twitter:card\" content=\"summary_large_image\" \/>\n<meta name=\"twitter:label1\" content=\"Estimeret l\u00e6setid\" \/>\n\t<meta name=\"twitter:data1\" content=\"1 minut\" \/>\n<script type=\"application\/ld+json\" class=\"yoast-schema-graph\">{\"@context\":\"https:\\\/\\\/schema.org\",\"@graph\":[{\"@type\":\"WebPage\",\"@id\":\"https:\\\/\\\/lykketegningtest.wp3.hcweb.dev\\\/de\\\/product-2\\\/zeichnen-das-einzige-was-besser-ist\\\/\",\"url\":\"https:\\\/\\\/lykketegningtest.wp3.hcweb.dev\\\/de\\\/product-2\\\/zeichnen-das-einzige-was-besser-ist\\\/\",\"name\":\"Tegning \\\"Det eneste som er bedre..\\\" - LYKKETEGNING ILLUSTRAT\u00d8R\",\"isPartOf\":{\"@id\":\"https:\\\/\\\/lykketegningtest.wp3.hcweb.dev\\\/#website\"},\"primaryImageOfPage\":{\"@id\":\"https:\\\/\\\/lykketegningtest.wp3.hcweb.dev\\\/de\\\/product-2\\\/zeichnen-das-einzige-was-besser-ist\\\/#primaryimage\"},\"image\":{\"@id\":\"https:\\\/\\\/lykketegningtest.wp3.hcweb.dev\\\/de\\\/product-2\\\/zeichnen-das-einzige-was-besser-ist\\\/#primaryimage\"},\"thumbnailUrl\":\"https:\\\/\\\/lykketegningtest.wp3.hcweb.dev\\\/wp-content\\\/uploads\\\/2022\\\/01\\\/IMG_7033-scaled.jpg\",\"datePublished\":\"2022-01-04T09:08:29+00:00\",\"dateModified\":\"2026-02-02T08:53:32+00:00\",\"description\":\"Det eneste som er bedre enn \u00e5 ha deg som mamma er at v\u00e5re barn f\u00e5r ha deg som bestemor! Lykketegning til mamma og bestemor.\",\"breadcrumb\":{\"@id\":\"https:\\\/\\\/lykketegningtest.wp3.hcweb.dev\\\/de\\\/product-2\\\/zeichnen-das-einzige-was-besser-ist\\\/#breadcrumb\"},\"inLanguage\":\"da-DK\",\"potentialAction\":[{\"@type\":\"ReadAction\",\"target\":[\"https:\\\/\\\/lykketegningtest.wp3.hcweb.dev\\\/de\\\/product-2\\\/zeichnen-das-einzige-was-besser-ist\\\/\"]}]},{\"@type\":\"ImageObject\",\"inLanguage\":\"da-DK\",\"@id\":\"https:\\\/\\\/lykketegningtest.wp3.hcweb.dev\\\/de\\\/product-2\\\/zeichnen-das-einzige-was-besser-ist\\\/#primaryimage\",\"url\":\"https:\\\/\\\/lykketegningtest.wp3.hcweb.dev\\\/wp-content\\\/uploads\\\/2022\\\/01\\\/IMG_7033-scaled.jpg\",\"contentUrl\":\"https:\\\/\\\/lykketegningtest.wp3.hcweb.dev\\\/wp-content\\\/uploads\\\/2022\\\/01\\\/IMG_7033-scaled.jpg\",\"width\":1810,\"height\":2560},{\"@type\":\"BreadcrumbList\",\"@id\":\"https:\\\/\\\/lykketegningtest.wp3.hcweb.dev\\\/de\\\/product-2\\\/zeichnen-das-einzige-was-besser-ist\\\/#breadcrumb\",\"itemListElement\":[{\"@type\":\"ListItem\",\"position\":1,\"name\":\"Hjem\",\"item\":\"https:\\\/\\\/lykketegningtest.wp3.hcweb.dev\\\/\"},{\"@type\":\"ListItem\",\"position\":2,\"name\":\"Shop\",\"item\":\"https:\\\/\\\/lykketegningtest.wp3.hcweb.dev\\\/sv\\\/webbutik\\\/\"},{\"@type\":\"ListItem\",\"position\":3,\"name\":\"Tegning &#8220;Det eneste som er bedre..&#8221;\"}]},{\"@type\":\"WebSite\",\"@id\":\"https:\\\/\\\/lykketegningtest.wp3.hcweb.dev\\\/#website\",\"url\":\"https:\\\/\\\/lykketegningtest.wp3.hcweb.dev\\\/\",\"name\":\"LYKKETEGNING ILLUSTRAT\u00d8R\",\"description\":\"\",\"publisher\":{\"@id\":\"https:\\\/\\\/lykketegningtest.wp3.hcweb.dev\\\/#organization\"},\"potentialAction\":[{\"@type\":\"SearchAction\",\"target\":{\"@type\":\"EntryPoint\",\"urlTemplate\":\"https:\\\/\\\/lykketegningtest.wp3.hcweb.dev\\\/?s={search_term_string}\"},\"query-input\":{\"@type\":\"PropertyValueSpecification\",\"valueRequired\":true,\"valueName\":\"search_term_string\"}}],\"inLanguage\":\"da-DK\"},{\"@type\":\"Organization\",\"@id\":\"https:\\\/\\\/lykketegningtest.wp3.hcweb.dev\\\/#organization\",\"name\":\"LYKKETEGNING ILLUSTRAT\u00d8R\",\"url\":\"https:\\\/\\\/lykketegningtest.wp3.hcweb.dev\\\/\",\"logo\":{\"@type\":\"ImageObject\",\"inLanguage\":\"da-DK\",\"@id\":\"https:\\\/\\\/lykketegningtest.wp3.hcweb.dev\\\/#\\\/schema\\\/logo\\\/image\\\/\",\"url\":\"https:\\\/\\\/lykketegningtest.wp3.hcweb.dev\\\/wp-content\\\/uploads\\\/2020\\\/03\\\/Logo2020_h400px.jpg\",\"contentUrl\":\"https:\\\/\\\/lykketegningtest.wp3.hcweb.dev\\\/wp-content\\\/uploads\\\/2020\\\/03\\\/Logo2020_h400px.jpg\",\"width\":1024,\"height\":400,\"caption\":\"LYKKETEGNING ILLUSTRAT\u00d8R\"},\"image\":{\"@id\":\"https:\\\/\\\/lykketegningtest.wp3.hcweb.dev\\\/#\\\/schema\\\/logo\\\/image\\\/\"},\"sameAs\":[\"https:\\\/\\\/www.facebook.com\\\/lykketegning\\\/\",\"https:\\\/\\\/www.instagram.com\\\/lykketegning\\\/\",\"https:\\\/\\\/www.youtube.com\\\/@lykketegningillustrations\",\"https:\\\/\\\/www.tiktok.com\\\/@lykketegningillustration\"]}]}<\/script>\n<!-- \/ Yoast SEO plugin. -->","yoast_head_json":{"title":"Tegning \"Det eneste, der er bedre ...\" - HELDIG TEGNING ILLUSTRATOR","description":"Det eneste, der er bedre end at have dig som mor, er, at vores b\u00f8rn f\u00e5r dig som bedstemor! Lykketegning for mor og bedstemor.","robots":{"index":"noindex","follow":"follow","max-snippet":"max-snippet:-1","max-image-preview":"max-image-preview:large","max-video-preview":"max-video-preview:-1"},"og_locale":"da_DK","og_type":"article","og_title":"Tegning \"Det eneste som er bedre..\" - LYKKETEGNING ILLUSTRAT\u00d8R","og_description":"Det eneste som er bedre enn \u00e5 ha deg som mamma er at v\u00e5re barn f\u00e5r ha deg som bestemor! Lykketegning til mamma og bestemor.","og_url":"https:\/\/lykketegningtest.wp3.hcweb.dev\/da\/product-2\/zeichnen-das-einzige-was-besser-ist\/","og_site_name":"LYKKETEGNING ILLUSTRAT\u00d8R","article_publisher":"https:\/\/www.facebook.com\/lykketegning\/","article_modified_time":"2026-02-02T08:53:32+00:00","og_image":[{"width":1810,"height":2560,"url":"https:\/\/www.lykketegning.no\/wp-content\/uploads\/2022\/01\/IMG_7033-scaled.jpg","type":"image\/jpeg"}],"twitter_card":"summary_large_image","twitter_misc":{"Estimeret l\u00e6setid":"1 minut"},"schema":{"@context":"https:\/\/schema.org","@graph":[{"@type":"WebPage","@id":"https:\/\/lykketegningtest.wp3.hcweb.dev\/de\/product-2\/zeichnen-das-einzige-was-besser-ist\/","url":"https:\/\/lykketegningtest.wp3.hcweb.dev\/de\/product-2\/zeichnen-das-einzige-was-besser-ist\/","name":"Tegning \"Det eneste, der er bedre ...\" - HELDIG TEGNING ILLUSTRATOR","isPartOf":{"@id":"https:\/\/lykketegningtest.wp3.hcweb.dev\/#website"},"primaryImageOfPage":{"@id":"https:\/\/lykketegningtest.wp3.hcweb.dev\/de\/product-2\/zeichnen-das-einzige-was-besser-ist\/#primaryimage"},"image":{"@id":"https:\/\/lykketegningtest.wp3.hcweb.dev\/de\/product-2\/zeichnen-das-einzige-was-besser-ist\/#primaryimage"},"thumbnailUrl":"https:\/\/lykketegningtest.wp3.hcweb.dev\/wp-content\/uploads\/2022\/01\/IMG_7033-scaled.jpg","datePublished":"2022-01-04T09:08:29+00:00","dateModified":"2026-02-02T08:53:32+00:00","description":"Det eneste, der er bedre end at have dig som mor, er, at vores b\u00f8rn f\u00e5r dig som bedstemor! Lykketegning for mor og bedstemor.","breadcrumb":{"@id":"https:\/\/lykketegningtest.wp3.hcweb.dev\/de\/product-2\/zeichnen-das-einzige-was-besser-ist\/#breadcrumb"},"inLanguage":"da-DK","potentialAction":[{"@type":"ReadAction","target":["https:\/\/lykketegningtest.wp3.hcweb.dev\/de\/product-2\/zeichnen-das-einzige-was-besser-ist\/"]}]},{"@type":"ImageObject","inLanguage":"da-DK","@id":"https:\/\/lykketegningtest.wp3.hcweb.dev\/de\/product-2\/zeichnen-das-einzige-was-besser-ist\/#primaryimage","url":"https:\/\/lykketegningtest.wp3.hcweb.dev\/wp-content\/uploads\/2022\/01\/IMG_7033-scaled.jpg","contentUrl":"https:\/\/lykketegningtest.wp3.hcweb.dev\/wp-content\/uploads\/2022\/01\/IMG_7033-scaled.jpg","width":1810,"height":2560},{"@type":"BreadcrumbList","@id":"https:\/\/lykketegningtest.wp3.hcweb.dev\/de\/product-2\/zeichnen-das-einzige-was-besser-ist\/#breadcrumb","itemListElement":[{"@type":"ListItem","position":1,"name":"Hjem","item":"https:\/\/lykketegningtest.wp3.hcweb.dev\/"},{"@type":"ListItem","position":2,"name":"Shop","item":"https:\/\/lykketegningtest.wp3.hcweb.dev\/sv\/webbutik\/"},{"@type":"ListItem","position":3,"name":"Tegning &#8220;Det eneste som er bedre..&#8221;"}]},{"@type":"WebSite","@id":"https:\/\/lykketegningtest.wp3.hcweb.dev\/#website","url":"https:\/\/lykketegningtest.wp3.hcweb.dev\/","name":"LYKKETEGNING ILLUSTRATOR","description":"","publisher":{"@id":"https:\/\/lykketegningtest.wp3.hcweb.dev\/#organization"},"potentialAction":[{"@type":"SearchAction","target":{"@type":"EntryPoint","urlTemplate":"https:\/\/lykketegningtest.wp3.hcweb.dev\/?s={search_term_string}"},"query-input":{"@type":"PropertyValueSpecification","valueRequired":true,"valueName":"search_term_string"}}],"inLanguage":"da-DK"},{"@type":"Organization","@id":"https:\/\/lykketegningtest.wp3.hcweb.dev\/#organization","name":"LYKKETEGNING ILLUSTRATOR","url":"https:\/\/lykketegningtest.wp3.hcweb.dev\/","logo":{"@type":"ImageObject","inLanguage":"da-DK","@id":"https:\/\/lykketegningtest.wp3.hcweb.dev\/#\/schema\/logo\/image\/","url":"https:\/\/lykketegningtest.wp3.hcweb.dev\/wp-content\/uploads\/2020\/03\/Logo2020_h400px.jpg","contentUrl":"https:\/\/lykketegningtest.wp3.hcweb.dev\/wp-content\/uploads\/2020\/03\/Logo2020_h400px.jpg","width":1024,"height":400,"caption":"LYKKETEGNING ILLUSTRAT\u00d8R"},"image":{"@id":"https:\/\/lykketegningtest.wp3.hcweb.dev\/#\/schema\/logo\/image\/"},"sameAs":["https:\/\/www.facebook.com\/lykketegning\/","https:\/\/www.instagram.com\/lykketegning\/","https:\/\/www.youtube.com\/@lykketegningillustrations","https:\/\/www.tiktok.com\/@lykketegningillustration"]}]}},"_links":{"self":[{"href":"https:\/\/lykketegningtest.wp3.hcweb.dev\/da\/wp-json\/wp\/v2\/product\/36930","targetHints":{"allow":["GET"]}}],"collection":[{"href":"https:\/\/lykketegningtest.wp3.hcweb.dev\/da\/wp-json\/wp\/v2\/product"}],"about":[{"href":"https:\/\/lykketegningtest.wp3.hcweb.dev\/da\/wp-json\/wp\/v2\/types\/product"}],"replies":[{"embeddable":true,"href":"https:\/\/lykketegningtest.wp3.hcweb.dev\/da\/wp-json\/wp\/v2\/comments?post=36930"}],"wp:featuredmedia":[{"embeddable":true,"href":"https:\/\/lykketegningtest.wp3.hcweb.dev\/da\/wp-json\/wp\/v2\/media\/41903"}],"wp:attachment":[{"href":"https:\/\/lykketegningtest.wp3.hcweb.dev\/da\/wp-json\/wp\/v2\/media?parent=36930"}],"wp:term":[{"taxonomy":"product_brand","embeddable":true,"href":"https:\/\/lykketegningtest.wp3.hcweb.dev\/da\/wp-json\/wp\/v2\/product_brand?post=36930"},{"taxonomy":"product_cat","embeddable":true,"href":"https:\/\/lykketegningtest.wp3.hcweb.dev\/da\/wp-json\/wp\/v2\/product_cat?post=36930"},{"taxonomy":"product_tag","embeddable":true,"href":"https:\/\/lykketegningtest.wp3.hcweb.dev\/da\/wp-json\/wp\/v2\/product_tag?post=36930"}],"curies":[{"name":"wp","href":"https:\/\/api.w.org\/{rel}","templated":true}]}}