{"id":37192,"date":"2023-04-01T17:11:07","date_gmt":"2023-04-01T15:11:07","guid":{"rendered":"https:\/\/www-lykketegning.wp3.hcweb.dev\/fornyelse\/?post_type=product&#038;p=37192"},"modified":"2025-12-19T03:36:36","modified_gmt":"2025-12-19T02:36:36","slug":"champagneglass-fyll-livet-med-det-som-godt-er","status":"publish","type":"product","link":"https:\/\/lykketegningtest.wp3.hcweb.dev\/da\/vare\/champagneglass-fyll-livet-med-det-som-godt-er\/","title":{"rendered":"Champagneglas ; Fyld dit liv med det, der er godt"},"content":{"rendered":"<div class=\"product attribute sap-more-information description\">\n<div class=\"value\">Champagneglas med smukt design og indgravering. \"Glassene er perfekte til mousserende vine, men ogs\u00e5 gode til at servere en frisk juice, cocktail eller l\u00e6kre desserter. Med klare linjer og gode citater \u00f8nsker Lykketegning at f\u00e5 dig til at stoppe op et \u00f8jeblik, tage en dyb ind\u00e5nding og derefter s\u00e6tte en god kurs fremad.<\/div>\n<div><\/div>\n<div class=\"value\">Kan reng\u00f8res i opvaskemaskinen.<\/div>\n<\/div>\n<div class=\"page-title-wrapper product\">\n<h1 class=\"page-title\"><span class=\"base\" style=\"font-size: 18pt;\" data-ui-id=\"page-title-wrapper\">Lucky drawing - Champagneglas - 35 cl<\/span><\/h1>\n<\/div>\n<div class=\"product attribute brand\">\n<div class=\"value\">Heldig lodtr\u00e6kning<\/div>\n<\/div>\n<div class=\"product-attributes-container\">\n<div class=\"product attribute sap-additional-information\">\n<div class=\"value\">D9,5 H16 cm, , 35 cl, Krystal, Klar. Indgraveret tekst. I gave\u00e6ske.<\/div>\n<\/div>\n<\/div>","protected":false},"excerpt":{"rendered":"<div class=\"product attribute sap-more-information description\">\n<div class=\"value\">Champagneglas med smukt design og indgravering. \"Glassene er perfekte til mousserende vine, men ogs\u00e5 gode til at servere en frisk juice, cocktail eller l\u00e6kre desserter. Med klare linjer og gode citater \u00f8nsker Lykketegning at f\u00e5 dig til at stoppe op et \u00f8jeblik, tage en dyb ind\u00e5nding og derefter s\u00e6tte en god kurs fremad.<\/div>\n<div><\/div>\n<div class=\"value\">Kan reng\u00f8res i opvaskemaskinen.<\/div>\n<\/div>\n<div class=\"page-title-wrapper product\">\n<h1 class=\"page-title\"><span class=\"base\" style=\"font-size: 18pt;\" data-ui-id=\"page-title-wrapper\">Lucky drawing - Champagneglas - 35 cl<\/span><\/h1>\n<\/div>\n<div class=\"product attribute brand\">\n<div class=\"value\">Heldig lodtr\u00e6kning<\/div>\n<\/div>\n<div class=\"product-attributes-container\">\n<div class=\"product attribute sap-additional-information\">\n<div class=\"value\">D9,5 H16 cm, , 35 cl, Krystal, Klar. Indgraveret tekst. I gave\u00e6ske.<\/div>\n<\/div>\n<\/div>","protected":false},"featured_media":37194,"comment_status":"open","ping_status":"closed","template":"","meta":[],"product_brand":[],"product_cat":[197],"product_tag":[],"class_list":{"0":"post-37192","1":"product","2":"type-product","3":"status-publish","4":"has-post-thumbnail","6":"product_cat-graverte-vinglass-champagneglass","8":"first","9":"outofstock","10":"taxable","11":"shipping-taxable","12":"purchasable","13":"product-type-simple"},"yoast_head":"<!-- This site is optimized with the Yoast SEO plugin v27.5 - https:\/\/yoast.com\/product\/yoast-seo-wordpress\/ -->\n<title>Champagneglass ; Fyll livet med det som godt er - LYKKETEGNING ILLUSTRAT\u00d8R<\/title>\n<meta name=\"robots\" content=\"noindex, follow, max-snippet:-1, max-image-preview:large, max-video-preview:-1\" \/>\n<meta property=\"og:locale\" content=\"da_DK\" \/>\n<meta property=\"og:type\" content=\"article\" \/>\n<meta property=\"og:title\" content=\"Champagneglass ; Fyll livet med det som godt er - LYKKETEGNING ILLUSTRAT\u00d8R\" \/>\n<meta property=\"og:description\" content=\"Champagnebeger med lekker utforming og gravering. &quot;Fyll livet med det som godt er&quot; Glassene er perfekt til sprudlende viner, men ogs\u00e5 lekre \u00e5 servere en frisk juice, cocktail eller nydelige desserter. Med klare linjer og gode sitater \u00f8nsker Lykketegning \u00e5 f\u00e5 deg til \u00e5 stoppe litt opp, trekke pusten godt og deretter sette en god kurs videre.  Kan rengj\u00f8res i oppvaskmaskin.   Lykketegning - Champagneglass - 35 cl   Lykketegning    D9,5 H16 cm, , 35 cl, Krystall, Klar. Gravert tekst. I gavekartong.\" \/>\n<meta property=\"og:url\" content=\"https:\/\/lykketegningtest.wp3.hcweb.dev\/da\/vare\/champagneglass-fyll-livet-med-det-som-godt-er\/\" \/>\n<meta property=\"og:site_name\" content=\"LYKKETEGNING ILLUSTRAT\u00d8R\" \/>\n<meta property=\"article:publisher\" content=\"https:\/\/www.facebook.com\/lykketegning\/\" \/>\n<meta property=\"article:modified_time\" content=\"2025-12-19T02:36:36+00:00\" \/>\n<meta property=\"og:image\" content=\"https:\/\/www.lykketegning.no\/wp-content\/uploads\/2024\/04\/46203399_gb.jpg\" \/>\n\t<meta property=\"og:image:width\" content=\"700\" \/>\n\t<meta property=\"og:image:height\" content=\"700\" \/>\n\t<meta property=\"og:image:type\" content=\"image\/jpeg\" \/>\n<meta name=\"twitter:card\" content=\"summary_large_image\" \/>\n<meta name=\"twitter:label1\" content=\"Estimeret l\u00e6setid\" \/>\n\t<meta name=\"twitter:data1\" content=\"1 minut\" \/>\n<script type=\"application\/ld+json\" class=\"yoast-schema-graph\">{\"@context\":\"https:\\\/\\\/schema.org\",\"@graph\":[{\"@type\":\"WebPage\",\"@id\":\"https:\\\/\\\/lykketegningtest.wp3.hcweb.dev\\\/produkt\\\/champagneglass-fyll-livet-med-det-som-godt-er\\\/\",\"url\":\"https:\\\/\\\/lykketegningtest.wp3.hcweb.dev\\\/produkt\\\/champagneglass-fyll-livet-med-det-som-godt-er\\\/\",\"name\":\"Champagneglass ; Fyll livet med det som godt er - LYKKETEGNING ILLUSTRAT\u00d8R\",\"isPartOf\":{\"@id\":\"https:\\\/\\\/lykketegningtest.wp3.hcweb.dev\\\/#website\"},\"primaryImageOfPage\":{\"@id\":\"https:\\\/\\\/lykketegningtest.wp3.hcweb.dev\\\/produkt\\\/champagneglass-fyll-livet-med-det-som-godt-er\\\/#primaryimage\"},\"image\":{\"@id\":\"https:\\\/\\\/lykketegningtest.wp3.hcweb.dev\\\/produkt\\\/champagneglass-fyll-livet-med-det-som-godt-er\\\/#primaryimage\"},\"thumbnailUrl\":\"https:\\\/\\\/lykketegningtest.wp3.hcweb.dev\\\/wp-content\\\/uploads\\\/2024\\\/04\\\/46203399_gb.jpg\",\"datePublished\":\"2023-04-01T15:11:07+00:00\",\"dateModified\":\"2025-12-19T02:36:36+00:00\",\"breadcrumb\":{\"@id\":\"https:\\\/\\\/lykketegningtest.wp3.hcweb.dev\\\/produkt\\\/champagneglass-fyll-livet-med-det-som-godt-er\\\/#breadcrumb\"},\"inLanguage\":\"da-DK\",\"potentialAction\":[{\"@type\":\"ReadAction\",\"target\":[\"https:\\\/\\\/lykketegningtest.wp3.hcweb.dev\\\/produkt\\\/champagneglass-fyll-livet-med-det-som-godt-er\\\/\"]}]},{\"@type\":\"ImageObject\",\"inLanguage\":\"da-DK\",\"@id\":\"https:\\\/\\\/lykketegningtest.wp3.hcweb.dev\\\/produkt\\\/champagneglass-fyll-livet-med-det-som-godt-er\\\/#primaryimage\",\"url\":\"https:\\\/\\\/lykketegningtest.wp3.hcweb.dev\\\/wp-content\\\/uploads\\\/2024\\\/04\\\/46203399_gb.jpg\",\"contentUrl\":\"https:\\\/\\\/lykketegningtest.wp3.hcweb.dev\\\/wp-content\\\/uploads\\\/2024\\\/04\\\/46203399_gb.jpg\",\"width\":700,\"height\":700},{\"@type\":\"BreadcrumbList\",\"@id\":\"https:\\\/\\\/lykketegningtest.wp3.hcweb.dev\\\/produkt\\\/champagneglass-fyll-livet-med-det-som-godt-er\\\/#breadcrumb\",\"itemListElement\":[{\"@type\":\"ListItem\",\"position\":1,\"name\":\"Hjem\",\"item\":\"https:\\\/\\\/lykketegningtest.wp3.hcweb.dev\\\/\"},{\"@type\":\"ListItem\",\"position\":2,\"name\":\"Shop\",\"item\":\"https:\\\/\\\/lykketegningtest.wp3.hcweb.dev\\\/sv\\\/webbutik\\\/\"},{\"@type\":\"ListItem\",\"position\":3,\"name\":\"Champagneglass ; Fyll livet med det som godt er\"}]},{\"@type\":\"WebSite\",\"@id\":\"https:\\\/\\\/lykketegningtest.wp3.hcweb.dev\\\/#website\",\"url\":\"https:\\\/\\\/lykketegningtest.wp3.hcweb.dev\\\/\",\"name\":\"LYKKETEGNING ILLUSTRAT\u00d8R\",\"description\":\"\",\"publisher\":{\"@id\":\"https:\\\/\\\/lykketegningtest.wp3.hcweb.dev\\\/#organization\"},\"potentialAction\":[{\"@type\":\"SearchAction\",\"target\":{\"@type\":\"EntryPoint\",\"urlTemplate\":\"https:\\\/\\\/lykketegningtest.wp3.hcweb.dev\\\/?s={search_term_string}\"},\"query-input\":{\"@type\":\"PropertyValueSpecification\",\"valueRequired\":true,\"valueName\":\"search_term_string\"}}],\"inLanguage\":\"da-DK\"},{\"@type\":\"Organization\",\"@id\":\"https:\\\/\\\/lykketegningtest.wp3.hcweb.dev\\\/#organization\",\"name\":\"LYKKETEGNING ILLUSTRAT\u00d8R\",\"url\":\"https:\\\/\\\/lykketegningtest.wp3.hcweb.dev\\\/\",\"logo\":{\"@type\":\"ImageObject\",\"inLanguage\":\"da-DK\",\"@id\":\"https:\\\/\\\/lykketegningtest.wp3.hcweb.dev\\\/#\\\/schema\\\/logo\\\/image\\\/\",\"url\":\"https:\\\/\\\/lykketegningtest.wp3.hcweb.dev\\\/wp-content\\\/uploads\\\/2020\\\/03\\\/Logo2020_h400px.jpg\",\"contentUrl\":\"https:\\\/\\\/lykketegningtest.wp3.hcweb.dev\\\/wp-content\\\/uploads\\\/2020\\\/03\\\/Logo2020_h400px.jpg\",\"width\":1024,\"height\":400,\"caption\":\"LYKKETEGNING ILLUSTRAT\u00d8R\"},\"image\":{\"@id\":\"https:\\\/\\\/lykketegningtest.wp3.hcweb.dev\\\/#\\\/schema\\\/logo\\\/image\\\/\"},\"sameAs\":[\"https:\\\/\\\/www.facebook.com\\\/lykketegning\\\/\",\"https:\\\/\\\/www.instagram.com\\\/lykketegning\\\/\",\"https:\\\/\\\/www.youtube.com\\\/@lykketegningillustrations\",\"https:\\\/\\\/www.tiktok.com\\\/@lykketegningillustration\"]}]}<\/script>\n<!-- \/ Yoast SEO plugin. -->","yoast_head_json":{"title":"Champagneglas ; Fyld dit liv med gode ting - LYKKETNING ILLUSTRAT\u00d8R","robots":{"index":"noindex","follow":"follow","max-snippet":"max-snippet:-1","max-image-preview":"max-image-preview:large","max-video-preview":"max-video-preview:-1"},"og_locale":"da_DK","og_type":"article","og_title":"Champagneglass ; Fyll livet med det som godt er - LYKKETEGNING ILLUSTRAT\u00d8R","og_description":"Champagnebeger med lekker utforming og gravering. \"Fyll livet med det som godt er\" Glassene er perfekt til sprudlende viner, men ogs\u00e5 lekre \u00e5 servere en frisk juice, cocktail eller nydelige desserter. Med klare linjer og gode sitater \u00f8nsker Lykketegning \u00e5 f\u00e5 deg til \u00e5 stoppe litt opp, trekke pusten godt og deretter sette en god kurs videre.  Kan rengj\u00f8res i oppvaskmaskin.   Lykketegning - Champagneglass - 35 cl   Lykketegning    D9,5 H16 cm, , 35 cl, Krystall, Klar. Gravert tekst. I gavekartong.","og_url":"https:\/\/lykketegningtest.wp3.hcweb.dev\/da\/vare\/champagneglass-fyll-livet-med-det-som-godt-er\/","og_site_name":"LYKKETEGNING ILLUSTRAT\u00d8R","article_publisher":"https:\/\/www.facebook.com\/lykketegning\/","article_modified_time":"2025-12-19T02:36:36+00:00","og_image":[{"width":700,"height":700,"url":"https:\/\/www.lykketegning.no\/wp-content\/uploads\/2024\/04\/46203399_gb.jpg","type":"image\/jpeg"}],"twitter_card":"summary_large_image","twitter_misc":{"Estimeret l\u00e6setid":"1 minut"},"schema":{"@context":"https:\/\/schema.org","@graph":[{"@type":"WebPage","@id":"https:\/\/lykketegningtest.wp3.hcweb.dev\/produkt\/champagneglass-fyll-livet-med-det-som-godt-er\/","url":"https:\/\/lykketegningtest.wp3.hcweb.dev\/produkt\/champagneglass-fyll-livet-med-det-som-godt-er\/","name":"Champagneglas ; Fyld dit liv med gode ting - LYKKETNING ILLUSTRAT\u00d8R","isPartOf":{"@id":"https:\/\/lykketegningtest.wp3.hcweb.dev\/#website"},"primaryImageOfPage":{"@id":"https:\/\/lykketegningtest.wp3.hcweb.dev\/produkt\/champagneglass-fyll-livet-med-det-som-godt-er\/#primaryimage"},"image":{"@id":"https:\/\/lykketegningtest.wp3.hcweb.dev\/produkt\/champagneglass-fyll-livet-med-det-som-godt-er\/#primaryimage"},"thumbnailUrl":"https:\/\/lykketegningtest.wp3.hcweb.dev\/wp-content\/uploads\/2024\/04\/46203399_gb.jpg","datePublished":"2023-04-01T15:11:07+00:00","dateModified":"2025-12-19T02:36:36+00:00","breadcrumb":{"@id":"https:\/\/lykketegningtest.wp3.hcweb.dev\/produkt\/champagneglass-fyll-livet-med-det-som-godt-er\/#breadcrumb"},"inLanguage":"da-DK","potentialAction":[{"@type":"ReadAction","target":["https:\/\/lykketegningtest.wp3.hcweb.dev\/produkt\/champagneglass-fyll-livet-med-det-som-godt-er\/"]}]},{"@type":"ImageObject","inLanguage":"da-DK","@id":"https:\/\/lykketegningtest.wp3.hcweb.dev\/produkt\/champagneglass-fyll-livet-med-det-som-godt-er\/#primaryimage","url":"https:\/\/lykketegningtest.wp3.hcweb.dev\/wp-content\/uploads\/2024\/04\/46203399_gb.jpg","contentUrl":"https:\/\/lykketegningtest.wp3.hcweb.dev\/wp-content\/uploads\/2024\/04\/46203399_gb.jpg","width":700,"height":700},{"@type":"BreadcrumbList","@id":"https:\/\/lykketegningtest.wp3.hcweb.dev\/produkt\/champagneglass-fyll-livet-med-det-som-godt-er\/#breadcrumb","itemListElement":[{"@type":"ListItem","position":1,"name":"Hjem","item":"https:\/\/lykketegningtest.wp3.hcweb.dev\/"},{"@type":"ListItem","position":2,"name":"Shop","item":"https:\/\/lykketegningtest.wp3.hcweb.dev\/sv\/webbutik\/"},{"@type":"ListItem","position":3,"name":"Champagneglass ; Fyll livet med det som godt er"}]},{"@type":"WebSite","@id":"https:\/\/lykketegningtest.wp3.hcweb.dev\/#website","url":"https:\/\/lykketegningtest.wp3.hcweb.dev\/","name":"LYKKETEGNING ILLUSTRATOR","description":"","publisher":{"@id":"https:\/\/lykketegningtest.wp3.hcweb.dev\/#organization"},"potentialAction":[{"@type":"SearchAction","target":{"@type":"EntryPoint","urlTemplate":"https:\/\/lykketegningtest.wp3.hcweb.dev\/?s={search_term_string}"},"query-input":{"@type":"PropertyValueSpecification","valueRequired":true,"valueName":"search_term_string"}}],"inLanguage":"da-DK"},{"@type":"Organization","@id":"https:\/\/lykketegningtest.wp3.hcweb.dev\/#organization","name":"LYKKETEGNING ILLUSTRATOR","url":"https:\/\/lykketegningtest.wp3.hcweb.dev\/","logo":{"@type":"ImageObject","inLanguage":"da-DK","@id":"https:\/\/lykketegningtest.wp3.hcweb.dev\/#\/schema\/logo\/image\/","url":"https:\/\/lykketegningtest.wp3.hcweb.dev\/wp-content\/uploads\/2020\/03\/Logo2020_h400px.jpg","contentUrl":"https:\/\/lykketegningtest.wp3.hcweb.dev\/wp-content\/uploads\/2020\/03\/Logo2020_h400px.jpg","width":1024,"height":400,"caption":"LYKKETEGNING ILLUSTRAT\u00d8R"},"image":{"@id":"https:\/\/lykketegningtest.wp3.hcweb.dev\/#\/schema\/logo\/image\/"},"sameAs":["https:\/\/www.facebook.com\/lykketegning\/","https:\/\/www.instagram.com\/lykketegning\/","https:\/\/www.youtube.com\/@lykketegningillustrations","https:\/\/www.tiktok.com\/@lykketegningillustration"]}]}},"_links":{"self":[{"href":"https:\/\/lykketegningtest.wp3.hcweb.dev\/da\/wp-json\/wp\/v2\/product\/37192","targetHints":{"allow":["GET"]}}],"collection":[{"href":"https:\/\/lykketegningtest.wp3.hcweb.dev\/da\/wp-json\/wp\/v2\/product"}],"about":[{"href":"https:\/\/lykketegningtest.wp3.hcweb.dev\/da\/wp-json\/wp\/v2\/types\/product"}],"replies":[{"embeddable":true,"href":"https:\/\/lykketegningtest.wp3.hcweb.dev\/da\/wp-json\/wp\/v2\/comments?post=37192"}],"wp:featuredmedia":[{"embeddable":true,"href":"https:\/\/lykketegningtest.wp3.hcweb.dev\/da\/wp-json\/wp\/v2\/media\/37194"}],"wp:attachment":[{"href":"https:\/\/lykketegningtest.wp3.hcweb.dev\/da\/wp-json\/wp\/v2\/media?parent=37192"}],"wp:term":[{"taxonomy":"product_brand","embeddable":true,"href":"https:\/\/lykketegningtest.wp3.hcweb.dev\/da\/wp-json\/wp\/v2\/product_brand?post=37192"},{"taxonomy":"product_cat","embeddable":true,"href":"https:\/\/lykketegningtest.wp3.hcweb.dev\/da\/wp-json\/wp\/v2\/product_cat?post=37192"},{"taxonomy":"product_tag","embeddable":true,"href":"https:\/\/lykketegningtest.wp3.hcweb.dev\/da\/wp-json\/wp\/v2\/product_tag?post=37192"}],"curies":[{"name":"wp","href":"https:\/\/api.w.org\/{rel}","templated":true}]}}