{"id":37223,"date":"2022-03-31T13:42:42","date_gmt":"2022-03-31T11:42:42","guid":{"rendered":"https:\/\/www-lykketegning.wp3.hcweb.dev\/fornyelse\/?post_type=product&#038;p=37223"},"modified":"2025-04-28T10:35:01","modified_gmt":"2025-04-28T08:35:01","slug":"njut","status":"publish","type":"product","link":"https:\/\/lykketegningtest.wp3.hcweb.dev\/da\/vare\/njut\/","title":{"rendered":"\"Nyd\" lykkekoppen"},"content":{"rendered":"<p>\"Nyd det!<\/p>\n<p>Det handler om at nyde \u00f8jeblikket\".<\/p>\n<p>Helt nyt krus til en, du elsker! S\u00f8de ord, der sammen med lidt kaffe, kakao eller te skal g\u00f8re dagen lidt bedre?<\/p>\n<p>Krus denim D8 H9,5 40 cl Materiale: Keramik<\/p>\n<p>T\u00e5ler opvaskemaskine<\/p>\n<p>Lykketegning blev skabt p\u00e5 baggrund af en lille tegning, som illustratoren IRS lavede p\u00e5 en workshop i Oslo. Efter at have lagt tegningen ud p\u00e5 Instragram blev hun kontaktet af flere mennesker og fik endda et par bestillinger, hvilket fik hende til at oprette en Facebook-gruppe ved navn Lykketegning. Efter en massiv respons p\u00e5 hendes illustrationer tog hun orlov fra sin stilling som r\u00e5dgiver i Sarpsborg Kommune for at forts\u00e6tte med at lave illustrationer p\u00e5 fuld tid. I julen 2015 blev hun inviteret til at deltage i tv-programmet God Morgen Norge. Siden da har hun levet af at sprede gl\u00e6de i hele landet med sine illustrationer. Hun er ogs\u00e5 blevet et Facebook-f\u00e6nomen, og hendes illustrationer er blevet delt med millioner af mennesker i og uden for landet. Sarpsborg-borgeren har nu tegnet p\u00e5 fuld tid i et par \u00e5r, og hendes Lykke-kopper s\u00e6lges i over 250 butikker over hele landet.<\/p>\n<p>Hver illustration er lavet med et godt hjerte og omsorg her p\u00e5 Lykketegning. Ved hj\u00e6lp af levende farver, rene linjer og gode citater er det Lykketegnings \u00f8nske at f\u00e5 dig til at stoppe op et \u00f8jeblik, tage en dyb ind\u00e5nding og derefter v\u00e6lge en ny vej. Hjerterne og smilene er fra mig til dig for at minde dig om, at du er fantastisk!<\/p>\n<p>Ved at bruge enkle, rene linjer f\u00e5r hun en varme og dybde frem i sine illustrationer, og hun g\u00f8r det godt. Den feedback, hun f\u00e5r, fort\u00e6ller hende, at hendes illustrationer virkelig v\u00e6kker genklang hos kunderne. Illustrationerne har betydning og hj\u00e6lper folk gennem sv\u00e6re tider. Selv om stregen er enkel, og farverne er klare, n\u00e5r hun ud til det voksne publikum, som er dem, hun henvender sig til. Jeg er meget glad for alle mine illustrationer. De har en betydning for mig og reflekterer over, hvad der er vigtigt i mit liv. Min inspiration kommer fra de mennesker, jeg m\u00f8der, naturen og hverdagen. Det er vigtigt for mig, at andre mennesker kender deres v\u00e6rdi, og at de er unikke p\u00e5 deres egen m\u00e5de. Mange \u00f8nsker disse p\u00e5mindelser i deres hjem og s\u00e6tter pris p\u00e5, at jeg ogs\u00e5 kan illustrere deres tanker og \u00f8nsker. Jeg har altid v\u00e6ret et visuelt menneske og elskede at fotografere. Nu pr\u00f8ver jeg at f\u00e5 motiverne i mit hoved ned p\u00e5 papir ved at tegne. Jeg elsker at g\u00f8re det og ser frem til hver ny dag p\u00e5 arbejdet! \u00a8<\/p>\n<p>&nbsp;<\/p>","protected":false},"excerpt":{"rendered":"<p>\"Nyd det!<\/p>\n<p>Det handler om at nyde \u00f8jeblikket\".<\/p>\n<p>Helt nyt krus til en, du elsker! S\u00f8de ord, der sammen med lidt kaffe, kakao eller te skal g\u00f8re dagen lidt bedre?<\/p>\n<p>Krus Denim D8 H9,5 40 cl Materiale: Keramik<\/p>\n<p>T\u00e5ler opvaskemaskine<\/p>\n<p>Lykketegning blev skabt p\u00e5 baggrund af en lille tegning, som illustratoren IRS lavede p\u00e5 en workshop i Oslo. Efter at have lagt tegningen ud p\u00e5 Instragram blev hun kontaktet af flere mennesker og fik endda et par bestillinger, hvilket fik hende til at oprette en Facebook-gruppe ved navn Lykketegning. Efter en massiv respons p\u00e5 hendes illustrationer tog hun orlov fra sin stilling som r\u00e5dgiver i Sarpsborg Kommune for at forts\u00e6tte med at lave illustrationer p\u00e5 fuld tid. I julen 2015 blev hun inviteret til at deltage i tv-programmet God Morgen Norge. Siden da har hun levet af at sprede gl\u00e6de i hele landet med sine illustrationer. Hun er ogs\u00e5 blevet et Facebook-f\u00e6nomen, og hendes illustrationer er blevet delt med millioner af mennesker i og uden for landet. Sarpsborg-borgeren har nu tegnet p\u00e5 fuld tid i et par \u00e5r, og hendes Lykke-kopper s\u00e6lges i over 250 butikker over hele landet.<\/p>\n<p>Hver illustration er lavet med et godt hjerte og omsorg her p\u00e5 Lykketegning. Ved hj\u00e6lp af levende farver, rene linjer og gode citater er det Lykketegnings \u00f8nske at f\u00e5 dig til at stoppe op et \u00f8jeblik, tage en dyb ind\u00e5nding og derefter v\u00e6lge en ny vej. Hjerterne og smilene er fra mig til dig for at minde dig om, at du er fantastisk!<\/p>\n<p>Ved at bruge enkle, rene linjer f\u00e5r hun en varme og dybde frem i sine illustrationer, og hun g\u00f8r det godt. Den feedback, hun f\u00e5r, fort\u00e6ller hende, at hendes illustrationer virkelig v\u00e6kker genklang hos kunderne. Illustrationerne har betydning og hj\u00e6lper folk gennem sv\u00e6re tider. Selv om stregen er enkel, og farverne er klare, n\u00e5r hun ud til det voksne publikum, som er dem, hun henvender sig til. Jeg er meget glad for alle mine illustrationer. De har en betydning for mig og reflekterer over, hvad der er vigtigt i mit liv. Min inspiration kommer fra de mennesker, jeg m\u00f8der, naturen og hverdagen. Det er vigtigt for mig, at andre mennesker kender deres v\u00e6rdi, og at de er unikke p\u00e5 deres egen m\u00e5de. Mange \u00f8nsker disse p\u00e5mindelser i deres hjem og s\u00e6tter pris p\u00e5, at jeg ogs\u00e5 kan illustrere deres tanker og \u00f8nsker. Jeg har altid v\u00e6ret et visuelt menneske og elskede at fotografere. Nu pr\u00f8ver jeg at f\u00e5 motiverne i mit hoved ned p\u00e5 papir ved at tegne. Jeg elsker at g\u00f8re det og ser frem til hver ny dag p\u00e5 arbejdet! \u00a8<\/p>\n<p>&nbsp;<\/p>","protected":false},"featured_media":37222,"comment_status":"open","ping_status":"closed","template":"","meta":[],"product_brand":[],"product_cat":[41],"product_tag":[12,13,43,285],"class_list":{"0":"post-37223","1":"product","2":"type-product","3":"status-publish","4":"has-post-thumbnail","6":"product_cat-lykkekopper","7":"product_tag-kopp","8":"product_tag-krus","9":"product_tag-lykkekopp","10":"product_tag-njut","12":"first","13":"instock","14":"taxable","15":"shipping-taxable","16":"purchasable","17":"product-type-simple"},"yoast_head":"<!-- This site is optimized with the Yoast SEO plugin v27.6 - https:\/\/yoast.com\/product\/yoast-seo-wordpress\/ -->\n<title>&quot;Njut&quot; Lykkekopp - LYKKETEGNING ILLUSTRAT\u00d8R<\/title>\n<meta name=\"robots\" content=\"noindex, follow, max-snippet:-1, max-image-preview:large, max-video-preview:-1\" \/>\n<meta property=\"og:locale\" content=\"da_DK\" \/>\n<meta property=\"og:type\" content=\"article\" \/>\n<meta property=\"og:title\" content=\"&quot;Njut&quot; Lykkekopp - LYKKETEGNING ILLUSTRAT\u00d8R\" \/>\n<meta property=\"og:description\" content=\"&quot;Njut!  Det handler om att njuta \u00f6gonblicket\u00bb  Helt nytt krus til en du liker godt! S\u00f8te ord som varmer, sammen med litt kaffe, kakao eller te, m\u00e5 jo gj\u00f8re dagen litt bedre?  Krus Denim D8 H9,5 40 cl Materiale: Keramikk  Kan vaskes i oppvaskmaskin  Lykketegning skapades p\u00e5 grund av en liten teckning som gjordes p\u00e5 ett arbetsseminarium i Oslo av illustrat\u00f6ren IRS. Efter att ha publicerat teckningen p\u00e5 Instragram blev hon kontaktad av flera personer, och fick \u00e4ven n\u00e5gra best\u00e4llningar, vilket ledde til att hon skapade en Facebook -grupp som hon kallade Lykketegning. Efter massiv respons p\u00e5 sina illustrationer tog hon tj\u00e4nstledigt fr\u00e5n sin tj\u00e4nst som r\u00e5dgivare f\u00f6r Sarpsborgs kommun f\u00f6r att forts\u00e4tta att g\u00f6ra illustrationer p\u00e5 heltid. Hon blev inbjuden att vara med i tv -programmet God Morgen Norge i julen 2015. Sedan dess har hon f\u00f6rs\u00f6rjt sig genom att sprida lycka till hela landet med sina illustrationer. Hon har ocks\u00e5 blivit ett Facebook -fenomen, och hennes illustrationer har spridits till miljontals m\u00e4nniskor i och utanf\u00f6r landet. Den Sarpsborg-inf\u00f6dde har nu ritat p\u00e5 heltid i ett par \u00e5r, och hennes Lykke-koppar s\u00e4ljs i \u00f6ver 250 butiker i hela landet.  Varje illustration \u00e4r gjord med ett v\u00e4nligt hj\u00e4rta och omtanke h\u00e4r p\u00e5 Lykketegning. Genom att anv\u00e4nda levande f\u00e4rger, rena linjer och bra citat \u00e4r det Lykketegnings \u00f6nskan att f\u00e5 dig att stanna ett \u00f6gonblick, ta ett djupt andetag och sedan v\u00e4lja en ny v\u00e4g. Hj\u00e4rten och leenden \u00e4r fr\u00e5n mig till dig f\u00f6r att p\u00e5minna dig om att du \u00e4r fantastisk!  Genom att anv\u00e4nda enkla, rena linjer f\u00e5r hon fram en v\u00e4rme och djup i sina illustrationer, och hon g\u00f6r det bra. Den responsen hon f\u00e5r s\u00e4ger att hennes illustrationer verkligen tr\u00e4ffar kunderna. Illustrationerna har en mening och hj\u00e4lper m\u00e4nniskor genom sv\u00e5ra tider. \u00c4ven om linjen \u00e4r enkel och f\u00e4rgerna \u00e4r ljusa, n\u00e5r hon ut til den vuxna publiken, vilket er dom hon adresserar. Jag \u00e4r v\u00e4ldigt f\u00f6rtjust i alla mina illustrationer. De har en mening f\u00f6r mig och reflekterar \u00f6ver vad som \u00e4r viktigt i mitt liv. Inspirationen kommer fr\u00e5n de m\u00e4nniskor jag tr\u00e4ffar, naturen och vardagen. Det \u00e4r viktigt f\u00f6r mig att andra m\u00e4nniskor vet deras v\u00e4rde och att de \u00e4r unika p\u00e5 sina egna s\u00e4tt. M\u00e5nga m\u00e4nniskor vill ha dessa p\u00e5minnelser i sitt hem och uppskattar att jag ocks\u00e5 kan illustrera deras tankar och \u00f6nskem\u00e5l. Jag har alltid varit en visuell person och brukade \u00e4lska fotografering. Nu f\u00f6rs\u00f6ker jag f\u00e5 ner motiven i mitt huvud p\u00e5 papper genom att rita. Jag \u00e4lskar att g\u00f6ra detta och ser fram emot varje ny dag p\u00e5 jobbet! \u00a8  &nbsp;\" \/>\n<meta property=\"og:url\" content=\"https:\/\/lykketegningtest.wp3.hcweb.dev\/da\/vare\/njut\/\" \/>\n<meta property=\"og:site_name\" content=\"LYKKETEGNING ILLUSTRAT\u00d8R\" \/>\n<meta property=\"article:publisher\" content=\"https:\/\/www.facebook.com\/lykketegning\/\" \/>\n<meta property=\"article:modified_time\" content=\"2025-04-28T08:35:01+00:00\" \/>\n<meta property=\"og:image\" content=\"https:\/\/www.lykketegning.no\/wp-content\/uploads\/2024\/04\/IMG_3753-scaled-1.jpg\" \/>\n\t<meta property=\"og:image:width\" content=\"1920\" \/>\n\t<meta property=\"og:image:height\" content=\"2560\" \/>\n\t<meta property=\"og:image:type\" content=\"image\/jpeg\" \/>\n<meta name=\"twitter:card\" content=\"summary_large_image\" \/>\n<meta name=\"twitter:label1\" content=\"Estimeret l\u00e6setid\" \/>\n\t<meta name=\"twitter:data1\" content=\"2 minutter\" \/>\n<script type=\"application\/ld+json\" class=\"yoast-schema-graph\">{\"@context\":\"https:\\\/\\\/schema.org\",\"@graph\":[{\"@type\":\"WebPage\",\"@id\":\"https:\\\/\\\/lykketegningtest.wp3.hcweb.dev\\\/produkt\\\/njut\\\/\",\"url\":\"https:\\\/\\\/lykketegningtest.wp3.hcweb.dev\\\/produkt\\\/njut\\\/\",\"name\":\"\\\"Njut\\\" Lykkekopp - LYKKETEGNING ILLUSTRAT\u00d8R\",\"isPartOf\":{\"@id\":\"https:\\\/\\\/lykketegningtest.wp3.hcweb.dev\\\/#website\"},\"primaryImageOfPage\":{\"@id\":\"https:\\\/\\\/lykketegningtest.wp3.hcweb.dev\\\/produkt\\\/njut\\\/#primaryimage\"},\"image\":{\"@id\":\"https:\\\/\\\/lykketegningtest.wp3.hcweb.dev\\\/produkt\\\/njut\\\/#primaryimage\"},\"thumbnailUrl\":\"https:\\\/\\\/lykketegningtest.wp3.hcweb.dev\\\/wp-content\\\/uploads\\\/2024\\\/04\\\/IMG_3753-scaled-1.jpg\",\"datePublished\":\"2022-03-31T11:42:42+00:00\",\"dateModified\":\"2025-04-28T08:35:01+00:00\",\"breadcrumb\":{\"@id\":\"https:\\\/\\\/lykketegningtest.wp3.hcweb.dev\\\/produkt\\\/njut\\\/#breadcrumb\"},\"inLanguage\":\"da-DK\",\"potentialAction\":[{\"@type\":\"ReadAction\",\"target\":[\"https:\\\/\\\/lykketegningtest.wp3.hcweb.dev\\\/produkt\\\/njut\\\/\"]}]},{\"@type\":\"ImageObject\",\"inLanguage\":\"da-DK\",\"@id\":\"https:\\\/\\\/lykketegningtest.wp3.hcweb.dev\\\/produkt\\\/njut\\\/#primaryimage\",\"url\":\"https:\\\/\\\/lykketegningtest.wp3.hcweb.dev\\\/wp-content\\\/uploads\\\/2024\\\/04\\\/IMG_3753-scaled-1.jpg\",\"contentUrl\":\"https:\\\/\\\/lykketegningtest.wp3.hcweb.dev\\\/wp-content\\\/uploads\\\/2024\\\/04\\\/IMG_3753-scaled-1.jpg\",\"width\":1920,\"height\":2560},{\"@type\":\"BreadcrumbList\",\"@id\":\"https:\\\/\\\/lykketegningtest.wp3.hcweb.dev\\\/produkt\\\/njut\\\/#breadcrumb\",\"itemListElement\":[{\"@type\":\"ListItem\",\"position\":1,\"name\":\"Hjem\",\"item\":\"https:\\\/\\\/lykketegningtest.wp3.hcweb.dev\\\/\"},{\"@type\":\"ListItem\",\"position\":2,\"name\":\"Shop\",\"item\":\"https:\\\/\\\/lykketegningtest.wp3.hcweb.dev\\\/sv\\\/webbutik\\\/\"},{\"@type\":\"ListItem\",\"position\":3,\"name\":\"&#8220;Njut&#8221; Lykkekopp\"}]},{\"@type\":\"WebSite\",\"@id\":\"https:\\\/\\\/lykketegningtest.wp3.hcweb.dev\\\/#website\",\"url\":\"https:\\\/\\\/lykketegningtest.wp3.hcweb.dev\\\/\",\"name\":\"LYKKETEGNING ILLUSTRAT\u00d8R\",\"description\":\"\",\"publisher\":{\"@id\":\"https:\\\/\\\/lykketegningtest.wp3.hcweb.dev\\\/#organization\"},\"potentialAction\":[{\"@type\":\"SearchAction\",\"target\":{\"@type\":\"EntryPoint\",\"urlTemplate\":\"https:\\\/\\\/lykketegningtest.wp3.hcweb.dev\\\/?s={search_term_string}\"},\"query-input\":{\"@type\":\"PropertyValueSpecification\",\"valueRequired\":true,\"valueName\":\"search_term_string\"}}],\"inLanguage\":\"da-DK\"},{\"@type\":\"Organization\",\"@id\":\"https:\\\/\\\/lykketegningtest.wp3.hcweb.dev\\\/#organization\",\"name\":\"LYKKETEGNING ILLUSTRAT\u00d8R\",\"url\":\"https:\\\/\\\/lykketegningtest.wp3.hcweb.dev\\\/\",\"logo\":{\"@type\":\"ImageObject\",\"inLanguage\":\"da-DK\",\"@id\":\"https:\\\/\\\/lykketegningtest.wp3.hcweb.dev\\\/#\\\/schema\\\/logo\\\/image\\\/\",\"url\":\"https:\\\/\\\/lykketegningtest.wp3.hcweb.dev\\\/wp-content\\\/uploads\\\/2020\\\/03\\\/Logo2020_h400px.jpg\",\"contentUrl\":\"https:\\\/\\\/lykketegningtest.wp3.hcweb.dev\\\/wp-content\\\/uploads\\\/2020\\\/03\\\/Logo2020_h400px.jpg\",\"width\":1024,\"height\":400,\"caption\":\"LYKKETEGNING ILLUSTRAT\u00d8R\"},\"image\":{\"@id\":\"https:\\\/\\\/lykketegningtest.wp3.hcweb.dev\\\/#\\\/schema\\\/logo\\\/image\\\/\"},\"sameAs\":[\"https:\\\/\\\/www.facebook.com\\\/lykketegning\\\/\",\"https:\\\/\\\/www.instagram.com\\\/lykketegning\\\/\",\"https:\\\/\\\/www.youtube.com\\\/@lykketegningillustrations\",\"https:\\\/\\\/www.tiktok.com\\\/@lykketegningillustration\"]}]}<\/script>\n<!-- \/ Yoast SEO plugin. -->","yoast_head_json":{"title":"\"Njut\" lykkekop - LYKKETEGNING ILLUSTRATOR","robots":{"index":"noindex","follow":"follow","max-snippet":"max-snippet:-1","max-image-preview":"max-image-preview:large","max-video-preview":"max-video-preview:-1"},"og_locale":"da_DK","og_type":"article","og_title":"\"Njut\" Lykkekopp - LYKKETEGNING ILLUSTRAT\u00d8R","og_description":"\"Njut!  Det handler om att njuta \u00f6gonblicket\u00bb  Helt nytt krus til en du liker godt! S\u00f8te ord som varmer, sammen med litt kaffe, kakao eller te, m\u00e5 jo gj\u00f8re dagen litt bedre?  Krus Denim D8 H9,5 40 cl Materiale: Keramikk  Kan vaskes i oppvaskmaskin  Lykketegning skapades p\u00e5 grund av en liten teckning som gjordes p\u00e5 ett arbetsseminarium i Oslo av illustrat\u00f6ren IRS. Efter att ha publicerat teckningen p\u00e5 Instragram blev hon kontaktad av flera personer, och fick \u00e4ven n\u00e5gra best\u00e4llningar, vilket ledde til att hon skapade en Facebook -grupp som hon kallade Lykketegning. Efter massiv respons p\u00e5 sina illustrationer tog hon tj\u00e4nstledigt fr\u00e5n sin tj\u00e4nst som r\u00e5dgivare f\u00f6r Sarpsborgs kommun f\u00f6r att forts\u00e4tta att g\u00f6ra illustrationer p\u00e5 heltid. Hon blev inbjuden att vara med i tv -programmet God Morgen Norge i julen 2015. Sedan dess har hon f\u00f6rs\u00f6rjt sig genom att sprida lycka till hela landet med sina illustrationer. Hon har ocks\u00e5 blivit ett Facebook -fenomen, och hennes illustrationer har spridits till miljontals m\u00e4nniskor i och utanf\u00f6r landet. Den Sarpsborg-inf\u00f6dde har nu ritat p\u00e5 heltid i ett par \u00e5r, och hennes Lykke-koppar s\u00e4ljs i \u00f6ver 250 butiker i hela landet.  Varje illustration \u00e4r gjord med ett v\u00e4nligt hj\u00e4rta och omtanke h\u00e4r p\u00e5 Lykketegning. Genom att anv\u00e4nda levande f\u00e4rger, rena linjer och bra citat \u00e4r det Lykketegnings \u00f6nskan att f\u00e5 dig att stanna ett \u00f6gonblick, ta ett djupt andetag och sedan v\u00e4lja en ny v\u00e4g. Hj\u00e4rten och leenden \u00e4r fr\u00e5n mig till dig f\u00f6r att p\u00e5minna dig om att du \u00e4r fantastisk!  Genom att anv\u00e4nda enkla, rena linjer f\u00e5r hon fram en v\u00e4rme och djup i sina illustrationer, och hon g\u00f6r det bra. Den responsen hon f\u00e5r s\u00e4ger att hennes illustrationer verkligen tr\u00e4ffar kunderna. Illustrationerna har en mening och hj\u00e4lper m\u00e4nniskor genom sv\u00e5ra tider. \u00c4ven om linjen \u00e4r enkel och f\u00e4rgerna \u00e4r ljusa, n\u00e5r hon ut til den vuxna publiken, vilket er dom hon adresserar. Jag \u00e4r v\u00e4ldigt f\u00f6rtjust i alla mina illustrationer. De har en mening f\u00f6r mig och reflekterar \u00f6ver vad som \u00e4r viktigt i mitt liv. Inspirationen kommer fr\u00e5n de m\u00e4nniskor jag tr\u00e4ffar, naturen och vardagen. Det \u00e4r viktigt f\u00f6r mig att andra m\u00e4nniskor vet deras v\u00e4rde och att de \u00e4r unika p\u00e5 sina egna s\u00e4tt. M\u00e5nga m\u00e4nniskor vill ha dessa p\u00e5minnelser i sitt hem och uppskattar att jag ocks\u00e5 kan illustrera deras tankar och \u00f6nskem\u00e5l. Jag har alltid varit en visuell person och brukade \u00e4lska fotografering. Nu f\u00f6rs\u00f6ker jag f\u00e5 ner motiven i mitt huvud p\u00e5 papper genom att rita. Jag \u00e4lskar att g\u00f6ra detta och ser fram emot varje ny dag p\u00e5 jobbet! \u00a8  &nbsp;","og_url":"https:\/\/lykketegningtest.wp3.hcweb.dev\/da\/vare\/njut\/","og_site_name":"LYKKETEGNING ILLUSTRAT\u00d8R","article_publisher":"https:\/\/www.facebook.com\/lykketegning\/","article_modified_time":"2025-04-28T08:35:01+00:00","og_image":[{"width":1920,"height":2560,"url":"https:\/\/www.lykketegning.no\/wp-content\/uploads\/2024\/04\/IMG_3753-scaled-1.jpg","type":"image\/jpeg"}],"twitter_card":"summary_large_image","twitter_misc":{"Estimeret l\u00e6setid":"2 minutter"},"schema":{"@context":"https:\/\/schema.org","@graph":[{"@type":"WebPage","@id":"https:\/\/lykketegningtest.wp3.hcweb.dev\/produkt\/njut\/","url":"https:\/\/lykketegningtest.wp3.hcweb.dev\/produkt\/njut\/","name":"\"Njut\" lykkekop - LYKKETEGNING ILLUSTRATOR","isPartOf":{"@id":"https:\/\/lykketegningtest.wp3.hcweb.dev\/#website"},"primaryImageOfPage":{"@id":"https:\/\/lykketegningtest.wp3.hcweb.dev\/produkt\/njut\/#primaryimage"},"image":{"@id":"https:\/\/lykketegningtest.wp3.hcweb.dev\/produkt\/njut\/#primaryimage"},"thumbnailUrl":"https:\/\/lykketegningtest.wp3.hcweb.dev\/wp-content\/uploads\/2024\/04\/IMG_3753-scaled-1.jpg","datePublished":"2022-03-31T11:42:42+00:00","dateModified":"2025-04-28T08:35:01+00:00","breadcrumb":{"@id":"https:\/\/lykketegningtest.wp3.hcweb.dev\/produkt\/njut\/#breadcrumb"},"inLanguage":"da-DK","potentialAction":[{"@type":"ReadAction","target":["https:\/\/lykketegningtest.wp3.hcweb.dev\/produkt\/njut\/"]}]},{"@type":"ImageObject","inLanguage":"da-DK","@id":"https:\/\/lykketegningtest.wp3.hcweb.dev\/produkt\/njut\/#primaryimage","url":"https:\/\/lykketegningtest.wp3.hcweb.dev\/wp-content\/uploads\/2024\/04\/IMG_3753-scaled-1.jpg","contentUrl":"https:\/\/lykketegningtest.wp3.hcweb.dev\/wp-content\/uploads\/2024\/04\/IMG_3753-scaled-1.jpg","width":1920,"height":2560},{"@type":"BreadcrumbList","@id":"https:\/\/lykketegningtest.wp3.hcweb.dev\/produkt\/njut\/#breadcrumb","itemListElement":[{"@type":"ListItem","position":1,"name":"Hjem","item":"https:\/\/lykketegningtest.wp3.hcweb.dev\/"},{"@type":"ListItem","position":2,"name":"Shop","item":"https:\/\/lykketegningtest.wp3.hcweb.dev\/sv\/webbutik\/"},{"@type":"ListItem","position":3,"name":"&#8220;Njut&#8221; Lykkekopp"}]},{"@type":"WebSite","@id":"https:\/\/lykketegningtest.wp3.hcweb.dev\/#website","url":"https:\/\/lykketegningtest.wp3.hcweb.dev\/","name":"LYKKETEGNING ILLUSTRATOR","description":"","publisher":{"@id":"https:\/\/lykketegningtest.wp3.hcweb.dev\/#organization"},"potentialAction":[{"@type":"SearchAction","target":{"@type":"EntryPoint","urlTemplate":"https:\/\/lykketegningtest.wp3.hcweb.dev\/?s={search_term_string}"},"query-input":{"@type":"PropertyValueSpecification","valueRequired":true,"valueName":"search_term_string"}}],"inLanguage":"da-DK"},{"@type":"Organization","@id":"https:\/\/lykketegningtest.wp3.hcweb.dev\/#organization","name":"LYKKETEGNING ILLUSTRATOR","url":"https:\/\/lykketegningtest.wp3.hcweb.dev\/","logo":{"@type":"ImageObject","inLanguage":"da-DK","@id":"https:\/\/lykketegningtest.wp3.hcweb.dev\/#\/schema\/logo\/image\/","url":"https:\/\/lykketegningtest.wp3.hcweb.dev\/wp-content\/uploads\/2020\/03\/Logo2020_h400px.jpg","contentUrl":"https:\/\/lykketegningtest.wp3.hcweb.dev\/wp-content\/uploads\/2020\/03\/Logo2020_h400px.jpg","width":1024,"height":400,"caption":"LYKKETEGNING ILLUSTRAT\u00d8R"},"image":{"@id":"https:\/\/lykketegningtest.wp3.hcweb.dev\/#\/schema\/logo\/image\/"},"sameAs":["https:\/\/www.facebook.com\/lykketegning\/","https:\/\/www.instagram.com\/lykketegning\/","https:\/\/www.youtube.com\/@lykketegningillustrations","https:\/\/www.tiktok.com\/@lykketegningillustration"]}]}},"_links":{"self":[{"href":"https:\/\/lykketegningtest.wp3.hcweb.dev\/da\/wp-json\/wp\/v2\/product\/37223","targetHints":{"allow":["GET"]}}],"collection":[{"href":"https:\/\/lykketegningtest.wp3.hcweb.dev\/da\/wp-json\/wp\/v2\/product"}],"about":[{"href":"https:\/\/lykketegningtest.wp3.hcweb.dev\/da\/wp-json\/wp\/v2\/types\/product"}],"replies":[{"embeddable":true,"href":"https:\/\/lykketegningtest.wp3.hcweb.dev\/da\/wp-json\/wp\/v2\/comments?post=37223"}],"wp:featuredmedia":[{"embeddable":true,"href":"https:\/\/lykketegningtest.wp3.hcweb.dev\/da\/wp-json\/wp\/v2\/media\/37222"}],"wp:attachment":[{"href":"https:\/\/lykketegningtest.wp3.hcweb.dev\/da\/wp-json\/wp\/v2\/media?parent=37223"}],"wp:term":[{"taxonomy":"product_brand","embeddable":true,"href":"https:\/\/lykketegningtest.wp3.hcweb.dev\/da\/wp-json\/wp\/v2\/product_brand?post=37223"},{"taxonomy":"product_cat","embeddable":true,"href":"https:\/\/lykketegningtest.wp3.hcweb.dev\/da\/wp-json\/wp\/v2\/product_cat?post=37223"},{"taxonomy":"product_tag","embeddable":true,"href":"https:\/\/lykketegningtest.wp3.hcweb.dev\/da\/wp-json\/wp\/v2\/product_tag?post=37223"}],"curies":[{"name":"wp","href":"https:\/\/api.w.org\/{rel}","templated":true}]}}