{"id":37250,"date":"2024-11-10T09:10:44","date_gmt":"2024-11-10T08:10:44","guid":{"rendered":"https:\/\/www-lykketegning.wp3.hcweb.dev\/fornyelse\/?post_type=product&#038;p=37250"},"modified":"2025-04-01T11:45:53","modified_gmt":"2025-04-01T09:45:53","slug":"lykkekopp-fra-lykketegning-harmoni","status":"publish","type":"product","link":"https:\/\/lykketegningtest.wp3.hcweb.dev\/da\/vare\/lykkekopp-fra-lykketegning-harmoni\/","title":{"rendered":"Lykkesk\u00e5l fra Lykketegning \"HARMONY\""},"content":{"rendered":"<p>Lykkekop fra Happiness Drawing \"HARMONI\"Hvad er harmoni for dig? For mig er det nok, n\u00e5r roen har s\u00e6nket sig. N\u00e5r der ikke er s\u00e5 mange planer, og man kan l\u00e6ne sig tilbage med en kop kaffe, te eller kakao eller lytte til smuk musik. Det varer m\u00e5ske ikke l\u00e6nge, men husk at nyde \u00f8jeblikket, n\u00e5r det er der.<\/p>\n<p>&nbsp;<\/p>\n<p>Smuk r\u00f8d farve og perfekt til julekakao eller kaffe.<\/p>\n<p>Krus r\u00f8d D7 H9 28 cl Materiale: Keramik<\/p>\n<p>T\u00e5ler opvaskemaskine<\/p>\n<p>Popul\u00e6rt krus med citat fra Lucky Drawing<\/p>\n<p>\u00c5rets julekopper er ankommet! Bestil b\u00e5de \"Joy\" og \"Harmony\"<\/p>\n<p>God julegave til andre eller til dig selv!<\/p>\n<p>Tjek ogs\u00e5 de andre krus som Glede, Kos og Lykke, Ro og hygge. Samt de dejlige kage\u00e6sker fra Lykketegning.<\/p>\n<p>&nbsp;<\/p>\n<p>&nbsp;<\/p>\n<p><strong>\"Hos Lykketegning bliver hver eneste illustration skabt med varme og omhu.<\/strong><br \/>\n<strong>Med st\u00e6rke farver, klare linjer og gode citater vil Happiness Drawing f\u00e5 dig til at stoppe op et \u00f8jeblik, tage en dyb ind\u00e5nding og derefter s\u00e6tte en god kurs fremad.<\/strong><br \/>\n<strong>\"Hjerterne og smilene er fra mig til dig for at minde dig om, at du er rigtig god!\"<\/strong><\/p>\n<p>&nbsp;<\/p>\n<p>P\u00e5 hjemmesiden finder du nogle illustrationer og andre produkter som kopper, lyk\u00f8nskningskort og kalendere.<\/p>\n<p>Der kommer hele tiden nye produkter til, s\u00e5 du er velkommen til at tilmelde dig nyhedsbrevet for at f\u00e5 m\u00e5nedlige opdateringer.<\/p>\n<p>For <strong>mange mange mange mange<\/strong> flere illustrationer; bes\u00f8g min Instagram- og Facebook-profil.<\/p>\n<p>Faktisk er alle illustrationer til salg. 999 SEK for A4 og 1500 SEK for A3.<\/p>\n<p>Du kan ogs\u00e5 bestille dine helt egne - gode gaver til bryllupper og andre fester. Kontakt indbakken for dette.<\/p>\n<p><em>Pris: 1500kr for A4 og A5 (op til 5 personer\/dyr), ekstra omkostninger for flere (op til 5 personer\/dyr). A3 2000kr ex porto. Jeg har brug for at kende h\u00e5rfarve\/h\u00e5rtype, h\u00f8jde, interesser og \u00f8nsket antal illustrerede personer. Alle tilbud, du \u00f8nsker inkluderet.<\/em><\/p>\n<p>Hvis du har sp\u00f8rgsm\u00e5l, s\u00e5 t\u00f8v ikke med at kontakte mig! Hvis du gerne vil have en snak om et muligt samarbejde, s\u00e5 send mig en e-mail.<\/p>\n<p>Jeg ser frem til at h\u00f8re fra dig og h\u00e5ber, at du f\u00e5r en dejlig dag. <a href=\"https:\/\/www.facebook.com\/lykketegning\/?locale=nb_NO\">S\u00e5 kommer du til min Facebook-side.<\/a> Og hvis du vil f\u00f8lge mig p\u00e5<a href=\"https:\/\/www.instagram.com\/lykketegning\/?hl=nb\"> Instagram, du finder det her.<\/a><\/p>\n<p>Kunstner<br \/>\nIngebj\u00f8rg Rang\u00f8y Sj\u00e5land<\/p>\n<p>&nbsp;<\/p>","protected":false},"excerpt":{"rendered":"<p>Lykkesk\u00e5l fra Lykketegning \"HARMONY\"<\/p>\n<p>Hvad er harmoni for dig? For mig er det nok, n\u00e5r roen har s\u00e6nket sig. N\u00e5r der ikke er s\u00e5 mange planer, og man kan l\u00e6ne sig tilbage med en kop kaffe, te eller kakao eller lytte til smuk musik. Det varer m\u00e5ske ikke l\u00e6nge, men husk at nyde \u00f8jeblikket, n\u00e5r det er der.<\/p>\n<p>\u00c5rets julekopper er ankommet! Bestil b\u00e5de \"Joy\" og \"Harmony\"<\/p>\n<p>God julegave til andre eller til dig selv!<\/p>\n<p>Krus r\u00f8d D8 H9,5 470 ml Materiale: Keramik<\/p>\n<p>T\u00e5ler opvaskemaskine<\/p>\n<p>Popul\u00e6rt krus med citat fra Lucky Drawing<\/p>","protected":false},"featured_media":37247,"comment_status":"closed","ping_status":"closed","template":"","meta":[],"product_brand":[],"product_cat":[41],"product_tag":[296,159,43,121],"class_list":{"0":"post-37250","1":"product","2":"type-product","3":"status-publish","4":"has-post-thumbnail","6":"product_cat-lykkekopper","7":"product_tag-harmoni","8":"product_tag-julekopp","9":"product_tag-lykkekopp","10":"product_tag-lykkekrus","12":"first","13":"outofstock","14":"taxable","15":"shipping-taxable","16":"purchasable","17":"product-type-simple"},"yoast_head":"<!-- This site is optimized with the Yoast SEO plugin v27.6 - https:\/\/yoast.com\/product\/yoast-seo-wordpress\/ -->\n<title>Lykkekopp fra Lykketegning &quot;HARMONI&quot; - LYKKETEGNING ILLUSTRAT\u00d8R<\/title>\n<meta name=\"description\" content=\"Lykkekopp fra Lykketegning &quot;HARMONI&quot; Hva er harmoni for deg? For meg er det nok n\u00e5r roen har senket seg. N\u00e5r det ikke er s\u00e5 mange planer og man kan sette seg tilbake med en kopp kaffe, te eller kakao \u00a0eller lytte til vakker musikk. Kanskje varer det ikke s\u00e5 lenge, men husk \u00e5 nyte stunden n\u00e5r den er der.\" \/>\n<meta name=\"robots\" content=\"noindex, follow, max-snippet:-1, max-image-preview:large, max-video-preview:-1\" \/>\n<meta property=\"og:locale\" content=\"da_DK\" \/>\n<meta property=\"og:type\" content=\"article\" \/>\n<meta property=\"og:title\" content=\"Lykkekopp fra Lykketegning &quot;HARMONI&quot; - LYKKETEGNING ILLUSTRAT\u00d8R\" \/>\n<meta property=\"og:description\" content=\"Lykkekopp fra Lykketegning &quot;HARMONI&quot; Hva er harmoni for deg? For meg er det nok n\u00e5r roen har senket seg. N\u00e5r det ikke er s\u00e5 mange planer og man kan sette seg tilbake med en kopp kaffe, te eller kakao \u00a0eller lytte til vakker musikk. Kanskje varer det ikke s\u00e5 lenge, men husk \u00e5 nyte stunden n\u00e5r den er der.\" \/>\n<meta property=\"og:url\" content=\"https:\/\/lykketegningtest.wp3.hcweb.dev\/da\/product-2\/gluckstasse-aus-der-glucksziehung-harmonie\/\" \/>\n<meta property=\"og:site_name\" content=\"LYKKETEGNING ILLUSTRAT\u00d8R\" \/>\n<meta property=\"article:publisher\" content=\"https:\/\/www.facebook.com\/lykketegning\/\" \/>\n<meta property=\"article:modified_time\" content=\"2025-04-01T09:45:53+00:00\" \/>\n<meta property=\"og:image\" content=\"https:\/\/www.lykketegning.no\/wp-content\/uploads\/2024\/04\/IMG_B0CAF0A81B88-1.jpeg\" \/>\n\t<meta property=\"og:image:width\" content=\"1284\" \/>\n\t<meta property=\"og:image:height\" content=\"1424\" \/>\n\t<meta property=\"og:image:type\" content=\"image\/jpeg\" \/>\n<meta name=\"twitter:card\" content=\"summary_large_image\" \/>\n<meta name=\"twitter:label1\" content=\"Estimeret l\u00e6setid\" \/>\n\t<meta name=\"twitter:data1\" content=\"3 minutter\" \/>\n<script type=\"application\/ld+json\" class=\"yoast-schema-graph\">{\"@context\":\"https:\\\/\\\/schema.org\",\"@graph\":[{\"@type\":\"WebPage\",\"@id\":\"https:\\\/\\\/lykketegningtest.wp3.hcweb.dev\\\/de\\\/product-2\\\/gluckstasse-aus-der-glucksziehung-harmonie\\\/\",\"url\":\"https:\\\/\\\/lykketegningtest.wp3.hcweb.dev\\\/de\\\/product-2\\\/gluckstasse-aus-der-glucksziehung-harmonie\\\/\",\"name\":\"Lykkekopp fra Lykketegning \\\"HARMONI\\\" - LYKKETEGNING ILLUSTRAT\u00d8R\",\"isPartOf\":{\"@id\":\"https:\\\/\\\/lykketegningtest.wp3.hcweb.dev\\\/#website\"},\"primaryImageOfPage\":{\"@id\":\"https:\\\/\\\/lykketegningtest.wp3.hcweb.dev\\\/de\\\/product-2\\\/gluckstasse-aus-der-glucksziehung-harmonie\\\/#primaryimage\"},\"image\":{\"@id\":\"https:\\\/\\\/lykketegningtest.wp3.hcweb.dev\\\/de\\\/product-2\\\/gluckstasse-aus-der-glucksziehung-harmonie\\\/#primaryimage\"},\"thumbnailUrl\":\"https:\\\/\\\/lykketegningtest.wp3.hcweb.dev\\\/wp-content\\\/uploads\\\/2024\\\/04\\\/IMG_B0CAF0A81B88-1.jpeg\",\"datePublished\":\"2024-11-10T08:10:44+00:00\",\"dateModified\":\"2025-04-01T09:45:53+00:00\",\"description\":\"Lykkekopp fra Lykketegning \\\"HARMONI\\\" Hva er harmoni for deg? For meg er det nok n\u00e5r roen har senket seg. N\u00e5r det ikke er s\u00e5 mange planer og man kan sette seg tilbake med en kopp kaffe, te eller kakao \u00a0eller lytte til vakker musikk. Kanskje varer det ikke s\u00e5 lenge, men husk \u00e5 nyte stunden n\u00e5r den er der.\",\"breadcrumb\":{\"@id\":\"https:\\\/\\\/lykketegningtest.wp3.hcweb.dev\\\/de\\\/product-2\\\/gluckstasse-aus-der-glucksziehung-harmonie\\\/#breadcrumb\"},\"inLanguage\":\"da-DK\",\"potentialAction\":[{\"@type\":\"ReadAction\",\"target\":[\"https:\\\/\\\/lykketegningtest.wp3.hcweb.dev\\\/de\\\/product-2\\\/gluckstasse-aus-der-glucksziehung-harmonie\\\/\"]}]},{\"@type\":\"ImageObject\",\"inLanguage\":\"da-DK\",\"@id\":\"https:\\\/\\\/lykketegningtest.wp3.hcweb.dev\\\/de\\\/product-2\\\/gluckstasse-aus-der-glucksziehung-harmonie\\\/#primaryimage\",\"url\":\"https:\\\/\\\/lykketegningtest.wp3.hcweb.dev\\\/wp-content\\\/uploads\\\/2024\\\/04\\\/IMG_B0CAF0A81B88-1.jpeg\",\"contentUrl\":\"https:\\\/\\\/lykketegningtest.wp3.hcweb.dev\\\/wp-content\\\/uploads\\\/2024\\\/04\\\/IMG_B0CAF0A81B88-1.jpeg\",\"width\":1284,\"height\":1424,\"caption\":\"Lykkekopp fra Lykketegning \\\"HARMONI\\\"\"},{\"@type\":\"BreadcrumbList\",\"@id\":\"https:\\\/\\\/lykketegningtest.wp3.hcweb.dev\\\/de\\\/product-2\\\/gluckstasse-aus-der-glucksziehung-harmonie\\\/#breadcrumb\",\"itemListElement\":[{\"@type\":\"ListItem\",\"position\":1,\"name\":\"Hjem\",\"item\":\"https:\\\/\\\/lykketegningtest.wp3.hcweb.dev\\\/\"},{\"@type\":\"ListItem\",\"position\":2,\"name\":\"Shop\",\"item\":\"https:\\\/\\\/lykketegningtest.wp3.hcweb.dev\\\/sv\\\/webbutik\\\/\"},{\"@type\":\"ListItem\",\"position\":3,\"name\":\"Lykkekopp fra Lykketegning &#8220;HARMONI&#8221;\"}]},{\"@type\":\"WebSite\",\"@id\":\"https:\\\/\\\/lykketegningtest.wp3.hcweb.dev\\\/#website\",\"url\":\"https:\\\/\\\/lykketegningtest.wp3.hcweb.dev\\\/\",\"name\":\"LYKKETEGNING ILLUSTRAT\u00d8R\",\"description\":\"\",\"publisher\":{\"@id\":\"https:\\\/\\\/lykketegningtest.wp3.hcweb.dev\\\/#organization\"},\"potentialAction\":[{\"@type\":\"SearchAction\",\"target\":{\"@type\":\"EntryPoint\",\"urlTemplate\":\"https:\\\/\\\/lykketegningtest.wp3.hcweb.dev\\\/?s={search_term_string}\"},\"query-input\":{\"@type\":\"PropertyValueSpecification\",\"valueRequired\":true,\"valueName\":\"search_term_string\"}}],\"inLanguage\":\"da-DK\"},{\"@type\":\"Organization\",\"@id\":\"https:\\\/\\\/lykketegningtest.wp3.hcweb.dev\\\/#organization\",\"name\":\"LYKKETEGNING ILLUSTRAT\u00d8R\",\"url\":\"https:\\\/\\\/lykketegningtest.wp3.hcweb.dev\\\/\",\"logo\":{\"@type\":\"ImageObject\",\"inLanguage\":\"da-DK\",\"@id\":\"https:\\\/\\\/lykketegningtest.wp3.hcweb.dev\\\/#\\\/schema\\\/logo\\\/image\\\/\",\"url\":\"https:\\\/\\\/lykketegningtest.wp3.hcweb.dev\\\/wp-content\\\/uploads\\\/2020\\\/03\\\/Logo2020_h400px.jpg\",\"contentUrl\":\"https:\\\/\\\/lykketegningtest.wp3.hcweb.dev\\\/wp-content\\\/uploads\\\/2020\\\/03\\\/Logo2020_h400px.jpg\",\"width\":1024,\"height\":400,\"caption\":\"LYKKETEGNING ILLUSTRAT\u00d8R\"},\"image\":{\"@id\":\"https:\\\/\\\/lykketegningtest.wp3.hcweb.dev\\\/#\\\/schema\\\/logo\\\/image\\\/\"},\"sameAs\":[\"https:\\\/\\\/www.facebook.com\\\/lykketegning\\\/\",\"https:\\\/\\\/www.instagram.com\\\/lykketegning\\\/\",\"https:\\\/\\\/www.youtube.com\\\/@lykketegningillustrations\",\"https:\\\/\\\/www.tiktok.com\\\/@lykketegningillustration\"]}]}<\/script>\n<!-- \/ Yoast SEO plugin. -->","yoast_head_json":{"title":"Lykkekop fra lykketegning \"HARMONY\" - LYKKE TEGNING ILLUSTRATOR","description":"Lykkekop fra Lykketegning \"HARMONI\" Hvad er harmoni for dig? For mig er det nok, n\u00e5r roen har s\u00e6nket sig. N\u00e5r der ikke er s\u00e5 mange planer, og man kan l\u00e6ne sig tilbage med en kop kaffe, te eller kakao eller lytte til smuk musik. Det varer m\u00e5ske ikke l\u00e6nge, men husk at nyde \u00f8jeblikket, n\u00e5r det er der.","robots":{"index":"noindex","follow":"follow","max-snippet":"max-snippet:-1","max-image-preview":"max-image-preview:large","max-video-preview":"max-video-preview:-1"},"og_locale":"da_DK","og_type":"article","og_title":"Lykkekopp fra Lykketegning \"HARMONI\" - LYKKETEGNING ILLUSTRAT\u00d8R","og_description":"Lykkekopp fra Lykketegning \"HARMONI\" Hva er harmoni for deg? For meg er det nok n\u00e5r roen har senket seg. N\u00e5r det ikke er s\u00e5 mange planer og man kan sette seg tilbake med en kopp kaffe, te eller kakao \u00a0eller lytte til vakker musikk. Kanskje varer det ikke s\u00e5 lenge, men husk \u00e5 nyte stunden n\u00e5r den er der.","og_url":"https:\/\/lykketegningtest.wp3.hcweb.dev\/da\/product-2\/gluckstasse-aus-der-glucksziehung-harmonie\/","og_site_name":"LYKKETEGNING ILLUSTRAT\u00d8R","article_publisher":"https:\/\/www.facebook.com\/lykketegning\/","article_modified_time":"2025-04-01T09:45:53+00:00","og_image":[{"width":1284,"height":1424,"url":"https:\/\/www.lykketegning.no\/wp-content\/uploads\/2024\/04\/IMG_B0CAF0A81B88-1.jpeg","type":"image\/jpeg"}],"twitter_card":"summary_large_image","twitter_misc":{"Estimeret l\u00e6setid":"3 minutter"},"schema":{"@context":"https:\/\/schema.org","@graph":[{"@type":"WebPage","@id":"https:\/\/lykketegningtest.wp3.hcweb.dev\/de\/product-2\/gluckstasse-aus-der-glucksziehung-harmonie\/","url":"https:\/\/lykketegningtest.wp3.hcweb.dev\/de\/product-2\/gluckstasse-aus-der-glucksziehung-harmonie\/","name":"Lykkekop fra lykketegning \"HARMONY\" - LYKKE TEGNING ILLUSTRATOR","isPartOf":{"@id":"https:\/\/lykketegningtest.wp3.hcweb.dev\/#website"},"primaryImageOfPage":{"@id":"https:\/\/lykketegningtest.wp3.hcweb.dev\/de\/product-2\/gluckstasse-aus-der-glucksziehung-harmonie\/#primaryimage"},"image":{"@id":"https:\/\/lykketegningtest.wp3.hcweb.dev\/de\/product-2\/gluckstasse-aus-der-glucksziehung-harmonie\/#primaryimage"},"thumbnailUrl":"https:\/\/lykketegningtest.wp3.hcweb.dev\/wp-content\/uploads\/2024\/04\/IMG_B0CAF0A81B88-1.jpeg","datePublished":"2024-11-10T08:10:44+00:00","dateModified":"2025-04-01T09:45:53+00:00","description":"Lykkekop fra Lykketegning \"HARMONI\" Hvad er harmoni for dig? For mig er det nok, n\u00e5r roen har s\u00e6nket sig. N\u00e5r der ikke er s\u00e5 mange planer, og man kan l\u00e6ne sig tilbage med en kop kaffe, te eller kakao eller lytte til smuk musik. Det varer m\u00e5ske ikke l\u00e6nge, men husk at nyde \u00f8jeblikket, n\u00e5r det er der.","breadcrumb":{"@id":"https:\/\/lykketegningtest.wp3.hcweb.dev\/de\/product-2\/gluckstasse-aus-der-glucksziehung-harmonie\/#breadcrumb"},"inLanguage":"da-DK","potentialAction":[{"@type":"ReadAction","target":["https:\/\/lykketegningtest.wp3.hcweb.dev\/de\/product-2\/gluckstasse-aus-der-glucksziehung-harmonie\/"]}]},{"@type":"ImageObject","inLanguage":"da-DK","@id":"https:\/\/lykketegningtest.wp3.hcweb.dev\/de\/product-2\/gluckstasse-aus-der-glucksziehung-harmonie\/#primaryimage","url":"https:\/\/lykketegningtest.wp3.hcweb.dev\/wp-content\/uploads\/2024\/04\/IMG_B0CAF0A81B88-1.jpeg","contentUrl":"https:\/\/lykketegningtest.wp3.hcweb.dev\/wp-content\/uploads\/2024\/04\/IMG_B0CAF0A81B88-1.jpeg","width":1284,"height":1424,"caption":"Lykkekopp fra Lykketegning \"HARMONI\""},{"@type":"BreadcrumbList","@id":"https:\/\/lykketegningtest.wp3.hcweb.dev\/de\/product-2\/gluckstasse-aus-der-glucksziehung-harmonie\/#breadcrumb","itemListElement":[{"@type":"ListItem","position":1,"name":"Hjem","item":"https:\/\/lykketegningtest.wp3.hcweb.dev\/"},{"@type":"ListItem","position":2,"name":"Shop","item":"https:\/\/lykketegningtest.wp3.hcweb.dev\/sv\/webbutik\/"},{"@type":"ListItem","position":3,"name":"Lykkekopp fra Lykketegning &#8220;HARMONI&#8221;"}]},{"@type":"WebSite","@id":"https:\/\/lykketegningtest.wp3.hcweb.dev\/#website","url":"https:\/\/lykketegningtest.wp3.hcweb.dev\/","name":"LYKKETEGNING ILLUSTRATOR","description":"","publisher":{"@id":"https:\/\/lykketegningtest.wp3.hcweb.dev\/#organization"},"potentialAction":[{"@type":"SearchAction","target":{"@type":"EntryPoint","urlTemplate":"https:\/\/lykketegningtest.wp3.hcweb.dev\/?s={search_term_string}"},"query-input":{"@type":"PropertyValueSpecification","valueRequired":true,"valueName":"search_term_string"}}],"inLanguage":"da-DK"},{"@type":"Organization","@id":"https:\/\/lykketegningtest.wp3.hcweb.dev\/#organization","name":"LYKKETEGNING ILLUSTRATOR","url":"https:\/\/lykketegningtest.wp3.hcweb.dev\/","logo":{"@type":"ImageObject","inLanguage":"da-DK","@id":"https:\/\/lykketegningtest.wp3.hcweb.dev\/#\/schema\/logo\/image\/","url":"https:\/\/lykketegningtest.wp3.hcweb.dev\/wp-content\/uploads\/2020\/03\/Logo2020_h400px.jpg","contentUrl":"https:\/\/lykketegningtest.wp3.hcweb.dev\/wp-content\/uploads\/2020\/03\/Logo2020_h400px.jpg","width":1024,"height":400,"caption":"LYKKETEGNING ILLUSTRAT\u00d8R"},"image":{"@id":"https:\/\/lykketegningtest.wp3.hcweb.dev\/#\/schema\/logo\/image\/"},"sameAs":["https:\/\/www.facebook.com\/lykketegning\/","https:\/\/www.instagram.com\/lykketegning\/","https:\/\/www.youtube.com\/@lykketegningillustrations","https:\/\/www.tiktok.com\/@lykketegningillustration"]}]}},"_links":{"self":[{"href":"https:\/\/lykketegningtest.wp3.hcweb.dev\/da\/wp-json\/wp\/v2\/product\/37250","targetHints":{"allow":["GET"]}}],"collection":[{"href":"https:\/\/lykketegningtest.wp3.hcweb.dev\/da\/wp-json\/wp\/v2\/product"}],"about":[{"href":"https:\/\/lykketegningtest.wp3.hcweb.dev\/da\/wp-json\/wp\/v2\/types\/product"}],"replies":[{"embeddable":true,"href":"https:\/\/lykketegningtest.wp3.hcweb.dev\/da\/wp-json\/wp\/v2\/comments?post=37250"}],"wp:featuredmedia":[{"embeddable":true,"href":"https:\/\/lykketegningtest.wp3.hcweb.dev\/da\/wp-json\/wp\/v2\/media\/37247"}],"wp:attachment":[{"href":"https:\/\/lykketegningtest.wp3.hcweb.dev\/da\/wp-json\/wp\/v2\/media?parent=37250"}],"wp:term":[{"taxonomy":"product_brand","embeddable":true,"href":"https:\/\/lykketegningtest.wp3.hcweb.dev\/da\/wp-json\/wp\/v2\/product_brand?post=37250"},{"taxonomy":"product_cat","embeddable":true,"href":"https:\/\/lykketegningtest.wp3.hcweb.dev\/da\/wp-json\/wp\/v2\/product_cat?post=37250"},{"taxonomy":"product_tag","embeddable":true,"href":"https:\/\/lykketegningtest.wp3.hcweb.dev\/da\/wp-json\/wp\/v2\/product_tag?post=37250"}],"curies":[{"name":"wp","href":"https:\/\/api.w.org\/{rel}","templated":true}]}}