{"id":37289,"date":"2023-01-12T19:09:24","date_gmt":"2023-01-12T18:09:24","guid":{"rendered":"https:\/\/www-lykketegning.wp3.hcweb.dev\/fornyelse\/?post_type=product&#038;p=37289"},"modified":"2025-04-25T13:25:30","modified_gmt":"2025-04-25T11:25:30","slug":"gratulasjonskort-du-er-bra","status":"publish","type":"product","link":"https:\/\/lykketegningtest.wp3.hcweb.dev\/da\/vare\/gratulasjonskort-du-er-bra\/","title":{"rendered":"Lyk\u00f8nskningskort Du er god!"},"content":{"rendered":"<p style=\"text-align: left;\">Fint kort til de fleste lejligheder. \"Du er fantastisk! Vi hepper p\u00e5 dig!\" Dobbeltkort i A6-st\u00f8rrelse.<\/p>\n<p>Se ogs\u00e5 de andre kort. Hvis du \u00f8nsker at blive forhandler af kort, s\u00e5 send en mail til post@lykketegning.no<\/p>","protected":false},"excerpt":{"rendered":"<p>Fint kort til de fleste lejligheder. \"Du er fantastisk. Vi hepper p\u00e5 dig!\" Dobbeltkort i A6-st\u00f8rrelse.<\/p>\n<p>Se ogs\u00e5 de andre kort. Hvis du \u00f8nsker at blive forhandler af kort, s\u00e5 send en mail til post@lykketegning.no<\/p>","protected":false},"featured_media":39821,"comment_status":"open","ping_status":"closed","template":"","meta":[],"product_brand":[],"product_cat":[172],"product_tag":[72,18,17],"class_list":{"0":"post-37289","1":"product","2":"type-product","3":"status-publish","4":"has-post-thumbnail","6":"product_cat-gratulasjonskort","7":"product_tag-bryllup","8":"product_tag-gratulasjonskort","9":"product_tag-kort","11":"first","12":"instock","13":"taxable","14":"shipping-taxable","15":"purchasable","16":"product-type-simple"},"yoast_head":"<!-- This site is optimized with the Yoast SEO plugin v27.5 - https:\/\/yoast.com\/product\/yoast-seo-wordpress\/ -->\n<title>Gratulasjonskort Du er bra! - LYKKETEGNING ILLUSTRAT\u00d8R<\/title>\n<meta name=\"robots\" content=\"noindex, follow, max-snippet:-1, max-image-preview:large, max-video-preview:-1\" \/>\n<meta property=\"og:locale\" content=\"da_DK\" \/>\n<meta property=\"og:type\" content=\"article\" \/>\n<meta property=\"og:title\" content=\"Gratulasjonskort Du er bra! - LYKKETEGNING ILLUSTRAT\u00d8R\" \/>\n<meta property=\"og:description\" content=\"Hyggelig kort til de fleste anledninger. \u00abDu er bra. Vi heier p\u00e5 deg!&quot; A6 str dobbelt kort.  Sjekk ogs\u00e5 de andre kortene da vel. \u00d8nsker du \u00e5 bli forhandler av kort, send en email til post@lykketegning.no\" \/>\n<meta property=\"og:url\" content=\"https:\/\/lykketegningtest.wp3.hcweb.dev\/da\/product-2\/tarjeta-de-felicitacion-eres-bueno\/\" \/>\n<meta property=\"og:site_name\" content=\"LYKKETEGNING ILLUSTRAT\u00d8R\" \/>\n<meta property=\"article:publisher\" content=\"https:\/\/www.facebook.com\/lykketegning\/\" \/>\n<meta property=\"article:modified_time\" content=\"2025-04-25T11:25:30+00:00\" \/>\n<meta name=\"twitter:card\" content=\"summary_large_image\" \/>\n<meta name=\"twitter:label1\" content=\"Estimeret l\u00e6setid\" \/>\n\t<meta name=\"twitter:data1\" content=\"1 minut\" \/>\n<script type=\"application\/ld+json\" class=\"yoast-schema-graph\">{\"@context\":\"https:\\\/\\\/schema.org\",\"@graph\":[{\"@type\":\"WebPage\",\"@id\":\"https:\\\/\\\/lykketegningtest.wp3.hcweb.dev\\\/es\\\/product-2\\\/tarjeta-de-felicitacion-eres-bueno\\\/\",\"url\":\"https:\\\/\\\/lykketegningtest.wp3.hcweb.dev\\\/es\\\/product-2\\\/tarjeta-de-felicitacion-eres-bueno\\\/\",\"name\":\"Gratulasjonskort Du er bra! - LYKKETEGNING ILLUSTRAT\u00d8R\",\"isPartOf\":{\"@id\":\"https:\\\/\\\/lykketegningtest.wp3.hcweb.dev\\\/#website\"},\"primaryImageOfPage\":{\"@id\":\"https:\\\/\\\/lykketegningtest.wp3.hcweb.dev\\\/es\\\/product-2\\\/tarjeta-de-felicitacion-eres-bueno\\\/#primaryimage\"},\"image\":{\"@id\":\"https:\\\/\\\/lykketegningtest.wp3.hcweb.dev\\\/es\\\/product-2\\\/tarjeta-de-felicitacion-eres-bueno\\\/#primaryimage\"},\"thumbnailUrl\":\"https:\\\/\\\/lykketegningtest.wp3.hcweb.dev\\\/wp-content\\\/uploads\\\/2023\\\/01\\\/IMG_7346-scaled.jpg\",\"datePublished\":\"2023-01-12T18:09:24+00:00\",\"dateModified\":\"2025-04-25T11:25:30+00:00\",\"breadcrumb\":{\"@id\":\"https:\\\/\\\/lykketegningtest.wp3.hcweb.dev\\\/es\\\/product-2\\\/tarjeta-de-felicitacion-eres-bueno\\\/#breadcrumb\"},\"inLanguage\":\"da-DK\",\"potentialAction\":[{\"@type\":\"ReadAction\",\"target\":[\"https:\\\/\\\/lykketegningtest.wp3.hcweb.dev\\\/es\\\/product-2\\\/tarjeta-de-felicitacion-eres-bueno\\\/\"]}]},{\"@type\":\"ImageObject\",\"inLanguage\":\"da-DK\",\"@id\":\"https:\\\/\\\/lykketegningtest.wp3.hcweb.dev\\\/es\\\/product-2\\\/tarjeta-de-felicitacion-eres-bueno\\\/#primaryimage\",\"url\":\"https:\\\/\\\/lykketegningtest.wp3.hcweb.dev\\\/wp-content\\\/uploads\\\/2023\\\/01\\\/IMG_7346-scaled.jpg\",\"contentUrl\":\"https:\\\/\\\/lykketegningtest.wp3.hcweb.dev\\\/wp-content\\\/uploads\\\/2023\\\/01\\\/IMG_7346-scaled.jpg\",\"width\":2560,\"height\":2560},{\"@type\":\"BreadcrumbList\",\"@id\":\"https:\\\/\\\/lykketegningtest.wp3.hcweb.dev\\\/es\\\/product-2\\\/tarjeta-de-felicitacion-eres-bueno\\\/#breadcrumb\",\"itemListElement\":[{\"@type\":\"ListItem\",\"position\":1,\"name\":\"Hjem\",\"item\":\"https:\\\/\\\/lykketegningtest.wp3.hcweb.dev\\\/\"},{\"@type\":\"ListItem\",\"position\":2,\"name\":\"Shop\",\"item\":\"https:\\\/\\\/lykketegningtest.wp3.hcweb.dev\\\/sv\\\/webbutik\\\/\"},{\"@type\":\"ListItem\",\"position\":3,\"name\":\"Gratulasjonskort Du er bra!\"}]},{\"@type\":\"WebSite\",\"@id\":\"https:\\\/\\\/lykketegningtest.wp3.hcweb.dev\\\/#website\",\"url\":\"https:\\\/\\\/lykketegningtest.wp3.hcweb.dev\\\/\",\"name\":\"LYKKETEGNING ILLUSTRAT\u00d8R\",\"description\":\"\",\"publisher\":{\"@id\":\"https:\\\/\\\/lykketegningtest.wp3.hcweb.dev\\\/#organization\"},\"potentialAction\":[{\"@type\":\"SearchAction\",\"target\":{\"@type\":\"EntryPoint\",\"urlTemplate\":\"https:\\\/\\\/lykketegningtest.wp3.hcweb.dev\\\/?s={search_term_string}\"},\"query-input\":{\"@type\":\"PropertyValueSpecification\",\"valueRequired\":true,\"valueName\":\"search_term_string\"}}],\"inLanguage\":\"da-DK\"},{\"@type\":\"Organization\",\"@id\":\"https:\\\/\\\/lykketegningtest.wp3.hcweb.dev\\\/#organization\",\"name\":\"LYKKETEGNING ILLUSTRAT\u00d8R\",\"url\":\"https:\\\/\\\/lykketegningtest.wp3.hcweb.dev\\\/\",\"logo\":{\"@type\":\"ImageObject\",\"inLanguage\":\"da-DK\",\"@id\":\"https:\\\/\\\/lykketegningtest.wp3.hcweb.dev\\\/#\\\/schema\\\/logo\\\/image\\\/\",\"url\":\"https:\\\/\\\/lykketegningtest.wp3.hcweb.dev\\\/wp-content\\\/uploads\\\/2020\\\/03\\\/Logo2020_h400px.jpg\",\"contentUrl\":\"https:\\\/\\\/lykketegningtest.wp3.hcweb.dev\\\/wp-content\\\/uploads\\\/2020\\\/03\\\/Logo2020_h400px.jpg\",\"width\":1024,\"height\":400,\"caption\":\"LYKKETEGNING ILLUSTRAT\u00d8R\"},\"image\":{\"@id\":\"https:\\\/\\\/lykketegningtest.wp3.hcweb.dev\\\/#\\\/schema\\\/logo\\\/image\\\/\"},\"sameAs\":[\"https:\\\/\\\/www.facebook.com\\\/lykketegning\\\/\",\"https:\\\/\\\/www.instagram.com\\\/lykketegning\\\/\",\"https:\\\/\\\/www.youtube.com\\\/@lykketegningillustrations\",\"https:\\\/\\\/www.tiktok.com\\\/@lykketegningillustration\"]}]}<\/script>\n<!-- \/ Yoast SEO plugin. -->","yoast_head_json":{"title":"Lyk\u00f8nskningskort Du er god! - HELDIG TEGNING ILLUSTRATOR","robots":{"index":"noindex","follow":"follow","max-snippet":"max-snippet:-1","max-image-preview":"max-image-preview:large","max-video-preview":"max-video-preview:-1"},"og_locale":"da_DK","og_type":"article","og_title":"Gratulasjonskort Du er bra! - LYKKETEGNING ILLUSTRAT\u00d8R","og_description":"Hyggelig kort til de fleste anledninger. \u00abDu er bra. Vi heier p\u00e5 deg!\" A6 str dobbelt kort.  Sjekk ogs\u00e5 de andre kortene da vel. \u00d8nsker du \u00e5 bli forhandler av kort, send en email til post@lykketegning.no","og_url":"https:\/\/lykketegningtest.wp3.hcweb.dev\/da\/product-2\/tarjeta-de-felicitacion-eres-bueno\/","og_site_name":"LYKKETEGNING ILLUSTRAT\u00d8R","article_publisher":"https:\/\/www.facebook.com\/lykketegning\/","article_modified_time":"2025-04-25T11:25:30+00:00","twitter_card":"summary_large_image","twitter_misc":{"Estimeret l\u00e6setid":"1 minut"},"schema":{"@context":"https:\/\/schema.org","@graph":[{"@type":"WebPage","@id":"https:\/\/lykketegningtest.wp3.hcweb.dev\/es\/product-2\/tarjeta-de-felicitacion-eres-bueno\/","url":"https:\/\/lykketegningtest.wp3.hcweb.dev\/es\/product-2\/tarjeta-de-felicitacion-eres-bueno\/","name":"Lyk\u00f8nskningskort Du er god! - HELDIG TEGNING ILLUSTRATOR","isPartOf":{"@id":"https:\/\/lykketegningtest.wp3.hcweb.dev\/#website"},"primaryImageOfPage":{"@id":"https:\/\/lykketegningtest.wp3.hcweb.dev\/es\/product-2\/tarjeta-de-felicitacion-eres-bueno\/#primaryimage"},"image":{"@id":"https:\/\/lykketegningtest.wp3.hcweb.dev\/es\/product-2\/tarjeta-de-felicitacion-eres-bueno\/#primaryimage"},"thumbnailUrl":"https:\/\/lykketegningtest.wp3.hcweb.dev\/wp-content\/uploads\/2023\/01\/IMG_7346-scaled.jpg","datePublished":"2023-01-12T18:09:24+00:00","dateModified":"2025-04-25T11:25:30+00:00","breadcrumb":{"@id":"https:\/\/lykketegningtest.wp3.hcweb.dev\/es\/product-2\/tarjeta-de-felicitacion-eres-bueno\/#breadcrumb"},"inLanguage":"da-DK","potentialAction":[{"@type":"ReadAction","target":["https:\/\/lykketegningtest.wp3.hcweb.dev\/es\/product-2\/tarjeta-de-felicitacion-eres-bueno\/"]}]},{"@type":"ImageObject","inLanguage":"da-DK","@id":"https:\/\/lykketegningtest.wp3.hcweb.dev\/es\/product-2\/tarjeta-de-felicitacion-eres-bueno\/#primaryimage","url":"https:\/\/lykketegningtest.wp3.hcweb.dev\/wp-content\/uploads\/2023\/01\/IMG_7346-scaled.jpg","contentUrl":"https:\/\/lykketegningtest.wp3.hcweb.dev\/wp-content\/uploads\/2023\/01\/IMG_7346-scaled.jpg","width":2560,"height":2560},{"@type":"BreadcrumbList","@id":"https:\/\/lykketegningtest.wp3.hcweb.dev\/es\/product-2\/tarjeta-de-felicitacion-eres-bueno\/#breadcrumb","itemListElement":[{"@type":"ListItem","position":1,"name":"Hjem","item":"https:\/\/lykketegningtest.wp3.hcweb.dev\/"},{"@type":"ListItem","position":2,"name":"Shop","item":"https:\/\/lykketegningtest.wp3.hcweb.dev\/sv\/webbutik\/"},{"@type":"ListItem","position":3,"name":"Gratulasjonskort Du er bra!"}]},{"@type":"WebSite","@id":"https:\/\/lykketegningtest.wp3.hcweb.dev\/#website","url":"https:\/\/lykketegningtest.wp3.hcweb.dev\/","name":"LYKKETEGNING ILLUSTRATOR","description":"","publisher":{"@id":"https:\/\/lykketegningtest.wp3.hcweb.dev\/#organization"},"potentialAction":[{"@type":"SearchAction","target":{"@type":"EntryPoint","urlTemplate":"https:\/\/lykketegningtest.wp3.hcweb.dev\/?s={search_term_string}"},"query-input":{"@type":"PropertyValueSpecification","valueRequired":true,"valueName":"search_term_string"}}],"inLanguage":"da-DK"},{"@type":"Organization","@id":"https:\/\/lykketegningtest.wp3.hcweb.dev\/#organization","name":"LYKKETEGNING ILLUSTRATOR","url":"https:\/\/lykketegningtest.wp3.hcweb.dev\/","logo":{"@type":"ImageObject","inLanguage":"da-DK","@id":"https:\/\/lykketegningtest.wp3.hcweb.dev\/#\/schema\/logo\/image\/","url":"https:\/\/lykketegningtest.wp3.hcweb.dev\/wp-content\/uploads\/2020\/03\/Logo2020_h400px.jpg","contentUrl":"https:\/\/lykketegningtest.wp3.hcweb.dev\/wp-content\/uploads\/2020\/03\/Logo2020_h400px.jpg","width":1024,"height":400,"caption":"LYKKETEGNING ILLUSTRAT\u00d8R"},"image":{"@id":"https:\/\/lykketegningtest.wp3.hcweb.dev\/#\/schema\/logo\/image\/"},"sameAs":["https:\/\/www.facebook.com\/lykketegning\/","https:\/\/www.instagram.com\/lykketegning\/","https:\/\/www.youtube.com\/@lykketegningillustrations","https:\/\/www.tiktok.com\/@lykketegningillustration"]}]}},"_links":{"self":[{"href":"https:\/\/lykketegningtest.wp3.hcweb.dev\/da\/wp-json\/wp\/v2\/product\/37289","targetHints":{"allow":["GET"]}}],"collection":[{"href":"https:\/\/lykketegningtest.wp3.hcweb.dev\/da\/wp-json\/wp\/v2\/product"}],"about":[{"href":"https:\/\/lykketegningtest.wp3.hcweb.dev\/da\/wp-json\/wp\/v2\/types\/product"}],"replies":[{"embeddable":true,"href":"https:\/\/lykketegningtest.wp3.hcweb.dev\/da\/wp-json\/wp\/v2\/comments?post=37289"}],"wp:featuredmedia":[{"embeddable":true,"href":"https:\/\/lykketegningtest.wp3.hcweb.dev\/da\/wp-json\/wp\/v2\/media\/39821"}],"wp:attachment":[{"href":"https:\/\/lykketegningtest.wp3.hcweb.dev\/da\/wp-json\/wp\/v2\/media?parent=37289"}],"wp:term":[{"taxonomy":"product_brand","embeddable":true,"href":"https:\/\/lykketegningtest.wp3.hcweb.dev\/da\/wp-json\/wp\/v2\/product_brand?post=37289"},{"taxonomy":"product_cat","embeddable":true,"href":"https:\/\/lykketegningtest.wp3.hcweb.dev\/da\/wp-json\/wp\/v2\/product_cat?post=37289"},{"taxonomy":"product_tag","embeddable":true,"href":"https:\/\/lykketegningtest.wp3.hcweb.dev\/da\/wp-json\/wp\/v2\/product_tag?post=37289"}],"curies":[{"name":"wp","href":"https:\/\/api.w.org\/{rel}","templated":true}]}}