{"id":37321,"date":"2023-09-20T13:29:09","date_gmt":"2023-09-20T11:29:09","guid":{"rendered":"https:\/\/www-lykketegning.wp3.hcweb.dev\/fornyelse\/?post_type=product&#038;p=37321"},"modified":"2026-05-10T21:31:19","modified_gmt":"2026-05-10T19:31:19","slug":"nyhet-lykketegningkopp-jeg-klarer","status":"publish","type":"product","link":"https:\/\/lykketegningtest.wp3.hcweb.dev\/da\/vare\/nyhet-lykketegningkopp-jeg-klarer\/","title":{"rendered":"Lucky krus \u201cJeg kan godt\u201d Pippi"},"content":{"rendered":"<p>\"Jeg har aldrig pr\u00f8vet det f\u00f8r, s\u00e5 jeg kan helt sikkert g\u00f8re det!\"<\/p>\n<p>Jeg kan g\u00f8re det!<\/p>\n<p><i>Yay ... sikke et fantastisk livsmotto!<span class=\"Apple-converted-space\">\u00a0<\/span><\/i><\/p>\n<p><i>Livet \u00e6ndrer sig hele tiden, og der vil komme nye udfordringer.<\/i><\/p>\n<p><i><span class=\"Apple-converted-space\">\u00a0<\/span>S\u00e5 er det bare at sm\u00f8ge \u00e6rmerne op og v\u00e6re \u00e5ben for ny viden!<\/i><\/p>\n<p><i>Vi hepper p\u00e5 dig og t\u00e6nker ogs\u00e5;<span class=\"Apple-converted-space\">\u00a0<\/span><\/i><\/p>\n<p><i>Du kan helt sikkert g\u00f8re det!<\/i><\/p>\n<p>Ingebj\u00f8rg Rang\u00f8y Sj\u00e5land<\/p>\n<p>Heldig lodtr\u00e6kning<\/p>\n<p>Det nye \"I can do it\"-krus er l\u00e6kkert at drikke af. Bestil nu og f\u00e5 dit eget Happy Mug! En god gave til en ven eller til dig selv!<\/p>\n<p>&nbsp;<\/p>\n<p>Krus Lysegr\u00f8n D8 H9,5 400ml Materiale: Porcel\u00e6n<\/p>\n<p>T\u00e5ler opvaskemaskine<\/p>\n<p>&nbsp;<\/p>\n<p>P\u00e5 hjemmesiden finder du nogle illustrationer og andre produkter som kopper, lyk\u00f8nskningskort og kalendere.<\/p>\n<p>Her bliver der hele tiden lanceret nye produkter.<\/p>\n<p>For\u00a0<strong>mange mange mange mange<\/strong>\u00a0flere illustrationer; bes\u00f8g min Instagram- og Facebook-profil.<\/p>\n<p>Faktisk er alle illustrationer til salg. 999 SEK for A4 og 1500 SEK for A3.<\/p>\n<p>Du kan ogs\u00e5 bestille dine helt egne - gode gaver til bryllupper og andre fester. Kontakt indbakken for dette.<\/p>\n<p><em>Pris: 1500kr for A4 og A5 (op til 5 personer\/dyr), ekstra omkostninger for flere (op til 5 personer\/dyr). A3 2000kr ex porto. Jeg har brug for at kende h\u00e5rfarve\/h\u00e5rtype, h\u00f8jde, interesser og \u00f8nsket antal illustrerede personer. Alle tilbud, du \u00f8nsker inkluderet.<\/em><\/p>\n<p>Hvis du har sp\u00f8rgsm\u00e5l, s\u00e5 t\u00f8v ikke med at kontakte mig! Hvis du gerne vil have en snak om et muligt samarbejde, s\u00e5 send mig en e-mail.<\/p>\n<p>Jeg ser frem til at h\u00f8re fra dig og h\u00e5ber, at du f\u00e5r en dejlig dag.<\/p>\n<p>Kunstner<br \/>\nIngebj\u00f8rg Rang\u00f8y Sj\u00e5land<\/p>","protected":false},"excerpt":{"rendered":"<p>\"Jeg har aldrig pr\u00f8vet det f\u00f8r, s\u00e5 jeg kan helt sikkert g\u00f8re det!\"<\/p>\n<p>Jeg kan g\u00f8re det!<\/p>\n<p><i>Yay ... sikke et fantastisk livsmotto! <\/i><\/p>\n<p><i>Livet \u00e6ndrer sig hele tiden, og der vil komme nye udfordringer.<\/i><\/p>\n<p><i> S\u00e5 er det bare at sm\u00f8ge \u00e6rmerne op og v\u00e6re \u00e5ben for ny viden!<\/i><\/p>\n<p><i>Vi hepper p\u00e5 dig og t\u00e6nker ogs\u00e5; <\/i><\/p>\n<p><i>Du kan helt sikkert g\u00f8re det!<\/i><\/p>\n<p>Ingebj\u00f8rg Rang\u00f8y Sj\u00e5land<\/p>\n<p>Heldig lodtr\u00e6kning<\/p>\n<p>Det nye \"I can do it\"-krus er l\u00e6kkert at drikke af. Bestil nu og f\u00e5 dit eget Happy Mug! En god gave til en ven eller til dig selv!<\/p>\n<p>&nbsp;<\/p>\n<p>Krus Lysegr\u00f8n D8 H9,5 400ml Materiale: Porcel\u00e6n<\/p>\n<p>T\u00e5ler opvaskemaskine<\/p>","protected":false},"featured_media":39790,"comment_status":"open","ping_status":"closed","template":"","meta":[],"product_brand":[],"product_cat":[41],"product_tag":[332,331,12,13,68],"class_list":{"0":"post-37321","1":"product","2":"type-product","3":"status-publish","4":"has-post-thumbnail","6":"product_cat-lykkekopper","7":"product_tag-det-har-jeg-aldri-provd-for","8":"product_tag-jeg-klarer","9":"product_tag-kopp","10":"product_tag-krus","11":"product_tag-pippi","13":"first","14":"instock","15":"taxable","16":"shipping-taxable","17":"purchasable","18":"product-type-simple"},"yoast_head":"<!-- This site is optimized with the Yoast SEO plugin v27.5 - https:\/\/yoast.com\/product\/yoast-seo-wordpress\/ -->\n<title>Lykketegningkrus &quot;Jeg klarer&quot; Pippi - LYKKETEGNING ILLUSTRAT\u00d8R<\/title>\n<meta name=\"description\" content=\"Det nye kruset \u00abJeg klarer\u00bb er nydelig \u00e5 drikke av. Bestill n\u00e5 og f\u00e5 ditt eget Lykkekrus! Flott venninnegave eller til deg selv!\" \/>\n<meta name=\"robots\" content=\"noindex, follow, max-snippet:-1, max-image-preview:large, max-video-preview:-1\" \/>\n<meta property=\"og:locale\" content=\"da_DK\" \/>\n<meta property=\"og:type\" content=\"article\" \/>\n<meta property=\"og:title\" content=\"Lykketegningkrus &quot;Jeg klarer&quot; Pippi - LYKKETEGNING ILLUSTRAT\u00d8R\" \/>\n<meta property=\"og:description\" content=\"Det nye kruset \u00abJeg klarer\u00bb er nydelig \u00e5 drikke av. Bestill n\u00e5 og f\u00e5 ditt eget Lykkekrus! Flott venninnegave eller til deg selv!\" \/>\n<meta property=\"og:url\" content=\"https:\/\/lykketegningtest.wp3.hcweb.dev\/da\/product-2\/novelty-lucky-drawing-cup-i-manage\/\" \/>\n<meta property=\"og:site_name\" content=\"LYKKETEGNING ILLUSTRAT\u00d8R\" \/>\n<meta property=\"article:publisher\" content=\"https:\/\/www.facebook.com\/lykketegning\/\" \/>\n<meta property=\"article:modified_time\" content=\"2026-05-10T19:31:19+00:00\" \/>\n<meta name=\"twitter:card\" content=\"summary_large_image\" \/>\n<meta name=\"twitter:label1\" content=\"Estimeret l\u00e6setid\" \/>\n\t<meta name=\"twitter:data1\" content=\"2 minutter\" \/>\n<script type=\"application\/ld+json\" class=\"yoast-schema-graph\">{\"@context\":\"https:\\\/\\\/schema.org\",\"@graph\":[{\"@type\":\"WebPage\",\"@id\":\"https:\\\/\\\/lykketegningtest.wp3.hcweb.dev\\\/en\\\/product-2\\\/novelty-lucky-drawing-cup-i-manage\\\/\",\"url\":\"https:\\\/\\\/lykketegningtest.wp3.hcweb.dev\\\/en\\\/product-2\\\/novelty-lucky-drawing-cup-i-manage\\\/\",\"name\":\"Lykketegningkrus \\\"Jeg klarer\\\" Pippi - LYKKETEGNING ILLUSTRAT\u00d8R\",\"isPartOf\":{\"@id\":\"https:\\\/\\\/lykketegningtest.wp3.hcweb.dev\\\/#website\"},\"primaryImageOfPage\":{\"@id\":\"https:\\\/\\\/lykketegningtest.wp3.hcweb.dev\\\/en\\\/product-2\\\/novelty-lucky-drawing-cup-i-manage\\\/#primaryimage\"},\"image\":{\"@id\":\"https:\\\/\\\/lykketegningtest.wp3.hcweb.dev\\\/en\\\/product-2\\\/novelty-lucky-drawing-cup-i-manage\\\/#primaryimage\"},\"thumbnailUrl\":\"https:\\\/\\\/lykketegningtest.wp3.hcweb.dev\\\/wp-content\\\/uploads\\\/2024\\\/08\\\/IMG_7320-scaled.jpg\",\"datePublished\":\"2023-09-20T11:29:09+00:00\",\"dateModified\":\"2026-05-10T19:31:19+00:00\",\"description\":\"Det nye kruset \u00abJeg klarer\u00bb er nydelig \u00e5 drikke av. Bestill n\u00e5 og f\u00e5 ditt eget Lykkekrus! Flott venninnegave eller til deg selv!\",\"breadcrumb\":{\"@id\":\"https:\\\/\\\/lykketegningtest.wp3.hcweb.dev\\\/en\\\/product-2\\\/novelty-lucky-drawing-cup-i-manage\\\/#breadcrumb\"},\"inLanguage\":\"da-DK\",\"potentialAction\":[{\"@type\":\"ReadAction\",\"target\":[\"https:\\\/\\\/lykketegningtest.wp3.hcweb.dev\\\/en\\\/product-2\\\/novelty-lucky-drawing-cup-i-manage\\\/\"]}]},{\"@type\":\"ImageObject\",\"inLanguage\":\"da-DK\",\"@id\":\"https:\\\/\\\/lykketegningtest.wp3.hcweb.dev\\\/en\\\/product-2\\\/novelty-lucky-drawing-cup-i-manage\\\/#primaryimage\",\"url\":\"https:\\\/\\\/lykketegningtest.wp3.hcweb.dev\\\/wp-content\\\/uploads\\\/2024\\\/08\\\/IMG_7320-scaled.jpg\",\"contentUrl\":\"https:\\\/\\\/lykketegningtest.wp3.hcweb.dev\\\/wp-content\\\/uploads\\\/2024\\\/08\\\/IMG_7320-scaled.jpg\",\"width\":2560,\"height\":2560},{\"@type\":\"BreadcrumbList\",\"@id\":\"https:\\\/\\\/lykketegningtest.wp3.hcweb.dev\\\/en\\\/product-2\\\/novelty-lucky-drawing-cup-i-manage\\\/#breadcrumb\",\"itemListElement\":[{\"@type\":\"ListItem\",\"position\":1,\"name\":\"Hjem\",\"item\":\"https:\\\/\\\/lykketegningtest.wp3.hcweb.dev\\\/\"},{\"@type\":\"ListItem\",\"position\":2,\"name\":\"Shop\",\"item\":\"https:\\\/\\\/lykketegningtest.wp3.hcweb.dev\\\/sv\\\/webbutik\\\/\"},{\"@type\":\"ListItem\",\"position\":3,\"name\":\"Lykketegningkrus &#8220;Jeg klarer&#8221; Pippi\"}]},{\"@type\":\"WebSite\",\"@id\":\"https:\\\/\\\/lykketegningtest.wp3.hcweb.dev\\\/#website\",\"url\":\"https:\\\/\\\/lykketegningtest.wp3.hcweb.dev\\\/\",\"name\":\"LYKKETEGNING ILLUSTRAT\u00d8R\",\"description\":\"\",\"publisher\":{\"@id\":\"https:\\\/\\\/lykketegningtest.wp3.hcweb.dev\\\/#organization\"},\"potentialAction\":[{\"@type\":\"SearchAction\",\"target\":{\"@type\":\"EntryPoint\",\"urlTemplate\":\"https:\\\/\\\/lykketegningtest.wp3.hcweb.dev\\\/?s={search_term_string}\"},\"query-input\":{\"@type\":\"PropertyValueSpecification\",\"valueRequired\":true,\"valueName\":\"search_term_string\"}}],\"inLanguage\":\"da-DK\"},{\"@type\":\"Organization\",\"@id\":\"https:\\\/\\\/lykketegningtest.wp3.hcweb.dev\\\/#organization\",\"name\":\"LYKKETEGNING ILLUSTRAT\u00d8R\",\"url\":\"https:\\\/\\\/lykketegningtest.wp3.hcweb.dev\\\/\",\"logo\":{\"@type\":\"ImageObject\",\"inLanguage\":\"da-DK\",\"@id\":\"https:\\\/\\\/lykketegningtest.wp3.hcweb.dev\\\/#\\\/schema\\\/logo\\\/image\\\/\",\"url\":\"https:\\\/\\\/lykketegningtest.wp3.hcweb.dev\\\/wp-content\\\/uploads\\\/2020\\\/03\\\/Logo2020_h400px.jpg\",\"contentUrl\":\"https:\\\/\\\/lykketegningtest.wp3.hcweb.dev\\\/wp-content\\\/uploads\\\/2020\\\/03\\\/Logo2020_h400px.jpg\",\"width\":1024,\"height\":400,\"caption\":\"LYKKETEGNING ILLUSTRAT\u00d8R\"},\"image\":{\"@id\":\"https:\\\/\\\/lykketegningtest.wp3.hcweb.dev\\\/#\\\/schema\\\/logo\\\/image\\\/\"},\"sameAs\":[\"https:\\\/\\\/www.facebook.com\\\/lykketegning\\\/\",\"https:\\\/\\\/www.instagram.com\\\/lykketegning\\\/\",\"https:\\\/\\\/www.youtube.com\\\/@lykketegningillustrations\",\"https:\\\/\\\/www.tiktok.com\\\/@lykketegningillustration\"]}]}<\/script>\n<!-- \/ Yoast SEO plugin. -->","yoast_head_json":{"title":"Lykketegningskrus \"Jeg kan g\u00f8re det\" Pippi - LUCKY DRAWING ILLUSTRATOR","description":"Det nye \"I can do it\"-krus er l\u00e6kkert at drikke af. Bestil nu og f\u00e5 dit eget Happy Mug! En god gave til en ven eller til dig selv!","robots":{"index":"noindex","follow":"follow","max-snippet":"max-snippet:-1","max-image-preview":"max-image-preview:large","max-video-preview":"max-video-preview:-1"},"og_locale":"da_DK","og_type":"article","og_title":"Lykketegningkrus \"Jeg klarer\" Pippi - LYKKETEGNING ILLUSTRAT\u00d8R","og_description":"Det nye kruset \u00abJeg klarer\u00bb er nydelig \u00e5 drikke av. Bestill n\u00e5 og f\u00e5 ditt eget Lykkekrus! Flott venninnegave eller til deg selv!","og_url":"https:\/\/lykketegningtest.wp3.hcweb.dev\/da\/product-2\/novelty-lucky-drawing-cup-i-manage\/","og_site_name":"LYKKETEGNING ILLUSTRAT\u00d8R","article_publisher":"https:\/\/www.facebook.com\/lykketegning\/","article_modified_time":"2026-05-10T19:31:19+00:00","twitter_card":"summary_large_image","twitter_misc":{"Estimeret l\u00e6setid":"2 minutter"},"schema":{"@context":"https:\/\/schema.org","@graph":[{"@type":"WebPage","@id":"https:\/\/lykketegningtest.wp3.hcweb.dev\/en\/product-2\/novelty-lucky-drawing-cup-i-manage\/","url":"https:\/\/lykketegningtest.wp3.hcweb.dev\/en\/product-2\/novelty-lucky-drawing-cup-i-manage\/","name":"Lykketegningskrus \"Jeg kan g\u00f8re det\" Pippi - LUCKY DRAWING ILLUSTRATOR","isPartOf":{"@id":"https:\/\/lykketegningtest.wp3.hcweb.dev\/#website"},"primaryImageOfPage":{"@id":"https:\/\/lykketegningtest.wp3.hcweb.dev\/en\/product-2\/novelty-lucky-drawing-cup-i-manage\/#primaryimage"},"image":{"@id":"https:\/\/lykketegningtest.wp3.hcweb.dev\/en\/product-2\/novelty-lucky-drawing-cup-i-manage\/#primaryimage"},"thumbnailUrl":"https:\/\/lykketegningtest.wp3.hcweb.dev\/wp-content\/uploads\/2024\/08\/IMG_7320-scaled.jpg","datePublished":"2023-09-20T11:29:09+00:00","dateModified":"2026-05-10T19:31:19+00:00","description":"Det nye \"I can do it\"-krus er l\u00e6kkert at drikke af. Bestil nu og f\u00e5 dit eget Happy Mug! En god gave til en ven eller til dig selv!","breadcrumb":{"@id":"https:\/\/lykketegningtest.wp3.hcweb.dev\/en\/product-2\/novelty-lucky-drawing-cup-i-manage\/#breadcrumb"},"inLanguage":"da-DK","potentialAction":[{"@type":"ReadAction","target":["https:\/\/lykketegningtest.wp3.hcweb.dev\/en\/product-2\/novelty-lucky-drawing-cup-i-manage\/"]}]},{"@type":"ImageObject","inLanguage":"da-DK","@id":"https:\/\/lykketegningtest.wp3.hcweb.dev\/en\/product-2\/novelty-lucky-drawing-cup-i-manage\/#primaryimage","url":"https:\/\/lykketegningtest.wp3.hcweb.dev\/wp-content\/uploads\/2024\/08\/IMG_7320-scaled.jpg","contentUrl":"https:\/\/lykketegningtest.wp3.hcweb.dev\/wp-content\/uploads\/2024\/08\/IMG_7320-scaled.jpg","width":2560,"height":2560},{"@type":"BreadcrumbList","@id":"https:\/\/lykketegningtest.wp3.hcweb.dev\/en\/product-2\/novelty-lucky-drawing-cup-i-manage\/#breadcrumb","itemListElement":[{"@type":"ListItem","position":1,"name":"Hjem","item":"https:\/\/lykketegningtest.wp3.hcweb.dev\/"},{"@type":"ListItem","position":2,"name":"Shop","item":"https:\/\/lykketegningtest.wp3.hcweb.dev\/sv\/webbutik\/"},{"@type":"ListItem","position":3,"name":"Lykketegningkrus &#8220;Jeg klarer&#8221; Pippi"}]},{"@type":"WebSite","@id":"https:\/\/lykketegningtest.wp3.hcweb.dev\/#website","url":"https:\/\/lykketegningtest.wp3.hcweb.dev\/","name":"LYKKETEGNING ILLUSTRATOR","description":"","publisher":{"@id":"https:\/\/lykketegningtest.wp3.hcweb.dev\/#organization"},"potentialAction":[{"@type":"SearchAction","target":{"@type":"EntryPoint","urlTemplate":"https:\/\/lykketegningtest.wp3.hcweb.dev\/?s={search_term_string}"},"query-input":{"@type":"PropertyValueSpecification","valueRequired":true,"valueName":"search_term_string"}}],"inLanguage":"da-DK"},{"@type":"Organization","@id":"https:\/\/lykketegningtest.wp3.hcweb.dev\/#organization","name":"LYKKETEGNING ILLUSTRATOR","url":"https:\/\/lykketegningtest.wp3.hcweb.dev\/","logo":{"@type":"ImageObject","inLanguage":"da-DK","@id":"https:\/\/lykketegningtest.wp3.hcweb.dev\/#\/schema\/logo\/image\/","url":"https:\/\/lykketegningtest.wp3.hcweb.dev\/wp-content\/uploads\/2020\/03\/Logo2020_h400px.jpg","contentUrl":"https:\/\/lykketegningtest.wp3.hcweb.dev\/wp-content\/uploads\/2020\/03\/Logo2020_h400px.jpg","width":1024,"height":400,"caption":"LYKKETEGNING ILLUSTRAT\u00d8R"},"image":{"@id":"https:\/\/lykketegningtest.wp3.hcweb.dev\/#\/schema\/logo\/image\/"},"sameAs":["https:\/\/www.facebook.com\/lykketegning\/","https:\/\/www.instagram.com\/lykketegning\/","https:\/\/www.youtube.com\/@lykketegningillustrations","https:\/\/www.tiktok.com\/@lykketegningillustration"]}]}},"_links":{"self":[{"href":"https:\/\/lykketegningtest.wp3.hcweb.dev\/da\/wp-json\/wp\/v2\/product\/37321","targetHints":{"allow":["GET"]}}],"collection":[{"href":"https:\/\/lykketegningtest.wp3.hcweb.dev\/da\/wp-json\/wp\/v2\/product"}],"about":[{"href":"https:\/\/lykketegningtest.wp3.hcweb.dev\/da\/wp-json\/wp\/v2\/types\/product"}],"replies":[{"embeddable":true,"href":"https:\/\/lykketegningtest.wp3.hcweb.dev\/da\/wp-json\/wp\/v2\/comments?post=37321"}],"wp:featuredmedia":[{"embeddable":true,"href":"https:\/\/lykketegningtest.wp3.hcweb.dev\/da\/wp-json\/wp\/v2\/media\/39790"}],"wp:attachment":[{"href":"https:\/\/lykketegningtest.wp3.hcweb.dev\/da\/wp-json\/wp\/v2\/media?parent=37321"}],"wp:term":[{"taxonomy":"product_brand","embeddable":true,"href":"https:\/\/lykketegningtest.wp3.hcweb.dev\/da\/wp-json\/wp\/v2\/product_brand?post=37321"},{"taxonomy":"product_cat","embeddable":true,"href":"https:\/\/lykketegningtest.wp3.hcweb.dev\/da\/wp-json\/wp\/v2\/product_cat?post=37321"},{"taxonomy":"product_tag","embeddable":true,"href":"https:\/\/lykketegningtest.wp3.hcweb.dev\/da\/wp-json\/wp\/v2\/product_tag?post=37321"}],"curies":[{"name":"wp","href":"https:\/\/api.w.org\/{rel}","templated":true}]}}