{"id":37359,"date":"2025-01-04T14:48:34","date_gmt":"2025-01-04T13:48:34","guid":{"rendered":"https:\/\/www-lykketegning.wp3.hcweb.dev\/fornyelse\/?post_type=product&#038;p=37359"},"modified":"2026-05-04T22:44:58","modified_gmt":"2026-05-04T20:44:58","slug":"nyhet-lykketegningkrus-mamma","status":"publish","type":"product","link":"https:\/\/lykketegningtest.wp3.hcweb.dev\/da\/vare\/nyhet-lykketegningkrus-mamma\/","title":{"rendered":"NYT! Krus med heldige tegninger \"Mum\""},"content":{"rendered":"<p>NYT! Krus med heldige tegninger \"Mum\"<\/p>\n<p><i>Mor<\/i><\/p>\n<p><i>De fleste m\u00f8dre f\u00e5r et ekstra beskyttelsesgen, s\u00e5 snart det lille fr\u00f8 begynder at spire eller ved det f\u00f8rste m\u00f8de.<span class=\"Apple-converted-space\">\u00a0 <\/span>De kan g\u00e5 gennem ild og vand for at beskytte. Det er smukt og til tider nok ogs\u00e5 urimeligt og p\u00e5 kanten til overbeskyttende. Med en god balance og en stor dosis k\u00e6rlighed g\u00e5r det sj\u00e6ldent galt. Du g\u00f8r et fantastisk stykke arbejde.<\/i><\/p>\n<p>Ingebj\u00f8rg Rang\u00f8y Sj\u00e5land<\/p>\n<p>Heldig lodtr\u00e6kning<\/p>\n<p><i><span class=\"Apple-converted-space\">\u00a0<\/span><\/i><\/p>\n<p>Heldig lodtr\u00e6kning<\/p>\n<p>Det nye \"Mum\"-krus er l\u00e6kkert at drikke af. Bestil nu og f\u00e5 dit eget Happy Mug! God gave eller til dig selv!<\/p>\n<p>&nbsp;<\/p>\n<p>Krus Lys abrikos D8 H9,5 400 ml Materiale: Porcel\u00e6n<\/p>\n<p>T\u00e5ler opvaskemaskine<\/p>\n<p>&nbsp;<\/p>\n<p>P\u00e5 hjemmesiden finder du nogle illustrationer og andre produkter som kopper, lyk\u00f8nskningskort og kalendere.<\/p>\n<p>Her bliver der hele tiden lanceret nye produkter.<\/p>\n<p>For\u00a0<strong>mange mange mange mange<\/strong>\u00a0flere illustrationer; bes\u00f8g min Instagram- og Facebook-profil.<\/p>\n<p>Faktisk er alle illustrationer til salg. 999 SEK for A4 og 1500 SEK for A3.<\/p>\n<p>Du kan ogs\u00e5 bestille dine helt egne - gode gaver til bryllupper og andre fester. Kontakt indbakken for dette.<\/p>\n<p><em>Pris: 1500kr for A4 og A5 (op til 5 personer\/dyr), ekstra omkostninger for flere (op til 5 personer\/dyr). A3 2000kr ex porto. Jeg har brug for at kende h\u00e5rfarve\/h\u00e5rtype, h\u00f8jde, interesser og \u00f8nsket antal illustrerede personer. Alle tilbud, du \u00f8nsker inkluderet.<\/em><\/p>\n<p>Hvis du har sp\u00f8rgsm\u00e5l, s\u00e5 t\u00f8v ikke med at kontakte mig! Hvis du gerne vil have en snak om et muligt samarbejde, s\u00e5 send mig en e-mail.<\/p>\n<p>Jeg ser frem til at h\u00f8re fra dig og h\u00e5ber, at du f\u00e5r en dejlig dag.<\/p>\n<p>Kunstner<br \/>\nIngebj\u00f8rg Rang\u00f8y Sj\u00e5land<\/p>","protected":false},"excerpt":{"rendered":"<p><i>Mor<\/i><\/p>\n<p><i>De fleste m\u00f8dre f\u00e5r et ekstra beskyttelsesgen, s\u00e5 snart det lille fr\u00f8 begynder at spire eller ved det f\u00f8rste m\u00f8de.<span class=\"Apple-converted-space\">\u00a0 <\/span>De kan g\u00e5 gennem ild og vand for at beskytte. Det er smukt og til tider nok ogs\u00e5 urimeligt og p\u00e5 kanten til overbeskyttende. Med en god balance og en stor dosis k\u00e6rlighed g\u00e5r det sj\u00e6ldent galt. Du g\u00f8r et fantastisk stykke arbejde.<\/i><\/p>\n<p>Ingebj\u00f8rg Rang\u00f8y Sj\u00e5land<\/p>\n<p>Heldig lodtr\u00e6kning<\/p>\n<p>Det nye \"Mum\"-krus er l\u00e6kkert at drikke af. Bestil nu og f\u00e5 dit eget Happy Mug! God gave eller til dig selv!<\/p>\n<p>&nbsp;<\/p>\n<p>Krus Lys abrikos D8 H9,5 400 ml Materiale: Porcel\u00e6n<\/p>\n<p>T\u00e5ler opvaskemaskine<\/p>","protected":false},"featured_media":39748,"comment_status":"open","ping_status":"closed","template":"","meta":[],"product_brand":[],"product_cat":[41],"product_tag":[12,13,308,275,345,346,77],"class_list":{"0":"post-37359","1":"product","2":"type-product","3":"status-publish","4":"has-post-thumbnail","6":"product_cat-lykkekopper","7":"product_tag-kopp","8":"product_tag-krus","9":"product_tag-lovemamma","10":"product_tag-mamma","11":"product_tag-mammakopp","12":"product_tag-mammakrus","13":"product_tag-morsdag","15":"first","16":"instock","17":"taxable","18":"shipping-taxable","19":"purchasable","20":"product-type-simple"},"yoast_head":"<!-- This site is optimized with the Yoast SEO plugin v27.5 - https:\/\/yoast.com\/product\/yoast-seo-wordpress\/ -->\n<title>NYHET! Lykketegningkrus &quot;Mamma&quot; - LYKKETEGNING ILLUSTRAT\u00d8R<\/title>\n<meta name=\"description\" content=\"NYHET! Lykketegningkrus &quot;Mamma&quot; De fleste mammaer f\u00e5r ett ekstra beskyttelsesgen med det samme det lille fr\u00f8et begynner \u00e5 spire eller ved f\u00f8rste m\u00f8te.\" \/>\n<meta name=\"robots\" content=\"noindex, follow, max-snippet:-1, max-image-preview:large, max-video-preview:-1\" \/>\n<meta property=\"og:locale\" content=\"da_DK\" \/>\n<meta property=\"og:type\" content=\"article\" \/>\n<meta property=\"og:title\" content=\"NYHET! Lykketegningkrus &quot;Mamma&quot; - LYKKETEGNING ILLUSTRAT\u00d8R\" \/>\n<meta property=\"og:description\" content=\"NYHET! Lykketegningkrus &quot;Mamma&quot; De fleste mammaer f\u00e5r ett ekstra beskyttelsesgen med det samme det lille fr\u00f8et begynner \u00e5 spire eller ved f\u00f8rste m\u00f8te.\" \/>\n<meta property=\"og:url\" content=\"https:\/\/lykketegningtest.wp3.hcweb.dev\/da\/product-2\/taza-dibujo-de-la-suerte\/\" \/>\n<meta property=\"og:site_name\" content=\"LYKKETEGNING ILLUSTRAT\u00d8R\" \/>\n<meta property=\"article:publisher\" content=\"https:\/\/www.facebook.com\/lykketegning\/\" \/>\n<meta property=\"article:modified_time\" content=\"2026-05-04T20:44:58+00:00\" \/>\n<meta name=\"twitter:card\" content=\"summary_large_image\" \/>\n<meta name=\"twitter:label1\" content=\"Estimeret l\u00e6setid\" \/>\n\t<meta name=\"twitter:data1\" content=\"2 minutter\" \/>\n<script type=\"application\/ld+json\" class=\"yoast-schema-graph\">{\"@context\":\"https:\\\/\\\/schema.org\",\"@graph\":[{\"@type\":\"WebPage\",\"@id\":\"https:\\\/\\\/lykketegningtest.wp3.hcweb.dev\\\/es\\\/product-2\\\/taza-dibujo-de-la-suerte\\\/\",\"url\":\"https:\\\/\\\/lykketegningtest.wp3.hcweb.dev\\\/es\\\/product-2\\\/taza-dibujo-de-la-suerte\\\/\",\"name\":\"NYHET! Lykketegningkrus \\\"Mamma\\\" - LYKKETEGNING ILLUSTRAT\u00d8R\",\"isPartOf\":{\"@id\":\"https:\\\/\\\/lykketegningtest.wp3.hcweb.dev\\\/#website\"},\"primaryImageOfPage\":{\"@id\":\"https:\\\/\\\/lykketegningtest.wp3.hcweb.dev\\\/es\\\/product-2\\\/taza-dibujo-de-la-suerte\\\/#primaryimage\"},\"image\":{\"@id\":\"https:\\\/\\\/lykketegningtest.wp3.hcweb.dev\\\/es\\\/product-2\\\/taza-dibujo-de-la-suerte\\\/#primaryimage\"},\"thumbnailUrl\":\"https:\\\/\\\/lykketegningtest.wp3.hcweb.dev\\\/wp-content\\\/uploads\\\/2023\\\/09\\\/IMG_7273-scaled.jpg\",\"datePublished\":\"2025-01-04T13:48:34+00:00\",\"dateModified\":\"2026-05-04T20:44:58+00:00\",\"description\":\"NYHET! Lykketegningkrus \\\"Mamma\\\" De fleste mammaer f\u00e5r ett ekstra beskyttelsesgen med det samme det lille fr\u00f8et begynner \u00e5 spire eller ved f\u00f8rste m\u00f8te.\",\"breadcrumb\":{\"@id\":\"https:\\\/\\\/lykketegningtest.wp3.hcweb.dev\\\/es\\\/product-2\\\/taza-dibujo-de-la-suerte\\\/#breadcrumb\"},\"inLanguage\":\"da-DK\",\"potentialAction\":[{\"@type\":\"ReadAction\",\"target\":[\"https:\\\/\\\/lykketegningtest.wp3.hcweb.dev\\\/es\\\/product-2\\\/taza-dibujo-de-la-suerte\\\/\"]}]},{\"@type\":\"ImageObject\",\"inLanguage\":\"da-DK\",\"@id\":\"https:\\\/\\\/lykketegningtest.wp3.hcweb.dev\\\/es\\\/product-2\\\/taza-dibujo-de-la-suerte\\\/#primaryimage\",\"url\":\"https:\\\/\\\/lykketegningtest.wp3.hcweb.dev\\\/wp-content\\\/uploads\\\/2023\\\/09\\\/IMG_7273-scaled.jpg\",\"contentUrl\":\"https:\\\/\\\/lykketegningtest.wp3.hcweb.dev\\\/wp-content\\\/uploads\\\/2023\\\/09\\\/IMG_7273-scaled.jpg\",\"width\":2560,\"height\":2560},{\"@type\":\"BreadcrumbList\",\"@id\":\"https:\\\/\\\/lykketegningtest.wp3.hcweb.dev\\\/es\\\/product-2\\\/taza-dibujo-de-la-suerte\\\/#breadcrumb\",\"itemListElement\":[{\"@type\":\"ListItem\",\"position\":1,\"name\":\"Hjem\",\"item\":\"https:\\\/\\\/lykketegningtest.wp3.hcweb.dev\\\/\"},{\"@type\":\"ListItem\",\"position\":2,\"name\":\"Shop\",\"item\":\"https:\\\/\\\/lykketegningtest.wp3.hcweb.dev\\\/sv\\\/webbutik\\\/\"},{\"@type\":\"ListItem\",\"position\":3,\"name\":\"NYHET! Lykketegningkrus &#8220;Mamma&#8221;\"}]},{\"@type\":\"WebSite\",\"@id\":\"https:\\\/\\\/lykketegningtest.wp3.hcweb.dev\\\/#website\",\"url\":\"https:\\\/\\\/lykketegningtest.wp3.hcweb.dev\\\/\",\"name\":\"LYKKETEGNING ILLUSTRAT\u00d8R\",\"description\":\"\",\"publisher\":{\"@id\":\"https:\\\/\\\/lykketegningtest.wp3.hcweb.dev\\\/#organization\"},\"potentialAction\":[{\"@type\":\"SearchAction\",\"target\":{\"@type\":\"EntryPoint\",\"urlTemplate\":\"https:\\\/\\\/lykketegningtest.wp3.hcweb.dev\\\/?s={search_term_string}\"},\"query-input\":{\"@type\":\"PropertyValueSpecification\",\"valueRequired\":true,\"valueName\":\"search_term_string\"}}],\"inLanguage\":\"da-DK\"},{\"@type\":\"Organization\",\"@id\":\"https:\\\/\\\/lykketegningtest.wp3.hcweb.dev\\\/#organization\",\"name\":\"LYKKETEGNING ILLUSTRAT\u00d8R\",\"url\":\"https:\\\/\\\/lykketegningtest.wp3.hcweb.dev\\\/\",\"logo\":{\"@type\":\"ImageObject\",\"inLanguage\":\"da-DK\",\"@id\":\"https:\\\/\\\/lykketegningtest.wp3.hcweb.dev\\\/#\\\/schema\\\/logo\\\/image\\\/\",\"url\":\"https:\\\/\\\/lykketegningtest.wp3.hcweb.dev\\\/wp-content\\\/uploads\\\/2020\\\/03\\\/Logo2020_h400px.jpg\",\"contentUrl\":\"https:\\\/\\\/lykketegningtest.wp3.hcweb.dev\\\/wp-content\\\/uploads\\\/2020\\\/03\\\/Logo2020_h400px.jpg\",\"width\":1024,\"height\":400,\"caption\":\"LYKKETEGNING ILLUSTRAT\u00d8R\"},\"image\":{\"@id\":\"https:\\\/\\\/lykketegningtest.wp3.hcweb.dev\\\/#\\\/schema\\\/logo\\\/image\\\/\"},\"sameAs\":[\"https:\\\/\\\/www.facebook.com\\\/lykketegning\\\/\",\"https:\\\/\\\/www.instagram.com\\\/lykketegning\\\/\",\"https:\\\/\\\/www.youtube.com\\\/@lykketegningillustrations\",\"https:\\\/\\\/www.tiktok.com\\\/@lykketegningillustration\"]}]}<\/script>\n<!-- \/ Yoast SEO plugin. -->","yoast_head_json":{"title":"NYT! Krus med lykketegning \"Mum\" - LUCKY DRAWING ILLUSTRATOR","description":"NYHED! Happy drawing mug \"Mum\" De fleste m\u00f8dre f\u00e5r et ekstra beskyttelsesgen, s\u00e5 snart det lille fr\u00f8 begynder at spire eller ved det f\u00f8rste m\u00f8de.","robots":{"index":"noindex","follow":"follow","max-snippet":"max-snippet:-1","max-image-preview":"max-image-preview:large","max-video-preview":"max-video-preview:-1"},"og_locale":"da_DK","og_type":"article","og_title":"NYHET! Lykketegningkrus \"Mamma\" - LYKKETEGNING ILLUSTRAT\u00d8R","og_description":"NYHET! Lykketegningkrus \"Mamma\" De fleste mammaer f\u00e5r ett ekstra beskyttelsesgen med det samme det lille fr\u00f8et begynner \u00e5 spire eller ved f\u00f8rste m\u00f8te.","og_url":"https:\/\/lykketegningtest.wp3.hcweb.dev\/da\/product-2\/taza-dibujo-de-la-suerte\/","og_site_name":"LYKKETEGNING ILLUSTRAT\u00d8R","article_publisher":"https:\/\/www.facebook.com\/lykketegning\/","article_modified_time":"2026-05-04T20:44:58+00:00","twitter_card":"summary_large_image","twitter_misc":{"Estimeret l\u00e6setid":"2 minutter"},"schema":{"@context":"https:\/\/schema.org","@graph":[{"@type":"WebPage","@id":"https:\/\/lykketegningtest.wp3.hcweb.dev\/es\/product-2\/taza-dibujo-de-la-suerte\/","url":"https:\/\/lykketegningtest.wp3.hcweb.dev\/es\/product-2\/taza-dibujo-de-la-suerte\/","name":"NYT! Krus med lykketegning \"Mum\" - LUCKY DRAWING ILLUSTRATOR","isPartOf":{"@id":"https:\/\/lykketegningtest.wp3.hcweb.dev\/#website"},"primaryImageOfPage":{"@id":"https:\/\/lykketegningtest.wp3.hcweb.dev\/es\/product-2\/taza-dibujo-de-la-suerte\/#primaryimage"},"image":{"@id":"https:\/\/lykketegningtest.wp3.hcweb.dev\/es\/product-2\/taza-dibujo-de-la-suerte\/#primaryimage"},"thumbnailUrl":"https:\/\/lykketegningtest.wp3.hcweb.dev\/wp-content\/uploads\/2023\/09\/IMG_7273-scaled.jpg","datePublished":"2025-01-04T13:48:34+00:00","dateModified":"2026-05-04T20:44:58+00:00","description":"NYHED! Happy drawing mug \"Mum\" De fleste m\u00f8dre f\u00e5r et ekstra beskyttelsesgen, s\u00e5 snart det lille fr\u00f8 begynder at spire eller ved det f\u00f8rste m\u00f8de.","breadcrumb":{"@id":"https:\/\/lykketegningtest.wp3.hcweb.dev\/es\/product-2\/taza-dibujo-de-la-suerte\/#breadcrumb"},"inLanguage":"da-DK","potentialAction":[{"@type":"ReadAction","target":["https:\/\/lykketegningtest.wp3.hcweb.dev\/es\/product-2\/taza-dibujo-de-la-suerte\/"]}]},{"@type":"ImageObject","inLanguage":"da-DK","@id":"https:\/\/lykketegningtest.wp3.hcweb.dev\/es\/product-2\/taza-dibujo-de-la-suerte\/#primaryimage","url":"https:\/\/lykketegningtest.wp3.hcweb.dev\/wp-content\/uploads\/2023\/09\/IMG_7273-scaled.jpg","contentUrl":"https:\/\/lykketegningtest.wp3.hcweb.dev\/wp-content\/uploads\/2023\/09\/IMG_7273-scaled.jpg","width":2560,"height":2560},{"@type":"BreadcrumbList","@id":"https:\/\/lykketegningtest.wp3.hcweb.dev\/es\/product-2\/taza-dibujo-de-la-suerte\/#breadcrumb","itemListElement":[{"@type":"ListItem","position":1,"name":"Hjem","item":"https:\/\/lykketegningtest.wp3.hcweb.dev\/"},{"@type":"ListItem","position":2,"name":"Shop","item":"https:\/\/lykketegningtest.wp3.hcweb.dev\/sv\/webbutik\/"},{"@type":"ListItem","position":3,"name":"NYHET! Lykketegningkrus &#8220;Mamma&#8221;"}]},{"@type":"WebSite","@id":"https:\/\/lykketegningtest.wp3.hcweb.dev\/#website","url":"https:\/\/lykketegningtest.wp3.hcweb.dev\/","name":"LYKKETEGNING ILLUSTRATOR","description":"","publisher":{"@id":"https:\/\/lykketegningtest.wp3.hcweb.dev\/#organization"},"potentialAction":[{"@type":"SearchAction","target":{"@type":"EntryPoint","urlTemplate":"https:\/\/lykketegningtest.wp3.hcweb.dev\/?s={search_term_string}"},"query-input":{"@type":"PropertyValueSpecification","valueRequired":true,"valueName":"search_term_string"}}],"inLanguage":"da-DK"},{"@type":"Organization","@id":"https:\/\/lykketegningtest.wp3.hcweb.dev\/#organization","name":"LYKKETEGNING ILLUSTRATOR","url":"https:\/\/lykketegningtest.wp3.hcweb.dev\/","logo":{"@type":"ImageObject","inLanguage":"da-DK","@id":"https:\/\/lykketegningtest.wp3.hcweb.dev\/#\/schema\/logo\/image\/","url":"https:\/\/lykketegningtest.wp3.hcweb.dev\/wp-content\/uploads\/2020\/03\/Logo2020_h400px.jpg","contentUrl":"https:\/\/lykketegningtest.wp3.hcweb.dev\/wp-content\/uploads\/2020\/03\/Logo2020_h400px.jpg","width":1024,"height":400,"caption":"LYKKETEGNING ILLUSTRAT\u00d8R"},"image":{"@id":"https:\/\/lykketegningtest.wp3.hcweb.dev\/#\/schema\/logo\/image\/"},"sameAs":["https:\/\/www.facebook.com\/lykketegning\/","https:\/\/www.instagram.com\/lykketegning\/","https:\/\/www.youtube.com\/@lykketegningillustrations","https:\/\/www.tiktok.com\/@lykketegningillustration"]}]}},"_links":{"self":[{"href":"https:\/\/lykketegningtest.wp3.hcweb.dev\/da\/wp-json\/wp\/v2\/product\/37359","targetHints":{"allow":["GET"]}}],"collection":[{"href":"https:\/\/lykketegningtest.wp3.hcweb.dev\/da\/wp-json\/wp\/v2\/product"}],"about":[{"href":"https:\/\/lykketegningtest.wp3.hcweb.dev\/da\/wp-json\/wp\/v2\/types\/product"}],"replies":[{"embeddable":true,"href":"https:\/\/lykketegningtest.wp3.hcweb.dev\/da\/wp-json\/wp\/v2\/comments?post=37359"}],"wp:featuredmedia":[{"embeddable":true,"href":"https:\/\/lykketegningtest.wp3.hcweb.dev\/da\/wp-json\/wp\/v2\/media\/39748"}],"wp:attachment":[{"href":"https:\/\/lykketegningtest.wp3.hcweb.dev\/da\/wp-json\/wp\/v2\/media?parent=37359"}],"wp:term":[{"taxonomy":"product_brand","embeddable":true,"href":"https:\/\/lykketegningtest.wp3.hcweb.dev\/da\/wp-json\/wp\/v2\/product_brand?post=37359"},{"taxonomy":"product_cat","embeddable":true,"href":"https:\/\/lykketegningtest.wp3.hcweb.dev\/da\/wp-json\/wp\/v2\/product_cat?post=37359"},{"taxonomy":"product_tag","embeddable":true,"href":"https:\/\/lykketegningtest.wp3.hcweb.dev\/da\/wp-json\/wp\/v2\/product_tag?post=37359"}],"curies":[{"name":"wp","href":"https:\/\/api.w.org\/{rel}","templated":true}]}}