{"id":38621,"date":"2024-12-09T13:04:53","date_gmt":"2024-12-09T12:04:53","guid":{"rendered":"https:\/\/www-lykketegning.wp3.hcweb.dev\/?post_type=product&#038;p=38621"},"modified":"2026-02-06T19:23:24","modified_gmt":"2026-02-06T18:23:24","slug":"serveringsfat-fra-lykketegning-morning-birds-begrenset-opplag","status":"publish","type":"product","link":"https:\/\/lykketegningtest.wp3.hcweb.dev\/da\/vare\/serveringsfat-fra-lykketegning-morning-birds-begrenset-opplag\/","title":{"rendered":"Serveringsfad fra Lykketegning \"Morning Birds\" (limited edition)"},"content":{"rendered":"<h4>Serveringsfad fra Lykketegning \"Morning Birds\" (limited edition)<\/h4>\n<p>Helt nye serveringsfade fra Lykketegning er netop ankommet! Fadet Morning Birds er 38 x 36 cm i birkefiner og vil v\u00e6re dekorativt p\u00e5 k\u00f8kkenbordet og en farverig bakke til at servere morgenmaden p\u00e5.<\/p>\n<p>Der er kun 30 bakker til r\u00e5dighed inden jul. F\u00f8rst til m\u00f8lle, f\u00f8rst til m\u00f8lle.<\/p>\n<h4>Mere om Lucky drawing:<\/h4>\n<div class=\"row tab-table-row\">\n<div class=\"col-xs-6\"><strong>\"Hos Lykketegning bliver hver eneste illustration skabt med varme og omhu.<\/strong><br \/>\n<strong>Med st\u00e6rke farver, klare linjer og gode citater vil Happiness Drawing f\u00e5 dig til at stoppe op et \u00f8jeblik, tage en dyb ind\u00e5nding og derefter s\u00e6tte en god kurs fremad.<\/strong><br \/>\n<strong>\"Hjerterne og smilene er fra mig til dig for at minde dig om, at du er rigtig god!\"<\/strong><\/div>\n<div class=\"col-xs-6\">\n<p>P\u00e5 hjemmesiden finder du nogle illustrationer og andre produkter som kopper, lyk\u00f8nskningskort og kalendere, og der kommer hele tiden nye produkter til, s\u00e5 du er velkommen til at tilmelde dig nyhedsbrevet for at f\u00e5 m\u00e5nedlige opdateringer.<\/p>\n<p>For <strong>mange mange mange mange<\/strong> flere illustrationer; bes\u00f8g min Instagram- og Facebook-profil.<\/p>\n<p>Faktisk er alle illustrationer til salg. 999 SEK for A4 og 1500 SEK for A3.<\/p>\n<p>Du kan ogs\u00e5 bestille dine helt egne - gode gaver til bryllupper og andre fester. Kontakt indbakken for dette.<\/p>\n<p><em>Pris: 1500kr for A4 og A5 (op til 5 personer\/dyr), ekstra omkostninger for flere (op til 5 personer\/dyr). A3 2000kr ex porto. Jeg har brug for at kende h\u00e5rfarve\/h\u00e5rtype, h\u00f8jde, interesser og \u00f8nsket antal illustrerede personer. Alle tilbud, du \u00f8nsker inkluderet.<\/em><\/p>\n<p>Hvis du har sp\u00f8rgsm\u00e5l, s\u00e5 t\u00f8v ikke med at kontakte mig! Hvis du gerne vil have en snak om et muligt samarbejde, s\u00e5 send mig en e-mail.<\/p>\n<p>Jeg ser frem til at h\u00f8re fra dig og h\u00e5ber, at du f\u00e5r en dejlig dag. <a href=\"https:\/\/www.facebook.com\/lykketegning\/?locale=nb_NO\">S\u00e5 kommer du til min Facebook-side.<\/a> Og hvis du vil f\u00f8lge mig p\u00e5<a href=\"https:\/\/www.instagram.com\/lykketegning\/?hl=nb\"> Instagram, du finder det her.<\/a><\/p>\n<p>Kunstner<br \/>\nIngebj\u00f8rg Rang\u00f8y Sj\u00e5land<\/p>\n<p>&nbsp;<\/p>\n<\/div>\n<\/div>\n<div><\/div>\n<p>&nbsp;<\/p>","protected":false},"excerpt":{"rendered":"<p>Serveringsfad fra Lykketegning \"Morning Birds\" (limited edition)<\/p>\n<p>Helt nye serveringsfade fra Lykketegning er netop ankommet! Fadet Morning Birds er 38 x 36 cm i birkefiner og vil v\u00e6re dekorativt p\u00e5 k\u00f8kkenbordet og en farverig bakke til at servere morgenmaden p\u00e5.<\/p>\n<p>Der er kun 30 bakker til r\u00e5dighed inden jul. F\u00f8rst til m\u00f8lle, f\u00f8rst til m\u00f8lle.<\/p>","protected":false},"featured_media":38623,"comment_status":"closed","ping_status":"closed","template":"","meta":[],"product_brand":[],"product_cat":[170],"product_tag":[189,261,343],"class_list":{"0":"post-38621","1":"product","2":"type-product","3":"status-publish","4":"has-post-thumbnail","6":"product_cat-artprint","7":"product_tag-fat","8":"product_tag-morning-birds","9":"product_tag-serveringsfat","11":"first","12":"instock","13":"taxable","14":"shipping-taxable","15":"purchasable","16":"product-type-simple"},"yoast_head":"<!-- This site is optimized with the Yoast SEO plugin v27.5 - https:\/\/yoast.com\/product\/yoast-seo-wordpress\/ -->\n<title>Serveringsfat fra Lykketegning &quot;Morning Birds&quot; (begrenset opplag) - LYKKETEGNING ILLUSTRAT\u00d8R<\/title>\n<meta name=\"description\" content=\"Serveringsfat fra Lykketegning &quot;Morning Birds&quot; (begrenset opplag) Helt nye serveringsfat fra Lykketegning har akkurat kommet inn d\u00f8ren!\" \/>\n<meta name=\"robots\" content=\"noindex, follow, max-snippet:-1, max-image-preview:large, max-video-preview:-1\" \/>\n<meta property=\"og:locale\" content=\"da_DK\" \/>\n<meta property=\"og:type\" content=\"article\" \/>\n<meta property=\"og:title\" content=\"Serveringsfat fra Lykketegning &quot;Morning Birds&quot; (begrenset opplag) - LYKKETEGNING ILLUSTRAT\u00d8R\" \/>\n<meta property=\"og:description\" content=\"Serveringsfat fra Lykketegning &quot;Morning Birds&quot; (begrenset opplag) Helt nye serveringsfat fra Lykketegning har akkurat kommet inn d\u00f8ren!\" \/>\n<meta property=\"og:url\" content=\"https:\/\/lykketegningtest.wp3.hcweb.dev\/da\/product-2\/serveringsfad-fra-lucky-drawing-morning-birds-limited-edition\/\" \/>\n<meta property=\"og:site_name\" content=\"LYKKETEGNING ILLUSTRAT\u00d8R\" \/>\n<meta property=\"article:publisher\" content=\"https:\/\/www.facebook.com\/lykketegning\/\" \/>\n<meta property=\"article:modified_time\" content=\"2026-02-06T18:23:24+00:00\" \/>\n<meta property=\"og:image\" content=\"https:\/\/www.lykketegning.no\/wp-content\/uploads\/2024\/12\/Fat-fra-Lykketegning-scaled.jpg\" \/>\n\t<meta property=\"og:image:width\" content=\"2560\" \/>\n\t<meta property=\"og:image:height\" content=\"2541\" \/>\n\t<meta property=\"og:image:type\" content=\"image\/jpeg\" \/>\n<meta name=\"twitter:card\" content=\"summary_large_image\" \/>\n<meta name=\"twitter:label1\" content=\"Estimeret l\u00e6setid\" \/>\n\t<meta name=\"twitter:data1\" content=\"2 minutter\" \/>\n<script type=\"application\/ld+json\" class=\"yoast-schema-graph\">{\"@context\":\"https:\\\/\\\/schema.org\",\"@graph\":[{\"@type\":\"WebPage\",\"@id\":\"https:\\\/\\\/lykketegningtest.wp3.hcweb.dev\\\/da\\\/product-2\\\/serveringsfad-fra-lucky-drawing-morning-birds-limited-edition\\\/\",\"url\":\"https:\\\/\\\/lykketegningtest.wp3.hcweb.dev\\\/da\\\/product-2\\\/serveringsfad-fra-lucky-drawing-morning-birds-limited-edition\\\/\",\"name\":\"Serveringsfat fra Lykketegning \\\"Morning Birds\\\" (begrenset opplag) - LYKKETEGNING ILLUSTRAT\u00d8R\",\"isPartOf\":{\"@id\":\"https:\\\/\\\/lykketegningtest.wp3.hcweb.dev\\\/#website\"},\"primaryImageOfPage\":{\"@id\":\"https:\\\/\\\/lykketegningtest.wp3.hcweb.dev\\\/da\\\/product-2\\\/serveringsfad-fra-lucky-drawing-morning-birds-limited-edition\\\/#primaryimage\"},\"image\":{\"@id\":\"https:\\\/\\\/lykketegningtest.wp3.hcweb.dev\\\/da\\\/product-2\\\/serveringsfad-fra-lucky-drawing-morning-birds-limited-edition\\\/#primaryimage\"},\"thumbnailUrl\":\"https:\\\/\\\/lykketegningtest.wp3.hcweb.dev\\\/wp-content\\\/uploads\\\/2024\\\/12\\\/Fat-fra-Lykketegning-scaled.jpg\",\"datePublished\":\"2024-12-09T12:04:53+00:00\",\"dateModified\":\"2026-02-06T18:23:24+00:00\",\"description\":\"Serveringsfat fra Lykketegning \\\"Morning Birds\\\" (begrenset opplag) Helt nye serveringsfat fra Lykketegning har akkurat kommet inn d\u00f8ren!\",\"breadcrumb\":{\"@id\":\"https:\\\/\\\/lykketegningtest.wp3.hcweb.dev\\\/da\\\/product-2\\\/serveringsfad-fra-lucky-drawing-morning-birds-limited-edition\\\/#breadcrumb\"},\"inLanguage\":\"da-DK\",\"potentialAction\":[{\"@type\":\"ReadAction\",\"target\":[\"https:\\\/\\\/lykketegningtest.wp3.hcweb.dev\\\/da\\\/product-2\\\/serveringsfad-fra-lucky-drawing-morning-birds-limited-edition\\\/\"]}]},{\"@type\":\"ImageObject\",\"inLanguage\":\"da-DK\",\"@id\":\"https:\\\/\\\/lykketegningtest.wp3.hcweb.dev\\\/da\\\/product-2\\\/serveringsfad-fra-lucky-drawing-morning-birds-limited-edition\\\/#primaryimage\",\"url\":\"https:\\\/\\\/lykketegningtest.wp3.hcweb.dev\\\/wp-content\\\/uploads\\\/2024\\\/12\\\/Fat-fra-Lykketegning-scaled.jpg\",\"contentUrl\":\"https:\\\/\\\/lykketegningtest.wp3.hcweb.dev\\\/wp-content\\\/uploads\\\/2024\\\/12\\\/Fat-fra-Lykketegning-scaled.jpg\",\"width\":2560,\"height\":2541,\"caption\":\"Serveringsfat fra Lykketegning\"},{\"@type\":\"BreadcrumbList\",\"@id\":\"https:\\\/\\\/lykketegningtest.wp3.hcweb.dev\\\/da\\\/product-2\\\/serveringsfad-fra-lucky-drawing-morning-birds-limited-edition\\\/#breadcrumb\",\"itemListElement\":[{\"@type\":\"ListItem\",\"position\":1,\"name\":\"Hjem\",\"item\":\"https:\\\/\\\/lykketegningtest.wp3.hcweb.dev\\\/\"},{\"@type\":\"ListItem\",\"position\":2,\"name\":\"Shop\",\"item\":\"https:\\\/\\\/lykketegningtest.wp3.hcweb.dev\\\/sv\\\/webbutik\\\/\"},{\"@type\":\"ListItem\",\"position\":3,\"name\":\"Serveringsfat fra Lykketegning &#8220;Morning Birds&#8221; (begrenset opplag)\"}]},{\"@type\":\"WebSite\",\"@id\":\"https:\\\/\\\/lykketegningtest.wp3.hcweb.dev\\\/#website\",\"url\":\"https:\\\/\\\/lykketegningtest.wp3.hcweb.dev\\\/\",\"name\":\"LYKKETEGNING ILLUSTRAT\u00d8R\",\"description\":\"\",\"publisher\":{\"@id\":\"https:\\\/\\\/lykketegningtest.wp3.hcweb.dev\\\/#organization\"},\"potentialAction\":[{\"@type\":\"SearchAction\",\"target\":{\"@type\":\"EntryPoint\",\"urlTemplate\":\"https:\\\/\\\/lykketegningtest.wp3.hcweb.dev\\\/?s={search_term_string}\"},\"query-input\":{\"@type\":\"PropertyValueSpecification\",\"valueRequired\":true,\"valueName\":\"search_term_string\"}}],\"inLanguage\":\"da-DK\"},{\"@type\":\"Organization\",\"@id\":\"https:\\\/\\\/lykketegningtest.wp3.hcweb.dev\\\/#organization\",\"name\":\"LYKKETEGNING ILLUSTRAT\u00d8R\",\"url\":\"https:\\\/\\\/lykketegningtest.wp3.hcweb.dev\\\/\",\"logo\":{\"@type\":\"ImageObject\",\"inLanguage\":\"da-DK\",\"@id\":\"https:\\\/\\\/lykketegningtest.wp3.hcweb.dev\\\/#\\\/schema\\\/logo\\\/image\\\/\",\"url\":\"https:\\\/\\\/lykketegningtest.wp3.hcweb.dev\\\/wp-content\\\/uploads\\\/2020\\\/03\\\/Logo2020_h400px.jpg\",\"contentUrl\":\"https:\\\/\\\/lykketegningtest.wp3.hcweb.dev\\\/wp-content\\\/uploads\\\/2020\\\/03\\\/Logo2020_h400px.jpg\",\"width\":1024,\"height\":400,\"caption\":\"LYKKETEGNING ILLUSTRAT\u00d8R\"},\"image\":{\"@id\":\"https:\\\/\\\/lykketegningtest.wp3.hcweb.dev\\\/#\\\/schema\\\/logo\\\/image\\\/\"},\"sameAs\":[\"https:\\\/\\\/www.facebook.com\\\/lykketegning\\\/\",\"https:\\\/\\\/www.instagram.com\\\/lykketegning\\\/\",\"https:\\\/\\\/www.youtube.com\\\/@lykketegningillustrations\",\"https:\\\/\\\/www.tiktok.com\\\/@lykketegningillustration\"]}]}<\/script>\n<!-- \/ Yoast SEO plugin. -->","yoast_head_json":{"title":"Serveringsfad fra Lykketegning \"Morning Birds\" (limited edition) - LYKKETEGNING ILLUSTRAT\u00d8R","description":"Serveringsfad fra Lykketegning \"Morning Birds\" (limited edition) Helt nye serveringsfade fra Lykketegning er netop ankommet!","robots":{"index":"noindex","follow":"follow","max-snippet":"max-snippet:-1","max-image-preview":"max-image-preview:large","max-video-preview":"max-video-preview:-1"},"og_locale":"da_DK","og_type":"article","og_title":"Serveringsfat fra Lykketegning \"Morning Birds\" (begrenset opplag) - LYKKETEGNING ILLUSTRAT\u00d8R","og_description":"Serveringsfat fra Lykketegning \"Morning Birds\" (begrenset opplag) Helt nye serveringsfat fra Lykketegning har akkurat kommet inn d\u00f8ren!","og_url":"https:\/\/lykketegningtest.wp3.hcweb.dev\/da\/product-2\/serveringsfad-fra-lucky-drawing-morning-birds-limited-edition\/","og_site_name":"LYKKETEGNING ILLUSTRAT\u00d8R","article_publisher":"https:\/\/www.facebook.com\/lykketegning\/","article_modified_time":"2026-02-06T18:23:24+00:00","og_image":[{"width":2560,"height":2541,"url":"https:\/\/www.lykketegning.no\/wp-content\/uploads\/2024\/12\/Fat-fra-Lykketegning-scaled.jpg","type":"image\/jpeg"}],"twitter_card":"summary_large_image","twitter_misc":{"Estimeret l\u00e6setid":"2 minutter"},"schema":{"@context":"https:\/\/schema.org","@graph":[{"@type":"WebPage","@id":"https:\/\/lykketegningtest.wp3.hcweb.dev\/da\/product-2\/serveringsfad-fra-lucky-drawing-morning-birds-limited-edition\/","url":"https:\/\/lykketegningtest.wp3.hcweb.dev\/da\/product-2\/serveringsfad-fra-lucky-drawing-morning-birds-limited-edition\/","name":"Serveringsfad fra Lykketegning \"Morning Birds\" (limited edition) - LYKKETEGNING ILLUSTRAT\u00d8R","isPartOf":{"@id":"https:\/\/lykketegningtest.wp3.hcweb.dev\/#website"},"primaryImageOfPage":{"@id":"https:\/\/lykketegningtest.wp3.hcweb.dev\/da\/product-2\/serveringsfad-fra-lucky-drawing-morning-birds-limited-edition\/#primaryimage"},"image":{"@id":"https:\/\/lykketegningtest.wp3.hcweb.dev\/da\/product-2\/serveringsfad-fra-lucky-drawing-morning-birds-limited-edition\/#primaryimage"},"thumbnailUrl":"https:\/\/lykketegningtest.wp3.hcweb.dev\/wp-content\/uploads\/2024\/12\/Fat-fra-Lykketegning-scaled.jpg","datePublished":"2024-12-09T12:04:53+00:00","dateModified":"2026-02-06T18:23:24+00:00","description":"Serveringsfad fra Lykketegning \"Morning Birds\" (limited edition) Helt nye serveringsfade fra Lykketegning er netop ankommet!","breadcrumb":{"@id":"https:\/\/lykketegningtest.wp3.hcweb.dev\/da\/product-2\/serveringsfad-fra-lucky-drawing-morning-birds-limited-edition\/#breadcrumb"},"inLanguage":"da-DK","potentialAction":[{"@type":"ReadAction","target":["https:\/\/lykketegningtest.wp3.hcweb.dev\/da\/product-2\/serveringsfad-fra-lucky-drawing-morning-birds-limited-edition\/"]}]},{"@type":"ImageObject","inLanguage":"da-DK","@id":"https:\/\/lykketegningtest.wp3.hcweb.dev\/da\/product-2\/serveringsfad-fra-lucky-drawing-morning-birds-limited-edition\/#primaryimage","url":"https:\/\/lykketegningtest.wp3.hcweb.dev\/wp-content\/uploads\/2024\/12\/Fat-fra-Lykketegning-scaled.jpg","contentUrl":"https:\/\/lykketegningtest.wp3.hcweb.dev\/wp-content\/uploads\/2024\/12\/Fat-fra-Lykketegning-scaled.jpg","width":2560,"height":2541,"caption":"Serveringsfat fra Lykketegning"},{"@type":"BreadcrumbList","@id":"https:\/\/lykketegningtest.wp3.hcweb.dev\/da\/product-2\/serveringsfad-fra-lucky-drawing-morning-birds-limited-edition\/#breadcrumb","itemListElement":[{"@type":"ListItem","position":1,"name":"Hjem","item":"https:\/\/lykketegningtest.wp3.hcweb.dev\/"},{"@type":"ListItem","position":2,"name":"Shop","item":"https:\/\/lykketegningtest.wp3.hcweb.dev\/sv\/webbutik\/"},{"@type":"ListItem","position":3,"name":"Serveringsfat fra Lykketegning &#8220;Morning Birds&#8221; (begrenset opplag)"}]},{"@type":"WebSite","@id":"https:\/\/lykketegningtest.wp3.hcweb.dev\/#website","url":"https:\/\/lykketegningtest.wp3.hcweb.dev\/","name":"LYKKETEGNING ILLUSTRATOR","description":"","publisher":{"@id":"https:\/\/lykketegningtest.wp3.hcweb.dev\/#organization"},"potentialAction":[{"@type":"SearchAction","target":{"@type":"EntryPoint","urlTemplate":"https:\/\/lykketegningtest.wp3.hcweb.dev\/?s={search_term_string}"},"query-input":{"@type":"PropertyValueSpecification","valueRequired":true,"valueName":"search_term_string"}}],"inLanguage":"da-DK"},{"@type":"Organization","@id":"https:\/\/lykketegningtest.wp3.hcweb.dev\/#organization","name":"LYKKETEGNING ILLUSTRATOR","url":"https:\/\/lykketegningtest.wp3.hcweb.dev\/","logo":{"@type":"ImageObject","inLanguage":"da-DK","@id":"https:\/\/lykketegningtest.wp3.hcweb.dev\/#\/schema\/logo\/image\/","url":"https:\/\/lykketegningtest.wp3.hcweb.dev\/wp-content\/uploads\/2020\/03\/Logo2020_h400px.jpg","contentUrl":"https:\/\/lykketegningtest.wp3.hcweb.dev\/wp-content\/uploads\/2020\/03\/Logo2020_h400px.jpg","width":1024,"height":400,"caption":"LYKKETEGNING ILLUSTRAT\u00d8R"},"image":{"@id":"https:\/\/lykketegningtest.wp3.hcweb.dev\/#\/schema\/logo\/image\/"},"sameAs":["https:\/\/www.facebook.com\/lykketegning\/","https:\/\/www.instagram.com\/lykketegning\/","https:\/\/www.youtube.com\/@lykketegningillustrations","https:\/\/www.tiktok.com\/@lykketegningillustration"]}]}},"_links":{"self":[{"href":"https:\/\/lykketegningtest.wp3.hcweb.dev\/da\/wp-json\/wp\/v2\/product\/38621","targetHints":{"allow":["GET"]}}],"collection":[{"href":"https:\/\/lykketegningtest.wp3.hcweb.dev\/da\/wp-json\/wp\/v2\/product"}],"about":[{"href":"https:\/\/lykketegningtest.wp3.hcweb.dev\/da\/wp-json\/wp\/v2\/types\/product"}],"replies":[{"embeddable":true,"href":"https:\/\/lykketegningtest.wp3.hcweb.dev\/da\/wp-json\/wp\/v2\/comments?post=38621"}],"wp:featuredmedia":[{"embeddable":true,"href":"https:\/\/lykketegningtest.wp3.hcweb.dev\/da\/wp-json\/wp\/v2\/media\/38623"}],"wp:attachment":[{"href":"https:\/\/lykketegningtest.wp3.hcweb.dev\/da\/wp-json\/wp\/v2\/media?parent=38621"}],"wp:term":[{"taxonomy":"product_brand","embeddable":true,"href":"https:\/\/lykketegningtest.wp3.hcweb.dev\/da\/wp-json\/wp\/v2\/product_brand?post=38621"},{"taxonomy":"product_cat","embeddable":true,"href":"https:\/\/lykketegningtest.wp3.hcweb.dev\/da\/wp-json\/wp\/v2\/product_cat?post=38621"},{"taxonomy":"product_tag","embeddable":true,"href":"https:\/\/lykketegningtest.wp3.hcweb.dev\/da\/wp-json\/wp\/v2\/product_tag?post=38621"}],"curies":[{"name":"wp","href":"https:\/\/api.w.org\/{rel}","templated":true}]}}