{"id":40970,"date":"2025-10-21T11:19:30","date_gmt":"2025-10-21T09:19:30","guid":{"rendered":"https:\/\/www-lykketegning.wp3.hcweb.dev\/?post_type=product&#038;p=40970"},"modified":"2026-05-08T09:13:53","modified_gmt":"2026-05-08T07:13:53","slug":"vakre-vannglass-med-inngravering-2-pack-pust-livet-er-na","status":"publish","type":"product","link":"https:\/\/lykketegningtest.wp3.hcweb.dev\/da\/vare\/vakre-vannglass-med-inngravering-2-pack-pust-livet-er-na\/","title":{"rendered":"Smukke vandglas med indgravering 2-pak; \"Tr\u00e6k vejret, livet er nu\""},"content":{"rendered":"<h3>Smukke vandglas med indgravering 2-pak; \"Tr\u00e6k vejret, livet er nu\"<\/h3>\n<h3 data-start=\"173\" data-end=\"199\">Helt nyt i 2026!<\/h3>\n<p data-start=\"200\" data-end=\"343\">Efter den store succes med <strong data-start=\"231\" data-end=\"256\">Vinglas med heldig tegning<\/strong> - om <strong data-start=\"264\" data-end=\"281\">80.000 solgte eksemplarer<\/strong>er endelig kommet! <strong data-start=\"303\" data-end=\"340\">Vandglas med indgraverede tekster<\/strong>.<\/p>\n<p data-start=\"345\" data-end=\"500\">Disse smukke vandglas f\u00e5s i <strong data-start=\"381\" data-end=\"403\">smuk indpakning<\/strong>, og kommer som <strong data-start=\"419\" data-end=\"439\">s\u00e6t med 2 glas<\/strong>.<br data-start=\"440\" data-end=\"443\" \/>En perfekt gave til dig selv eller en, du holder af<\/p>\n<p data-start=\"502\" data-end=\"600\">Start din dag med et smil - og en <strong data-start=\"534\" data-end=\"560\">inspirerende vandglas<\/strong> i stedet for de gamle, kedelige!<\/p>\n<p data-start=\"502\" data-end=\"600\">Se ogs\u00e5 vandglassene med teksten: \u201cIt's all about savouring the moment\u201d.<\/p>\n<p data-start=\"502\" data-end=\"600\">H: 11,5 D6,5 cm. Volumen: 30 cl Krystallinsk. Kan vaskes i opvaskemaskinen<\/p>\n<p><strong>\"Hos Lykketegning bliver hver eneste illustration skabt med varme og omhu.<\/strong><br \/>\n<strong>Med st\u00e6rke farver, klare linjer og gode citater vil Happiness Drawing f\u00e5 dig til at stoppe op et \u00f8jeblik, tage en dyb ind\u00e5nding og derefter s\u00e6tte en god kurs fremad.<\/strong><br \/>\n<strong>\"Hjerterne og smilene er fra mig til dig for at minde dig om, at du er rigtig god!\"<\/strong><\/p>\n<p>P\u00e5 hjemmesiden finder du nogle illustrationer og andre produkter som kopper, lyk\u00f8nskningskort og kalendere.<\/p>\n<p>Der kommer hele tiden nye produkter til, s\u00e5 du er velkommen til at tilmelde dig nyhedsbrevet for at f\u00e5 m\u00e5nedlige opdateringer.<\/p>\n<p>For <strong>mange mange mange mange<\/strong> flere illustrationer; bes\u00f8g min Instagram- og Facebook-profil.<\/p>\n<p>Faktisk er alle illustrationer til salg. 999 SEK for A4 og 1500 SEK for A3.<\/p>\n<p>Du kan ogs\u00e5 bestille dine helt egne - gode gaver til bryllupper og andre fester. Kontakt indbakken for dette.<\/p>\n<p><em>Pris: 1500kr for A4 og A5 (op til 5 personer\/dyr), ekstra omkostninger for flere (op til 5 personer\/dyr). A3 2000kr ex porto. Jeg har brug for at kende h\u00e5rfarve\/h\u00e5rtype, h\u00f8jde, interesser og \u00f8nsket antal illustrerede personer. Alle tilbud, du \u00f8nsker inkluderet.<\/em><\/p>\n<p>Hvis du har sp\u00f8rgsm\u00e5l, s\u00e5 t\u00f8v ikke med at kontakte mig! Hvis du gerne vil have en snak om et muligt samarbejde, s\u00e5 send mig en e-mail.<\/p>\n<p>Jeg ser frem til at h\u00f8re fra dig og h\u00e5ber, at du f\u00e5r en dejlig dag. <a href=\"https:\/\/www.facebook.com\/lykketegning\/?locale=nb_NO\">S\u00e5 kommer du til min Facebook-side.<\/a> Og hvis du vil f\u00f8lge mig p\u00e5<a href=\"https:\/\/www.instagram.com\/lykketegning\/?hl=nb\"> Instagram, du finder det her.<\/a><\/p>\n<p>Kunstner<br \/>\nIngebj\u00f8rg Rang\u00f8y Sj\u00e5land<\/p>\n<p>&nbsp;<\/p>\n<p>&nbsp;<\/p>","protected":false},"excerpt":{"rendered":"<h3>Smukke vandglas med indgravering 2-pak; \"Tr\u00e6k vejret, livet er nu\"<\/h3>\n<h3 data-start=\"173\" data-end=\"199\">Helt nyt i 2026!<\/h3>\n<p data-start=\"200\" data-end=\"343\">Efter den store succes med <strong data-start=\"231\" data-end=\"256\">Vinglas med heldig tegning<\/strong> - om <strong data-start=\"264\" data-end=\"281\">80.000 solgte eksemplarer<\/strong>er endelig kommet! <strong data-start=\"303\" data-end=\"340\">Vandglas med indgraverede tekster<\/strong>.<\/p>\n<p data-start=\"345\" data-end=\"500\">Disse smukke vandglas f\u00e5s i <strong data-start=\"381\" data-end=\"403\">smuk indpakning<\/strong>, og kommer som <strong data-start=\"419\" data-end=\"439\">s\u00e6t med 2 glas<\/strong>.<br data-start=\"440\" data-end=\"443\" \/>En perfekt gave til dig selv eller en, du holder af<\/p>\n<p data-start=\"502\" data-end=\"600\">Start din dag med et smil - og en <strong data-start=\"534\" data-end=\"560\">inspirerende vandglas<\/strong> i stedet for de gamle, almindelige.<\/p>\n<p data-start=\"502\" data-end=\"600\">H: 11,5 D6,5 cm. Volumen: 30 cl Krystallinsk. Kan vaskes i opvaskemaskinen<\/p>\n<p data-start=\"502\" data-end=\"600\">","protected":false},"featured_media":41068,"comment_status":"closed","ping_status":"closed","template":"","meta":[],"product_brand":[],"product_cat":[197],"product_tag":[248,123,425],"class_list":{"0":"post-40970","1":"product","2":"type-product","3":"status-publish","4":"has-post-thumbnail","6":"product_cat-graverte-vinglass-champagneglass","7":"product_tag-glass","8":"product_tag-pust","9":"product_tag-vannglass","11":"first","12":"instock","13":"featured","14":"taxable","15":"shipping-taxable","16":"purchasable","17":"product-type-simple"},"yoast_head":"<!-- This site is optimized with the Yoast SEO plugin v27.5 - https:\/\/yoast.com\/product\/yoast-seo-wordpress\/ -->\n<title>Vakre vannglass med inngravering 2 pack; &quot;Pust, livet er n\u00e5&quot; - LYKKETEGNING ILLUSTRAT\u00d8R<\/title>\n<meta name=\"description\" content=\"Vakre vannglass med inngravering 2 pack; &quot;Pust, livet er n\u00e5&quot; Etter den enorme suksessen med Lykketegning vinglass \u2013 over 80.000 solgte! \u2013 kommer n\u00e5 endelig vannglass med inngraverte tekster.Disse flotte vannglassene leveres i nydelig innpakning, og kommer som sett med 2 glass.\" \/>\n<meta name=\"robots\" content=\"noindex, follow, max-snippet:-1, max-image-preview:large, max-video-preview:-1\" \/>\n<meta property=\"og:locale\" content=\"da_DK\" \/>\n<meta property=\"og:type\" content=\"article\" \/>\n<meta property=\"og:title\" content=\"Vakre vannglass med inngravering 2 pack; &quot;Pust, livet er n\u00e5&quot; - LYKKETEGNING ILLUSTRAT\u00d8R\" \/>\n<meta property=\"og:description\" content=\"Vakre vannglass med inngravering 2 pack; &quot;Pust, livet er n\u00e5&quot; Etter den enorme suksessen med Lykketegning vinglass \u2013 over 80.000 solgte! \u2013 kommer n\u00e5 endelig vannglass med inngraverte tekster.Disse flotte vannglassene leveres i nydelig innpakning, og kommer som sett med 2 glass.\" \/>\n<meta property=\"og:url\" content=\"https:\/\/lykketegningtest.wp3.hcweb.dev\/da\/product-2\/schone-wasserglaser-mit-gravur-2er-pack-atem-leben-ist-na\/\" \/>\n<meta property=\"og:site_name\" content=\"LYKKETEGNING ILLUSTRAT\u00d8R\" \/>\n<meta property=\"article:publisher\" content=\"https:\/\/www.facebook.com\/lykketegning\/\" \/>\n<meta property=\"article:modified_time\" content=\"2026-05-08T07:13:53+00:00\" \/>\n<meta property=\"og:image\" content=\"https:\/\/www.lykketegning.no\/wp-content\/uploads\/2025\/10\/IMG_4904-scaled.jpeg\" \/>\n\t<meta property=\"og:image:width\" content=\"1844\" \/>\n\t<meta property=\"og:image:height\" content=\"2560\" \/>\n\t<meta property=\"og:image:type\" content=\"image\/jpeg\" \/>\n<meta name=\"twitter:card\" content=\"summary_large_image\" \/>\n<meta name=\"twitter:label1\" content=\"Estimeret l\u00e6setid\" \/>\n\t<meta name=\"twitter:data1\" content=\"3 minutter\" \/>\n<script type=\"application\/ld+json\" class=\"yoast-schema-graph\">{\"@context\":\"https:\\\/\\\/schema.org\",\"@graph\":[{\"@type\":\"WebPage\",\"@id\":\"https:\\\/\\\/lykketegningtest.wp3.hcweb.dev\\\/de\\\/product-2\\\/schone-wasserglaser-mit-gravur-2er-pack-atem-leben-ist-na\\\/\",\"url\":\"https:\\\/\\\/lykketegningtest.wp3.hcweb.dev\\\/de\\\/product-2\\\/schone-wasserglaser-mit-gravur-2er-pack-atem-leben-ist-na\\\/\",\"name\":\"Vakre vannglass med inngravering 2 pack; \\\"Pust, livet er n\u00e5\\\" - LYKKETEGNING ILLUSTRAT\u00d8R\",\"isPartOf\":{\"@id\":\"https:\\\/\\\/lykketegningtest.wp3.hcweb.dev\\\/#website\"},\"primaryImageOfPage\":{\"@id\":\"https:\\\/\\\/lykketegningtest.wp3.hcweb.dev\\\/de\\\/product-2\\\/schone-wasserglaser-mit-gravur-2er-pack-atem-leben-ist-na\\\/#primaryimage\"},\"image\":{\"@id\":\"https:\\\/\\\/lykketegningtest.wp3.hcweb.dev\\\/de\\\/product-2\\\/schone-wasserglaser-mit-gravur-2er-pack-atem-leben-ist-na\\\/#primaryimage\"},\"thumbnailUrl\":\"https:\\\/\\\/lykketegningtest.wp3.hcweb.dev\\\/wp-content\\\/uploads\\\/2025\\\/10\\\/IMG_4904-scaled.jpeg\",\"datePublished\":\"2025-10-21T09:19:30+00:00\",\"dateModified\":\"2026-05-08T07:13:53+00:00\",\"description\":\"Vakre vannglass med inngravering 2 pack; \\\"Pust, livet er n\u00e5\\\" Etter den enorme suksessen med Lykketegning vinglass \u2013 over 80.000 solgte! \u2013 kommer n\u00e5 endelig vannglass med inngraverte tekster.Disse flotte vannglassene leveres i nydelig innpakning, og kommer som sett med 2 glass.\",\"breadcrumb\":{\"@id\":\"https:\\\/\\\/lykketegningtest.wp3.hcweb.dev\\\/de\\\/product-2\\\/schone-wasserglaser-mit-gravur-2er-pack-atem-leben-ist-na\\\/#breadcrumb\"},\"inLanguage\":\"da-DK\",\"potentialAction\":[{\"@type\":\"ReadAction\",\"target\":[\"https:\\\/\\\/lykketegningtest.wp3.hcweb.dev\\\/de\\\/product-2\\\/schone-wasserglaser-mit-gravur-2er-pack-atem-leben-ist-na\\\/\"]}]},{\"@type\":\"ImageObject\",\"inLanguage\":\"da-DK\",\"@id\":\"https:\\\/\\\/lykketegningtest.wp3.hcweb.dev\\\/de\\\/product-2\\\/schone-wasserglaser-mit-gravur-2er-pack-atem-leben-ist-na\\\/#primaryimage\",\"url\":\"https:\\\/\\\/lykketegningtest.wp3.hcweb.dev\\\/wp-content\\\/uploads\\\/2025\\\/10\\\/IMG_4904-scaled.jpeg\",\"contentUrl\":\"https:\\\/\\\/lykketegningtest.wp3.hcweb.dev\\\/wp-content\\\/uploads\\\/2025\\\/10\\\/IMG_4904-scaled.jpeg\",\"width\":1844,\"height\":2560},{\"@type\":\"BreadcrumbList\",\"@id\":\"https:\\\/\\\/lykketegningtest.wp3.hcweb.dev\\\/de\\\/product-2\\\/schone-wasserglaser-mit-gravur-2er-pack-atem-leben-ist-na\\\/#breadcrumb\",\"itemListElement\":[{\"@type\":\"ListItem\",\"position\":1,\"name\":\"Hjem\",\"item\":\"https:\\\/\\\/lykketegningtest.wp3.hcweb.dev\\\/\"},{\"@type\":\"ListItem\",\"position\":2,\"name\":\"Shop\",\"item\":\"https:\\\/\\\/lykketegningtest.wp3.hcweb.dev\\\/sv\\\/webbutik\\\/\"},{\"@type\":\"ListItem\",\"position\":3,\"name\":\"Vakre vannglass med inngravering 2 pack; &#8220;Pust, livet er n\u00e5&#8221;\"}]},{\"@type\":\"WebSite\",\"@id\":\"https:\\\/\\\/lykketegningtest.wp3.hcweb.dev\\\/#website\",\"url\":\"https:\\\/\\\/lykketegningtest.wp3.hcweb.dev\\\/\",\"name\":\"LYKKETEGNING ILLUSTRAT\u00d8R\",\"description\":\"\",\"publisher\":{\"@id\":\"https:\\\/\\\/lykketegningtest.wp3.hcweb.dev\\\/#organization\"},\"potentialAction\":[{\"@type\":\"SearchAction\",\"target\":{\"@type\":\"EntryPoint\",\"urlTemplate\":\"https:\\\/\\\/lykketegningtest.wp3.hcweb.dev\\\/?s={search_term_string}\"},\"query-input\":{\"@type\":\"PropertyValueSpecification\",\"valueRequired\":true,\"valueName\":\"search_term_string\"}}],\"inLanguage\":\"da-DK\"},{\"@type\":\"Organization\",\"@id\":\"https:\\\/\\\/lykketegningtest.wp3.hcweb.dev\\\/#organization\",\"name\":\"LYKKETEGNING ILLUSTRAT\u00d8R\",\"url\":\"https:\\\/\\\/lykketegningtest.wp3.hcweb.dev\\\/\",\"logo\":{\"@type\":\"ImageObject\",\"inLanguage\":\"da-DK\",\"@id\":\"https:\\\/\\\/lykketegningtest.wp3.hcweb.dev\\\/#\\\/schema\\\/logo\\\/image\\\/\",\"url\":\"https:\\\/\\\/lykketegningtest.wp3.hcweb.dev\\\/wp-content\\\/uploads\\\/2020\\\/03\\\/Logo2020_h400px.jpg\",\"contentUrl\":\"https:\\\/\\\/lykketegningtest.wp3.hcweb.dev\\\/wp-content\\\/uploads\\\/2020\\\/03\\\/Logo2020_h400px.jpg\",\"width\":1024,\"height\":400,\"caption\":\"LYKKETEGNING ILLUSTRAT\u00d8R\"},\"image\":{\"@id\":\"https:\\\/\\\/lykketegningtest.wp3.hcweb.dev\\\/#\\\/schema\\\/logo\\\/image\\\/\"},\"sameAs\":[\"https:\\\/\\\/www.facebook.com\\\/lykketegning\\\/\",\"https:\\\/\\\/www.instagram.com\\\/lykketegning\\\/\",\"https:\\\/\\\/www.youtube.com\\\/@lykketegningillustrations\",\"https:\\\/\\\/www.tiktok.com\\\/@lykketegningillustration\"]}]}<\/script>\n<!-- \/ Yoast SEO plugin. -->","yoast_head_json":{"title":"Smukke vandglas med indgravering 2-pak; \"Tr\u00e6k vejret, livet er nu\" - HELDIG TEGNING ILLUSTRATOR","description":"Smukke vandglas med indgravering 2-pak; \"Breathe, life is now\" Efter den store succes med Lucky Drawing-vinglassene - over 80.000 solgte - kommer nu endelig vandglas med indgraverede tekster. Disse smukke vandglas leveres i smuk emballage, og kommer som et s\u00e6t med 2 glas.","robots":{"index":"noindex","follow":"follow","max-snippet":"max-snippet:-1","max-image-preview":"max-image-preview:large","max-video-preview":"max-video-preview:-1"},"og_locale":"da_DK","og_type":"article","og_title":"Vakre vannglass med inngravering 2 pack; \"Pust, livet er n\u00e5\" - LYKKETEGNING ILLUSTRAT\u00d8R","og_description":"Vakre vannglass med inngravering 2 pack; \"Pust, livet er n\u00e5\" Etter den enorme suksessen med Lykketegning vinglass \u2013 over 80.000 solgte! \u2013 kommer n\u00e5 endelig vannglass med inngraverte tekster.Disse flotte vannglassene leveres i nydelig innpakning, og kommer som sett med 2 glass.","og_url":"https:\/\/lykketegningtest.wp3.hcweb.dev\/da\/product-2\/schone-wasserglaser-mit-gravur-2er-pack-atem-leben-ist-na\/","og_site_name":"LYKKETEGNING ILLUSTRAT\u00d8R","article_publisher":"https:\/\/www.facebook.com\/lykketegning\/","article_modified_time":"2026-05-08T07:13:53+00:00","og_image":[{"width":1844,"height":2560,"url":"https:\/\/www.lykketegning.no\/wp-content\/uploads\/2025\/10\/IMG_4904-scaled.jpeg","type":"image\/jpeg"}],"twitter_card":"summary_large_image","twitter_misc":{"Estimeret l\u00e6setid":"3 minutter"},"schema":{"@context":"https:\/\/schema.org","@graph":[{"@type":"WebPage","@id":"https:\/\/lykketegningtest.wp3.hcweb.dev\/de\/product-2\/schone-wasserglaser-mit-gravur-2er-pack-atem-leben-ist-na\/","url":"https:\/\/lykketegningtest.wp3.hcweb.dev\/de\/product-2\/schone-wasserglaser-mit-gravur-2er-pack-atem-leben-ist-na\/","name":"Smukke vandglas med indgravering 2-pak; \"Tr\u00e6k vejret, livet er nu\" - HELDIG TEGNING ILLUSTRATOR","isPartOf":{"@id":"https:\/\/lykketegningtest.wp3.hcweb.dev\/#website"},"primaryImageOfPage":{"@id":"https:\/\/lykketegningtest.wp3.hcweb.dev\/de\/product-2\/schone-wasserglaser-mit-gravur-2er-pack-atem-leben-ist-na\/#primaryimage"},"image":{"@id":"https:\/\/lykketegningtest.wp3.hcweb.dev\/de\/product-2\/schone-wasserglaser-mit-gravur-2er-pack-atem-leben-ist-na\/#primaryimage"},"thumbnailUrl":"https:\/\/lykketegningtest.wp3.hcweb.dev\/wp-content\/uploads\/2025\/10\/IMG_4904-scaled.jpeg","datePublished":"2025-10-21T09:19:30+00:00","dateModified":"2026-05-08T07:13:53+00:00","description":"Smukke vandglas med indgravering 2-pak; \"Breathe, life is now\" Efter den store succes med Lucky Drawing-vinglassene - over 80.000 solgte - kommer nu endelig vandglas med indgraverede tekster. Disse smukke vandglas leveres i smuk emballage, og kommer som et s\u00e6t med 2 glas.","breadcrumb":{"@id":"https:\/\/lykketegningtest.wp3.hcweb.dev\/de\/product-2\/schone-wasserglaser-mit-gravur-2er-pack-atem-leben-ist-na\/#breadcrumb"},"inLanguage":"da-DK","potentialAction":[{"@type":"ReadAction","target":["https:\/\/lykketegningtest.wp3.hcweb.dev\/de\/product-2\/schone-wasserglaser-mit-gravur-2er-pack-atem-leben-ist-na\/"]}]},{"@type":"ImageObject","inLanguage":"da-DK","@id":"https:\/\/lykketegningtest.wp3.hcweb.dev\/de\/product-2\/schone-wasserglaser-mit-gravur-2er-pack-atem-leben-ist-na\/#primaryimage","url":"https:\/\/lykketegningtest.wp3.hcweb.dev\/wp-content\/uploads\/2025\/10\/IMG_4904-scaled.jpeg","contentUrl":"https:\/\/lykketegningtest.wp3.hcweb.dev\/wp-content\/uploads\/2025\/10\/IMG_4904-scaled.jpeg","width":1844,"height":2560},{"@type":"BreadcrumbList","@id":"https:\/\/lykketegningtest.wp3.hcweb.dev\/de\/product-2\/schone-wasserglaser-mit-gravur-2er-pack-atem-leben-ist-na\/#breadcrumb","itemListElement":[{"@type":"ListItem","position":1,"name":"Hjem","item":"https:\/\/lykketegningtest.wp3.hcweb.dev\/"},{"@type":"ListItem","position":2,"name":"Shop","item":"https:\/\/lykketegningtest.wp3.hcweb.dev\/sv\/webbutik\/"},{"@type":"ListItem","position":3,"name":"Vakre vannglass med inngravering 2 pack; &#8220;Pust, livet er n\u00e5&#8221;"}]},{"@type":"WebSite","@id":"https:\/\/lykketegningtest.wp3.hcweb.dev\/#website","url":"https:\/\/lykketegningtest.wp3.hcweb.dev\/","name":"LYKKETEGNING ILLUSTRATOR","description":"","publisher":{"@id":"https:\/\/lykketegningtest.wp3.hcweb.dev\/#organization"},"potentialAction":[{"@type":"SearchAction","target":{"@type":"EntryPoint","urlTemplate":"https:\/\/lykketegningtest.wp3.hcweb.dev\/?s={search_term_string}"},"query-input":{"@type":"PropertyValueSpecification","valueRequired":true,"valueName":"search_term_string"}}],"inLanguage":"da-DK"},{"@type":"Organization","@id":"https:\/\/lykketegningtest.wp3.hcweb.dev\/#organization","name":"LYKKETEGNING ILLUSTRATOR","url":"https:\/\/lykketegningtest.wp3.hcweb.dev\/","logo":{"@type":"ImageObject","inLanguage":"da-DK","@id":"https:\/\/lykketegningtest.wp3.hcweb.dev\/#\/schema\/logo\/image\/","url":"https:\/\/lykketegningtest.wp3.hcweb.dev\/wp-content\/uploads\/2020\/03\/Logo2020_h400px.jpg","contentUrl":"https:\/\/lykketegningtest.wp3.hcweb.dev\/wp-content\/uploads\/2020\/03\/Logo2020_h400px.jpg","width":1024,"height":400,"caption":"LYKKETEGNING ILLUSTRAT\u00d8R"},"image":{"@id":"https:\/\/lykketegningtest.wp3.hcweb.dev\/#\/schema\/logo\/image\/"},"sameAs":["https:\/\/www.facebook.com\/lykketegning\/","https:\/\/www.instagram.com\/lykketegning\/","https:\/\/www.youtube.com\/@lykketegningillustrations","https:\/\/www.tiktok.com\/@lykketegningillustration"]}]}},"_links":{"self":[{"href":"https:\/\/lykketegningtest.wp3.hcweb.dev\/da\/wp-json\/wp\/v2\/product\/40970","targetHints":{"allow":["GET"]}}],"collection":[{"href":"https:\/\/lykketegningtest.wp3.hcweb.dev\/da\/wp-json\/wp\/v2\/product"}],"about":[{"href":"https:\/\/lykketegningtest.wp3.hcweb.dev\/da\/wp-json\/wp\/v2\/types\/product"}],"replies":[{"embeddable":true,"href":"https:\/\/lykketegningtest.wp3.hcweb.dev\/da\/wp-json\/wp\/v2\/comments?post=40970"}],"wp:featuredmedia":[{"embeddable":true,"href":"https:\/\/lykketegningtest.wp3.hcweb.dev\/da\/wp-json\/wp\/v2\/media\/41068"}],"wp:attachment":[{"href":"https:\/\/lykketegningtest.wp3.hcweb.dev\/da\/wp-json\/wp\/v2\/media?parent=40970"}],"wp:term":[{"taxonomy":"product_brand","embeddable":true,"href":"https:\/\/lykketegningtest.wp3.hcweb.dev\/da\/wp-json\/wp\/v2\/product_brand?post=40970"},{"taxonomy":"product_cat","embeddable":true,"href":"https:\/\/lykketegningtest.wp3.hcweb.dev\/da\/wp-json\/wp\/v2\/product_cat?post=40970"},{"taxonomy":"product_tag","embeddable":true,"href":"https:\/\/lykketegningtest.wp3.hcweb.dev\/da\/wp-json\/wp\/v2\/product_tag?post=40970"}],"curies":[{"name":"wp","href":"https:\/\/api.w.org\/{rel}","templated":true}]}}