{"id":41451,"date":"2025-11-26T11:52:42","date_gmt":"2025-11-26T10:52:42","guid":{"rendered":"https:\/\/www-lykketegning.wp3.hcweb.dev\/?post_type=product&#038;p=41451"},"modified":"2026-05-04T16:25:18","modified_gmt":"2026-05-04T14:25:18","slug":"helt-ny-lykkekopp-fra-lykketegning-oyeblikket","status":"publish","type":"product","link":"https:\/\/lykketegningtest.wp3.hcweb.dev\/da\/vare\/helt-ny-lykkekopp-fra-lykketegning-oyeblikket\/","title":{"rendered":"Helt ny heldig kop fra lodtr\u00e6kningen \u201cThe Moment\u201d"},"content":{"rendered":"<h3>Helt ny heldig kop fra lodtr\u00e6kningen \u201cThe Moment\u201d<\/h3>\n<h5><i>Hvad vil du gerne fylde din dag med?<span class=\"Apple-converted-space\">\u00a0<\/span><\/i><\/h5>\n<h5><i>Er det at l\u00e6se en god bog, g\u00e5 ture, lytte til musik? Spar ikke p\u00e5 de gode ting i livet.,<span class=\"Apple-converted-space\">\u00a0<\/span><\/i><\/h5>\n<h5><i>Hver dag, hvert \u00f8jeblik er lige her og nu.<\/i><\/h5>\n<h5><i>Der er ingen afspilningsknap,<span class=\"Apple-converted-space\">\u00a0<\/span><\/i><\/h5>\n<h5><i>Fyld din dag med lige det, du har lyst til.<\/i><\/h5>\n<blockquote>\n<h5 style=\"text-align: justify;\"><em>Ingebj\u00f8rg Rang\u00f8y Sj\u00e5land \u00a0<\/em><em>Heldig lodtr\u00e6kning<\/em><\/h5>\n<\/blockquote>\n<p>Dejlig lyser\u00f8d farve og perfekt til din morgenkaffe.<\/p>\n<p>Se ogs\u00e5 de andre krus.<\/p>\n<p>Krus pink D8 H9,5 400ml Materiale: Porcel\u00e6n<\/p>\n<p>T\u00e5ler opvaskemaskine<\/p>\n<p>Popul\u00e6rt krus med citat fra Lucky Drawing<\/p>\n<h4>Mere om Lucky drawing:<\/h4>\n<div class=\"row tab-table-row\">\n<div class=\"col-xs-6\"><strong>\"Hos Lykketegning bliver hver eneste illustration skabt med varme og omhu.<\/strong><br \/>\n<strong>Med st\u00e6rke farver, klare linjer og gode citater vil Happiness Drawing f\u00e5 dig til at stoppe op et \u00f8jeblik, tage en dyb ind\u00e5nding og derefter s\u00e6tte en god kurs fremad.<\/strong><br \/>\n<strong>\"Hjerterne og smilene er fra mig til dig for at minde dig om, at du er rigtig god!\"<\/strong><\/div>\n<div class=\"col-xs-6\">\n<p>P\u00e5 hjemmesiden finder du nogle illustrationer og andre produkter som kopper, lyk\u00f8nskningskort og kalendere, og der kommer hele tiden nye produkter til, s\u00e5 du er velkommen til at tilmelde dig nyhedsbrevet for at f\u00e5 m\u00e5nedlige opdateringer.<\/p>\n<p>For <strong>mange mange mange mange<\/strong> flere illustrationer; bes\u00f8g min Instagram- og Facebook-profil.<\/p>\n<p>Faktisk er alle illustrationer til salg. 999 SEK for A4 og 1500 SEK for A3.<\/p>\n<p>Du kan ogs\u00e5 bestille dine helt egne - gode gaver til bryllupper og andre fester. Kontakt indbakken for dette.<\/p>\n<p><em>Pris: 1500kr for A4 og A5 (op til 5 personer\/dyr), ekstra omkostninger for flere (op til 5 personer\/dyr). A3 2000kr ex porto. Jeg har brug for at kende h\u00e5rfarve\/h\u00e5rtype, h\u00f8jde, interesser og \u00f8nsket antal illustrerede personer. Alle tilbud, du \u00f8nsker inkluderet.<\/em><\/p>\n<p>Hvis du har sp\u00f8rgsm\u00e5l, s\u00e5 t\u00f8v ikke med at kontakte mig! Hvis du gerne vil have en snak om et muligt samarbejde, s\u00e5 send mig en e-mail.<\/p>\n<p>Jeg ser frem til at h\u00f8re fra dig og h\u00e5ber, at du f\u00e5r en dejlig dag. <a href=\"https:\/\/www.facebook.com\/lykketegning\/?locale=nb_NO\">S\u00e5 kommer du til min Facebook-side.<\/a> Og hvis du vil f\u00f8lge mig p\u00e5<a href=\"https:\/\/www.instagram.com\/lykketegning\/?hl=nb\"> Instagram, du finder det her.<\/a><\/p>\n<p>Kunstner<br \/>\nIngebj\u00f8rg Rang\u00f8y Sj\u00e5land<\/p>\n<p>&nbsp;<\/p>\n<\/div>\n<\/div>\n<div><\/div>\n<div class=\"page\" title=\"Side 1\"><\/div>","protected":false},"excerpt":{"rendered":"<h3>Helt ny heldig kop fra lodtr\u00e6kningen \u201cThe Moment\u201d<\/h3>\n<p><i>Hvad vil du gerne fylde din dag med? <\/i><\/p>\n<p><i>Er det at l\u00e6se en god bog, g\u00e5 ture, lytte til musik? Spar ikke p\u00e5 de gode ting i livet., <\/i><\/p>\n<p><i>Hver dag, hvert \u00f8jeblik er lige her og nu.<\/i><\/p>\n<p><i>Der er ingen afspilningsknap, <\/i><\/p>\n<p><i>Fyld din dag med lige det, du har lyst til.<\/i><\/p>\n<blockquote>\n<h5 style=\"text-align: justify;\"><em>Ingebj\u00f8rg Rang\u00f8y Sj\u00e5land \u00a0<\/em><em>Heldig lodtr\u00e6kning<\/em><\/h5>\n<\/blockquote>\n<p>Dejlig lyser\u00f8d farve og perfekt til din morgenkaffe.<\/p>","protected":false},"featured_media":41453,"comment_status":"closed","ping_status":"closed","template":"","meta":[],"product_brand":[432],"product_cat":[41],"product_tag":[191,43,121,435],"class_list":{"0":"post-41451","1":"product","2":"type-product","3":"status-publish","4":"has-post-thumbnail","6":"product_brand-lykkekopp","7":"product_cat-lykkekopper","8":"product_tag-lykke","9":"product_tag-lykkekopp","10":"product_tag-lykkekrus","11":"product_tag-oyeblikket","13":"first","14":"instock","15":"taxable","16":"shipping-taxable","17":"purchasable","18":"product-type-simple"},"yoast_head":"<!-- This site is optimized with the Yoast SEO plugin v27.5 - https:\/\/yoast.com\/product\/yoast-seo-wordpress\/ -->\n<title>Helt ny Lykkekopp fra Lykketegning &quot;\u00d8yeblikket&quot; - LYKKETEGNING ILLUSTRAT\u00d8R<\/title>\n<meta name=\"description\" content=\"Helt ny Lykkekopp fra Lykketegning &quot;\u00d8yeblikket&quot;. Hvor mange har du? Hos Lykketegning kan du samle p\u00e5 alle koppene. Over 30 ulike motiver.\" \/>\n<meta name=\"robots\" content=\"noindex, follow, max-snippet:-1, max-image-preview:large, max-video-preview:-1\" \/>\n<meta property=\"og:locale\" content=\"da_DK\" \/>\n<meta property=\"og:type\" content=\"article\" \/>\n<meta property=\"og:title\" content=\"Helt ny Lykkekopp fra Lykketegning &quot;\u00d8yeblikket&quot; - LYKKETEGNING ILLUSTRAT\u00d8R\" \/>\n<meta property=\"og:description\" content=\"Helt ny Lykkekopp fra Lykketegning &quot;\u00d8yeblikket&quot;. Hvor mange har du? Hos Lykketegning kan du samle p\u00e5 alle koppene. Over 30 ulike motiver.\" \/>\n<meta property=\"og:url\" content=\"https:\/\/lykketegningtest.wp3.hcweb.dev\/da\/vare\/helt-ny-lykkekopp-fra-lykketegning-oyeblikket\/\" \/>\n<meta property=\"og:site_name\" content=\"LYKKETEGNING ILLUSTRAT\u00d8R\" \/>\n<meta property=\"article:publisher\" content=\"https:\/\/www.facebook.com\/lykketegning\/\" \/>\n<meta property=\"article:modified_time\" content=\"2026-05-04T14:25:18+00:00\" \/>\n<meta property=\"og:image\" content=\"https:\/\/www.lykketegning.no\/wp-content\/uploads\/2025\/11\/46242123_1-scaled.jpg\" \/>\n\t<meta property=\"og:image:width\" content=\"2560\" \/>\n\t<meta property=\"og:image:height\" content=\"2560\" \/>\n\t<meta property=\"og:image:type\" content=\"image\/jpeg\" \/>\n<meta name=\"twitter:card\" content=\"summary_large_image\" \/>\n<meta name=\"twitter:label1\" content=\"Estimeret l\u00e6setid\" \/>\n\t<meta name=\"twitter:data1\" content=\"2 minutter\" \/>\n<script type=\"application\/ld+json\" class=\"yoast-schema-graph\">{\"@context\":\"https:\\\/\\\/schema.org\",\"@graph\":[{\"@type\":\"WebPage\",\"@id\":\"https:\\\/\\\/lykketegningtest.wp3.hcweb.dev\\\/produkt\\\/helt-ny-lykkekopp-fra-lykketegning-oyeblikket\\\/\",\"url\":\"https:\\\/\\\/lykketegningtest.wp3.hcweb.dev\\\/produkt\\\/helt-ny-lykkekopp-fra-lykketegning-oyeblikket\\\/\",\"name\":\"Helt ny Lykkekopp fra Lykketegning \\\"\u00d8yeblikket\\\" - LYKKETEGNING ILLUSTRAT\u00d8R\",\"isPartOf\":{\"@id\":\"https:\\\/\\\/lykketegningtest.wp3.hcweb.dev\\\/#website\"},\"primaryImageOfPage\":{\"@id\":\"https:\\\/\\\/lykketegningtest.wp3.hcweb.dev\\\/produkt\\\/helt-ny-lykkekopp-fra-lykketegning-oyeblikket\\\/#primaryimage\"},\"image\":{\"@id\":\"https:\\\/\\\/lykketegningtest.wp3.hcweb.dev\\\/produkt\\\/helt-ny-lykkekopp-fra-lykketegning-oyeblikket\\\/#primaryimage\"},\"thumbnailUrl\":\"https:\\\/\\\/lykketegningtest.wp3.hcweb.dev\\\/wp-content\\\/uploads\\\/2025\\\/11\\\/46242123_1-scaled.jpg\",\"datePublished\":\"2025-11-26T10:52:42+00:00\",\"dateModified\":\"2026-05-04T14:25:18+00:00\",\"description\":\"Helt ny Lykkekopp fra Lykketegning \\\"\u00d8yeblikket\\\". Hvor mange har du? Hos Lykketegning kan du samle p\u00e5 alle koppene. Over 30 ulike motiver.\",\"breadcrumb\":{\"@id\":\"https:\\\/\\\/lykketegningtest.wp3.hcweb.dev\\\/produkt\\\/helt-ny-lykkekopp-fra-lykketegning-oyeblikket\\\/#breadcrumb\"},\"inLanguage\":\"da-DK\",\"potentialAction\":[{\"@type\":\"ReadAction\",\"target\":[\"https:\\\/\\\/lykketegningtest.wp3.hcweb.dev\\\/produkt\\\/helt-ny-lykkekopp-fra-lykketegning-oyeblikket\\\/\"]}]},{\"@type\":\"ImageObject\",\"inLanguage\":\"da-DK\",\"@id\":\"https:\\\/\\\/lykketegningtest.wp3.hcweb.dev\\\/produkt\\\/helt-ny-lykkekopp-fra-lykketegning-oyeblikket\\\/#primaryimage\",\"url\":\"https:\\\/\\\/lykketegningtest.wp3.hcweb.dev\\\/wp-content\\\/uploads\\\/2025\\\/11\\\/46242123_1-scaled.jpg\",\"contentUrl\":\"https:\\\/\\\/lykketegningtest.wp3.hcweb.dev\\\/wp-content\\\/uploads\\\/2025\\\/11\\\/46242123_1-scaled.jpg\",\"width\":2560,\"height\":2560},{\"@type\":\"BreadcrumbList\",\"@id\":\"https:\\\/\\\/lykketegningtest.wp3.hcweb.dev\\\/produkt\\\/helt-ny-lykkekopp-fra-lykketegning-oyeblikket\\\/#breadcrumb\",\"itemListElement\":[{\"@type\":\"ListItem\",\"position\":1,\"name\":\"Hjem\",\"item\":\"https:\\\/\\\/lykketegningtest.wp3.hcweb.dev\\\/\"},{\"@type\":\"ListItem\",\"position\":2,\"name\":\"Shop\",\"item\":\"https:\\\/\\\/lykketegningtest.wp3.hcweb.dev\\\/sv\\\/webbutik\\\/\"},{\"@type\":\"ListItem\",\"position\":3,\"name\":\"Helt ny Lykkekopp fra Lykketegning &#8220;\u00d8yeblikket&#8221;\"}]},{\"@type\":\"WebSite\",\"@id\":\"https:\\\/\\\/lykketegningtest.wp3.hcweb.dev\\\/#website\",\"url\":\"https:\\\/\\\/lykketegningtest.wp3.hcweb.dev\\\/\",\"name\":\"LYKKETEGNING ILLUSTRAT\u00d8R\",\"description\":\"\",\"publisher\":{\"@id\":\"https:\\\/\\\/lykketegningtest.wp3.hcweb.dev\\\/#organization\"},\"potentialAction\":[{\"@type\":\"SearchAction\",\"target\":{\"@type\":\"EntryPoint\",\"urlTemplate\":\"https:\\\/\\\/lykketegningtest.wp3.hcweb.dev\\\/?s={search_term_string}\"},\"query-input\":{\"@type\":\"PropertyValueSpecification\",\"valueRequired\":true,\"valueName\":\"search_term_string\"}}],\"inLanguage\":\"da-DK\"},{\"@type\":\"Organization\",\"@id\":\"https:\\\/\\\/lykketegningtest.wp3.hcweb.dev\\\/#organization\",\"name\":\"LYKKETEGNING ILLUSTRAT\u00d8R\",\"url\":\"https:\\\/\\\/lykketegningtest.wp3.hcweb.dev\\\/\",\"logo\":{\"@type\":\"ImageObject\",\"inLanguage\":\"da-DK\",\"@id\":\"https:\\\/\\\/lykketegningtest.wp3.hcweb.dev\\\/#\\\/schema\\\/logo\\\/image\\\/\",\"url\":\"https:\\\/\\\/lykketegningtest.wp3.hcweb.dev\\\/wp-content\\\/uploads\\\/2020\\\/03\\\/Logo2020_h400px.jpg\",\"contentUrl\":\"https:\\\/\\\/lykketegningtest.wp3.hcweb.dev\\\/wp-content\\\/uploads\\\/2020\\\/03\\\/Logo2020_h400px.jpg\",\"width\":1024,\"height\":400,\"caption\":\"LYKKETEGNING ILLUSTRAT\u00d8R\"},\"image\":{\"@id\":\"https:\\\/\\\/lykketegningtest.wp3.hcweb.dev\\\/#\\\/schema\\\/logo\\\/image\\\/\"},\"sameAs\":[\"https:\\\/\\\/www.facebook.com\\\/lykketegning\\\/\",\"https:\\\/\\\/www.instagram.com\\\/lykketegning\\\/\",\"https:\\\/\\\/www.youtube.com\\\/@lykketegningillustrations\",\"https:\\\/\\\/www.tiktok.com\\\/@lykketegningillustration\"]}]}<\/script>\n<!-- \/ Yoast SEO plugin. -->","yoast_head_json":{"title":"Helt ny lykke-kop fra Lykketegning \"The Moment\" - LYKKETEGNING ILLUSTRATOR","description":"Helt ny lykke-kop fra Lykketegning \"The Moment\". Hvor mange har du? Hos Lykketegning kan du samle alle kopperne. Over 30 forskellige designs.","robots":{"index":"noindex","follow":"follow","max-snippet":"max-snippet:-1","max-image-preview":"max-image-preview:large","max-video-preview":"max-video-preview:-1"},"og_locale":"da_DK","og_type":"article","og_title":"Helt ny Lykkekopp fra Lykketegning \"\u00d8yeblikket\" - LYKKETEGNING ILLUSTRAT\u00d8R","og_description":"Helt ny Lykkekopp fra Lykketegning \"\u00d8yeblikket\". Hvor mange har du? Hos Lykketegning kan du samle p\u00e5 alle koppene. Over 30 ulike motiver.","og_url":"https:\/\/lykketegningtest.wp3.hcweb.dev\/da\/vare\/helt-ny-lykkekopp-fra-lykketegning-oyeblikket\/","og_site_name":"LYKKETEGNING ILLUSTRAT\u00d8R","article_publisher":"https:\/\/www.facebook.com\/lykketegning\/","article_modified_time":"2026-05-04T14:25:18+00:00","og_image":[{"width":2560,"height":2560,"url":"https:\/\/www.lykketegning.no\/wp-content\/uploads\/2025\/11\/46242123_1-scaled.jpg","type":"image\/jpeg"}],"twitter_card":"summary_large_image","twitter_misc":{"Estimeret l\u00e6setid":"2 minutter"},"schema":{"@context":"https:\/\/schema.org","@graph":[{"@type":"WebPage","@id":"https:\/\/lykketegningtest.wp3.hcweb.dev\/produkt\/helt-ny-lykkekopp-fra-lykketegning-oyeblikket\/","url":"https:\/\/lykketegningtest.wp3.hcweb.dev\/produkt\/helt-ny-lykkekopp-fra-lykketegning-oyeblikket\/","name":"Helt ny lykke-kop fra Lykketegning \"The Moment\" - LYKKETEGNING ILLUSTRATOR","isPartOf":{"@id":"https:\/\/lykketegningtest.wp3.hcweb.dev\/#website"},"primaryImageOfPage":{"@id":"https:\/\/lykketegningtest.wp3.hcweb.dev\/produkt\/helt-ny-lykkekopp-fra-lykketegning-oyeblikket\/#primaryimage"},"image":{"@id":"https:\/\/lykketegningtest.wp3.hcweb.dev\/produkt\/helt-ny-lykkekopp-fra-lykketegning-oyeblikket\/#primaryimage"},"thumbnailUrl":"https:\/\/lykketegningtest.wp3.hcweb.dev\/wp-content\/uploads\/2025\/11\/46242123_1-scaled.jpg","datePublished":"2025-11-26T10:52:42+00:00","dateModified":"2026-05-04T14:25:18+00:00","description":"Helt ny lykke-kop fra Lykketegning \"The Moment\". Hvor mange har du? Hos Lykketegning kan du samle alle kopperne. Over 30 forskellige designs.","breadcrumb":{"@id":"https:\/\/lykketegningtest.wp3.hcweb.dev\/produkt\/helt-ny-lykkekopp-fra-lykketegning-oyeblikket\/#breadcrumb"},"inLanguage":"da-DK","potentialAction":[{"@type":"ReadAction","target":["https:\/\/lykketegningtest.wp3.hcweb.dev\/produkt\/helt-ny-lykkekopp-fra-lykketegning-oyeblikket\/"]}]},{"@type":"ImageObject","inLanguage":"da-DK","@id":"https:\/\/lykketegningtest.wp3.hcweb.dev\/produkt\/helt-ny-lykkekopp-fra-lykketegning-oyeblikket\/#primaryimage","url":"https:\/\/lykketegningtest.wp3.hcweb.dev\/wp-content\/uploads\/2025\/11\/46242123_1-scaled.jpg","contentUrl":"https:\/\/lykketegningtest.wp3.hcweb.dev\/wp-content\/uploads\/2025\/11\/46242123_1-scaled.jpg","width":2560,"height":2560},{"@type":"BreadcrumbList","@id":"https:\/\/lykketegningtest.wp3.hcweb.dev\/produkt\/helt-ny-lykkekopp-fra-lykketegning-oyeblikket\/#breadcrumb","itemListElement":[{"@type":"ListItem","position":1,"name":"Hjem","item":"https:\/\/lykketegningtest.wp3.hcweb.dev\/"},{"@type":"ListItem","position":2,"name":"Shop","item":"https:\/\/lykketegningtest.wp3.hcweb.dev\/sv\/webbutik\/"},{"@type":"ListItem","position":3,"name":"Helt ny Lykkekopp fra Lykketegning &#8220;\u00d8yeblikket&#8221;"}]},{"@type":"WebSite","@id":"https:\/\/lykketegningtest.wp3.hcweb.dev\/#website","url":"https:\/\/lykketegningtest.wp3.hcweb.dev\/","name":"LYKKETEGNING ILLUSTRATOR","description":"","publisher":{"@id":"https:\/\/lykketegningtest.wp3.hcweb.dev\/#organization"},"potentialAction":[{"@type":"SearchAction","target":{"@type":"EntryPoint","urlTemplate":"https:\/\/lykketegningtest.wp3.hcweb.dev\/?s={search_term_string}"},"query-input":{"@type":"PropertyValueSpecification","valueRequired":true,"valueName":"search_term_string"}}],"inLanguage":"da-DK"},{"@type":"Organization","@id":"https:\/\/lykketegningtest.wp3.hcweb.dev\/#organization","name":"LYKKETEGNING ILLUSTRATOR","url":"https:\/\/lykketegningtest.wp3.hcweb.dev\/","logo":{"@type":"ImageObject","inLanguage":"da-DK","@id":"https:\/\/lykketegningtest.wp3.hcweb.dev\/#\/schema\/logo\/image\/","url":"https:\/\/lykketegningtest.wp3.hcweb.dev\/wp-content\/uploads\/2020\/03\/Logo2020_h400px.jpg","contentUrl":"https:\/\/lykketegningtest.wp3.hcweb.dev\/wp-content\/uploads\/2020\/03\/Logo2020_h400px.jpg","width":1024,"height":400,"caption":"LYKKETEGNING ILLUSTRAT\u00d8R"},"image":{"@id":"https:\/\/lykketegningtest.wp3.hcweb.dev\/#\/schema\/logo\/image\/"},"sameAs":["https:\/\/www.facebook.com\/lykketegning\/","https:\/\/www.instagram.com\/lykketegning\/","https:\/\/www.youtube.com\/@lykketegningillustrations","https:\/\/www.tiktok.com\/@lykketegningillustration"]}]}},"_links":{"self":[{"href":"https:\/\/lykketegningtest.wp3.hcweb.dev\/da\/wp-json\/wp\/v2\/product\/41451","targetHints":{"allow":["GET"]}}],"collection":[{"href":"https:\/\/lykketegningtest.wp3.hcweb.dev\/da\/wp-json\/wp\/v2\/product"}],"about":[{"href":"https:\/\/lykketegningtest.wp3.hcweb.dev\/da\/wp-json\/wp\/v2\/types\/product"}],"replies":[{"embeddable":true,"href":"https:\/\/lykketegningtest.wp3.hcweb.dev\/da\/wp-json\/wp\/v2\/comments?post=41451"}],"wp:featuredmedia":[{"embeddable":true,"href":"https:\/\/lykketegningtest.wp3.hcweb.dev\/da\/wp-json\/wp\/v2\/media\/41453"}],"wp:attachment":[{"href":"https:\/\/lykketegningtest.wp3.hcweb.dev\/da\/wp-json\/wp\/v2\/media?parent=41451"}],"wp:term":[{"taxonomy":"product_brand","embeddable":true,"href":"https:\/\/lykketegningtest.wp3.hcweb.dev\/da\/wp-json\/wp\/v2\/product_brand?post=41451"},{"taxonomy":"product_cat","embeddable":true,"href":"https:\/\/lykketegningtest.wp3.hcweb.dev\/da\/wp-json\/wp\/v2\/product_cat?post=41451"},{"taxonomy":"product_tag","embeddable":true,"href":"https:\/\/lykketegningtest.wp3.hcweb.dev\/da\/wp-json\/wp\/v2\/product_tag?post=41451"}],"curies":[{"name":"wp","href":"https:\/\/api.w.org\/{rel}","templated":true}]}}