{"id":42104,"date":"2026-02-02T11:50:16","date_gmt":"2026-02-02T10:50:16","guid":{"rendered":"https:\/\/www-lykketegning.wp3.hcweb.dev\/?post_type=product&#038;p=42104"},"modified":"2026-04-28T20:57:19","modified_gmt":"2026-04-28T18:57:19","slug":"duftlys-fra-lykketegning-pust","status":"publish","type":"product","link":"https:\/\/lykketegningtest.wp3.hcweb.dev\/da\/vare\/duftlys-fra-lykketegning-pust\/","title":{"rendered":"Duftlys fra Luck Drawing. Pust!"},"content":{"rendered":"<div class=\"attributes-spec-group-header t10\">\n<h2 data-start=\"124\" data-end=\"156\">Duftlys fra Luck Drawing. Pust!<\/h2>\n<p data-start=\"102\" data-end=\"134\">\u2728 <strong data-start=\"104\" data-end=\"130\">Nyheder fra Lykketegning<\/strong> \u2728<\/p>\n<p data-start=\"136\" data-end=\"228\">Et duftlys, der inviterer dig til at stoppe op, tr\u00e6kke vejret og v\u00e6re til stede i nuet.<\/p>\n<p data-start=\"230\" data-end=\"500\">Det sartrosa glas giver et varmt og hyggeligt sk\u00e6r, mens den rene og harmoniske duft fylder rummet med ro og velv\u00e6re. Med teksten <em data-start=\"363\" data-end=\"394\">\u00abTr\u00e6k vejret - livet er lige nu.\u00bb<\/em> Dette duftlys bliver en stille p\u00e5mindelse om at s\u00e6tte tempoet ned og give plads til de sm\u00e5, vigtige \u00f8jeblikke.<\/p>\n<p data-start=\"502\" data-end=\"639\">Lige s\u00e5 smuk som dekoration, som den er i brug, er Lykketegnings duftlys den perfekte tilf\u00f8jelse til dit hjem - n\u00e5r du \u00f8nsker ro, n\u00e6rv\u00e6r og en hyggelig atmosf\u00e6re.<\/p>\n<p data-start=\"641\" data-end=\"685\"><strong data-start=\"641\" data-end=\"657\">Heldig lodtr\u00e6kning<\/strong> - fordi \u00f8jeblikke er alt.<\/p>\n<p><strong>\"Hos Lykketegning bliver hver eneste illustration skabt med varme og omhu.<\/strong><br \/>\n<strong>Med st\u00e6rke farver, klare linjer og gode citater vil Happiness Drawing f\u00e5 dig til at stoppe op et \u00f8jeblik, tage en dyb ind\u00e5nding og derefter s\u00e6tte en god kurs fremad.<\/strong><br \/>\n<strong>\"Hjerterne og smilene er fra mig til dig for at minde dig om, at du er rigtig god!\"<\/strong><\/p>\n<p>P\u00e5 hjemmesiden finder du nogle illustrationer og andre produkter som kopper, lyk\u00f8nskningskort og kalendere.<\/p>\n<p>Der kommer hele tiden nye produkter til, s\u00e5 du er velkommen til at tilmelde dig nyhedsbrevet for at f\u00e5 m\u00e5nedlige opdateringer.<\/p>\n<p>For <strong>mange mange mange mange<\/strong> flere illustrationer; bes\u00f8g min Instagram- og Facebook-profil.<\/p>\n<p>Faktisk er alle illustrationer til salg. 999 SEK for A4 og 1500 SEK for A3.<\/p>\n<p>Du kan ogs\u00e5 bestille dine helt egne - gode gaver til bryllupper og andre fester. Kontakt indbakken for dette.<\/p>\n<p><em>Pris: 1500kr for A4 og A5 (op til 5 personer\/dyr), ekstra omkostninger for flere (op til 5 personer\/dyr). A3 2000kr ex porto. Jeg har brug for at kende h\u00e5rfarve\/h\u00e5rtype, h\u00f8jde, interesser og \u00f8nsket antal illustrerede personer. Alle tilbud, du \u00f8nsker inkluderet.<\/em><\/p>\n<p>Hvis du har sp\u00f8rgsm\u00e5l, s\u00e5 t\u00f8v ikke med at kontakte mig! Hvis du gerne vil have en snak om et muligt samarbejde, s\u00e5 send mig en e-mail.<\/p>\n<p>Jeg ser frem til at h\u00f8re fra dig og h\u00e5ber, at du f\u00e5r en dejlig dag. <a href=\"https:\/\/www.facebook.com\/lykketegning\/?locale=nb_NO\">S\u00e5 kommer du til min Facebook-side.<\/a> Og hvis du vil f\u00f8lge mig p\u00e5<a href=\"https:\/\/www.instagram.com\/lykketegning\/?hl=nb\"> Instagram, du finder det her.<\/a><\/p>\n<p>Kunstner<br \/>\nIngebj\u00f8rg Rang\u00f8y Sj\u00e5land<\/p>\n<p>St\u00f8rrelse og v\u00e6gt<\/p>\n<\/div>\n<div class=\"product-detail-value-wrapper\">\n<div class=\"row\">\n<div class=\"col-6\"><span class=\"product-detail-value-name\">V\u00e6gt (kg)<\/span><span class=\"product-detail-value-value\">0,3760<\/span><\/div>\n<\/div>\n<\/div>\n<div class=\"product-detail-value-wrapper\">\n<div class=\"row\">\n<div class=\"col-6\"><span class=\"product-detail-value-name\">Bredde (cm)<\/span><span class=\"product-detail-value-value\">7,60<\/span><\/div>\n<\/div>\n<\/div>\n<div class=\"product-detail-value-wrapper\">\n<div class=\"row\">\n<div class=\"col-6\"><span class=\"product-detail-value-name\">L\u00e6ngde (cm)<\/span><span class=\"product-detail-value-value\">7,60<\/span><\/div>\n<\/div>\n<\/div>\n<div class=\"product-detail-value-wrapper\">\n<div class=\"row\">\n<div class=\"col-6\"><span class=\"product-detail-value-name\">St\u00f8rrelse<\/span><\/div>\n<div class=\"col-6\"><span class=\"product-detail-value-value\">7,6\u00d77,6\u00d78,6 cm<\/span><\/div>\n<\/div>\n<\/div>\n<div class=\"product-detail-value-wrapper\">\n<div class=\"row\">\n<div class=\"col-6\"><span class=\"product-detail-value-name\">H\u00f8jde (cm)<\/span><span class=\"product-detail-value-value\">8,60<\/span><\/div>\n<\/div>\n<\/div>\n<div class=\"product-detail-value-wrapper\">\n<div class=\"row\">\n<div class=\"col-6\"><span class=\"product-detail-value-value\">Lyser\u00f8d<\/span><\/div>\n<\/div>\n<\/div>\n<div class=\"product-detail-value-wrapper\">\n<div class=\"row\">\n<div class=\"col-6\"><span class=\"product-detail-value-name\">Materialer<\/span><\/div>\n<div class=\"col-6\"><span class=\"product-detail-value-value\">Glas, voks<\/span><\/div>\n<\/div>\n<\/div>\n<div class=\"product-detail-value-wrapper\">\n<div class=\"row\"><\/div>\n<div class=\"row\">\n<div class=\"col-6\">Kan udl\u00f8se en allergisk reaktion.<\/div>\n<div class=\"col-6\">Giftig, med langtidsvirkninger, for vandlevende organismer.<\/div>\n<\/div>\n<\/div>","protected":false},"excerpt":{"rendered":"<p data-start=\"124\" data-end=\"156\"><strong>Duftlys fra Luck Drawing. Pust!<\/strong><\/p>\n<p data-start=\"102\" data-end=\"134\">\u2728 <strong data-start=\"104\" data-end=\"130\">Nyheder fra Lykketegning<\/strong> \u2728<\/p>\n<p data-start=\"136\" data-end=\"228\">Et duftlys, der inviterer dig til at stoppe op, tr\u00e6kke vejret og v\u00e6re til stede i nuet.<\/p>\n<p data-start=\"230\" data-end=\"500\">Det sartrosa glas giver et varmt og hyggeligt sk\u00e6r, mens den rene og harmoniske duft fylder rummet med ro og velv\u00e6re. Med teksten <em data-start=\"363\" data-end=\"394\">\u00abTr\u00e6k vejret - livet er lige nu.\u00bb<\/em> Dette duftlys bliver en stille p\u00e5mindelse om at s\u00e6tte tempoet ned og give plads til de sm\u00e5, vigtige \u00f8jeblikke.<\/p>\n<p data-start=\"502\" data-end=\"639\">Lige s\u00e5 smuk som dekoration, som den er i brug, er Lykketegnings duftlys den perfekte tilf\u00f8jelse til dit hjem - n\u00e5r du \u00f8nsker ro, n\u00e6rv\u00e6r og en hyggelig atmosf\u00e6re.<\/p>\n<p data-start=\"641\" data-end=\"685\"><strong data-start=\"641\" data-end=\"657\">Heldig lodtr\u00e6kning<\/strong> - fordi \u00f8jeblikke er alt.<\/p>","protected":false},"featured_media":42100,"comment_status":"closed","ping_status":"closed","template":"","meta":[],"product_brand":[],"product_cat":[197,168],"product_tag":[445,443,444],"class_list":{"0":"post-42104","1":"product","2":"type-product","3":"status-publish","4":"has-post-thumbnail","6":"product_cat-graverte-vinglass-champagneglass","7":"product_cat-takkegave","8":"product_tag-duft","9":"product_tag-duftlys","10":"product_tag-lys","12":"first","13":"instock","14":"taxable","15":"shipping-taxable","16":"purchasable","17":"product-type-simple"},"yoast_head":"<!-- This site is optimized with the Yoast SEO plugin v27.5 - https:\/\/yoast.com\/product\/yoast-seo-wordpress\/ -->\n<title>Duftlys fra Lykketegning. Pust! - LYKKETEGNING ILLUSTRAT\u00d8R<\/title>\n<meta name=\"description\" content=\"Med teksten \u00abPust! Livet er akkurat n\u00e5\u00bb blir dette duftlyset en liten p\u00e5minnelse i hverdagen om \u00e5 senke skuldrene og ta vare p\u00e5 de stille stundene.\" \/>\n<meta name=\"robots\" content=\"noindex, follow, max-snippet:-1, max-image-preview:large, max-video-preview:-1\" \/>\n<meta property=\"og:locale\" content=\"da_DK\" \/>\n<meta property=\"og:type\" content=\"article\" \/>\n<meta property=\"og:title\" content=\"Duftlys fra Lykketegning. Pust! - LYKKETEGNING ILLUSTRAT\u00d8R\" \/>\n<meta property=\"og:description\" content=\"Med teksten \u00abPust! Livet er akkurat n\u00e5\u00bb blir dette duftlyset en liten p\u00e5minnelse i hverdagen om \u00e5 senke skuldrene og ta vare p\u00e5 de stille stundene.\" \/>\n<meta property=\"og:url\" content=\"https:\/\/lykketegningtest.wp3.hcweb.dev\/da\/product-2\/vela-perfumada-de-felicidad-dibujo-puff\/\" \/>\n<meta property=\"og:site_name\" content=\"LYKKETEGNING ILLUSTRAT\u00d8R\" \/>\n<meta property=\"article:publisher\" content=\"https:\/\/www.facebook.com\/lykketegning\/\" \/>\n<meta property=\"article:modified_time\" content=\"2026-04-28T18:57:19+00:00\" \/>\n<meta property=\"og:image\" content=\"https:\/\/www.lykketegning.no\/wp-content\/uploads\/2026\/02\/40250323-scaled.jpg\" \/>\n\t<meta property=\"og:image:width\" content=\"2560\" \/>\n\t<meta property=\"og:image:height\" content=\"2560\" \/>\n\t<meta property=\"og:image:type\" content=\"image\/jpeg\" \/>\n<meta name=\"twitter:card\" content=\"summary_large_image\" \/>\n<meta name=\"twitter:label1\" content=\"Estimeret l\u00e6setid\" \/>\n\t<meta name=\"twitter:data1\" content=\"3 minutter\" \/>\n<script type=\"application\/ld+json\" class=\"yoast-schema-graph\">{\"@context\":\"https:\\\/\\\/schema.org\",\"@graph\":[{\"@type\":\"WebPage\",\"@id\":\"https:\\\/\\\/lykketegningtest.wp3.hcweb.dev\\\/es\\\/product-2\\\/vela-perfumada-de-felicidad-dibujo-puff\\\/\",\"url\":\"https:\\\/\\\/lykketegningtest.wp3.hcweb.dev\\\/es\\\/product-2\\\/vela-perfumada-de-felicidad-dibujo-puff\\\/\",\"name\":\"Duftlys fra Lykketegning. Pust! - LYKKETEGNING ILLUSTRAT\u00d8R\",\"isPartOf\":{\"@id\":\"https:\\\/\\\/lykketegningtest.wp3.hcweb.dev\\\/#website\"},\"primaryImageOfPage\":{\"@id\":\"https:\\\/\\\/lykketegningtest.wp3.hcweb.dev\\\/es\\\/product-2\\\/vela-perfumada-de-felicidad-dibujo-puff\\\/#primaryimage\"},\"image\":{\"@id\":\"https:\\\/\\\/lykketegningtest.wp3.hcweb.dev\\\/es\\\/product-2\\\/vela-perfumada-de-felicidad-dibujo-puff\\\/#primaryimage\"},\"thumbnailUrl\":\"https:\\\/\\\/lykketegningtest.wp3.hcweb.dev\\\/wp-content\\\/uploads\\\/2026\\\/02\\\/40250323-scaled.jpg\",\"datePublished\":\"2026-02-02T10:50:16+00:00\",\"dateModified\":\"2026-04-28T18:57:19+00:00\",\"description\":\"Med teksten \u00abPust! Livet er akkurat n\u00e5\u00bb blir dette duftlyset en liten p\u00e5minnelse i hverdagen om \u00e5 senke skuldrene og ta vare p\u00e5 de stille stundene.\",\"breadcrumb\":{\"@id\":\"https:\\\/\\\/lykketegningtest.wp3.hcweb.dev\\\/es\\\/product-2\\\/vela-perfumada-de-felicidad-dibujo-puff\\\/#breadcrumb\"},\"inLanguage\":\"da-DK\",\"potentialAction\":[{\"@type\":\"ReadAction\",\"target\":[\"https:\\\/\\\/lykketegningtest.wp3.hcweb.dev\\\/es\\\/product-2\\\/vela-perfumada-de-felicidad-dibujo-puff\\\/\"]}]},{\"@type\":\"ImageObject\",\"inLanguage\":\"da-DK\",\"@id\":\"https:\\\/\\\/lykketegningtest.wp3.hcweb.dev\\\/es\\\/product-2\\\/vela-perfumada-de-felicidad-dibujo-puff\\\/#primaryimage\",\"url\":\"https:\\\/\\\/lykketegningtest.wp3.hcweb.dev\\\/wp-content\\\/uploads\\\/2026\\\/02\\\/40250323-scaled.jpg\",\"contentUrl\":\"https:\\\/\\\/lykketegningtest.wp3.hcweb.dev\\\/wp-content\\\/uploads\\\/2026\\\/02\\\/40250323-scaled.jpg\",\"width\":2560,\"height\":2560},{\"@type\":\"BreadcrumbList\",\"@id\":\"https:\\\/\\\/lykketegningtest.wp3.hcweb.dev\\\/es\\\/product-2\\\/vela-perfumada-de-felicidad-dibujo-puff\\\/#breadcrumb\",\"itemListElement\":[{\"@type\":\"ListItem\",\"position\":1,\"name\":\"Hjem\",\"item\":\"https:\\\/\\\/lykketegningtest.wp3.hcweb.dev\\\/\"},{\"@type\":\"ListItem\",\"position\":2,\"name\":\"Shop\",\"item\":\"https:\\\/\\\/lykketegningtest.wp3.hcweb.dev\\\/sv\\\/webbutik\\\/\"},{\"@type\":\"ListItem\",\"position\":3,\"name\":\"Duftlys fra Lykketegning. Pust!\"}]},{\"@type\":\"WebSite\",\"@id\":\"https:\\\/\\\/lykketegningtest.wp3.hcweb.dev\\\/#website\",\"url\":\"https:\\\/\\\/lykketegningtest.wp3.hcweb.dev\\\/\",\"name\":\"LYKKETEGNING ILLUSTRAT\u00d8R\",\"description\":\"\",\"publisher\":{\"@id\":\"https:\\\/\\\/lykketegningtest.wp3.hcweb.dev\\\/#organization\"},\"potentialAction\":[{\"@type\":\"SearchAction\",\"target\":{\"@type\":\"EntryPoint\",\"urlTemplate\":\"https:\\\/\\\/lykketegningtest.wp3.hcweb.dev\\\/?s={search_term_string}\"},\"query-input\":{\"@type\":\"PropertyValueSpecification\",\"valueRequired\":true,\"valueName\":\"search_term_string\"}}],\"inLanguage\":\"da-DK\"},{\"@type\":\"Organization\",\"@id\":\"https:\\\/\\\/lykketegningtest.wp3.hcweb.dev\\\/#organization\",\"name\":\"LYKKETEGNING ILLUSTRAT\u00d8R\",\"url\":\"https:\\\/\\\/lykketegningtest.wp3.hcweb.dev\\\/\",\"logo\":{\"@type\":\"ImageObject\",\"inLanguage\":\"da-DK\",\"@id\":\"https:\\\/\\\/lykketegningtest.wp3.hcweb.dev\\\/#\\\/schema\\\/logo\\\/image\\\/\",\"url\":\"https:\\\/\\\/lykketegningtest.wp3.hcweb.dev\\\/wp-content\\\/uploads\\\/2020\\\/03\\\/Logo2020_h400px.jpg\",\"contentUrl\":\"https:\\\/\\\/lykketegningtest.wp3.hcweb.dev\\\/wp-content\\\/uploads\\\/2020\\\/03\\\/Logo2020_h400px.jpg\",\"width\":1024,\"height\":400,\"caption\":\"LYKKETEGNING ILLUSTRAT\u00d8R\"},\"image\":{\"@id\":\"https:\\\/\\\/lykketegningtest.wp3.hcweb.dev\\\/#\\\/schema\\\/logo\\\/image\\\/\"},\"sameAs\":[\"https:\\\/\\\/www.facebook.com\\\/lykketegning\\\/\",\"https:\\\/\\\/www.instagram.com\\\/lykketegning\\\/\",\"https:\\\/\\\/www.youtube.com\\\/@lykketegningillustrations\",\"https:\\\/\\\/www.tiktok.com\\\/@lykketegningillustration\"]}]}<\/script>\n<!-- \/ Yoast SEO plugin. -->","yoast_head_json":{"title":"Duftlys fra Luck Drawing. Pust! - LUCKY DRAWING ILLUSTRATOR","description":"Med teksten \u00abTr\u00e6k vejret! Life is right now\u00bb er dette duftlys en lille hverdagsp\u00e5mindelse om at s\u00e6nke skuldrene og tage sig af de stille \u00f8jeblikke.","robots":{"index":"noindex","follow":"follow","max-snippet":"max-snippet:-1","max-image-preview":"max-image-preview:large","max-video-preview":"max-video-preview:-1"},"og_locale":"da_DK","og_type":"article","og_title":"Duftlys fra Lykketegning. Pust! - LYKKETEGNING ILLUSTRAT\u00d8R","og_description":"Med teksten \u00abPust! Livet er akkurat n\u00e5\u00bb blir dette duftlyset en liten p\u00e5minnelse i hverdagen om \u00e5 senke skuldrene og ta vare p\u00e5 de stille stundene.","og_url":"https:\/\/lykketegningtest.wp3.hcweb.dev\/da\/product-2\/vela-perfumada-de-felicidad-dibujo-puff\/","og_site_name":"LYKKETEGNING ILLUSTRAT\u00d8R","article_publisher":"https:\/\/www.facebook.com\/lykketegning\/","article_modified_time":"2026-04-28T18:57:19+00:00","og_image":[{"width":2560,"height":2560,"url":"https:\/\/www.lykketegning.no\/wp-content\/uploads\/2026\/02\/40250323-scaled.jpg","type":"image\/jpeg"}],"twitter_card":"summary_large_image","twitter_misc":{"Estimeret l\u00e6setid":"3 minutter"},"schema":{"@context":"https:\/\/schema.org","@graph":[{"@type":"WebPage","@id":"https:\/\/lykketegningtest.wp3.hcweb.dev\/es\/product-2\/vela-perfumada-de-felicidad-dibujo-puff\/","url":"https:\/\/lykketegningtest.wp3.hcweb.dev\/es\/product-2\/vela-perfumada-de-felicidad-dibujo-puff\/","name":"Duftlys fra Luck Drawing. Pust! - LUCKY DRAWING ILLUSTRATOR","isPartOf":{"@id":"https:\/\/lykketegningtest.wp3.hcweb.dev\/#website"},"primaryImageOfPage":{"@id":"https:\/\/lykketegningtest.wp3.hcweb.dev\/es\/product-2\/vela-perfumada-de-felicidad-dibujo-puff\/#primaryimage"},"image":{"@id":"https:\/\/lykketegningtest.wp3.hcweb.dev\/es\/product-2\/vela-perfumada-de-felicidad-dibujo-puff\/#primaryimage"},"thumbnailUrl":"https:\/\/lykketegningtest.wp3.hcweb.dev\/wp-content\/uploads\/2026\/02\/40250323-scaled.jpg","datePublished":"2026-02-02T10:50:16+00:00","dateModified":"2026-04-28T18:57:19+00:00","description":"Med teksten \u00abTr\u00e6k vejret! Life is right now\u00bb er dette duftlys en lille hverdagsp\u00e5mindelse om at s\u00e6nke skuldrene og tage sig af de stille \u00f8jeblikke.","breadcrumb":{"@id":"https:\/\/lykketegningtest.wp3.hcweb.dev\/es\/product-2\/vela-perfumada-de-felicidad-dibujo-puff\/#breadcrumb"},"inLanguage":"da-DK","potentialAction":[{"@type":"ReadAction","target":["https:\/\/lykketegningtest.wp3.hcweb.dev\/es\/product-2\/vela-perfumada-de-felicidad-dibujo-puff\/"]}]},{"@type":"ImageObject","inLanguage":"da-DK","@id":"https:\/\/lykketegningtest.wp3.hcweb.dev\/es\/product-2\/vela-perfumada-de-felicidad-dibujo-puff\/#primaryimage","url":"https:\/\/lykketegningtest.wp3.hcweb.dev\/wp-content\/uploads\/2026\/02\/40250323-scaled.jpg","contentUrl":"https:\/\/lykketegningtest.wp3.hcweb.dev\/wp-content\/uploads\/2026\/02\/40250323-scaled.jpg","width":2560,"height":2560},{"@type":"BreadcrumbList","@id":"https:\/\/lykketegningtest.wp3.hcweb.dev\/es\/product-2\/vela-perfumada-de-felicidad-dibujo-puff\/#breadcrumb","itemListElement":[{"@type":"ListItem","position":1,"name":"Hjem","item":"https:\/\/lykketegningtest.wp3.hcweb.dev\/"},{"@type":"ListItem","position":2,"name":"Shop","item":"https:\/\/lykketegningtest.wp3.hcweb.dev\/sv\/webbutik\/"},{"@type":"ListItem","position":3,"name":"Duftlys fra Lykketegning. Pust!"}]},{"@type":"WebSite","@id":"https:\/\/lykketegningtest.wp3.hcweb.dev\/#website","url":"https:\/\/lykketegningtest.wp3.hcweb.dev\/","name":"LYKKETEGNING ILLUSTRATOR","description":"","publisher":{"@id":"https:\/\/lykketegningtest.wp3.hcweb.dev\/#organization"},"potentialAction":[{"@type":"SearchAction","target":{"@type":"EntryPoint","urlTemplate":"https:\/\/lykketegningtest.wp3.hcweb.dev\/?s={search_term_string}"},"query-input":{"@type":"PropertyValueSpecification","valueRequired":true,"valueName":"search_term_string"}}],"inLanguage":"da-DK"},{"@type":"Organization","@id":"https:\/\/lykketegningtest.wp3.hcweb.dev\/#organization","name":"LYKKETEGNING ILLUSTRATOR","url":"https:\/\/lykketegningtest.wp3.hcweb.dev\/","logo":{"@type":"ImageObject","inLanguage":"da-DK","@id":"https:\/\/lykketegningtest.wp3.hcweb.dev\/#\/schema\/logo\/image\/","url":"https:\/\/lykketegningtest.wp3.hcweb.dev\/wp-content\/uploads\/2020\/03\/Logo2020_h400px.jpg","contentUrl":"https:\/\/lykketegningtest.wp3.hcweb.dev\/wp-content\/uploads\/2020\/03\/Logo2020_h400px.jpg","width":1024,"height":400,"caption":"LYKKETEGNING ILLUSTRAT\u00d8R"},"image":{"@id":"https:\/\/lykketegningtest.wp3.hcweb.dev\/#\/schema\/logo\/image\/"},"sameAs":["https:\/\/www.facebook.com\/lykketegning\/","https:\/\/www.instagram.com\/lykketegning\/","https:\/\/www.youtube.com\/@lykketegningillustrations","https:\/\/www.tiktok.com\/@lykketegningillustration"]}]}},"_links":{"self":[{"href":"https:\/\/lykketegningtest.wp3.hcweb.dev\/da\/wp-json\/wp\/v2\/product\/42104","targetHints":{"allow":["GET"]}}],"collection":[{"href":"https:\/\/lykketegningtest.wp3.hcweb.dev\/da\/wp-json\/wp\/v2\/product"}],"about":[{"href":"https:\/\/lykketegningtest.wp3.hcweb.dev\/da\/wp-json\/wp\/v2\/types\/product"}],"replies":[{"embeddable":true,"href":"https:\/\/lykketegningtest.wp3.hcweb.dev\/da\/wp-json\/wp\/v2\/comments?post=42104"}],"wp:featuredmedia":[{"embeddable":true,"href":"https:\/\/lykketegningtest.wp3.hcweb.dev\/da\/wp-json\/wp\/v2\/media\/42100"}],"wp:attachment":[{"href":"https:\/\/lykketegningtest.wp3.hcweb.dev\/da\/wp-json\/wp\/v2\/media?parent=42104"}],"wp:term":[{"taxonomy":"product_brand","embeddable":true,"href":"https:\/\/lykketegningtest.wp3.hcweb.dev\/da\/wp-json\/wp\/v2\/product_brand?post=42104"},{"taxonomy":"product_cat","embeddable":true,"href":"https:\/\/lykketegningtest.wp3.hcweb.dev\/da\/wp-json\/wp\/v2\/product_cat?post=42104"},{"taxonomy":"product_tag","embeddable":true,"href":"https:\/\/lykketegningtest.wp3.hcweb.dev\/da\/wp-json\/wp\/v2\/product_tag?post=42104"}],"curies":[{"name":"wp","href":"https:\/\/api.w.org\/{rel}","templated":true}]}}