{"id":42309,"date":"2024-03-12T14:40:33","date_gmt":"2024-03-12T13:40:33","guid":{"rendered":"https:\/\/www-lykketegning.wp3.hcweb.dev\/?post_type=product&#038;p=42309"},"modified":"2026-03-19T09:38:25","modified_gmt":"2026-03-19T08:38:25","slug":"promarker-cornflower","status":"publish","type":"product","link":"https:\/\/lykketegningtest.wp3.hcweb.dev\/da\/vare\/promarker-cornflower\/","title":{"rendered":"Promarker Kornblomst"},"content":{"rendered":"<div class=\"product-name\">\n<div class=\"product-name\">\n<div class=\"product-name\">\n<div class=\"product-name\">\n<div class=\"product-name\">\n<div class=\"product-name\">\n<div class=\"product-name\">\n<h1>Promarker Kornblomst<\/h1>\n<h3 class=\"articleName2\">B617 Kornblomst<\/h3>\n<\/div>\n<div class=\"nobbInfo\">\n<div class=\"additional-details\">\n<div class=\"sku\"><span class=\"label\">VARENR:<\/span> <span id=\"sku-27047\" class=\"value\">4003238<\/span><\/div>\n<div class=\"manufacturer-part-number\"><span class=\"label\">PRODUCENTENS VARENUMMER:<\/span> <span id=\"mpn-27047\" class=\"value\">884955041444<\/span><\/div>\n<div class=\"gtin\"><span class=\"label\">GTIN:<\/span> <span id=\"gtin-27047\" class=\"value\">884955041444<\/span><\/div>\n<\/div>\n<div class=\"unit\">UNIT: STK<\/div>\n<div class=\"unitInPack\">ANTAL I PAKKEN: 1<\/div>\n<\/div>\n<\/div>\n<\/div>\n<\/div>\n<div class=\"nobbInfo\">\n<div class=\"unitInPack\">\n<div class=\"product-name\">\n<div class=\"short-description\">\n<div class=\"short-description\">\n<p>&nbsp;<\/p>\n<\/div>\n<\/div>\n<\/div>\n<\/div>\n<\/div>\n<\/div>\n<\/div>\n<\/div>\n<div class=\"short-description\"><b>Promarkers fra Winsor &amp; Newton<\/b> Promarker fra Winsor &amp; Newton er en af verdens mest popul\u00e6re tuscher i professionel kvalitet med en s\u00e6rlig st\u00e6rk position i hobby-, design- og illustrationsmilj\u00f8erne. Markeren f\u00e5s i 189 farver og forskellige s\u00e6t og har to spidser. Den ene spids er en fin, rund spids, som er ideel til detaljer, og den anden er en bred spids. Bl\u00e6kket indeholder alkoholbaseret bl\u00e6k. For at f\u00e5 det bedste resultat skal den bruges p\u00e5 bleedproff-markerpapir.<\/div>","protected":false},"excerpt":{"rendered":"<p><b>Promarkers fra Winsor &amp; Newton<\/b> Promarker fra Winsor &amp; Newton er en af verdens mest popul\u00e6re tuscher i professionel kvalitet med en s\u00e6rlig st\u00e6rk position i hobby-, design- og illustrationsmilj\u00f8erne. Markeren f\u00e5s i 189 farver og forskellige s\u00e6t og har to spidser. Den ene spids er en fin, rund spids, som er ideel til detaljer, og den anden er en bred spids. Bl\u00e6kket indeholder alkoholbaseret bl\u00e6k. For at f\u00e5 det bedste resultat skal den bruges p\u00e5 bleedproff-markerpapir.<\/p>","protected":false},"featured_media":42310,"comment_status":"closed","ping_status":"closed","template":"","meta":[],"product_brand":[],"product_cat":[446],"product_tag":[],"class_list":{"0":"post-42309","1":"product","2":"type-product","3":"status-publish","4":"has-post-thumbnail","6":"product_cat-promarker-tusjer","7":"product_shipping_class-tusjer-og-kort","9":"first","10":"instock","11":"taxable","12":"shipping-taxable","13":"purchasable","14":"product-type-simple"},"yoast_head":"<!-- This site is optimized with the Yoast SEO plugin v27.5 - https:\/\/yoast.com\/product\/yoast-seo-wordpress\/ -->\n<title>Promarker Cornflower - LYKKETEGNING ILLUSTRAT\u00d8R<\/title>\n<meta name=\"description\" content=\"Promarker Cornflowerfra Winsor &amp; Newton er en av verdens mest popul\u00e6re tusjer i profesjonell kvalitet, og har en spesielt solid posisjon i design- og illustrasjonsmilj\u00f8er.\" \/>\n<meta name=\"robots\" content=\"noindex, follow, max-snippet:-1, max-image-preview:large, max-video-preview:-1\" \/>\n<meta property=\"og:locale\" content=\"da_DK\" \/>\n<meta property=\"og:type\" content=\"article\" \/>\n<meta property=\"og:title\" content=\"Promarker Cornflower - LYKKETEGNING ILLUSTRAT\u00d8R\" \/>\n<meta property=\"og:description\" content=\"Promarker Cornflowerfra Winsor &amp; Newton er en av verdens mest popul\u00e6re tusjer i profesjonell kvalitet, og har en spesielt solid posisjon i design- og illustrasjonsmilj\u00f8er.\" \/>\n<meta property=\"og:url\" content=\"https:\/\/lykketegningtest.wp3.hcweb.dev\/da\/product-2\/promarker-blaklint\/\" \/>\n<meta property=\"og:site_name\" content=\"LYKKETEGNING ILLUSTRAT\u00d8R\" \/>\n<meta property=\"article:publisher\" content=\"https:\/\/www.facebook.com\/lykketegning\/\" \/>\n<meta property=\"article:modified_time\" content=\"2026-03-19T08:38:25+00:00\" \/>\n<meta property=\"og:image\" content=\"https:\/\/www.lykketegning.no\/wp-content\/uploads\/2026\/03\/0030090_promarker-cornflower-4003238.jpeg\" \/>\n\t<meta property=\"og:image:width\" content=\"900\" \/>\n\t<meta property=\"og:image:height\" content=\"900\" \/>\n\t<meta property=\"og:image:type\" content=\"image\/jpeg\" \/>\n<meta name=\"twitter:card\" content=\"summary_large_image\" \/>\n<meta name=\"twitter:label1\" content=\"Estimeret l\u00e6setid\" \/>\n\t<meta name=\"twitter:data1\" content=\"1 minut\" \/>\n<script type=\"application\/ld+json\" class=\"yoast-schema-graph\">{\"@context\":\"https:\\\/\\\/schema.org\",\"@graph\":[{\"@type\":\"WebPage\",\"@id\":\"https:\\\/\\\/lykketegningtest.wp3.hcweb.dev\\\/sv\\\/product-2\\\/promarker-blaklint\\\/\",\"url\":\"https:\\\/\\\/lykketegningtest.wp3.hcweb.dev\\\/sv\\\/product-2\\\/promarker-blaklint\\\/\",\"name\":\"Promarker Cornflower - LYKKETEGNING ILLUSTRAT\u00d8R\",\"isPartOf\":{\"@id\":\"https:\\\/\\\/lykketegningtest.wp3.hcweb.dev\\\/#website\"},\"primaryImageOfPage\":{\"@id\":\"https:\\\/\\\/lykketegningtest.wp3.hcweb.dev\\\/sv\\\/product-2\\\/promarker-blaklint\\\/#primaryimage\"},\"image\":{\"@id\":\"https:\\\/\\\/lykketegningtest.wp3.hcweb.dev\\\/sv\\\/product-2\\\/promarker-blaklint\\\/#primaryimage\"},\"thumbnailUrl\":\"https:\\\/\\\/lykketegningtest.wp3.hcweb.dev\\\/wp-content\\\/uploads\\\/2026\\\/03\\\/0030090_promarker-cornflower-4003238.jpeg\",\"datePublished\":\"2024-03-12T13:40:33+00:00\",\"dateModified\":\"2026-03-19T08:38:25+00:00\",\"description\":\"Promarker Cornflowerfra Winsor & Newton er en av verdens mest popul\u00e6re tusjer i profesjonell kvalitet, og har en spesielt solid posisjon i design- og illustrasjonsmilj\u00f8er.\",\"breadcrumb\":{\"@id\":\"https:\\\/\\\/lykketegningtest.wp3.hcweb.dev\\\/sv\\\/product-2\\\/promarker-blaklint\\\/#breadcrumb\"},\"inLanguage\":\"da-DK\",\"potentialAction\":[{\"@type\":\"ReadAction\",\"target\":[\"https:\\\/\\\/lykketegningtest.wp3.hcweb.dev\\\/sv\\\/product-2\\\/promarker-blaklint\\\/\"]}]},{\"@type\":\"ImageObject\",\"inLanguage\":\"da-DK\",\"@id\":\"https:\\\/\\\/lykketegningtest.wp3.hcweb.dev\\\/sv\\\/product-2\\\/promarker-blaklint\\\/#primaryimage\",\"url\":\"https:\\\/\\\/lykketegningtest.wp3.hcweb.dev\\\/wp-content\\\/uploads\\\/2026\\\/03\\\/0030090_promarker-cornflower-4003238.jpeg\",\"contentUrl\":\"https:\\\/\\\/lykketegningtest.wp3.hcweb.dev\\\/wp-content\\\/uploads\\\/2026\\\/03\\\/0030090_promarker-cornflower-4003238.jpeg\",\"width\":900,\"height\":900},{\"@type\":\"BreadcrumbList\",\"@id\":\"https:\\\/\\\/lykketegningtest.wp3.hcweb.dev\\\/sv\\\/product-2\\\/promarker-blaklint\\\/#breadcrumb\",\"itemListElement\":[{\"@type\":\"ListItem\",\"position\":1,\"name\":\"Hjem\",\"item\":\"https:\\\/\\\/lykketegningtest.wp3.hcweb.dev\\\/\"},{\"@type\":\"ListItem\",\"position\":2,\"name\":\"Shop\",\"item\":\"https:\\\/\\\/lykketegningtest.wp3.hcweb.dev\\\/sv\\\/webbutik\\\/\"},{\"@type\":\"ListItem\",\"position\":3,\"name\":\"Promarker Cornflower\"}]},{\"@type\":\"WebSite\",\"@id\":\"https:\\\/\\\/lykketegningtest.wp3.hcweb.dev\\\/#website\",\"url\":\"https:\\\/\\\/lykketegningtest.wp3.hcweb.dev\\\/\",\"name\":\"LYKKETEGNING ILLUSTRAT\u00d8R\",\"description\":\"\",\"publisher\":{\"@id\":\"https:\\\/\\\/lykketegningtest.wp3.hcweb.dev\\\/#organization\"},\"potentialAction\":[{\"@type\":\"SearchAction\",\"target\":{\"@type\":\"EntryPoint\",\"urlTemplate\":\"https:\\\/\\\/lykketegningtest.wp3.hcweb.dev\\\/?s={search_term_string}\"},\"query-input\":{\"@type\":\"PropertyValueSpecification\",\"valueRequired\":true,\"valueName\":\"search_term_string\"}}],\"inLanguage\":\"da-DK\"},{\"@type\":\"Organization\",\"@id\":\"https:\\\/\\\/lykketegningtest.wp3.hcweb.dev\\\/#organization\",\"name\":\"LYKKETEGNING ILLUSTRAT\u00d8R\",\"url\":\"https:\\\/\\\/lykketegningtest.wp3.hcweb.dev\\\/\",\"logo\":{\"@type\":\"ImageObject\",\"inLanguage\":\"da-DK\",\"@id\":\"https:\\\/\\\/lykketegningtest.wp3.hcweb.dev\\\/#\\\/schema\\\/logo\\\/image\\\/\",\"url\":\"https:\\\/\\\/lykketegningtest.wp3.hcweb.dev\\\/wp-content\\\/uploads\\\/2020\\\/03\\\/Logo2020_h400px.jpg\",\"contentUrl\":\"https:\\\/\\\/lykketegningtest.wp3.hcweb.dev\\\/wp-content\\\/uploads\\\/2020\\\/03\\\/Logo2020_h400px.jpg\",\"width\":1024,\"height\":400,\"caption\":\"LYKKETEGNING ILLUSTRAT\u00d8R\"},\"image\":{\"@id\":\"https:\\\/\\\/lykketegningtest.wp3.hcweb.dev\\\/#\\\/schema\\\/logo\\\/image\\\/\"},\"sameAs\":[\"https:\\\/\\\/www.facebook.com\\\/lykketegning\\\/\",\"https:\\\/\\\/www.instagram.com\\\/lykketegning\\\/\",\"https:\\\/\\\/www.youtube.com\\\/@lykketegningillustrations\",\"https:\\\/\\\/www.tiktok.com\\\/@lykketegningillustration\"]}]}<\/script>\n<!-- \/ Yoast SEO plugin. -->","yoast_head_json":{"title":"Promarker Kornblomst - LUCKY DRAWING ILLUSTRATOR","description":"Promarker Cornflower fra Winsor &amp; Newton er en af verdens mest popul\u00e6re tuscher i professionel kvalitet og har en s\u00e6rlig st\u00e6rk position i design- og illustrationsmilj\u00f8erne.","robots":{"index":"noindex","follow":"follow","max-snippet":"max-snippet:-1","max-image-preview":"max-image-preview:large","max-video-preview":"max-video-preview:-1"},"og_locale":"da_DK","og_type":"article","og_title":"Promarker Cornflower - LYKKETEGNING ILLUSTRAT\u00d8R","og_description":"Promarker Cornflowerfra Winsor & Newton er en av verdens mest popul\u00e6re tusjer i profesjonell kvalitet, og har en spesielt solid posisjon i design- og illustrasjonsmilj\u00f8er.","og_url":"https:\/\/lykketegningtest.wp3.hcweb.dev\/da\/product-2\/promarker-blaklint\/","og_site_name":"LYKKETEGNING ILLUSTRAT\u00d8R","article_publisher":"https:\/\/www.facebook.com\/lykketegning\/","article_modified_time":"2026-03-19T08:38:25+00:00","og_image":[{"width":900,"height":900,"url":"https:\/\/www.lykketegning.no\/wp-content\/uploads\/2026\/03\/0030090_promarker-cornflower-4003238.jpeg","type":"image\/jpeg"}],"twitter_card":"summary_large_image","twitter_misc":{"Estimeret l\u00e6setid":"1 minut"},"schema":{"@context":"https:\/\/schema.org","@graph":[{"@type":"WebPage","@id":"https:\/\/lykketegningtest.wp3.hcweb.dev\/sv\/product-2\/promarker-blaklint\/","url":"https:\/\/lykketegningtest.wp3.hcweb.dev\/sv\/product-2\/promarker-blaklint\/","name":"Promarker Kornblomst - LUCKY DRAWING ILLUSTRATOR","isPartOf":{"@id":"https:\/\/lykketegningtest.wp3.hcweb.dev\/#website"},"primaryImageOfPage":{"@id":"https:\/\/lykketegningtest.wp3.hcweb.dev\/sv\/product-2\/promarker-blaklint\/#primaryimage"},"image":{"@id":"https:\/\/lykketegningtest.wp3.hcweb.dev\/sv\/product-2\/promarker-blaklint\/#primaryimage"},"thumbnailUrl":"https:\/\/lykketegningtest.wp3.hcweb.dev\/wp-content\/uploads\/2026\/03\/0030090_promarker-cornflower-4003238.jpeg","datePublished":"2024-03-12T13:40:33+00:00","dateModified":"2026-03-19T08:38:25+00:00","description":"Promarker Cornflower fra Winsor &amp; Newton er en af verdens mest popul\u00e6re tuscher i professionel kvalitet og har en s\u00e6rlig st\u00e6rk position i design- og illustrationsmilj\u00f8erne.","breadcrumb":{"@id":"https:\/\/lykketegningtest.wp3.hcweb.dev\/sv\/product-2\/promarker-blaklint\/#breadcrumb"},"inLanguage":"da-DK","potentialAction":[{"@type":"ReadAction","target":["https:\/\/lykketegningtest.wp3.hcweb.dev\/sv\/product-2\/promarker-blaklint\/"]}]},{"@type":"ImageObject","inLanguage":"da-DK","@id":"https:\/\/lykketegningtest.wp3.hcweb.dev\/sv\/product-2\/promarker-blaklint\/#primaryimage","url":"https:\/\/lykketegningtest.wp3.hcweb.dev\/wp-content\/uploads\/2026\/03\/0030090_promarker-cornflower-4003238.jpeg","contentUrl":"https:\/\/lykketegningtest.wp3.hcweb.dev\/wp-content\/uploads\/2026\/03\/0030090_promarker-cornflower-4003238.jpeg","width":900,"height":900},{"@type":"BreadcrumbList","@id":"https:\/\/lykketegningtest.wp3.hcweb.dev\/sv\/product-2\/promarker-blaklint\/#breadcrumb","itemListElement":[{"@type":"ListItem","position":1,"name":"Hjem","item":"https:\/\/lykketegningtest.wp3.hcweb.dev\/"},{"@type":"ListItem","position":2,"name":"Shop","item":"https:\/\/lykketegningtest.wp3.hcweb.dev\/sv\/webbutik\/"},{"@type":"ListItem","position":3,"name":"Promarker Cornflower"}]},{"@type":"WebSite","@id":"https:\/\/lykketegningtest.wp3.hcweb.dev\/#website","url":"https:\/\/lykketegningtest.wp3.hcweb.dev\/","name":"LYKKETEGNING ILLUSTRATOR","description":"","publisher":{"@id":"https:\/\/lykketegningtest.wp3.hcweb.dev\/#organization"},"potentialAction":[{"@type":"SearchAction","target":{"@type":"EntryPoint","urlTemplate":"https:\/\/lykketegningtest.wp3.hcweb.dev\/?s={search_term_string}"},"query-input":{"@type":"PropertyValueSpecification","valueRequired":true,"valueName":"search_term_string"}}],"inLanguage":"da-DK"},{"@type":"Organization","@id":"https:\/\/lykketegningtest.wp3.hcweb.dev\/#organization","name":"LYKKETEGNING ILLUSTRATOR","url":"https:\/\/lykketegningtest.wp3.hcweb.dev\/","logo":{"@type":"ImageObject","inLanguage":"da-DK","@id":"https:\/\/lykketegningtest.wp3.hcweb.dev\/#\/schema\/logo\/image\/","url":"https:\/\/lykketegningtest.wp3.hcweb.dev\/wp-content\/uploads\/2020\/03\/Logo2020_h400px.jpg","contentUrl":"https:\/\/lykketegningtest.wp3.hcweb.dev\/wp-content\/uploads\/2020\/03\/Logo2020_h400px.jpg","width":1024,"height":400,"caption":"LYKKETEGNING ILLUSTRAT\u00d8R"},"image":{"@id":"https:\/\/lykketegningtest.wp3.hcweb.dev\/#\/schema\/logo\/image\/"},"sameAs":["https:\/\/www.facebook.com\/lykketegning\/","https:\/\/www.instagram.com\/lykketegning\/","https:\/\/www.youtube.com\/@lykketegningillustrations","https:\/\/www.tiktok.com\/@lykketegningillustration"]}]}},"_links":{"self":[{"href":"https:\/\/lykketegningtest.wp3.hcweb.dev\/da\/wp-json\/wp\/v2\/product\/42309","targetHints":{"allow":["GET"]}}],"collection":[{"href":"https:\/\/lykketegningtest.wp3.hcweb.dev\/da\/wp-json\/wp\/v2\/product"}],"about":[{"href":"https:\/\/lykketegningtest.wp3.hcweb.dev\/da\/wp-json\/wp\/v2\/types\/product"}],"replies":[{"embeddable":true,"href":"https:\/\/lykketegningtest.wp3.hcweb.dev\/da\/wp-json\/wp\/v2\/comments?post=42309"}],"wp:featuredmedia":[{"embeddable":true,"href":"https:\/\/lykketegningtest.wp3.hcweb.dev\/da\/wp-json\/wp\/v2\/media\/42310"}],"wp:attachment":[{"href":"https:\/\/lykketegningtest.wp3.hcweb.dev\/da\/wp-json\/wp\/v2\/media?parent=42309"}],"wp:term":[{"taxonomy":"product_brand","embeddable":true,"href":"https:\/\/lykketegningtest.wp3.hcweb.dev\/da\/wp-json\/wp\/v2\/product_brand?post=42309"},{"taxonomy":"product_cat","embeddable":true,"href":"https:\/\/lykketegningtest.wp3.hcweb.dev\/da\/wp-json\/wp\/v2\/product_cat?post=42309"},{"taxonomy":"product_tag","embeddable":true,"href":"https:\/\/lykketegningtest.wp3.hcweb.dev\/da\/wp-json\/wp\/v2\/product_tag?post=42309"}],"curies":[{"name":"wp","href":"https:\/\/api.w.org\/{rel}","templated":true}]}}