{"id":42439,"date":"2026-03-25T12:08:04","date_gmt":"2026-03-25T11:08:04","guid":{"rendered":"https:\/\/www-lykketegning.wp3.hcweb.dev\/?post_type=product&#038;p=42439"},"modified":"2026-05-08T09:13:57","modified_gmt":"2026-05-08T07:13:57","slug":"gjestehandklaer-fra-lykketegning-i-2-pakning-40-x-60-cm","status":"publish","type":"product","link":"https:\/\/lykketegningtest.wp3.hcweb.dev\/da\/vare\/gjestehandklaer-fra-lykketegning-i-2-pakning-40-x-60-cm\/","title":{"rendered":"G\u00e6steh\u00e5ndkl\u00e6der fra Lykketegning i 2-pak (40 x 60 cm)"},"content":{"rendered":"<h2>G\u00e6steh\u00e5ndkl\u00e6der fra Lykketegning i 2-pak (40 x 60 cm). Tre forskellige farver<\/h2>\n<div class=\"product-detail-specifications\">Lucky Drawing Towel - 2-pak - 40 x 60 cm. V\u00e6lg mellem tre forskellige farver og tekster.<\/div>\n<div class=\"short-info\">\n<div class=\"product_item_description\">\n<div class=\"description-detail-clamp clamp-active expanded\">\n<div class=\"description-detail-clamp-inner\">\n<p>Hyggelige h\u00e5ndkl\u00e6der med fin tekst:<\/p>\n<div class=\"product-detail-specifications\">Livet er lige nu, i dette \u00f8jeblik, i dette sekund (White)<\/div>\n<div>Fyld dit liv med det, der er godt (Rosa)<\/div>\n<div>Det handler om at nyde \u00f8jeblikket (bl\u00e5).<\/div>\n<p>Fremstillet af 100% bomuld<\/p>\n<p>Godt gavetip og dekorativt p\u00e5 badev\u00e6relset! M\u00e5ske sammen med de nye duftlys?<\/p>\n<p>Happiness drawing har utallige forskellige produkter, og du kan ogs\u00e5 bestille tegninger, der er lige noget for dig! Tag et kig p\u00e5 hele kataloget.<\/p>\n<p>H\u00e5ndkl\u00e6de<\/p>\n<p>100% bomuld.<\/p>\n<p>Kan vaskes med lignende farver<\/p>\n<div class=\"attributes-spec-group-header t10\">\n<div>St\u00f8rrelse og v\u00e6gt<\/div>\n<\/div>\n<div class=\"product-detail-value-wrapper\">\n<div class=\"row\">\n<div class=\"col-6\"><span class=\"product-detail-value-name\">V\u00e6gt (kg)<\/span><\/div>\n<div class=\"col-6\"><span class=\"product-detail-value-value\">0,2800<\/span><\/div>\n<\/div>\n<\/div>\n<div class=\"product-detail-value-wrapper\">\n<div class=\"row\">\n<div class=\"col-6\"><span class=\"product-detail-value-name\">St\u00f8rrelse<\/span><\/div>\n<div class=\"col-6\"><span class=\"product-detail-value-value\">2stk 40\u00d760 PUST<\/span><\/div>\n<\/div>\n<\/div>\n<div class=\"attributes-spec-group-header t10\">\n<div>Farve og materiale<\/div>\n<\/div>\n<div class=\"product-detail-value-wrapper\">\n<div class=\"row\">\n<div class=\"col-6\"><span class=\"product-detail-value-name\">Materialer<\/span><\/div>\n<div class=\"col-6\"><span class=\"product-detail-value-value\">100% Bomuld<\/span><\/div>\n<\/div>\n<\/div>\n<div class=\"product-detail-value-wrapper\">\n<div class=\"row\">\n<div class=\"col-6\"><span class=\"product-detail-value-name\">Farve<\/span><\/div>\n<div class=\"col-6\"><span class=\"product-detail-value-value\">Hvid farve<\/span><\/div>\n<\/div>\n<\/div>\n<div class=\"attributes-spec-group-header t10\">\n<div>Andet<\/div>\n<\/div>\n<div class=\"product-detail-value-wrapper\">\n<div class=\"row\">\n<div class=\"col-6\"><span class=\"product-detail-value-name\">EAN<\/span><\/div>\n<div class=\"col-6\"><span class=\"product-detail-value-value\">7020629489812<\/span><\/div>\n<\/div>\n<div class=\"row\">\n<div class=\"col-6\"><span class=\"product-detail-value-name\">Id<\/span><\/div>\n<div class=\"col-6\"><span class=\"product-detail-value-value\">50250223<\/span><\/div>\n<\/div>\n<\/div>\n<p>&nbsp;<\/p>\n<p><strong>\"Hos Lykketegning bliver hver eneste illustration skabt med varme og omhu.<\/strong><br \/>\n<strong>Med st\u00e6rke farver, klare linjer og gode citater vil Happiness Drawing f\u00e5 dig til at stoppe op et \u00f8jeblik, tage en dyb ind\u00e5nding og derefter s\u00e6tte en god kurs fremad.<\/strong><br \/>\n<strong>\"Hjerterne og smilene er fra mig til dig for at minde dig om, at du er rigtig god!\"<\/strong><\/p>\n<p>&nbsp;<\/p>\n<p>P\u00e5 hjemmesiden finder du nogle illustrationer og andre produkter som kopper, lyk\u00f8nskningskort og kalendere.<\/p>\n<p>Der kommer hele tiden nye produkter til, s\u00e5 du er velkommen til at tilmelde dig nyhedsbrevet for at f\u00e5 m\u00e5nedlige opdateringer.<\/p>\n<p>For <strong>mange mange mange mange<\/strong> flere illustrationer; bes\u00f8g min Instagram- og Facebook-profil.<\/p>\n<p>Faktisk er alle illustrationer til salg. 999 SEK for A4 og 1500 SEK for A3.<\/p>\n<p>Du kan ogs\u00e5 bestille dine helt egne - gode gaver til bryllupper og andre fester. Kontakt indbakken for dette.<\/p>\n<p><em>Pris: 1500kr for A4 og A5 (op til 5 personer\/dyr), ekstra omkostninger for flere (op til 5 personer\/dyr). A3 2000kr ex porto. Jeg har brug for at kende h\u00e5rfarve\/h\u00e5rtype, h\u00f8jde, interesser og \u00f8nsket antal illustrerede personer. Alle tilbud, du \u00f8nsker inkluderet.<\/em><\/p>\n<p>Hvis du har sp\u00f8rgsm\u00e5l, s\u00e5 t\u00f8v ikke med at kontakte mig! Hvis du gerne vil have en snak om et muligt samarbejde, s\u00e5 send mig en e-mail.<\/p>\n<p>Jeg ser frem til at h\u00f8re fra dig og h\u00e5ber, at du f\u00e5r en dejlig dag. <a href=\"https:\/\/www.facebook.com\/lykketegning\/?locale=nb_NO\">S\u00e5 kommer du til min Facebook-side.<\/a> Og hvis du vil f\u00f8lge mig p\u00e5<a href=\"https:\/\/www.instagram.com\/lykketegning\/?hl=nb\"> Instagram, du finder det her.<\/a><\/p>\n<p>Kunstner<br \/>\nIngebj\u00f8rg Rang\u00f8y Sj\u00e5land<\/p>\n<p>&nbsp;<\/p>\n<\/div>\n<\/div>\n<\/div>\n<\/div>\n<p>&nbsp;<\/p>\n<p>&nbsp;<\/p>\n<p>&nbsp;<\/p>","protected":false},"excerpt":{"rendered":"<h2>G\u00e6steh\u00e5ndkl\u00e6der fra Lykketegning i 2-pak (40 x 60 cm). Tre forskellige farver<\/h2>\n<div class=\"product-detail-specifications\">Lucky Drawing Towel - 2-pak - 40 x 60 cm. V\u00e6lg mellem tre forskellige farver og tekster.<\/div>\n<div class=\"short-info\">\n<div class=\"product_item_description\">\n<div class=\"description-detail-clamp clamp-active expanded\">\n<div class=\"description-detail-clamp-inner\">\n<p>Hyggelige h\u00e5ndkl\u00e6der med fin tekst:<\/p>\n<div class=\"product-detail-specifications\">Livet er lige nu, i dette \u00f8jeblik, i dette sekund (White)<\/div>\n<div>Fyld dit liv med det, der er godt (Rosa)<\/div>\n<div>Det handler om at nyde \u00f8jeblikket (bl\u00e5).<\/div>\n<p>Fremstillet af 100% bomuld<\/p>\n<p>Godt gavetip og dekorativt p\u00e5 badev\u00e6relset! M\u00e5ske sammen med de nye duftlys?<\/p>\n<p>Happiness drawing har utallige forskellige produkter, og du kan ogs\u00e5 bestille tegninger, der er lige noget for dig! Tag et kig p\u00e5 hele kataloget.<\/p>\n<p>H\u00e5ndkl\u00e6de<\/p>\n<p>100% bomuld.<\/p>\n<\/div>\n<\/div>\n<\/div>\n<\/div>","protected":false},"featured_media":42445,"comment_status":"closed","ping_status":"closed","template":"","meta":[],"product_brand":[],"product_cat":[202],"product_tag":[449,448,451,450],"class_list":{"0":"post-42439","1":"product","2":"type-product","3":"status-publish","4":"has-post-thumbnail","6":"product_cat-klaer-med-trykk","7":"product_tag-gjestehandkle","8":"product_tag-handkle","9":"product_tag-tekst","10":"product_tag-towel","12":"first","13":"instock","14":"taxable","15":"shipping-taxable","16":"purchasable","17":"product-type-variable"},"yoast_head":"<!-- This site is optimized with the Yoast SEO plugin v27.6 - https:\/\/yoast.com\/product\/yoast-seo-wordpress\/ -->\n<title>Gjesteh\u00e5ndkl\u00e6r fra Lykketegning i 2-pakning (40 x 60 cm) - LYKKETEGNING ILLUSTRAT\u00d8R<\/title>\n<meta name=\"description\" content=\"Gjesteh\u00e5ndkl\u00e6r fra Lykketegning i 2-pakning (40 x 60 cm). Velg mellom flere farger og koselige tekster \u2013 perfekte til badet eller som gave.\" \/>\n<meta name=\"robots\" content=\"noindex, follow, max-snippet:-1, max-image-preview:large, max-video-preview:-1\" \/>\n<meta property=\"og:locale\" content=\"da_DK\" \/>\n<meta property=\"og:type\" content=\"article\" \/>\n<meta property=\"og:title\" content=\"Gjesteh\u00e5ndkl\u00e6r fra Lykketegning i 2-pakning (40 x 60 cm) - LYKKETEGNING ILLUSTRAT\u00d8R\" \/>\n<meta property=\"og:description\" content=\"Gjesteh\u00e5ndkl\u00e6r fra Lykketegning i 2-pakning (40 x 60 cm). Velg mellom flere farger og koselige tekster \u2013 perfekte til badet eller som gave.\" \/>\n<meta property=\"og:url\" content=\"https:\/\/lykketegningtest.wp3.hcweb.dev\/da\/vare\/gjestehandklaer-fra-lykketegning-i-2-pakning-40-x-60-cm\/\" \/>\n<meta property=\"og:site_name\" content=\"LYKKETEGNING ILLUSTRAT\u00d8R\" \/>\n<meta property=\"article:publisher\" content=\"https:\/\/www.facebook.com\/lykketegning\/\" \/>\n<meta property=\"article:modified_time\" content=\"2026-05-08T07:13:57+00:00\" \/>\n<meta property=\"og:image\" content=\"https:\/\/www.lykketegning.no\/wp-content\/uploads\/2026\/03\/B5DFC5D6-FEB4-419C-B81A-7540E34F508B-1-683x1024.png\" \/>\n\t<meta property=\"og:image:width\" content=\"683\" \/>\n\t<meta property=\"og:image:height\" content=\"1024\" \/>\n\t<meta property=\"og:image:type\" content=\"image\/png\" \/>\n<meta name=\"twitter:card\" content=\"summary_large_image\" \/>\n<meta name=\"twitter:label1\" content=\"Estimeret l\u00e6setid\" \/>\n\t<meta name=\"twitter:data1\" content=\"3 minutter\" \/>\n<script type=\"application\/ld+json\" class=\"yoast-schema-graph\">{\"@context\":\"https:\\\/\\\/schema.org\",\"@graph\":[{\"@type\":\"WebPage\",\"@id\":\"https:\\\/\\\/lykketegningtest.wp3.hcweb.dev\\\/produkt\\\/gjestehandklaer-fra-lykketegning-i-2-pakning-40-x-60-cm\\\/\",\"url\":\"https:\\\/\\\/lykketegningtest.wp3.hcweb.dev\\\/produkt\\\/gjestehandklaer-fra-lykketegning-i-2-pakning-40-x-60-cm\\\/\",\"name\":\"Gjesteh\u00e5ndkl\u00e6r fra Lykketegning i 2-pakning (40 x 60 cm) - LYKKETEGNING ILLUSTRAT\u00d8R\",\"isPartOf\":{\"@id\":\"https:\\\/\\\/lykketegningtest.wp3.hcweb.dev\\\/#website\"},\"primaryImageOfPage\":{\"@id\":\"https:\\\/\\\/lykketegningtest.wp3.hcweb.dev\\\/produkt\\\/gjestehandklaer-fra-lykketegning-i-2-pakning-40-x-60-cm\\\/#primaryimage\"},\"image\":{\"@id\":\"https:\\\/\\\/lykketegningtest.wp3.hcweb.dev\\\/produkt\\\/gjestehandklaer-fra-lykketegning-i-2-pakning-40-x-60-cm\\\/#primaryimage\"},\"thumbnailUrl\":\"https:\\\/\\\/lykketegningtest.wp3.hcweb.dev\\\/wp-content\\\/uploads\\\/2026\\\/03\\\/B5DFC5D6-FEB4-419C-B81A-7540E34F508B-1.png\",\"datePublished\":\"2026-03-25T11:08:04+00:00\",\"dateModified\":\"2026-05-08T07:13:57+00:00\",\"description\":\"Gjesteh\u00e5ndkl\u00e6r fra Lykketegning i 2-pakning (40 x 60 cm). Velg mellom flere farger og koselige tekster \u2013 perfekte til badet eller som gave.\",\"breadcrumb\":{\"@id\":\"https:\\\/\\\/lykketegningtest.wp3.hcweb.dev\\\/produkt\\\/gjestehandklaer-fra-lykketegning-i-2-pakning-40-x-60-cm\\\/#breadcrumb\"},\"inLanguage\":\"da-DK\",\"potentialAction\":[{\"@type\":\"ReadAction\",\"target\":[\"https:\\\/\\\/lykketegningtest.wp3.hcweb.dev\\\/produkt\\\/gjestehandklaer-fra-lykketegning-i-2-pakning-40-x-60-cm\\\/\"]}]},{\"@type\":\"ImageObject\",\"inLanguage\":\"da-DK\",\"@id\":\"https:\\\/\\\/lykketegningtest.wp3.hcweb.dev\\\/produkt\\\/gjestehandklaer-fra-lykketegning-i-2-pakning-40-x-60-cm\\\/#primaryimage\",\"url\":\"https:\\\/\\\/lykketegningtest.wp3.hcweb.dev\\\/wp-content\\\/uploads\\\/2026\\\/03\\\/B5DFC5D6-FEB4-419C-B81A-7540E34F508B-1.png\",\"contentUrl\":\"https:\\\/\\\/lykketegningtest.wp3.hcweb.dev\\\/wp-content\\\/uploads\\\/2026\\\/03\\\/B5DFC5D6-FEB4-419C-B81A-7540E34F508B-1.png\",\"width\":1024,\"height\":1536},{\"@type\":\"BreadcrumbList\",\"@id\":\"https:\\\/\\\/lykketegningtest.wp3.hcweb.dev\\\/produkt\\\/gjestehandklaer-fra-lykketegning-i-2-pakning-40-x-60-cm\\\/#breadcrumb\",\"itemListElement\":[{\"@type\":\"ListItem\",\"position\":1,\"name\":\"Hjem\",\"item\":\"https:\\\/\\\/lykketegningtest.wp3.hcweb.dev\\\/\"},{\"@type\":\"ListItem\",\"position\":2,\"name\":\"Shop\",\"item\":\"https:\\\/\\\/lykketegningtest.wp3.hcweb.dev\\\/sv\\\/webbutik\\\/\"},{\"@type\":\"ListItem\",\"position\":3,\"name\":\"Gjesteh\u00e5ndkl\u00e6r fra Lykketegning i 2-pakning (40 x 60 cm)\"}]},{\"@type\":\"WebSite\",\"@id\":\"https:\\\/\\\/lykketegningtest.wp3.hcweb.dev\\\/#website\",\"url\":\"https:\\\/\\\/lykketegningtest.wp3.hcweb.dev\\\/\",\"name\":\"LYKKETEGNING ILLUSTRAT\u00d8R\",\"description\":\"\",\"publisher\":{\"@id\":\"https:\\\/\\\/lykketegningtest.wp3.hcweb.dev\\\/#organization\"},\"potentialAction\":[{\"@type\":\"SearchAction\",\"target\":{\"@type\":\"EntryPoint\",\"urlTemplate\":\"https:\\\/\\\/lykketegningtest.wp3.hcweb.dev\\\/?s={search_term_string}\"},\"query-input\":{\"@type\":\"PropertyValueSpecification\",\"valueRequired\":true,\"valueName\":\"search_term_string\"}}],\"inLanguage\":\"da-DK\"},{\"@type\":\"Organization\",\"@id\":\"https:\\\/\\\/lykketegningtest.wp3.hcweb.dev\\\/#organization\",\"name\":\"LYKKETEGNING ILLUSTRAT\u00d8R\",\"url\":\"https:\\\/\\\/lykketegningtest.wp3.hcweb.dev\\\/\",\"logo\":{\"@type\":\"ImageObject\",\"inLanguage\":\"da-DK\",\"@id\":\"https:\\\/\\\/lykketegningtest.wp3.hcweb.dev\\\/#\\\/schema\\\/logo\\\/image\\\/\",\"url\":\"https:\\\/\\\/lykketegningtest.wp3.hcweb.dev\\\/wp-content\\\/uploads\\\/2020\\\/03\\\/Logo2020_h400px.jpg\",\"contentUrl\":\"https:\\\/\\\/lykketegningtest.wp3.hcweb.dev\\\/wp-content\\\/uploads\\\/2020\\\/03\\\/Logo2020_h400px.jpg\",\"width\":1024,\"height\":400,\"caption\":\"LYKKETEGNING ILLUSTRAT\u00d8R\"},\"image\":{\"@id\":\"https:\\\/\\\/lykketegningtest.wp3.hcweb.dev\\\/#\\\/schema\\\/logo\\\/image\\\/\"},\"sameAs\":[\"https:\\\/\\\/www.facebook.com\\\/lykketegning\\\/\",\"https:\\\/\\\/www.instagram.com\\\/lykketegning\\\/\",\"https:\\\/\\\/www.youtube.com\\\/@lykketegningillustrations\",\"https:\\\/\\\/www.tiktok.com\\\/@lykketegningillustration\"]}]}<\/script>\n<!-- \/ Yoast SEO plugin. -->","yoast_head_json":{"title":"G\u00e6steh\u00e5ndkl\u00e6der fra Lykketegning i 2-pak (40 x 60 cm) - LYKKETEGNING ILLUSTRAT\u00d8R","description":"G\u00e6steh\u00e5ndkl\u00e6der fra Lykketegning i 2-pak (40 x 60 cm). V\u00e6lg mellem flere farver og hyggelige tekster - perfekt til badev\u00e6relset eller som gave.","robots":{"index":"noindex","follow":"follow","max-snippet":"max-snippet:-1","max-image-preview":"max-image-preview:large","max-video-preview":"max-video-preview:-1"},"og_locale":"da_DK","og_type":"article","og_title":"Gjesteh\u00e5ndkl\u00e6r fra Lykketegning i 2-pakning (40 x 60 cm) - LYKKETEGNING ILLUSTRAT\u00d8R","og_description":"Gjesteh\u00e5ndkl\u00e6r fra Lykketegning i 2-pakning (40 x 60 cm). Velg mellom flere farger og koselige tekster \u2013 perfekte til badet eller som gave.","og_url":"https:\/\/lykketegningtest.wp3.hcweb.dev\/da\/vare\/gjestehandklaer-fra-lykketegning-i-2-pakning-40-x-60-cm\/","og_site_name":"LYKKETEGNING ILLUSTRAT\u00d8R","article_publisher":"https:\/\/www.facebook.com\/lykketegning\/","article_modified_time":"2026-05-08T07:13:57+00:00","og_image":[{"width":683,"height":1024,"url":"https:\/\/www.lykketegning.no\/wp-content\/uploads\/2026\/03\/B5DFC5D6-FEB4-419C-B81A-7540E34F508B-1-683x1024.png","type":"image\/png"}],"twitter_card":"summary_large_image","twitter_misc":{"Estimeret l\u00e6setid":"3 minutter"},"schema":{"@context":"https:\/\/schema.org","@graph":[{"@type":"WebPage","@id":"https:\/\/lykketegningtest.wp3.hcweb.dev\/produkt\/gjestehandklaer-fra-lykketegning-i-2-pakning-40-x-60-cm\/","url":"https:\/\/lykketegningtest.wp3.hcweb.dev\/produkt\/gjestehandklaer-fra-lykketegning-i-2-pakning-40-x-60-cm\/","name":"G\u00e6steh\u00e5ndkl\u00e6der fra Lykketegning i 2-pak (40 x 60 cm) - LYKKETEGNING ILLUSTRAT\u00d8R","isPartOf":{"@id":"https:\/\/lykketegningtest.wp3.hcweb.dev\/#website"},"primaryImageOfPage":{"@id":"https:\/\/lykketegningtest.wp3.hcweb.dev\/produkt\/gjestehandklaer-fra-lykketegning-i-2-pakning-40-x-60-cm\/#primaryimage"},"image":{"@id":"https:\/\/lykketegningtest.wp3.hcweb.dev\/produkt\/gjestehandklaer-fra-lykketegning-i-2-pakning-40-x-60-cm\/#primaryimage"},"thumbnailUrl":"https:\/\/lykketegningtest.wp3.hcweb.dev\/wp-content\/uploads\/2026\/03\/B5DFC5D6-FEB4-419C-B81A-7540E34F508B-1.png","datePublished":"2026-03-25T11:08:04+00:00","dateModified":"2026-05-08T07:13:57+00:00","description":"G\u00e6steh\u00e5ndkl\u00e6der fra Lykketegning i 2-pak (40 x 60 cm). V\u00e6lg mellem flere farver og hyggelige tekster - perfekt til badev\u00e6relset eller som gave.","breadcrumb":{"@id":"https:\/\/lykketegningtest.wp3.hcweb.dev\/produkt\/gjestehandklaer-fra-lykketegning-i-2-pakning-40-x-60-cm\/#breadcrumb"},"inLanguage":"da-DK","potentialAction":[{"@type":"ReadAction","target":["https:\/\/lykketegningtest.wp3.hcweb.dev\/produkt\/gjestehandklaer-fra-lykketegning-i-2-pakning-40-x-60-cm\/"]}]},{"@type":"ImageObject","inLanguage":"da-DK","@id":"https:\/\/lykketegningtest.wp3.hcweb.dev\/produkt\/gjestehandklaer-fra-lykketegning-i-2-pakning-40-x-60-cm\/#primaryimage","url":"https:\/\/lykketegningtest.wp3.hcweb.dev\/wp-content\/uploads\/2026\/03\/B5DFC5D6-FEB4-419C-B81A-7540E34F508B-1.png","contentUrl":"https:\/\/lykketegningtest.wp3.hcweb.dev\/wp-content\/uploads\/2026\/03\/B5DFC5D6-FEB4-419C-B81A-7540E34F508B-1.png","width":1024,"height":1536},{"@type":"BreadcrumbList","@id":"https:\/\/lykketegningtest.wp3.hcweb.dev\/produkt\/gjestehandklaer-fra-lykketegning-i-2-pakning-40-x-60-cm\/#breadcrumb","itemListElement":[{"@type":"ListItem","position":1,"name":"Hjem","item":"https:\/\/lykketegningtest.wp3.hcweb.dev\/"},{"@type":"ListItem","position":2,"name":"Shop","item":"https:\/\/lykketegningtest.wp3.hcweb.dev\/sv\/webbutik\/"},{"@type":"ListItem","position":3,"name":"Gjesteh\u00e5ndkl\u00e6r fra Lykketegning i 2-pakning (40 x 60 cm)"}]},{"@type":"WebSite","@id":"https:\/\/lykketegningtest.wp3.hcweb.dev\/#website","url":"https:\/\/lykketegningtest.wp3.hcweb.dev\/","name":"LYKKETEGNING ILLUSTRATOR","description":"","publisher":{"@id":"https:\/\/lykketegningtest.wp3.hcweb.dev\/#organization"},"potentialAction":[{"@type":"SearchAction","target":{"@type":"EntryPoint","urlTemplate":"https:\/\/lykketegningtest.wp3.hcweb.dev\/?s={search_term_string}"},"query-input":{"@type":"PropertyValueSpecification","valueRequired":true,"valueName":"search_term_string"}}],"inLanguage":"da-DK"},{"@type":"Organization","@id":"https:\/\/lykketegningtest.wp3.hcweb.dev\/#organization","name":"LYKKETEGNING ILLUSTRATOR","url":"https:\/\/lykketegningtest.wp3.hcweb.dev\/","logo":{"@type":"ImageObject","inLanguage":"da-DK","@id":"https:\/\/lykketegningtest.wp3.hcweb.dev\/#\/schema\/logo\/image\/","url":"https:\/\/lykketegningtest.wp3.hcweb.dev\/wp-content\/uploads\/2020\/03\/Logo2020_h400px.jpg","contentUrl":"https:\/\/lykketegningtest.wp3.hcweb.dev\/wp-content\/uploads\/2020\/03\/Logo2020_h400px.jpg","width":1024,"height":400,"caption":"LYKKETEGNING ILLUSTRAT\u00d8R"},"image":{"@id":"https:\/\/lykketegningtest.wp3.hcweb.dev\/#\/schema\/logo\/image\/"},"sameAs":["https:\/\/www.facebook.com\/lykketegning\/","https:\/\/www.instagram.com\/lykketegning\/","https:\/\/www.youtube.com\/@lykketegningillustrations","https:\/\/www.tiktok.com\/@lykketegningillustration"]}]}},"_links":{"self":[{"href":"https:\/\/lykketegningtest.wp3.hcweb.dev\/da\/wp-json\/wp\/v2\/product\/42439","targetHints":{"allow":["GET"]}}],"collection":[{"href":"https:\/\/lykketegningtest.wp3.hcweb.dev\/da\/wp-json\/wp\/v2\/product"}],"about":[{"href":"https:\/\/lykketegningtest.wp3.hcweb.dev\/da\/wp-json\/wp\/v2\/types\/product"}],"replies":[{"embeddable":true,"href":"https:\/\/lykketegningtest.wp3.hcweb.dev\/da\/wp-json\/wp\/v2\/comments?post=42439"}],"wp:featuredmedia":[{"embeddable":true,"href":"https:\/\/lykketegningtest.wp3.hcweb.dev\/da\/wp-json\/wp\/v2\/media\/42445"}],"wp:attachment":[{"href":"https:\/\/lykketegningtest.wp3.hcweb.dev\/da\/wp-json\/wp\/v2\/media?parent=42439"}],"wp:term":[{"taxonomy":"product_brand","embeddable":true,"href":"https:\/\/lykketegningtest.wp3.hcweb.dev\/da\/wp-json\/wp\/v2\/product_brand?post=42439"},{"taxonomy":"product_cat","embeddable":true,"href":"https:\/\/lykketegningtest.wp3.hcweb.dev\/da\/wp-json\/wp\/v2\/product_cat?post=42439"},{"taxonomy":"product_tag","embeddable":true,"href":"https:\/\/lykketegningtest.wp3.hcweb.dev\/da\/wp-json\/wp\/v2\/product_tag?post=42439"}],"curies":[{"name":"wp","href":"https:\/\/api.w.org\/{rel}","templated":true}]}}