{"id":4563,"date":"2016-08-26T12:31:42","date_gmt":"2016-08-26T10:31:42","guid":{"rendered":"https:\/\/www-lykketegning.wp3.hcweb.dev\/?post_type=product&#038;p=4563"},"modified":"2025-03-12T14:22:25","modified_gmt":"2025-03-12T13:22:25","slug":"t-shirt-breathe-live-life-now-black","status":"publish","type":"product","link":"https:\/\/lykketegningtest.wp3.hcweb.dev\/da\/vare\/t-shirt-breathe-live-life-now-black\/","title":{"rendered":"T-shirt; \"Tr\u00e6k vejret. Lev livet nu\" Sort"},"content":{"rendered":"<div class=\"page\" title=\"Page 1\">\n<div class=\"section\">\n<div class=\"layoutArea\">\n<div class=\"column\">\n<div class=\"layoutArea\">\n<div class=\"column\">\n<p>T-shirt; &#8220;BREATHE. LIVE LIFE NOW&#8221;. Black color.<\/p>\n<p>Size not refundable.<\/p>\n<\/div>\n<\/div>\n<div class=\"layoutArea\">\n<div class=\"column\">\n<p>&nbsp;<\/p>\n<p>Wash 40 degrees, innside out. No tumble dryer.<\/p>\n<\/div>\n<\/div>\n<p>Classic t-shirt. Forkrympet kjemmet bomull og ringspunnet garn, sides\u00f8mmer. Dobbeltkrage i elastan.<\/p>\n<\/div>\n<\/div>\n<div class=\"layoutArea\">\n<div class=\"column\">\n<p>KVALITET:<br \/>\n100% bomull (Visibility yellow og visibility orange [11\/170] 80% polyester, 20% bomull med sides\u00f8mmer, aske [92] 99% bomull, 1% viskose, gr\u00e5melert [95] 85% bomull, 15%. bl\u00e5melert og antrasittmelert [565\/955] 60% bomull, 40% polyester. viskose, antracite melange [955] 60% bomull, 40% polyester).<\/p>\n<\/div>\n<\/div>\n<div class=\"layoutArea\">\n<div class=\"column\">\n<p>Damer<br \/>\nVekt: 160 g\/m2<\/p>\n<\/div>\n<\/div>\n<\/div>\n<\/div>\n","protected":false},"excerpt":{"rendered":"<div class=\"layoutArea\">\n<div class=\"column\">\n<div class=\"layoutArea\">\n<div class=\"column\">\n<p>T-shirt &#8220;Breathe. Live life now&#8221;. \u00a0Black color.<\/p>\n<div class=\"layoutArea\">\n<div class=\"column\">\n<p>Size not refundable. 1-3 weeks delivery<\/p>\n<\/div>\n<\/div>\n<div class=\"layoutArea\">\n<div class=\"column\">\n<p>Wash 40 degrees, innside out. No tumble dryer.<\/p>\n<\/div>\n<\/div>\n<\/div>\n<\/div>\n<p>Forkrympet kjemmet bomull og ringspunnet garn, sides\u00f8mmer. Dobbeltkrage i elastan.<\/p>\n<\/div>\n<\/div>\n<div class=\"layoutArea\">\n<div class=\"column\">\n<p>KVALITET:<br \/>\n100% bomull (Visibility yellow og visibility orange [11\/170] 80% polyester, 20% bomull med sides\u00f8mmer, aske [92] 99% bomull, 1% viskose, gr\u00e5melert [95] 85% bomull, 15%. bl\u00e5melert og antrasittmelert [565\/955] 60% bomull, 40% polyester. viskose, antracite melange [955] 60% bomull, 40% polyester).<\/p>\n<\/div>\n<\/div>\n<div class=\"layoutArea\">\n<div class=\"column\">\n<p>Damer<br \/>\nVekt: 160 g\/m2<\/p>\n<\/div>\n<\/div>\n","protected":false},"featured_media":4560,"comment_status":"open","ping_status":"closed","template":"","meta":[],"product_brand":[],"product_cat":[202,169],"product_tag":[144,145,132,130,147,127,146,128],"class_list":{"0":"post-4563","1":"product","2":"type-product","3":"status-publish","4":"has-post-thumbnail","6":"product_cat-klaer-med-trykk","7":"product_cat-trykk","8":"product_tag-breathe","9":"product_tag-breathe-live-life-now","10":"product_tag-lykketskjorte","11":"product_tag-svart","12":"product_tag-t-shirt","13":"product_tag-t-skjorte","14":"product_tag-tshirt","15":"product_tag-tskjorte","17":"first","18":"outofstock","19":"taxable","20":"shipping-taxable","21":"purchasable","22":"product-type-variable"},"yoast_head":"<!-- This site is optimized with the Yoast SEO plugin v27.6 - https:\/\/yoast.com\/product\/yoast-seo-wordpress\/ -->\n<title>T-shirt; &quot;Breathe. Live life now&quot; Black - LYKKETEGNING ILLUSTRAT\u00d8R<\/title>\n<meta name=\"robots\" content=\"noindex, follow, max-snippet:-1, max-image-preview:large, max-video-preview:-1\" \/>\n<meta property=\"og:locale\" content=\"da_DK\" \/>\n<meta property=\"og:type\" content=\"article\" \/>\n<meta property=\"og:title\" content=\"T-shirt; &quot;Breathe. Live life now&quot; Black - LYKKETEGNING ILLUSTRAT\u00d8R\" \/>\n<meta property=\"og:description\" content=\"T-shirt &quot;Breathe. Live life now&quot;. \u00a0Black color.    Size not refundable. 1-3 weeks delivery       Wash 40 degrees, innside out. No tumble dryer.      Forkrympet kjemmet bomull og ringspunnet garn, sides\u00f8mmer. Dobbeltkrage i elastan.       KVALITET: 100% bomull (Visibility yellow og visibility orange [11\/170] 80% polyester, 20% bomull med sides\u00f8mmer, aske [92] 99% bomull, 1% viskose, gr\u00e5melert [95] 85% bomull, 15%. bl\u00e5melert og antrasittmelert [565\/955] 60% bomull, 40% polyester. viskose, antracite melange [955] 60% bomull, 40% polyester).       Damer Vekt: 160 g\/m2\" \/>\n<meta property=\"og:url\" content=\"https:\/\/lykketegningtest.wp3.hcweb.dev\/da\/product-2\/camiseta-breathe-live-life-now-negro\/\" \/>\n<meta property=\"og:site_name\" content=\"LYKKETEGNING ILLUSTRAT\u00d8R\" \/>\n<meta property=\"article:publisher\" content=\"https:\/\/www.facebook.com\/lykketegning\/\" \/>\n<meta property=\"article:modified_time\" content=\"2025-03-12T13:22:25+00:00\" \/>\n<meta property=\"og:image\" content=\"https:\/\/www.lykketegning.no\/wp-content\/uploads\/2018\/02\/IMG_1906-scaled.jpg\" \/>\n\t<meta property=\"og:image:width\" content=\"1950\" \/>\n\t<meta property=\"og:image:height\" content=\"2560\" \/>\n\t<meta property=\"og:image:type\" content=\"image\/jpeg\" \/>\n<meta name=\"twitter:card\" content=\"summary_large_image\" \/>\n<script type=\"application\/ld+json\" class=\"yoast-schema-graph\">{\"@context\":\"https:\\\/\\\/schema.org\",\"@graph\":[{\"@type\":\"WebPage\",\"@id\":\"https:\\\/\\\/lykketegningtest.wp3.hcweb.dev\\\/es\\\/product-2\\\/camiseta-breathe-live-life-now-negro\\\/\",\"url\":\"https:\\\/\\\/lykketegningtest.wp3.hcweb.dev\\\/es\\\/product-2\\\/camiseta-breathe-live-life-now-negro\\\/\",\"name\":\"T-shirt; \\\"Breathe. Live life now\\\" Black - LYKKETEGNING ILLUSTRAT\u00d8R\",\"isPartOf\":{\"@id\":\"https:\\\/\\\/lykketegningtest.wp3.hcweb.dev\\\/#website\"},\"primaryImageOfPage\":{\"@id\":\"https:\\\/\\\/lykketegningtest.wp3.hcweb.dev\\\/es\\\/product-2\\\/camiseta-breathe-live-life-now-negro\\\/#primaryimage\"},\"image\":{\"@id\":\"https:\\\/\\\/lykketegningtest.wp3.hcweb.dev\\\/es\\\/product-2\\\/camiseta-breathe-live-life-now-negro\\\/#primaryimage\"},\"thumbnailUrl\":\"https:\\\/\\\/lykketegningtest.wp3.hcweb.dev\\\/wp-content\\\/uploads\\\/2018\\\/02\\\/IMG_1906-scaled.jpg\",\"datePublished\":\"2016-08-26T10:31:42+00:00\",\"dateModified\":\"2025-03-12T13:22:25+00:00\",\"breadcrumb\":{\"@id\":\"https:\\\/\\\/lykketegningtest.wp3.hcweb.dev\\\/es\\\/product-2\\\/camiseta-breathe-live-life-now-negro\\\/#breadcrumb\"},\"inLanguage\":\"da-DK\",\"potentialAction\":[{\"@type\":\"ReadAction\",\"target\":[\"https:\\\/\\\/lykketegningtest.wp3.hcweb.dev\\\/es\\\/product-2\\\/camiseta-breathe-live-life-now-negro\\\/\"]}]},{\"@type\":\"ImageObject\",\"inLanguage\":\"da-DK\",\"@id\":\"https:\\\/\\\/lykketegningtest.wp3.hcweb.dev\\\/es\\\/product-2\\\/camiseta-breathe-live-life-now-negro\\\/#primaryimage\",\"url\":\"https:\\\/\\\/lykketegningtest.wp3.hcweb.dev\\\/wp-content\\\/uploads\\\/2018\\\/02\\\/IMG_1906-scaled.jpg\",\"contentUrl\":\"https:\\\/\\\/lykketegningtest.wp3.hcweb.dev\\\/wp-content\\\/uploads\\\/2018\\\/02\\\/IMG_1906-scaled.jpg\",\"width\":1950,\"height\":2560,\"caption\":\"Black t-shirt with quote: Breathe. Live life now.\"},{\"@type\":\"BreadcrumbList\",\"@id\":\"https:\\\/\\\/lykketegningtest.wp3.hcweb.dev\\\/es\\\/product-2\\\/camiseta-breathe-live-life-now-negro\\\/#breadcrumb\",\"itemListElement\":[{\"@type\":\"ListItem\",\"position\":1,\"name\":\"Hjem\",\"item\":\"https:\\\/\\\/lykketegningtest.wp3.hcweb.dev\\\/\"},{\"@type\":\"ListItem\",\"position\":2,\"name\":\"Shop\",\"item\":\"https:\\\/\\\/lykketegningtest.wp3.hcweb.dev\\\/sv\\\/webbutik\\\/\"},{\"@type\":\"ListItem\",\"position\":3,\"name\":\"T-shirt; &#8220;Breathe. Live life now&#8221; Black\"}]},{\"@type\":\"WebSite\",\"@id\":\"https:\\\/\\\/lykketegningtest.wp3.hcweb.dev\\\/#website\",\"url\":\"https:\\\/\\\/lykketegningtest.wp3.hcweb.dev\\\/\",\"name\":\"LYKKETEGNING ILLUSTRAT\u00d8R\",\"description\":\"\",\"publisher\":{\"@id\":\"https:\\\/\\\/lykketegningtest.wp3.hcweb.dev\\\/#organization\"},\"potentialAction\":[{\"@type\":\"SearchAction\",\"target\":{\"@type\":\"EntryPoint\",\"urlTemplate\":\"https:\\\/\\\/lykketegningtest.wp3.hcweb.dev\\\/?s={search_term_string}\"},\"query-input\":{\"@type\":\"PropertyValueSpecification\",\"valueRequired\":true,\"valueName\":\"search_term_string\"}}],\"inLanguage\":\"da-DK\"},{\"@type\":\"Organization\",\"@id\":\"https:\\\/\\\/lykketegningtest.wp3.hcweb.dev\\\/#organization\",\"name\":\"LYKKETEGNING ILLUSTRAT\u00d8R\",\"url\":\"https:\\\/\\\/lykketegningtest.wp3.hcweb.dev\\\/\",\"logo\":{\"@type\":\"ImageObject\",\"inLanguage\":\"da-DK\",\"@id\":\"https:\\\/\\\/lykketegningtest.wp3.hcweb.dev\\\/#\\\/schema\\\/logo\\\/image\\\/\",\"url\":\"https:\\\/\\\/lykketegningtest.wp3.hcweb.dev\\\/wp-content\\\/uploads\\\/2020\\\/03\\\/Logo2020_h400px.jpg\",\"contentUrl\":\"https:\\\/\\\/lykketegningtest.wp3.hcweb.dev\\\/wp-content\\\/uploads\\\/2020\\\/03\\\/Logo2020_h400px.jpg\",\"width\":1024,\"height\":400,\"caption\":\"LYKKETEGNING ILLUSTRAT\u00d8R\"},\"image\":{\"@id\":\"https:\\\/\\\/lykketegningtest.wp3.hcweb.dev\\\/#\\\/schema\\\/logo\\\/image\\\/\"},\"sameAs\":[\"https:\\\/\\\/www.facebook.com\\\/lykketegning\\\/\",\"https:\\\/\\\/www.instagram.com\\\/lykketegning\\\/\",\"https:\\\/\\\/www.youtube.com\\\/@lykketegningillustrations\",\"https:\\\/\\\/www.tiktok.com\\\/@lykketegningillustration\"]}]}<\/script>\n<!-- \/ Yoast SEO plugin. -->","yoast_head_json":{"title":"T-shirt; \"Tr\u00e6k vejret. Lev livet nu\" Sort - LYKKETEGNING ILLUSTRAT\u00d8R","robots":{"index":"noindex","follow":"follow","max-snippet":"max-snippet:-1","max-image-preview":"max-image-preview:large","max-video-preview":"max-video-preview:-1"},"og_locale":"da_DK","og_type":"article","og_title":"T-shirt; \"Breathe. Live life now\" Black - LYKKETEGNING ILLUSTRAT\u00d8R","og_description":"T-shirt \"Breathe. Live life now\". \u00a0Black color.    Size not refundable. 1-3 weeks delivery       Wash 40 degrees, innside out. No tumble dryer.      Forkrympet kjemmet bomull og ringspunnet garn, sides\u00f8mmer. Dobbeltkrage i elastan.       KVALITET: 100% bomull (Visibility yellow og visibility orange [11\/170] 80% polyester, 20% bomull med sides\u00f8mmer, aske [92] 99% bomull, 1% viskose, gr\u00e5melert [95] 85% bomull, 15%. bl\u00e5melert og antrasittmelert [565\/955] 60% bomull, 40% polyester. viskose, antracite melange [955] 60% bomull, 40% polyester).       Damer Vekt: 160 g\/m2","og_url":"https:\/\/lykketegningtest.wp3.hcweb.dev\/da\/product-2\/camiseta-breathe-live-life-now-negro\/","og_site_name":"LYKKETEGNING ILLUSTRAT\u00d8R","article_publisher":"https:\/\/www.facebook.com\/lykketegning\/","article_modified_time":"2025-03-12T13:22:25+00:00","og_image":[{"width":1950,"height":2560,"url":"https:\/\/www.lykketegning.no\/wp-content\/uploads\/2018\/02\/IMG_1906-scaled.jpg","type":"image\/jpeg"}],"twitter_card":"summary_large_image","schema":{"@context":"https:\/\/schema.org","@graph":[{"@type":"WebPage","@id":"https:\/\/lykketegningtest.wp3.hcweb.dev\/es\/product-2\/camiseta-breathe-live-life-now-negro\/","url":"https:\/\/lykketegningtest.wp3.hcweb.dev\/es\/product-2\/camiseta-breathe-live-life-now-negro\/","name":"T-shirt; \"Tr\u00e6k vejret. Lev livet nu\" Sort - LYKKETEGNING ILLUSTRAT\u00d8R","isPartOf":{"@id":"https:\/\/lykketegningtest.wp3.hcweb.dev\/#website"},"primaryImageOfPage":{"@id":"https:\/\/lykketegningtest.wp3.hcweb.dev\/es\/product-2\/camiseta-breathe-live-life-now-negro\/#primaryimage"},"image":{"@id":"https:\/\/lykketegningtest.wp3.hcweb.dev\/es\/product-2\/camiseta-breathe-live-life-now-negro\/#primaryimage"},"thumbnailUrl":"https:\/\/lykketegningtest.wp3.hcweb.dev\/wp-content\/uploads\/2018\/02\/IMG_1906-scaled.jpg","datePublished":"2016-08-26T10:31:42+00:00","dateModified":"2025-03-12T13:22:25+00:00","breadcrumb":{"@id":"https:\/\/lykketegningtest.wp3.hcweb.dev\/es\/product-2\/camiseta-breathe-live-life-now-negro\/#breadcrumb"},"inLanguage":"da-DK","potentialAction":[{"@type":"ReadAction","target":["https:\/\/lykketegningtest.wp3.hcweb.dev\/es\/product-2\/camiseta-breathe-live-life-now-negro\/"]}]},{"@type":"ImageObject","inLanguage":"da-DK","@id":"https:\/\/lykketegningtest.wp3.hcweb.dev\/es\/product-2\/camiseta-breathe-live-life-now-negro\/#primaryimage","url":"https:\/\/lykketegningtest.wp3.hcweb.dev\/wp-content\/uploads\/2018\/02\/IMG_1906-scaled.jpg","contentUrl":"https:\/\/lykketegningtest.wp3.hcweb.dev\/wp-content\/uploads\/2018\/02\/IMG_1906-scaled.jpg","width":1950,"height":2560,"caption":"Black t-shirt with quote: Breathe. Live life now."},{"@type":"BreadcrumbList","@id":"https:\/\/lykketegningtest.wp3.hcweb.dev\/es\/product-2\/camiseta-breathe-live-life-now-negro\/#breadcrumb","itemListElement":[{"@type":"ListItem","position":1,"name":"Hjem","item":"https:\/\/lykketegningtest.wp3.hcweb.dev\/"},{"@type":"ListItem","position":2,"name":"Shop","item":"https:\/\/lykketegningtest.wp3.hcweb.dev\/sv\/webbutik\/"},{"@type":"ListItem","position":3,"name":"T-shirt; &#8220;Breathe. Live life now&#8221; Black"}]},{"@type":"WebSite","@id":"https:\/\/lykketegningtest.wp3.hcweb.dev\/#website","url":"https:\/\/lykketegningtest.wp3.hcweb.dev\/","name":"LYKKETEGNING ILLUSTRATOR","description":"","publisher":{"@id":"https:\/\/lykketegningtest.wp3.hcweb.dev\/#organization"},"potentialAction":[{"@type":"SearchAction","target":{"@type":"EntryPoint","urlTemplate":"https:\/\/lykketegningtest.wp3.hcweb.dev\/?s={search_term_string}"},"query-input":{"@type":"PropertyValueSpecification","valueRequired":true,"valueName":"search_term_string"}}],"inLanguage":"da-DK"},{"@type":"Organization","@id":"https:\/\/lykketegningtest.wp3.hcweb.dev\/#organization","name":"LYKKETEGNING ILLUSTRATOR","url":"https:\/\/lykketegningtest.wp3.hcweb.dev\/","logo":{"@type":"ImageObject","inLanguage":"da-DK","@id":"https:\/\/lykketegningtest.wp3.hcweb.dev\/#\/schema\/logo\/image\/","url":"https:\/\/lykketegningtest.wp3.hcweb.dev\/wp-content\/uploads\/2020\/03\/Logo2020_h400px.jpg","contentUrl":"https:\/\/lykketegningtest.wp3.hcweb.dev\/wp-content\/uploads\/2020\/03\/Logo2020_h400px.jpg","width":1024,"height":400,"caption":"LYKKETEGNING ILLUSTRAT\u00d8R"},"image":{"@id":"https:\/\/lykketegningtest.wp3.hcweb.dev\/#\/schema\/logo\/image\/"},"sameAs":["https:\/\/www.facebook.com\/lykketegning\/","https:\/\/www.instagram.com\/lykketegning\/","https:\/\/www.youtube.com\/@lykketegningillustrations","https:\/\/www.tiktok.com\/@lykketegningillustration"]}]}},"_links":{"self":[{"href":"https:\/\/lykketegningtest.wp3.hcweb.dev\/da\/wp-json\/wp\/v2\/product\/4563","targetHints":{"allow":["GET"]}}],"collection":[{"href":"https:\/\/lykketegningtest.wp3.hcweb.dev\/da\/wp-json\/wp\/v2\/product"}],"about":[{"href":"https:\/\/lykketegningtest.wp3.hcweb.dev\/da\/wp-json\/wp\/v2\/types\/product"}],"replies":[{"embeddable":true,"href":"https:\/\/lykketegningtest.wp3.hcweb.dev\/da\/wp-json\/wp\/v2\/comments?post=4563"}],"wp:featuredmedia":[{"embeddable":true,"href":"https:\/\/lykketegningtest.wp3.hcweb.dev\/da\/wp-json\/wp\/v2\/media\/4560"}],"wp:attachment":[{"href":"https:\/\/lykketegningtest.wp3.hcweb.dev\/da\/wp-json\/wp\/v2\/media?parent=4563"}],"wp:term":[{"taxonomy":"product_brand","embeddable":true,"href":"https:\/\/lykketegningtest.wp3.hcweb.dev\/da\/wp-json\/wp\/v2\/product_brand?post=4563"},{"taxonomy":"product_cat","embeddable":true,"href":"https:\/\/lykketegningtest.wp3.hcweb.dev\/da\/wp-json\/wp\/v2\/product_cat?post=4563"},{"taxonomy":"product_tag","embeddable":true,"href":"https:\/\/lykketegningtest.wp3.hcweb.dev\/da\/wp-json\/wp\/v2\/product_tag?post=4563"}],"curies":[{"name":"wp","href":"https:\/\/api.w.org\/{rel}","templated":true}]}}