{"id":2871,"date":"2017-08-17T22:04:47","date_gmt":"2017-08-17T20:04:47","guid":{"rendered":"https:\/\/www-lykketegning.wp3.hcweb.dev\/?page_id=2871"},"modified":"2026-02-17T08:47:59","modified_gmt":"2026-02-17T07:47:59","slug":"illustrator","status":"publish","type":"page","link":"https:\/\/lykketegningtest.wp3.hcweb.dev\/de\/illustrator\/","title":{"rendered":"Illustrator"},"content":{"rendered":"<figure itemscope itemtype=\"https:\/\/schema.org\/ImageObject\">\n\t\t\t\t<img decoding=\"async\" src=\"https:\/\/lykketegningtest.wp3.hcweb.dev\/wp-content\/uploads\/2024\/04\/08-Ingebjorg.jpeg\" alt=\"08 Ingebj\u00f8rg\" height=\"1280\" width=\"853\" title=\"08 Ingebj\u00f8rg\" onerror=\"this.style.display='none'\" loading=\"lazy\" \/>\n\t<\/figure>\n\t<h1>Willkommen bei Happiness Drawing!<\/h1>\n<h3><em>Wer macht die Gl\u00fccksziehung? <\/em><\/h3>\n<p>Mein Name ist Ingebj\u00f8rg Rang\u00f8y Sj\u00e5land und ich bin der Illustrator von Lykketegning.<\/p>\n<p>Ich bin ausgebildete Kinderbetreuerin und habe viele Jahre lang mit geh\u00f6rlosen Kindern in D\u00e4nemark und Norwegen gearbeitet. Ich bin 46 Jahre alt, Mutter von zwei Kindern und mit dem besten Mann der Welt verheiratet.<\/p>\n<p>Handballer im Ruhestand und engagierter Chorleiter.<\/p>\n<h3>Wie alles begann.<\/h3>\n<p><em>\"Ich habe vielleicht davon getr\u00e4umt, eines Tages Fotograf zu werden, und eine noch wildere Fantasie war es, ein Buch zu schreiben. Aber ich w\u00e4re nie auf die Idee gekommen, mich hinzusetzen und zu zeichnen!<\/em><\/p>\n<p><em> Ingebj\u00f8rg Rang\u00f8y Sj\u00e5lands Zeichenkarriere begann, als sie w\u00e4hrend eines Seminars ein Doodle ihrer Familie zeichnete. Ihre Kollegin war von der Zeichnung so begeistert, dass sie sie bat, sie zu teilen. Sj\u00e5land postete die Zeichnung auf Instagram, wo sie 10 Likes, drei Kommentare und einen Auftrag erhielt. Das reichte aus, um ihre Zeichenk\u00fcnste in Gang zu bringen - mehr brauchte es nicht\", lacht Sj\u00e5land. <\/em><\/p>\n<p><em>- Ich wusste nicht, ob meine Facebook-Freunde an meinen Zeichnungen interessiert waren, also erstellte ich stattdessen eine Seite namens \"Happiness Drawing\". Es stellte sich heraus, dass dies zu mehr Engagement f\u00fchrte, denn ich bekam immer mehr Follower und mehr und mehr Bestellungen.<\/em><\/p>\n<p><em>Lykketegning hat inzwischen \u00fcber 80.000 Follower auf Facebook und Instagram. Sie hat Follower aus mindestens 28 L\u00e4ndern und erh\u00e4lt Bestellungen aus der ganzen Welt.<\/em><\/p>\n<em> - Die meisten meiner Auftr\u00e4ge kommen von Leuten, die ihre Familie als Geschenk f\u00fcr Taufen, Konfirmationen, Hochzeiten und Geburtstage zeichnen lassen wollen. Manchmal bekomme ich auch Familienmitglieder, die nicht mehr unter uns sind, die ich aber einzeichnen kann.<\/em><br \/>\n<em> Ihre Zeichnungen sind einfach, mit einem breiten L\u00e4cheln und vielen Herzen. Aber keine ihrer Zeichnungen gleicht der anderen, und wenn sie einmal anf\u00e4ngt zu zeichnen, \u00e4ndert sie sie nur selten.<\/em>\n<p><em> - Das erste, was ich zeichne, ist das, was bleibt, also dekoriere ich selten um oder baue um. <\/em><\/p>\n<p><em>Es sind keine perfekten Zeichnungen, aber ich denke, das ist ein Teil des Charmes. Das Leben ist nicht perfekt und sie sind es auch nicht, und vielleicht ist es das, was die Menschen anspricht.<\/em> <a href=\"https:\/\/www.nrk.no\/ostfold\/tar-permisjon-for-a-tegne-1.13382384\">NRK \u00d8stfold <\/a><\/p>\n<h3>500 Gesch\u00e4fte in Norwegen<\/h3>\n<p>Das Zeichnen, Gestalten und Ausmalen macht unglaublich viel Spa\u00df. Warum probieren Sie es nicht auch aus? Sie k\u00f6nnen die Happy Cups jetzt in Gesch\u00e4ften in ganz Norwegen und in meinem Online-Shop finden!<\/p>\n<p>Auf der Website finden Sie einige Illustrationen und andere Produkte wie Tassen, Gru\u00dfkarten und Kalender.<\/p>\n<p>Hier werden st\u00e4ndig neue Produkte auf den Markt gebracht.<\/p>\n<p>F\u00fcr <strong>viele viele viele viele<\/strong> weitere Illustrationen; besuchen Sie mein Instagram- und Facebook-Profil.<\/p>\n<h3>Einzelh\u00e4ndler<\/h3>\n<p>Wenn Sie Einzelh\u00e4ndler von Lykketegning werden wollen, z\u00f6gern Sie nicht, uns unter post@lykketegning.no zu kontaktieren.<\/p>\n<figure itemscope itemtype=\"https:\/\/schema.org\/ImageObject\">\n\t\t\t\t<img decoding=\"async\" src=\"https:\/\/lykketegningtest.wp3.hcweb.dev\/wp-content\/uploads\/2024\/04\/Emne-2.png\" alt=\"Emne (2)\" height=\"1280\" width=\"1061\" title=\"Thema (2)\" onerror=\"this.style.display='none'\" loading=\"lazy\" \/>\n\t<\/figure>\n\t<h3>Zu verkaufende Illustrationen<\/h3>\n<p>Eigentlich sind alle Illustrationen k\u00e4uflich zu erwerben. 999 SEK f\u00fcr A4 und 1500 SEK f\u00fcr A3.<\/p>\n<p>Sie k\u00f6nnen auch Ihr eigenes Exemplar bestellen - ein tolles Geschenk f\u00fcr Hochzeiten und andere Feiern. Nehmen Sie dazu Kontakt mit dem Posteingang auf.<\/p>\n<p><em>Preis: 1500kr f\u00fcr A4 und A5 (bis zu 5 Personen\/Tier) zus\u00e4tzliche Kosten f\u00fcr mehr (bis zu 5 Personen\/Tier). A3 2000kr ex Porto. Ich muss die Haarfarbe\/den Haartyp, die Gr\u00f6\u00dfe, die Interessen und die gew\u00fcnschte Anzahl der abgebildeten Personen wissen. Alle Kostenvoranschl\u00e4ge, die Sie w\u00fcnschen, eingeschlossen.<\/em><\/p>\n<p>Wenn Sie Fragen haben, z\u00f6gern Sie nicht, mich zu kontaktieren! Wenn Sie sich \u00fcber eine m\u00f6gliche Zusammenarbeit unterhalten m\u00f6chten, schicken Sie mir bitte eine E-Mail.<\/p>\n<p>Ich freue mich, von Ihnen zu h\u00f6ren und w\u00fcnsche Ihnen einen sch\u00f6nen Tag.<\/p>\nK\u00fcnstler<br \/>\nIngebj\u00f8rg Rang\u00f8y Sj\u00e5land","protected":false},"excerpt":{"rendered":"<p>Willkommen bei Lykketegning! Wer macht Lykketegning? Mein Name ist Ingebj\u00f8rg Rang\u00f8y Sj\u00e5land und ich bin der Illustrator hinter Lykketegning. Ich bin ausgebildete Kinderf\u00fcrsorgerin und habe viele Jahre lang mit geh\u00f6rlosen Kindern in D\u00e4nemark und Norwegen gearbeitet. Ich bin 46 Jahre alt, Mutter von zwei Kindern und mit dem besten Mann der Welt verheiratet. Ich bin eine pensionierte Handballspielerin und eine engagierte Chorleiterin. Wie das alles...<\/p>","protected":false},"author":2008,"featured_media":0,"parent":0,"menu_order":0,"comment_status":"closed","ping_status":"closed","template":"","meta":{"footnotes":""},"class_list":["post-2871","page","type-page","status-publish","hentry"],"yoast_head":"<!-- This site is optimized with the Yoast SEO plugin v27.5 - https:\/\/yoast.com\/product\/yoast-seo-wordpress\/ -->\n<title>Illustrat\u00f8r - LYKKETEGNING ILLUSTRAT\u00d8R<\/title>\n<meta name=\"robots\" content=\"noindex, follow, max-snippet:-1, max-image-preview:large, max-video-preview:-1\" \/>\n<meta property=\"og:locale\" content=\"de_DE\" \/>\n<meta property=\"og:type\" content=\"article\" \/>\n<meta property=\"og:title\" content=\"Illustrat\u00f8r - LYKKETEGNING ILLUSTRAT\u00d8R\" \/>\n<meta property=\"og:description\" content=\"Velkommen til Lykketegning! Hvem lager Lykketegning? Jeg heter Ingebj\u00f8rg Rang\u00f8y Sj\u00e5land og er illustrat\u00f8ren bak Lykketegning. Jeg er utdannet barnevernspedagog og har i mange \u00e5r arbeidet med d\u00f8ve barn i Danmark og i Norge. 46 \u00e5r gammel, mamma til to ungdommer og gift med verdens beste mann. Avdanka h\u00e5ndballspiller og engasjert kordirigent. Hvordan det hele&hellip;\" \/>\n<meta property=\"og:url\" content=\"https:\/\/lykketegningtest.wp3.hcweb.dev\/de\/illustrator\/\" \/>\n<meta property=\"og:site_name\" content=\"LYKKETEGNING ILLUSTRAT\u00d8R\" \/>\n<meta property=\"article:publisher\" content=\"https:\/\/www.facebook.com\/lykketegning\/\" \/>\n<meta property=\"article:modified_time\" content=\"2026-02-17T07:47:59+00:00\" \/>\n<meta property=\"og:image\" content=\"https:\/\/lykketegningtest.wp3.hcweb.dev\/wp-content\/uploads\/2024\/04\/08-Ingebjorg.jpeg\" \/>\n<meta name=\"twitter:card\" content=\"summary_large_image\" \/>\n<meta name=\"twitter:label1\" content=\"Gesch\u00e4tzte Lesezeit\" \/>\n\t<meta name=\"twitter:data1\" content=\"4\u00a0Minuten\" \/>\n<script type=\"application\/ld+json\" class=\"yoast-schema-graph\">{\"@context\":\"https:\\\/\\\/schema.org\",\"@graph\":[{\"@type\":\"WebPage\",\"@id\":\"https:\\\/\\\/lykketegningtest.wp3.hcweb.dev\\\/illustrator\\\/\",\"url\":\"https:\\\/\\\/lykketegningtest.wp3.hcweb.dev\\\/illustrator\\\/\",\"name\":\"Illustrat\u00f8r - LYKKETEGNING ILLUSTRAT\u00d8R\",\"isPartOf\":{\"@id\":\"https:\\\/\\\/lykketegningtest.wp3.hcweb.dev\\\/#website\"},\"primaryImageOfPage\":{\"@id\":\"https:\\\/\\\/lykketegningtest.wp3.hcweb.dev\\\/illustrator\\\/#primaryimage\"},\"image\":{\"@id\":\"https:\\\/\\\/lykketegningtest.wp3.hcweb.dev\\\/illustrator\\\/#primaryimage\"},\"thumbnailUrl\":\"https:\\\/\\\/lykketegningtest.wp3.hcweb.dev\\\/wp-content\\\/uploads\\\/2024\\\/04\\\/08-Ingebjorg.jpeg\",\"datePublished\":\"2017-08-17T20:04:47+00:00\",\"dateModified\":\"2026-02-17T07:47:59+00:00\",\"breadcrumb\":{\"@id\":\"https:\\\/\\\/lykketegningtest.wp3.hcweb.dev\\\/illustrator\\\/#breadcrumb\"},\"inLanguage\":\"de\",\"potentialAction\":[{\"@type\":\"ReadAction\",\"target\":[\"https:\\\/\\\/lykketegningtest.wp3.hcweb.dev\\\/illustrator\\\/\"]}]},{\"@type\":\"ImageObject\",\"inLanguage\":\"de\",\"@id\":\"https:\\\/\\\/lykketegningtest.wp3.hcweb.dev\\\/illustrator\\\/#primaryimage\",\"url\":\"https:\\\/\\\/lykketegningtest.wp3.hcweb.dev\\\/wp-content\\\/uploads\\\/2024\\\/04\\\/08-Ingebjorg.jpeg\",\"contentUrl\":\"https:\\\/\\\/lykketegningtest.wp3.hcweb.dev\\\/wp-content\\\/uploads\\\/2024\\\/04\\\/08-Ingebjorg.jpeg\"},{\"@type\":\"BreadcrumbList\",\"@id\":\"https:\\\/\\\/lykketegningtest.wp3.hcweb.dev\\\/illustrator\\\/#breadcrumb\",\"itemListElement\":[{\"@type\":\"ListItem\",\"position\":1,\"name\":\"Hjem\",\"item\":\"https:\\\/\\\/lykketegningtest.wp3.hcweb.dev\\\/\"},{\"@type\":\"ListItem\",\"position\":2,\"name\":\"Illustrat\u00f8r\"}]},{\"@type\":\"WebSite\",\"@id\":\"https:\\\/\\\/lykketegningtest.wp3.hcweb.dev\\\/#website\",\"url\":\"https:\\\/\\\/lykketegningtest.wp3.hcweb.dev\\\/\",\"name\":\"LYKKETEGNING ILLUSTRAT\u00d8R\",\"description\":\"\",\"publisher\":{\"@id\":\"https:\\\/\\\/lykketegningtest.wp3.hcweb.dev\\\/#organization\"},\"potentialAction\":[{\"@type\":\"SearchAction\",\"target\":{\"@type\":\"EntryPoint\",\"urlTemplate\":\"https:\\\/\\\/lykketegningtest.wp3.hcweb.dev\\\/?s={search_term_string}\"},\"query-input\":{\"@type\":\"PropertyValueSpecification\",\"valueRequired\":true,\"valueName\":\"search_term_string\"}}],\"inLanguage\":\"de\"},{\"@type\":\"Organization\",\"@id\":\"https:\\\/\\\/lykketegningtest.wp3.hcweb.dev\\\/#organization\",\"name\":\"LYKKETEGNING ILLUSTRAT\u00d8R\",\"url\":\"https:\\\/\\\/lykketegningtest.wp3.hcweb.dev\\\/\",\"logo\":{\"@type\":\"ImageObject\",\"inLanguage\":\"de\",\"@id\":\"https:\\\/\\\/lykketegningtest.wp3.hcweb.dev\\\/#\\\/schema\\\/logo\\\/image\\\/\",\"url\":\"https:\\\/\\\/lykketegningtest.wp3.hcweb.dev\\\/wp-content\\\/uploads\\\/2020\\\/03\\\/Logo2020_h400px.jpg\",\"contentUrl\":\"https:\\\/\\\/lykketegningtest.wp3.hcweb.dev\\\/wp-content\\\/uploads\\\/2020\\\/03\\\/Logo2020_h400px.jpg\",\"width\":1024,\"height\":400,\"caption\":\"LYKKETEGNING ILLUSTRAT\u00d8R\"},\"image\":{\"@id\":\"https:\\\/\\\/lykketegningtest.wp3.hcweb.dev\\\/#\\\/schema\\\/logo\\\/image\\\/\"},\"sameAs\":[\"https:\\\/\\\/www.facebook.com\\\/lykketegning\\\/\",\"https:\\\/\\\/www.instagram.com\\\/lykketegning\\\/\",\"https:\\\/\\\/www.youtube.com\\\/@lykketegningillustrations\",\"https:\\\/\\\/www.tiktok.com\\\/@lykketegningillustration\"]}]}<\/script>\n<!-- \/ Yoast SEO plugin. -->","yoast_head_json":{"title":"Illustrator - LYKKETEGNING ILLUSTRAT\u00d8R","robots":{"index":"noindex","follow":"follow","max-snippet":"max-snippet:-1","max-image-preview":"max-image-preview:large","max-video-preview":"max-video-preview:-1"},"og_locale":"de_DE","og_type":"article","og_title":"Illustrat\u00f8r - LYKKETEGNING ILLUSTRAT\u00d8R","og_description":"Velkommen til Lykketegning! Hvem lager Lykketegning? Jeg heter Ingebj\u00f8rg Rang\u00f8y Sj\u00e5land og er illustrat\u00f8ren bak Lykketegning. Jeg er utdannet barnevernspedagog og har i mange \u00e5r arbeidet med d\u00f8ve barn i Danmark og i Norge. 46 \u00e5r gammel, mamma til to ungdommer og gift med verdens beste mann. Avdanka h\u00e5ndballspiller og engasjert kordirigent. Hvordan det hele&hellip;","og_url":"https:\/\/lykketegningtest.wp3.hcweb.dev\/de\/illustrator\/","og_site_name":"LYKKETEGNING ILLUSTRAT\u00d8R","article_publisher":"https:\/\/www.facebook.com\/lykketegning\/","article_modified_time":"2026-02-17T07:47:59+00:00","og_image":[{"url":"https:\/\/lykketegningtest.wp3.hcweb.dev\/wp-content\/uploads\/2024\/04\/08-Ingebjorg.jpeg","type":"","width":"","height":""}],"twitter_card":"summary_large_image","twitter_misc":{"Gesch\u00e4tzte Lesezeit":"4\u00a0Minuten"},"schema":{"@context":"https:\/\/schema.org","@graph":[{"@type":"WebPage","@id":"https:\/\/lykketegningtest.wp3.hcweb.dev\/illustrator\/","url":"https:\/\/lykketegningtest.wp3.hcweb.dev\/illustrator\/","name":"Illustrator - LYKKETEGNING ILLUSTRAT\u00d8R","isPartOf":{"@id":"https:\/\/lykketegningtest.wp3.hcweb.dev\/#website"},"primaryImageOfPage":{"@id":"https:\/\/lykketegningtest.wp3.hcweb.dev\/illustrator\/#primaryimage"},"image":{"@id":"https:\/\/lykketegningtest.wp3.hcweb.dev\/illustrator\/#primaryimage"},"thumbnailUrl":"https:\/\/lykketegningtest.wp3.hcweb.dev\/wp-content\/uploads\/2024\/04\/08-Ingebjorg.jpeg","datePublished":"2017-08-17T20:04:47+00:00","dateModified":"2026-02-17T07:47:59+00:00","breadcrumb":{"@id":"https:\/\/lykketegningtest.wp3.hcweb.dev\/illustrator\/#breadcrumb"},"inLanguage":"de","potentialAction":[{"@type":"ReadAction","target":["https:\/\/lykketegningtest.wp3.hcweb.dev\/illustrator\/"]}]},{"@type":"ImageObject","inLanguage":"de","@id":"https:\/\/lykketegningtest.wp3.hcweb.dev\/illustrator\/#primaryimage","url":"https:\/\/lykketegningtest.wp3.hcweb.dev\/wp-content\/uploads\/2024\/04\/08-Ingebjorg.jpeg","contentUrl":"https:\/\/lykketegningtest.wp3.hcweb.dev\/wp-content\/uploads\/2024\/04\/08-Ingebjorg.jpeg"},{"@type":"BreadcrumbList","@id":"https:\/\/lykketegningtest.wp3.hcweb.dev\/illustrator\/#breadcrumb","itemListElement":[{"@type":"ListItem","position":1,"name":"Hjem","item":"https:\/\/lykketegningtest.wp3.hcweb.dev\/"},{"@type":"ListItem","position":2,"name":"Illustrat\u00f8r"}]},{"@type":"WebSite","@id":"https:\/\/lykketegningtest.wp3.hcweb.dev\/#website","url":"https:\/\/lykketegningtest.wp3.hcweb.dev\/","name":"GL\u00dcCKSZEICHNUNG ILLUSTRATOR","description":"","publisher":{"@id":"https:\/\/lykketegningtest.wp3.hcweb.dev\/#organization"},"potentialAction":[{"@type":"SearchAction","target":{"@type":"EntryPoint","urlTemplate":"https:\/\/lykketegningtest.wp3.hcweb.dev\/?s={search_term_string}"},"query-input":{"@type":"PropertyValueSpecification","valueRequired":true,"valueName":"search_term_string"}}],"inLanguage":"de"},{"@type":"Organization","@id":"https:\/\/lykketegningtest.wp3.hcweb.dev\/#organization","name":"GL\u00dcCKSZEICHNUNG ILLUSTRATOR","url":"https:\/\/lykketegningtest.wp3.hcweb.dev\/","logo":{"@type":"ImageObject","inLanguage":"de","@id":"https:\/\/lykketegningtest.wp3.hcweb.dev\/#\/schema\/logo\/image\/","url":"https:\/\/lykketegningtest.wp3.hcweb.dev\/wp-content\/uploads\/2020\/03\/Logo2020_h400px.jpg","contentUrl":"https:\/\/lykketegningtest.wp3.hcweb.dev\/wp-content\/uploads\/2020\/03\/Logo2020_h400px.jpg","width":1024,"height":400,"caption":"LYKKETEGNING ILLUSTRAT\u00d8R"},"image":{"@id":"https:\/\/lykketegningtest.wp3.hcweb.dev\/#\/schema\/logo\/image\/"},"sameAs":["https:\/\/www.facebook.com\/lykketegning\/","https:\/\/www.instagram.com\/lykketegning\/","https:\/\/www.youtube.com\/@lykketegningillustrations","https:\/\/www.tiktok.com\/@lykketegningillustration"]}]}},"_links":{"self":[{"href":"https:\/\/lykketegningtest.wp3.hcweb.dev\/de\/wp-json\/wp\/v2\/pages\/2871","targetHints":{"allow":["GET"]}}],"collection":[{"href":"https:\/\/lykketegningtest.wp3.hcweb.dev\/de\/wp-json\/wp\/v2\/pages"}],"about":[{"href":"https:\/\/lykketegningtest.wp3.hcweb.dev\/de\/wp-json\/wp\/v2\/types\/page"}],"author":[{"embeddable":true,"href":"https:\/\/lykketegningtest.wp3.hcweb.dev\/de\/wp-json\/wp\/v2\/users\/2008"}],"replies":[{"embeddable":true,"href":"https:\/\/lykketegningtest.wp3.hcweb.dev\/de\/wp-json\/wp\/v2\/comments?post=2871"}],"version-history":[{"count":0,"href":"https:\/\/lykketegningtest.wp3.hcweb.dev\/de\/wp-json\/wp\/v2\/pages\/2871\/revisions"}],"wp:attachment":[{"href":"https:\/\/lykketegningtest.wp3.hcweb.dev\/de\/wp-json\/wp\/v2\/media?parent=2871"}],"curies":[{"name":"wp","href":"https:\/\/api.w.org\/{rel}","templated":true}]}}