{"id":36406,"date":"2024-04-10T11:40:49","date_gmt":"2024-04-10T09:40:49","guid":{"rendered":"https:\/\/www-lykketegning.wp3.hcweb.dev\/fornyelse\/?page_id=36406"},"modified":"2025-05-23T10:28:05","modified_gmt":"2025-05-23T08:28:05","slug":"personlige-tegninger","status":"publish","type":"page","link":"https:\/\/lykketegningtest.wp3.hcweb.dev\/de\/personlige-tegninger\/","title":{"rendered":"Personalisierte Zeichnungen"},"content":{"rendered":"<form role=\"search\" action=\"https:\/\/lykketegningtest.wp3.hcweb.dev\/de\/\" method=\"get\" aria-label=\"Suchformular\" data-trp-original-action=\"https:\/\/lykketegningtest.wp3.hcweb.dev\">\n\t\t\t\t\t\t\t\t\t\tSuche\n\t\t\t\t\t\t\t\t\t\t<label for=\"pp-search-form__input-\">\n\t\t\t\tSuche\t\t\t<\/label>\n\t\t\t<input id=\"pp-search-form__input-\"  placeholder=\"Suche\" type=\"search\" name=\"s\" title=\"Suche\" value=\"\"\/>\n\t\t\t<input type=\"hidden\" name=\"trp-form-language\" value=\"de\"\/><\/form>\n\t<nav id=\"breadcrumbs\" aria-label=\"Breadcrumbs\"><a href=\"https:\/\/lykketegningtest.wp3.hcweb.dev\/de\/\">Hauptseite<\/a> \u00bb Personlige tegninger<\/nav><h2>\n\t\t\tPersonalisierte Zeichnung\t<\/h2>\n<h3>\n\t\t\tBestellen Sie Ihre ganz pers\u00f6nliche Illustration. Tolle Geschenke f\u00fcr Hochzeiten und andere Feste.\t<\/h3>\n\t<p>Ich muss die Haarfarbe\/den Haartyp, die Gr\u00f6\u00dfe, die Interessen und die gew\u00fcnschte Anzahl der abgebildeten Personen kennen. Alle Zitate, die Sie einf\u00fcgen m\u00f6chten.<\/p>\n<p>Sie k\u00f6nnen per Post an post@lykketegning.no gesendet werden oder Sie k\u00f6nnen bestellen <a href=\"https:\/\/lykketegningtest.wp3.hcweb.dev\/de\/produkt\/personlige-illustrasjoner\/\">direkt hier.\u00a0<\/a><\/p>\n<h4>\n\t\t\tPreise\t<\/h4>\n\t\t\t<h3> NOK 1500,-<\/h3> <p>A4 und A5 mit bis zu 5 Personen\/Tieren. <br \/>(Zus\u00e4tzliche Kosten f\u00fcr mehrere.)<\/p>\t\t\n\t\t\t<h3> NOK 2000,-<\/h3> <p>A3 ex. Porto<\/p>\t\t\n\t\t\t<a href=\"mailto:post@lykketegning.no\" target=\"_blank\" rel=\"noopener\">\n\t\t\t\t\t\t\tBestellung per E-Mail\n\t\t\t<\/a>\n\t\t\t\t<img decoding=\"async\" src=\"https:\/\/lykketegningtest.wp3.hcweb.dev\/wp-content\/uploads\/2025\/04\/h3a327209-06-2019-205357-752375050200.jpg\" alt=\"Lykketegning personlige tegninger\" itemprop=\"image\" height=\"667\" width=\"1000\" title=\"Gl\u00fcckszeichnung personalisierte Zeichnungen\" onerror=\"this.style.display='none'\" loading='lazy' \/>","protected":false},"excerpt":{"rendered":"<p>Suche Suche Startseite \" Personalisierte Zeichnungen Personalisierte Zeichnung Bestellen Sie Ihre ganz pers\u00f6nliche Illustration nach Ma\u00df. Tolle Geschenke f\u00fcr Hochzeiten und andere Feste. Ich ben\u00f6tige Ihre Haarfarbe\/ Ihren Haartyp, Ihre Gr\u00f6\u00dfe, Ihre Interessen und die gew\u00fcnschte Anzahl der abgebildeten Personen. Eventuelle Zitate, die Sie einf\u00fcgen m\u00f6chten. Mails k\u00f6nnen an post@lykketegning.no gesendet werden oder Sie k\u00f6nnen direkt hier bestellen.  Preise NOK 1500,- A4 und...<\/p>","protected":false},"author":2008,"featured_media":0,"parent":0,"menu_order":0,"comment_status":"closed","ping_status":"closed","template":"","meta":{"footnotes":""},"class_list":["post-36406","page","type-page","status-publish","hentry"],"yoast_head":"<!-- This site is optimized with the Yoast SEO plugin v27.5 - https:\/\/yoast.com\/product\/yoast-seo-wordpress\/ -->\n<title>Personlige tegninger - LYKKETEGNING ILLUSTRAT\u00d8R<\/title>\n<meta name=\"robots\" content=\"noindex, follow, max-snippet:-1, max-image-preview:large, max-video-preview:-1\" \/>\n<meta property=\"og:locale\" content=\"de_DE\" \/>\n<meta property=\"og:type\" content=\"article\" \/>\n<meta property=\"og:title\" content=\"Personlige tegninger - LYKKETEGNING ILLUSTRAT\u00d8R\" \/>\n<meta property=\"og:description\" content=\"Search S\u00f8k Hjem \u00bb Personlige tegninger Personlig tegning Bestill en helt egen spesiallaget illustrasjon. Flotte gaver til bryllup og andre selskaper. Jeg trenger \u00e5 vite h\u00e5rfarge\/ h\u00e5rtype, h\u00f8yde, interesser og \u00f8nsket antall illustrerte personer. Evt sitat som \u00f8nskes med. Mail kan sendes til post@lykketegning.no eller du kan bestille direkte her.\u00a0 Priser NOK 1500,- A4 og&hellip;\" \/>\n<meta property=\"og:url\" content=\"https:\/\/lykketegningtest.wp3.hcweb.dev\/de\/personlige-tegninger\/\" \/>\n<meta property=\"og:site_name\" content=\"LYKKETEGNING ILLUSTRAT\u00d8R\" \/>\n<meta property=\"article:publisher\" content=\"https:\/\/www.facebook.com\/lykketegning\/\" \/>\n<meta property=\"article:modified_time\" content=\"2025-05-23T08:28:05+00:00\" \/>\n<meta property=\"og:image\" content=\"https:\/\/lykketegningtest.wp3.hcweb.dev\/wp-content\/uploads\/2025\/04\/h3a327209-06-2019-205357-752375050200.jpg\" \/>\n<meta name=\"twitter:card\" content=\"summary_large_image\" \/>\n<script type=\"application\/ld+json\" class=\"yoast-schema-graph\">{\"@context\":\"https:\\\/\\\/schema.org\",\"@graph\":[{\"@type\":\"WebPage\",\"@id\":\"https:\\\/\\\/lykketegningtest.wp3.hcweb.dev\\\/personlige-tegninger\\\/\",\"url\":\"https:\\\/\\\/lykketegningtest.wp3.hcweb.dev\\\/personlige-tegninger\\\/\",\"name\":\"Personlige tegninger - LYKKETEGNING ILLUSTRAT\u00d8R\",\"isPartOf\":{\"@id\":\"https:\\\/\\\/lykketegningtest.wp3.hcweb.dev\\\/#website\"},\"primaryImageOfPage\":{\"@id\":\"https:\\\/\\\/lykketegningtest.wp3.hcweb.dev\\\/personlige-tegninger\\\/#primaryimage\"},\"image\":{\"@id\":\"https:\\\/\\\/lykketegningtest.wp3.hcweb.dev\\\/personlige-tegninger\\\/#primaryimage\"},\"thumbnailUrl\":\"https:\\\/\\\/lykketegningtest.wp3.hcweb.dev\\\/wp-content\\\/uploads\\\/2025\\\/04\\\/h3a327209-06-2019-205357-752375050200.jpg\",\"datePublished\":\"2024-04-10T09:40:49+00:00\",\"dateModified\":\"2025-05-23T08:28:05+00:00\",\"breadcrumb\":{\"@id\":\"https:\\\/\\\/lykketegningtest.wp3.hcweb.dev\\\/personlige-tegninger\\\/#breadcrumb\"},\"inLanguage\":\"de\",\"potentialAction\":[{\"@type\":\"ReadAction\",\"target\":[\"https:\\\/\\\/lykketegningtest.wp3.hcweb.dev\\\/personlige-tegninger\\\/\"]}]},{\"@type\":\"ImageObject\",\"inLanguage\":\"de\",\"@id\":\"https:\\\/\\\/lykketegningtest.wp3.hcweb.dev\\\/personlige-tegninger\\\/#primaryimage\",\"url\":\"https:\\\/\\\/lykketegningtest.wp3.hcweb.dev\\\/wp-content\\\/uploads\\\/2025\\\/04\\\/h3a327209-06-2019-205357-752375050200.jpg\",\"contentUrl\":\"https:\\\/\\\/lykketegningtest.wp3.hcweb.dev\\\/wp-content\\\/uploads\\\/2025\\\/04\\\/h3a327209-06-2019-205357-752375050200.jpg\"},{\"@type\":\"BreadcrumbList\",\"@id\":\"https:\\\/\\\/lykketegningtest.wp3.hcweb.dev\\\/personlige-tegninger\\\/#breadcrumb\",\"itemListElement\":[{\"@type\":\"ListItem\",\"position\":1,\"name\":\"Hjem\",\"item\":\"https:\\\/\\\/lykketegningtest.wp3.hcweb.dev\\\/\"},{\"@type\":\"ListItem\",\"position\":2,\"name\":\"Personlige tegninger\"}]},{\"@type\":\"WebSite\",\"@id\":\"https:\\\/\\\/lykketegningtest.wp3.hcweb.dev\\\/#website\",\"url\":\"https:\\\/\\\/lykketegningtest.wp3.hcweb.dev\\\/\",\"name\":\"LYKKETEGNING ILLUSTRAT\u00d8R\",\"description\":\"\",\"publisher\":{\"@id\":\"https:\\\/\\\/lykketegningtest.wp3.hcweb.dev\\\/#organization\"},\"potentialAction\":[{\"@type\":\"SearchAction\",\"target\":{\"@type\":\"EntryPoint\",\"urlTemplate\":\"https:\\\/\\\/lykketegningtest.wp3.hcweb.dev\\\/?s={search_term_string}\"},\"query-input\":{\"@type\":\"PropertyValueSpecification\",\"valueRequired\":true,\"valueName\":\"search_term_string\"}}],\"inLanguage\":\"de\"},{\"@type\":\"Organization\",\"@id\":\"https:\\\/\\\/lykketegningtest.wp3.hcweb.dev\\\/#organization\",\"name\":\"LYKKETEGNING ILLUSTRAT\u00d8R\",\"url\":\"https:\\\/\\\/lykketegningtest.wp3.hcweb.dev\\\/\",\"logo\":{\"@type\":\"ImageObject\",\"inLanguage\":\"de\",\"@id\":\"https:\\\/\\\/lykketegningtest.wp3.hcweb.dev\\\/#\\\/schema\\\/logo\\\/image\\\/\",\"url\":\"https:\\\/\\\/lykketegningtest.wp3.hcweb.dev\\\/wp-content\\\/uploads\\\/2020\\\/03\\\/Logo2020_h400px.jpg\",\"contentUrl\":\"https:\\\/\\\/lykketegningtest.wp3.hcweb.dev\\\/wp-content\\\/uploads\\\/2020\\\/03\\\/Logo2020_h400px.jpg\",\"width\":1024,\"height\":400,\"caption\":\"LYKKETEGNING ILLUSTRAT\u00d8R\"},\"image\":{\"@id\":\"https:\\\/\\\/lykketegningtest.wp3.hcweb.dev\\\/#\\\/schema\\\/logo\\\/image\\\/\"},\"sameAs\":[\"https:\\\/\\\/www.facebook.com\\\/lykketegning\\\/\",\"https:\\\/\\\/www.instagram.com\\\/lykketegning\\\/\",\"https:\\\/\\\/www.youtube.com\\\/@lykketegningillustrations\",\"https:\\\/\\\/www.tiktok.com\\\/@lykketegningillustration\"]}]}<\/script>\n<!-- \/ Yoast SEO plugin. -->","yoast_head_json":{"title":"Personalisierte Zeichnungen - LYKKETEGNING ILLUSTRAT\u00d8R","robots":{"index":"noindex","follow":"follow","max-snippet":"max-snippet:-1","max-image-preview":"max-image-preview:large","max-video-preview":"max-video-preview:-1"},"og_locale":"de_DE","og_type":"article","og_title":"Personlige tegninger - LYKKETEGNING ILLUSTRAT\u00d8R","og_description":"Search S\u00f8k Hjem \u00bb Personlige tegninger Personlig tegning Bestill en helt egen spesiallaget illustrasjon. Flotte gaver til bryllup og andre selskaper. Jeg trenger \u00e5 vite h\u00e5rfarge\/ h\u00e5rtype, h\u00f8yde, interesser og \u00f8nsket antall illustrerte personer. Evt sitat som \u00f8nskes med. Mail kan sendes til post@lykketegning.no eller du kan bestille direkte her.\u00a0 Priser NOK 1500,- A4 og&hellip;","og_url":"https:\/\/lykketegningtest.wp3.hcweb.dev\/de\/personlige-tegninger\/","og_site_name":"LYKKETEGNING ILLUSTRAT\u00d8R","article_publisher":"https:\/\/www.facebook.com\/lykketegning\/","article_modified_time":"2025-05-23T08:28:05+00:00","og_image":[{"url":"https:\/\/lykketegningtest.wp3.hcweb.dev\/wp-content\/uploads\/2025\/04\/h3a327209-06-2019-205357-752375050200.jpg","type":"","width":"","height":""}],"twitter_card":"summary_large_image","schema":{"@context":"https:\/\/schema.org","@graph":[{"@type":"WebPage","@id":"https:\/\/lykketegningtest.wp3.hcweb.dev\/personlige-tegninger\/","url":"https:\/\/lykketegningtest.wp3.hcweb.dev\/personlige-tegninger\/","name":"Personalisierte Zeichnungen - LYKKETEGNING ILLUSTRAT\u00d8R","isPartOf":{"@id":"https:\/\/lykketegningtest.wp3.hcweb.dev\/#website"},"primaryImageOfPage":{"@id":"https:\/\/lykketegningtest.wp3.hcweb.dev\/personlige-tegninger\/#primaryimage"},"image":{"@id":"https:\/\/lykketegningtest.wp3.hcweb.dev\/personlige-tegninger\/#primaryimage"},"thumbnailUrl":"https:\/\/lykketegningtest.wp3.hcweb.dev\/wp-content\/uploads\/2025\/04\/h3a327209-06-2019-205357-752375050200.jpg","datePublished":"2024-04-10T09:40:49+00:00","dateModified":"2025-05-23T08:28:05+00:00","breadcrumb":{"@id":"https:\/\/lykketegningtest.wp3.hcweb.dev\/personlige-tegninger\/#breadcrumb"},"inLanguage":"de","potentialAction":[{"@type":"ReadAction","target":["https:\/\/lykketegningtest.wp3.hcweb.dev\/personlige-tegninger\/"]}]},{"@type":"ImageObject","inLanguage":"de","@id":"https:\/\/lykketegningtest.wp3.hcweb.dev\/personlige-tegninger\/#primaryimage","url":"https:\/\/lykketegningtest.wp3.hcweb.dev\/wp-content\/uploads\/2025\/04\/h3a327209-06-2019-205357-752375050200.jpg","contentUrl":"https:\/\/lykketegningtest.wp3.hcweb.dev\/wp-content\/uploads\/2025\/04\/h3a327209-06-2019-205357-752375050200.jpg"},{"@type":"BreadcrumbList","@id":"https:\/\/lykketegningtest.wp3.hcweb.dev\/personlige-tegninger\/#breadcrumb","itemListElement":[{"@type":"ListItem","position":1,"name":"Hjem","item":"https:\/\/lykketegningtest.wp3.hcweb.dev\/"},{"@type":"ListItem","position":2,"name":"Personlige tegninger"}]},{"@type":"WebSite","@id":"https:\/\/lykketegningtest.wp3.hcweb.dev\/#website","url":"https:\/\/lykketegningtest.wp3.hcweb.dev\/","name":"GL\u00dcCKSZEICHNUNG ILLUSTRATOR","description":"","publisher":{"@id":"https:\/\/lykketegningtest.wp3.hcweb.dev\/#organization"},"potentialAction":[{"@type":"SearchAction","target":{"@type":"EntryPoint","urlTemplate":"https:\/\/lykketegningtest.wp3.hcweb.dev\/?s={search_term_string}"},"query-input":{"@type":"PropertyValueSpecification","valueRequired":true,"valueName":"search_term_string"}}],"inLanguage":"de"},{"@type":"Organization","@id":"https:\/\/lykketegningtest.wp3.hcweb.dev\/#organization","name":"GL\u00dcCKSZEICHNUNG ILLUSTRATOR","url":"https:\/\/lykketegningtest.wp3.hcweb.dev\/","logo":{"@type":"ImageObject","inLanguage":"de","@id":"https:\/\/lykketegningtest.wp3.hcweb.dev\/#\/schema\/logo\/image\/","url":"https:\/\/lykketegningtest.wp3.hcweb.dev\/wp-content\/uploads\/2020\/03\/Logo2020_h400px.jpg","contentUrl":"https:\/\/lykketegningtest.wp3.hcweb.dev\/wp-content\/uploads\/2020\/03\/Logo2020_h400px.jpg","width":1024,"height":400,"caption":"LYKKETEGNING ILLUSTRAT\u00d8R"},"image":{"@id":"https:\/\/lykketegningtest.wp3.hcweb.dev\/#\/schema\/logo\/image\/"},"sameAs":["https:\/\/www.facebook.com\/lykketegning\/","https:\/\/www.instagram.com\/lykketegning\/","https:\/\/www.youtube.com\/@lykketegningillustrations","https:\/\/www.tiktok.com\/@lykketegningillustration"]}]}},"_links":{"self":[{"href":"https:\/\/lykketegningtest.wp3.hcweb.dev\/de\/wp-json\/wp\/v2\/pages\/36406","targetHints":{"allow":["GET"]}}],"collection":[{"href":"https:\/\/lykketegningtest.wp3.hcweb.dev\/de\/wp-json\/wp\/v2\/pages"}],"about":[{"href":"https:\/\/lykketegningtest.wp3.hcweb.dev\/de\/wp-json\/wp\/v2\/types\/page"}],"author":[{"embeddable":true,"href":"https:\/\/lykketegningtest.wp3.hcweb.dev\/de\/wp-json\/wp\/v2\/users\/2008"}],"replies":[{"embeddable":true,"href":"https:\/\/lykketegningtest.wp3.hcweb.dev\/de\/wp-json\/wp\/v2\/comments?post=36406"}],"version-history":[{"count":0,"href":"https:\/\/lykketegningtest.wp3.hcweb.dev\/de\/wp-json\/wp\/v2\/pages\/36406\/revisions"}],"wp:attachment":[{"href":"https:\/\/lykketegningtest.wp3.hcweb.dev\/de\/wp-json\/wp\/v2\/media?parent=36406"}],"curies":[{"name":"wp","href":"https:\/\/api.w.org\/{rel}","templated":true}]}}