{"id":28619,"date":"2020-08-30T21:05:43","date_gmt":"2020-08-30T19:05:43","guid":{"rendered":"https:\/\/www-lykketegning.wp3.hcweb.dev\/?post_type=product&#038;p=28619"},"modified":"2024-05-02T11:13:19","modified_gmt":"2024-05-02T09:13:19","slug":"hoodie-dance-like-no-one-is-watching","status":"publish","type":"product","link":"https:\/\/lykketegningtest.wp3.hcweb.dev\/de\/produkt\/hoodie-dance-like-no-one-is-watching\/","title":{"rendered":"Hoodie; \"Tanzen, als ob niemand zuschaut\""},"content":{"rendered":"<p>M\u00f6chten Sie diesen bequemen Pullover mit Kapuze? W\u00e4hlen Sie zwischen verschiedenen Farben und tanzen Sie, als ob niemand zuschaut!<\/p>\n<p>Sei verr\u00fcckt, sei frei!<\/p>\n<p>&nbsp;<\/p>\n<p>2 Wochen Lieferzeit. Der Artikel kann nicht umgetauscht werden, da die Pullover nach der gew\u00fcnschten Gr\u00f6\u00dfe und dem gew\u00fcnschten Design bestellt werden.<\/p>\n<p>65% Polyester, 35% Baumwolle<\/p>\n<p>280 g\/m2<\/p>\n<p>Nicht im Trockner trocknen.<\/p>","protected":false},"excerpt":{"rendered":"<p>M\u00f6chten Sie diesen bequemen Pullover? W\u00e4hlen Sie zwischen verschiedenen Farben und tanzen Sie, als ob niemand zuschaut!<\/p>\n<p>Sei verr\u00fcckt, sei frei!<\/p>\n<p>Der Artikel kann nicht umgetauscht werden, da die Pullover nach der gew\u00fcnschten Gr\u00f6\u00dfe und dem gew\u00fcnschten Design bestellt werden.<\/p>\n<p>&nbsp;<\/p>\n<p>65% Polyester, 35% Baumwolle<\/p>\n<p>280 g\/m2<\/p>","protected":false},"featured_media":28601,"comment_status":"open","ping_status":"closed","template":"","meta":[],"product_brand":[],"product_cat":[202,169],"product_tag":[205,203,204],"class_list":{"0":"post-28619","1":"product","2":"type-product","3":"status-publish","4":"has-post-thumbnail","6":"product_cat-klaer-med-trykk","7":"product_cat-trykk","8":"product_tag-genser","9":"product_tag-hettegenser","10":"product_tag-hoodie","12":"first","13":"instock","14":"taxable","15":"shipping-taxable","16":"purchasable","17":"product-type-variable"},"yoast_head":"<!-- This site is optimized with the Yoast SEO plugin v27.5 - https:\/\/yoast.com\/product\/yoast-seo-wordpress\/ -->\n<title>Hoodie ; &quot;Dance like no one is watching&quot; - LYKKETEGNING ILLUSTRAT\u00d8R<\/title>\n<meta name=\"robots\" content=\"noindex, follow, max-snippet:-1, max-image-preview:large, max-video-preview:-1\" \/>\n<meta property=\"og:locale\" content=\"de_DE\" \/>\n<meta property=\"og:type\" content=\"article\" \/>\n<meta property=\"og:title\" content=\"Hoodie ; &quot;Dance like no one is watching&quot; - LYKKETEGNING ILLUSTRAT\u00d8R\" \/>\n<meta property=\"og:description\" content=\"Would you like this comfy sweater? Choose between different colors and dance like no one is watching!  Be crazy, be free!  Varen kan ikke byttes da det blir bestilt gensere etter \u00f8nsket str og motiv.  &nbsp;  65% polyester, 35% cotton  280 g\/m2\" \/>\n<meta property=\"og:url\" content=\"https:\/\/lykketegningtest.wp3.hcweb.dev\/de\/product-2\/sudadera-con-capucha-baila-como-si-nadie-te-viera\/\" \/>\n<meta property=\"og:site_name\" content=\"LYKKETEGNING ILLUSTRAT\u00d8R\" \/>\n<meta property=\"article:publisher\" content=\"https:\/\/www.facebook.com\/lykketegning\/\" \/>\n<meta property=\"article:modified_time\" content=\"2024-05-02T09:13:19+00:00\" \/>\n<meta property=\"og:image\" content=\"https:\/\/www.lykketegning.no\/wp-content\/uploads\/2020\/08\/IMG_6857-scaled.jpg\" \/>\n\t<meta property=\"og:image:width\" content=\"1920\" \/>\n\t<meta property=\"og:image:height\" content=\"2560\" \/>\n\t<meta property=\"og:image:type\" content=\"image\/jpeg\" \/>\n<meta name=\"twitter:card\" content=\"summary_large_image\" \/>\n<meta name=\"twitter:label1\" content=\"Gesch\u00e4tzte Lesezeit\" \/>\n\t<meta name=\"twitter:data1\" content=\"1\u00a0Minute\" \/>\n<script type=\"application\/ld+json\" class=\"yoast-schema-graph\">{\"@context\":\"https:\\\/\\\/schema.org\",\"@graph\":[{\"@type\":\"WebPage\",\"@id\":\"https:\\\/\\\/lykketegningtest.wp3.hcweb.dev\\\/es\\\/product-2\\\/sudadera-con-capucha-baila-como-si-nadie-te-viera\\\/\",\"url\":\"https:\\\/\\\/lykketegningtest.wp3.hcweb.dev\\\/es\\\/product-2\\\/sudadera-con-capucha-baila-como-si-nadie-te-viera\\\/\",\"name\":\"Hoodie ; \\\"Dance like no one is watching\\\" - LYKKETEGNING ILLUSTRAT\u00d8R\",\"isPartOf\":{\"@id\":\"https:\\\/\\\/lykketegningtest.wp3.hcweb.dev\\\/#website\"},\"primaryImageOfPage\":{\"@id\":\"https:\\\/\\\/lykketegningtest.wp3.hcweb.dev\\\/es\\\/product-2\\\/sudadera-con-capucha-baila-como-si-nadie-te-viera\\\/#primaryimage\"},\"image\":{\"@id\":\"https:\\\/\\\/lykketegningtest.wp3.hcweb.dev\\\/es\\\/product-2\\\/sudadera-con-capucha-baila-como-si-nadie-te-viera\\\/#primaryimage\"},\"thumbnailUrl\":\"https:\\\/\\\/lykketegningtest.wp3.hcweb.dev\\\/wp-content\\\/uploads\\\/2020\\\/08\\\/IMG_6857-scaled.jpg\",\"datePublished\":\"2020-08-30T19:05:43+00:00\",\"dateModified\":\"2024-05-02T09:13:19+00:00\",\"breadcrumb\":{\"@id\":\"https:\\\/\\\/lykketegningtest.wp3.hcweb.dev\\\/es\\\/product-2\\\/sudadera-con-capucha-baila-como-si-nadie-te-viera\\\/#breadcrumb\"},\"inLanguage\":\"de\",\"potentialAction\":[{\"@type\":\"ReadAction\",\"target\":[\"https:\\\/\\\/lykketegningtest.wp3.hcweb.dev\\\/es\\\/product-2\\\/sudadera-con-capucha-baila-como-si-nadie-te-viera\\\/\"]}]},{\"@type\":\"ImageObject\",\"inLanguage\":\"de\",\"@id\":\"https:\\\/\\\/lykketegningtest.wp3.hcweb.dev\\\/es\\\/product-2\\\/sudadera-con-capucha-baila-como-si-nadie-te-viera\\\/#primaryimage\",\"url\":\"https:\\\/\\\/lykketegningtest.wp3.hcweb.dev\\\/wp-content\\\/uploads\\\/2020\\\/08\\\/IMG_6857-scaled.jpg\",\"contentUrl\":\"https:\\\/\\\/lykketegningtest.wp3.hcweb.dev\\\/wp-content\\\/uploads\\\/2020\\\/08\\\/IMG_6857-scaled.jpg\",\"width\":1920,\"height\":2560},{\"@type\":\"BreadcrumbList\",\"@id\":\"https:\\\/\\\/lykketegningtest.wp3.hcweb.dev\\\/es\\\/product-2\\\/sudadera-con-capucha-baila-como-si-nadie-te-viera\\\/#breadcrumb\",\"itemListElement\":[{\"@type\":\"ListItem\",\"position\":1,\"name\":\"Hjem\",\"item\":\"https:\\\/\\\/lykketegningtest.wp3.hcweb.dev\\\/\"},{\"@type\":\"ListItem\",\"position\":2,\"name\":\"Shop\",\"item\":\"https:\\\/\\\/lykketegningtest.wp3.hcweb.dev\\\/sv\\\/webbutik\\\/\"},{\"@type\":\"ListItem\",\"position\":3,\"name\":\"Hoodie ; &#8220;Dance like no one is watching&#8221;\"}]},{\"@type\":\"WebSite\",\"@id\":\"https:\\\/\\\/lykketegningtest.wp3.hcweb.dev\\\/#website\",\"url\":\"https:\\\/\\\/lykketegningtest.wp3.hcweb.dev\\\/\",\"name\":\"LYKKETEGNING ILLUSTRAT\u00d8R\",\"description\":\"\",\"publisher\":{\"@id\":\"https:\\\/\\\/lykketegningtest.wp3.hcweb.dev\\\/#organization\"},\"potentialAction\":[{\"@type\":\"SearchAction\",\"target\":{\"@type\":\"EntryPoint\",\"urlTemplate\":\"https:\\\/\\\/lykketegningtest.wp3.hcweb.dev\\\/?s={search_term_string}\"},\"query-input\":{\"@type\":\"PropertyValueSpecification\",\"valueRequired\":true,\"valueName\":\"search_term_string\"}}],\"inLanguage\":\"de\"},{\"@type\":\"Organization\",\"@id\":\"https:\\\/\\\/lykketegningtest.wp3.hcweb.dev\\\/#organization\",\"name\":\"LYKKETEGNING ILLUSTRAT\u00d8R\",\"url\":\"https:\\\/\\\/lykketegningtest.wp3.hcweb.dev\\\/\",\"logo\":{\"@type\":\"ImageObject\",\"inLanguage\":\"de\",\"@id\":\"https:\\\/\\\/lykketegningtest.wp3.hcweb.dev\\\/#\\\/schema\\\/logo\\\/image\\\/\",\"url\":\"https:\\\/\\\/lykketegningtest.wp3.hcweb.dev\\\/wp-content\\\/uploads\\\/2020\\\/03\\\/Logo2020_h400px.jpg\",\"contentUrl\":\"https:\\\/\\\/lykketegningtest.wp3.hcweb.dev\\\/wp-content\\\/uploads\\\/2020\\\/03\\\/Logo2020_h400px.jpg\",\"width\":1024,\"height\":400,\"caption\":\"LYKKETEGNING ILLUSTRAT\u00d8R\"},\"image\":{\"@id\":\"https:\\\/\\\/lykketegningtest.wp3.hcweb.dev\\\/#\\\/schema\\\/logo\\\/image\\\/\"},\"sameAs\":[\"https:\\\/\\\/www.facebook.com\\\/lykketegning\\\/\",\"https:\\\/\\\/www.instagram.com\\\/lykketegning\\\/\",\"https:\\\/\\\/www.youtube.com\\\/@lykketegningillustrations\",\"https:\\\/\\\/www.tiktok.com\\\/@lykketegningillustration\"]}]}<\/script>\n<!-- \/ Yoast SEO plugin. -->","yoast_head_json":{"title":"Kapuzenpulli ; \"Tanzen, als ob niemand zuschaut\" - GL\u00dcCKSZEICHNUNG ILLUSTRATOR","robots":{"index":"noindex","follow":"follow","max-snippet":"max-snippet:-1","max-image-preview":"max-image-preview:large","max-video-preview":"max-video-preview:-1"},"og_locale":"de_DE","og_type":"article","og_title":"Hoodie ; \"Dance like no one is watching\" - LYKKETEGNING ILLUSTRAT\u00d8R","og_description":"Would you like this comfy sweater? Choose between different colors and dance like no one is watching!  Be crazy, be free!  Varen kan ikke byttes da det blir bestilt gensere etter \u00f8nsket str og motiv.  &nbsp;  65% polyester, 35% cotton  280 g\/m2","og_url":"https:\/\/lykketegningtest.wp3.hcweb.dev\/de\/product-2\/sudadera-con-capucha-baila-como-si-nadie-te-viera\/","og_site_name":"LYKKETEGNING ILLUSTRAT\u00d8R","article_publisher":"https:\/\/www.facebook.com\/lykketegning\/","article_modified_time":"2024-05-02T09:13:19+00:00","og_image":[{"width":1920,"height":2560,"url":"https:\/\/www.lykketegning.no\/wp-content\/uploads\/2020\/08\/IMG_6857-scaled.jpg","type":"image\/jpeg"}],"twitter_card":"summary_large_image","twitter_misc":{"Gesch\u00e4tzte Lesezeit":"1\u00a0Minute"},"schema":{"@context":"https:\/\/schema.org","@graph":[{"@type":"WebPage","@id":"https:\/\/lykketegningtest.wp3.hcweb.dev\/es\/product-2\/sudadera-con-capucha-baila-como-si-nadie-te-viera\/","url":"https:\/\/lykketegningtest.wp3.hcweb.dev\/es\/product-2\/sudadera-con-capucha-baila-como-si-nadie-te-viera\/","name":"Kapuzenpulli ; \"Tanzen, als ob niemand zuschaut\" - GL\u00dcCKSZEICHNUNG ILLUSTRATOR","isPartOf":{"@id":"https:\/\/lykketegningtest.wp3.hcweb.dev\/#website"},"primaryImageOfPage":{"@id":"https:\/\/lykketegningtest.wp3.hcweb.dev\/es\/product-2\/sudadera-con-capucha-baila-como-si-nadie-te-viera\/#primaryimage"},"image":{"@id":"https:\/\/lykketegningtest.wp3.hcweb.dev\/es\/product-2\/sudadera-con-capucha-baila-como-si-nadie-te-viera\/#primaryimage"},"thumbnailUrl":"https:\/\/lykketegningtest.wp3.hcweb.dev\/wp-content\/uploads\/2020\/08\/IMG_6857-scaled.jpg","datePublished":"2020-08-30T19:05:43+00:00","dateModified":"2024-05-02T09:13:19+00:00","breadcrumb":{"@id":"https:\/\/lykketegningtest.wp3.hcweb.dev\/es\/product-2\/sudadera-con-capucha-baila-como-si-nadie-te-viera\/#breadcrumb"},"inLanguage":"de","potentialAction":[{"@type":"ReadAction","target":["https:\/\/lykketegningtest.wp3.hcweb.dev\/es\/product-2\/sudadera-con-capucha-baila-como-si-nadie-te-viera\/"]}]},{"@type":"ImageObject","inLanguage":"de","@id":"https:\/\/lykketegningtest.wp3.hcweb.dev\/es\/product-2\/sudadera-con-capucha-baila-como-si-nadie-te-viera\/#primaryimage","url":"https:\/\/lykketegningtest.wp3.hcweb.dev\/wp-content\/uploads\/2020\/08\/IMG_6857-scaled.jpg","contentUrl":"https:\/\/lykketegningtest.wp3.hcweb.dev\/wp-content\/uploads\/2020\/08\/IMG_6857-scaled.jpg","width":1920,"height":2560},{"@type":"BreadcrumbList","@id":"https:\/\/lykketegningtest.wp3.hcweb.dev\/es\/product-2\/sudadera-con-capucha-baila-como-si-nadie-te-viera\/#breadcrumb","itemListElement":[{"@type":"ListItem","position":1,"name":"Hjem","item":"https:\/\/lykketegningtest.wp3.hcweb.dev\/"},{"@type":"ListItem","position":2,"name":"Shop","item":"https:\/\/lykketegningtest.wp3.hcweb.dev\/sv\/webbutik\/"},{"@type":"ListItem","position":3,"name":"Hoodie ; &#8220;Dance like no one is watching&#8221;"}]},{"@type":"WebSite","@id":"https:\/\/lykketegningtest.wp3.hcweb.dev\/#website","url":"https:\/\/lykketegningtest.wp3.hcweb.dev\/","name":"GL\u00dcCKSZEICHNUNG ILLUSTRATOR","description":"","publisher":{"@id":"https:\/\/lykketegningtest.wp3.hcweb.dev\/#organization"},"potentialAction":[{"@type":"SearchAction","target":{"@type":"EntryPoint","urlTemplate":"https:\/\/lykketegningtest.wp3.hcweb.dev\/?s={search_term_string}"},"query-input":{"@type":"PropertyValueSpecification","valueRequired":true,"valueName":"search_term_string"}}],"inLanguage":"de"},{"@type":"Organization","@id":"https:\/\/lykketegningtest.wp3.hcweb.dev\/#organization","name":"GL\u00dcCKSZEICHNUNG ILLUSTRATOR","url":"https:\/\/lykketegningtest.wp3.hcweb.dev\/","logo":{"@type":"ImageObject","inLanguage":"de","@id":"https:\/\/lykketegningtest.wp3.hcweb.dev\/#\/schema\/logo\/image\/","url":"https:\/\/lykketegningtest.wp3.hcweb.dev\/wp-content\/uploads\/2020\/03\/Logo2020_h400px.jpg","contentUrl":"https:\/\/lykketegningtest.wp3.hcweb.dev\/wp-content\/uploads\/2020\/03\/Logo2020_h400px.jpg","width":1024,"height":400,"caption":"LYKKETEGNING ILLUSTRAT\u00d8R"},"image":{"@id":"https:\/\/lykketegningtest.wp3.hcweb.dev\/#\/schema\/logo\/image\/"},"sameAs":["https:\/\/www.facebook.com\/lykketegning\/","https:\/\/www.instagram.com\/lykketegning\/","https:\/\/www.youtube.com\/@lykketegningillustrations","https:\/\/www.tiktok.com\/@lykketegningillustration"]}]}},"_links":{"self":[{"href":"https:\/\/lykketegningtest.wp3.hcweb.dev\/de\/wp-json\/wp\/v2\/product\/28619","targetHints":{"allow":["GET"]}}],"collection":[{"href":"https:\/\/lykketegningtest.wp3.hcweb.dev\/de\/wp-json\/wp\/v2\/product"}],"about":[{"href":"https:\/\/lykketegningtest.wp3.hcweb.dev\/de\/wp-json\/wp\/v2\/types\/product"}],"replies":[{"embeddable":true,"href":"https:\/\/lykketegningtest.wp3.hcweb.dev\/de\/wp-json\/wp\/v2\/comments?post=28619"}],"wp:featuredmedia":[{"embeddable":true,"href":"https:\/\/lykketegningtest.wp3.hcweb.dev\/de\/wp-json\/wp\/v2\/media\/28601"}],"wp:attachment":[{"href":"https:\/\/lykketegningtest.wp3.hcweb.dev\/de\/wp-json\/wp\/v2\/media?parent=28619"}],"wp:term":[{"taxonomy":"product_brand","embeddable":true,"href":"https:\/\/lykketegningtest.wp3.hcweb.dev\/de\/wp-json\/wp\/v2\/product_brand?post=28619"},{"taxonomy":"product_cat","embeddable":true,"href":"https:\/\/lykketegningtest.wp3.hcweb.dev\/de\/wp-json\/wp\/v2\/product_cat?post=28619"},{"taxonomy":"product_tag","embeddable":true,"href":"https:\/\/lykketegningtest.wp3.hcweb.dev\/de\/wp-json\/wp\/v2\/product_tag?post=28619"}],"curies":[{"name":"wp","href":"https:\/\/api.w.org\/{rel}","templated":true}]}}