{"id":36920,"date":"2025-08-21T00:03:56","date_gmt":"2025-08-20T22:03:56","guid":{"rendered":"https:\/\/www-lykketegning.wp3.hcweb.dev\/fornyelse\/?post_type=product&#038;p=36920"},"modified":"2026-05-10T21:31:19","modified_gmt":"2026-05-10T19:31:19","slug":"lykkekrus-lytt","status":"publish","type":"product","link":"https:\/\/lykketegningtest.wp3.hcweb.dev\/de\/produkt\/lykkekrus-lytt\/","title":{"rendered":"Gl\u00fccksbecher LYTT"},"content":{"rendered":"<p>&nbsp;<\/p>\n<p>\"H\u00f6r auf den Schlag deines Herzens\"<\/p>\n<p>Aus dem neuen Becher \"Lytt\" l\u00e4sst es sich herrlich trinken. Bestellen Sie jetzt und holen Sie sich Ihren eigenen Happy Mug! Ein tolles Geschenk f\u00fcr einen Freund oder f\u00fcr dich selbst! Limitierte Auflage.<\/p>\n<p>Sehen Sie sich auch die Tasse \"Lieben, genie\u00dfen, tr\u00e4umen, leben, Valentinstag und Muttertag\" an.<\/p>\n<p>Becher Hellgelb D8 H9,5 400ml Material: Porzellan<\/p>\n<p>Sp\u00fclmaschinenfest<\/p>","protected":false},"excerpt":{"rendered":"<p>Der Vorverkauf der neuen Tassen beginnt Anfang Januar.<\/p>\n<p>\"H\u00f6r auf den Schlag deines Herzens\"<\/p>\n<p>Aus dem neuen Becher \"Lytt\" l\u00e4sst es sich herrlich trinken. Bestellen Sie jetzt und holen Sie sich Ihren eigenen Happy Mug! Ein tolles Geschenk f\u00fcr einen Freund oder f\u00fcr dich selbst! Limitierte Auflage. Die Tassen werden Anfang Februar ausgeliefert.<\/p>\n<p>Sehen Sie sich auch die Tasse \"Lieben, genie\u00dfen, tr\u00e4umen, leben, Valentinstag und Muttertag\" an.<\/p>\n<p>Becher Hellgelb D8 H9,5 400ml Material: Porzellan<\/p>","protected":false},"featured_media":39704,"comment_status":"open","ping_status":"closed","template":"","meta":[],"product_brand":[],"product_cat":[41],"product_tag":[141,12,13,43],"class_list":{"0":"post-36920","1":"product","2":"type-product","3":"status-publish","4":"has-post-thumbnail","6":"product_cat-lykkekopper","7":"product_tag-drom","8":"product_tag-kopp","9":"product_tag-krus","10":"product_tag-lykkekopp","12":"first","13":"instock","14":"taxable","15":"shipping-taxable","16":"purchasable","17":"product-type-simple"},"yoast_head":"<!-- This site is optimized with the Yoast SEO plugin v27.5 - https:\/\/yoast.com\/product\/yoast-seo-wordpress\/ -->\n<title>Lykkekrus LYTT - LYKKETEGNING ILLUSTRAT\u00d8R<\/title>\n<meta name=\"robots\" content=\"noindex, follow, max-snippet:-1, max-image-preview:large, max-video-preview:-1\" \/>\n<meta property=\"og:locale\" content=\"de_DE\" \/>\n<meta property=\"og:type\" content=\"article\" \/>\n<meta property=\"og:title\" content=\"Lykkekrus LYTT - LYKKETEGNING ILLUSTRAT\u00d8R\" \/>\n<meta property=\"og:description\" content=\"Forh\u00e5ndssalg av nye krus som kommer i starten av januar.  &quot;Lytt til ditt hjertes vingeslag&quot;  Det popul\u00e6re nye kruset &quot;Lytt&quot; er nydelig \u00e5 drikke av. Bestill n\u00e5 og f\u00e5 ditt eget Lykkekrus! Flott venninnegave eller til deg selv! Begrenset opplag. Koppene kommer i starten av februar.  Sjekk ogs\u00e5 kruset &quot;Kj\u00e6rlighet, nyt, dr\u00f8m, lev, valentine og morsdag&quot;.  Krus Lys gul D8 H9,5 400ml Materiale: Porselen\" \/>\n<meta property=\"og:url\" content=\"https:\/\/lykketegningtest.wp3.hcweb.dev\/de\/produkt\/lykkekrus-lytt\/\" \/>\n<meta property=\"og:site_name\" content=\"LYKKETEGNING ILLUSTRAT\u00d8R\" \/>\n<meta property=\"article:publisher\" content=\"https:\/\/www.facebook.com\/lykketegning\/\" \/>\n<meta property=\"article:modified_time\" content=\"2026-05-10T19:31:19+00:00\" \/>\n<meta name=\"twitter:card\" content=\"summary_large_image\" \/>\n<meta name=\"twitter:label1\" content=\"Gesch\u00e4tzte Lesezeit\" \/>\n\t<meta name=\"twitter:data1\" content=\"1\u00a0Minute\" \/>\n<script type=\"application\/ld+json\" class=\"yoast-schema-graph\">{\"@context\":\"https:\\\/\\\/schema.org\",\"@graph\":[{\"@type\":\"WebPage\",\"@id\":\"https:\\\/\\\/lykketegningtest.wp3.hcweb.dev\\\/produkt\\\/lykkekrus-lytt\\\/\",\"url\":\"https:\\\/\\\/lykketegningtest.wp3.hcweb.dev\\\/produkt\\\/lykkekrus-lytt\\\/\",\"name\":\"Lykkekrus LYTT - LYKKETEGNING ILLUSTRAT\u00d8R\",\"isPartOf\":{\"@id\":\"https:\\\/\\\/lykketegningtest.wp3.hcweb.dev\\\/#website\"},\"primaryImageOfPage\":{\"@id\":\"https:\\\/\\\/lykketegningtest.wp3.hcweb.dev\\\/produkt\\\/lykkekrus-lytt\\\/#primaryimage\"},\"image\":{\"@id\":\"https:\\\/\\\/lykketegningtest.wp3.hcweb.dev\\\/produkt\\\/lykkekrus-lytt\\\/#primaryimage\"},\"thumbnailUrl\":\"https:\\\/\\\/lykketegningtest.wp3.hcweb.dev\\\/wp-content\\\/uploads\\\/2023\\\/09\\\/IMG_7229-scaled.jpg\",\"datePublished\":\"2025-08-20T22:03:56+00:00\",\"dateModified\":\"2026-05-10T19:31:19+00:00\",\"breadcrumb\":{\"@id\":\"https:\\\/\\\/lykketegningtest.wp3.hcweb.dev\\\/produkt\\\/lykkekrus-lytt\\\/#breadcrumb\"},\"inLanguage\":\"de\",\"potentialAction\":[{\"@type\":\"ReadAction\",\"target\":[\"https:\\\/\\\/lykketegningtest.wp3.hcweb.dev\\\/produkt\\\/lykkekrus-lytt\\\/\"]}]},{\"@type\":\"ImageObject\",\"inLanguage\":\"de\",\"@id\":\"https:\\\/\\\/lykketegningtest.wp3.hcweb.dev\\\/produkt\\\/lykkekrus-lytt\\\/#primaryimage\",\"url\":\"https:\\\/\\\/lykketegningtest.wp3.hcweb.dev\\\/wp-content\\\/uploads\\\/2023\\\/09\\\/IMG_7229-scaled.jpg\",\"contentUrl\":\"https:\\\/\\\/lykketegningtest.wp3.hcweb.dev\\\/wp-content\\\/uploads\\\/2023\\\/09\\\/IMG_7229-scaled.jpg\",\"width\":2560,\"height\":2560},{\"@type\":\"BreadcrumbList\",\"@id\":\"https:\\\/\\\/lykketegningtest.wp3.hcweb.dev\\\/produkt\\\/lykkekrus-lytt\\\/#breadcrumb\",\"itemListElement\":[{\"@type\":\"ListItem\",\"position\":1,\"name\":\"Hjem\",\"item\":\"https:\\\/\\\/lykketegningtest.wp3.hcweb.dev\\\/\"},{\"@type\":\"ListItem\",\"position\":2,\"name\":\"Shop\",\"item\":\"https:\\\/\\\/lykketegningtest.wp3.hcweb.dev\\\/sv\\\/webbutik\\\/\"},{\"@type\":\"ListItem\",\"position\":3,\"name\":\"Lykkekrus LYTT\"}]},{\"@type\":\"WebSite\",\"@id\":\"https:\\\/\\\/lykketegningtest.wp3.hcweb.dev\\\/#website\",\"url\":\"https:\\\/\\\/lykketegningtest.wp3.hcweb.dev\\\/\",\"name\":\"LYKKETEGNING ILLUSTRAT\u00d8R\",\"description\":\"\",\"publisher\":{\"@id\":\"https:\\\/\\\/lykketegningtest.wp3.hcweb.dev\\\/#organization\"},\"potentialAction\":[{\"@type\":\"SearchAction\",\"target\":{\"@type\":\"EntryPoint\",\"urlTemplate\":\"https:\\\/\\\/lykketegningtest.wp3.hcweb.dev\\\/?s={search_term_string}\"},\"query-input\":{\"@type\":\"PropertyValueSpecification\",\"valueRequired\":true,\"valueName\":\"search_term_string\"}}],\"inLanguage\":\"de\"},{\"@type\":\"Organization\",\"@id\":\"https:\\\/\\\/lykketegningtest.wp3.hcweb.dev\\\/#organization\",\"name\":\"LYKKETEGNING ILLUSTRAT\u00d8R\",\"url\":\"https:\\\/\\\/lykketegningtest.wp3.hcweb.dev\\\/\",\"logo\":{\"@type\":\"ImageObject\",\"inLanguage\":\"de\",\"@id\":\"https:\\\/\\\/lykketegningtest.wp3.hcweb.dev\\\/#\\\/schema\\\/logo\\\/image\\\/\",\"url\":\"https:\\\/\\\/lykketegningtest.wp3.hcweb.dev\\\/wp-content\\\/uploads\\\/2020\\\/03\\\/Logo2020_h400px.jpg\",\"contentUrl\":\"https:\\\/\\\/lykketegningtest.wp3.hcweb.dev\\\/wp-content\\\/uploads\\\/2020\\\/03\\\/Logo2020_h400px.jpg\",\"width\":1024,\"height\":400,\"caption\":\"LYKKETEGNING ILLUSTRAT\u00d8R\"},\"image\":{\"@id\":\"https:\\\/\\\/lykketegningtest.wp3.hcweb.dev\\\/#\\\/schema\\\/logo\\\/image\\\/\"},\"sameAs\":[\"https:\\\/\\\/www.facebook.com\\\/lykketegning\\\/\",\"https:\\\/\\\/www.instagram.com\\\/lykketegning\\\/\",\"https:\\\/\\\/www.youtube.com\\\/@lykketegningillustrations\",\"https:\\\/\\\/www.tiktok.com\\\/@lykketegningillustration\"]}]}<\/script>\n<!-- \/ Yoast SEO plugin. -->","yoast_head_json":{"title":"Gl\u00fcckliche Tasse LISTEN - HAPPY DRAWING ILLUSTRATOR","robots":{"index":"noindex","follow":"follow","max-snippet":"max-snippet:-1","max-image-preview":"max-image-preview:large","max-video-preview":"max-video-preview:-1"},"og_locale":"de_DE","og_type":"article","og_title":"Lykkekrus LYTT - LYKKETEGNING ILLUSTRAT\u00d8R","og_description":"Forh\u00e5ndssalg av nye krus som kommer i starten av januar.  \"Lytt til ditt hjertes vingeslag\"  Det popul\u00e6re nye kruset \"Lytt\" er nydelig \u00e5 drikke av. Bestill n\u00e5 og f\u00e5 ditt eget Lykkekrus! Flott venninnegave eller til deg selv! Begrenset opplag. Koppene kommer i starten av februar.  Sjekk ogs\u00e5 kruset \"Kj\u00e6rlighet, nyt, dr\u00f8m, lev, valentine og morsdag\".  Krus Lys gul D8 H9,5 400ml Materiale: Porselen","og_url":"https:\/\/lykketegningtest.wp3.hcweb.dev\/de\/produkt\/lykkekrus-lytt\/","og_site_name":"LYKKETEGNING ILLUSTRAT\u00d8R","article_publisher":"https:\/\/www.facebook.com\/lykketegning\/","article_modified_time":"2026-05-10T19:31:19+00:00","twitter_card":"summary_large_image","twitter_misc":{"Gesch\u00e4tzte Lesezeit":"1\u00a0Minute"},"schema":{"@context":"https:\/\/schema.org","@graph":[{"@type":"WebPage","@id":"https:\/\/lykketegningtest.wp3.hcweb.dev\/produkt\/lykkekrus-lytt\/","url":"https:\/\/lykketegningtest.wp3.hcweb.dev\/produkt\/lykkekrus-lytt\/","name":"Gl\u00fcckliche Tasse LISTEN - HAPPY DRAWING ILLUSTRATOR","isPartOf":{"@id":"https:\/\/lykketegningtest.wp3.hcweb.dev\/#website"},"primaryImageOfPage":{"@id":"https:\/\/lykketegningtest.wp3.hcweb.dev\/produkt\/lykkekrus-lytt\/#primaryimage"},"image":{"@id":"https:\/\/lykketegningtest.wp3.hcweb.dev\/produkt\/lykkekrus-lytt\/#primaryimage"},"thumbnailUrl":"https:\/\/lykketegningtest.wp3.hcweb.dev\/wp-content\/uploads\/2023\/09\/IMG_7229-scaled.jpg","datePublished":"2025-08-20T22:03:56+00:00","dateModified":"2026-05-10T19:31:19+00:00","breadcrumb":{"@id":"https:\/\/lykketegningtest.wp3.hcweb.dev\/produkt\/lykkekrus-lytt\/#breadcrumb"},"inLanguage":"de","potentialAction":[{"@type":"ReadAction","target":["https:\/\/lykketegningtest.wp3.hcweb.dev\/produkt\/lykkekrus-lytt\/"]}]},{"@type":"ImageObject","inLanguage":"de","@id":"https:\/\/lykketegningtest.wp3.hcweb.dev\/produkt\/lykkekrus-lytt\/#primaryimage","url":"https:\/\/lykketegningtest.wp3.hcweb.dev\/wp-content\/uploads\/2023\/09\/IMG_7229-scaled.jpg","contentUrl":"https:\/\/lykketegningtest.wp3.hcweb.dev\/wp-content\/uploads\/2023\/09\/IMG_7229-scaled.jpg","width":2560,"height":2560},{"@type":"BreadcrumbList","@id":"https:\/\/lykketegningtest.wp3.hcweb.dev\/produkt\/lykkekrus-lytt\/#breadcrumb","itemListElement":[{"@type":"ListItem","position":1,"name":"Hjem","item":"https:\/\/lykketegningtest.wp3.hcweb.dev\/"},{"@type":"ListItem","position":2,"name":"Shop","item":"https:\/\/lykketegningtest.wp3.hcweb.dev\/sv\/webbutik\/"},{"@type":"ListItem","position":3,"name":"Lykkekrus LYTT"}]},{"@type":"WebSite","@id":"https:\/\/lykketegningtest.wp3.hcweb.dev\/#website","url":"https:\/\/lykketegningtest.wp3.hcweb.dev\/","name":"GL\u00dcCKSZEICHNUNG ILLUSTRATOR","description":"","publisher":{"@id":"https:\/\/lykketegningtest.wp3.hcweb.dev\/#organization"},"potentialAction":[{"@type":"SearchAction","target":{"@type":"EntryPoint","urlTemplate":"https:\/\/lykketegningtest.wp3.hcweb.dev\/?s={search_term_string}"},"query-input":{"@type":"PropertyValueSpecification","valueRequired":true,"valueName":"search_term_string"}}],"inLanguage":"de"},{"@type":"Organization","@id":"https:\/\/lykketegningtest.wp3.hcweb.dev\/#organization","name":"GL\u00dcCKSZEICHNUNG ILLUSTRATOR","url":"https:\/\/lykketegningtest.wp3.hcweb.dev\/","logo":{"@type":"ImageObject","inLanguage":"de","@id":"https:\/\/lykketegningtest.wp3.hcweb.dev\/#\/schema\/logo\/image\/","url":"https:\/\/lykketegningtest.wp3.hcweb.dev\/wp-content\/uploads\/2020\/03\/Logo2020_h400px.jpg","contentUrl":"https:\/\/lykketegningtest.wp3.hcweb.dev\/wp-content\/uploads\/2020\/03\/Logo2020_h400px.jpg","width":1024,"height":400,"caption":"LYKKETEGNING ILLUSTRAT\u00d8R"},"image":{"@id":"https:\/\/lykketegningtest.wp3.hcweb.dev\/#\/schema\/logo\/image\/"},"sameAs":["https:\/\/www.facebook.com\/lykketegning\/","https:\/\/www.instagram.com\/lykketegning\/","https:\/\/www.youtube.com\/@lykketegningillustrations","https:\/\/www.tiktok.com\/@lykketegningillustration"]}]}},"_links":{"self":[{"href":"https:\/\/lykketegningtest.wp3.hcweb.dev\/de\/wp-json\/wp\/v2\/product\/36920","targetHints":{"allow":["GET"]}}],"collection":[{"href":"https:\/\/lykketegningtest.wp3.hcweb.dev\/de\/wp-json\/wp\/v2\/product"}],"about":[{"href":"https:\/\/lykketegningtest.wp3.hcweb.dev\/de\/wp-json\/wp\/v2\/types\/product"}],"replies":[{"embeddable":true,"href":"https:\/\/lykketegningtest.wp3.hcweb.dev\/de\/wp-json\/wp\/v2\/comments?post=36920"}],"wp:featuredmedia":[{"embeddable":true,"href":"https:\/\/lykketegningtest.wp3.hcweb.dev\/de\/wp-json\/wp\/v2\/media\/39704"}],"wp:attachment":[{"href":"https:\/\/lykketegningtest.wp3.hcweb.dev\/de\/wp-json\/wp\/v2\/media?parent=36920"}],"wp:term":[{"taxonomy":"product_brand","embeddable":true,"href":"https:\/\/lykketegningtest.wp3.hcweb.dev\/de\/wp-json\/wp\/v2\/product_brand?post=36920"},{"taxonomy":"product_cat","embeddable":true,"href":"https:\/\/lykketegningtest.wp3.hcweb.dev\/de\/wp-json\/wp\/v2\/product_cat?post=36920"},{"taxonomy":"product_tag","embeddable":true,"href":"https:\/\/lykketegningtest.wp3.hcweb.dev\/de\/wp-json\/wp\/v2\/product_tag?post=36920"}],"curies":[{"name":"wp","href":"https:\/\/api.w.org\/{rel}","templated":true}]}}