{"id":37250,"date":"2024-11-10T09:10:44","date_gmt":"2024-11-10T08:10:44","guid":{"rendered":"https:\/\/www-lykketegning.wp3.hcweb.dev\/fornyelse\/?post_type=product&#038;p=37250"},"modified":"2025-04-01T11:45:53","modified_gmt":"2025-04-01T09:45:53","slug":"lykkekopp-fra-lykketegning-harmoni","status":"publish","type":"product","link":"https:\/\/lykketegningtest.wp3.hcweb.dev\/de\/produkt\/lykkekopp-fra-lykketegning-harmoni\/","title":{"rendered":"Gl\u00fcckstasse von Happiness Drawing \"HARMONY\""},"content":{"rendered":"<p>Happiness Cup von Happiness Drawing \"HARMONY \"Was ist f\u00fcr Sie Harmonie? F\u00fcr mich ist es wahrscheinlich, wenn Ruhe eingekehrt ist. Wenn es nicht so viele Pl\u00e4ne gibt und man sich mit einer Tasse Kaffee, Tee oder Kakao zur\u00fccklehnen oder sch\u00f6ne Musik h\u00f6ren kann. Vielleicht dauert es nicht lange, aber denken Sie daran, den Moment zu genie\u00dfen, wenn er da ist.<\/p>\n<p>&nbsp;<\/p>\n<p>Sch\u00f6ne rote Farbe und perfekt f\u00fcr Weihnachtskakao oder Kaffee.<\/p>\n<p>Becher rot D7 H9 28 cl Material: Keramik<\/p>\n<p>Sp\u00fclmaschinenfest<\/p>\n<p>Beliebte Tasse mit Zitat von Lucky Drawing<\/p>\n<p>Die diesj\u00e4hrigen Weihnachtstassen sind da! Bestellen Sie sowohl \"Freude\" als auch \"Harmonie\"<\/p>\n<p>Ein tolles Weihnachtsgeschenk f\u00fcr andere oder f\u00fcr sich selbst!<\/p>\n<p>Sehen Sie sich auch die anderen Tassen wie Glede, Kos og Lykke, Ro og hygge an. Sowie die sch\u00f6nen Kuchenboxen von Lykketegning.<\/p>\n<p>&nbsp;<\/p>\n<p>&nbsp;<\/p>\n<p><strong>\"Bei Lykketegning wird jede Illustration mit viel W\u00e4rme und Sorgfalt erstellt.<\/strong><br \/>\n<strong>Mit kr\u00e4ftigen Farben, klaren Linien und guten Zitaten will Happiness Drawing Sie dazu bringen, einen Moment innezuhalten, tief durchzuatmen und dann einen guten Kurs nach vorne zu setzen.<\/strong><br \/>\n<strong>\"Die Herzen und das L\u00e4cheln sind von mir f\u00fcr dich, um dich daran zu erinnern, dass du wirklich gut bist!\"<\/strong><\/p>\n<p>&nbsp;<\/p>\n<p>Auf der Website finden Sie einige Illustrationen und andere Produkte wie Tassen, Gru\u00dfkarten und Kalender.<\/p>\n<p>Es kommen st\u00e4ndig neue Produkte hinzu. Melden Sie sich f\u00fcr den Newsletter an, um monatliche Updates zu erhalten.<\/p>\n<p>F\u00fcr <strong>viele viele viele viele<\/strong> weitere Illustrationen; besuchen Sie mein Instagram- und Facebook-Profil.<\/p>\n<p>Eigentlich sind alle Illustrationen k\u00e4uflich zu erwerben. 999 SEK f\u00fcr A4 und 1500 SEK f\u00fcr A3.<\/p>\n<p>Sie k\u00f6nnen auch Ihr eigenes Exemplar bestellen - ein tolles Geschenk f\u00fcr Hochzeiten und andere Feiern. Nehmen Sie dazu Kontakt mit dem Posteingang auf.<\/p>\n<p><em>Preis: 1500kr f\u00fcr A4 und A5 (bis zu 5 Personen\/Tier) zus\u00e4tzliche Kosten f\u00fcr mehr (bis zu 5 Personen\/Tier). A3 2000kr ex Porto. Ich muss die Haarfarbe\/den Haartyp, die Gr\u00f6\u00dfe, die Interessen und die gew\u00fcnschte Anzahl der abgebildeten Personen wissen. Alle Kostenvoranschl\u00e4ge, die Sie w\u00fcnschen, eingeschlossen.<\/em><\/p>\n<p>Wenn Sie Fragen haben, z\u00f6gern Sie nicht, mich zu kontaktieren! Wenn Sie sich \u00fcber eine m\u00f6gliche Zusammenarbeit unterhalten m\u00f6chten, schicken Sie mir bitte eine E-Mail.<\/p>\n<p>Ich freue mich, von Ihnen zu h\u00f6ren und w\u00fcnsche Ihnen einen sch\u00f6nen Tag. <a href=\"https:\/\/www.facebook.com\/lykketegning\/?locale=nb_NO\">Dies f\u00fchrt Sie zu meiner Facebook-Seite.<\/a> Und wenn Sie mir folgen wollen auf<a href=\"https:\/\/www.instagram.com\/lykketegning\/?hl=nb\"> Instagram, dann finden Sie es hier.<\/a><\/p>\n<p>K\u00fcnstler<br \/>\nIngebj\u00f8rg Rang\u00f8y Sj\u00e5land<\/p>\n<p>&nbsp;<\/p>","protected":false},"excerpt":{"rendered":"<p>Gl\u00fcckstasse von Happiness Drawing \"HARMONY\"<\/p>\n<p>Was ist f\u00fcr Sie Harmonie? F\u00fcr mich ist es wahrscheinlich, wenn Ruhe eingekehrt ist. Wenn es nicht so viele Pl\u00e4ne gibt und man sich mit einer Tasse Kaffee, Tee oder Kakao zur\u00fccklehnen oder sch\u00f6ne Musik h\u00f6ren kann. Vielleicht dauert es nicht lange, aber denken Sie daran, den Moment zu genie\u00dfen, wenn er da ist.<\/p>\n<p>Die diesj\u00e4hrigen Weihnachtstassen sind da! Bestellen Sie sowohl \"Freude\" als auch \"Harmonie\"<\/p>\n<p>Ein tolles Weihnachtsgeschenk f\u00fcr andere oder f\u00fcr sich selbst!<\/p>\n<p>Becher rot D8 H9,5 470ml Material: Keramik<\/p>\n<p>Sp\u00fclmaschinenfest<\/p>\n<p>Beliebte Tasse mit Zitat von Lucky Drawing<\/p>","protected":false},"featured_media":37247,"comment_status":"closed","ping_status":"closed","template":"","meta":[],"product_brand":[],"product_cat":[41],"product_tag":[296,159,43,121],"class_list":{"0":"post-37250","1":"product","2":"type-product","3":"status-publish","4":"has-post-thumbnail","6":"product_cat-lykkekopper","7":"product_tag-harmoni","8":"product_tag-julekopp","9":"product_tag-lykkekopp","10":"product_tag-lykkekrus","12":"first","13":"outofstock","14":"taxable","15":"shipping-taxable","16":"purchasable","17":"product-type-simple"},"yoast_head":"<!-- This site is optimized with the Yoast SEO plugin v27.6 - https:\/\/yoast.com\/product\/yoast-seo-wordpress\/ -->\n<title>Lykkekopp fra Lykketegning &quot;HARMONI&quot; - LYKKETEGNING ILLUSTRAT\u00d8R<\/title>\n<meta name=\"description\" content=\"Lykkekopp fra Lykketegning &quot;HARMONI&quot; Hva er harmoni for deg? For meg er det nok n\u00e5r roen har senket seg. N\u00e5r det ikke er s\u00e5 mange planer og man kan sette seg tilbake med en kopp kaffe, te eller kakao \u00a0eller lytte til vakker musikk. Kanskje varer det ikke s\u00e5 lenge, men husk \u00e5 nyte stunden n\u00e5r den er der.\" \/>\n<meta name=\"robots\" content=\"noindex, follow, max-snippet:-1, max-image-preview:large, max-video-preview:-1\" \/>\n<meta property=\"og:locale\" content=\"de_DE\" \/>\n<meta property=\"og:type\" content=\"article\" \/>\n<meta property=\"og:title\" content=\"Lykkekopp fra Lykketegning &quot;HARMONI&quot; - LYKKETEGNING ILLUSTRAT\u00d8R\" \/>\n<meta property=\"og:description\" content=\"Lykkekopp fra Lykketegning &quot;HARMONI&quot; Hva er harmoni for deg? For meg er det nok n\u00e5r roen har senket seg. N\u00e5r det ikke er s\u00e5 mange planer og man kan sette seg tilbake med en kopp kaffe, te eller kakao \u00a0eller lytte til vakker musikk. Kanskje varer det ikke s\u00e5 lenge, men husk \u00e5 nyte stunden n\u00e5r den er der.\" \/>\n<meta property=\"og:url\" content=\"https:\/\/lykketegningtest.wp3.hcweb.dev\/de\/product-2\/gluckstasse-aus-der-glucksziehung-harmonie\/\" \/>\n<meta property=\"og:site_name\" content=\"LYKKETEGNING ILLUSTRAT\u00d8R\" \/>\n<meta property=\"article:publisher\" content=\"https:\/\/www.facebook.com\/lykketegning\/\" \/>\n<meta property=\"article:modified_time\" content=\"2025-04-01T09:45:53+00:00\" \/>\n<meta property=\"og:image\" content=\"https:\/\/www.lykketegning.no\/wp-content\/uploads\/2024\/04\/IMG_B0CAF0A81B88-1.jpeg\" \/>\n\t<meta property=\"og:image:width\" content=\"1284\" \/>\n\t<meta property=\"og:image:height\" content=\"1424\" \/>\n\t<meta property=\"og:image:type\" content=\"image\/jpeg\" \/>\n<meta name=\"twitter:card\" content=\"summary_large_image\" \/>\n<meta name=\"twitter:label1\" content=\"Gesch\u00e4tzte Lesezeit\" \/>\n\t<meta name=\"twitter:data1\" content=\"3\u00a0Minuten\" \/>\n<script type=\"application\/ld+json\" class=\"yoast-schema-graph\">{\"@context\":\"https:\\\/\\\/schema.org\",\"@graph\":[{\"@type\":\"WebPage\",\"@id\":\"https:\\\/\\\/lykketegningtest.wp3.hcweb.dev\\\/de\\\/product-2\\\/gluckstasse-aus-der-glucksziehung-harmonie\\\/\",\"url\":\"https:\\\/\\\/lykketegningtest.wp3.hcweb.dev\\\/de\\\/product-2\\\/gluckstasse-aus-der-glucksziehung-harmonie\\\/\",\"name\":\"Lykkekopp fra Lykketegning \\\"HARMONI\\\" - LYKKETEGNING ILLUSTRAT\u00d8R\",\"isPartOf\":{\"@id\":\"https:\\\/\\\/lykketegningtest.wp3.hcweb.dev\\\/#website\"},\"primaryImageOfPage\":{\"@id\":\"https:\\\/\\\/lykketegningtest.wp3.hcweb.dev\\\/de\\\/product-2\\\/gluckstasse-aus-der-glucksziehung-harmonie\\\/#primaryimage\"},\"image\":{\"@id\":\"https:\\\/\\\/lykketegningtest.wp3.hcweb.dev\\\/de\\\/product-2\\\/gluckstasse-aus-der-glucksziehung-harmonie\\\/#primaryimage\"},\"thumbnailUrl\":\"https:\\\/\\\/lykketegningtest.wp3.hcweb.dev\\\/wp-content\\\/uploads\\\/2024\\\/04\\\/IMG_B0CAF0A81B88-1.jpeg\",\"datePublished\":\"2024-11-10T08:10:44+00:00\",\"dateModified\":\"2025-04-01T09:45:53+00:00\",\"description\":\"Lykkekopp fra Lykketegning \\\"HARMONI\\\" Hva er harmoni for deg? For meg er det nok n\u00e5r roen har senket seg. N\u00e5r det ikke er s\u00e5 mange planer og man kan sette seg tilbake med en kopp kaffe, te eller kakao \u00a0eller lytte til vakker musikk. Kanskje varer det ikke s\u00e5 lenge, men husk \u00e5 nyte stunden n\u00e5r den er der.\",\"breadcrumb\":{\"@id\":\"https:\\\/\\\/lykketegningtest.wp3.hcweb.dev\\\/de\\\/product-2\\\/gluckstasse-aus-der-glucksziehung-harmonie\\\/#breadcrumb\"},\"inLanguage\":\"de\",\"potentialAction\":[{\"@type\":\"ReadAction\",\"target\":[\"https:\\\/\\\/lykketegningtest.wp3.hcweb.dev\\\/de\\\/product-2\\\/gluckstasse-aus-der-glucksziehung-harmonie\\\/\"]}]},{\"@type\":\"ImageObject\",\"inLanguage\":\"de\",\"@id\":\"https:\\\/\\\/lykketegningtest.wp3.hcweb.dev\\\/de\\\/product-2\\\/gluckstasse-aus-der-glucksziehung-harmonie\\\/#primaryimage\",\"url\":\"https:\\\/\\\/lykketegningtest.wp3.hcweb.dev\\\/wp-content\\\/uploads\\\/2024\\\/04\\\/IMG_B0CAF0A81B88-1.jpeg\",\"contentUrl\":\"https:\\\/\\\/lykketegningtest.wp3.hcweb.dev\\\/wp-content\\\/uploads\\\/2024\\\/04\\\/IMG_B0CAF0A81B88-1.jpeg\",\"width\":1284,\"height\":1424,\"caption\":\"Lykkekopp fra Lykketegning \\\"HARMONI\\\"\"},{\"@type\":\"BreadcrumbList\",\"@id\":\"https:\\\/\\\/lykketegningtest.wp3.hcweb.dev\\\/de\\\/product-2\\\/gluckstasse-aus-der-glucksziehung-harmonie\\\/#breadcrumb\",\"itemListElement\":[{\"@type\":\"ListItem\",\"position\":1,\"name\":\"Hjem\",\"item\":\"https:\\\/\\\/lykketegningtest.wp3.hcweb.dev\\\/\"},{\"@type\":\"ListItem\",\"position\":2,\"name\":\"Shop\",\"item\":\"https:\\\/\\\/lykketegningtest.wp3.hcweb.dev\\\/sv\\\/webbutik\\\/\"},{\"@type\":\"ListItem\",\"position\":3,\"name\":\"Lykkekopp fra Lykketegning &#8220;HARMONI&#8221;\"}]},{\"@type\":\"WebSite\",\"@id\":\"https:\\\/\\\/lykketegningtest.wp3.hcweb.dev\\\/#website\",\"url\":\"https:\\\/\\\/lykketegningtest.wp3.hcweb.dev\\\/\",\"name\":\"LYKKETEGNING ILLUSTRAT\u00d8R\",\"description\":\"\",\"publisher\":{\"@id\":\"https:\\\/\\\/lykketegningtest.wp3.hcweb.dev\\\/#organization\"},\"potentialAction\":[{\"@type\":\"SearchAction\",\"target\":{\"@type\":\"EntryPoint\",\"urlTemplate\":\"https:\\\/\\\/lykketegningtest.wp3.hcweb.dev\\\/?s={search_term_string}\"},\"query-input\":{\"@type\":\"PropertyValueSpecification\",\"valueRequired\":true,\"valueName\":\"search_term_string\"}}],\"inLanguage\":\"de\"},{\"@type\":\"Organization\",\"@id\":\"https:\\\/\\\/lykketegningtest.wp3.hcweb.dev\\\/#organization\",\"name\":\"LYKKETEGNING ILLUSTRAT\u00d8R\",\"url\":\"https:\\\/\\\/lykketegningtest.wp3.hcweb.dev\\\/\",\"logo\":{\"@type\":\"ImageObject\",\"inLanguage\":\"de\",\"@id\":\"https:\\\/\\\/lykketegningtest.wp3.hcweb.dev\\\/#\\\/schema\\\/logo\\\/image\\\/\",\"url\":\"https:\\\/\\\/lykketegningtest.wp3.hcweb.dev\\\/wp-content\\\/uploads\\\/2020\\\/03\\\/Logo2020_h400px.jpg\",\"contentUrl\":\"https:\\\/\\\/lykketegningtest.wp3.hcweb.dev\\\/wp-content\\\/uploads\\\/2020\\\/03\\\/Logo2020_h400px.jpg\",\"width\":1024,\"height\":400,\"caption\":\"LYKKETEGNING ILLUSTRAT\u00d8R\"},\"image\":{\"@id\":\"https:\\\/\\\/lykketegningtest.wp3.hcweb.dev\\\/#\\\/schema\\\/logo\\\/image\\\/\"},\"sameAs\":[\"https:\\\/\\\/www.facebook.com\\\/lykketegning\\\/\",\"https:\\\/\\\/www.instagram.com\\\/lykketegning\\\/\",\"https:\\\/\\\/www.youtube.com\\\/@lykketegningillustrations\",\"https:\\\/\\\/www.tiktok.com\\\/@lykketegningillustration\"]}]}<\/script>\n<!-- \/ Yoast SEO plugin. -->","yoast_head_json":{"title":"Gl\u00fcckstasse von Happiness Drawing \"HARMONY\" - GL\u00dcCKSZEICHNUNG ILLUSTRATOR","description":"Happiness Cup von Happiness Drawing \"HARMONY\" Was ist f\u00fcr Sie Harmonie? F\u00fcr mich ist es wahrscheinlich, wenn Ruhe eingekehrt ist. Wenn es nicht so viele Pl\u00e4ne gibt und man sich mit einer Tasse Kaffee, Tee oder Kakao zur\u00fccklehnen oder sch\u00f6ne Musik h\u00f6ren kann. Vielleicht dauert es nicht lange, aber denken Sie daran, den Moment zu genie\u00dfen, wenn er da ist.","robots":{"index":"noindex","follow":"follow","max-snippet":"max-snippet:-1","max-image-preview":"max-image-preview:large","max-video-preview":"max-video-preview:-1"},"og_locale":"de_DE","og_type":"article","og_title":"Lykkekopp fra Lykketegning \"HARMONI\" - LYKKETEGNING ILLUSTRAT\u00d8R","og_description":"Lykkekopp fra Lykketegning \"HARMONI\" Hva er harmoni for deg? For meg er det nok n\u00e5r roen har senket seg. N\u00e5r det ikke er s\u00e5 mange planer og man kan sette seg tilbake med en kopp kaffe, te eller kakao \u00a0eller lytte til vakker musikk. Kanskje varer det ikke s\u00e5 lenge, men husk \u00e5 nyte stunden n\u00e5r den er der.","og_url":"https:\/\/lykketegningtest.wp3.hcweb.dev\/de\/product-2\/gluckstasse-aus-der-glucksziehung-harmonie\/","og_site_name":"LYKKETEGNING ILLUSTRAT\u00d8R","article_publisher":"https:\/\/www.facebook.com\/lykketegning\/","article_modified_time":"2025-04-01T09:45:53+00:00","og_image":[{"width":1284,"height":1424,"url":"https:\/\/www.lykketegning.no\/wp-content\/uploads\/2024\/04\/IMG_B0CAF0A81B88-1.jpeg","type":"image\/jpeg"}],"twitter_card":"summary_large_image","twitter_misc":{"Gesch\u00e4tzte Lesezeit":"3\u00a0Minuten"},"schema":{"@context":"https:\/\/schema.org","@graph":[{"@type":"WebPage","@id":"https:\/\/lykketegningtest.wp3.hcweb.dev\/de\/product-2\/gluckstasse-aus-der-glucksziehung-harmonie\/","url":"https:\/\/lykketegningtest.wp3.hcweb.dev\/de\/product-2\/gluckstasse-aus-der-glucksziehung-harmonie\/","name":"Gl\u00fcckstasse von Happiness Drawing \"HARMONY\" - GL\u00dcCKSZEICHNUNG ILLUSTRATOR","isPartOf":{"@id":"https:\/\/lykketegningtest.wp3.hcweb.dev\/#website"},"primaryImageOfPage":{"@id":"https:\/\/lykketegningtest.wp3.hcweb.dev\/de\/product-2\/gluckstasse-aus-der-glucksziehung-harmonie\/#primaryimage"},"image":{"@id":"https:\/\/lykketegningtest.wp3.hcweb.dev\/de\/product-2\/gluckstasse-aus-der-glucksziehung-harmonie\/#primaryimage"},"thumbnailUrl":"https:\/\/lykketegningtest.wp3.hcweb.dev\/wp-content\/uploads\/2024\/04\/IMG_B0CAF0A81B88-1.jpeg","datePublished":"2024-11-10T08:10:44+00:00","dateModified":"2025-04-01T09:45:53+00:00","description":"Happiness Cup von Happiness Drawing \"HARMONY\" Was ist f\u00fcr Sie Harmonie? F\u00fcr mich ist es wahrscheinlich, wenn Ruhe eingekehrt ist. Wenn es nicht so viele Pl\u00e4ne gibt und man sich mit einer Tasse Kaffee, Tee oder Kakao zur\u00fccklehnen oder sch\u00f6ne Musik h\u00f6ren kann. Vielleicht dauert es nicht lange, aber denken Sie daran, den Moment zu genie\u00dfen, wenn er da ist.","breadcrumb":{"@id":"https:\/\/lykketegningtest.wp3.hcweb.dev\/de\/product-2\/gluckstasse-aus-der-glucksziehung-harmonie\/#breadcrumb"},"inLanguage":"de","potentialAction":[{"@type":"ReadAction","target":["https:\/\/lykketegningtest.wp3.hcweb.dev\/de\/product-2\/gluckstasse-aus-der-glucksziehung-harmonie\/"]}]},{"@type":"ImageObject","inLanguage":"de","@id":"https:\/\/lykketegningtest.wp3.hcweb.dev\/de\/product-2\/gluckstasse-aus-der-glucksziehung-harmonie\/#primaryimage","url":"https:\/\/lykketegningtest.wp3.hcweb.dev\/wp-content\/uploads\/2024\/04\/IMG_B0CAF0A81B88-1.jpeg","contentUrl":"https:\/\/lykketegningtest.wp3.hcweb.dev\/wp-content\/uploads\/2024\/04\/IMG_B0CAF0A81B88-1.jpeg","width":1284,"height":1424,"caption":"Lykkekopp fra Lykketegning \"HARMONI\""},{"@type":"BreadcrumbList","@id":"https:\/\/lykketegningtest.wp3.hcweb.dev\/de\/product-2\/gluckstasse-aus-der-glucksziehung-harmonie\/#breadcrumb","itemListElement":[{"@type":"ListItem","position":1,"name":"Hjem","item":"https:\/\/lykketegningtest.wp3.hcweb.dev\/"},{"@type":"ListItem","position":2,"name":"Shop","item":"https:\/\/lykketegningtest.wp3.hcweb.dev\/sv\/webbutik\/"},{"@type":"ListItem","position":3,"name":"Lykkekopp fra Lykketegning &#8220;HARMONI&#8221;"}]},{"@type":"WebSite","@id":"https:\/\/lykketegningtest.wp3.hcweb.dev\/#website","url":"https:\/\/lykketegningtest.wp3.hcweb.dev\/","name":"GL\u00dcCKSZEICHNUNG ILLUSTRATOR","description":"","publisher":{"@id":"https:\/\/lykketegningtest.wp3.hcweb.dev\/#organization"},"potentialAction":[{"@type":"SearchAction","target":{"@type":"EntryPoint","urlTemplate":"https:\/\/lykketegningtest.wp3.hcweb.dev\/?s={search_term_string}"},"query-input":{"@type":"PropertyValueSpecification","valueRequired":true,"valueName":"search_term_string"}}],"inLanguage":"de"},{"@type":"Organization","@id":"https:\/\/lykketegningtest.wp3.hcweb.dev\/#organization","name":"GL\u00dcCKSZEICHNUNG ILLUSTRATOR","url":"https:\/\/lykketegningtest.wp3.hcweb.dev\/","logo":{"@type":"ImageObject","inLanguage":"de","@id":"https:\/\/lykketegningtest.wp3.hcweb.dev\/#\/schema\/logo\/image\/","url":"https:\/\/lykketegningtest.wp3.hcweb.dev\/wp-content\/uploads\/2020\/03\/Logo2020_h400px.jpg","contentUrl":"https:\/\/lykketegningtest.wp3.hcweb.dev\/wp-content\/uploads\/2020\/03\/Logo2020_h400px.jpg","width":1024,"height":400,"caption":"LYKKETEGNING ILLUSTRAT\u00d8R"},"image":{"@id":"https:\/\/lykketegningtest.wp3.hcweb.dev\/#\/schema\/logo\/image\/"},"sameAs":["https:\/\/www.facebook.com\/lykketegning\/","https:\/\/www.instagram.com\/lykketegning\/","https:\/\/www.youtube.com\/@lykketegningillustrations","https:\/\/www.tiktok.com\/@lykketegningillustration"]}]}},"_links":{"self":[{"href":"https:\/\/lykketegningtest.wp3.hcweb.dev\/de\/wp-json\/wp\/v2\/product\/37250","targetHints":{"allow":["GET"]}}],"collection":[{"href":"https:\/\/lykketegningtest.wp3.hcweb.dev\/de\/wp-json\/wp\/v2\/product"}],"about":[{"href":"https:\/\/lykketegningtest.wp3.hcweb.dev\/de\/wp-json\/wp\/v2\/types\/product"}],"replies":[{"embeddable":true,"href":"https:\/\/lykketegningtest.wp3.hcweb.dev\/de\/wp-json\/wp\/v2\/comments?post=37250"}],"wp:featuredmedia":[{"embeddable":true,"href":"https:\/\/lykketegningtest.wp3.hcweb.dev\/de\/wp-json\/wp\/v2\/media\/37247"}],"wp:attachment":[{"href":"https:\/\/lykketegningtest.wp3.hcweb.dev\/de\/wp-json\/wp\/v2\/media?parent=37250"}],"wp:term":[{"taxonomy":"product_brand","embeddable":true,"href":"https:\/\/lykketegningtest.wp3.hcweb.dev\/de\/wp-json\/wp\/v2\/product_brand?post=37250"},{"taxonomy":"product_cat","embeddable":true,"href":"https:\/\/lykketegningtest.wp3.hcweb.dev\/de\/wp-json\/wp\/v2\/product_cat?post=37250"},{"taxonomy":"product_tag","embeddable":true,"href":"https:\/\/lykketegningtest.wp3.hcweb.dev\/de\/wp-json\/wp\/v2\/product_tag?post=37250"}],"curies":[{"name":"wp","href":"https:\/\/api.w.org\/{rel}","templated":true}]}}