{"id":37321,"date":"2023-09-20T13:29:09","date_gmt":"2023-09-20T11:29:09","guid":{"rendered":"https:\/\/www-lykketegning.wp3.hcweb.dev\/fornyelse\/?post_type=product&#038;p=37321"},"modified":"2026-05-10T21:31:19","modified_gmt":"2026-05-10T19:31:19","slug":"nyhet-lykketegningkopp-jeg-klarer","status":"publish","type":"product","link":"https:\/\/lykketegningtest.wp3.hcweb.dev\/de\/produkt\/nyhet-lykketegningkopp-jeg-klarer\/","title":{"rendered":"Gl\u00fccksbringer-Tasse \u201cIch schaffe das\u201d Pippi"},"content":{"rendered":"<p>\"Das habe ich noch nie versucht, also kann ich es auf jeden Fall machen!\"<\/p>\n<p>Ich schaffe es!<\/p>\n<p><i>Juhu... was f\u00fcr ein fantastisches Lebensmotto!<span class=\"Apple-converted-space\">\u00a0<\/span><\/i><\/p>\n<p><i>Das Leben ver\u00e4ndert sich st\u00e4ndig, und neue Herausforderungen werden kommen.<\/i><\/p>\n<p><i><span class=\"Apple-converted-space\">\u00a0<\/span>Dann krempeln Sie einfach die \u00c4rmel hoch und seien Sie offen f\u00fcr neue Erkenntnisse!<\/i><\/p>\n<p><i>Wir dr\u00fccken Ihnen die Daumen und denken mit;<span class=\"Apple-converted-space\">\u00a0<\/span><\/i><\/p>\n<p><i>Das k\u00f6nnen Sie ganz sicher tun!<\/i><\/p>\n<p>Ingebj\u00f8rg Rang\u00f8y Sj\u00e5land<\/p>\n<p>Gl\u00fcckliche Ziehung<\/p>\n<p>Der neue \"I can do it\"-Becher ist k\u00f6stlich zum Trinken. Bestellen Sie jetzt und holen Sie sich Ihren eigenen Happy Mug! Ein tolles Geschenk f\u00fcr einen Freund oder f\u00fcr dich selbst!<\/p>\n<p>&nbsp;<\/p>\n<p>Becher Hellgr\u00fcn D8 H9,5 400ml Material: Porzellan<\/p>\n<p>Sp\u00fclmaschinenfest<\/p>\n<p>&nbsp;<\/p>\n<p>Auf der Website finden Sie einige Illustrationen und andere Produkte wie Tassen, Gru\u00dfkarten und Kalender.<\/p>\n<p>Hier werden st\u00e4ndig neue Produkte auf den Markt gebracht.<\/p>\n<p>F\u00fcr\u00a0<strong>viele viele viele viele<\/strong>\u00a0weitere Illustrationen; besuchen Sie mein Instagram- und Facebook-Profil.<\/p>\n<p>Eigentlich sind alle Illustrationen k\u00e4uflich zu erwerben. 999 SEK f\u00fcr A4 und 1500 SEK f\u00fcr A3.<\/p>\n<p>Sie k\u00f6nnen auch Ihr eigenes Exemplar bestellen - ein tolles Geschenk f\u00fcr Hochzeiten und andere Feiern. Nehmen Sie dazu Kontakt mit dem Posteingang auf.<\/p>\n<p><em>Preis: 1500kr f\u00fcr A4 und A5 (bis zu 5 Personen\/Tier) zus\u00e4tzliche Kosten f\u00fcr mehr (bis zu 5 Personen\/Tier). A3 2000kr ex Porto. Ich muss die Haarfarbe\/den Haartyp, die Gr\u00f6\u00dfe, die Interessen und die gew\u00fcnschte Anzahl der abgebildeten Personen wissen. Alle Kostenvoranschl\u00e4ge, die Sie w\u00fcnschen, eingeschlossen.<\/em><\/p>\n<p>Wenn Sie Fragen haben, z\u00f6gern Sie nicht, mich zu kontaktieren! Wenn Sie sich \u00fcber eine m\u00f6gliche Zusammenarbeit unterhalten m\u00f6chten, schicken Sie mir bitte eine E-Mail.<\/p>\n<p>Ich freue mich, von Ihnen zu h\u00f6ren und w\u00fcnsche Ihnen einen sch\u00f6nen Tag.<\/p>\n<p>K\u00fcnstler<br \/>\nIngebj\u00f8rg Rang\u00f8y Sj\u00e5land<\/p>","protected":false},"excerpt":{"rendered":"<p>\"Das habe ich noch nie versucht, also kann ich es auf jeden Fall machen!\"<\/p>\n<p>Ich schaffe es!<\/p>\n<p><i>Juhu... was f\u00fcr ein fantastisches Lebensmotto! <\/i><\/p>\n<p><i>Das Leben ver\u00e4ndert sich st\u00e4ndig, und neue Herausforderungen werden kommen.<\/i><\/p>\n<p><i> Dann krempeln Sie einfach die \u00c4rmel hoch und seien Sie offen f\u00fcr neue Erkenntnisse!<\/i><\/p>\n<p><i>Wir dr\u00fccken Ihnen die Daumen und denken mit; <\/i><\/p>\n<p><i>Das k\u00f6nnen Sie ganz sicher tun!<\/i><\/p>\n<p>Ingebj\u00f8rg Rang\u00f8y Sj\u00e5land<\/p>\n<p>Gl\u00fcckliche Ziehung<\/p>\n<p>Der neue \"I can do it\"-Becher ist k\u00f6stlich zum Trinken. Bestellen Sie jetzt und holen Sie sich Ihren eigenen Happy Mug! Ein tolles Geschenk f\u00fcr einen Freund oder f\u00fcr dich selbst!<\/p>\n<p>&nbsp;<\/p>\n<p>Becher Hellgr\u00fcn D8 H9,5 400ml Material: Porzellan<\/p>\n<p>Sp\u00fclmaschinenfest<\/p>","protected":false},"featured_media":39790,"comment_status":"open","ping_status":"closed","template":"","meta":[],"product_brand":[],"product_cat":[41],"product_tag":[332,331,12,13,68],"class_list":{"0":"post-37321","1":"product","2":"type-product","3":"status-publish","4":"has-post-thumbnail","6":"product_cat-lykkekopper","7":"product_tag-det-har-jeg-aldri-provd-for","8":"product_tag-jeg-klarer","9":"product_tag-kopp","10":"product_tag-krus","11":"product_tag-pippi","13":"first","14":"instock","15":"taxable","16":"shipping-taxable","17":"purchasable","18":"product-type-simple"},"yoast_head":"<!-- This site is optimized with the Yoast SEO plugin v27.5 - https:\/\/yoast.com\/product\/yoast-seo-wordpress\/ -->\n<title>Lykketegningkrus &quot;Jeg klarer&quot; Pippi - LYKKETEGNING ILLUSTRAT\u00d8R<\/title>\n<meta name=\"description\" content=\"Det nye kruset \u00abJeg klarer\u00bb er nydelig \u00e5 drikke av. Bestill n\u00e5 og f\u00e5 ditt eget Lykkekrus! Flott venninnegave eller til deg selv!\" \/>\n<meta name=\"robots\" content=\"noindex, follow, max-snippet:-1, max-image-preview:large, max-video-preview:-1\" \/>\n<meta property=\"og:locale\" content=\"de_DE\" \/>\n<meta property=\"og:type\" content=\"article\" \/>\n<meta property=\"og:title\" content=\"Lykketegningkrus &quot;Jeg klarer&quot; Pippi - LYKKETEGNING ILLUSTRAT\u00d8R\" \/>\n<meta property=\"og:description\" content=\"Det nye kruset \u00abJeg klarer\u00bb er nydelig \u00e5 drikke av. Bestill n\u00e5 og f\u00e5 ditt eget Lykkekrus! Flott venninnegave eller til deg selv!\" \/>\n<meta property=\"og:url\" content=\"https:\/\/lykketegningtest.wp3.hcweb.dev\/de\/product-2\/novelty-lucky-drawing-cup-i-manage\/\" \/>\n<meta property=\"og:site_name\" content=\"LYKKETEGNING ILLUSTRAT\u00d8R\" \/>\n<meta property=\"article:publisher\" content=\"https:\/\/www.facebook.com\/lykketegning\/\" \/>\n<meta property=\"article:modified_time\" content=\"2026-05-10T19:31:19+00:00\" \/>\n<meta name=\"twitter:card\" content=\"summary_large_image\" \/>\n<meta name=\"twitter:label1\" content=\"Gesch\u00e4tzte Lesezeit\" \/>\n\t<meta name=\"twitter:data1\" content=\"2\u00a0Minuten\" \/>\n<script type=\"application\/ld+json\" class=\"yoast-schema-graph\">{\"@context\":\"https:\\\/\\\/schema.org\",\"@graph\":[{\"@type\":\"WebPage\",\"@id\":\"https:\\\/\\\/lykketegningtest.wp3.hcweb.dev\\\/en\\\/product-2\\\/novelty-lucky-drawing-cup-i-manage\\\/\",\"url\":\"https:\\\/\\\/lykketegningtest.wp3.hcweb.dev\\\/en\\\/product-2\\\/novelty-lucky-drawing-cup-i-manage\\\/\",\"name\":\"Lykketegningkrus \\\"Jeg klarer\\\" Pippi - LYKKETEGNING ILLUSTRAT\u00d8R\",\"isPartOf\":{\"@id\":\"https:\\\/\\\/lykketegningtest.wp3.hcweb.dev\\\/#website\"},\"primaryImageOfPage\":{\"@id\":\"https:\\\/\\\/lykketegningtest.wp3.hcweb.dev\\\/en\\\/product-2\\\/novelty-lucky-drawing-cup-i-manage\\\/#primaryimage\"},\"image\":{\"@id\":\"https:\\\/\\\/lykketegningtest.wp3.hcweb.dev\\\/en\\\/product-2\\\/novelty-lucky-drawing-cup-i-manage\\\/#primaryimage\"},\"thumbnailUrl\":\"https:\\\/\\\/lykketegningtest.wp3.hcweb.dev\\\/wp-content\\\/uploads\\\/2024\\\/08\\\/IMG_7320-scaled.jpg\",\"datePublished\":\"2023-09-20T11:29:09+00:00\",\"dateModified\":\"2026-05-10T19:31:19+00:00\",\"description\":\"Det nye kruset \u00abJeg klarer\u00bb er nydelig \u00e5 drikke av. Bestill n\u00e5 og f\u00e5 ditt eget Lykkekrus! Flott venninnegave eller til deg selv!\",\"breadcrumb\":{\"@id\":\"https:\\\/\\\/lykketegningtest.wp3.hcweb.dev\\\/en\\\/product-2\\\/novelty-lucky-drawing-cup-i-manage\\\/#breadcrumb\"},\"inLanguage\":\"de\",\"potentialAction\":[{\"@type\":\"ReadAction\",\"target\":[\"https:\\\/\\\/lykketegningtest.wp3.hcweb.dev\\\/en\\\/product-2\\\/novelty-lucky-drawing-cup-i-manage\\\/\"]}]},{\"@type\":\"ImageObject\",\"inLanguage\":\"de\",\"@id\":\"https:\\\/\\\/lykketegningtest.wp3.hcweb.dev\\\/en\\\/product-2\\\/novelty-lucky-drawing-cup-i-manage\\\/#primaryimage\",\"url\":\"https:\\\/\\\/lykketegningtest.wp3.hcweb.dev\\\/wp-content\\\/uploads\\\/2024\\\/08\\\/IMG_7320-scaled.jpg\",\"contentUrl\":\"https:\\\/\\\/lykketegningtest.wp3.hcweb.dev\\\/wp-content\\\/uploads\\\/2024\\\/08\\\/IMG_7320-scaled.jpg\",\"width\":2560,\"height\":2560},{\"@type\":\"BreadcrumbList\",\"@id\":\"https:\\\/\\\/lykketegningtest.wp3.hcweb.dev\\\/en\\\/product-2\\\/novelty-lucky-drawing-cup-i-manage\\\/#breadcrumb\",\"itemListElement\":[{\"@type\":\"ListItem\",\"position\":1,\"name\":\"Hjem\",\"item\":\"https:\\\/\\\/lykketegningtest.wp3.hcweb.dev\\\/\"},{\"@type\":\"ListItem\",\"position\":2,\"name\":\"Shop\",\"item\":\"https:\\\/\\\/lykketegningtest.wp3.hcweb.dev\\\/sv\\\/webbutik\\\/\"},{\"@type\":\"ListItem\",\"position\":3,\"name\":\"Lykketegningkrus &#8220;Jeg klarer&#8221; Pippi\"}]},{\"@type\":\"WebSite\",\"@id\":\"https:\\\/\\\/lykketegningtest.wp3.hcweb.dev\\\/#website\",\"url\":\"https:\\\/\\\/lykketegningtest.wp3.hcweb.dev\\\/\",\"name\":\"LYKKETEGNING ILLUSTRAT\u00d8R\",\"description\":\"\",\"publisher\":{\"@id\":\"https:\\\/\\\/lykketegningtest.wp3.hcweb.dev\\\/#organization\"},\"potentialAction\":[{\"@type\":\"SearchAction\",\"target\":{\"@type\":\"EntryPoint\",\"urlTemplate\":\"https:\\\/\\\/lykketegningtest.wp3.hcweb.dev\\\/?s={search_term_string}\"},\"query-input\":{\"@type\":\"PropertyValueSpecification\",\"valueRequired\":true,\"valueName\":\"search_term_string\"}}],\"inLanguage\":\"de\"},{\"@type\":\"Organization\",\"@id\":\"https:\\\/\\\/lykketegningtest.wp3.hcweb.dev\\\/#organization\",\"name\":\"LYKKETEGNING ILLUSTRAT\u00d8R\",\"url\":\"https:\\\/\\\/lykketegningtest.wp3.hcweb.dev\\\/\",\"logo\":{\"@type\":\"ImageObject\",\"inLanguage\":\"de\",\"@id\":\"https:\\\/\\\/lykketegningtest.wp3.hcweb.dev\\\/#\\\/schema\\\/logo\\\/image\\\/\",\"url\":\"https:\\\/\\\/lykketegningtest.wp3.hcweb.dev\\\/wp-content\\\/uploads\\\/2020\\\/03\\\/Logo2020_h400px.jpg\",\"contentUrl\":\"https:\\\/\\\/lykketegningtest.wp3.hcweb.dev\\\/wp-content\\\/uploads\\\/2020\\\/03\\\/Logo2020_h400px.jpg\",\"width\":1024,\"height\":400,\"caption\":\"LYKKETEGNING ILLUSTRAT\u00d8R\"},\"image\":{\"@id\":\"https:\\\/\\\/lykketegningtest.wp3.hcweb.dev\\\/#\\\/schema\\\/logo\\\/image\\\/\"},\"sameAs\":[\"https:\\\/\\\/www.facebook.com\\\/lykketegning\\\/\",\"https:\\\/\\\/www.instagram.com\\\/lykketegning\\\/\",\"https:\\\/\\\/www.youtube.com\\\/@lykketegningillustrations\",\"https:\\\/\\\/www.tiktok.com\\\/@lykketegningillustration\"]}]}<\/script>\n<!-- \/ Yoast SEO plugin. -->","yoast_head_json":{"title":"Gl\u00fccksbecher \"Ich schaffe es\" Pippi - LUCKY DRAWING ILLUSTRATOR","description":"Der neue \"I can do it\"-Becher ist k\u00f6stlich zum Trinken. Bestellen Sie jetzt und holen Sie sich Ihren eigenen Happy Mug! Ein tolles Geschenk f\u00fcr einen Freund oder f\u00fcr dich selbst!","robots":{"index":"noindex","follow":"follow","max-snippet":"max-snippet:-1","max-image-preview":"max-image-preview:large","max-video-preview":"max-video-preview:-1"},"og_locale":"de_DE","og_type":"article","og_title":"Lykketegningkrus \"Jeg klarer\" Pippi - LYKKETEGNING ILLUSTRAT\u00d8R","og_description":"Det nye kruset \u00abJeg klarer\u00bb er nydelig \u00e5 drikke av. Bestill n\u00e5 og f\u00e5 ditt eget Lykkekrus! Flott venninnegave eller til deg selv!","og_url":"https:\/\/lykketegningtest.wp3.hcweb.dev\/de\/product-2\/novelty-lucky-drawing-cup-i-manage\/","og_site_name":"LYKKETEGNING ILLUSTRAT\u00d8R","article_publisher":"https:\/\/www.facebook.com\/lykketegning\/","article_modified_time":"2026-05-10T19:31:19+00:00","twitter_card":"summary_large_image","twitter_misc":{"Gesch\u00e4tzte Lesezeit":"2\u00a0Minuten"},"schema":{"@context":"https:\/\/schema.org","@graph":[{"@type":"WebPage","@id":"https:\/\/lykketegningtest.wp3.hcweb.dev\/en\/product-2\/novelty-lucky-drawing-cup-i-manage\/","url":"https:\/\/lykketegningtest.wp3.hcweb.dev\/en\/product-2\/novelty-lucky-drawing-cup-i-manage\/","name":"Gl\u00fccksbecher \"Ich schaffe es\" Pippi - LUCKY DRAWING ILLUSTRATOR","isPartOf":{"@id":"https:\/\/lykketegningtest.wp3.hcweb.dev\/#website"},"primaryImageOfPage":{"@id":"https:\/\/lykketegningtest.wp3.hcweb.dev\/en\/product-2\/novelty-lucky-drawing-cup-i-manage\/#primaryimage"},"image":{"@id":"https:\/\/lykketegningtest.wp3.hcweb.dev\/en\/product-2\/novelty-lucky-drawing-cup-i-manage\/#primaryimage"},"thumbnailUrl":"https:\/\/lykketegningtest.wp3.hcweb.dev\/wp-content\/uploads\/2024\/08\/IMG_7320-scaled.jpg","datePublished":"2023-09-20T11:29:09+00:00","dateModified":"2026-05-10T19:31:19+00:00","description":"Der neue \"I can do it\"-Becher ist k\u00f6stlich zum Trinken. Bestellen Sie jetzt und holen Sie sich Ihren eigenen Happy Mug! Ein tolles Geschenk f\u00fcr einen Freund oder f\u00fcr dich selbst!","breadcrumb":{"@id":"https:\/\/lykketegningtest.wp3.hcweb.dev\/en\/product-2\/novelty-lucky-drawing-cup-i-manage\/#breadcrumb"},"inLanguage":"de","potentialAction":[{"@type":"ReadAction","target":["https:\/\/lykketegningtest.wp3.hcweb.dev\/en\/product-2\/novelty-lucky-drawing-cup-i-manage\/"]}]},{"@type":"ImageObject","inLanguage":"de","@id":"https:\/\/lykketegningtest.wp3.hcweb.dev\/en\/product-2\/novelty-lucky-drawing-cup-i-manage\/#primaryimage","url":"https:\/\/lykketegningtest.wp3.hcweb.dev\/wp-content\/uploads\/2024\/08\/IMG_7320-scaled.jpg","contentUrl":"https:\/\/lykketegningtest.wp3.hcweb.dev\/wp-content\/uploads\/2024\/08\/IMG_7320-scaled.jpg","width":2560,"height":2560},{"@type":"BreadcrumbList","@id":"https:\/\/lykketegningtest.wp3.hcweb.dev\/en\/product-2\/novelty-lucky-drawing-cup-i-manage\/#breadcrumb","itemListElement":[{"@type":"ListItem","position":1,"name":"Hjem","item":"https:\/\/lykketegningtest.wp3.hcweb.dev\/"},{"@type":"ListItem","position":2,"name":"Shop","item":"https:\/\/lykketegningtest.wp3.hcweb.dev\/sv\/webbutik\/"},{"@type":"ListItem","position":3,"name":"Lykketegningkrus &#8220;Jeg klarer&#8221; Pippi"}]},{"@type":"WebSite","@id":"https:\/\/lykketegningtest.wp3.hcweb.dev\/#website","url":"https:\/\/lykketegningtest.wp3.hcweb.dev\/","name":"GL\u00dcCKSZEICHNUNG ILLUSTRATOR","description":"","publisher":{"@id":"https:\/\/lykketegningtest.wp3.hcweb.dev\/#organization"},"potentialAction":[{"@type":"SearchAction","target":{"@type":"EntryPoint","urlTemplate":"https:\/\/lykketegningtest.wp3.hcweb.dev\/?s={search_term_string}"},"query-input":{"@type":"PropertyValueSpecification","valueRequired":true,"valueName":"search_term_string"}}],"inLanguage":"de"},{"@type":"Organization","@id":"https:\/\/lykketegningtest.wp3.hcweb.dev\/#organization","name":"GL\u00dcCKSZEICHNUNG ILLUSTRATOR","url":"https:\/\/lykketegningtest.wp3.hcweb.dev\/","logo":{"@type":"ImageObject","inLanguage":"de","@id":"https:\/\/lykketegningtest.wp3.hcweb.dev\/#\/schema\/logo\/image\/","url":"https:\/\/lykketegningtest.wp3.hcweb.dev\/wp-content\/uploads\/2020\/03\/Logo2020_h400px.jpg","contentUrl":"https:\/\/lykketegningtest.wp3.hcweb.dev\/wp-content\/uploads\/2020\/03\/Logo2020_h400px.jpg","width":1024,"height":400,"caption":"LYKKETEGNING ILLUSTRAT\u00d8R"},"image":{"@id":"https:\/\/lykketegningtest.wp3.hcweb.dev\/#\/schema\/logo\/image\/"},"sameAs":["https:\/\/www.facebook.com\/lykketegning\/","https:\/\/www.instagram.com\/lykketegning\/","https:\/\/www.youtube.com\/@lykketegningillustrations","https:\/\/www.tiktok.com\/@lykketegningillustration"]}]}},"_links":{"self":[{"href":"https:\/\/lykketegningtest.wp3.hcweb.dev\/de\/wp-json\/wp\/v2\/product\/37321","targetHints":{"allow":["GET"]}}],"collection":[{"href":"https:\/\/lykketegningtest.wp3.hcweb.dev\/de\/wp-json\/wp\/v2\/product"}],"about":[{"href":"https:\/\/lykketegningtest.wp3.hcweb.dev\/de\/wp-json\/wp\/v2\/types\/product"}],"replies":[{"embeddable":true,"href":"https:\/\/lykketegningtest.wp3.hcweb.dev\/de\/wp-json\/wp\/v2\/comments?post=37321"}],"wp:featuredmedia":[{"embeddable":true,"href":"https:\/\/lykketegningtest.wp3.hcweb.dev\/de\/wp-json\/wp\/v2\/media\/39790"}],"wp:attachment":[{"href":"https:\/\/lykketegningtest.wp3.hcweb.dev\/de\/wp-json\/wp\/v2\/media?parent=37321"}],"wp:term":[{"taxonomy":"product_brand","embeddable":true,"href":"https:\/\/lykketegningtest.wp3.hcweb.dev\/de\/wp-json\/wp\/v2\/product_brand?post=37321"},{"taxonomy":"product_cat","embeddable":true,"href":"https:\/\/lykketegningtest.wp3.hcweb.dev\/de\/wp-json\/wp\/v2\/product_cat?post=37321"},{"taxonomy":"product_tag","embeddable":true,"href":"https:\/\/lykketegningtest.wp3.hcweb.dev\/de\/wp-json\/wp\/v2\/product_tag?post=37321"}],"curies":[{"name":"wp","href":"https:\/\/api.w.org\/{rel}","templated":true}]}}