{"id":40776,"date":"2025-10-02T13:55:25","date_gmt":"2025-10-02T11:55:25","guid":{"rendered":"https:\/\/www-lykketegning.wp3.hcweb.dev\/?post_type=product&#038;p=40776"},"modified":"2025-12-21T21:48:56","modified_gmt":"2025-12-21T20:48:56","slug":"svensk-manadskalendern-fran-lykketegning-for-2026-svensk-edition","status":"publish","type":"product","link":"https:\/\/lykketegningtest.wp3.hcweb.dev\/de\/produkt\/svensk-manadskalendern-fran-lykketegning-for-2026-svensk-edition\/","title":{"rendered":"Schwedischer Monatskalender von Lykketegning f\u00fcr 2026! Schwedische Ausgabe"},"content":{"rendered":"<h3>Schwedischer Monatskalender von Lykketegning f\u00fcr 2026! Schwedische Ausgabe<\/h3>\n<h3>Sch\u00f6ner Monatskalender von Luck Drawing 2026 - Januar 2026-Dezember 2026.<\/h3>\n<p>Dieser Monatskalender war im Jahr 2025 ein Hit: In nur einem Monat waren 1.000 Kalender in unserem Online-Shop ausverkauft. Jetzt k\u00f6nnen Sie ihn in unserem Online-Shop kaufen!<\/p>\n<p>Jede Seite zeigt einen Monat mit der Wochennummer und einem kleinen Feld f\u00fcr Notizen f\u00fcr jeden Tag.<\/p>\n<p>Dieses Jahr gibt es auf einer Seite eine Illustration, die Sie am Ende des Monats herausrei\u00dfen und einrahmen k\u00f6nnen! Dekorativ an der Wand.<\/p>\n<p>Der Monatskalender ist spiralgebunden und hat L\u00f6cher zum Aufh\u00e4ngen.<\/p>\n<p>Format: A4 quer.<\/p>\n<p>Ein perfektes Weihnachtsgeschenk f\u00fcr Mitarbeiter, Gastgeber, Familie und sich selbst.<\/p>\n<p>&nbsp;<\/p>\n<p><strong>\"Bei Lykketegning wird jede Illustration mit viel W\u00e4rme und Sorgfalt erstellt.<\/strong><br \/>\n<strong>Mit kr\u00e4ftigen Farben, klaren Linien und guten Zitaten will Happiness Drawing Sie dazu bringen, einen Moment innezuhalten, tief durchzuatmen und dann einen guten Kurs nach vorne zu setzen.<\/strong><br \/>\n<strong>\"Die Herzen und das L\u00e4cheln sind von mir f\u00fcr dich, um dich daran zu erinnern, dass du wirklich gut bist!\"<\/strong><\/p>\n<p>&nbsp;<\/p>\n<p>Auf der Website finden Sie einige Illustrationen und andere Produkte wie Tassen, Gru\u00dfkarten und Kalender.<\/p>\n<p>Es kommen st\u00e4ndig neue Produkte hinzu. Melden Sie sich f\u00fcr den Newsletter an, um monatliche Updates zu erhalten.<\/p>\n<p>F\u00fcr <strong>viele viele viele viele<\/strong> weitere Illustrationen; besuchen Sie mein Instagram- und Facebook-Profil.<\/p>\n<p>Eigentlich sind alle Illustrationen k\u00e4uflich zu erwerben. 999 SEK f\u00fcr A4 und 1500 SEK f\u00fcr A3.<\/p>\n<p>Sie k\u00f6nnen auch Ihr eigenes Exemplar bestellen - ein tolles Geschenk f\u00fcr Hochzeiten und andere Feiern. Nehmen Sie dazu Kontakt mit dem Posteingang auf.<\/p>\n<p><em>Preis: 1500kr f\u00fcr A4 und A5 (bis zu 5 Personen\/Tier) zus\u00e4tzliche Kosten f\u00fcr mehr (bis zu 5 Personen\/Tier). A3 2000kr ex Porto. Ich muss die Haarfarbe\/den Haartyp, die Gr\u00f6\u00dfe, die Interessen und die gew\u00fcnschte Anzahl der abgebildeten Personen wissen. Alle Kostenvoranschl\u00e4ge, die Sie w\u00fcnschen, eingeschlossen.<\/em><\/p>\n<p>Wenn Sie Fragen haben, z\u00f6gern Sie nicht, mich zu kontaktieren! Wenn Sie sich \u00fcber eine m\u00f6gliche Zusammenarbeit unterhalten m\u00f6chten, schicken Sie mir bitte eine E-Mail.<\/p>\n<p>Ich freue mich, von Ihnen zu h\u00f6ren und w\u00fcnsche Ihnen einen sch\u00f6nen Tag. <a href=\"https:\/\/www.facebook.com\/lykketegning\/?locale=nb_NO\">Dies f\u00fchrt Sie zu meiner Facebook-Seite.<\/a> Und wenn Sie mir folgen wollen auf<a href=\"https:\/\/www.instagram.com\/lykketegning\/?hl=nb\"> Instagram, dann finden Sie es hier.<\/a><\/p>\n<p>K\u00fcnstler<br \/>\nIngebj\u00f8rg Rang\u00f8y Sj\u00e5land<\/p>\n<p>&nbsp;<\/p>","protected":false},"excerpt":{"rendered":"<p>Sch\u00f6ner Monatskalender von Luck Drawing 2026 - Januar 2026-Dezember 2026.<\/p>\n<p>Dieser Monatskalender war im Jahr 2025 ein Hit: In nur einem Monat waren 1.000 Kalender in unserem Online-Shop ausverkauft. Jetzt k\u00f6nnen Sie ihn in unserem Online-Shop kaufen!<\/p>\n<p>Jede Seite zeigt einen Monat mit der Wochennummer und einem kleinen Feld f\u00fcr Notizen f\u00fcr jeden Tag.<\/p>\n<p>Dieses Jahr gibt es auf einer Seite eine Illustration, die Sie am Ende des Monats herausrei\u00dfen und einrahmen k\u00f6nnen! Dekorativ an der Wand.<\/p>\n<p>Der Monatskalender ist spiralgebunden und hat L\u00f6cher zum Aufh\u00e4ngen.<\/p>\n<p>Format: A4 quer.<\/p>\n<p>Ein perfektes Weihnachtsgeschenk f\u00fcr Mitarbeiter, Gastgeber, Familie und sich selbst.<\/p>\n<p>&nbsp;<\/p>","protected":false},"featured_media":40777,"comment_status":"open","ping_status":"closed","template":"","meta":[],"product_brand":[],"product_cat":[153,169],"product_tag":[268,57,250,267],"class_list":{"0":"post-40776","1":"product","2":"type-product","3":"status-publish","4":"has-post-thumbnail","6":"product_cat-illustrert-kalender","7":"product_cat-trykk","8":"product_tag-calender","9":"product_tag-kalender","10":"product_tag-lykketegning","11":"product_tag-manedskalender","13":"first","14":"instock","15":"taxable","16":"shipping-taxable","17":"purchasable","18":"product-type-simple"},"yoast_head":"<!-- This site is optimized with the Yoast SEO plugin v27.5 - https:\/\/yoast.com\/product\/yoast-seo-wordpress\/ -->\n<title>Svensk m\u00e5nadskalendern fr\u00e5n Lykketegning for 2026! Svensk edition - LYKKETEGNING ILLUSTRAT\u00d8R<\/title>\n<meta name=\"description\" content=\"Vacker m\u00e5nadskalender fr\u00e5n Lykketegning 2026 M\u00e5nadskalendern \u00e4r spiralbunden och har h\u00e5l f\u00f6r upph\u00e4ngning.En perfekt julklapp till anst\u00e4llda, familjen och dig sj\u00e4lv.\" \/>\n<meta name=\"robots\" content=\"noindex, follow, max-snippet:-1, max-image-preview:large, max-video-preview:-1\" \/>\n<meta property=\"og:locale\" content=\"de_DE\" \/>\n<meta property=\"og:type\" content=\"article\" \/>\n<meta property=\"og:title\" content=\"Svensk m\u00e5nadskalendern fr\u00e5n Lykketegning for 2026! Svensk edition - LYKKETEGNING ILLUSTRAT\u00d8R\" \/>\n<meta property=\"og:description\" content=\"Vacker m\u00e5nadskalender fr\u00e5n Lykketegning 2026 M\u00e5nadskalendern \u00e4r spiralbunden och har h\u00e5l f\u00f6r upph\u00e4ngning.En perfekt julklapp till anst\u00e4llda, familjen och dig sj\u00e4lv.\" \/>\n<meta property=\"og:url\" content=\"https:\/\/lykketegningtest.wp3.hcweb.dev\/de\/product-2\/svensk-manadskalendern-fran-happiness-drawing-for-2026-swedish-edition\/\" \/>\n<meta property=\"og:site_name\" content=\"LYKKETEGNING ILLUSTRAT\u00d8R\" \/>\n<meta property=\"article:publisher\" content=\"https:\/\/www.facebook.com\/lykketegning\/\" \/>\n<meta property=\"article:modified_time\" content=\"2025-12-21T20:48:56+00:00\" \/>\n<meta property=\"og:image\" content=\"https:\/\/www.lykketegning.no\/wp-content\/uploads\/2025\/10\/Untitled_Artwork-108-scaled.jpg\" \/>\n\t<meta property=\"og:image:width\" content=\"2560\" \/>\n\t<meta property=\"og:image:height\" content=\"1810\" \/>\n\t<meta property=\"og:image:type\" content=\"image\/jpeg\" \/>\n<meta name=\"twitter:card\" content=\"summary_large_image\" \/>\n<meta name=\"twitter:label1\" content=\"Gesch\u00e4tzte Lesezeit\" \/>\n\t<meta name=\"twitter:data1\" content=\"3\u00a0Minuten\" \/>\n<script type=\"application\/ld+json\" class=\"yoast-schema-graph\">{\"@context\":\"https:\\\/\\\/schema.org\",\"@graph\":[{\"@type\":\"WebPage\",\"@id\":\"https:\\\/\\\/lykketegningtest.wp3.hcweb.dev\\\/en\\\/product-2\\\/svensk-manadskalendern-fran-happiness-drawing-for-2026-swedish-edition\\\/\",\"url\":\"https:\\\/\\\/lykketegningtest.wp3.hcweb.dev\\\/en\\\/product-2\\\/svensk-manadskalendern-fran-happiness-drawing-for-2026-swedish-edition\\\/\",\"name\":\"Svensk m\u00e5nadskalendern fr\u00e5n Lykketegning for 2026! Svensk edition - LYKKETEGNING ILLUSTRAT\u00d8R\",\"isPartOf\":{\"@id\":\"https:\\\/\\\/lykketegningtest.wp3.hcweb.dev\\\/#website\"},\"primaryImageOfPage\":{\"@id\":\"https:\\\/\\\/lykketegningtest.wp3.hcweb.dev\\\/en\\\/product-2\\\/svensk-manadskalendern-fran-happiness-drawing-for-2026-swedish-edition\\\/#primaryimage\"},\"image\":{\"@id\":\"https:\\\/\\\/lykketegningtest.wp3.hcweb.dev\\\/en\\\/product-2\\\/svensk-manadskalendern-fran-happiness-drawing-for-2026-swedish-edition\\\/#primaryimage\"},\"thumbnailUrl\":\"https:\\\/\\\/lykketegningtest.wp3.hcweb.dev\\\/wp-content\\\/uploads\\\/2025\\\/10\\\/Untitled_Artwork-108-scaled.jpg\",\"datePublished\":\"2025-10-02T11:55:25+00:00\",\"dateModified\":\"2025-12-21T20:48:56+00:00\",\"description\":\"Vacker m\u00e5nadskalender fr\u00e5n Lykketegning 2026 M\u00e5nadskalendern \u00e4r spiralbunden och har h\u00e5l f\u00f6r upph\u00e4ngning.En perfekt julklapp till anst\u00e4llda, familjen och dig sj\u00e4lv.\",\"breadcrumb\":{\"@id\":\"https:\\\/\\\/lykketegningtest.wp3.hcweb.dev\\\/en\\\/product-2\\\/svensk-manadskalendern-fran-happiness-drawing-for-2026-swedish-edition\\\/#breadcrumb\"},\"inLanguage\":\"de\",\"potentialAction\":[{\"@type\":\"ReadAction\",\"target\":[\"https:\\\/\\\/lykketegningtest.wp3.hcweb.dev\\\/en\\\/product-2\\\/svensk-manadskalendern-fran-happiness-drawing-for-2026-swedish-edition\\\/\"]}]},{\"@type\":\"ImageObject\",\"inLanguage\":\"de\",\"@id\":\"https:\\\/\\\/lykketegningtest.wp3.hcweb.dev\\\/en\\\/product-2\\\/svensk-manadskalendern-fran-happiness-drawing-for-2026-swedish-edition\\\/#primaryimage\",\"url\":\"https:\\\/\\\/lykketegningtest.wp3.hcweb.dev\\\/wp-content\\\/uploads\\\/2025\\\/10\\\/Untitled_Artwork-108-scaled.jpg\",\"contentUrl\":\"https:\\\/\\\/lykketegningtest.wp3.hcweb.dev\\\/wp-content\\\/uploads\\\/2025\\\/10\\\/Untitled_Artwork-108-scaled.jpg\",\"width\":2560,\"height\":1810},{\"@type\":\"BreadcrumbList\",\"@id\":\"https:\\\/\\\/lykketegningtest.wp3.hcweb.dev\\\/en\\\/product-2\\\/svensk-manadskalendern-fran-happiness-drawing-for-2026-swedish-edition\\\/#breadcrumb\",\"itemListElement\":[{\"@type\":\"ListItem\",\"position\":1,\"name\":\"Hjem\",\"item\":\"https:\\\/\\\/lykketegningtest.wp3.hcweb.dev\\\/\"},{\"@type\":\"ListItem\",\"position\":2,\"name\":\"Shop\",\"item\":\"https:\\\/\\\/lykketegningtest.wp3.hcweb.dev\\\/sv\\\/webbutik\\\/\"},{\"@type\":\"ListItem\",\"position\":3,\"name\":\"Svensk m\u00e5nadskalendern fr\u00e5n Lykketegning for 2026! Svensk edition\"}]},{\"@type\":\"WebSite\",\"@id\":\"https:\\\/\\\/lykketegningtest.wp3.hcweb.dev\\\/#website\",\"url\":\"https:\\\/\\\/lykketegningtest.wp3.hcweb.dev\\\/\",\"name\":\"LYKKETEGNING ILLUSTRAT\u00d8R\",\"description\":\"\",\"publisher\":{\"@id\":\"https:\\\/\\\/lykketegningtest.wp3.hcweb.dev\\\/#organization\"},\"potentialAction\":[{\"@type\":\"SearchAction\",\"target\":{\"@type\":\"EntryPoint\",\"urlTemplate\":\"https:\\\/\\\/lykketegningtest.wp3.hcweb.dev\\\/?s={search_term_string}\"},\"query-input\":{\"@type\":\"PropertyValueSpecification\",\"valueRequired\":true,\"valueName\":\"search_term_string\"}}],\"inLanguage\":\"de\"},{\"@type\":\"Organization\",\"@id\":\"https:\\\/\\\/lykketegningtest.wp3.hcweb.dev\\\/#organization\",\"name\":\"LYKKETEGNING ILLUSTRAT\u00d8R\",\"url\":\"https:\\\/\\\/lykketegningtest.wp3.hcweb.dev\\\/\",\"logo\":{\"@type\":\"ImageObject\",\"inLanguage\":\"de\",\"@id\":\"https:\\\/\\\/lykketegningtest.wp3.hcweb.dev\\\/#\\\/schema\\\/logo\\\/image\\\/\",\"url\":\"https:\\\/\\\/lykketegningtest.wp3.hcweb.dev\\\/wp-content\\\/uploads\\\/2020\\\/03\\\/Logo2020_h400px.jpg\",\"contentUrl\":\"https:\\\/\\\/lykketegningtest.wp3.hcweb.dev\\\/wp-content\\\/uploads\\\/2020\\\/03\\\/Logo2020_h400px.jpg\",\"width\":1024,\"height\":400,\"caption\":\"LYKKETEGNING ILLUSTRAT\u00d8R\"},\"image\":{\"@id\":\"https:\\\/\\\/lykketegningtest.wp3.hcweb.dev\\\/#\\\/schema\\\/logo\\\/image\\\/\"},\"sameAs\":[\"https:\\\/\\\/www.facebook.com\\\/lykketegning\\\/\",\"https:\\\/\\\/www.instagram.com\\\/lykketegning\\\/\",\"https:\\\/\\\/www.youtube.com\\\/@lykketegningillustrations\",\"https:\\\/\\\/www.tiktok.com\\\/@lykketegningillustration\"]}]}<\/script>\n<!-- \/ Yoast SEO plugin. -->","yoast_head_json":{"title":"Schwedischer Monatskalender von Lykketegning f\u00fcr 2026! Schwedische Ausgabe - LYKKETEGNING ILLUSTRAT\u00d8R","description":"Sch\u00f6ner Monatskalender von Lykketegning 2026 Der Monatskalender ist spiralgebunden und hat L\u00f6cher zum Aufh\u00e4ngen - ein perfektes Weihnachtsgeschenk f\u00fcr Mitarbeiter, Familie und sich selbst.","robots":{"index":"noindex","follow":"follow","max-snippet":"max-snippet:-1","max-image-preview":"max-image-preview:large","max-video-preview":"max-video-preview:-1"},"og_locale":"de_DE","og_type":"article","og_title":"Svensk m\u00e5nadskalendern fr\u00e5n Lykketegning for 2026! Svensk edition - LYKKETEGNING ILLUSTRAT\u00d8R","og_description":"Vacker m\u00e5nadskalender fr\u00e5n Lykketegning 2026 M\u00e5nadskalendern \u00e4r spiralbunden och har h\u00e5l f\u00f6r upph\u00e4ngning.En perfekt julklapp till anst\u00e4llda, familjen och dig sj\u00e4lv.","og_url":"https:\/\/lykketegningtest.wp3.hcweb.dev\/de\/product-2\/svensk-manadskalendern-fran-happiness-drawing-for-2026-swedish-edition\/","og_site_name":"LYKKETEGNING ILLUSTRAT\u00d8R","article_publisher":"https:\/\/www.facebook.com\/lykketegning\/","article_modified_time":"2025-12-21T20:48:56+00:00","og_image":[{"width":2560,"height":1810,"url":"https:\/\/www.lykketegning.no\/wp-content\/uploads\/2025\/10\/Untitled_Artwork-108-scaled.jpg","type":"image\/jpeg"}],"twitter_card":"summary_large_image","twitter_misc":{"Gesch\u00e4tzte Lesezeit":"3\u00a0Minuten"},"schema":{"@context":"https:\/\/schema.org","@graph":[{"@type":"WebPage","@id":"https:\/\/lykketegningtest.wp3.hcweb.dev\/en\/product-2\/svensk-manadskalendern-fran-happiness-drawing-for-2026-swedish-edition\/","url":"https:\/\/lykketegningtest.wp3.hcweb.dev\/en\/product-2\/svensk-manadskalendern-fran-happiness-drawing-for-2026-swedish-edition\/","name":"Schwedischer Monatskalender von Lykketegning f\u00fcr 2026! Schwedische Ausgabe - LYKKETEGNING ILLUSTRAT\u00d8R","isPartOf":{"@id":"https:\/\/lykketegningtest.wp3.hcweb.dev\/#website"},"primaryImageOfPage":{"@id":"https:\/\/lykketegningtest.wp3.hcweb.dev\/en\/product-2\/svensk-manadskalendern-fran-happiness-drawing-for-2026-swedish-edition\/#primaryimage"},"image":{"@id":"https:\/\/lykketegningtest.wp3.hcweb.dev\/en\/product-2\/svensk-manadskalendern-fran-happiness-drawing-for-2026-swedish-edition\/#primaryimage"},"thumbnailUrl":"https:\/\/lykketegningtest.wp3.hcweb.dev\/wp-content\/uploads\/2025\/10\/Untitled_Artwork-108-scaled.jpg","datePublished":"2025-10-02T11:55:25+00:00","dateModified":"2025-12-21T20:48:56+00:00","description":"Sch\u00f6ner Monatskalender von Lykketegning 2026 Der Monatskalender ist spiralgebunden und hat L\u00f6cher zum Aufh\u00e4ngen - ein perfektes Weihnachtsgeschenk f\u00fcr Mitarbeiter, Familie und sich selbst.","breadcrumb":{"@id":"https:\/\/lykketegningtest.wp3.hcweb.dev\/en\/product-2\/svensk-manadskalendern-fran-happiness-drawing-for-2026-swedish-edition\/#breadcrumb"},"inLanguage":"de","potentialAction":[{"@type":"ReadAction","target":["https:\/\/lykketegningtest.wp3.hcweb.dev\/en\/product-2\/svensk-manadskalendern-fran-happiness-drawing-for-2026-swedish-edition\/"]}]},{"@type":"ImageObject","inLanguage":"de","@id":"https:\/\/lykketegningtest.wp3.hcweb.dev\/en\/product-2\/svensk-manadskalendern-fran-happiness-drawing-for-2026-swedish-edition\/#primaryimage","url":"https:\/\/lykketegningtest.wp3.hcweb.dev\/wp-content\/uploads\/2025\/10\/Untitled_Artwork-108-scaled.jpg","contentUrl":"https:\/\/lykketegningtest.wp3.hcweb.dev\/wp-content\/uploads\/2025\/10\/Untitled_Artwork-108-scaled.jpg","width":2560,"height":1810},{"@type":"BreadcrumbList","@id":"https:\/\/lykketegningtest.wp3.hcweb.dev\/en\/product-2\/svensk-manadskalendern-fran-happiness-drawing-for-2026-swedish-edition\/#breadcrumb","itemListElement":[{"@type":"ListItem","position":1,"name":"Hjem","item":"https:\/\/lykketegningtest.wp3.hcweb.dev\/"},{"@type":"ListItem","position":2,"name":"Shop","item":"https:\/\/lykketegningtest.wp3.hcweb.dev\/sv\/webbutik\/"},{"@type":"ListItem","position":3,"name":"Svensk m\u00e5nadskalendern fr\u00e5n Lykketegning for 2026! Svensk edition"}]},{"@type":"WebSite","@id":"https:\/\/lykketegningtest.wp3.hcweb.dev\/#website","url":"https:\/\/lykketegningtest.wp3.hcweb.dev\/","name":"GL\u00dcCKSZEICHNUNG ILLUSTRATOR","description":"","publisher":{"@id":"https:\/\/lykketegningtest.wp3.hcweb.dev\/#organization"},"potentialAction":[{"@type":"SearchAction","target":{"@type":"EntryPoint","urlTemplate":"https:\/\/lykketegningtest.wp3.hcweb.dev\/?s={search_term_string}"},"query-input":{"@type":"PropertyValueSpecification","valueRequired":true,"valueName":"search_term_string"}}],"inLanguage":"de"},{"@type":"Organization","@id":"https:\/\/lykketegningtest.wp3.hcweb.dev\/#organization","name":"GL\u00dcCKSZEICHNUNG ILLUSTRATOR","url":"https:\/\/lykketegningtest.wp3.hcweb.dev\/","logo":{"@type":"ImageObject","inLanguage":"de","@id":"https:\/\/lykketegningtest.wp3.hcweb.dev\/#\/schema\/logo\/image\/","url":"https:\/\/lykketegningtest.wp3.hcweb.dev\/wp-content\/uploads\/2020\/03\/Logo2020_h400px.jpg","contentUrl":"https:\/\/lykketegningtest.wp3.hcweb.dev\/wp-content\/uploads\/2020\/03\/Logo2020_h400px.jpg","width":1024,"height":400,"caption":"LYKKETEGNING ILLUSTRAT\u00d8R"},"image":{"@id":"https:\/\/lykketegningtest.wp3.hcweb.dev\/#\/schema\/logo\/image\/"},"sameAs":["https:\/\/www.facebook.com\/lykketegning\/","https:\/\/www.instagram.com\/lykketegning\/","https:\/\/www.youtube.com\/@lykketegningillustrations","https:\/\/www.tiktok.com\/@lykketegningillustration"]}]}},"_links":{"self":[{"href":"https:\/\/lykketegningtest.wp3.hcweb.dev\/de\/wp-json\/wp\/v2\/product\/40776","targetHints":{"allow":["GET"]}}],"collection":[{"href":"https:\/\/lykketegningtest.wp3.hcweb.dev\/de\/wp-json\/wp\/v2\/product"}],"about":[{"href":"https:\/\/lykketegningtest.wp3.hcweb.dev\/de\/wp-json\/wp\/v2\/types\/product"}],"replies":[{"embeddable":true,"href":"https:\/\/lykketegningtest.wp3.hcweb.dev\/de\/wp-json\/wp\/v2\/comments?post=40776"}],"wp:featuredmedia":[{"embeddable":true,"href":"https:\/\/lykketegningtest.wp3.hcweb.dev\/de\/wp-json\/wp\/v2\/media\/40777"}],"wp:attachment":[{"href":"https:\/\/lykketegningtest.wp3.hcweb.dev\/de\/wp-json\/wp\/v2\/media?parent=40776"}],"wp:term":[{"taxonomy":"product_brand","embeddable":true,"href":"https:\/\/lykketegningtest.wp3.hcweb.dev\/de\/wp-json\/wp\/v2\/product_brand?post=40776"},{"taxonomy":"product_cat","embeddable":true,"href":"https:\/\/lykketegningtest.wp3.hcweb.dev\/de\/wp-json\/wp\/v2\/product_cat?post=40776"},{"taxonomy":"product_tag","embeddable":true,"href":"https:\/\/lykketegningtest.wp3.hcweb.dev\/de\/wp-json\/wp\/v2\/product_tag?post=40776"}],"curies":[{"name":"wp","href":"https:\/\/api.w.org\/{rel}","templated":true}]}}