{"id":40875,"date":"2024-10-09T12:53:38","date_gmt":"2024-10-09T10:53:38","guid":{"rendered":"https:\/\/www-lykketegning.wp3.hcweb.dev\/?post_type=product&#038;p=40875"},"modified":"2026-01-02T13:18:39","modified_gmt":"2026-01-02T12:18:39","slug":"julegenser-fra-lykketegning-pakker-og-sant-rod","status":"publish","type":"product","link":"https:\/\/lykketegningtest.wp3.hcweb.dev\/de\/produkt\/julegenser-fra-lykketegning-pakker-og-sant-rod\/","title":{"rendered":"Weihnachtspulli von Lykketegning \"Pakker og s\u00e5nt\" (rot)"},"content":{"rendered":"<h3>Weihnachtspulli von Lykketegning \"Pakker og s\u00e5nt\" (rot)<\/h3>\n<p>Bei Happiness Drawing steht Weihnachten ganz oben auf der Agenda, und deshalb gibt es dieses Jahr noch mehr Weihnachtspullis! Wir lieben sie. Was halten Sie davon?<\/p>\n<p>Erh\u00e4ltlich in den Farben Rot und Gr\u00fcn. Unisex-Gr\u00f6\u00dfe.<\/p>\n<p>Die Gr\u00f6\u00dfe auf dem Bild ist Medium f\u00fcr den roten Pullover und Small f\u00fcr den gr\u00fcnen. Das Model (ich) hat die Gr\u00f6\u00dfe 38\/40.<\/p>\n<p>2 Wochen Lieferzeit. Der Artikel kann nicht umgetauscht werden, da die Pullover nach der gew\u00fcnschten Gr\u00f6\u00dfe und dem gew\u00fcnschten Design bestellt werden.<\/p>\n<p>65% Polyester, 35% Baumwolle<\/p>\n<p>280 g\/m2<\/p>\n<p>Nicht im Trockner trocknen, auf links waschen.<\/p>\n<p><strong>\"Bei Lykketegning wird jede Illustration mit viel W\u00e4rme und Sorgfalt erstellt.<\/strong><br \/>\n<strong>Mit kr\u00e4ftigen Farben, klaren Linien und guten Zitaten will Happiness Drawing Sie dazu bringen, einen Moment innezuhalten, tief durchzuatmen und dann einen guten Kurs nach vorne zu setzen.<\/strong><br \/>\n<strong>\"Die Herzen und das L\u00e4cheln sind von mir f\u00fcr dich, um dich daran zu erinnern, dass du wirklich gut bist!\"<\/strong><\/p>\n<p>&nbsp;<\/p>\n<p>Auf der Website finden Sie einige Illustrationen und andere Produkte wie Tassen, Gru\u00dfkarten und Kalender.<\/p>\n<p>Es kommen st\u00e4ndig neue Produkte hinzu. Melden Sie sich f\u00fcr den Newsletter an, um monatliche Updates zu erhalten.<\/p>\n<p>F\u00fcr <strong>viele viele viele viele<\/strong> weitere Illustrationen; besuchen Sie mein Instagram- und Facebook-Profil.<\/p>\n<p>Eigentlich sind alle Illustrationen k\u00e4uflich zu erwerben. 999 SEK f\u00fcr A4 und 1500 SEK f\u00fcr A3.<\/p>\n<p>Sie k\u00f6nnen auch Ihr eigenes Exemplar bestellen - ein tolles Geschenk f\u00fcr Hochzeiten und andere Feiern. Nehmen Sie dazu Kontakt mit dem Posteingang auf.<\/p>\n<p><em>Preis: 1500kr f\u00fcr A4 und A5 (bis zu 5 Personen\/Tier) zus\u00e4tzliche Kosten f\u00fcr mehr (bis zu 5 Personen\/Tier). A3 2000kr ex Porto. Ich muss die Haarfarbe\/den Haartyp, die Gr\u00f6\u00dfe, die Interessen und die gew\u00fcnschte Anzahl der abgebildeten Personen wissen. Alle Kostenvoranschl\u00e4ge, die Sie w\u00fcnschen, eingeschlossen.<\/em><\/p>\n<p>Wenn Sie Fragen haben, z\u00f6gern Sie nicht, mich zu kontaktieren! Wenn Sie sich \u00fcber eine m\u00f6gliche Zusammenarbeit unterhalten m\u00f6chten, schicken Sie mir bitte eine E-Mail.<\/p>\n<p>Ich freue mich, von Ihnen zu h\u00f6ren und w\u00fcnsche Ihnen einen sch\u00f6nen Tag. <a href=\"https:\/\/www.facebook.com\/lykketegning\/?locale=nb_NO\">Dies f\u00fchrt Sie zu meiner Facebook-Seite.<\/a> Und wenn Sie mir folgen wollen auf<a href=\"https:\/\/www.instagram.com\/lykketegning\/?hl=nb\"> Instagram, dann finden Sie es hier.<\/a><\/p>\n<p>K\u00fcnstler<br \/>\nIngebj\u00f8rg Rang\u00f8y Sj\u00e5land<\/p>\n<p>&nbsp;<\/p>\n<p>&nbsp;<\/p>","protected":false},"excerpt":{"rendered":"<h3>Weihnachtspulli von Lykketegning \"Pakker og s\u00e5nt\" (rot)<\/h3>\n<p>Bei Happiness Drawing steht Weihnachten ganz oben auf der Agenda, und deshalb gibt es dieses Jahr noch mehr Weihnachtspullis! Wir lieben sie. Was halten Sie davon?<\/p>\n<p>Erh\u00e4ltlich in den Farben Rot und Gr\u00fcn. Unisex-Gr\u00f6\u00dfe.<\/p>\n<p>Die Gr\u00f6\u00dfe auf dem Bild ist Medium f\u00fcr den roten Pullover und Small f\u00fcr den gr\u00fcnen. Das Model (ich) hat die Gr\u00f6\u00dfe 38\/40.<\/p>\n<p>2 Wochen Lieferzeit. Der Artikel kann nicht umgetauscht werden, da die Pullover nach der gew\u00fcnschten Gr\u00f6\u00dfe und dem gew\u00fcnschten Design bestellt werden.<\/p>\n<p>65% Polyester, 35% Baumwolle<\/p>\n<p>280 g\/m2<\/p>\n<p>Nicht im Trockner trocknen, auf links waschen.<\/p>","protected":false},"featured_media":41110,"comment_status":"open","ping_status":"closed","template":"","meta":[],"product_brand":[],"product_cat":[202],"product_tag":[205,158,374,375,206],"class_list":{"0":"post-40875","1":"product","2":"type-product","3":"status-publish","4":"has-post-thumbnail","6":"product_cat-klaer-med-trykk","7":"product_tag-genser","8":"product_tag-jul","9":"product_tag-julegenser","10":"product_tag-rod-julegenser","11":"product_tag-sweater","13":"first","14":"instock","15":"taxable","16":"shipping-taxable","17":"purchasable","18":"product-type-variable"},"yoast_head":"<!-- This site is optimized with the Yoast SEO plugin v27.5 - https:\/\/yoast.com\/product\/yoast-seo-wordpress\/ -->\n<title>Julegenser fra Lykketegning &quot;Pakker og s\u00e5nt&quot; (r\u00f8d) - LYKKETEGNING ILLUSTRAT\u00d8R<\/title>\n<meta name=\"description\" content=\"Julegenser fra Lykketegning &quot;Pakker og s\u00e5nt&quot; (r\u00f8d) Hos Lykketegning s\u00e5 st\u00e5r jula h\u00f8yt og derfor klinker vi til med julegenser i \u00e5r! Du f\u00e5r den i b\u00e5de r\u00f8d og gr\u00f8nn farge.\" \/>\n<meta name=\"robots\" content=\"noindex, follow, max-snippet:-1, max-image-preview:large, max-video-preview:-1\" \/>\n<meta property=\"og:locale\" content=\"de_DE\" \/>\n<meta property=\"og:type\" content=\"article\" \/>\n<meta property=\"og:title\" content=\"Julegenser fra Lykketegning &quot;Pakker og s\u00e5nt&quot; (r\u00f8d) - LYKKETEGNING ILLUSTRAT\u00d8R\" \/>\n<meta property=\"og:description\" content=\"Julegenser fra Lykketegning &quot;Pakker og s\u00e5nt&quot; (r\u00f8d) Hos Lykketegning s\u00e5 st\u00e5r jula h\u00f8yt og derfor klinker vi til med julegenser i \u00e5r! Du f\u00e5r den i b\u00e5de r\u00f8d og gr\u00f8nn farge.\" \/>\n<meta property=\"og:url\" content=\"https:\/\/lykketegningtest.wp3.hcweb.dev\/de\/produkt\/julegenser-fra-lykketegning-pakker-og-sant-rod\/\" \/>\n<meta property=\"og:site_name\" content=\"LYKKETEGNING ILLUSTRAT\u00d8R\" \/>\n<meta property=\"article:publisher\" content=\"https:\/\/www.facebook.com\/lykketegning\/\" \/>\n<meta property=\"article:modified_time\" content=\"2026-01-02T12:18:39+00:00\" \/>\n<meta property=\"og:image\" content=\"https:\/\/www.lykketegning.no\/wp-content\/uploads\/2025\/10\/cf431120-52c6-415d-8793-4c210652d651.jpg\" \/>\n\t<meta property=\"og:image:width\" content=\"1536\" \/>\n\t<meta property=\"og:image:height\" content=\"2048\" \/>\n\t<meta property=\"og:image:type\" content=\"image\/jpeg\" \/>\n<meta name=\"twitter:card\" content=\"summary_large_image\" \/>\n<meta name=\"twitter:label1\" content=\"Gesch\u00e4tzte Lesezeit\" \/>\n\t<meta name=\"twitter:data1\" content=\"2\u00a0Minuten\" \/>\n<script type=\"application\/ld+json\" class=\"yoast-schema-graph\">{\"@context\":\"https:\\\/\\\/schema.org\",\"@graph\":[{\"@type\":\"WebPage\",\"@id\":\"https:\\\/\\\/lykketegningtest.wp3.hcweb.dev\\\/produkt\\\/julegenser-fra-lykketegning-pakker-og-sant-rod\\\/\",\"url\":\"https:\\\/\\\/lykketegningtest.wp3.hcweb.dev\\\/produkt\\\/julegenser-fra-lykketegning-pakker-og-sant-rod\\\/\",\"name\":\"Julegenser fra Lykketegning \\\"Pakker og s\u00e5nt\\\" (r\u00f8d) - LYKKETEGNING ILLUSTRAT\u00d8R\",\"isPartOf\":{\"@id\":\"https:\\\/\\\/lykketegningtest.wp3.hcweb.dev\\\/#website\"},\"primaryImageOfPage\":{\"@id\":\"https:\\\/\\\/lykketegningtest.wp3.hcweb.dev\\\/produkt\\\/julegenser-fra-lykketegning-pakker-og-sant-rod\\\/#primaryimage\"},\"image\":{\"@id\":\"https:\\\/\\\/lykketegningtest.wp3.hcweb.dev\\\/produkt\\\/julegenser-fra-lykketegning-pakker-og-sant-rod\\\/#primaryimage\"},\"thumbnailUrl\":\"https:\\\/\\\/lykketegningtest.wp3.hcweb.dev\\\/wp-content\\\/uploads\\\/2025\\\/10\\\/cf431120-52c6-415d-8793-4c210652d651.jpg\",\"datePublished\":\"2024-10-09T10:53:38+00:00\",\"dateModified\":\"2026-01-02T12:18:39+00:00\",\"description\":\"Julegenser fra Lykketegning \\\"Pakker og s\u00e5nt\\\" (r\u00f8d) Hos Lykketegning s\u00e5 st\u00e5r jula h\u00f8yt og derfor klinker vi til med julegenser i \u00e5r! Du f\u00e5r den i b\u00e5de r\u00f8d og gr\u00f8nn farge.\",\"breadcrumb\":{\"@id\":\"https:\\\/\\\/lykketegningtest.wp3.hcweb.dev\\\/produkt\\\/julegenser-fra-lykketegning-pakker-og-sant-rod\\\/#breadcrumb\"},\"inLanguage\":\"de\",\"potentialAction\":[{\"@type\":\"ReadAction\",\"target\":[\"https:\\\/\\\/lykketegningtest.wp3.hcweb.dev\\\/produkt\\\/julegenser-fra-lykketegning-pakker-og-sant-rod\\\/\"]}]},{\"@type\":\"ImageObject\",\"inLanguage\":\"de\",\"@id\":\"https:\\\/\\\/lykketegningtest.wp3.hcweb.dev\\\/produkt\\\/julegenser-fra-lykketegning-pakker-og-sant-rod\\\/#primaryimage\",\"url\":\"https:\\\/\\\/lykketegningtest.wp3.hcweb.dev\\\/wp-content\\\/uploads\\\/2025\\\/10\\\/cf431120-52c6-415d-8793-4c210652d651.jpg\",\"contentUrl\":\"https:\\\/\\\/lykketegningtest.wp3.hcweb.dev\\\/wp-content\\\/uploads\\\/2025\\\/10\\\/cf431120-52c6-415d-8793-4c210652d651.jpg\",\"width\":1536,\"height\":2048},{\"@type\":\"BreadcrumbList\",\"@id\":\"https:\\\/\\\/lykketegningtest.wp3.hcweb.dev\\\/produkt\\\/julegenser-fra-lykketegning-pakker-og-sant-rod\\\/#breadcrumb\",\"itemListElement\":[{\"@type\":\"ListItem\",\"position\":1,\"name\":\"Hjem\",\"item\":\"https:\\\/\\\/lykketegningtest.wp3.hcweb.dev\\\/\"},{\"@type\":\"ListItem\",\"position\":2,\"name\":\"Shop\",\"item\":\"https:\\\/\\\/lykketegningtest.wp3.hcweb.dev\\\/sv\\\/webbutik\\\/\"},{\"@type\":\"ListItem\",\"position\":3,\"name\":\"Julegenser fra Lykketegning &#8220;Pakker og s\u00e5nt&#8221; (r\u00f8d)\"}]},{\"@type\":\"WebSite\",\"@id\":\"https:\\\/\\\/lykketegningtest.wp3.hcweb.dev\\\/#website\",\"url\":\"https:\\\/\\\/lykketegningtest.wp3.hcweb.dev\\\/\",\"name\":\"LYKKETEGNING ILLUSTRAT\u00d8R\",\"description\":\"\",\"publisher\":{\"@id\":\"https:\\\/\\\/lykketegningtest.wp3.hcweb.dev\\\/#organization\"},\"potentialAction\":[{\"@type\":\"SearchAction\",\"target\":{\"@type\":\"EntryPoint\",\"urlTemplate\":\"https:\\\/\\\/lykketegningtest.wp3.hcweb.dev\\\/?s={search_term_string}\"},\"query-input\":{\"@type\":\"PropertyValueSpecification\",\"valueRequired\":true,\"valueName\":\"search_term_string\"}}],\"inLanguage\":\"de\"},{\"@type\":\"Organization\",\"@id\":\"https:\\\/\\\/lykketegningtest.wp3.hcweb.dev\\\/#organization\",\"name\":\"LYKKETEGNING ILLUSTRAT\u00d8R\",\"url\":\"https:\\\/\\\/lykketegningtest.wp3.hcweb.dev\\\/\",\"logo\":{\"@type\":\"ImageObject\",\"inLanguage\":\"de\",\"@id\":\"https:\\\/\\\/lykketegningtest.wp3.hcweb.dev\\\/#\\\/schema\\\/logo\\\/image\\\/\",\"url\":\"https:\\\/\\\/lykketegningtest.wp3.hcweb.dev\\\/wp-content\\\/uploads\\\/2020\\\/03\\\/Logo2020_h400px.jpg\",\"contentUrl\":\"https:\\\/\\\/lykketegningtest.wp3.hcweb.dev\\\/wp-content\\\/uploads\\\/2020\\\/03\\\/Logo2020_h400px.jpg\",\"width\":1024,\"height\":400,\"caption\":\"LYKKETEGNING ILLUSTRAT\u00d8R\"},\"image\":{\"@id\":\"https:\\\/\\\/lykketegningtest.wp3.hcweb.dev\\\/#\\\/schema\\\/logo\\\/image\\\/\"},\"sameAs\":[\"https:\\\/\\\/www.facebook.com\\\/lykketegning\\\/\",\"https:\\\/\\\/www.instagram.com\\\/lykketegning\\\/\",\"https:\\\/\\\/www.youtube.com\\\/@lykketegningillustrations\",\"https:\\\/\\\/www.tiktok.com\\\/@lykketegningillustration\"]}]}<\/script>\n<!-- \/ Yoast SEO plugin. -->","yoast_head_json":{"title":"Weihnachtspulli von Lykketegning \"Pakete und so\" (rot) - LYKKETEGNING ILLUSTRAT\u00d8R","description":"Weihnachtspulli von Lykketegning \"Pakker og s\u00e5nt\" (rot) Bei Lykketegning ist Weihnachten eine gro\u00dfe Sache, und deshalb gibt es dieses Jahr einen Weihnachtspulli! Es gibt ihn in den Farben Rot und Gr\u00fcn.","robots":{"index":"noindex","follow":"follow","max-snippet":"max-snippet:-1","max-image-preview":"max-image-preview:large","max-video-preview":"max-video-preview:-1"},"og_locale":"de_DE","og_type":"article","og_title":"Julegenser fra Lykketegning \"Pakker og s\u00e5nt\" (r\u00f8d) - LYKKETEGNING ILLUSTRAT\u00d8R","og_description":"Julegenser fra Lykketegning \"Pakker og s\u00e5nt\" (r\u00f8d) Hos Lykketegning s\u00e5 st\u00e5r jula h\u00f8yt og derfor klinker vi til med julegenser i \u00e5r! Du f\u00e5r den i b\u00e5de r\u00f8d og gr\u00f8nn farge.","og_url":"https:\/\/lykketegningtest.wp3.hcweb.dev\/de\/produkt\/julegenser-fra-lykketegning-pakker-og-sant-rod\/","og_site_name":"LYKKETEGNING ILLUSTRAT\u00d8R","article_publisher":"https:\/\/www.facebook.com\/lykketegning\/","article_modified_time":"2026-01-02T12:18:39+00:00","og_image":[{"width":1536,"height":2048,"url":"https:\/\/www.lykketegning.no\/wp-content\/uploads\/2025\/10\/cf431120-52c6-415d-8793-4c210652d651.jpg","type":"image\/jpeg"}],"twitter_card":"summary_large_image","twitter_misc":{"Gesch\u00e4tzte Lesezeit":"2\u00a0Minuten"},"schema":{"@context":"https:\/\/schema.org","@graph":[{"@type":"WebPage","@id":"https:\/\/lykketegningtest.wp3.hcweb.dev\/produkt\/julegenser-fra-lykketegning-pakker-og-sant-rod\/","url":"https:\/\/lykketegningtest.wp3.hcweb.dev\/produkt\/julegenser-fra-lykketegning-pakker-og-sant-rod\/","name":"Weihnachtspulli von Lykketegning \"Pakete und so\" (rot) - LYKKETEGNING ILLUSTRAT\u00d8R","isPartOf":{"@id":"https:\/\/lykketegningtest.wp3.hcweb.dev\/#website"},"primaryImageOfPage":{"@id":"https:\/\/lykketegningtest.wp3.hcweb.dev\/produkt\/julegenser-fra-lykketegning-pakker-og-sant-rod\/#primaryimage"},"image":{"@id":"https:\/\/lykketegningtest.wp3.hcweb.dev\/produkt\/julegenser-fra-lykketegning-pakker-og-sant-rod\/#primaryimage"},"thumbnailUrl":"https:\/\/lykketegningtest.wp3.hcweb.dev\/wp-content\/uploads\/2025\/10\/cf431120-52c6-415d-8793-4c210652d651.jpg","datePublished":"2024-10-09T10:53:38+00:00","dateModified":"2026-01-02T12:18:39+00:00","description":"Weihnachtspulli von Lykketegning \"Pakker og s\u00e5nt\" (rot) Bei Lykketegning ist Weihnachten eine gro\u00dfe Sache, und deshalb gibt es dieses Jahr einen Weihnachtspulli! Es gibt ihn in den Farben Rot und Gr\u00fcn.","breadcrumb":{"@id":"https:\/\/lykketegningtest.wp3.hcweb.dev\/produkt\/julegenser-fra-lykketegning-pakker-og-sant-rod\/#breadcrumb"},"inLanguage":"de","potentialAction":[{"@type":"ReadAction","target":["https:\/\/lykketegningtest.wp3.hcweb.dev\/produkt\/julegenser-fra-lykketegning-pakker-og-sant-rod\/"]}]},{"@type":"ImageObject","inLanguage":"de","@id":"https:\/\/lykketegningtest.wp3.hcweb.dev\/produkt\/julegenser-fra-lykketegning-pakker-og-sant-rod\/#primaryimage","url":"https:\/\/lykketegningtest.wp3.hcweb.dev\/wp-content\/uploads\/2025\/10\/cf431120-52c6-415d-8793-4c210652d651.jpg","contentUrl":"https:\/\/lykketegningtest.wp3.hcweb.dev\/wp-content\/uploads\/2025\/10\/cf431120-52c6-415d-8793-4c210652d651.jpg","width":1536,"height":2048},{"@type":"BreadcrumbList","@id":"https:\/\/lykketegningtest.wp3.hcweb.dev\/produkt\/julegenser-fra-lykketegning-pakker-og-sant-rod\/#breadcrumb","itemListElement":[{"@type":"ListItem","position":1,"name":"Hjem","item":"https:\/\/lykketegningtest.wp3.hcweb.dev\/"},{"@type":"ListItem","position":2,"name":"Shop","item":"https:\/\/lykketegningtest.wp3.hcweb.dev\/sv\/webbutik\/"},{"@type":"ListItem","position":3,"name":"Julegenser fra Lykketegning &#8220;Pakker og s\u00e5nt&#8221; (r\u00f8d)"}]},{"@type":"WebSite","@id":"https:\/\/lykketegningtest.wp3.hcweb.dev\/#website","url":"https:\/\/lykketegningtest.wp3.hcweb.dev\/","name":"GL\u00dcCKSZEICHNUNG ILLUSTRATOR","description":"","publisher":{"@id":"https:\/\/lykketegningtest.wp3.hcweb.dev\/#organization"},"potentialAction":[{"@type":"SearchAction","target":{"@type":"EntryPoint","urlTemplate":"https:\/\/lykketegningtest.wp3.hcweb.dev\/?s={search_term_string}"},"query-input":{"@type":"PropertyValueSpecification","valueRequired":true,"valueName":"search_term_string"}}],"inLanguage":"de"},{"@type":"Organization","@id":"https:\/\/lykketegningtest.wp3.hcweb.dev\/#organization","name":"GL\u00dcCKSZEICHNUNG ILLUSTRATOR","url":"https:\/\/lykketegningtest.wp3.hcweb.dev\/","logo":{"@type":"ImageObject","inLanguage":"de","@id":"https:\/\/lykketegningtest.wp3.hcweb.dev\/#\/schema\/logo\/image\/","url":"https:\/\/lykketegningtest.wp3.hcweb.dev\/wp-content\/uploads\/2020\/03\/Logo2020_h400px.jpg","contentUrl":"https:\/\/lykketegningtest.wp3.hcweb.dev\/wp-content\/uploads\/2020\/03\/Logo2020_h400px.jpg","width":1024,"height":400,"caption":"LYKKETEGNING ILLUSTRAT\u00d8R"},"image":{"@id":"https:\/\/lykketegningtest.wp3.hcweb.dev\/#\/schema\/logo\/image\/"},"sameAs":["https:\/\/www.facebook.com\/lykketegning\/","https:\/\/www.instagram.com\/lykketegning\/","https:\/\/www.youtube.com\/@lykketegningillustrations","https:\/\/www.tiktok.com\/@lykketegningillustration"]}]}},"_links":{"self":[{"href":"https:\/\/lykketegningtest.wp3.hcweb.dev\/de\/wp-json\/wp\/v2\/product\/40875","targetHints":{"allow":["GET"]}}],"collection":[{"href":"https:\/\/lykketegningtest.wp3.hcweb.dev\/de\/wp-json\/wp\/v2\/product"}],"about":[{"href":"https:\/\/lykketegningtest.wp3.hcweb.dev\/de\/wp-json\/wp\/v2\/types\/product"}],"replies":[{"embeddable":true,"href":"https:\/\/lykketegningtest.wp3.hcweb.dev\/de\/wp-json\/wp\/v2\/comments?post=40875"}],"wp:featuredmedia":[{"embeddable":true,"href":"https:\/\/lykketegningtest.wp3.hcweb.dev\/de\/wp-json\/wp\/v2\/media\/41110"}],"wp:attachment":[{"href":"https:\/\/lykketegningtest.wp3.hcweb.dev\/de\/wp-json\/wp\/v2\/media?parent=40875"}],"wp:term":[{"taxonomy":"product_brand","embeddable":true,"href":"https:\/\/lykketegningtest.wp3.hcweb.dev\/de\/wp-json\/wp\/v2\/product_brand?post=40875"},{"taxonomy":"product_cat","embeddable":true,"href":"https:\/\/lykketegningtest.wp3.hcweb.dev\/de\/wp-json\/wp\/v2\/product_cat?post=40875"},{"taxonomy":"product_tag","embeddable":true,"href":"https:\/\/lykketegningtest.wp3.hcweb.dev\/de\/wp-json\/wp\/v2\/product_tag?post=40875"}],"curies":[{"name":"wp","href":"https:\/\/api.w.org\/{rel}","templated":true}]}}