{"id":40981,"date":"2025-10-14T15:18:10","date_gmt":"2025-10-14T13:18:10","guid":{"rendered":"https:\/\/www-lykketegning.wp3.hcweb.dev\/?post_type=product&#038;p=40981"},"modified":"2026-05-08T09:13:53","modified_gmt":"2026-05-08T07:13:53","slug":"vakre-vannglass-med-inngravering-2-pack-det-handler-om-a-nyte-oyeblikket","status":"publish","type":"product","link":"https:\/\/lykketegningtest.wp3.hcweb.dev\/de\/produkt\/vakre-vannglass-med-inngravering-2-pack-det-handler-om-a-nyte-oyeblikket\/","title":{"rendered":"Sch\u00f6ne Wassergl\u00e4ser mit Gravur im 2er-Pack; \"Es geht darum, den Moment zu genie\u00dfen\"."},"content":{"rendered":"<h3>Sch\u00f6ne Wassergl\u00e4ser mit Gravur im 2er-Pack; \"Es geht darum, den Moment zu genie\u00dfen\".<\/h3>\n<h3 data-start=\"173\" data-end=\"199\">Brandneu im Jahr 2026!<\/h3>\n<p data-start=\"200\" data-end=\"343\">Nach dem gro\u00dfen Erfolg von <strong data-start=\"231\" data-end=\"256\">Gl\u00fcckliche Zeichnung Weingl\u00e4ser<\/strong> - \u00fcber <strong data-start=\"264\" data-end=\"281\">80.000 verkauft<\/strong>ist endlich da! <strong data-start=\"303\" data-end=\"340\">Wassergl\u00e4ser mit eingravierten Texten<\/strong>.<\/p>\n<p data-start=\"345\" data-end=\"500\">Diese sch\u00f6nen Wassergl\u00e4ser gibt es in <strong data-start=\"381\" data-end=\"403\">sch\u00f6ne Verpackung<\/strong>, und kommt als <strong data-start=\"419\" data-end=\"439\">Satz mit 2 Gl\u00e4sern<\/strong>.<br data-start=\"440\" data-end=\"443\" \/>Ein perfektes Geschenk f\u00fcr Sie selbst oder f\u00fcr jemanden, den Sie lieben<\/p>\n<p data-start=\"502\" data-end=\"600\">Beginnen Sie Ihren Tag mit einem L\u00e4cheln - und einem <strong data-start=\"534\" data-end=\"560\">Inspirierende Wassergl\u00e4ser<\/strong> und nicht die alten, langweiligen!<\/p>\n<p data-start=\"502\" data-end=\"600\">\u00dcberpr\u00fcfen Sie auch die Wassergl\u00e4ser mit dem Text; <a href=\"https:\/\/lykketegningtest.wp3.hcweb.dev\/de\/?post_type=product&amp;p=40970&amp;preview=true\">\u201cAtme, das Leben ist jetzt\u201d.<\/a><\/p>\n<p data-start=\"502\" data-end=\"600\">H: 11,5 cm. D6,5 Volumen: 30cl kristallin. Maschinenwaschbar<\/p>\n<p><strong>\"Bei Lykketegning wird jede Illustration mit viel W\u00e4rme und Sorgfalt erstellt.<\/strong><br \/>\n<strong>Mit kr\u00e4ftigen Farben, klaren Linien und guten Zitaten will Happiness Drawing Sie dazu bringen, einen Moment innezuhalten, tief durchzuatmen und dann einen guten Kurs nach vorne zu setzen.<\/strong><br \/>\n<strong>\"Die Herzen und das L\u00e4cheln sind von mir f\u00fcr dich, um dich daran zu erinnern, dass du wirklich gut bist!\"<\/strong><\/p>\n<p>Auf der Website finden Sie einige Illustrationen und andere Produkte wie Tassen, Gru\u00dfkarten und Kalender.<\/p>\n<p>Es kommen st\u00e4ndig neue Produkte hinzu. Melden Sie sich f\u00fcr den Newsletter an, um monatliche Updates zu erhalten.<\/p>\n<p>F\u00fcr <strong>viele viele viele viele<\/strong> weitere Illustrationen; besuchen Sie mein Instagram- und Facebook-Profil.<\/p>\n<p>Eigentlich sind alle Illustrationen k\u00e4uflich zu erwerben. 999 SEK f\u00fcr A4 und 1500 SEK f\u00fcr A3.<\/p>\n<p>Sie k\u00f6nnen auch Ihr eigenes Exemplar bestellen - ein tolles Geschenk f\u00fcr Hochzeiten und andere Feiern. Nehmen Sie dazu Kontakt mit dem Posteingang auf.<\/p>\n<p><em>Preis: 1500kr f\u00fcr A4 und A5 (bis zu 5 Personen\/Tier) zus\u00e4tzliche Kosten f\u00fcr mehr (bis zu 5 Personen\/Tier). A3 2000kr ex Porto. Ich muss die Haarfarbe\/den Haartyp, die Gr\u00f6\u00dfe, die Interessen und die gew\u00fcnschte Anzahl der abgebildeten Personen wissen. Alle Kostenvoranschl\u00e4ge, die Sie w\u00fcnschen, eingeschlossen.<\/em><\/p>\n<p>Wenn Sie Fragen haben, z\u00f6gern Sie nicht, mich zu kontaktieren! Wenn Sie sich \u00fcber eine m\u00f6gliche Zusammenarbeit unterhalten m\u00f6chten, schicken Sie mir bitte eine E-Mail.<\/p>\n<p>Ich freue mich, von Ihnen zu h\u00f6ren und w\u00fcnsche Ihnen einen sch\u00f6nen Tag. <a href=\"https:\/\/www.facebook.com\/lykketegning\/?locale=nb_NO\">Dies f\u00fchrt Sie zu meiner Facebook-Seite.<\/a> Und wenn Sie mir folgen wollen auf<a href=\"https:\/\/www.instagram.com\/lykketegning\/?hl=nb\"> Instagram, dann finden Sie es hier.<\/a><\/p>\n<p>K\u00fcnstler<br \/>\nIngebj\u00f8rg Rang\u00f8y Sj\u00e5land<\/p>\n<p>&nbsp;<\/p>\n<p>&nbsp;<\/p>","protected":false},"excerpt":{"rendered":"<h3>Sch\u00f6ne Wassergl\u00e4ser mit Gravur im 2er-Pack; \"Es geht darum, den Moment zu genie\u00dfen\".<\/h3>\n<h3 data-start=\"173\" data-end=\"199\">Brandneu im Jahr 2026!<\/h3>\n<p data-start=\"200\" data-end=\"343\">Nach dem gro\u00dfen Erfolg von <strong data-start=\"231\" data-end=\"256\">Gl\u00fcckliche Zeichnung Weingl\u00e4ser<\/strong> - \u00fcber <strong data-start=\"264\" data-end=\"281\">80.000 verkauft<\/strong>ist endlich da! <strong data-start=\"303\" data-end=\"340\">Wassergl\u00e4ser mit eingravierten Texten<\/strong>.<\/p>\n<p data-start=\"345\" data-end=\"500\">Diese sch\u00f6nen Wassergl\u00e4ser gibt es in <strong data-start=\"381\" data-end=\"403\">sch\u00f6ne Verpackung<\/strong>, und kommt als <strong data-start=\"419\" data-end=\"439\">Satz mit 2 Gl\u00e4sern<\/strong>.<br data-start=\"440\" data-end=\"443\" \/>Ein perfektes Geschenk f\u00fcr Sie selbst oder f\u00fcr jemanden, den Sie lieben<\/p>\n<p data-start=\"502\" data-end=\"600\">Beginnen Sie Ihren Tag mit einem L\u00e4cheln - und einem <strong data-start=\"534\" data-end=\"560\">Inspirierende Wassergl\u00e4ser<\/strong> und nicht die alten, langweiligen!<\/p>\n<p data-start=\"502\" data-end=\"600\">H: 11 cm. Volumen: 2 dl.<\/p>","protected":false},"featured_media":41069,"comment_status":"closed","ping_status":"closed","template":"","meta":[],"product_brand":[],"product_cat":[197],"product_tag":[248,425,426],"class_list":{"0":"post-40981","1":"product","2":"type-product","3":"status-publish","4":"has-post-thumbnail","6":"product_cat-graverte-vinglass-champagneglass","7":"product_tag-glass","8":"product_tag-vannglass","9":"product_tag-olglass","11":"first","12":"instock","13":"featured","14":"taxable","15":"shipping-taxable","16":"purchasable","17":"product-type-simple"},"yoast_head":"<!-- This site is optimized with the Yoast SEO plugin v27.5 - https:\/\/yoast.com\/product\/yoast-seo-wordpress\/ -->\n<title>Vakre vannglass med inngravering 2 pack; &quot;Det handler om \u00e5 nyte \u00f8yeblikket&quot; - LYKKETEGNING ILLUSTRAT\u00d8R<\/title>\n<meta name=\"description\" content=\"Vakre vannglass med inngravering 2 pack; &quot;Det handler om \u00e5 nyte \u00f8yeblikket&quot; Etter den enorme suksessen med Lykketegning vinglass \u2013 over 80.000 solgte! \u2013 kommer n\u00e5 endelig vannglass med inngraverte tekster.Disse flotte vannglassene leveres i nydelig innpakning, og kommer som sett med 2 glass.\" \/>\n<meta name=\"robots\" content=\"noindex, follow, max-snippet:-1, max-image-preview:large, max-video-preview:-1\" \/>\n<meta property=\"og:locale\" content=\"de_DE\" \/>\n<meta property=\"og:type\" content=\"article\" \/>\n<meta property=\"og:title\" content=\"Vakre vannglass med inngravering 2 pack; &quot;Det handler om \u00e5 nyte \u00f8yeblikket&quot; - LYKKETEGNING ILLUSTRAT\u00d8R\" \/>\n<meta property=\"og:description\" content=\"Vakre vannglass med inngravering 2 pack; &quot;Det handler om \u00e5 nyte \u00f8yeblikket&quot; Etter den enorme suksessen med Lykketegning vinglass \u2013 over 80.000 solgte! \u2013 kommer n\u00e5 endelig vannglass med inngraverte tekster.Disse flotte vannglassene leveres i nydelig innpakning, og kommer som sett med 2 glass.\" \/>\n<meta property=\"og:url\" content=\"https:\/\/lykketegningtest.wp3.hcweb.dev\/de\/produkt\/vakre-vannglass-med-inngravering-2-pack-det-handler-om-a-nyte-oyeblikket\/\" \/>\n<meta property=\"og:site_name\" content=\"LYKKETEGNING ILLUSTRAT\u00d8R\" \/>\n<meta property=\"article:publisher\" content=\"https:\/\/www.facebook.com\/lykketegning\/\" \/>\n<meta property=\"article:modified_time\" content=\"2026-05-08T07:13:53+00:00\" \/>\n<meta property=\"og:image\" content=\"https:\/\/www.lykketegning.no\/wp-content\/uploads\/2025\/10\/IMG_4895-scaled.jpeg\" \/>\n\t<meta property=\"og:image:width\" content=\"1920\" \/>\n\t<meta property=\"og:image:height\" content=\"2560\" \/>\n\t<meta property=\"og:image:type\" content=\"image\/jpeg\" \/>\n<meta name=\"twitter:card\" content=\"summary_large_image\" \/>\n<meta name=\"twitter:label1\" content=\"Gesch\u00e4tzte Lesezeit\" \/>\n\t<meta name=\"twitter:data1\" content=\"3\u00a0Minuten\" \/>\n<script type=\"application\/ld+json\" class=\"yoast-schema-graph\">{\"@context\":\"https:\\\/\\\/schema.org\",\"@graph\":[{\"@type\":\"WebPage\",\"@id\":\"https:\\\/\\\/lykketegningtest.wp3.hcweb.dev\\\/produkt\\\/vakre-vannglass-med-inngravering-2-pack-det-handler-om-a-nyte-oyeblikket\\\/\",\"url\":\"https:\\\/\\\/lykketegningtest.wp3.hcweb.dev\\\/produkt\\\/vakre-vannglass-med-inngravering-2-pack-det-handler-om-a-nyte-oyeblikket\\\/\",\"name\":\"Vakre vannglass med inngravering 2 pack; \\\"Det handler om \u00e5 nyte \u00f8yeblikket\\\" - LYKKETEGNING ILLUSTRAT\u00d8R\",\"isPartOf\":{\"@id\":\"https:\\\/\\\/lykketegningtest.wp3.hcweb.dev\\\/#website\"},\"primaryImageOfPage\":{\"@id\":\"https:\\\/\\\/lykketegningtest.wp3.hcweb.dev\\\/produkt\\\/vakre-vannglass-med-inngravering-2-pack-det-handler-om-a-nyte-oyeblikket\\\/#primaryimage\"},\"image\":{\"@id\":\"https:\\\/\\\/lykketegningtest.wp3.hcweb.dev\\\/produkt\\\/vakre-vannglass-med-inngravering-2-pack-det-handler-om-a-nyte-oyeblikket\\\/#primaryimage\"},\"thumbnailUrl\":\"https:\\\/\\\/lykketegningtest.wp3.hcweb.dev\\\/wp-content\\\/uploads\\\/2025\\\/10\\\/IMG_4895-scaled.jpeg\",\"datePublished\":\"2025-10-14T13:18:10+00:00\",\"dateModified\":\"2026-05-08T07:13:53+00:00\",\"description\":\"Vakre vannglass med inngravering 2 pack; \\\"Det handler om \u00e5 nyte \u00f8yeblikket\\\" Etter den enorme suksessen med Lykketegning vinglass \u2013 over 80.000 solgte! \u2013 kommer n\u00e5 endelig vannglass med inngraverte tekster.Disse flotte vannglassene leveres i nydelig innpakning, og kommer som sett med 2 glass.\",\"breadcrumb\":{\"@id\":\"https:\\\/\\\/lykketegningtest.wp3.hcweb.dev\\\/produkt\\\/vakre-vannglass-med-inngravering-2-pack-det-handler-om-a-nyte-oyeblikket\\\/#breadcrumb\"},\"inLanguage\":\"de\",\"potentialAction\":[{\"@type\":\"ReadAction\",\"target\":[\"https:\\\/\\\/lykketegningtest.wp3.hcweb.dev\\\/produkt\\\/vakre-vannglass-med-inngravering-2-pack-det-handler-om-a-nyte-oyeblikket\\\/\"]}]},{\"@type\":\"ImageObject\",\"inLanguage\":\"de\",\"@id\":\"https:\\\/\\\/lykketegningtest.wp3.hcweb.dev\\\/produkt\\\/vakre-vannglass-med-inngravering-2-pack-det-handler-om-a-nyte-oyeblikket\\\/#primaryimage\",\"url\":\"https:\\\/\\\/lykketegningtest.wp3.hcweb.dev\\\/wp-content\\\/uploads\\\/2025\\\/10\\\/IMG_4895-scaled.jpeg\",\"contentUrl\":\"https:\\\/\\\/lykketegningtest.wp3.hcweb.dev\\\/wp-content\\\/uploads\\\/2025\\\/10\\\/IMG_4895-scaled.jpeg\",\"width\":1920,\"height\":2560},{\"@type\":\"BreadcrumbList\",\"@id\":\"https:\\\/\\\/lykketegningtest.wp3.hcweb.dev\\\/produkt\\\/vakre-vannglass-med-inngravering-2-pack-det-handler-om-a-nyte-oyeblikket\\\/#breadcrumb\",\"itemListElement\":[{\"@type\":\"ListItem\",\"position\":1,\"name\":\"Hjem\",\"item\":\"https:\\\/\\\/lykketegningtest.wp3.hcweb.dev\\\/\"},{\"@type\":\"ListItem\",\"position\":2,\"name\":\"Shop\",\"item\":\"https:\\\/\\\/lykketegningtest.wp3.hcweb.dev\\\/sv\\\/webbutik\\\/\"},{\"@type\":\"ListItem\",\"position\":3,\"name\":\"Vakre vannglass med inngravering 2 pack; &#8220;Det handler om \u00e5 nyte \u00f8yeblikket&#8221;\"}]},{\"@type\":\"WebSite\",\"@id\":\"https:\\\/\\\/lykketegningtest.wp3.hcweb.dev\\\/#website\",\"url\":\"https:\\\/\\\/lykketegningtest.wp3.hcweb.dev\\\/\",\"name\":\"LYKKETEGNING ILLUSTRAT\u00d8R\",\"description\":\"\",\"publisher\":{\"@id\":\"https:\\\/\\\/lykketegningtest.wp3.hcweb.dev\\\/#organization\"},\"potentialAction\":[{\"@type\":\"SearchAction\",\"target\":{\"@type\":\"EntryPoint\",\"urlTemplate\":\"https:\\\/\\\/lykketegningtest.wp3.hcweb.dev\\\/?s={search_term_string}\"},\"query-input\":{\"@type\":\"PropertyValueSpecification\",\"valueRequired\":true,\"valueName\":\"search_term_string\"}}],\"inLanguage\":\"de\"},{\"@type\":\"Organization\",\"@id\":\"https:\\\/\\\/lykketegningtest.wp3.hcweb.dev\\\/#organization\",\"name\":\"LYKKETEGNING ILLUSTRAT\u00d8R\",\"url\":\"https:\\\/\\\/lykketegningtest.wp3.hcweb.dev\\\/\",\"logo\":{\"@type\":\"ImageObject\",\"inLanguage\":\"de\",\"@id\":\"https:\\\/\\\/lykketegningtest.wp3.hcweb.dev\\\/#\\\/schema\\\/logo\\\/image\\\/\",\"url\":\"https:\\\/\\\/lykketegningtest.wp3.hcweb.dev\\\/wp-content\\\/uploads\\\/2020\\\/03\\\/Logo2020_h400px.jpg\",\"contentUrl\":\"https:\\\/\\\/lykketegningtest.wp3.hcweb.dev\\\/wp-content\\\/uploads\\\/2020\\\/03\\\/Logo2020_h400px.jpg\",\"width\":1024,\"height\":400,\"caption\":\"LYKKETEGNING ILLUSTRAT\u00d8R\"},\"image\":{\"@id\":\"https:\\\/\\\/lykketegningtest.wp3.hcweb.dev\\\/#\\\/schema\\\/logo\\\/image\\\/\"},\"sameAs\":[\"https:\\\/\\\/www.facebook.com\\\/lykketegning\\\/\",\"https:\\\/\\\/www.instagram.com\\\/lykketegning\\\/\",\"https:\\\/\\\/www.youtube.com\\\/@lykketegningillustrations\",\"https:\\\/\\\/www.tiktok.com\\\/@lykketegningillustration\"]}]}<\/script>\n<!-- \/ Yoast SEO plugin. -->","yoast_head_json":{"title":"Sch\u00f6ne Wassergl\u00e4ser mit Gravur 2er Pack; \"Es geht darum, den Moment zu genie\u00dfen\" - LYKKETEGNING ILLUSTRAT\u00d8R","description":"Wundersch\u00f6ne Wassergl\u00e4ser mit Gravur 2er Pack; \"It's all about enjoying the moment\" Nach dem enormen Erfolg der Lykketegning Weingl\u00e4ser - \u00fcber 80.000 verkaufte Exemplare - gibt es nun endlich auch Wassergl\u00e4ser mit eingravierten Texten Diese sch\u00f6nen Wassergl\u00e4ser werden in einer sch\u00f6nen Verpackung geliefert und kommen als Set mit 2 Gl\u00e4sern.","robots":{"index":"noindex","follow":"follow","max-snippet":"max-snippet:-1","max-image-preview":"max-image-preview:large","max-video-preview":"max-video-preview:-1"},"og_locale":"de_DE","og_type":"article","og_title":"Vakre vannglass med inngravering 2 pack; \"Det handler om \u00e5 nyte \u00f8yeblikket\" - LYKKETEGNING ILLUSTRAT\u00d8R","og_description":"Vakre vannglass med inngravering 2 pack; \"Det handler om \u00e5 nyte \u00f8yeblikket\" Etter den enorme suksessen med Lykketegning vinglass \u2013 over 80.000 solgte! \u2013 kommer n\u00e5 endelig vannglass med inngraverte tekster.Disse flotte vannglassene leveres i nydelig innpakning, og kommer som sett med 2 glass.","og_url":"https:\/\/lykketegningtest.wp3.hcweb.dev\/de\/produkt\/vakre-vannglass-med-inngravering-2-pack-det-handler-om-a-nyte-oyeblikket\/","og_site_name":"LYKKETEGNING ILLUSTRAT\u00d8R","article_publisher":"https:\/\/www.facebook.com\/lykketegning\/","article_modified_time":"2026-05-08T07:13:53+00:00","og_image":[{"width":1920,"height":2560,"url":"https:\/\/www.lykketegning.no\/wp-content\/uploads\/2025\/10\/IMG_4895-scaled.jpeg","type":"image\/jpeg"}],"twitter_card":"summary_large_image","twitter_misc":{"Gesch\u00e4tzte Lesezeit":"3\u00a0Minuten"},"schema":{"@context":"https:\/\/schema.org","@graph":[{"@type":"WebPage","@id":"https:\/\/lykketegningtest.wp3.hcweb.dev\/produkt\/vakre-vannglass-med-inngravering-2-pack-det-handler-om-a-nyte-oyeblikket\/","url":"https:\/\/lykketegningtest.wp3.hcweb.dev\/produkt\/vakre-vannglass-med-inngravering-2-pack-det-handler-om-a-nyte-oyeblikket\/","name":"Sch\u00f6ne Wassergl\u00e4ser mit Gravur 2er Pack; \"Es geht darum, den Moment zu genie\u00dfen\" - LYKKETEGNING ILLUSTRAT\u00d8R","isPartOf":{"@id":"https:\/\/lykketegningtest.wp3.hcweb.dev\/#website"},"primaryImageOfPage":{"@id":"https:\/\/lykketegningtest.wp3.hcweb.dev\/produkt\/vakre-vannglass-med-inngravering-2-pack-det-handler-om-a-nyte-oyeblikket\/#primaryimage"},"image":{"@id":"https:\/\/lykketegningtest.wp3.hcweb.dev\/produkt\/vakre-vannglass-med-inngravering-2-pack-det-handler-om-a-nyte-oyeblikket\/#primaryimage"},"thumbnailUrl":"https:\/\/lykketegningtest.wp3.hcweb.dev\/wp-content\/uploads\/2025\/10\/IMG_4895-scaled.jpeg","datePublished":"2025-10-14T13:18:10+00:00","dateModified":"2026-05-08T07:13:53+00:00","description":"Wundersch\u00f6ne Wassergl\u00e4ser mit Gravur 2er Pack; \"It's all about enjoying the moment\" Nach dem enormen Erfolg der Lykketegning Weingl\u00e4ser - \u00fcber 80.000 verkaufte Exemplare - gibt es nun endlich auch Wassergl\u00e4ser mit eingravierten Texten Diese sch\u00f6nen Wassergl\u00e4ser werden in einer sch\u00f6nen Verpackung geliefert und kommen als Set mit 2 Gl\u00e4sern.","breadcrumb":{"@id":"https:\/\/lykketegningtest.wp3.hcweb.dev\/produkt\/vakre-vannglass-med-inngravering-2-pack-det-handler-om-a-nyte-oyeblikket\/#breadcrumb"},"inLanguage":"de","potentialAction":[{"@type":"ReadAction","target":["https:\/\/lykketegningtest.wp3.hcweb.dev\/produkt\/vakre-vannglass-med-inngravering-2-pack-det-handler-om-a-nyte-oyeblikket\/"]}]},{"@type":"ImageObject","inLanguage":"de","@id":"https:\/\/lykketegningtest.wp3.hcweb.dev\/produkt\/vakre-vannglass-med-inngravering-2-pack-det-handler-om-a-nyte-oyeblikket\/#primaryimage","url":"https:\/\/lykketegningtest.wp3.hcweb.dev\/wp-content\/uploads\/2025\/10\/IMG_4895-scaled.jpeg","contentUrl":"https:\/\/lykketegningtest.wp3.hcweb.dev\/wp-content\/uploads\/2025\/10\/IMG_4895-scaled.jpeg","width":1920,"height":2560},{"@type":"BreadcrumbList","@id":"https:\/\/lykketegningtest.wp3.hcweb.dev\/produkt\/vakre-vannglass-med-inngravering-2-pack-det-handler-om-a-nyte-oyeblikket\/#breadcrumb","itemListElement":[{"@type":"ListItem","position":1,"name":"Hjem","item":"https:\/\/lykketegningtest.wp3.hcweb.dev\/"},{"@type":"ListItem","position":2,"name":"Shop","item":"https:\/\/lykketegningtest.wp3.hcweb.dev\/sv\/webbutik\/"},{"@type":"ListItem","position":3,"name":"Vakre vannglass med inngravering 2 pack; &#8220;Det handler om \u00e5 nyte \u00f8yeblikket&#8221;"}]},{"@type":"WebSite","@id":"https:\/\/lykketegningtest.wp3.hcweb.dev\/#website","url":"https:\/\/lykketegningtest.wp3.hcweb.dev\/","name":"GL\u00dcCKSZEICHNUNG ILLUSTRATOR","description":"","publisher":{"@id":"https:\/\/lykketegningtest.wp3.hcweb.dev\/#organization"},"potentialAction":[{"@type":"SearchAction","target":{"@type":"EntryPoint","urlTemplate":"https:\/\/lykketegningtest.wp3.hcweb.dev\/?s={search_term_string}"},"query-input":{"@type":"PropertyValueSpecification","valueRequired":true,"valueName":"search_term_string"}}],"inLanguage":"de"},{"@type":"Organization","@id":"https:\/\/lykketegningtest.wp3.hcweb.dev\/#organization","name":"GL\u00dcCKSZEICHNUNG ILLUSTRATOR","url":"https:\/\/lykketegningtest.wp3.hcweb.dev\/","logo":{"@type":"ImageObject","inLanguage":"de","@id":"https:\/\/lykketegningtest.wp3.hcweb.dev\/#\/schema\/logo\/image\/","url":"https:\/\/lykketegningtest.wp3.hcweb.dev\/wp-content\/uploads\/2020\/03\/Logo2020_h400px.jpg","contentUrl":"https:\/\/lykketegningtest.wp3.hcweb.dev\/wp-content\/uploads\/2020\/03\/Logo2020_h400px.jpg","width":1024,"height":400,"caption":"LYKKETEGNING ILLUSTRAT\u00d8R"},"image":{"@id":"https:\/\/lykketegningtest.wp3.hcweb.dev\/#\/schema\/logo\/image\/"},"sameAs":["https:\/\/www.facebook.com\/lykketegning\/","https:\/\/www.instagram.com\/lykketegning\/","https:\/\/www.youtube.com\/@lykketegningillustrations","https:\/\/www.tiktok.com\/@lykketegningillustration"]}]}},"_links":{"self":[{"href":"https:\/\/lykketegningtest.wp3.hcweb.dev\/de\/wp-json\/wp\/v2\/product\/40981","targetHints":{"allow":["GET"]}}],"collection":[{"href":"https:\/\/lykketegningtest.wp3.hcweb.dev\/de\/wp-json\/wp\/v2\/product"}],"about":[{"href":"https:\/\/lykketegningtest.wp3.hcweb.dev\/de\/wp-json\/wp\/v2\/types\/product"}],"replies":[{"embeddable":true,"href":"https:\/\/lykketegningtest.wp3.hcweb.dev\/de\/wp-json\/wp\/v2\/comments?post=40981"}],"wp:featuredmedia":[{"embeddable":true,"href":"https:\/\/lykketegningtest.wp3.hcweb.dev\/de\/wp-json\/wp\/v2\/media\/41069"}],"wp:attachment":[{"href":"https:\/\/lykketegningtest.wp3.hcweb.dev\/de\/wp-json\/wp\/v2\/media?parent=40981"}],"wp:term":[{"taxonomy":"product_brand","embeddable":true,"href":"https:\/\/lykketegningtest.wp3.hcweb.dev\/de\/wp-json\/wp\/v2\/product_brand?post=40981"},{"taxonomy":"product_cat","embeddable":true,"href":"https:\/\/lykketegningtest.wp3.hcweb.dev\/de\/wp-json\/wp\/v2\/product_cat?post=40981"},{"taxonomy":"product_tag","embeddable":true,"href":"https:\/\/lykketegningtest.wp3.hcweb.dev\/de\/wp-json\/wp\/v2\/product_tag?post=40981"}],"curies":[{"name":"wp","href":"https:\/\/api.w.org\/{rel}","templated":true}]}}