{"id":41241,"date":"2026-01-04T15:06:39","date_gmt":"2026-01-04T14:06:39","guid":{"rendered":"https:\/\/www-lykketegning.wp3.hcweb.dev\/?post_type=product&#038;p=41241"},"modified":"2026-05-08T10:59:58","modified_gmt":"2026-05-08T08:59:58","slug":"nydelig-sateng-sengesett-fra-lykketegning","status":"publish","type":"product","link":"https:\/\/lykketegningtest.wp3.hcweb.dev\/de\/produkt\/nydelig-sateng-sengesett-fra-lykketegning\/","title":{"rendered":"Einf\u00fchrungspreis! Wundersch\u00f6ne Satin-Bettgarnitur von Lykketegning"},"content":{"rendered":"<h2>Brandneues Produkt von Luck Drawing!<\/h2>\n<h3>Sch\u00f6ne Satin-Bettw\u00e4sche von Lykketegning.<\/h3>\n<h3>W\u00e4hlen Sie zwischen Wei\u00df, Rosa und Blau. Sowie die Gr\u00f6\u00dfe 200 oder 210 cm.<\/h3>\n<p>Das Bettw\u00e4scheset ist in besonders guter Baumwollqualit\u00e4t gefertigt.<\/p>\n<p>Die d\u00fcnnen Baumwollf\u00e4den sind dicht gewebt und sorgen f\u00fcr ein seidig-weiches und angenehmes Tragegef\u00fchl am K\u00f6rper.<\/p>\n<p>Sateng-Bettgarnituren sind langlebig und pflegeleicht. Sateng f\u00fchlt sich besonders angenehm am K\u00f6rper an und verleiht einen luxuri\u00f6sen Touch.<\/p>\n<h4>Ratschl\u00e4ge zum Waschen:<\/h4>\n<p>Wir empfehlen, die Bettw\u00e4schesets vor dem Gebrauch zu waschen. Dunkle Farben sollten separat gewaschen werden und wir empfehlen immer, sie zusammen mit \u00e4hnlichen Qualit\u00e4ten zu waschen. Kann bei 60 Grad gewaschen und bei normaler Temperatur im Trockner getrocknet werden (max. 80 Grad).<\/p>\n<p>Bettbezug mit \u00d6ffnung an der Unterseite und Kn\u00f6pfen, Kopfkissenbezug mit \u00d6ffnung an der L\u00e4ngsseite und Innentasche. 100% Baumwolle<\/p>\n<p>&nbsp;<\/p>\n<p><strong>\"Bei Lykketegning wird jede Illustration mit viel W\u00e4rme und Sorgfalt erstellt.<\/strong><br \/>\n<strong>Mit kr\u00e4ftigen Farben, klaren Linien und guten Zitaten will Happiness Drawing Sie dazu bringen, einen Moment innezuhalten, tief durchzuatmen und dann einen guten Kurs nach vorne zu setzen.<\/strong><br \/>\n<strong>\"Die Herzen und das L\u00e4cheln sind von mir f\u00fcr dich, um dich daran zu erinnern, dass du wirklich gut bist!\"<\/strong><\/p>\n<p>&nbsp;<\/p>\n<p>Auf der Website finden Sie einige Illustrationen und andere Produkte wie Tassen, Gru\u00dfkarten und Kalender.<\/p>\n<p>Es kommen st\u00e4ndig neue Produkte hinzu. Melden Sie sich f\u00fcr den Newsletter an, um monatliche Updates zu erhalten.<\/p>\n<p>F\u00fcr <strong>viele viele viele viele<\/strong> weitere Illustrationen; besuchen Sie mein Instagram- und Facebook-Profil.<\/p>\n<p>Eigentlich sind alle Illustrationen k\u00e4uflich zu erwerben. 999 SEK f\u00fcr A4 und 1500 SEK f\u00fcr A3.<\/p>\n<p>Sie k\u00f6nnen auch Ihr eigenes Exemplar bestellen - ein tolles Geschenk f\u00fcr Hochzeiten und andere Feiern. Nehmen Sie dazu Kontakt mit dem Posteingang auf.<\/p>\n<p><em>Preis: 1500kr f\u00fcr A4 und A5 (bis zu 5 Personen\/Tier) zus\u00e4tzliche Kosten f\u00fcr mehr (bis zu 5 Personen\/Tier). A3 2000kr ex Porto. Ich muss die Haarfarbe\/den Haartyp, die Gr\u00f6\u00dfe, die Interessen und die gew\u00fcnschte Anzahl der abgebildeten Personen wissen. Alle Kostenvoranschl\u00e4ge, die Sie w\u00fcnschen, eingeschlossen.<\/em><\/p>\n<p>Wenn Sie Fragen haben, z\u00f6gern Sie nicht, mich zu kontaktieren! Wenn Sie sich \u00fcber eine m\u00f6gliche Zusammenarbeit unterhalten m\u00f6chten, schicken Sie mir bitte eine E-Mail.<\/p>\n<p>Ich freue mich, von Ihnen zu h\u00f6ren und w\u00fcnsche Ihnen einen sch\u00f6nen Tag. <a href=\"https:\/\/www.facebook.com\/lykketegning\/?locale=nb_NO\">Dies f\u00fchrt Sie zu meiner Facebook-Seite.<\/a> Und wenn Sie mir folgen wollen auf<a href=\"https:\/\/www.instagram.com\/lykketegning\/?hl=nb\"> Instagram, dann finden Sie es hier.<\/a><\/p>\n<p>K\u00fcnstler<br \/>\nIngebj\u00f8rg Rang\u00f8y Sj\u00e5land<\/p>\n<p>&nbsp;<\/p>","protected":false},"excerpt":{"rendered":"<h2>Brandneues Produkt von Luck Drawing!<\/h2>\n<h3>Sch\u00f6ne Satin-Bettw\u00e4sche von Lykketegning.<\/h3>\n<h3>W\u00e4hlen Sie zwischen Wei\u00df, Rosa und Blau. Sowie die Gr\u00f6\u00dfe 200 oder 210 cm.<\/h3>\n<p>Das Bettw\u00e4scheset ist in besonders guter Baumwollqualit\u00e4t gefertigt.<\/p>\n<p>Die d\u00fcnnen Baumwollf\u00e4den sind dicht gewebt und sorgen f\u00fcr ein seidig-weiches und angenehmes Tragegef\u00fchl am K\u00f6rper.<\/p>\n<p>Sateng-Bettgarnituren sind langlebig und pflegeleicht. Sateng f\u00fchlt sich besonders angenehm am K\u00f6rper an und verleiht einen luxuri\u00f6sen Touch.<\/p>","protected":false},"featured_media":41425,"comment_status":"closed","ping_status":"closed","template":"","meta":[],"product_brand":[],"product_cat":[202],"product_tag":[429,431,430,428,427],"class_list":{"0":"post-41241","1":"product","2":"type-product","3":"status-publish","4":"has-post-thumbnail","6":"product_cat-klaer-med-trykk","7":"product_tag-dyne","8":"product_tag-lykketegningsengetoy","9":"product_tag-pute","10":"product_tag-sateng","11":"product_tag-sengetoy","13":"first","14":"instock","15":"sale","16":"featured","17":"taxable","18":"shipping-taxable","19":"purchasable","20":"product-type-variable"},"yoast_head":"<!-- This site is optimized with the Yoast SEO plugin v27.5 - https:\/\/yoast.com\/product\/yoast-seo-wordpress\/ -->\n<title>Introduksjonspris! Nydelig sateng sengesett fra Lykketegning - LYKKETEGNING ILLUSTRAT\u00d8R<\/title>\n<meta name=\"description\" content=\"Nydelig sateng sengesett fra Lykketegning. Velg mellom hvit\/rosa\/bl\u00e5. Sengesettet er produsert i ekstra god bomullskvalitet. De tynne bomullstr\u00e5dene er tettvevd og gir en silkeaktig myk og behagelig f\u00f8lelse mot kroppen. Sateng f\u00f8les ekstra komfortable mot kroppen og gir et luksuri\u00f8st preg.\" \/>\n<meta name=\"robots\" content=\"noindex, follow, max-snippet:-1, max-image-preview:large, max-video-preview:-1\" \/>\n<meta property=\"og:locale\" content=\"de_DE\" \/>\n<meta property=\"og:type\" content=\"article\" \/>\n<meta property=\"og:title\" content=\"Introduksjonspris! Nydelig sateng sengesett fra Lykketegning - LYKKETEGNING ILLUSTRAT\u00d8R\" \/>\n<meta property=\"og:description\" content=\"Nydelig sateng sengesett fra Lykketegning. Velg mellom hvit\/rosa\/bl\u00e5. Sengesettet er produsert i ekstra god bomullskvalitet. De tynne bomullstr\u00e5dene er tettvevd og gir en silkeaktig myk og behagelig f\u00f8lelse mot kroppen. Sateng f\u00f8les ekstra komfortable mot kroppen og gir et luksuri\u00f8st preg.\" \/>\n<meta property=\"og:url\" content=\"https:\/\/lykketegningtest.wp3.hcweb.dev\/de\/product-2\/smukt-sengesaet-i-satin-fra-lykketegning\/\" \/>\n<meta property=\"og:site_name\" content=\"LYKKETEGNING ILLUSTRAT\u00d8R\" \/>\n<meta property=\"article:publisher\" content=\"https:\/\/www.facebook.com\/lykketegning\/\" \/>\n<meta property=\"article:modified_time\" content=\"2026-05-08T08:59:58+00:00\" \/>\n<meta property=\"og:image\" content=\"https:\/\/www.lykketegning.no\/wp-content\/uploads\/2025\/11\/IMG_5674-scaled.jpg\" \/>\n\t<meta property=\"og:image:width\" content=\"1920\" \/>\n\t<meta property=\"og:image:height\" content=\"2560\" \/>\n\t<meta property=\"og:image:type\" content=\"image\/jpeg\" \/>\n<meta name=\"twitter:card\" content=\"summary_large_image\" \/>\n<meta name=\"twitter:label1\" content=\"Gesch\u00e4tzte Lesezeit\" \/>\n\t<meta name=\"twitter:data1\" content=\"3\u00a0Minuten\" \/>\n<script type=\"application\/ld+json\" class=\"yoast-schema-graph\">{\"@context\":\"https:\\\/\\\/schema.org\",\"@graph\":[{\"@type\":\"WebPage\",\"@id\":\"https:\\\/\\\/lykketegningtest.wp3.hcweb.dev\\\/da\\\/product-2\\\/smukt-sengesaet-i-satin-fra-lykketegning\\\/\",\"url\":\"https:\\\/\\\/lykketegningtest.wp3.hcweb.dev\\\/da\\\/product-2\\\/smukt-sengesaet-i-satin-fra-lykketegning\\\/\",\"name\":\"Introduksjonspris! Nydelig sateng sengesett fra Lykketegning - LYKKETEGNING ILLUSTRAT\u00d8R\",\"isPartOf\":{\"@id\":\"https:\\\/\\\/lykketegningtest.wp3.hcweb.dev\\\/#website\"},\"primaryImageOfPage\":{\"@id\":\"https:\\\/\\\/lykketegningtest.wp3.hcweb.dev\\\/da\\\/product-2\\\/smukt-sengesaet-i-satin-fra-lykketegning\\\/#primaryimage\"},\"image\":{\"@id\":\"https:\\\/\\\/lykketegningtest.wp3.hcweb.dev\\\/da\\\/product-2\\\/smukt-sengesaet-i-satin-fra-lykketegning\\\/#primaryimage\"},\"thumbnailUrl\":\"https:\\\/\\\/lykketegningtest.wp3.hcweb.dev\\\/wp-content\\\/uploads\\\/2025\\\/11\\\/IMG_5674-scaled.jpg\",\"datePublished\":\"2026-01-04T14:06:39+00:00\",\"dateModified\":\"2026-05-08T08:59:58+00:00\",\"description\":\"Nydelig sateng sengesett fra Lykketegning. Velg mellom hvit\\\/rosa\\\/bl\u00e5. Sengesettet er produsert i ekstra god bomullskvalitet. De tynne bomullstr\u00e5dene er tettvevd og gir en silkeaktig myk og behagelig f\u00f8lelse mot kroppen. Sateng f\u00f8les ekstra komfortable mot kroppen og gir et luksuri\u00f8st preg.\",\"breadcrumb\":{\"@id\":\"https:\\\/\\\/lykketegningtest.wp3.hcweb.dev\\\/da\\\/product-2\\\/smukt-sengesaet-i-satin-fra-lykketegning\\\/#breadcrumb\"},\"inLanguage\":\"de\",\"potentialAction\":[{\"@type\":\"ReadAction\",\"target\":[\"https:\\\/\\\/lykketegningtest.wp3.hcweb.dev\\\/da\\\/product-2\\\/smukt-sengesaet-i-satin-fra-lykketegning\\\/\"]}]},{\"@type\":\"ImageObject\",\"inLanguage\":\"de\",\"@id\":\"https:\\\/\\\/lykketegningtest.wp3.hcweb.dev\\\/da\\\/product-2\\\/smukt-sengesaet-i-satin-fra-lykketegning\\\/#primaryimage\",\"url\":\"https:\\\/\\\/lykketegningtest.wp3.hcweb.dev\\\/wp-content\\\/uploads\\\/2025\\\/11\\\/IMG_5674-scaled.jpg\",\"contentUrl\":\"https:\\\/\\\/lykketegningtest.wp3.hcweb.dev\\\/wp-content\\\/uploads\\\/2025\\\/11\\\/IMG_5674-scaled.jpg\",\"width\":1920,\"height\":2560},{\"@type\":\"BreadcrumbList\",\"@id\":\"https:\\\/\\\/lykketegningtest.wp3.hcweb.dev\\\/da\\\/product-2\\\/smukt-sengesaet-i-satin-fra-lykketegning\\\/#breadcrumb\",\"itemListElement\":[{\"@type\":\"ListItem\",\"position\":1,\"name\":\"Hjem\",\"item\":\"https:\\\/\\\/lykketegningtest.wp3.hcweb.dev\\\/\"},{\"@type\":\"ListItem\",\"position\":2,\"name\":\"Shop\",\"item\":\"https:\\\/\\\/lykketegningtest.wp3.hcweb.dev\\\/sv\\\/webbutik\\\/\"},{\"@type\":\"ListItem\",\"position\":3,\"name\":\"Introduksjonspris! Nydelig sateng sengesett fra Lykketegning\"}]},{\"@type\":\"WebSite\",\"@id\":\"https:\\\/\\\/lykketegningtest.wp3.hcweb.dev\\\/#website\",\"url\":\"https:\\\/\\\/lykketegningtest.wp3.hcweb.dev\\\/\",\"name\":\"LYKKETEGNING ILLUSTRAT\u00d8R\",\"description\":\"\",\"publisher\":{\"@id\":\"https:\\\/\\\/lykketegningtest.wp3.hcweb.dev\\\/#organization\"},\"potentialAction\":[{\"@type\":\"SearchAction\",\"target\":{\"@type\":\"EntryPoint\",\"urlTemplate\":\"https:\\\/\\\/lykketegningtest.wp3.hcweb.dev\\\/?s={search_term_string}\"},\"query-input\":{\"@type\":\"PropertyValueSpecification\",\"valueRequired\":true,\"valueName\":\"search_term_string\"}}],\"inLanguage\":\"de\"},{\"@type\":\"Organization\",\"@id\":\"https:\\\/\\\/lykketegningtest.wp3.hcweb.dev\\\/#organization\",\"name\":\"LYKKETEGNING ILLUSTRAT\u00d8R\",\"url\":\"https:\\\/\\\/lykketegningtest.wp3.hcweb.dev\\\/\",\"logo\":{\"@type\":\"ImageObject\",\"inLanguage\":\"de\",\"@id\":\"https:\\\/\\\/lykketegningtest.wp3.hcweb.dev\\\/#\\\/schema\\\/logo\\\/image\\\/\",\"url\":\"https:\\\/\\\/lykketegningtest.wp3.hcweb.dev\\\/wp-content\\\/uploads\\\/2020\\\/03\\\/Logo2020_h400px.jpg\",\"contentUrl\":\"https:\\\/\\\/lykketegningtest.wp3.hcweb.dev\\\/wp-content\\\/uploads\\\/2020\\\/03\\\/Logo2020_h400px.jpg\",\"width\":1024,\"height\":400,\"caption\":\"LYKKETEGNING ILLUSTRAT\u00d8R\"},\"image\":{\"@id\":\"https:\\\/\\\/lykketegningtest.wp3.hcweb.dev\\\/#\\\/schema\\\/logo\\\/image\\\/\"},\"sameAs\":[\"https:\\\/\\\/www.facebook.com\\\/lykketegning\\\/\",\"https:\\\/\\\/www.instagram.com\\\/lykketegning\\\/\",\"https:\\\/\\\/www.youtube.com\\\/@lykketegningillustrations\",\"https:\\\/\\\/www.tiktok.com\\\/@lykketegningillustration\"]}]}<\/script>\n<!-- \/ Yoast SEO plugin. -->","yoast_head_json":{"title":"Einf\u00fchrungspreis! Wundersch\u00f6nes Satin-Bettw\u00e4scheset von Lykketegning \u2013 LYKKETEGNING ILLUSTRATOR","description":"Wundersch\u00f6ne Satin-Bettgarnitur von Lykketegning. W\u00e4hlen Sie zwischen wei\u00df\/rosa\/blau. Die Bettw\u00e4schegarnitur ist aus Baumwolle von besonders guter Qualit\u00e4t gefertigt. Die d\u00fcnnen Baumwollf\u00e4den sind dicht gewebt und geben ein seidenweiches und angenehmes Gef\u00fchl am K\u00f6rper. Der Satin f\u00fchlt sich besonders angenehm auf dem K\u00f6rper an und verleiht einen luxuri\u00f6sen Touch.","robots":{"index":"noindex","follow":"follow","max-snippet":"max-snippet:-1","max-image-preview":"max-image-preview:large","max-video-preview":"max-video-preview:-1"},"og_locale":"de_DE","og_type":"article","og_title":"Introduksjonspris! Nydelig sateng sengesett fra Lykketegning - LYKKETEGNING ILLUSTRAT\u00d8R","og_description":"Nydelig sateng sengesett fra Lykketegning. Velg mellom hvit\/rosa\/bl\u00e5. Sengesettet er produsert i ekstra god bomullskvalitet. De tynne bomullstr\u00e5dene er tettvevd og gir en silkeaktig myk og behagelig f\u00f8lelse mot kroppen. Sateng f\u00f8les ekstra komfortable mot kroppen og gir et luksuri\u00f8st preg.","og_url":"https:\/\/lykketegningtest.wp3.hcweb.dev\/de\/product-2\/smukt-sengesaet-i-satin-fra-lykketegning\/","og_site_name":"LYKKETEGNING ILLUSTRAT\u00d8R","article_publisher":"https:\/\/www.facebook.com\/lykketegning\/","article_modified_time":"2026-05-08T08:59:58+00:00","og_image":[{"width":1920,"height":2560,"url":"https:\/\/www.lykketegning.no\/wp-content\/uploads\/2025\/11\/IMG_5674-scaled.jpg","type":"image\/jpeg"}],"twitter_card":"summary_large_image","twitter_misc":{"Gesch\u00e4tzte Lesezeit":"3\u00a0Minuten"},"schema":{"@context":"https:\/\/schema.org","@graph":[{"@type":"WebPage","@id":"https:\/\/lykketegningtest.wp3.hcweb.dev\/da\/product-2\/smukt-sengesaet-i-satin-fra-lykketegning\/","url":"https:\/\/lykketegningtest.wp3.hcweb.dev\/da\/product-2\/smukt-sengesaet-i-satin-fra-lykketegning\/","name":"Einf\u00fchrungspreis! Wundersch\u00f6nes Satin-Bettw\u00e4scheset von Lykketegning \u2013 LYKKETEGNING ILLUSTRATOR","isPartOf":{"@id":"https:\/\/lykketegningtest.wp3.hcweb.dev\/#website"},"primaryImageOfPage":{"@id":"https:\/\/lykketegningtest.wp3.hcweb.dev\/da\/product-2\/smukt-sengesaet-i-satin-fra-lykketegning\/#primaryimage"},"image":{"@id":"https:\/\/lykketegningtest.wp3.hcweb.dev\/da\/product-2\/smukt-sengesaet-i-satin-fra-lykketegning\/#primaryimage"},"thumbnailUrl":"https:\/\/lykketegningtest.wp3.hcweb.dev\/wp-content\/uploads\/2025\/11\/IMG_5674-scaled.jpg","datePublished":"2026-01-04T14:06:39+00:00","dateModified":"2026-05-08T08:59:58+00:00","description":"Wundersch\u00f6ne Satin-Bettgarnitur von Lykketegning. W\u00e4hlen Sie zwischen wei\u00df\/rosa\/blau. Die Bettw\u00e4schegarnitur ist aus Baumwolle von besonders guter Qualit\u00e4t gefertigt. Die d\u00fcnnen Baumwollf\u00e4den sind dicht gewebt und geben ein seidenweiches und angenehmes Gef\u00fchl am K\u00f6rper. Der Satin f\u00fchlt sich besonders angenehm auf dem K\u00f6rper an und verleiht einen luxuri\u00f6sen Touch.","breadcrumb":{"@id":"https:\/\/lykketegningtest.wp3.hcweb.dev\/da\/product-2\/smukt-sengesaet-i-satin-fra-lykketegning\/#breadcrumb"},"inLanguage":"de","potentialAction":[{"@type":"ReadAction","target":["https:\/\/lykketegningtest.wp3.hcweb.dev\/da\/product-2\/smukt-sengesaet-i-satin-fra-lykketegning\/"]}]},{"@type":"ImageObject","inLanguage":"de","@id":"https:\/\/lykketegningtest.wp3.hcweb.dev\/da\/product-2\/smukt-sengesaet-i-satin-fra-lykketegning\/#primaryimage","url":"https:\/\/lykketegningtest.wp3.hcweb.dev\/wp-content\/uploads\/2025\/11\/IMG_5674-scaled.jpg","contentUrl":"https:\/\/lykketegningtest.wp3.hcweb.dev\/wp-content\/uploads\/2025\/11\/IMG_5674-scaled.jpg","width":1920,"height":2560},{"@type":"BreadcrumbList","@id":"https:\/\/lykketegningtest.wp3.hcweb.dev\/da\/product-2\/smukt-sengesaet-i-satin-fra-lykketegning\/#breadcrumb","itemListElement":[{"@type":"ListItem","position":1,"name":"Hjem","item":"https:\/\/lykketegningtest.wp3.hcweb.dev\/"},{"@type":"ListItem","position":2,"name":"Shop","item":"https:\/\/lykketegningtest.wp3.hcweb.dev\/sv\/webbutik\/"},{"@type":"ListItem","position":3,"name":"Introduksjonspris! Nydelig sateng sengesett fra Lykketegning"}]},{"@type":"WebSite","@id":"https:\/\/lykketegningtest.wp3.hcweb.dev\/#website","url":"https:\/\/lykketegningtest.wp3.hcweb.dev\/","name":"GL\u00dcCKSZEICHNUNG ILLUSTRATOR","description":"","publisher":{"@id":"https:\/\/lykketegningtest.wp3.hcweb.dev\/#organization"},"potentialAction":[{"@type":"SearchAction","target":{"@type":"EntryPoint","urlTemplate":"https:\/\/lykketegningtest.wp3.hcweb.dev\/?s={search_term_string}"},"query-input":{"@type":"PropertyValueSpecification","valueRequired":true,"valueName":"search_term_string"}}],"inLanguage":"de"},{"@type":"Organization","@id":"https:\/\/lykketegningtest.wp3.hcweb.dev\/#organization","name":"GL\u00dcCKSZEICHNUNG ILLUSTRATOR","url":"https:\/\/lykketegningtest.wp3.hcweb.dev\/","logo":{"@type":"ImageObject","inLanguage":"de","@id":"https:\/\/lykketegningtest.wp3.hcweb.dev\/#\/schema\/logo\/image\/","url":"https:\/\/lykketegningtest.wp3.hcweb.dev\/wp-content\/uploads\/2020\/03\/Logo2020_h400px.jpg","contentUrl":"https:\/\/lykketegningtest.wp3.hcweb.dev\/wp-content\/uploads\/2020\/03\/Logo2020_h400px.jpg","width":1024,"height":400,"caption":"LYKKETEGNING ILLUSTRAT\u00d8R"},"image":{"@id":"https:\/\/lykketegningtest.wp3.hcweb.dev\/#\/schema\/logo\/image\/"},"sameAs":["https:\/\/www.facebook.com\/lykketegning\/","https:\/\/www.instagram.com\/lykketegning\/","https:\/\/www.youtube.com\/@lykketegningillustrations","https:\/\/www.tiktok.com\/@lykketegningillustration"]}]}},"_links":{"self":[{"href":"https:\/\/lykketegningtest.wp3.hcweb.dev\/de\/wp-json\/wp\/v2\/product\/41241","targetHints":{"allow":["GET"]}}],"collection":[{"href":"https:\/\/lykketegningtest.wp3.hcweb.dev\/de\/wp-json\/wp\/v2\/product"}],"about":[{"href":"https:\/\/lykketegningtest.wp3.hcweb.dev\/de\/wp-json\/wp\/v2\/types\/product"}],"replies":[{"embeddable":true,"href":"https:\/\/lykketegningtest.wp3.hcweb.dev\/de\/wp-json\/wp\/v2\/comments?post=41241"}],"wp:featuredmedia":[{"embeddable":true,"href":"https:\/\/lykketegningtest.wp3.hcweb.dev\/de\/wp-json\/wp\/v2\/media\/41425"}],"wp:attachment":[{"href":"https:\/\/lykketegningtest.wp3.hcweb.dev\/de\/wp-json\/wp\/v2\/media?parent=41241"}],"wp:term":[{"taxonomy":"product_brand","embeddable":true,"href":"https:\/\/lykketegningtest.wp3.hcweb.dev\/de\/wp-json\/wp\/v2\/product_brand?post=41241"},{"taxonomy":"product_cat","embeddable":true,"href":"https:\/\/lykketegningtest.wp3.hcweb.dev\/de\/wp-json\/wp\/v2\/product_cat?post=41241"},{"taxonomy":"product_tag","embeddable":true,"href":"https:\/\/lykketegningtest.wp3.hcweb.dev\/de\/wp-json\/wp\/v2\/product_tag?post=41241"}],"curies":[{"name":"wp","href":"https:\/\/api.w.org\/{rel}","templated":true}]}}