{"id":42099,"date":"2026-02-02T11:49:07","date_gmt":"2026-02-02T10:49:07","guid":{"rendered":"https:\/\/www-lykketegning.wp3.hcweb.dev\/?post_type=product&#038;p=42099"},"modified":"2026-03-27T11:28:58","modified_gmt":"2026-03-27T10:28:58","slug":"duftlys-fra-lykketegning-nyt","status":"publish","type":"product","link":"https:\/\/lykketegningtest.wp3.hcweb.dev\/de\/produkt\/duftlys-fra-lykketegning-nyt\/","title":{"rendered":"Duftkerzen von Luck Drawing. Neu."},"content":{"rendered":"<div class=\"attributes-spec-group-header t10\">\n<div>\n<h2 data-start=\"124\" data-end=\"156\">Duftkerzen von Luck Drawing. Neu.<\/h2>\n<p data-start=\"124\" data-end=\"156\">\u2728 <strong data-start=\"126\" data-end=\"152\">Neuigkeiten von Lykketegning<\/strong> \u2728<\/p>\n<p data-start=\"158\" data-end=\"239\">Eine Duftkerze, die Sie an das Wichtigste erinnert - pr\u00e4sent zu sein und den Moment zu genie\u00dfen.<\/p>\n<p data-start=\"241\" data-end=\"520\">Das hellblaue Glas schafft eine ruhige und elegante Atmosph\u00e4re, w\u00e4hrend der sanfte und saubere Duft den Raum mit W\u00e4rme und Harmonie erf\u00fcllt. Mit dem Text <em data-start=\"376\" data-end=\"412\">\u00abEs geht darum, den Moment zu genie\u00dfen\u00bb<\/em> diese Duftkerze wird eine kleine Erinnerung im Alltag sein, die Schultern zu senken und sich um die ruhigen Momente zu k\u00fcmmern.<\/p>\n<p data-start=\"522\" data-end=\"665\">Die Duftkerze Lucky Drawing ist sowohl als Dekoration als auch im Gebrauch wundersch\u00f6n und passt perfekt in jeden Raum - egal ob Sie Ruhe, Wohlbefinden oder eine gem\u00fctliche Atmosph\u00e4re w\u00fcnschen.<\/p>\n<p data-start=\"667\" data-end=\"716\"><strong data-start=\"667\" data-end=\"683\">Gl\u00fcckliche Ziehung<\/strong> - f\u00fcr die Momente, auf die es ankommt.<\/p>\n<p><strong>\"Bei Lykketegning wird jede Illustration mit viel W\u00e4rme und Sorgfalt erstellt.<\/strong><br \/>\n<strong>Mit kr\u00e4ftigen Farben, klaren Linien und guten Zitaten will Happiness Drawing Sie dazu bringen, einen Moment innezuhalten, tief durchzuatmen und dann einen guten Kurs nach vorne zu setzen.<\/strong><br \/>\n<strong>\"Die Herzen und das L\u00e4cheln sind von mir f\u00fcr dich, um dich daran zu erinnern, dass du wirklich gut bist!\"<\/strong><\/p>\n<p>Auf der Website finden Sie einige Illustrationen und andere Produkte wie Tassen, Gru\u00dfkarten und Kalender.<\/p>\n<p>Es kommen st\u00e4ndig neue Produkte hinzu. Melden Sie sich f\u00fcr den Newsletter an, um monatliche Updates zu erhalten.<\/p>\n<p>F\u00fcr <strong>viele viele viele viele<\/strong> weitere Illustrationen; besuchen Sie mein Instagram- und Facebook-Profil.<\/p>\n<p>Eigentlich sind alle Illustrationen k\u00e4uflich zu erwerben. 999 SEK f\u00fcr A4 und 1500 SEK f\u00fcr A3.<\/p>\n<p>Sie k\u00f6nnen auch Ihr eigenes Exemplar bestellen - ein tolles Geschenk f\u00fcr Hochzeiten und andere Feiern. Nehmen Sie dazu Kontakt mit dem Posteingang auf.<\/p>\n<p><em>Preis: 1500kr f\u00fcr A4 und A5 (bis zu 5 Personen\/Tier) zus\u00e4tzliche Kosten f\u00fcr mehr (bis zu 5 Personen\/Tier). A3 2000kr ex Porto. Ich muss die Haarfarbe\/den Haartyp, die Gr\u00f6\u00dfe, die Interessen und die gew\u00fcnschte Anzahl der abgebildeten Personen wissen. Alle Kostenvoranschl\u00e4ge, die Sie w\u00fcnschen, eingeschlossen.<\/em><\/p>\n<p>Wenn Sie Fragen haben, z\u00f6gern Sie nicht, mich zu kontaktieren! Wenn Sie sich \u00fcber eine m\u00f6gliche Zusammenarbeit unterhalten m\u00f6chten, schicken Sie mir bitte eine E-Mail.<\/p>\n<p>Ich freue mich, von Ihnen zu h\u00f6ren und w\u00fcnsche Ihnen einen sch\u00f6nen Tag. <a href=\"https:\/\/www.facebook.com\/lykketegning\/?locale=nb_NO\">Dies f\u00fchrt Sie zu meiner Facebook-Seite.<\/a> Und wenn Sie mir folgen wollen auf<a href=\"https:\/\/www.instagram.com\/lykketegning\/?hl=nb\"> Instagram, dann finden Sie es hier.<\/a><\/p>\n<p>K\u00fcnstler<br \/>\nIngebj\u00f8rg Rang\u00f8y Sj\u00e5land<\/p>\n<p>Gr\u00f6\u00dfe und Gewicht<\/p>\n<\/div>\n<\/div>\n<div class=\"product-detail-value-wrapper\">\n<div class=\"row\">\n<div class=\"col-6\"><span class=\"product-detail-value-name\">Gewicht (kg)<\/span><span class=\"product-detail-value-value\">0,3760<\/span><\/div>\n<\/div>\n<\/div>\n<div class=\"product-detail-value-wrapper\">\n<div class=\"row\">\n<div class=\"col-6\"><span class=\"product-detail-value-name\">Breite (cm)<\/span><span class=\"product-detail-value-value\">7,60<\/span><\/div>\n<\/div>\n<\/div>\n<div class=\"product-detail-value-wrapper\">\n<div class=\"row\">\n<div class=\"col-6\"><span class=\"product-detail-value-name\">L\u00e4nge (cm)<\/span><span class=\"product-detail-value-value\">7,60<\/span><\/div>\n<\/div>\n<\/div>\n<div class=\"product-detail-value-wrapper\">\n<div class=\"row\">\n<div class=\"col-6\"><span class=\"product-detail-value-name\">Gr\u00f6\u00dfe<\/span><\/div>\n<div class=\"col-6\"><span class=\"product-detail-value-value\">7,6\u00d77,6\u00d78,6 cm<\/span><\/div>\n<\/div>\n<\/div>\n<div class=\"product-detail-value-wrapper\">\n<div class=\"row\">\n<div class=\"col-6\"><span class=\"product-detail-value-name\">H\u00f6he (cm)<\/span><span class=\"product-detail-value-value\">8,60<\/span><\/div>\n<\/div>\n<\/div>\n<div class=\"product-detail-value-wrapper\">\n<div class=\"row\">\n<div class=\"col-6\"><span class=\"product-detail-value-value\">Blaue Farbe<\/span><\/div>\n<\/div>\n<\/div>\n<div class=\"product-detail-value-wrapper\">\n<div class=\"row\">\n<div class=\"col-6\"><span class=\"product-detail-value-name\">Materialien<\/span><\/div>\n<div class=\"col-6\"><span class=\"product-detail-value-value\">Glas, Wachs<\/span><\/div>\n<\/div>\n<\/div>\n<div class=\"product-detail-value-wrapper\">\n<div class=\"row\"><\/div>\n<div class=\"row\">\n<div class=\"col-6\">Kann eine allergische Reaktion ausl\u00f6sen.<\/div>\n<div class=\"col-6\">Giftig, mit langfristiger Wirkung, f\u00fcr Wasserorganismen.<\/div>\n<\/div>\n<\/div>","protected":false},"excerpt":{"rendered":"<p data-start=\"124\" data-end=\"156\"><strong>Duftkerzen von Luck Drawing. Neu.<\/strong><\/p>\n<p data-start=\"124\" data-end=\"156\">\u2728 <strong data-start=\"126\" data-end=\"152\">Neuigkeiten von Lykketegning<\/strong> \u2728<\/p>\n<p data-start=\"158\" data-end=\"239\">Eine Duftkerze, die Sie an das Wichtigste erinnert - pr\u00e4sent zu sein und den Moment zu genie\u00dfen.<\/p>\n<p data-start=\"241\" data-end=\"520\">Das hellblaue Glas schafft eine ruhige und elegante Atmosph\u00e4re, w\u00e4hrend der sanfte und saubere Duft den Raum mit W\u00e4rme und Harmonie erf\u00fcllt. Mit dem Text <em data-start=\"376\" data-end=\"412\">\u00abEs geht darum, den Moment zu genie\u00dfen\u00bb<\/em> diese Duftkerze wird eine kleine Erinnerung im Alltag sein, die Schultern zu senken und sich um die ruhigen Momente zu k\u00fcmmern.<\/p>\n<p data-start=\"522\" data-end=\"665\">Die Duftkerze Lucky Drawing ist sowohl als Dekoration als auch im Gebrauch wundersch\u00f6n und passt perfekt in jeden Raum - egal ob Sie Ruhe, Wohlbefinden oder eine gem\u00fctliche Atmosph\u00e4re w\u00fcnschen.<\/p>\n<p data-start=\"667\" data-end=\"716\"><strong data-start=\"667\" data-end=\"683\">Gl\u00fcckliche Ziehung<\/strong> - f\u00fcr die Momente, auf die es ankommt.<\/p>","protected":false},"featured_media":42101,"comment_status":"closed","ping_status":"closed","template":"","meta":[],"product_brand":[],"product_cat":[197,168],"product_tag":[445,443,444],"class_list":{"0":"post-42099","1":"product","2":"type-product","3":"status-publish","4":"has-post-thumbnail","6":"product_cat-graverte-vinglass-champagneglass","7":"product_cat-takkegave","8":"product_tag-duft","9":"product_tag-duftlys","10":"product_tag-lys","12":"first","13":"instock","14":"taxable","15":"shipping-taxable","16":"purchasable","17":"product-type-simple"},"yoast_head":"<!-- This site is optimized with the Yoast SEO plugin v27.5 - https:\/\/yoast.com\/product\/yoast-seo-wordpress\/ -->\n<title>Duftlys fra Lykketegning. Nyt. - LYKKETEGNING ILLUSTRAT\u00d8R<\/title>\n<meta name=\"description\" content=\"Med teksten \u00abDet handler om \u00e5 nyte \u00f8yeblikket\u00bb blir dette duftlyset en liten p\u00e5minnelse i hverdagen om \u00e5 senke skuldrene og ta vare p\u00e5 de stille stundene.\" \/>\n<meta name=\"robots\" content=\"noindex, follow, max-snippet:-1, max-image-preview:large, max-video-preview:-1\" \/>\n<meta property=\"og:locale\" content=\"de_DE\" \/>\n<meta property=\"og:type\" content=\"article\" \/>\n<meta property=\"og:title\" content=\"Duftlys fra Lykketegning. Nyt. - LYKKETEGNING ILLUSTRAT\u00d8R\" \/>\n<meta property=\"og:description\" content=\"Med teksten \u00abDet handler om \u00e5 nyte \u00f8yeblikket\u00bb blir dette duftlyset en liten p\u00e5minnelse i hverdagen om \u00e5 senke skuldrene og ta vare p\u00e5 de stille stundene.\" \/>\n<meta property=\"og:url\" content=\"https:\/\/lykketegningtest.wp3.hcweb.dev\/de\/produkt\/duftlys-fra-lykketegning-nyt\/\" \/>\n<meta property=\"og:site_name\" content=\"LYKKETEGNING ILLUSTRAT\u00d8R\" \/>\n<meta property=\"article:publisher\" content=\"https:\/\/www.facebook.com\/lykketegning\/\" \/>\n<meta property=\"article:modified_time\" content=\"2026-03-27T10:28:58+00:00\" \/>\n<meta property=\"og:image\" content=\"https:\/\/www.lykketegning.no\/wp-content\/uploads\/2026\/02\/40250324-scaled.jpg\" \/>\n\t<meta property=\"og:image:width\" content=\"2560\" \/>\n\t<meta property=\"og:image:height\" content=\"2560\" \/>\n\t<meta property=\"og:image:type\" content=\"image\/jpeg\" \/>\n<meta name=\"twitter:card\" content=\"summary_large_image\" \/>\n<meta name=\"twitter:label1\" content=\"Gesch\u00e4tzte Lesezeit\" \/>\n\t<meta name=\"twitter:data1\" content=\"3\u00a0Minuten\" \/>\n<script type=\"application\/ld+json\" class=\"yoast-schema-graph\">{\"@context\":\"https:\\\/\\\/schema.org\",\"@graph\":[{\"@type\":\"WebPage\",\"@id\":\"https:\\\/\\\/lykketegningtest.wp3.hcweb.dev\\\/produkt\\\/duftlys-fra-lykketegning-nyt\\\/\",\"url\":\"https:\\\/\\\/lykketegningtest.wp3.hcweb.dev\\\/produkt\\\/duftlys-fra-lykketegning-nyt\\\/\",\"name\":\"Duftlys fra Lykketegning. Nyt. - LYKKETEGNING ILLUSTRAT\u00d8R\",\"isPartOf\":{\"@id\":\"https:\\\/\\\/lykketegningtest.wp3.hcweb.dev\\\/#website\"},\"primaryImageOfPage\":{\"@id\":\"https:\\\/\\\/lykketegningtest.wp3.hcweb.dev\\\/produkt\\\/duftlys-fra-lykketegning-nyt\\\/#primaryimage\"},\"image\":{\"@id\":\"https:\\\/\\\/lykketegningtest.wp3.hcweb.dev\\\/produkt\\\/duftlys-fra-lykketegning-nyt\\\/#primaryimage\"},\"thumbnailUrl\":\"https:\\\/\\\/lykketegningtest.wp3.hcweb.dev\\\/wp-content\\\/uploads\\\/2026\\\/02\\\/40250324-scaled.jpg\",\"datePublished\":\"2026-02-02T10:49:07+00:00\",\"dateModified\":\"2026-03-27T10:28:58+00:00\",\"description\":\"Med teksten \u00abDet handler om \u00e5 nyte \u00f8yeblikket\u00bb blir dette duftlyset en liten p\u00e5minnelse i hverdagen om \u00e5 senke skuldrene og ta vare p\u00e5 de stille stundene.\",\"breadcrumb\":{\"@id\":\"https:\\\/\\\/lykketegningtest.wp3.hcweb.dev\\\/produkt\\\/duftlys-fra-lykketegning-nyt\\\/#breadcrumb\"},\"inLanguage\":\"de\",\"potentialAction\":[{\"@type\":\"ReadAction\",\"target\":[\"https:\\\/\\\/lykketegningtest.wp3.hcweb.dev\\\/produkt\\\/duftlys-fra-lykketegning-nyt\\\/\"]}]},{\"@type\":\"ImageObject\",\"inLanguage\":\"de\",\"@id\":\"https:\\\/\\\/lykketegningtest.wp3.hcweb.dev\\\/produkt\\\/duftlys-fra-lykketegning-nyt\\\/#primaryimage\",\"url\":\"https:\\\/\\\/lykketegningtest.wp3.hcweb.dev\\\/wp-content\\\/uploads\\\/2026\\\/02\\\/40250324-scaled.jpg\",\"contentUrl\":\"https:\\\/\\\/lykketegningtest.wp3.hcweb.dev\\\/wp-content\\\/uploads\\\/2026\\\/02\\\/40250324-scaled.jpg\",\"width\":2560,\"height\":2560},{\"@type\":\"BreadcrumbList\",\"@id\":\"https:\\\/\\\/lykketegningtest.wp3.hcweb.dev\\\/produkt\\\/duftlys-fra-lykketegning-nyt\\\/#breadcrumb\",\"itemListElement\":[{\"@type\":\"ListItem\",\"position\":1,\"name\":\"Hjem\",\"item\":\"https:\\\/\\\/lykketegningtest.wp3.hcweb.dev\\\/\"},{\"@type\":\"ListItem\",\"position\":2,\"name\":\"Shop\",\"item\":\"https:\\\/\\\/lykketegningtest.wp3.hcweb.dev\\\/sv\\\/webbutik\\\/\"},{\"@type\":\"ListItem\",\"position\":3,\"name\":\"Duftlys fra Lykketegning. Nyt.\"}]},{\"@type\":\"WebSite\",\"@id\":\"https:\\\/\\\/lykketegningtest.wp3.hcweb.dev\\\/#website\",\"url\":\"https:\\\/\\\/lykketegningtest.wp3.hcweb.dev\\\/\",\"name\":\"LYKKETEGNING ILLUSTRAT\u00d8R\",\"description\":\"\",\"publisher\":{\"@id\":\"https:\\\/\\\/lykketegningtest.wp3.hcweb.dev\\\/#organization\"},\"potentialAction\":[{\"@type\":\"SearchAction\",\"target\":{\"@type\":\"EntryPoint\",\"urlTemplate\":\"https:\\\/\\\/lykketegningtest.wp3.hcweb.dev\\\/?s={search_term_string}\"},\"query-input\":{\"@type\":\"PropertyValueSpecification\",\"valueRequired\":true,\"valueName\":\"search_term_string\"}}],\"inLanguage\":\"de\"},{\"@type\":\"Organization\",\"@id\":\"https:\\\/\\\/lykketegningtest.wp3.hcweb.dev\\\/#organization\",\"name\":\"LYKKETEGNING ILLUSTRAT\u00d8R\",\"url\":\"https:\\\/\\\/lykketegningtest.wp3.hcweb.dev\\\/\",\"logo\":{\"@type\":\"ImageObject\",\"inLanguage\":\"de\",\"@id\":\"https:\\\/\\\/lykketegningtest.wp3.hcweb.dev\\\/#\\\/schema\\\/logo\\\/image\\\/\",\"url\":\"https:\\\/\\\/lykketegningtest.wp3.hcweb.dev\\\/wp-content\\\/uploads\\\/2020\\\/03\\\/Logo2020_h400px.jpg\",\"contentUrl\":\"https:\\\/\\\/lykketegningtest.wp3.hcweb.dev\\\/wp-content\\\/uploads\\\/2020\\\/03\\\/Logo2020_h400px.jpg\",\"width\":1024,\"height\":400,\"caption\":\"LYKKETEGNING ILLUSTRAT\u00d8R\"},\"image\":{\"@id\":\"https:\\\/\\\/lykketegningtest.wp3.hcweb.dev\\\/#\\\/schema\\\/logo\\\/image\\\/\"},\"sameAs\":[\"https:\\\/\\\/www.facebook.com\\\/lykketegning\\\/\",\"https:\\\/\\\/www.instagram.com\\\/lykketegning\\\/\",\"https:\\\/\\\/www.youtube.com\\\/@lykketegningillustrations\",\"https:\\\/\\\/www.tiktok.com\\\/@lykketegningillustration\"]}]}<\/script>\n<!-- \/ Yoast SEO plugin. -->","yoast_head_json":{"title":"Duftkerzen von Luck Drawing. Neu. - GL\u00dcCKSZEICHNUNG ILLUSTRATOR","description":"Mit dem Text \u00abIt's all about savouring the moment\u00bb ist diese Duftkerze eine kleine, allt\u00e4gliche Erinnerung daran, die Schultern zu senken und sich um die ruhigen Momente zu k\u00fcmmern.","robots":{"index":"noindex","follow":"follow","max-snippet":"max-snippet:-1","max-image-preview":"max-image-preview:large","max-video-preview":"max-video-preview:-1"},"og_locale":"de_DE","og_type":"article","og_title":"Duftlys fra Lykketegning. Nyt. - LYKKETEGNING ILLUSTRAT\u00d8R","og_description":"Med teksten \u00abDet handler om \u00e5 nyte \u00f8yeblikket\u00bb blir dette duftlyset en liten p\u00e5minnelse i hverdagen om \u00e5 senke skuldrene og ta vare p\u00e5 de stille stundene.","og_url":"https:\/\/lykketegningtest.wp3.hcweb.dev\/de\/produkt\/duftlys-fra-lykketegning-nyt\/","og_site_name":"LYKKETEGNING ILLUSTRAT\u00d8R","article_publisher":"https:\/\/www.facebook.com\/lykketegning\/","article_modified_time":"2026-03-27T10:28:58+00:00","og_image":[{"width":2560,"height":2560,"url":"https:\/\/www.lykketegning.no\/wp-content\/uploads\/2026\/02\/40250324-scaled.jpg","type":"image\/jpeg"}],"twitter_card":"summary_large_image","twitter_misc":{"Gesch\u00e4tzte Lesezeit":"3\u00a0Minuten"},"schema":{"@context":"https:\/\/schema.org","@graph":[{"@type":"WebPage","@id":"https:\/\/lykketegningtest.wp3.hcweb.dev\/produkt\/duftlys-fra-lykketegning-nyt\/","url":"https:\/\/lykketegningtest.wp3.hcweb.dev\/produkt\/duftlys-fra-lykketegning-nyt\/","name":"Duftkerzen von Luck Drawing. Neu. - GL\u00dcCKSZEICHNUNG ILLUSTRATOR","isPartOf":{"@id":"https:\/\/lykketegningtest.wp3.hcweb.dev\/#website"},"primaryImageOfPage":{"@id":"https:\/\/lykketegningtest.wp3.hcweb.dev\/produkt\/duftlys-fra-lykketegning-nyt\/#primaryimage"},"image":{"@id":"https:\/\/lykketegningtest.wp3.hcweb.dev\/produkt\/duftlys-fra-lykketegning-nyt\/#primaryimage"},"thumbnailUrl":"https:\/\/lykketegningtest.wp3.hcweb.dev\/wp-content\/uploads\/2026\/02\/40250324-scaled.jpg","datePublished":"2026-02-02T10:49:07+00:00","dateModified":"2026-03-27T10:28:58+00:00","description":"Mit dem Text \u00abIt's all about savouring the moment\u00bb ist diese Duftkerze eine kleine, allt\u00e4gliche Erinnerung daran, die Schultern zu senken und sich um die ruhigen Momente zu k\u00fcmmern.","breadcrumb":{"@id":"https:\/\/lykketegningtest.wp3.hcweb.dev\/produkt\/duftlys-fra-lykketegning-nyt\/#breadcrumb"},"inLanguage":"de","potentialAction":[{"@type":"ReadAction","target":["https:\/\/lykketegningtest.wp3.hcweb.dev\/produkt\/duftlys-fra-lykketegning-nyt\/"]}]},{"@type":"ImageObject","inLanguage":"de","@id":"https:\/\/lykketegningtest.wp3.hcweb.dev\/produkt\/duftlys-fra-lykketegning-nyt\/#primaryimage","url":"https:\/\/lykketegningtest.wp3.hcweb.dev\/wp-content\/uploads\/2026\/02\/40250324-scaled.jpg","contentUrl":"https:\/\/lykketegningtest.wp3.hcweb.dev\/wp-content\/uploads\/2026\/02\/40250324-scaled.jpg","width":2560,"height":2560},{"@type":"BreadcrumbList","@id":"https:\/\/lykketegningtest.wp3.hcweb.dev\/produkt\/duftlys-fra-lykketegning-nyt\/#breadcrumb","itemListElement":[{"@type":"ListItem","position":1,"name":"Hjem","item":"https:\/\/lykketegningtest.wp3.hcweb.dev\/"},{"@type":"ListItem","position":2,"name":"Shop","item":"https:\/\/lykketegningtest.wp3.hcweb.dev\/sv\/webbutik\/"},{"@type":"ListItem","position":3,"name":"Duftlys fra Lykketegning. Nyt."}]},{"@type":"WebSite","@id":"https:\/\/lykketegningtest.wp3.hcweb.dev\/#website","url":"https:\/\/lykketegningtest.wp3.hcweb.dev\/","name":"GL\u00dcCKSZEICHNUNG ILLUSTRATOR","description":"","publisher":{"@id":"https:\/\/lykketegningtest.wp3.hcweb.dev\/#organization"},"potentialAction":[{"@type":"SearchAction","target":{"@type":"EntryPoint","urlTemplate":"https:\/\/lykketegningtest.wp3.hcweb.dev\/?s={search_term_string}"},"query-input":{"@type":"PropertyValueSpecification","valueRequired":true,"valueName":"search_term_string"}}],"inLanguage":"de"},{"@type":"Organization","@id":"https:\/\/lykketegningtest.wp3.hcweb.dev\/#organization","name":"GL\u00dcCKSZEICHNUNG ILLUSTRATOR","url":"https:\/\/lykketegningtest.wp3.hcweb.dev\/","logo":{"@type":"ImageObject","inLanguage":"de","@id":"https:\/\/lykketegningtest.wp3.hcweb.dev\/#\/schema\/logo\/image\/","url":"https:\/\/lykketegningtest.wp3.hcweb.dev\/wp-content\/uploads\/2020\/03\/Logo2020_h400px.jpg","contentUrl":"https:\/\/lykketegningtest.wp3.hcweb.dev\/wp-content\/uploads\/2020\/03\/Logo2020_h400px.jpg","width":1024,"height":400,"caption":"LYKKETEGNING ILLUSTRAT\u00d8R"},"image":{"@id":"https:\/\/lykketegningtest.wp3.hcweb.dev\/#\/schema\/logo\/image\/"},"sameAs":["https:\/\/www.facebook.com\/lykketegning\/","https:\/\/www.instagram.com\/lykketegning\/","https:\/\/www.youtube.com\/@lykketegningillustrations","https:\/\/www.tiktok.com\/@lykketegningillustration"]}]}},"_links":{"self":[{"href":"https:\/\/lykketegningtest.wp3.hcweb.dev\/de\/wp-json\/wp\/v2\/product\/42099","targetHints":{"allow":["GET"]}}],"collection":[{"href":"https:\/\/lykketegningtest.wp3.hcweb.dev\/de\/wp-json\/wp\/v2\/product"}],"about":[{"href":"https:\/\/lykketegningtest.wp3.hcweb.dev\/de\/wp-json\/wp\/v2\/types\/product"}],"replies":[{"embeddable":true,"href":"https:\/\/lykketegningtest.wp3.hcweb.dev\/de\/wp-json\/wp\/v2\/comments?post=42099"}],"wp:featuredmedia":[{"embeddable":true,"href":"https:\/\/lykketegningtest.wp3.hcweb.dev\/de\/wp-json\/wp\/v2\/media\/42101"}],"wp:attachment":[{"href":"https:\/\/lykketegningtest.wp3.hcweb.dev\/de\/wp-json\/wp\/v2\/media?parent=42099"}],"wp:term":[{"taxonomy":"product_brand","embeddable":true,"href":"https:\/\/lykketegningtest.wp3.hcweb.dev\/de\/wp-json\/wp\/v2\/product_brand?post=42099"},{"taxonomy":"product_cat","embeddable":true,"href":"https:\/\/lykketegningtest.wp3.hcweb.dev\/de\/wp-json\/wp\/v2\/product_cat?post=42099"},{"taxonomy":"product_tag","embeddable":true,"href":"https:\/\/lykketegningtest.wp3.hcweb.dev\/de\/wp-json\/wp\/v2\/product_tag?post=42099"}],"curies":[{"name":"wp","href":"https:\/\/api.w.org\/{rel}","templated":true}]}}