{"id":42311,"date":"2024-03-12T14:42:57","date_gmt":"2024-03-12T13:42:57","guid":{"rendered":"https:\/\/www-lykketegning.wp3.hcweb.dev\/?post_type=product&#038;p=42311"},"modified":"2026-03-19T09:38:17","modified_gmt":"2026-03-19T08:38:17","slug":"promarker-denim-blue","status":"publish","type":"product","link":"https:\/\/lykketegningtest.wp3.hcweb.dev\/de\/produkt\/promarker-denim-blue\/","title":{"rendered":"Promarker Denim Blau"},"content":{"rendered":"<div class=\"product-name\">\n<div class=\"product-name\">\n<div class=\"product-name\">\n<div class=\"product-name\">\n<div class=\"product-name\">\n<div class=\"product-name\">\n<div class=\"product-name\">\n<div class=\"product-name\">\n<h1>Promarker Denim Blau<\/h1>\n<h3 class=\"articleName2\">C917 Denim Blau<\/h3>\n<\/div>\n<div class=\"nobbInfo\">\n<div class=\"additional-details\">\n<div class=\"sku\"><span class=\"label\">VARENR:<\/span> <span id=\"sku-27087\" class=\"value\">4003352<\/span><\/div>\n<div class=\"manufacturer-part-number\"><span class=\"label\">HERSTELLER-TEILENUMMER:<\/span> <span id=\"mpn-27087\" class=\"value\">884955041475<\/span><\/div>\n<div class=\"gtin\"><span class=\"label\">GTIN:<\/span> <span id=\"gtin-27087\" class=\"value\">884955041475<\/span><\/div>\n<\/div>\n<div class=\"unit\">UNIT: STK<\/div>\n<div class=\"unitInPack\">MENGE IN DER PACKUNG: 1<\/div>\n<\/div>\n<\/div>\n<\/div>\n<\/div>\n<\/div>\n<div class=\"nobbInfo\">\n<div class=\"unitInPack\">\n<div class=\"product-name\">\n<div class=\"short-description\">\n<div class=\"short-description\">\n<p>&nbsp;<\/p>\n<\/div>\n<\/div>\n<\/div>\n<\/div>\n<\/div>\n<\/div>\n<\/div>\n<\/div>\n<div class=\"short-description\"><b>Promarker von Winsor &amp; Newton<\/b> Der Promarker von Winsor &amp; Newton ist einer der weltweit beliebtesten Marker in Profiqualit\u00e4t und hat eine besonders starke Position in den Bereichen Hobby, Design und Illustration. Der Marker ist in 189 Farben und verschiedenen Sets erh\u00e4ltlich und hat zwei Spitzen. Eine Spitze ist eine feine, runde Spitze, die sich ideal f\u00fcr Details eignet, und die andere ist eine breite Spitze. Die Tinte enth\u00e4lt Tinte auf Alkoholbasis. F\u00fcr beste Ergebnisse sollte er auf bleedproff-Markerpapier verwendet werden.<\/div>","protected":false},"excerpt":{"rendered":"<p><b>Promarker von Winsor &amp; Newton<\/b> Der Promarker von Winsor &amp; Newton ist einer der weltweit beliebtesten Marker in Profiqualit\u00e4t und hat eine besonders starke Position in den Bereichen Hobby, Design und Illustration. Der Marker ist in 189 Farben und verschiedenen Sets erh\u00e4ltlich und hat zwei Spitzen. Eine Spitze ist eine feine, runde Spitze, die sich ideal f\u00fcr Details eignet, und die andere ist eine breite Spitze. Die Tinte enth\u00e4lt Tinte auf Alkoholbasis. F\u00fcr beste Ergebnisse sollte er auf bleedproff-Markerpapier verwendet werden.<\/p>","protected":false},"featured_media":42312,"comment_status":"closed","ping_status":"closed","template":"","meta":[],"product_brand":[],"product_cat":[446],"product_tag":[],"class_list":{"0":"post-42311","1":"product","2":"type-product","3":"status-publish","4":"has-post-thumbnail","6":"product_cat-promarker-tusjer","7":"product_shipping_class-tusjer-og-kort","9":"first","10":"instock","11":"taxable","12":"shipping-taxable","13":"purchasable","14":"product-type-simple"},"yoast_head":"<!-- This site is optimized with the Yoast SEO plugin v27.5 - https:\/\/yoast.com\/product\/yoast-seo-wordpress\/ -->\n<title>Promarker Denim Blue - LYKKETEGNING ILLUSTRAT\u00d8R<\/title>\n<meta name=\"description\" content=\"Promarker Denim Blue fra Winsor &amp; Newton er en av verdens mest popul\u00e6re tusjer i profesjonell kvalitet, og har en spesielt solid posisjon i design- og illustrasjonsmilj\u00f8er.\" \/>\n<meta name=\"robots\" content=\"noindex, follow, max-snippet:-1, max-image-preview:large, max-video-preview:-1\" \/>\n<meta property=\"og:locale\" content=\"de_DE\" \/>\n<meta property=\"og:type\" content=\"article\" \/>\n<meta property=\"og:title\" content=\"Promarker Denim Blue - LYKKETEGNING ILLUSTRAT\u00d8R\" \/>\n<meta property=\"og:description\" content=\"Promarker Denim Blue fra Winsor &amp; Newton er en av verdens mest popul\u00e6re tusjer i profesjonell kvalitet, og har en spesielt solid posisjon i design- og illustrasjonsmilj\u00f8er.\" \/>\n<meta property=\"og:url\" content=\"https:\/\/lykketegningtest.wp3.hcweb.dev\/de\/produkt\/promarker-denim-blue\/\" \/>\n<meta property=\"og:site_name\" content=\"LYKKETEGNING ILLUSTRAT\u00d8R\" \/>\n<meta property=\"article:publisher\" content=\"https:\/\/www.facebook.com\/lykketegning\/\" \/>\n<meta property=\"article:modified_time\" content=\"2026-03-19T08:38:17+00:00\" \/>\n<meta property=\"og:image\" content=\"https:\/\/www.lykketegning.no\/wp-content\/uploads\/2026\/03\/0030142_promarker-denim-blue-4003352.jpeg\" \/>\n\t<meta property=\"og:image:width\" content=\"900\" \/>\n\t<meta property=\"og:image:height\" content=\"900\" \/>\n\t<meta property=\"og:image:type\" content=\"image\/jpeg\" \/>\n<meta name=\"twitter:card\" content=\"summary_large_image\" \/>\n<meta name=\"twitter:label1\" content=\"Gesch\u00e4tzte Lesezeit\" \/>\n\t<meta name=\"twitter:data1\" content=\"1\u00a0Minute\" \/>\n<script type=\"application\/ld+json\" class=\"yoast-schema-graph\">{\"@context\":\"https:\\\/\\\/schema.org\",\"@graph\":[{\"@type\":\"WebPage\",\"@id\":\"https:\\\/\\\/lykketegningtest.wp3.hcweb.dev\\\/produkt\\\/promarker-denim-blue\\\/\",\"url\":\"https:\\\/\\\/lykketegningtest.wp3.hcweb.dev\\\/produkt\\\/promarker-denim-blue\\\/\",\"name\":\"Promarker Denim Blue - LYKKETEGNING ILLUSTRAT\u00d8R\",\"isPartOf\":{\"@id\":\"https:\\\/\\\/lykketegningtest.wp3.hcweb.dev\\\/#website\"},\"primaryImageOfPage\":{\"@id\":\"https:\\\/\\\/lykketegningtest.wp3.hcweb.dev\\\/produkt\\\/promarker-denim-blue\\\/#primaryimage\"},\"image\":{\"@id\":\"https:\\\/\\\/lykketegningtest.wp3.hcweb.dev\\\/produkt\\\/promarker-denim-blue\\\/#primaryimage\"},\"thumbnailUrl\":\"https:\\\/\\\/lykketegningtest.wp3.hcweb.dev\\\/wp-content\\\/uploads\\\/2026\\\/03\\\/0030142_promarker-denim-blue-4003352.jpeg\",\"datePublished\":\"2024-03-12T13:42:57+00:00\",\"dateModified\":\"2026-03-19T08:38:17+00:00\",\"description\":\"Promarker Denim Blue fra Winsor & Newton er en av verdens mest popul\u00e6re tusjer i profesjonell kvalitet, og har en spesielt solid posisjon i design- og illustrasjonsmilj\u00f8er.\",\"breadcrumb\":{\"@id\":\"https:\\\/\\\/lykketegningtest.wp3.hcweb.dev\\\/produkt\\\/promarker-denim-blue\\\/#breadcrumb\"},\"inLanguage\":\"de\",\"potentialAction\":[{\"@type\":\"ReadAction\",\"target\":[\"https:\\\/\\\/lykketegningtest.wp3.hcweb.dev\\\/produkt\\\/promarker-denim-blue\\\/\"]}]},{\"@type\":\"ImageObject\",\"inLanguage\":\"de\",\"@id\":\"https:\\\/\\\/lykketegningtest.wp3.hcweb.dev\\\/produkt\\\/promarker-denim-blue\\\/#primaryimage\",\"url\":\"https:\\\/\\\/lykketegningtest.wp3.hcweb.dev\\\/wp-content\\\/uploads\\\/2026\\\/03\\\/0030142_promarker-denim-blue-4003352.jpeg\",\"contentUrl\":\"https:\\\/\\\/lykketegningtest.wp3.hcweb.dev\\\/wp-content\\\/uploads\\\/2026\\\/03\\\/0030142_promarker-denim-blue-4003352.jpeg\",\"width\":900,\"height\":900},{\"@type\":\"BreadcrumbList\",\"@id\":\"https:\\\/\\\/lykketegningtest.wp3.hcweb.dev\\\/produkt\\\/promarker-denim-blue\\\/#breadcrumb\",\"itemListElement\":[{\"@type\":\"ListItem\",\"position\":1,\"name\":\"Hjem\",\"item\":\"https:\\\/\\\/lykketegningtest.wp3.hcweb.dev\\\/\"},{\"@type\":\"ListItem\",\"position\":2,\"name\":\"Shop\",\"item\":\"https:\\\/\\\/lykketegningtest.wp3.hcweb.dev\\\/sv\\\/webbutik\\\/\"},{\"@type\":\"ListItem\",\"position\":3,\"name\":\"Promarker Denim Blue\"}]},{\"@type\":\"WebSite\",\"@id\":\"https:\\\/\\\/lykketegningtest.wp3.hcweb.dev\\\/#website\",\"url\":\"https:\\\/\\\/lykketegningtest.wp3.hcweb.dev\\\/\",\"name\":\"LYKKETEGNING ILLUSTRAT\u00d8R\",\"description\":\"\",\"publisher\":{\"@id\":\"https:\\\/\\\/lykketegningtest.wp3.hcweb.dev\\\/#organization\"},\"potentialAction\":[{\"@type\":\"SearchAction\",\"target\":{\"@type\":\"EntryPoint\",\"urlTemplate\":\"https:\\\/\\\/lykketegningtest.wp3.hcweb.dev\\\/?s={search_term_string}\"},\"query-input\":{\"@type\":\"PropertyValueSpecification\",\"valueRequired\":true,\"valueName\":\"search_term_string\"}}],\"inLanguage\":\"de\"},{\"@type\":\"Organization\",\"@id\":\"https:\\\/\\\/lykketegningtest.wp3.hcweb.dev\\\/#organization\",\"name\":\"LYKKETEGNING ILLUSTRAT\u00d8R\",\"url\":\"https:\\\/\\\/lykketegningtest.wp3.hcweb.dev\\\/\",\"logo\":{\"@type\":\"ImageObject\",\"inLanguage\":\"de\",\"@id\":\"https:\\\/\\\/lykketegningtest.wp3.hcweb.dev\\\/#\\\/schema\\\/logo\\\/image\\\/\",\"url\":\"https:\\\/\\\/lykketegningtest.wp3.hcweb.dev\\\/wp-content\\\/uploads\\\/2020\\\/03\\\/Logo2020_h400px.jpg\",\"contentUrl\":\"https:\\\/\\\/lykketegningtest.wp3.hcweb.dev\\\/wp-content\\\/uploads\\\/2020\\\/03\\\/Logo2020_h400px.jpg\",\"width\":1024,\"height\":400,\"caption\":\"LYKKETEGNING ILLUSTRAT\u00d8R\"},\"image\":{\"@id\":\"https:\\\/\\\/lykketegningtest.wp3.hcweb.dev\\\/#\\\/schema\\\/logo\\\/image\\\/\"},\"sameAs\":[\"https:\\\/\\\/www.facebook.com\\\/lykketegning\\\/\",\"https:\\\/\\\/www.instagram.com\\\/lykketegning\\\/\",\"https:\\\/\\\/www.youtube.com\\\/@lykketegningillustrations\",\"https:\\\/\\\/www.tiktok.com\\\/@lykketegningillustration\"]}]}<\/script>\n<!-- \/ Yoast SEO plugin. -->","yoast_head_json":{"title":"Promarker Denim Blue - HAPPY DRAWING ILLUSTRATOR","description":"Promarker Denim Blue von Winsor &amp; Newton ist einer der weltweit beliebtesten Marker in Profiqualit\u00e4t und hat eine besonders starke Position in der Design- und Illustrationsbranche.","robots":{"index":"noindex","follow":"follow","max-snippet":"max-snippet:-1","max-image-preview":"max-image-preview:large","max-video-preview":"max-video-preview:-1"},"og_locale":"de_DE","og_type":"article","og_title":"Promarker Denim Blue - LYKKETEGNING ILLUSTRAT\u00d8R","og_description":"Promarker Denim Blue fra Winsor & Newton er en av verdens mest popul\u00e6re tusjer i profesjonell kvalitet, og har en spesielt solid posisjon i design- og illustrasjonsmilj\u00f8er.","og_url":"https:\/\/lykketegningtest.wp3.hcweb.dev\/de\/produkt\/promarker-denim-blue\/","og_site_name":"LYKKETEGNING ILLUSTRAT\u00d8R","article_publisher":"https:\/\/www.facebook.com\/lykketegning\/","article_modified_time":"2026-03-19T08:38:17+00:00","og_image":[{"width":900,"height":900,"url":"https:\/\/www.lykketegning.no\/wp-content\/uploads\/2026\/03\/0030142_promarker-denim-blue-4003352.jpeg","type":"image\/jpeg"}],"twitter_card":"summary_large_image","twitter_misc":{"Gesch\u00e4tzte Lesezeit":"1\u00a0Minute"},"schema":{"@context":"https:\/\/schema.org","@graph":[{"@type":"WebPage","@id":"https:\/\/lykketegningtest.wp3.hcweb.dev\/produkt\/promarker-denim-blue\/","url":"https:\/\/lykketegningtest.wp3.hcweb.dev\/produkt\/promarker-denim-blue\/","name":"Promarker Denim Blue - HAPPY DRAWING ILLUSTRATOR","isPartOf":{"@id":"https:\/\/lykketegningtest.wp3.hcweb.dev\/#website"},"primaryImageOfPage":{"@id":"https:\/\/lykketegningtest.wp3.hcweb.dev\/produkt\/promarker-denim-blue\/#primaryimage"},"image":{"@id":"https:\/\/lykketegningtest.wp3.hcweb.dev\/produkt\/promarker-denim-blue\/#primaryimage"},"thumbnailUrl":"https:\/\/lykketegningtest.wp3.hcweb.dev\/wp-content\/uploads\/2026\/03\/0030142_promarker-denim-blue-4003352.jpeg","datePublished":"2024-03-12T13:42:57+00:00","dateModified":"2026-03-19T08:38:17+00:00","description":"Promarker Denim Blue von Winsor &amp; Newton ist einer der weltweit beliebtesten Marker in Profiqualit\u00e4t und hat eine besonders starke Position in der Design- und Illustrationsbranche.","breadcrumb":{"@id":"https:\/\/lykketegningtest.wp3.hcweb.dev\/produkt\/promarker-denim-blue\/#breadcrumb"},"inLanguage":"de","potentialAction":[{"@type":"ReadAction","target":["https:\/\/lykketegningtest.wp3.hcweb.dev\/produkt\/promarker-denim-blue\/"]}]},{"@type":"ImageObject","inLanguage":"de","@id":"https:\/\/lykketegningtest.wp3.hcweb.dev\/produkt\/promarker-denim-blue\/#primaryimage","url":"https:\/\/lykketegningtest.wp3.hcweb.dev\/wp-content\/uploads\/2026\/03\/0030142_promarker-denim-blue-4003352.jpeg","contentUrl":"https:\/\/lykketegningtest.wp3.hcweb.dev\/wp-content\/uploads\/2026\/03\/0030142_promarker-denim-blue-4003352.jpeg","width":900,"height":900},{"@type":"BreadcrumbList","@id":"https:\/\/lykketegningtest.wp3.hcweb.dev\/produkt\/promarker-denim-blue\/#breadcrumb","itemListElement":[{"@type":"ListItem","position":1,"name":"Hjem","item":"https:\/\/lykketegningtest.wp3.hcweb.dev\/"},{"@type":"ListItem","position":2,"name":"Shop","item":"https:\/\/lykketegningtest.wp3.hcweb.dev\/sv\/webbutik\/"},{"@type":"ListItem","position":3,"name":"Promarker Denim Blue"}]},{"@type":"WebSite","@id":"https:\/\/lykketegningtest.wp3.hcweb.dev\/#website","url":"https:\/\/lykketegningtest.wp3.hcweb.dev\/","name":"GL\u00dcCKSZEICHNUNG ILLUSTRATOR","description":"","publisher":{"@id":"https:\/\/lykketegningtest.wp3.hcweb.dev\/#organization"},"potentialAction":[{"@type":"SearchAction","target":{"@type":"EntryPoint","urlTemplate":"https:\/\/lykketegningtest.wp3.hcweb.dev\/?s={search_term_string}"},"query-input":{"@type":"PropertyValueSpecification","valueRequired":true,"valueName":"search_term_string"}}],"inLanguage":"de"},{"@type":"Organization","@id":"https:\/\/lykketegningtest.wp3.hcweb.dev\/#organization","name":"GL\u00dcCKSZEICHNUNG ILLUSTRATOR","url":"https:\/\/lykketegningtest.wp3.hcweb.dev\/","logo":{"@type":"ImageObject","inLanguage":"de","@id":"https:\/\/lykketegningtest.wp3.hcweb.dev\/#\/schema\/logo\/image\/","url":"https:\/\/lykketegningtest.wp3.hcweb.dev\/wp-content\/uploads\/2020\/03\/Logo2020_h400px.jpg","contentUrl":"https:\/\/lykketegningtest.wp3.hcweb.dev\/wp-content\/uploads\/2020\/03\/Logo2020_h400px.jpg","width":1024,"height":400,"caption":"LYKKETEGNING ILLUSTRAT\u00d8R"},"image":{"@id":"https:\/\/lykketegningtest.wp3.hcweb.dev\/#\/schema\/logo\/image\/"},"sameAs":["https:\/\/www.facebook.com\/lykketegning\/","https:\/\/www.instagram.com\/lykketegning\/","https:\/\/www.youtube.com\/@lykketegningillustrations","https:\/\/www.tiktok.com\/@lykketegningillustration"]}]}},"_links":{"self":[{"href":"https:\/\/lykketegningtest.wp3.hcweb.dev\/de\/wp-json\/wp\/v2\/product\/42311","targetHints":{"allow":["GET"]}}],"collection":[{"href":"https:\/\/lykketegningtest.wp3.hcweb.dev\/de\/wp-json\/wp\/v2\/product"}],"about":[{"href":"https:\/\/lykketegningtest.wp3.hcweb.dev\/de\/wp-json\/wp\/v2\/types\/product"}],"replies":[{"embeddable":true,"href":"https:\/\/lykketegningtest.wp3.hcweb.dev\/de\/wp-json\/wp\/v2\/comments?post=42311"}],"wp:featuredmedia":[{"embeddable":true,"href":"https:\/\/lykketegningtest.wp3.hcweb.dev\/de\/wp-json\/wp\/v2\/media\/42312"}],"wp:attachment":[{"href":"https:\/\/lykketegningtest.wp3.hcweb.dev\/de\/wp-json\/wp\/v2\/media?parent=42311"}],"wp:term":[{"taxonomy":"product_brand","embeddable":true,"href":"https:\/\/lykketegningtest.wp3.hcweb.dev\/de\/wp-json\/wp\/v2\/product_brand?post=42311"},{"taxonomy":"product_cat","embeddable":true,"href":"https:\/\/lykketegningtest.wp3.hcweb.dev\/de\/wp-json\/wp\/v2\/product_cat?post=42311"},{"taxonomy":"product_tag","embeddable":true,"href":"https:\/\/lykketegningtest.wp3.hcweb.dev\/de\/wp-json\/wp\/v2\/product_tag?post=42311"}],"curies":[{"name":"wp","href":"https:\/\/api.w.org\/{rel}","templated":true}]}}