{"id":42439,"date":"2026-03-25T12:08:04","date_gmt":"2026-03-25T11:08:04","guid":{"rendered":"https:\/\/www-lykketegning.wp3.hcweb.dev\/?post_type=product&#038;p=42439"},"modified":"2026-05-08T09:13:57","modified_gmt":"2026-05-08T07:13:57","slug":"gjestehandklaer-fra-lykketegning-i-2-pakning-40-x-60-cm","status":"publish","type":"product","link":"https:\/\/lykketegningtest.wp3.hcweb.dev\/de\/produkt\/gjestehandklaer-fra-lykketegning-i-2-pakning-40-x-60-cm\/","title":{"rendered":"G\u00e4stehandt\u00fccher von Lykketegning im 2er-Pack (40 x 60 cm)"},"content":{"rendered":"<h2>G\u00e4stehandt\u00fccher von Lykketegning im 2er-Pack (40 x 60 cm). Drei verschiedene Farben<\/h2>\n<div class=\"product-detail-specifications\">Lucky Drawing Towel - 2er-Pack - 40 x 60cm. W\u00e4hlen Sie aus drei verschiedenen Farben und Texten.<\/div>\n<div class=\"short-info\">\n<div class=\"product_item_description\">\n<div class=\"description-detail-clamp clamp-active expanded\">\n<div class=\"description-detail-clamp-inner\">\n<p>Kuschelige Handt\u00fccher mit sch\u00f6nem Text:<\/p>\n<div class=\"product-detail-specifications\">Das Leben ist genau jetzt, in dieser Minute, in dieser Sekunde (White)<\/div>\n<div>F\u00fclle dein Leben mit dem, was gut ist (Rosa).<\/div>\n<div>Es geht darum, den Moment zu genie\u00dfen. (Blue)<\/div>\n<p>Hergestellt aus 100% Baumwolle<\/p>\n<p>Toller Geschenktipp und dekorativ im Bad! Vielleicht zusammen mit den neuen Duftkerzen?<\/p>\n<p>Happiness drawing hat unz\u00e4hlige verschiedene Produkte und Sie k\u00f6nnen auch Zeichnungen bestellen, die nur f\u00fcr Sie bestimmt sind! Schauen Sie sich den gesamten Katalog an.<\/p>\n<p>Handtuch<\/p>\n<p>100% Baumwolle.<\/p>\n<p>Waschbar mit \u00e4hnlichen Farben<\/p>\n<div class=\"attributes-spec-group-header t10\">\n<div>Gr\u00f6\u00dfe und Gewicht<\/div>\n<\/div>\n<div class=\"product-detail-value-wrapper\">\n<div class=\"row\">\n<div class=\"col-6\"><span class=\"product-detail-value-name\">Gewicht (kg)<\/span><\/div>\n<div class=\"col-6\"><span class=\"product-detail-value-value\">0,2800<\/span><\/div>\n<\/div>\n<\/div>\n<div class=\"product-detail-value-wrapper\">\n<div class=\"row\">\n<div class=\"col-6\"><span class=\"product-detail-value-name\">Gr\u00f6\u00dfe<\/span><\/div>\n<div class=\"col-6\"><span class=\"product-detail-value-value\">2pk 40\u00d760 PUST<\/span><\/div>\n<\/div>\n<\/div>\n<div class=\"attributes-spec-group-header t10\">\n<div>Farbe und Material<\/div>\n<\/div>\n<div class=\"product-detail-value-wrapper\">\n<div class=\"row\">\n<div class=\"col-6\"><span class=\"product-detail-value-name\">Materialien<\/span><\/div>\n<div class=\"col-6\"><span class=\"product-detail-value-value\">100% Baumwolle<\/span><\/div>\n<\/div>\n<\/div>\n<div class=\"product-detail-value-wrapper\">\n<div class=\"row\">\n<div class=\"col-6\"><span class=\"product-detail-value-name\">Farbe<\/span><\/div>\n<div class=\"col-6\"><span class=\"product-detail-value-value\">Wei\u00dfe Farbe<\/span><\/div>\n<\/div>\n<\/div>\n<div class=\"attributes-spec-group-header t10\">\n<div>Andere<\/div>\n<\/div>\n<div class=\"product-detail-value-wrapper\">\n<div class=\"row\">\n<div class=\"col-6\"><span class=\"product-detail-value-name\">EAN<\/span><\/div>\n<div class=\"col-6\"><span class=\"product-detail-value-value\">7020629489812<\/span><\/div>\n<\/div>\n<div class=\"row\">\n<div class=\"col-6\"><span class=\"product-detail-value-name\">Id<\/span><\/div>\n<div class=\"col-6\"><span class=\"product-detail-value-value\">50250223<\/span><\/div>\n<\/div>\n<\/div>\n<p>&nbsp;<\/p>\n<p><strong>\"Bei Lykketegning wird jede Illustration mit viel W\u00e4rme und Sorgfalt erstellt.<\/strong><br \/>\n<strong>Mit kr\u00e4ftigen Farben, klaren Linien und guten Zitaten will Happiness Drawing Sie dazu bringen, einen Moment innezuhalten, tief durchzuatmen und dann einen guten Kurs nach vorne zu setzen.<\/strong><br \/>\n<strong>\"Die Herzen und das L\u00e4cheln sind von mir f\u00fcr dich, um dich daran zu erinnern, dass du wirklich gut bist!\"<\/strong><\/p>\n<p>&nbsp;<\/p>\n<p>Auf der Website finden Sie einige Illustrationen und andere Produkte wie Tassen, Gru\u00dfkarten und Kalender.<\/p>\n<p>Es kommen st\u00e4ndig neue Produkte hinzu. Melden Sie sich f\u00fcr den Newsletter an, um monatliche Updates zu erhalten.<\/p>\n<p>F\u00fcr <strong>viele viele viele viele<\/strong> weitere Illustrationen; besuchen Sie mein Instagram- und Facebook-Profil.<\/p>\n<p>Eigentlich sind alle Illustrationen k\u00e4uflich zu erwerben. 999 SEK f\u00fcr A4 und 1500 SEK f\u00fcr A3.<\/p>\n<p>Sie k\u00f6nnen auch Ihr eigenes Exemplar bestellen - ein tolles Geschenk f\u00fcr Hochzeiten und andere Feiern. Nehmen Sie dazu Kontakt mit dem Posteingang auf.<\/p>\n<p><em>Preis: 1500kr f\u00fcr A4 und A5 (bis zu 5 Personen\/Tier) zus\u00e4tzliche Kosten f\u00fcr mehr (bis zu 5 Personen\/Tier). A3 2000kr ex Porto. Ich muss die Haarfarbe\/den Haartyp, die Gr\u00f6\u00dfe, die Interessen und die gew\u00fcnschte Anzahl der abgebildeten Personen wissen. Alle Kostenvoranschl\u00e4ge, die Sie w\u00fcnschen, eingeschlossen.<\/em><\/p>\n<p>Wenn Sie Fragen haben, z\u00f6gern Sie nicht, mich zu kontaktieren! Wenn Sie sich \u00fcber eine m\u00f6gliche Zusammenarbeit unterhalten m\u00f6chten, schicken Sie mir bitte eine E-Mail.<\/p>\n<p>Ich freue mich, von Ihnen zu h\u00f6ren und w\u00fcnsche Ihnen einen sch\u00f6nen Tag. <a href=\"https:\/\/www.facebook.com\/lykketegning\/?locale=nb_NO\">Dies f\u00fchrt Sie zu meiner Facebook-Seite.<\/a> Und wenn Sie mir folgen wollen auf<a href=\"https:\/\/www.instagram.com\/lykketegning\/?hl=nb\"> Instagram, dann finden Sie es hier.<\/a><\/p>\n<p>K\u00fcnstler<br \/>\nIngebj\u00f8rg Rang\u00f8y Sj\u00e5land<\/p>\n<p>&nbsp;<\/p>\n<\/div>\n<\/div>\n<\/div>\n<\/div>\n<p>&nbsp;<\/p>\n<p>&nbsp;<\/p>\n<p>&nbsp;<\/p>","protected":false},"excerpt":{"rendered":"<h2>G\u00e4stehandt\u00fccher von Lykketegning im 2er-Pack (40 x 60 cm). Drei verschiedene Farben<\/h2>\n<div class=\"product-detail-specifications\">Lucky Drawing Towel - 2er-Pack - 40 x 60cm. W\u00e4hlen Sie aus drei verschiedenen Farben und Texten.<\/div>\n<div class=\"short-info\">\n<div class=\"product_item_description\">\n<div class=\"description-detail-clamp clamp-active expanded\">\n<div class=\"description-detail-clamp-inner\">\n<p>Kuschelige Handt\u00fccher mit sch\u00f6nem Text:<\/p>\n<div class=\"product-detail-specifications\">Das Leben ist genau jetzt, in dieser Minute, in dieser Sekunde (White)<\/div>\n<div>F\u00fclle dein Leben mit dem, was gut ist (Rosa).<\/div>\n<div>Es geht darum, den Moment zu genie\u00dfen. (Blue)<\/div>\n<p>Hergestellt aus 100% Baumwolle<\/p>\n<p>Toller Geschenktipp und dekorativ im Bad! Vielleicht zusammen mit den neuen Duftkerzen?<\/p>\n<p>Happiness drawing hat unz\u00e4hlige verschiedene Produkte und Sie k\u00f6nnen auch Zeichnungen bestellen, die nur f\u00fcr Sie bestimmt sind! Schauen Sie sich den gesamten Katalog an.<\/p>\n<p>Handtuch<\/p>\n<p>100% Baumwolle.<\/p>\n<\/div>\n<\/div>\n<\/div>\n<\/div>","protected":false},"featured_media":42445,"comment_status":"closed","ping_status":"closed","template":"","meta":[],"product_brand":[],"product_cat":[202],"product_tag":[449,448,451,450],"class_list":{"0":"post-42439","1":"product","2":"type-product","3":"status-publish","4":"has-post-thumbnail","6":"product_cat-klaer-med-trykk","7":"product_tag-gjestehandkle","8":"product_tag-handkle","9":"product_tag-tekst","10":"product_tag-towel","12":"first","13":"instock","14":"taxable","15":"shipping-taxable","16":"purchasable","17":"product-type-variable"},"yoast_head":"<!-- This site is optimized with the Yoast SEO plugin v27.5 - https:\/\/yoast.com\/product\/yoast-seo-wordpress\/ -->\n<title>Gjesteh\u00e5ndkl\u00e6r fra Lykketegning i 2-pakning (40 x 60 cm) - LYKKETEGNING ILLUSTRAT\u00d8R<\/title>\n<meta name=\"description\" content=\"Gjesteh\u00e5ndkl\u00e6r fra Lykketegning i 2-pakning (40 x 60 cm). Velg mellom flere farger og koselige tekster \u2013 perfekte til badet eller som gave.\" \/>\n<meta name=\"robots\" content=\"noindex, follow, max-snippet:-1, max-image-preview:large, max-video-preview:-1\" \/>\n<meta property=\"og:locale\" content=\"de_DE\" \/>\n<meta property=\"og:type\" content=\"article\" \/>\n<meta property=\"og:title\" content=\"Gjesteh\u00e5ndkl\u00e6r fra Lykketegning i 2-pakning (40 x 60 cm) - LYKKETEGNING ILLUSTRAT\u00d8R\" \/>\n<meta property=\"og:description\" content=\"Gjesteh\u00e5ndkl\u00e6r fra Lykketegning i 2-pakning (40 x 60 cm). Velg mellom flere farger og koselige tekster \u2013 perfekte til badet eller som gave.\" \/>\n<meta property=\"og:url\" content=\"https:\/\/lykketegningtest.wp3.hcweb.dev\/de\/produkt\/gjestehandklaer-fra-lykketegning-i-2-pakning-40-x-60-cm\/\" \/>\n<meta property=\"og:site_name\" content=\"LYKKETEGNING ILLUSTRAT\u00d8R\" \/>\n<meta property=\"article:publisher\" content=\"https:\/\/www.facebook.com\/lykketegning\/\" \/>\n<meta property=\"article:modified_time\" content=\"2026-05-08T07:13:57+00:00\" \/>\n<meta property=\"og:image\" content=\"https:\/\/www.lykketegning.no\/wp-content\/uploads\/2026\/03\/B5DFC5D6-FEB4-419C-B81A-7540E34F508B-1-683x1024.png\" \/>\n\t<meta property=\"og:image:width\" content=\"683\" \/>\n\t<meta property=\"og:image:height\" content=\"1024\" \/>\n\t<meta property=\"og:image:type\" content=\"image\/png\" \/>\n<meta name=\"twitter:card\" content=\"summary_large_image\" \/>\n<meta name=\"twitter:label1\" content=\"Gesch\u00e4tzte Lesezeit\" \/>\n\t<meta name=\"twitter:data1\" content=\"3\u00a0Minuten\" \/>\n<script type=\"application\/ld+json\" class=\"yoast-schema-graph\">{\"@context\":\"https:\\\/\\\/schema.org\",\"@graph\":[{\"@type\":\"WebPage\",\"@id\":\"https:\\\/\\\/lykketegningtest.wp3.hcweb.dev\\\/produkt\\\/gjestehandklaer-fra-lykketegning-i-2-pakning-40-x-60-cm\\\/\",\"url\":\"https:\\\/\\\/lykketegningtest.wp3.hcweb.dev\\\/produkt\\\/gjestehandklaer-fra-lykketegning-i-2-pakning-40-x-60-cm\\\/\",\"name\":\"Gjesteh\u00e5ndkl\u00e6r fra Lykketegning i 2-pakning (40 x 60 cm) - LYKKETEGNING ILLUSTRAT\u00d8R\",\"isPartOf\":{\"@id\":\"https:\\\/\\\/lykketegningtest.wp3.hcweb.dev\\\/#website\"},\"primaryImageOfPage\":{\"@id\":\"https:\\\/\\\/lykketegningtest.wp3.hcweb.dev\\\/produkt\\\/gjestehandklaer-fra-lykketegning-i-2-pakning-40-x-60-cm\\\/#primaryimage\"},\"image\":{\"@id\":\"https:\\\/\\\/lykketegningtest.wp3.hcweb.dev\\\/produkt\\\/gjestehandklaer-fra-lykketegning-i-2-pakning-40-x-60-cm\\\/#primaryimage\"},\"thumbnailUrl\":\"https:\\\/\\\/lykketegningtest.wp3.hcweb.dev\\\/wp-content\\\/uploads\\\/2026\\\/03\\\/B5DFC5D6-FEB4-419C-B81A-7540E34F508B-1.png\",\"datePublished\":\"2026-03-25T11:08:04+00:00\",\"dateModified\":\"2026-05-08T07:13:57+00:00\",\"description\":\"Gjesteh\u00e5ndkl\u00e6r fra Lykketegning i 2-pakning (40 x 60 cm). Velg mellom flere farger og koselige tekster \u2013 perfekte til badet eller som gave.\",\"breadcrumb\":{\"@id\":\"https:\\\/\\\/lykketegningtest.wp3.hcweb.dev\\\/produkt\\\/gjestehandklaer-fra-lykketegning-i-2-pakning-40-x-60-cm\\\/#breadcrumb\"},\"inLanguage\":\"de\",\"potentialAction\":[{\"@type\":\"ReadAction\",\"target\":[\"https:\\\/\\\/lykketegningtest.wp3.hcweb.dev\\\/produkt\\\/gjestehandklaer-fra-lykketegning-i-2-pakning-40-x-60-cm\\\/\"]}]},{\"@type\":\"ImageObject\",\"inLanguage\":\"de\",\"@id\":\"https:\\\/\\\/lykketegningtest.wp3.hcweb.dev\\\/produkt\\\/gjestehandklaer-fra-lykketegning-i-2-pakning-40-x-60-cm\\\/#primaryimage\",\"url\":\"https:\\\/\\\/lykketegningtest.wp3.hcweb.dev\\\/wp-content\\\/uploads\\\/2026\\\/03\\\/B5DFC5D6-FEB4-419C-B81A-7540E34F508B-1.png\",\"contentUrl\":\"https:\\\/\\\/lykketegningtest.wp3.hcweb.dev\\\/wp-content\\\/uploads\\\/2026\\\/03\\\/B5DFC5D6-FEB4-419C-B81A-7540E34F508B-1.png\",\"width\":1024,\"height\":1536},{\"@type\":\"BreadcrumbList\",\"@id\":\"https:\\\/\\\/lykketegningtest.wp3.hcweb.dev\\\/produkt\\\/gjestehandklaer-fra-lykketegning-i-2-pakning-40-x-60-cm\\\/#breadcrumb\",\"itemListElement\":[{\"@type\":\"ListItem\",\"position\":1,\"name\":\"Hjem\",\"item\":\"https:\\\/\\\/lykketegningtest.wp3.hcweb.dev\\\/\"},{\"@type\":\"ListItem\",\"position\":2,\"name\":\"Shop\",\"item\":\"https:\\\/\\\/lykketegningtest.wp3.hcweb.dev\\\/sv\\\/webbutik\\\/\"},{\"@type\":\"ListItem\",\"position\":3,\"name\":\"Gjesteh\u00e5ndkl\u00e6r fra Lykketegning i 2-pakning (40 x 60 cm)\"}]},{\"@type\":\"WebSite\",\"@id\":\"https:\\\/\\\/lykketegningtest.wp3.hcweb.dev\\\/#website\",\"url\":\"https:\\\/\\\/lykketegningtest.wp3.hcweb.dev\\\/\",\"name\":\"LYKKETEGNING ILLUSTRAT\u00d8R\",\"description\":\"\",\"publisher\":{\"@id\":\"https:\\\/\\\/lykketegningtest.wp3.hcweb.dev\\\/#organization\"},\"potentialAction\":[{\"@type\":\"SearchAction\",\"target\":{\"@type\":\"EntryPoint\",\"urlTemplate\":\"https:\\\/\\\/lykketegningtest.wp3.hcweb.dev\\\/?s={search_term_string}\"},\"query-input\":{\"@type\":\"PropertyValueSpecification\",\"valueRequired\":true,\"valueName\":\"search_term_string\"}}],\"inLanguage\":\"de\"},{\"@type\":\"Organization\",\"@id\":\"https:\\\/\\\/lykketegningtest.wp3.hcweb.dev\\\/#organization\",\"name\":\"LYKKETEGNING ILLUSTRAT\u00d8R\",\"url\":\"https:\\\/\\\/lykketegningtest.wp3.hcweb.dev\\\/\",\"logo\":{\"@type\":\"ImageObject\",\"inLanguage\":\"de\",\"@id\":\"https:\\\/\\\/lykketegningtest.wp3.hcweb.dev\\\/#\\\/schema\\\/logo\\\/image\\\/\",\"url\":\"https:\\\/\\\/lykketegningtest.wp3.hcweb.dev\\\/wp-content\\\/uploads\\\/2020\\\/03\\\/Logo2020_h400px.jpg\",\"contentUrl\":\"https:\\\/\\\/lykketegningtest.wp3.hcweb.dev\\\/wp-content\\\/uploads\\\/2020\\\/03\\\/Logo2020_h400px.jpg\",\"width\":1024,\"height\":400,\"caption\":\"LYKKETEGNING ILLUSTRAT\u00d8R\"},\"image\":{\"@id\":\"https:\\\/\\\/lykketegningtest.wp3.hcweb.dev\\\/#\\\/schema\\\/logo\\\/image\\\/\"},\"sameAs\":[\"https:\\\/\\\/www.facebook.com\\\/lykketegning\\\/\",\"https:\\\/\\\/www.instagram.com\\\/lykketegning\\\/\",\"https:\\\/\\\/www.youtube.com\\\/@lykketegningillustrations\",\"https:\\\/\\\/www.tiktok.com\\\/@lykketegningillustration\"]}]}<\/script>\n<!-- \/ Yoast SEO plugin. -->","yoast_head_json":{"title":"G\u00e4stehandt\u00fccher von Lykketegning im 2er-Pack (40 x 60 cm) - LYKKETEGNING ILLUSTRAT\u00d8R","description":"G\u00e4stehandt\u00fccher von Lykketegning im 2er-Pack (40 x 60 cm). W\u00e4hlen Sie aus mehreren Farben und gem\u00fctlichen Texten - perfekt f\u00fcr das Badezimmer oder als Geschenk.","robots":{"index":"noindex","follow":"follow","max-snippet":"max-snippet:-1","max-image-preview":"max-image-preview:large","max-video-preview":"max-video-preview:-1"},"og_locale":"de_DE","og_type":"article","og_title":"Gjesteh\u00e5ndkl\u00e6r fra Lykketegning i 2-pakning (40 x 60 cm) - LYKKETEGNING ILLUSTRAT\u00d8R","og_description":"Gjesteh\u00e5ndkl\u00e6r fra Lykketegning i 2-pakning (40 x 60 cm). Velg mellom flere farger og koselige tekster \u2013 perfekte til badet eller som gave.","og_url":"https:\/\/lykketegningtest.wp3.hcweb.dev\/de\/produkt\/gjestehandklaer-fra-lykketegning-i-2-pakning-40-x-60-cm\/","og_site_name":"LYKKETEGNING ILLUSTRAT\u00d8R","article_publisher":"https:\/\/www.facebook.com\/lykketegning\/","article_modified_time":"2026-05-08T07:13:57+00:00","og_image":[{"width":683,"height":1024,"url":"https:\/\/www.lykketegning.no\/wp-content\/uploads\/2026\/03\/B5DFC5D6-FEB4-419C-B81A-7540E34F508B-1-683x1024.png","type":"image\/png"}],"twitter_card":"summary_large_image","twitter_misc":{"Gesch\u00e4tzte Lesezeit":"3\u00a0Minuten"},"schema":{"@context":"https:\/\/schema.org","@graph":[{"@type":"WebPage","@id":"https:\/\/lykketegningtest.wp3.hcweb.dev\/produkt\/gjestehandklaer-fra-lykketegning-i-2-pakning-40-x-60-cm\/","url":"https:\/\/lykketegningtest.wp3.hcweb.dev\/produkt\/gjestehandklaer-fra-lykketegning-i-2-pakning-40-x-60-cm\/","name":"G\u00e4stehandt\u00fccher von Lykketegning im 2er-Pack (40 x 60 cm) - LYKKETEGNING ILLUSTRAT\u00d8R","isPartOf":{"@id":"https:\/\/lykketegningtest.wp3.hcweb.dev\/#website"},"primaryImageOfPage":{"@id":"https:\/\/lykketegningtest.wp3.hcweb.dev\/produkt\/gjestehandklaer-fra-lykketegning-i-2-pakning-40-x-60-cm\/#primaryimage"},"image":{"@id":"https:\/\/lykketegningtest.wp3.hcweb.dev\/produkt\/gjestehandklaer-fra-lykketegning-i-2-pakning-40-x-60-cm\/#primaryimage"},"thumbnailUrl":"https:\/\/lykketegningtest.wp3.hcweb.dev\/wp-content\/uploads\/2026\/03\/B5DFC5D6-FEB4-419C-B81A-7540E34F508B-1.png","datePublished":"2026-03-25T11:08:04+00:00","dateModified":"2026-05-08T07:13:57+00:00","description":"G\u00e4stehandt\u00fccher von Lykketegning im 2er-Pack (40 x 60 cm). W\u00e4hlen Sie aus mehreren Farben und gem\u00fctlichen Texten - perfekt f\u00fcr das Badezimmer oder als Geschenk.","breadcrumb":{"@id":"https:\/\/lykketegningtest.wp3.hcweb.dev\/produkt\/gjestehandklaer-fra-lykketegning-i-2-pakning-40-x-60-cm\/#breadcrumb"},"inLanguage":"de","potentialAction":[{"@type":"ReadAction","target":["https:\/\/lykketegningtest.wp3.hcweb.dev\/produkt\/gjestehandklaer-fra-lykketegning-i-2-pakning-40-x-60-cm\/"]}]},{"@type":"ImageObject","inLanguage":"de","@id":"https:\/\/lykketegningtest.wp3.hcweb.dev\/produkt\/gjestehandklaer-fra-lykketegning-i-2-pakning-40-x-60-cm\/#primaryimage","url":"https:\/\/lykketegningtest.wp3.hcweb.dev\/wp-content\/uploads\/2026\/03\/B5DFC5D6-FEB4-419C-B81A-7540E34F508B-1.png","contentUrl":"https:\/\/lykketegningtest.wp3.hcweb.dev\/wp-content\/uploads\/2026\/03\/B5DFC5D6-FEB4-419C-B81A-7540E34F508B-1.png","width":1024,"height":1536},{"@type":"BreadcrumbList","@id":"https:\/\/lykketegningtest.wp3.hcweb.dev\/produkt\/gjestehandklaer-fra-lykketegning-i-2-pakning-40-x-60-cm\/#breadcrumb","itemListElement":[{"@type":"ListItem","position":1,"name":"Hjem","item":"https:\/\/lykketegningtest.wp3.hcweb.dev\/"},{"@type":"ListItem","position":2,"name":"Shop","item":"https:\/\/lykketegningtest.wp3.hcweb.dev\/sv\/webbutik\/"},{"@type":"ListItem","position":3,"name":"Gjesteh\u00e5ndkl\u00e6r fra Lykketegning i 2-pakning (40 x 60 cm)"}]},{"@type":"WebSite","@id":"https:\/\/lykketegningtest.wp3.hcweb.dev\/#website","url":"https:\/\/lykketegningtest.wp3.hcweb.dev\/","name":"GL\u00dcCKSZEICHNUNG ILLUSTRATOR","description":"","publisher":{"@id":"https:\/\/lykketegningtest.wp3.hcweb.dev\/#organization"},"potentialAction":[{"@type":"SearchAction","target":{"@type":"EntryPoint","urlTemplate":"https:\/\/lykketegningtest.wp3.hcweb.dev\/?s={search_term_string}"},"query-input":{"@type":"PropertyValueSpecification","valueRequired":true,"valueName":"search_term_string"}}],"inLanguage":"de"},{"@type":"Organization","@id":"https:\/\/lykketegningtest.wp3.hcweb.dev\/#organization","name":"GL\u00dcCKSZEICHNUNG ILLUSTRATOR","url":"https:\/\/lykketegningtest.wp3.hcweb.dev\/","logo":{"@type":"ImageObject","inLanguage":"de","@id":"https:\/\/lykketegningtest.wp3.hcweb.dev\/#\/schema\/logo\/image\/","url":"https:\/\/lykketegningtest.wp3.hcweb.dev\/wp-content\/uploads\/2020\/03\/Logo2020_h400px.jpg","contentUrl":"https:\/\/lykketegningtest.wp3.hcweb.dev\/wp-content\/uploads\/2020\/03\/Logo2020_h400px.jpg","width":1024,"height":400,"caption":"LYKKETEGNING ILLUSTRAT\u00d8R"},"image":{"@id":"https:\/\/lykketegningtest.wp3.hcweb.dev\/#\/schema\/logo\/image\/"},"sameAs":["https:\/\/www.facebook.com\/lykketegning\/","https:\/\/www.instagram.com\/lykketegning\/","https:\/\/www.youtube.com\/@lykketegningillustrations","https:\/\/www.tiktok.com\/@lykketegningillustration"]}]}},"_links":{"self":[{"href":"https:\/\/lykketegningtest.wp3.hcweb.dev\/de\/wp-json\/wp\/v2\/product\/42439","targetHints":{"allow":["GET"]}}],"collection":[{"href":"https:\/\/lykketegningtest.wp3.hcweb.dev\/de\/wp-json\/wp\/v2\/product"}],"about":[{"href":"https:\/\/lykketegningtest.wp3.hcweb.dev\/de\/wp-json\/wp\/v2\/types\/product"}],"replies":[{"embeddable":true,"href":"https:\/\/lykketegningtest.wp3.hcweb.dev\/de\/wp-json\/wp\/v2\/comments?post=42439"}],"wp:featuredmedia":[{"embeddable":true,"href":"https:\/\/lykketegningtest.wp3.hcweb.dev\/de\/wp-json\/wp\/v2\/media\/42445"}],"wp:attachment":[{"href":"https:\/\/lykketegningtest.wp3.hcweb.dev\/de\/wp-json\/wp\/v2\/media?parent=42439"}],"wp:term":[{"taxonomy":"product_brand","embeddable":true,"href":"https:\/\/lykketegningtest.wp3.hcweb.dev\/de\/wp-json\/wp\/v2\/product_brand?post=42439"},{"taxonomy":"product_cat","embeddable":true,"href":"https:\/\/lykketegningtest.wp3.hcweb.dev\/de\/wp-json\/wp\/v2\/product_cat?post=42439"},{"taxonomy":"product_tag","embeddable":true,"href":"https:\/\/lykketegningtest.wp3.hcweb.dev\/de\/wp-json\/wp\/v2\/product_tag?post=42439"}],"curies":[{"name":"wp","href":"https:\/\/api.w.org\/{rel}","templated":true}]}}