{"id":42616,"date":"2026-04-30T14:33:17","date_gmt":"2026-04-30T12:33:17","guid":{"rendered":"https:\/\/lykketegningtest.wp3.hcweb.dev\/?post_type=product&#038;p=42616"},"modified":"2026-05-05T14:09:11","modified_gmt":"2026-05-05T12:09:11","slug":"notatbok-fra-lykketegning-days-like-this-og-takknemlighetsjournal","status":"publish","type":"product","link":"https:\/\/lykketegningtest.wp3.hcweb.dev\/de\/produkt\/notatbok-fra-lykketegning-days-like-this-og-takknemlighetsjournal\/","title":{"rendered":"Notizbuch von Happiness Zeichnung \u201cTage wie diese\u201d und Gratitude Journal"},"content":{"rendered":"<div class=\"row tab-table-row\">\n<h2>Notizbuch von Happy Drawing \u201cTage wie diese\u201d<\/h2>\n<div>Morsom notatbok med de kjente fuglene fra Lykketegning. Linjert og med hard perm. Fin til notater og memoarer!<\/div>\n<div>\n<p>Format A5 <i>Days like this<\/i><\/p>\n<\/div>\n<div><\/div>\n<div class=\"col-xs-6\">210 mm x 140 mm x 16 mm<\/div>\n<\/div>\n<div class=\"row tab-table-row\">\n<div class=\"col-xs-6\"><\/div>\n<div class=\"col-xs-6\">Wei\u00dfe Farbe<\/div>\n<\/div>\n<div class=\"row tab-table-row\">\n<div class=\"col-xs-6\">Material:Papier<\/div>\n<\/div>\n<div class=\"row tab-table-row\">\n<div class=\"col-xs-6\">Gewicht:300 g<\/div>\n<\/div>\n<div class=\"row tab-table-row\">\n<div class=\"col-xs-6\">\n<p>Linjert<\/p>\n<p><strong>Takknemlighetsjournal<\/strong><\/p>\n<p class=\"cvGsUA direction-ltr align-center para-style-body\"><span class=\"OYPEnA font-feature-liga-off font-feature-clig-off font-feature-calt-off text-decoration-none text-strikethrough-none\">Dieses Buch kann Ihnen helfen, im Alltag zur Ruhe zu kommen und die kleinen, aber wichtigen Momente zu sch\u00e4tzen.<\/span><\/p>\n<p class=\"cvGsUA direction-ltr align-center para-style-body\"><span class=\"OYPEnA font-feature-liga-off font-feature-clig-off font-feature-calt-off text-decoration-none text-strikethrough-none\">Wenn Sie aufschreiben, wof\u00fcr Sie dankbar sind, hilft Ihnen das, die guten Dinge im Leben zu erkennen, selbst wenn die Tage arbeitsreich oder herausfordernd sind.<\/span><\/p>\n<p class=\"cvGsUA direction-ltr align-center para-style-body\"><span class=\"OYPEnA font-feature-liga-off font-feature-clig-off font-feature-calt-off text-decoration-none text-strikethrough-none\">Es geht nicht unbedingt um gro\u00dfe Ereignisse, sondern um die kleinen Dinge, die Freude bereiten k\u00f6nnen. Eine hei\u00dfe Tasse Kaffee am Morgen, ein freundliches L\u00e4cheln von einem Fremden oder ein nettes Gespr\u00e4ch mit einem guten Freund.<\/span><\/p>\n<p class=\"cvGsUA direction-ltr align-center para-style-body\"><span class=\"OYPEnA font-feature-liga-off font-feature-clig-off font-feature-calt-off text-decoration-none text-strikethrough-none\">Wenn Sie sich die Zeit nehmen, aufzuschreiben, wof\u00fcr Sie dankbar sind, helfen Sie sich selbst, Ihren Fokus von dem, was fehlt, auf das zu lenken, was schon da ist.<\/span><\/p>\n<p class=\"cvGsUA direction-ltr align-center para-style-body\"><span class=\"OYPEnA font-feature-liga-off font-feature-clig-off font-feature-calt-off text-decoration-none text-strikethrough-none\">Schlie\u00dflich gibt es da drau\u00dfen viele Lichtblitze?<\/span><\/p>\n<p class=\"cvGsUA direction-ltr align-center para-style-body\"><span class=\"OYPEnA font-feature-liga-off font-feature-clig-off font-feature-calt-off text-decoration-none text-strikethrough-none\">Die regelm\u00e4\u00dfige F\u00fchrung eines Dankbarkeitstagebuchs kann dazu beitragen, Ihre Stimmung zu verbessern, Stress zu reduzieren und Ihr Gl\u00fccksgef\u00fchl zu steigern.<\/span><\/p>\n<p class=\"cvGsUA direction-ltr align-center para-style-body\"><span class=\"OYPEnA font-feature-liga-off font-feature-clig-off font-feature-calt-off text-decoration-none text-strikethrough-none\">Sie k\u00f6nnen jeden Tag drei Dinge aufschreiben, die Sie sch\u00e4tzen, oder eine andere Methode w\u00e4hlen, die sich f\u00fcr Sie nat\u00fcrlich anf\u00fchlt. Wie auch immer Sie Ihr Tagebuch nutzen, ich hoffe, es bringt Ihnen Freude und gute Gedanken.<\/span><\/p>\n<p class=\"cvGsUA direction-ltr align-center para-style-body\"><span class=\"OYPEnA font-feature-liga-off font-feature-clig-off font-feature-calt-off text-decoration-none text-strikethrough-none\">Ingebj\u00f8rg<\/span><\/p>\n<p>A5-Buch mit 136 Seiten.<\/p>\n<\/div>\n<h3><\/h3>\n<h3>Informationen<\/h3>\n<div class=\"col-xs-6\"><strong>\"Bei Lykketegning wird jede Illustration mit viel W\u00e4rme und Sorgfalt erstellt.<\/strong><br \/>\n<strong>Mit kr\u00e4ftigen Farben, klaren Linien und guten Zitaten will Happiness Drawing Sie dazu bringen, einen Moment innezuhalten, tief durchzuatmen und dann einen guten Kurs nach vorne zu setzen.<\/strong><br \/>\n<strong>\"Die Herzen und das L\u00e4cheln sind von mir f\u00fcr dich, um dich daran zu erinnern, dass du wirklich gut bist!\"<\/strong>Auf der Website finden Sie einige Illustrationen und andere Produkte wie Tassen, Gru\u00dfkarten und Kalender. Es kommen st\u00e4ndig neue Produkte hinzu, also melden Sie sich f\u00fcr den Newsletter an, um monatliche Updates zu erhalten. <strong>viele viele viele viele<\/strong> flere illustrasjoner; bes\u00f8k Instagram og Facebookprofilen min.Faktisk s\u00e5 er alle illustrasjoner til salgs. 999kr for A4 og 1500kr for A3.Du kan ogs\u00e5 f\u00e5 bestilt din helt egen- flotte gaver \u00e5 gi til bryllup og andre selskaper. Ta kontakt i innboks for dette.<em>Preis: 1500kr f\u00fcr A4 und A5 (bis zu 5 Personen\/Tier) zus\u00e4tzliche Kosten f\u00fcr mehr (bis zu 5 Personen\/Tier). A3 2000kr ex Porto. Ich muss die Haarfarbe\/den Haartyp, die Gr\u00f6\u00dfe, die Interessen und die gew\u00fcnschte Anzahl der abgebildeten Personen wissen. Alle Kostenvoranschl\u00e4ge, die Sie w\u00fcnschen, eingeschlossen.<\/em>Har du sp\u00f8rsm\u00e5l s\u00e5 n\u00f8l ikke med \u00e5 ta kontakt! Kunne du tenke deg \u00e5 ta en prat om evt samarbeid s\u00e5 send meg gjerne en mail.Ser frem til \u00e5 h\u00f8re fra deg og h\u00e5per du f\u00e5r en fantastisk fin dag. <a href=\"https:\/\/www.facebook.com\/lykketegning\/?locale=nb_NO\">Dies f\u00fchrt Sie zu meiner Facebook-Seite.<\/a> Und wenn Sie mir folgen wollen auf<a href=\"https:\/\/www.instagram.com\/lykketegning\/?hl=nb\"> Instagram, dann finden Sie es hier.<\/a><\/p>\n<p>K\u00fcnstler<br \/>\nIngebj\u00f8rg Rang\u00f8y Sj\u00e5land<\/p>\n<p>&nbsp;<\/p>\n<\/div>\n<\/div>\n<div><\/div>","protected":false},"excerpt":{"rendered":"<h2>Notizbuch von Happy Drawing \u201cTage wie diese\u201d<\/h2>\n<div>\n<div class=\"row tab-table-row\">\n<div>Morsom notatbok med de kjente fuglene fra Lykketegning. Linjert og med hard perm. Fin til notater og memoarer!<\/div>\n<div>\n<p>Format A5 <i>Days like this<\/i><\/p>\n<p><strong>Takknemlighetsjournal<\/strong><\/p>\n<p class=\"cvGsUA direction-ltr align-center para-style-body\"><span class=\"OYPEnA font-feature-liga-off font-feature-clig-off font-feature-calt-off text-decoration-none text-strikethrough-none\">Dieses Buch kann Ihnen helfen, im Alltag zur Ruhe zu kommen und die kleinen, aber wichtigen Momente zu sch\u00e4tzen.<\/span><\/p>\n<p class=\"cvGsUA direction-ltr align-center para-style-body\"><span class=\"OYPEnA font-feature-liga-off font-feature-clig-off font-feature-calt-off text-decoration-none text-strikethrough-none\">Wenn Sie aufschreiben, wof\u00fcr Sie dankbar sind, hilft Ihnen das, die guten Dinge im Leben zu erkennen, selbst wenn die Tage arbeitsreich oder herausfordernd sind.<\/span><\/p>\n<\/div>\n<\/div>\n<div class=\"row tab-table-row\">\n<div class=\"col-xs-6\"><\/div>\n<\/div>\n<\/div>","protected":false},"featured_media":42617,"comment_status":"closed","ping_status":"closed","template":"","meta":[],"product_brand":[],"product_cat":[349],"product_tag":[353,456,352,350,351],"class_list":{"0":"post-42616","1":"product","2":"type-product","3":"status-publish","4":"has-post-thumbnail","6":"product_cat-illustrerte-boker","7":"product_tag-bok","8":"product_tag-days-like-this","9":"product_tag-notat","10":"product_tag-notatbok","11":"product_tag-skrivebok","13":"first","14":"instock","15":"sale","16":"taxable","17":"shipping-taxable","18":"purchasable","19":"product-type-simple"},"yoast_head":"<!-- This site is optimized with the Yoast SEO plugin v27.5 - https:\/\/yoast.com\/product\/yoast-seo-wordpress\/ -->\n<title>Notatbok fra Lykketegning &quot;Days like this&quot; og Takknemlighetsjournal - LYKKETEGNING ILLUSTRAT\u00d8R<\/title>\n<meta name=\"description\" content=\"Morsom notatbok fra Lykketegning med de kjente fuglene. Linjert og med hard perm. Fin til notater og memoarer. Days like this! Og Takknemlighetsjournal.\" \/>\n<meta name=\"robots\" content=\"noindex, follow, max-snippet:-1, max-image-preview:large, max-video-preview:-1\" \/>\n<meta property=\"og:locale\" content=\"de_DE\" \/>\n<meta property=\"og:type\" content=\"article\" \/>\n<meta property=\"og:title\" content=\"Notatbok fra Lykketegning &quot;Days like this&quot; og Takknemlighetsjournal - LYKKETEGNING ILLUSTRAT\u00d8R\" \/>\n<meta property=\"og:description\" content=\"Morsom notatbok fra Lykketegning med de kjente fuglene. Linjert og med hard perm. Fin til notater og memoarer. Days like this! Og Takknemlighetsjournal.\" \/>\n<meta property=\"og:url\" content=\"https:\/\/lykketegningtest.wp3.hcweb.dev\/de\/produkt\/notatbok-fra-lykketegning-days-like-this-og-takknemlighetsjournal\/\" \/>\n<meta property=\"og:site_name\" content=\"LYKKETEGNING ILLUSTRAT\u00d8R\" \/>\n<meta property=\"article:publisher\" content=\"https:\/\/www.facebook.com\/lykketegning\/\" \/>\n<meta property=\"article:modified_time\" content=\"2026-05-05T12:09:11+00:00\" \/>\n<meta property=\"og:image\" content=\"https:\/\/www.lykketegning.no\/wp-content\/uploads\/2026\/04\/notatbok-1024x683.png\" \/>\n\t<meta property=\"og:image:width\" content=\"1024\" \/>\n\t<meta property=\"og:image:height\" content=\"683\" \/>\n\t<meta property=\"og:image:type\" content=\"image\/png\" \/>\n<meta name=\"twitter:card\" content=\"summary_large_image\" \/>\n<meta name=\"twitter:label1\" content=\"Gesch\u00e4tzte Lesezeit\" \/>\n\t<meta name=\"twitter:data1\" content=\"3\u00a0Minuten\" \/>\n<script type=\"application\/ld+json\" class=\"yoast-schema-graph\">{\"@context\":\"https:\\\/\\\/schema.org\",\"@graph\":[{\"@type\":\"WebPage\",\"@id\":\"https:\\\/\\\/lykketegningtest.wp3.hcweb.dev\\\/produkt\\\/notatbok-fra-lykketegning-days-like-this-og-takknemlighetsjournal\\\/\",\"url\":\"https:\\\/\\\/lykketegningtest.wp3.hcweb.dev\\\/produkt\\\/notatbok-fra-lykketegning-days-like-this-og-takknemlighetsjournal\\\/\",\"name\":\"Notatbok fra Lykketegning \\\"Days like this\\\" og Takknemlighetsjournal - LYKKETEGNING ILLUSTRAT\u00d8R\",\"isPartOf\":{\"@id\":\"https:\\\/\\\/lykketegningtest.wp3.hcweb.dev\\\/#website\"},\"primaryImageOfPage\":{\"@id\":\"https:\\\/\\\/lykketegningtest.wp3.hcweb.dev\\\/produkt\\\/notatbok-fra-lykketegning-days-like-this-og-takknemlighetsjournal\\\/#primaryimage\"},\"image\":{\"@id\":\"https:\\\/\\\/lykketegningtest.wp3.hcweb.dev\\\/produkt\\\/notatbok-fra-lykketegning-days-like-this-og-takknemlighetsjournal\\\/#primaryimage\"},\"thumbnailUrl\":\"https:\\\/\\\/lykketegningtest.wp3.hcweb.dev\\\/wp-content\\\/uploads\\\/2026\\\/04\\\/notatbok.png\",\"datePublished\":\"2026-04-30T12:33:17+00:00\",\"dateModified\":\"2026-05-05T12:09:11+00:00\",\"description\":\"Morsom notatbok fra Lykketegning med de kjente fuglene. Linjert og med hard perm. Fin til notater og memoarer. Days like this! Og Takknemlighetsjournal.\",\"breadcrumb\":{\"@id\":\"https:\\\/\\\/lykketegningtest.wp3.hcweb.dev\\\/produkt\\\/notatbok-fra-lykketegning-days-like-this-og-takknemlighetsjournal\\\/#breadcrumb\"},\"inLanguage\":\"de\",\"potentialAction\":[{\"@type\":\"ReadAction\",\"target\":[\"https:\\\/\\\/lykketegningtest.wp3.hcweb.dev\\\/produkt\\\/notatbok-fra-lykketegning-days-like-this-og-takknemlighetsjournal\\\/\"]}]},{\"@type\":\"ImageObject\",\"inLanguage\":\"de\",\"@id\":\"https:\\\/\\\/lykketegningtest.wp3.hcweb.dev\\\/produkt\\\/notatbok-fra-lykketegning-days-like-this-og-takknemlighetsjournal\\\/#primaryimage\",\"url\":\"https:\\\/\\\/lykketegningtest.wp3.hcweb.dev\\\/wp-content\\\/uploads\\\/2026\\\/04\\\/notatbok.png\",\"contentUrl\":\"https:\\\/\\\/lykketegningtest.wp3.hcweb.dev\\\/wp-content\\\/uploads\\\/2026\\\/04\\\/notatbok.png\",\"width\":1536,\"height\":1024},{\"@type\":\"BreadcrumbList\",\"@id\":\"https:\\\/\\\/lykketegningtest.wp3.hcweb.dev\\\/produkt\\\/notatbok-fra-lykketegning-days-like-this-og-takknemlighetsjournal\\\/#breadcrumb\",\"itemListElement\":[{\"@type\":\"ListItem\",\"position\":1,\"name\":\"Hjem\",\"item\":\"https:\\\/\\\/lykketegningtest.wp3.hcweb.dev\\\/\"},{\"@type\":\"ListItem\",\"position\":2,\"name\":\"Shop\",\"item\":\"https:\\\/\\\/lykketegningtest.wp3.hcweb.dev\\\/sv\\\/webbutik\\\/\"},{\"@type\":\"ListItem\",\"position\":3,\"name\":\"Notatbok fra Lykketegning &#8220;Days like this&#8221; og Takknemlighetsjournal\"}]},{\"@type\":\"WebSite\",\"@id\":\"https:\\\/\\\/lykketegningtest.wp3.hcweb.dev\\\/#website\",\"url\":\"https:\\\/\\\/lykketegningtest.wp3.hcweb.dev\\\/\",\"name\":\"LYKKETEGNING ILLUSTRAT\u00d8R\",\"description\":\"\",\"publisher\":{\"@id\":\"https:\\\/\\\/lykketegningtest.wp3.hcweb.dev\\\/#organization\"},\"potentialAction\":[{\"@type\":\"SearchAction\",\"target\":{\"@type\":\"EntryPoint\",\"urlTemplate\":\"https:\\\/\\\/lykketegningtest.wp3.hcweb.dev\\\/?s={search_term_string}\"},\"query-input\":{\"@type\":\"PropertyValueSpecification\",\"valueRequired\":true,\"valueName\":\"search_term_string\"}}],\"inLanguage\":\"de\"},{\"@type\":\"Organization\",\"@id\":\"https:\\\/\\\/lykketegningtest.wp3.hcweb.dev\\\/#organization\",\"name\":\"LYKKETEGNING ILLUSTRAT\u00d8R\",\"url\":\"https:\\\/\\\/lykketegningtest.wp3.hcweb.dev\\\/\",\"logo\":{\"@type\":\"ImageObject\",\"inLanguage\":\"de\",\"@id\":\"https:\\\/\\\/lykketegningtest.wp3.hcweb.dev\\\/#\\\/schema\\\/logo\\\/image\\\/\",\"url\":\"https:\\\/\\\/lykketegningtest.wp3.hcweb.dev\\\/wp-content\\\/uploads\\\/2020\\\/03\\\/Logo2020_h400px.jpg\",\"contentUrl\":\"https:\\\/\\\/lykketegningtest.wp3.hcweb.dev\\\/wp-content\\\/uploads\\\/2020\\\/03\\\/Logo2020_h400px.jpg\",\"width\":1024,\"height\":400,\"caption\":\"LYKKETEGNING ILLUSTRAT\u00d8R\"},\"image\":{\"@id\":\"https:\\\/\\\/lykketegningtest.wp3.hcweb.dev\\\/#\\\/schema\\\/logo\\\/image\\\/\"},\"sameAs\":[\"https:\\\/\\\/www.facebook.com\\\/lykketegning\\\/\",\"https:\\\/\\\/www.instagram.com\\\/lykketegning\\\/\",\"https:\\\/\\\/www.youtube.com\\\/@lykketegningillustrations\",\"https:\\\/\\\/www.tiktok.com\\\/@lykketegningillustration\"]}]}<\/script>\n<!-- \/ Yoast SEO plugin. -->","yoast_head_json":{"title":"Notatbok fra Lykketegning \"Days like this\" og Takknemlighetsjournal - LYKKETEGNING ILLUSTRAT\u00d8R","description":"Morsom notatbok fra Lykketegning med de kjente fuglene. Linjert og med hard perm. Fin til notater og memoarer. Days like this! Og Takknemlighetsjournal.","robots":{"index":"noindex","follow":"follow","max-snippet":"max-snippet:-1","max-image-preview":"max-image-preview:large","max-video-preview":"max-video-preview:-1"},"og_locale":"de_DE","og_type":"article","og_title":"Notatbok fra Lykketegning \"Days like this\" og Takknemlighetsjournal - LYKKETEGNING ILLUSTRAT\u00d8R","og_description":"Morsom notatbok fra Lykketegning med de kjente fuglene. Linjert og med hard perm. Fin til notater og memoarer. Days like this! Og Takknemlighetsjournal.","og_url":"https:\/\/lykketegningtest.wp3.hcweb.dev\/de\/produkt\/notatbok-fra-lykketegning-days-like-this-og-takknemlighetsjournal\/","og_site_name":"LYKKETEGNING ILLUSTRAT\u00d8R","article_publisher":"https:\/\/www.facebook.com\/lykketegning\/","article_modified_time":"2026-05-05T12:09:11+00:00","og_image":[{"width":1024,"height":683,"url":"https:\/\/www.lykketegning.no\/wp-content\/uploads\/2026\/04\/notatbok-1024x683.png","type":"image\/png"}],"twitter_card":"summary_large_image","twitter_misc":{"Gesch\u00e4tzte Lesezeit":"3\u00a0Minuten"},"schema":{"@context":"https:\/\/schema.org","@graph":[{"@type":"WebPage","@id":"https:\/\/lykketegningtest.wp3.hcweb.dev\/produkt\/notatbok-fra-lykketegning-days-like-this-og-takknemlighetsjournal\/","url":"https:\/\/lykketegningtest.wp3.hcweb.dev\/produkt\/notatbok-fra-lykketegning-days-like-this-og-takknemlighetsjournal\/","name":"Notatbok fra Lykketegning \"Days like this\" og Takknemlighetsjournal - LYKKETEGNING ILLUSTRAT\u00d8R","isPartOf":{"@id":"https:\/\/lykketegningtest.wp3.hcweb.dev\/#website"},"primaryImageOfPage":{"@id":"https:\/\/lykketegningtest.wp3.hcweb.dev\/produkt\/notatbok-fra-lykketegning-days-like-this-og-takknemlighetsjournal\/#primaryimage"},"image":{"@id":"https:\/\/lykketegningtest.wp3.hcweb.dev\/produkt\/notatbok-fra-lykketegning-days-like-this-og-takknemlighetsjournal\/#primaryimage"},"thumbnailUrl":"https:\/\/lykketegningtest.wp3.hcweb.dev\/wp-content\/uploads\/2026\/04\/notatbok.png","datePublished":"2026-04-30T12:33:17+00:00","dateModified":"2026-05-05T12:09:11+00:00","description":"Morsom notatbok fra Lykketegning med de kjente fuglene. Linjert og med hard perm. Fin til notater og memoarer. Days like this! Og Takknemlighetsjournal.","breadcrumb":{"@id":"https:\/\/lykketegningtest.wp3.hcweb.dev\/produkt\/notatbok-fra-lykketegning-days-like-this-og-takknemlighetsjournal\/#breadcrumb"},"inLanguage":"de","potentialAction":[{"@type":"ReadAction","target":["https:\/\/lykketegningtest.wp3.hcweb.dev\/produkt\/notatbok-fra-lykketegning-days-like-this-og-takknemlighetsjournal\/"]}]},{"@type":"ImageObject","inLanguage":"de","@id":"https:\/\/lykketegningtest.wp3.hcweb.dev\/produkt\/notatbok-fra-lykketegning-days-like-this-og-takknemlighetsjournal\/#primaryimage","url":"https:\/\/lykketegningtest.wp3.hcweb.dev\/wp-content\/uploads\/2026\/04\/notatbok.png","contentUrl":"https:\/\/lykketegningtest.wp3.hcweb.dev\/wp-content\/uploads\/2026\/04\/notatbok.png","width":1536,"height":1024},{"@type":"BreadcrumbList","@id":"https:\/\/lykketegningtest.wp3.hcweb.dev\/produkt\/notatbok-fra-lykketegning-days-like-this-og-takknemlighetsjournal\/#breadcrumb","itemListElement":[{"@type":"ListItem","position":1,"name":"Hjem","item":"https:\/\/lykketegningtest.wp3.hcweb.dev\/"},{"@type":"ListItem","position":2,"name":"Shop","item":"https:\/\/lykketegningtest.wp3.hcweb.dev\/sv\/webbutik\/"},{"@type":"ListItem","position":3,"name":"Notatbok fra Lykketegning &#8220;Days like this&#8221; og Takknemlighetsjournal"}]},{"@type":"WebSite","@id":"https:\/\/lykketegningtest.wp3.hcweb.dev\/#website","url":"https:\/\/lykketegningtest.wp3.hcweb.dev\/","name":"GL\u00dcCKSZEICHNUNG ILLUSTRATOR","description":"","publisher":{"@id":"https:\/\/lykketegningtest.wp3.hcweb.dev\/#organization"},"potentialAction":[{"@type":"SearchAction","target":{"@type":"EntryPoint","urlTemplate":"https:\/\/lykketegningtest.wp3.hcweb.dev\/?s={search_term_string}"},"query-input":{"@type":"PropertyValueSpecification","valueRequired":true,"valueName":"search_term_string"}}],"inLanguage":"de"},{"@type":"Organization","@id":"https:\/\/lykketegningtest.wp3.hcweb.dev\/#organization","name":"GL\u00dcCKSZEICHNUNG ILLUSTRATOR","url":"https:\/\/lykketegningtest.wp3.hcweb.dev\/","logo":{"@type":"ImageObject","inLanguage":"de","@id":"https:\/\/lykketegningtest.wp3.hcweb.dev\/#\/schema\/logo\/image\/","url":"https:\/\/lykketegningtest.wp3.hcweb.dev\/wp-content\/uploads\/2020\/03\/Logo2020_h400px.jpg","contentUrl":"https:\/\/lykketegningtest.wp3.hcweb.dev\/wp-content\/uploads\/2020\/03\/Logo2020_h400px.jpg","width":1024,"height":400,"caption":"LYKKETEGNING ILLUSTRAT\u00d8R"},"image":{"@id":"https:\/\/lykketegningtest.wp3.hcweb.dev\/#\/schema\/logo\/image\/"},"sameAs":["https:\/\/www.facebook.com\/lykketegning\/","https:\/\/www.instagram.com\/lykketegning\/","https:\/\/www.youtube.com\/@lykketegningillustrations","https:\/\/www.tiktok.com\/@lykketegningillustration"]}]}},"_links":{"self":[{"href":"https:\/\/lykketegningtest.wp3.hcweb.dev\/de\/wp-json\/wp\/v2\/product\/42616","targetHints":{"allow":["GET"]}}],"collection":[{"href":"https:\/\/lykketegningtest.wp3.hcweb.dev\/de\/wp-json\/wp\/v2\/product"}],"about":[{"href":"https:\/\/lykketegningtest.wp3.hcweb.dev\/de\/wp-json\/wp\/v2\/types\/product"}],"replies":[{"embeddable":true,"href":"https:\/\/lykketegningtest.wp3.hcweb.dev\/de\/wp-json\/wp\/v2\/comments?post=42616"}],"wp:featuredmedia":[{"embeddable":true,"href":"https:\/\/lykketegningtest.wp3.hcweb.dev\/de\/wp-json\/wp\/v2\/media\/42617"}],"wp:attachment":[{"href":"https:\/\/lykketegningtest.wp3.hcweb.dev\/de\/wp-json\/wp\/v2\/media?parent=42616"}],"wp:term":[{"taxonomy":"product_brand","embeddable":true,"href":"https:\/\/lykketegningtest.wp3.hcweb.dev\/de\/wp-json\/wp\/v2\/product_brand?post=42616"},{"taxonomy":"product_cat","embeddable":true,"href":"https:\/\/lykketegningtest.wp3.hcweb.dev\/de\/wp-json\/wp\/v2\/product_cat?post=42616"},{"taxonomy":"product_tag","embeddable":true,"href":"https:\/\/lykketegningtest.wp3.hcweb.dev\/de\/wp-json\/wp\/v2\/product_tag?post=42616"}],"curies":[{"name":"wp","href":"https:\/\/api.w.org\/{rel}","templated":true}]}}