{"id":37041,"date":"2023-09-06T16:41:11","date_gmt":"2023-09-06T14:41:11","guid":{"rendered":"https:\/\/www-lykketegning.wp3.hcweb.dev\/fornyelse\/?post_type=product&#038;p=37041"},"modified":"2026-03-31T20:38:18","modified_gmt":"2026-03-31T18:38:18","slug":"vinglass-fra-lykketegning-det-handler-om-a-nyte-oyeblikket","status":"publish","type":"product","link":"https:\/\/lykketegningtest.wp3.hcweb.dev\/en\/product\/vinglass-fra-lykketegning-det-handler-om-a-nyte-oyeblikket\/","title":{"rendered":"Wine glasses from Lykketegning \"It's all about enjoying the moment!\""},"content":{"rendered":"<p>Wine glasses with beautiful design and engraving. \"It's all about savouring the moment\".<br \/>\nThe glasses are designed so that you can enjoy both red and white, but are also perfect for serving a fresh juice.<\/p>\n<p>A perfect gift to give to a friend or bride and groom.<\/p>\n<p>Comes in a cute box with an illustration from Luck Drawing.<\/p>\n<p>Also check out the wine glass \"Breathe! Life is now!\"<\/p>\n<p>With clear lines and good quotes, Lucky Drawing wants to make you stop and think,<br \/>\nbreathe deeply and then set a good course forward.<br \/>\nCan be cleaned in the dishwasher.<br \/>\nD9.5 H22.5 cm 625 ml, Glass, Clear. 1 pk in gift box<\/p>","protected":false},"excerpt":{"rendered":"<p>Wine glasses with beautiful design and engraving. \"It's all about savouring the moment\".<br \/>\nThe glasses are designed so that you can enjoy both red and white, but are also perfect for serving a fresh juice.<\/p>\n<p>A perfect gift to give to a friend or bride and groom.<\/p>\n<p>Comes in a cute box with an illustration from Luck Drawing.<\/p>\n<p>Also check out the wine glass \"Breathe! Life is now!\"<\/p>\n<p>With clear lines and good quotes, Lucky Drawing wants to make you stop and think,<br \/>\nbreathe deeply and then set a good course forward.<br \/>\nCan be cleaned in the dishwasher.<br \/>\nD9.5 H22.5 cm 625 ml, Glass, Clear. 1 pk in gift box<\/p>","protected":false},"featured_media":39885,"comment_status":"open","ping_status":"closed","template":"","meta":[],"product_brand":[],"product_cat":[197],"product_tag":[198],"class_list":{"0":"post-37041","1":"product","2":"type-product","3":"status-publish","4":"has-post-thumbnail","6":"product_cat-graverte-vinglass-champagneglass","7":"product_tag-vinglass","9":"first","10":"instock","11":"taxable","12":"shipping-taxable","13":"purchasable","14":"product-type-simple"},"yoast_head":"<!-- This site is optimized with the Yoast SEO plugin v27.5 - https:\/\/yoast.com\/product\/yoast-seo-wordpress\/ -->\n<title>Vinglass fra Lykketegning &quot;Det handler om \u00e5 nyte \u00f8yeblikket!&quot; - LYKKETEGNING ILLUSTRAT\u00d8R<\/title>\n<meta name=\"robots\" content=\"noindex, follow, max-snippet:-1, max-image-preview:large, max-video-preview:-1\" \/>\n<meta property=\"og:locale\" content=\"en_GB\" \/>\n<meta property=\"og:type\" content=\"article\" \/>\n<meta property=\"og:title\" content=\"Vinglass fra Lykketegning &quot;Det handler om \u00e5 nyte \u00f8yeblikket!&quot; - LYKKETEGNING ILLUSTRAT\u00d8R\" \/>\n<meta property=\"og:description\" content=\"Vinglass med lekker utforming og gravering. &quot;Det handler om \u00e5 nyte \u00f8yeblikket&quot;. Glassene er utformet slik at en b\u00e5de kan nyte r\u00f8dt og hvitt, men ogs\u00e5 lekre \u00e5 servere en frisk juice.  En perfekt gave \u00e5 gi til venn eller brudepar.  Kommer i s\u00f8t eske med illustrasjon fra Lykketegning.  Sjekk ogs\u00e5 vinglasset &quot;Pust! Livet er n\u00e5!&quot;  Med klare linjer og gode sitater \u00f8nsker Lykketegning \u00e5 f\u00e5 deg til \u00e5 stoppe litt opp, trekke pusten godt og deretter sette en god kurs videre. Kan rengj\u00f8res i oppvaskmaskin. D9,5 H22,5 cm 625 ml, Glass, Klar. 1 pk i gavekartong\" \/>\n<meta property=\"og:url\" content=\"https:\/\/lykketegningtest.wp3.hcweb.dev\/en\/product-2\/copas-de-vino-del-dibujo-de-la-felicidad-se-trata-de-saborear-el-momento\/\" \/>\n<meta property=\"og:site_name\" content=\"LYKKETEGNING ILLUSTRAT\u00d8R\" \/>\n<meta property=\"article:publisher\" content=\"https:\/\/www.facebook.com\/lykketegning\/\" \/>\n<meta property=\"article:modified_time\" content=\"2026-03-31T18:38:18+00:00\" \/>\n<meta property=\"og:image\" content=\"https:\/\/www.lykketegning.no\/wp-content\/uploads\/2025\/01\/92A9647-6-1.jpg\" \/>\n\t<meta property=\"og:image:width\" content=\"1080\" \/>\n\t<meta property=\"og:image:height\" content=\"1080\" \/>\n\t<meta property=\"og:image:type\" content=\"image\/jpeg\" \/>\n<meta name=\"twitter:card\" content=\"summary_large_image\" \/>\n<meta name=\"twitter:label1\" content=\"Estimated reading time\" \/>\n\t<meta name=\"twitter:data1\" content=\"1 minute\" \/>\n<script type=\"application\/ld+json\" class=\"yoast-schema-graph\">{\"@context\":\"https:\\\/\\\/schema.org\",\"@graph\":[{\"@type\":\"WebPage\",\"@id\":\"https:\\\/\\\/lykketegningtest.wp3.hcweb.dev\\\/es\\\/product-2\\\/copas-de-vino-del-dibujo-de-la-felicidad-se-trata-de-saborear-el-momento\\\/\",\"url\":\"https:\\\/\\\/lykketegningtest.wp3.hcweb.dev\\\/es\\\/product-2\\\/copas-de-vino-del-dibujo-de-la-felicidad-se-trata-de-saborear-el-momento\\\/\",\"name\":\"Vinglass fra Lykketegning \\\"Det handler om \u00e5 nyte \u00f8yeblikket!\\\" - LYKKETEGNING ILLUSTRAT\u00d8R\",\"isPartOf\":{\"@id\":\"https:\\\/\\\/lykketegningtest.wp3.hcweb.dev\\\/#website\"},\"primaryImageOfPage\":{\"@id\":\"https:\\\/\\\/lykketegningtest.wp3.hcweb.dev\\\/es\\\/product-2\\\/copas-de-vino-del-dibujo-de-la-felicidad-se-trata-de-saborear-el-momento\\\/#primaryimage\"},\"image\":{\"@id\":\"https:\\\/\\\/lykketegningtest.wp3.hcweb.dev\\\/es\\\/product-2\\\/copas-de-vino-del-dibujo-de-la-felicidad-se-trata-de-saborear-el-momento\\\/#primaryimage\"},\"thumbnailUrl\":\"https:\\\/\\\/lykketegningtest.wp3.hcweb.dev\\\/wp-content\\\/uploads\\\/2025\\\/01\\\/92A9647-6-1.jpg\",\"datePublished\":\"2023-09-06T14:41:11+00:00\",\"dateModified\":\"2026-03-31T18:38:18+00:00\",\"breadcrumb\":{\"@id\":\"https:\\\/\\\/lykketegningtest.wp3.hcweb.dev\\\/es\\\/product-2\\\/copas-de-vino-del-dibujo-de-la-felicidad-se-trata-de-saborear-el-momento\\\/#breadcrumb\"},\"inLanguage\":\"en-GB\",\"potentialAction\":[{\"@type\":\"ReadAction\",\"target\":[\"https:\\\/\\\/lykketegningtest.wp3.hcweb.dev\\\/es\\\/product-2\\\/copas-de-vino-del-dibujo-de-la-felicidad-se-trata-de-saborear-el-momento\\\/\"]}]},{\"@type\":\"ImageObject\",\"inLanguage\":\"en-GB\",\"@id\":\"https:\\\/\\\/lykketegningtest.wp3.hcweb.dev\\\/es\\\/product-2\\\/copas-de-vino-del-dibujo-de-la-felicidad-se-trata-de-saborear-el-momento\\\/#primaryimage\",\"url\":\"https:\\\/\\\/lykketegningtest.wp3.hcweb.dev\\\/wp-content\\\/uploads\\\/2025\\\/01\\\/92A9647-6-1.jpg\",\"contentUrl\":\"https:\\\/\\\/lykketegningtest.wp3.hcweb.dev\\\/wp-content\\\/uploads\\\/2025\\\/01\\\/92A9647-6-1.jpg\",\"width\":1080,\"height\":1080},{\"@type\":\"BreadcrumbList\",\"@id\":\"https:\\\/\\\/lykketegningtest.wp3.hcweb.dev\\\/es\\\/product-2\\\/copas-de-vino-del-dibujo-de-la-felicidad-se-trata-de-saborear-el-momento\\\/#breadcrumb\",\"itemListElement\":[{\"@type\":\"ListItem\",\"position\":1,\"name\":\"Hjem\",\"item\":\"https:\\\/\\\/lykketegningtest.wp3.hcweb.dev\\\/\"},{\"@type\":\"ListItem\",\"position\":2,\"name\":\"Shop\",\"item\":\"https:\\\/\\\/lykketegningtest.wp3.hcweb.dev\\\/sv\\\/webbutik\\\/\"},{\"@type\":\"ListItem\",\"position\":3,\"name\":\"Vinglass fra Lykketegning &#8220;Det handler om \u00e5 nyte \u00f8yeblikket!&#8221;\"}]},{\"@type\":\"WebSite\",\"@id\":\"https:\\\/\\\/lykketegningtest.wp3.hcweb.dev\\\/#website\",\"url\":\"https:\\\/\\\/lykketegningtest.wp3.hcweb.dev\\\/\",\"name\":\"LYKKETEGNING ILLUSTRAT\u00d8R\",\"description\":\"\",\"publisher\":{\"@id\":\"https:\\\/\\\/lykketegningtest.wp3.hcweb.dev\\\/#organization\"},\"potentialAction\":[{\"@type\":\"SearchAction\",\"target\":{\"@type\":\"EntryPoint\",\"urlTemplate\":\"https:\\\/\\\/lykketegningtest.wp3.hcweb.dev\\\/?s={search_term_string}\"},\"query-input\":{\"@type\":\"PropertyValueSpecification\",\"valueRequired\":true,\"valueName\":\"search_term_string\"}}],\"inLanguage\":\"en-GB\"},{\"@type\":\"Organization\",\"@id\":\"https:\\\/\\\/lykketegningtest.wp3.hcweb.dev\\\/#organization\",\"name\":\"LYKKETEGNING ILLUSTRAT\u00d8R\",\"url\":\"https:\\\/\\\/lykketegningtest.wp3.hcweb.dev\\\/\",\"logo\":{\"@type\":\"ImageObject\",\"inLanguage\":\"en-GB\",\"@id\":\"https:\\\/\\\/lykketegningtest.wp3.hcweb.dev\\\/#\\\/schema\\\/logo\\\/image\\\/\",\"url\":\"https:\\\/\\\/lykketegningtest.wp3.hcweb.dev\\\/wp-content\\\/uploads\\\/2020\\\/03\\\/Logo2020_h400px.jpg\",\"contentUrl\":\"https:\\\/\\\/lykketegningtest.wp3.hcweb.dev\\\/wp-content\\\/uploads\\\/2020\\\/03\\\/Logo2020_h400px.jpg\",\"width\":1024,\"height\":400,\"caption\":\"LYKKETEGNING ILLUSTRAT\u00d8R\"},\"image\":{\"@id\":\"https:\\\/\\\/lykketegningtest.wp3.hcweb.dev\\\/#\\\/schema\\\/logo\\\/image\\\/\"},\"sameAs\":[\"https:\\\/\\\/www.facebook.com\\\/lykketegning\\\/\",\"https:\\\/\\\/www.instagram.com\\\/lykketegning\\\/\",\"https:\\\/\\\/www.youtube.com\\\/@lykketegningillustrations\",\"https:\\\/\\\/www.tiktok.com\\\/@lykketegningillustration\"]}]}<\/script>\n<!-- \/ Yoast SEO plugin. -->","yoast_head_json":{"title":"Wine glasses from Lykketegning \"It's all about savouring the moment!\" - HAPPINESS DRAWING ILLUSTRATOR","robots":{"index":"noindex","follow":"follow","max-snippet":"max-snippet:-1","max-image-preview":"max-image-preview:large","max-video-preview":"max-video-preview:-1"},"og_locale":"en_GB","og_type":"article","og_title":"Vinglass fra Lykketegning \"Det handler om \u00e5 nyte \u00f8yeblikket!\" - LYKKETEGNING ILLUSTRAT\u00d8R","og_description":"Vinglass med lekker utforming og gravering. \"Det handler om \u00e5 nyte \u00f8yeblikket\". Glassene er utformet slik at en b\u00e5de kan nyte r\u00f8dt og hvitt, men ogs\u00e5 lekre \u00e5 servere en frisk juice.  En perfekt gave \u00e5 gi til venn eller brudepar.  Kommer i s\u00f8t eske med illustrasjon fra Lykketegning.  Sjekk ogs\u00e5 vinglasset \"Pust! Livet er n\u00e5!\"  Med klare linjer og gode sitater \u00f8nsker Lykketegning \u00e5 f\u00e5 deg til \u00e5 stoppe litt opp, trekke pusten godt og deretter sette en god kurs videre. Kan rengj\u00f8res i oppvaskmaskin. D9,5 H22,5 cm 625 ml, Glass, Klar. 1 pk i gavekartong","og_url":"https:\/\/lykketegningtest.wp3.hcweb.dev\/en\/product-2\/copas-de-vino-del-dibujo-de-la-felicidad-se-trata-de-saborear-el-momento\/","og_site_name":"LYKKETEGNING ILLUSTRAT\u00d8R","article_publisher":"https:\/\/www.facebook.com\/lykketegning\/","article_modified_time":"2026-03-31T18:38:18+00:00","og_image":[{"width":1080,"height":1080,"url":"https:\/\/www.lykketegning.no\/wp-content\/uploads\/2025\/01\/92A9647-6-1.jpg","type":"image\/jpeg"}],"twitter_card":"summary_large_image","twitter_misc":{"Estimated reading time":"1 minute"},"schema":{"@context":"https:\/\/schema.org","@graph":[{"@type":"WebPage","@id":"https:\/\/lykketegningtest.wp3.hcweb.dev\/es\/product-2\/copas-de-vino-del-dibujo-de-la-felicidad-se-trata-de-saborear-el-momento\/","url":"https:\/\/lykketegningtest.wp3.hcweb.dev\/es\/product-2\/copas-de-vino-del-dibujo-de-la-felicidad-se-trata-de-saborear-el-momento\/","name":"Wine glasses from Lykketegning \"It's all about savouring the moment!\" - HAPPINESS DRAWING ILLUSTRATOR","isPartOf":{"@id":"https:\/\/lykketegningtest.wp3.hcweb.dev\/#website"},"primaryImageOfPage":{"@id":"https:\/\/lykketegningtest.wp3.hcweb.dev\/es\/product-2\/copas-de-vino-del-dibujo-de-la-felicidad-se-trata-de-saborear-el-momento\/#primaryimage"},"image":{"@id":"https:\/\/lykketegningtest.wp3.hcweb.dev\/es\/product-2\/copas-de-vino-del-dibujo-de-la-felicidad-se-trata-de-saborear-el-momento\/#primaryimage"},"thumbnailUrl":"https:\/\/lykketegningtest.wp3.hcweb.dev\/wp-content\/uploads\/2025\/01\/92A9647-6-1.jpg","datePublished":"2023-09-06T14:41:11+00:00","dateModified":"2026-03-31T18:38:18+00:00","breadcrumb":{"@id":"https:\/\/lykketegningtest.wp3.hcweb.dev\/es\/product-2\/copas-de-vino-del-dibujo-de-la-felicidad-se-trata-de-saborear-el-momento\/#breadcrumb"},"inLanguage":"en-GB","potentialAction":[{"@type":"ReadAction","target":["https:\/\/lykketegningtest.wp3.hcweb.dev\/es\/product-2\/copas-de-vino-del-dibujo-de-la-felicidad-se-trata-de-saborear-el-momento\/"]}]},{"@type":"ImageObject","inLanguage":"en-GB","@id":"https:\/\/lykketegningtest.wp3.hcweb.dev\/es\/product-2\/copas-de-vino-del-dibujo-de-la-felicidad-se-trata-de-saborear-el-momento\/#primaryimage","url":"https:\/\/lykketegningtest.wp3.hcweb.dev\/wp-content\/uploads\/2025\/01\/92A9647-6-1.jpg","contentUrl":"https:\/\/lykketegningtest.wp3.hcweb.dev\/wp-content\/uploads\/2025\/01\/92A9647-6-1.jpg","width":1080,"height":1080},{"@type":"BreadcrumbList","@id":"https:\/\/lykketegningtest.wp3.hcweb.dev\/es\/product-2\/copas-de-vino-del-dibujo-de-la-felicidad-se-trata-de-saborear-el-momento\/#breadcrumb","itemListElement":[{"@type":"ListItem","position":1,"name":"Hjem","item":"https:\/\/lykketegningtest.wp3.hcweb.dev\/"},{"@type":"ListItem","position":2,"name":"Shop","item":"https:\/\/lykketegningtest.wp3.hcweb.dev\/sv\/webbutik\/"},{"@type":"ListItem","position":3,"name":"Vinglass fra Lykketegning &#8220;Det handler om \u00e5 nyte \u00f8yeblikket!&#8221;"}]},{"@type":"WebSite","@id":"https:\/\/lykketegningtest.wp3.hcweb.dev\/#website","url":"https:\/\/lykketegningtest.wp3.hcweb.dev\/","name":"LUCKY DRAWING ILLUSTRATOR","description":"","publisher":{"@id":"https:\/\/lykketegningtest.wp3.hcweb.dev\/#organization"},"potentialAction":[{"@type":"SearchAction","target":{"@type":"EntryPoint","urlTemplate":"https:\/\/lykketegningtest.wp3.hcweb.dev\/?s={search_term_string}"},"query-input":{"@type":"PropertyValueSpecification","valueRequired":true,"valueName":"search_term_string"}}],"inLanguage":"en-GB"},{"@type":"Organization","@id":"https:\/\/lykketegningtest.wp3.hcweb.dev\/#organization","name":"LUCKY DRAWING ILLUSTRATOR","url":"https:\/\/lykketegningtest.wp3.hcweb.dev\/","logo":{"@type":"ImageObject","inLanguage":"en-GB","@id":"https:\/\/lykketegningtest.wp3.hcweb.dev\/#\/schema\/logo\/image\/","url":"https:\/\/lykketegningtest.wp3.hcweb.dev\/wp-content\/uploads\/2020\/03\/Logo2020_h400px.jpg","contentUrl":"https:\/\/lykketegningtest.wp3.hcweb.dev\/wp-content\/uploads\/2020\/03\/Logo2020_h400px.jpg","width":1024,"height":400,"caption":"LYKKETEGNING ILLUSTRAT\u00d8R"},"image":{"@id":"https:\/\/lykketegningtest.wp3.hcweb.dev\/#\/schema\/logo\/image\/"},"sameAs":["https:\/\/www.facebook.com\/lykketegning\/","https:\/\/www.instagram.com\/lykketegning\/","https:\/\/www.youtube.com\/@lykketegningillustrations","https:\/\/www.tiktok.com\/@lykketegningillustration"]}]}},"_links":{"self":[{"href":"https:\/\/lykketegningtest.wp3.hcweb.dev\/en\/wp-json\/wp\/v2\/product\/37041","targetHints":{"allow":["GET"]}}],"collection":[{"href":"https:\/\/lykketegningtest.wp3.hcweb.dev\/en\/wp-json\/wp\/v2\/product"}],"about":[{"href":"https:\/\/lykketegningtest.wp3.hcweb.dev\/en\/wp-json\/wp\/v2\/types\/product"}],"replies":[{"embeddable":true,"href":"https:\/\/lykketegningtest.wp3.hcweb.dev\/en\/wp-json\/wp\/v2\/comments?post=37041"}],"wp:featuredmedia":[{"embeddable":true,"href":"https:\/\/lykketegningtest.wp3.hcweb.dev\/en\/wp-json\/wp\/v2\/media\/39885"}],"wp:attachment":[{"href":"https:\/\/lykketegningtest.wp3.hcweb.dev\/en\/wp-json\/wp\/v2\/media?parent=37041"}],"wp:term":[{"taxonomy":"product_brand","embeddable":true,"href":"https:\/\/lykketegningtest.wp3.hcweb.dev\/en\/wp-json\/wp\/v2\/product_brand?post=37041"},{"taxonomy":"product_cat","embeddable":true,"href":"https:\/\/lykketegningtest.wp3.hcweb.dev\/en\/wp-json\/wp\/v2\/product_cat?post=37041"},{"taxonomy":"product_tag","embeddable":true,"href":"https:\/\/lykketegningtest.wp3.hcweb.dev\/en\/wp-json\/wp\/v2\/product_tag?post=37041"}],"curies":[{"name":"wp","href":"https:\/\/api.w.org\/{rel}","templated":true}]}}