{"id":37134,"date":"2024-05-16T20:00:15","date_gmt":"2024-05-16T18:00:15","guid":{"rendered":"https:\/\/www-lykketegning.wp3.hcweb.dev\/fornyelse\/?post_type=product&#038;p=37134"},"modified":"2026-01-05T13:12:59","modified_gmt":"2026-01-05T12:12:59","slug":"termoflaske-jeg-bestemmer-at-det-blir-en-god-dag-idag-liten","status":"publish","type":"product","link":"https:\/\/lykketegningtest.wp3.hcweb.dev\/en\/product\/termoflaske-jeg-bestemmer-at-det-blir-en-god-dag-idag-liten\/","title":{"rendered":"Thermos bottle \"I decide today is going to be a good day! SMALL"},"content":{"rendered":"<p>\"New from Luck Drawing!<\/p>\n<p>Tough thermos bottle that's perfect for school, work and travelling.<span class=\"Apple-converted-space\">\u00a0<\/span><\/p>\n<p>Beverage bottle with walls made of several layers of temperature-retaining materials, including copper. This keeps the drink hot for 12 hours and cold for 24 hours.<span class=\"Apple-converted-space\">\u00a0<\/span><\/p>\n<p>The cork is shaped like a clock. Here you can turn the time when you filled the bottle and keep track of the approximate temperature of the contents throughout the day. Large opening makes it easy to add ice cubes.<\/p>\n<p>A matching lunch box will also be available during the summer.<\/p>\n<p>The bottle can be purchased in 2 different sizes!<span class=\"Apple-converted-space\">\u00a0<\/span><\/p>\n<div class=\"product attribute sap-more-information description\">\n<div class=\"value\">The bottle is not intended for carbonated drinks. The bottle can be cleaned in the dishwasher, but please note that wear may occur on the outside. Rinse the cork in warm water.<\/div>\n<\/div>\n<div class=\"page\" title=\"Page 1\">\n<div class=\"layoutArea\">\n<div class=\"column\"><\/div>\n<\/div>\n<\/div>\n<div class=\"page-title-wrapper product\">\n<h5 class=\"page-title\"><strong><span class=\"base\" data-ui-id=\"page-title-wrapper\">Lucky drawing - I decide it's going to be a good day today - Thermos flask - 0.28 l<\/span><\/strong><\/h5>\n<\/div>\n<div class=\"product attribute brand\">\n<div class=\"value\">Lucky drawing<\/div>\n<\/div>\n<div class=\"product-attributes-container\">\n<div class=\"product attribute sap-additional-information\">\n<div class=\"value\">D6.5 H19.5 280 ml, Steel 18\/8, Ochre yellow, multi. Girl<\/div>\n<\/div>\n<\/div>","protected":false},"excerpt":{"rendered":"<p>\"New from Luck Drawing!<\/p>\n<p>Tough thermos bottle that's perfect for school, work and travelling.<span class=\"Apple-converted-space\">\u00a0<\/span><\/p>\n<p>Beverage bottle with walls made of several layers of temperature-retaining materials, including copper. This keeps the drink hot for 12 hours and cold for 24 hours.<span class=\"Apple-converted-space\">\u00a0<\/span><\/p>\n<p>The cork is shaped like a clock. Here you can turn the time when you filled the bottle and keep track of the approximate temperature of the contents throughout the day. Large opening makes it easy to add ice cubes.<\/p>\n<p>A matching lunch box will also be available during the summer.<\/p>\n<p>The bottle can be purchased in 2 different sizes!<span class=\"Apple-converted-space\">\u00a0<\/span><\/p>\n<div class=\"product attribute sap-more-information description\">\n<div class=\"value\">The bottle is not intended for carbonated drinks. The bottle can be cleaned in the dishwasher, but please note that wear may occur on the outside. Rinse the cork in warm water.<\/div>\n<\/div>\n<div class=\"page\" title=\"Page 1\">\n<div class=\"layoutArea\">\n<div class=\"column\"><\/div>\n<\/div>\n<\/div>\n<div class=\"page-title-wrapper product\">\n<h5 class=\"page-title\"><strong><span class=\"base\" data-ui-id=\"page-title-wrapper\">Lucky drawing - I decide it's going to be a good day today - Thermos flask - 0.28 l<\/span><\/strong><\/h5>\n<\/div>\n<div class=\"product attribute brand\">\n<div class=\"value\">Lucky drawing<\/div>\n<\/div>\n<div class=\"product-attributes-container\">\n<div class=\"product attribute sap-additional-information\">\n<div class=\"value\">D6.5 H19.5 280 ml, Steel 18\/8, Ochre yellow, multi. Girl<\/div>\n<\/div>\n<\/div>","protected":false},"featured_media":39798,"comment_status":"open","ping_status":"closed","template":"","meta":[],"product_brand":[],"product_cat":[41],"product_tag":[183,251],"class_list":{"0":"post-37134","1":"product","2":"type-product","3":"status-publish","4":"has-post-thumbnail","6":"product_cat-lykkekopper","7":"product_tag-termo","8":"product_tag-termoflaske","10":"first","11":"instock","12":"taxable","13":"shipping-taxable","14":"purchasable","15":"product-type-simple"},"yoast_head":"<!-- This site is optimized with the Yoast SEO plugin v27.5 - https:\/\/yoast.com\/product\/yoast-seo-wordpress\/ -->\n<title>Termoflaske &quot;Jeg bestemmer at det blir en god dag idag! LITEN - LYKKETEGNING ILLUSTRAT\u00d8R<\/title>\n<meta name=\"robots\" content=\"noindex, follow, max-snippet:-1, max-image-preview:large, max-video-preview:-1\" \/>\n<meta property=\"og:locale\" content=\"en_GB\" \/>\n<meta property=\"og:type\" content=\"article\" \/>\n<meta property=\"og:title\" content=\"Termoflaske &quot;Jeg bestemmer at det blir en god dag idag! LITEN - LYKKETEGNING ILLUSTRAT\u00d8R\" \/>\n<meta property=\"og:description\" content=\"&quot;Nyhet fra Lykketegning!!  T\u00f8ff termoflaske som er perfekt til skole, jobb og p\u00e5 tur.\u00a0  Drikkeflaske med vegger av flere lag med temperaturbevarende materialer, deriblant kobber. Dette gj\u00f8r at den holder drikken varmt i 12 timer og kaldt i 24 timer.\u00a0  Korken er formet som en klokke. Her kan du vri til klokkeslettet n\u00e5r du fylte flasken og holde kontroll p\u00e5 ca. temperatur p\u00e5 innholdet utover dagen. Stor \u00e5pning som gj\u00f8r det lett \u00e5 tilsette isbiter.  I l\u00f8pet av sommeren kommer ogs\u00e5 matchende matboks.  Flasken kan kj\u00f8pes i 2 ulike st\u00f8rrelser!\u00a0  Flasken er ikke beregnet for drikkevarer med kullsyre. Flasken kan rengj\u00f8res i oppvaskmaskin, men vennligst merk at det kan oppst\u00e5 slitasje p\u00e5 utsiden. Korken skylles i varmt vann.        Lykketegning - Jeg bestemmer at det blir en god dag idag - Termoflaske - 0,28 l   Lykketegning    D6,5 H19,5 280 ml, St\u00e5l 18\/8, Okergul, multi. Jente\" \/>\n<meta property=\"og:url\" content=\"https:\/\/lykketegningtest.wp3.hcweb.dev\/en\/product-2\/termo-decido-que-hoy-sera-un-buen-dia-pequeno\/\" \/>\n<meta property=\"og:site_name\" content=\"LYKKETEGNING ILLUSTRAT\u00d8R\" \/>\n<meta property=\"article:publisher\" content=\"https:\/\/www.facebook.com\/lykketegning\/\" \/>\n<meta property=\"article:modified_time\" content=\"2026-01-05T12:12:59+00:00\" \/>\n<meta property=\"og:image\" content=\"https:\/\/www.lykketegning.no\/wp-content\/uploads\/2025\/03\/IMG_0244-2-scaled.jpg\" \/>\n\t<meta property=\"og:image:width\" content=\"2560\" \/>\n\t<meta property=\"og:image:height\" content=\"2560\" \/>\n\t<meta property=\"og:image:type\" content=\"image\/jpeg\" \/>\n<meta name=\"twitter:card\" content=\"summary_large_image\" \/>\n<meta name=\"twitter:label1\" content=\"Estimated reading time\" \/>\n\t<meta name=\"twitter:data1\" content=\"1 minute\" \/>\n<script type=\"application\/ld+json\" class=\"yoast-schema-graph\">{\"@context\":\"https:\\\/\\\/schema.org\",\"@graph\":[{\"@type\":\"WebPage\",\"@id\":\"https:\\\/\\\/lykketegningtest.wp3.hcweb.dev\\\/es\\\/product-2\\\/termo-decido-que-hoy-sera-un-buen-dia-pequeno\\\/\",\"url\":\"https:\\\/\\\/lykketegningtest.wp3.hcweb.dev\\\/es\\\/product-2\\\/termo-decido-que-hoy-sera-un-buen-dia-pequeno\\\/\",\"name\":\"Termoflaske \\\"Jeg bestemmer at det blir en god dag idag! LITEN - LYKKETEGNING ILLUSTRAT\u00d8R\",\"isPartOf\":{\"@id\":\"https:\\\/\\\/lykketegningtest.wp3.hcweb.dev\\\/#website\"},\"primaryImageOfPage\":{\"@id\":\"https:\\\/\\\/lykketegningtest.wp3.hcweb.dev\\\/es\\\/product-2\\\/termo-decido-que-hoy-sera-un-buen-dia-pequeno\\\/#primaryimage\"},\"image\":{\"@id\":\"https:\\\/\\\/lykketegningtest.wp3.hcweb.dev\\\/es\\\/product-2\\\/termo-decido-que-hoy-sera-un-buen-dia-pequeno\\\/#primaryimage\"},\"thumbnailUrl\":\"https:\\\/\\\/lykketegningtest.wp3.hcweb.dev\\\/wp-content\\\/uploads\\\/2025\\\/03\\\/IMG_0244-2-scaled.jpg\",\"datePublished\":\"2024-05-16T18:00:15+00:00\",\"dateModified\":\"2026-01-05T12:12:59+00:00\",\"breadcrumb\":{\"@id\":\"https:\\\/\\\/lykketegningtest.wp3.hcweb.dev\\\/es\\\/product-2\\\/termo-decido-que-hoy-sera-un-buen-dia-pequeno\\\/#breadcrumb\"},\"inLanguage\":\"en-GB\",\"potentialAction\":[{\"@type\":\"ReadAction\",\"target\":[\"https:\\\/\\\/lykketegningtest.wp3.hcweb.dev\\\/es\\\/product-2\\\/termo-decido-que-hoy-sera-un-buen-dia-pequeno\\\/\"]}]},{\"@type\":\"ImageObject\",\"inLanguage\":\"en-GB\",\"@id\":\"https:\\\/\\\/lykketegningtest.wp3.hcweb.dev\\\/es\\\/product-2\\\/termo-decido-que-hoy-sera-un-buen-dia-pequeno\\\/#primaryimage\",\"url\":\"https:\\\/\\\/lykketegningtest.wp3.hcweb.dev\\\/wp-content\\\/uploads\\\/2025\\\/03\\\/IMG_0244-2-scaled.jpg\",\"contentUrl\":\"https:\\\/\\\/lykketegningtest.wp3.hcweb.dev\\\/wp-content\\\/uploads\\\/2025\\\/03\\\/IMG_0244-2-scaled.jpg\",\"width\":2560,\"height\":2560},{\"@type\":\"BreadcrumbList\",\"@id\":\"https:\\\/\\\/lykketegningtest.wp3.hcweb.dev\\\/es\\\/product-2\\\/termo-decido-que-hoy-sera-un-buen-dia-pequeno\\\/#breadcrumb\",\"itemListElement\":[{\"@type\":\"ListItem\",\"position\":1,\"name\":\"Hjem\",\"item\":\"https:\\\/\\\/lykketegningtest.wp3.hcweb.dev\\\/\"},{\"@type\":\"ListItem\",\"position\":2,\"name\":\"Shop\",\"item\":\"https:\\\/\\\/lykketegningtest.wp3.hcweb.dev\\\/sv\\\/webbutik\\\/\"},{\"@type\":\"ListItem\",\"position\":3,\"name\":\"Termoflaske &#8220;Jeg bestemmer at det blir en god dag idag! LITEN\"}]},{\"@type\":\"WebSite\",\"@id\":\"https:\\\/\\\/lykketegningtest.wp3.hcweb.dev\\\/#website\",\"url\":\"https:\\\/\\\/lykketegningtest.wp3.hcweb.dev\\\/\",\"name\":\"LYKKETEGNING ILLUSTRAT\u00d8R\",\"description\":\"\",\"publisher\":{\"@id\":\"https:\\\/\\\/lykketegningtest.wp3.hcweb.dev\\\/#organization\"},\"potentialAction\":[{\"@type\":\"SearchAction\",\"target\":{\"@type\":\"EntryPoint\",\"urlTemplate\":\"https:\\\/\\\/lykketegningtest.wp3.hcweb.dev\\\/?s={search_term_string}\"},\"query-input\":{\"@type\":\"PropertyValueSpecification\",\"valueRequired\":true,\"valueName\":\"search_term_string\"}}],\"inLanguage\":\"en-GB\"},{\"@type\":\"Organization\",\"@id\":\"https:\\\/\\\/lykketegningtest.wp3.hcweb.dev\\\/#organization\",\"name\":\"LYKKETEGNING ILLUSTRAT\u00d8R\",\"url\":\"https:\\\/\\\/lykketegningtest.wp3.hcweb.dev\\\/\",\"logo\":{\"@type\":\"ImageObject\",\"inLanguage\":\"en-GB\",\"@id\":\"https:\\\/\\\/lykketegningtest.wp3.hcweb.dev\\\/#\\\/schema\\\/logo\\\/image\\\/\",\"url\":\"https:\\\/\\\/lykketegningtest.wp3.hcweb.dev\\\/wp-content\\\/uploads\\\/2020\\\/03\\\/Logo2020_h400px.jpg\",\"contentUrl\":\"https:\\\/\\\/lykketegningtest.wp3.hcweb.dev\\\/wp-content\\\/uploads\\\/2020\\\/03\\\/Logo2020_h400px.jpg\",\"width\":1024,\"height\":400,\"caption\":\"LYKKETEGNING ILLUSTRAT\u00d8R\"},\"image\":{\"@id\":\"https:\\\/\\\/lykketegningtest.wp3.hcweb.dev\\\/#\\\/schema\\\/logo\\\/image\\\/\"},\"sameAs\":[\"https:\\\/\\\/www.facebook.com\\\/lykketegning\\\/\",\"https:\\\/\\\/www.instagram.com\\\/lykketegning\\\/\",\"https:\\\/\\\/www.youtube.com\\\/@lykketegningillustrations\",\"https:\\\/\\\/www.tiktok.com\\\/@lykketegningillustration\"]}]}<\/script>\n<!-- \/ Yoast SEO plugin. -->","yoast_head_json":{"title":"Thermos flask \"I decide that today is going to be a good day! SMALL - LUCKY DRAWING ILLUSTRATOR","robots":{"index":"noindex","follow":"follow","max-snippet":"max-snippet:-1","max-image-preview":"max-image-preview:large","max-video-preview":"max-video-preview:-1"},"og_locale":"en_GB","og_type":"article","og_title":"Termoflaske \"Jeg bestemmer at det blir en god dag idag! LITEN - LYKKETEGNING ILLUSTRAT\u00d8R","og_description":"\"Nyhet fra Lykketegning!!  T\u00f8ff termoflaske som er perfekt til skole, jobb og p\u00e5 tur.\u00a0  Drikkeflaske med vegger av flere lag med temperaturbevarende materialer, deriblant kobber. Dette gj\u00f8r at den holder drikken varmt i 12 timer og kaldt i 24 timer.\u00a0  Korken er formet som en klokke. Her kan du vri til klokkeslettet n\u00e5r du fylte flasken og holde kontroll p\u00e5 ca. temperatur p\u00e5 innholdet utover dagen. Stor \u00e5pning som gj\u00f8r det lett \u00e5 tilsette isbiter.  I l\u00f8pet av sommeren kommer ogs\u00e5 matchende matboks.  Flasken kan kj\u00f8pes i 2 ulike st\u00f8rrelser!\u00a0  Flasken er ikke beregnet for drikkevarer med kullsyre. Flasken kan rengj\u00f8res i oppvaskmaskin, men vennligst merk at det kan oppst\u00e5 slitasje p\u00e5 utsiden. Korken skylles i varmt vann.        Lykketegning - Jeg bestemmer at det blir en god dag idag - Termoflaske - 0,28 l   Lykketegning    D6,5 H19,5 280 ml, St\u00e5l 18\/8, Okergul, multi. Jente","og_url":"https:\/\/lykketegningtest.wp3.hcweb.dev\/en\/product-2\/termo-decido-que-hoy-sera-un-buen-dia-pequeno\/","og_site_name":"LYKKETEGNING ILLUSTRAT\u00d8R","article_publisher":"https:\/\/www.facebook.com\/lykketegning\/","article_modified_time":"2026-01-05T12:12:59+00:00","og_image":[{"width":2560,"height":2560,"url":"https:\/\/www.lykketegning.no\/wp-content\/uploads\/2025\/03\/IMG_0244-2-scaled.jpg","type":"image\/jpeg"}],"twitter_card":"summary_large_image","twitter_misc":{"Estimated reading time":"1 minute"},"schema":{"@context":"https:\/\/schema.org","@graph":[{"@type":"WebPage","@id":"https:\/\/lykketegningtest.wp3.hcweb.dev\/es\/product-2\/termo-decido-que-hoy-sera-un-buen-dia-pequeno\/","url":"https:\/\/lykketegningtest.wp3.hcweb.dev\/es\/product-2\/termo-decido-que-hoy-sera-un-buen-dia-pequeno\/","name":"Thermos flask \"I decide that today is going to be a good day! SMALL - LUCKY DRAWING ILLUSTRATOR","isPartOf":{"@id":"https:\/\/lykketegningtest.wp3.hcweb.dev\/#website"},"primaryImageOfPage":{"@id":"https:\/\/lykketegningtest.wp3.hcweb.dev\/es\/product-2\/termo-decido-que-hoy-sera-un-buen-dia-pequeno\/#primaryimage"},"image":{"@id":"https:\/\/lykketegningtest.wp3.hcweb.dev\/es\/product-2\/termo-decido-que-hoy-sera-un-buen-dia-pequeno\/#primaryimage"},"thumbnailUrl":"https:\/\/lykketegningtest.wp3.hcweb.dev\/wp-content\/uploads\/2025\/03\/IMG_0244-2-scaled.jpg","datePublished":"2024-05-16T18:00:15+00:00","dateModified":"2026-01-05T12:12:59+00:00","breadcrumb":{"@id":"https:\/\/lykketegningtest.wp3.hcweb.dev\/es\/product-2\/termo-decido-que-hoy-sera-un-buen-dia-pequeno\/#breadcrumb"},"inLanguage":"en-GB","potentialAction":[{"@type":"ReadAction","target":["https:\/\/lykketegningtest.wp3.hcweb.dev\/es\/product-2\/termo-decido-que-hoy-sera-un-buen-dia-pequeno\/"]}]},{"@type":"ImageObject","inLanguage":"en-GB","@id":"https:\/\/lykketegningtest.wp3.hcweb.dev\/es\/product-2\/termo-decido-que-hoy-sera-un-buen-dia-pequeno\/#primaryimage","url":"https:\/\/lykketegningtest.wp3.hcweb.dev\/wp-content\/uploads\/2025\/03\/IMG_0244-2-scaled.jpg","contentUrl":"https:\/\/lykketegningtest.wp3.hcweb.dev\/wp-content\/uploads\/2025\/03\/IMG_0244-2-scaled.jpg","width":2560,"height":2560},{"@type":"BreadcrumbList","@id":"https:\/\/lykketegningtest.wp3.hcweb.dev\/es\/product-2\/termo-decido-que-hoy-sera-un-buen-dia-pequeno\/#breadcrumb","itemListElement":[{"@type":"ListItem","position":1,"name":"Hjem","item":"https:\/\/lykketegningtest.wp3.hcweb.dev\/"},{"@type":"ListItem","position":2,"name":"Shop","item":"https:\/\/lykketegningtest.wp3.hcweb.dev\/sv\/webbutik\/"},{"@type":"ListItem","position":3,"name":"Termoflaske &#8220;Jeg bestemmer at det blir en god dag idag! LITEN"}]},{"@type":"WebSite","@id":"https:\/\/lykketegningtest.wp3.hcweb.dev\/#website","url":"https:\/\/lykketegningtest.wp3.hcweb.dev\/","name":"LUCKY DRAWING ILLUSTRATOR","description":"","publisher":{"@id":"https:\/\/lykketegningtest.wp3.hcweb.dev\/#organization"},"potentialAction":[{"@type":"SearchAction","target":{"@type":"EntryPoint","urlTemplate":"https:\/\/lykketegningtest.wp3.hcweb.dev\/?s={search_term_string}"},"query-input":{"@type":"PropertyValueSpecification","valueRequired":true,"valueName":"search_term_string"}}],"inLanguage":"en-GB"},{"@type":"Organization","@id":"https:\/\/lykketegningtest.wp3.hcweb.dev\/#organization","name":"LUCKY DRAWING ILLUSTRATOR","url":"https:\/\/lykketegningtest.wp3.hcweb.dev\/","logo":{"@type":"ImageObject","inLanguage":"en-GB","@id":"https:\/\/lykketegningtest.wp3.hcweb.dev\/#\/schema\/logo\/image\/","url":"https:\/\/lykketegningtest.wp3.hcweb.dev\/wp-content\/uploads\/2020\/03\/Logo2020_h400px.jpg","contentUrl":"https:\/\/lykketegningtest.wp3.hcweb.dev\/wp-content\/uploads\/2020\/03\/Logo2020_h400px.jpg","width":1024,"height":400,"caption":"LYKKETEGNING ILLUSTRAT\u00d8R"},"image":{"@id":"https:\/\/lykketegningtest.wp3.hcweb.dev\/#\/schema\/logo\/image\/"},"sameAs":["https:\/\/www.facebook.com\/lykketegning\/","https:\/\/www.instagram.com\/lykketegning\/","https:\/\/www.youtube.com\/@lykketegningillustrations","https:\/\/www.tiktok.com\/@lykketegningillustration"]}]}},"_links":{"self":[{"href":"https:\/\/lykketegningtest.wp3.hcweb.dev\/en\/wp-json\/wp\/v2\/product\/37134","targetHints":{"allow":["GET"]}}],"collection":[{"href":"https:\/\/lykketegningtest.wp3.hcweb.dev\/en\/wp-json\/wp\/v2\/product"}],"about":[{"href":"https:\/\/lykketegningtest.wp3.hcweb.dev\/en\/wp-json\/wp\/v2\/types\/product"}],"replies":[{"embeddable":true,"href":"https:\/\/lykketegningtest.wp3.hcweb.dev\/en\/wp-json\/wp\/v2\/comments?post=37134"}],"wp:featuredmedia":[{"embeddable":true,"href":"https:\/\/lykketegningtest.wp3.hcweb.dev\/en\/wp-json\/wp\/v2\/media\/39798"}],"wp:attachment":[{"href":"https:\/\/lykketegningtest.wp3.hcweb.dev\/en\/wp-json\/wp\/v2\/media?parent=37134"}],"wp:term":[{"taxonomy":"product_brand","embeddable":true,"href":"https:\/\/lykketegningtest.wp3.hcweb.dev\/en\/wp-json\/wp\/v2\/product_brand?post=37134"},{"taxonomy":"product_cat","embeddable":true,"href":"https:\/\/lykketegningtest.wp3.hcweb.dev\/en\/wp-json\/wp\/v2\/product_cat?post=37134"},{"taxonomy":"product_tag","embeddable":true,"href":"https:\/\/lykketegningtest.wp3.hcweb.dev\/en\/wp-json\/wp\/v2\/product_tag?post=37134"}],"curies":[{"name":"wp","href":"https:\/\/api.w.org\/{rel}","templated":true}]}}