{"id":37281,"date":"2023-01-12T18:56:20","date_gmt":"2023-01-12T17:56:20","guid":{"rendered":"https:\/\/www-lykketegning.wp3.hcweb.dev\/fornyelse\/?post_type=product&#038;p=37281"},"modified":"2025-04-25T13:32:33","modified_gmt":"2025-04-25T11:32:33","slug":"gratulasjonskort-konge","status":"publish","type":"product","link":"https:\/\/lykketegningtest.wp3.hcweb.dev\/en\/product\/gratulasjonskort-konge\/","title":{"rendered":"Greeting card King"},"content":{"rendered":"<p style=\"text-align: left;\">A lovely greeting card for all occasions. \"You're the king!\" A6 size double card.<\/p>\n<p>Check out the other cards as well. If you want to become a reseller of cards, send an email to post@lykketegning.no<\/p>","protected":false},"excerpt":{"rendered":"<p>A lovely greeting card for all occasions. \"You're the king!\" A6 size double card.<\/p>\n<p>Check out the other cards as well. If you want to become a reseller of cards, send an email to post@lykketegning.no<\/p>","protected":false},"featured_media":39820,"comment_status":"open","ping_status":"closed","template":"","meta":[],"product_brand":[],"product_cat":[172],"product_tag":[18,259,17,196],"class_list":{"0":"post-37281","1":"product","2":"type-product","3":"status-publish","4":"has-post-thumbnail","6":"product_cat-gratulasjonskort","7":"product_tag-gratulasjonskort","8":"product_tag-konge","9":"product_tag-kort","10":"product_tag-super","12":"first","13":"instock","14":"taxable","15":"shipping-taxable","16":"purchasable","17":"product-type-simple"},"yoast_head":"<!-- This site is optimized with the Yoast SEO plugin v27.5 - https:\/\/yoast.com\/product\/yoast-seo-wordpress\/ -->\n<title>Gratulasjonskort Konge - LYKKETEGNING ILLUSTRAT\u00d8R<\/title>\n<meta name=\"robots\" content=\"noindex, follow, max-snippet:-1, max-image-preview:large, max-video-preview:-1\" \/>\n<meta property=\"og:locale\" content=\"en_GB\" \/>\n<meta property=\"og:type\" content=\"article\" \/>\n<meta property=\"og:title\" content=\"Gratulasjonskort Konge - LYKKETEGNING ILLUSTRAT\u00d8R\" \/>\n<meta property=\"og:description\" content=\"Hyggelig gratulasjonskort til alle anledninger. &quot;Du er helt konge!&quot; A6 str dobbelt kort.  Sjekk ogs\u00e5 de andre kortene da vel. \u00d8nsker du \u00e5 bli forhandler av kort, send en email til post@lykketegning.no\" \/>\n<meta property=\"og:url\" content=\"https:\/\/lykketegningtest.wp3.hcweb.dev\/en\/product-2\/kongen-af-lykonskningskort\/\" \/>\n<meta property=\"og:site_name\" content=\"LYKKETEGNING ILLUSTRAT\u00d8R\" \/>\n<meta property=\"article:publisher\" content=\"https:\/\/www.facebook.com\/lykketegning\/\" \/>\n<meta property=\"article:modified_time\" content=\"2025-04-25T11:32:33+00:00\" \/>\n<meta name=\"twitter:card\" content=\"summary_large_image\" \/>\n<meta name=\"twitter:label1\" content=\"Estimated reading time\" \/>\n\t<meta name=\"twitter:data1\" content=\"1 minute\" \/>\n<script type=\"application\/ld+json\" class=\"yoast-schema-graph\">{\"@context\":\"https:\\\/\\\/schema.org\",\"@graph\":[{\"@type\":\"WebPage\",\"@id\":\"https:\\\/\\\/lykketegningtest.wp3.hcweb.dev\\\/da\\\/product-2\\\/kongen-af-lykonskningskort\\\/\",\"url\":\"https:\\\/\\\/lykketegningtest.wp3.hcweb.dev\\\/da\\\/product-2\\\/kongen-af-lykonskningskort\\\/\",\"name\":\"Gratulasjonskort Konge - LYKKETEGNING ILLUSTRAT\u00d8R\",\"isPartOf\":{\"@id\":\"https:\\\/\\\/lykketegningtest.wp3.hcweb.dev\\\/#website\"},\"primaryImageOfPage\":{\"@id\":\"https:\\\/\\\/lykketegningtest.wp3.hcweb.dev\\\/da\\\/product-2\\\/kongen-af-lykonskningskort\\\/#primaryimage\"},\"image\":{\"@id\":\"https:\\\/\\\/lykketegningtest.wp3.hcweb.dev\\\/da\\\/product-2\\\/kongen-af-lykonskningskort\\\/#primaryimage\"},\"thumbnailUrl\":\"https:\\\/\\\/lykketegningtest.wp3.hcweb.dev\\\/wp-content\\\/uploads\\\/2023\\\/01\\\/IMG_7345-scaled.jpg\",\"datePublished\":\"2023-01-12T17:56:20+00:00\",\"dateModified\":\"2025-04-25T11:32:33+00:00\",\"breadcrumb\":{\"@id\":\"https:\\\/\\\/lykketegningtest.wp3.hcweb.dev\\\/da\\\/product-2\\\/kongen-af-lykonskningskort\\\/#breadcrumb\"},\"inLanguage\":\"en-GB\",\"potentialAction\":[{\"@type\":\"ReadAction\",\"target\":[\"https:\\\/\\\/lykketegningtest.wp3.hcweb.dev\\\/da\\\/product-2\\\/kongen-af-lykonskningskort\\\/\"]}]},{\"@type\":\"ImageObject\",\"inLanguage\":\"en-GB\",\"@id\":\"https:\\\/\\\/lykketegningtest.wp3.hcweb.dev\\\/da\\\/product-2\\\/kongen-af-lykonskningskort\\\/#primaryimage\",\"url\":\"https:\\\/\\\/lykketegningtest.wp3.hcweb.dev\\\/wp-content\\\/uploads\\\/2023\\\/01\\\/IMG_7345-scaled.jpg\",\"contentUrl\":\"https:\\\/\\\/lykketegningtest.wp3.hcweb.dev\\\/wp-content\\\/uploads\\\/2023\\\/01\\\/IMG_7345-scaled.jpg\",\"width\":2560,\"height\":2560},{\"@type\":\"BreadcrumbList\",\"@id\":\"https:\\\/\\\/lykketegningtest.wp3.hcweb.dev\\\/da\\\/product-2\\\/kongen-af-lykonskningskort\\\/#breadcrumb\",\"itemListElement\":[{\"@type\":\"ListItem\",\"position\":1,\"name\":\"Hjem\",\"item\":\"https:\\\/\\\/lykketegningtest.wp3.hcweb.dev\\\/\"},{\"@type\":\"ListItem\",\"position\":2,\"name\":\"Shop\",\"item\":\"https:\\\/\\\/lykketegningtest.wp3.hcweb.dev\\\/sv\\\/webbutik\\\/\"},{\"@type\":\"ListItem\",\"position\":3,\"name\":\"Gratulasjonskort Konge\"}]},{\"@type\":\"WebSite\",\"@id\":\"https:\\\/\\\/lykketegningtest.wp3.hcweb.dev\\\/#website\",\"url\":\"https:\\\/\\\/lykketegningtest.wp3.hcweb.dev\\\/\",\"name\":\"LYKKETEGNING ILLUSTRAT\u00d8R\",\"description\":\"\",\"publisher\":{\"@id\":\"https:\\\/\\\/lykketegningtest.wp3.hcweb.dev\\\/#organization\"},\"potentialAction\":[{\"@type\":\"SearchAction\",\"target\":{\"@type\":\"EntryPoint\",\"urlTemplate\":\"https:\\\/\\\/lykketegningtest.wp3.hcweb.dev\\\/?s={search_term_string}\"},\"query-input\":{\"@type\":\"PropertyValueSpecification\",\"valueRequired\":true,\"valueName\":\"search_term_string\"}}],\"inLanguage\":\"en-GB\"},{\"@type\":\"Organization\",\"@id\":\"https:\\\/\\\/lykketegningtest.wp3.hcweb.dev\\\/#organization\",\"name\":\"LYKKETEGNING ILLUSTRAT\u00d8R\",\"url\":\"https:\\\/\\\/lykketegningtest.wp3.hcweb.dev\\\/\",\"logo\":{\"@type\":\"ImageObject\",\"inLanguage\":\"en-GB\",\"@id\":\"https:\\\/\\\/lykketegningtest.wp3.hcweb.dev\\\/#\\\/schema\\\/logo\\\/image\\\/\",\"url\":\"https:\\\/\\\/lykketegningtest.wp3.hcweb.dev\\\/wp-content\\\/uploads\\\/2020\\\/03\\\/Logo2020_h400px.jpg\",\"contentUrl\":\"https:\\\/\\\/lykketegningtest.wp3.hcweb.dev\\\/wp-content\\\/uploads\\\/2020\\\/03\\\/Logo2020_h400px.jpg\",\"width\":1024,\"height\":400,\"caption\":\"LYKKETEGNING ILLUSTRAT\u00d8R\"},\"image\":{\"@id\":\"https:\\\/\\\/lykketegningtest.wp3.hcweb.dev\\\/#\\\/schema\\\/logo\\\/image\\\/\"},\"sameAs\":[\"https:\\\/\\\/www.facebook.com\\\/lykketegning\\\/\",\"https:\\\/\\\/www.instagram.com\\\/lykketegning\\\/\",\"https:\\\/\\\/www.youtube.com\\\/@lykketegningillustrations\",\"https:\\\/\\\/www.tiktok.com\\\/@lykketegningillustration\"]}]}<\/script>\n<!-- \/ Yoast SEO plugin. -->","yoast_head_json":{"title":"Greeting card King - LUCKY DRAWING ILLUSTRATOR","robots":{"index":"noindex","follow":"follow","max-snippet":"max-snippet:-1","max-image-preview":"max-image-preview:large","max-video-preview":"max-video-preview:-1"},"og_locale":"en_GB","og_type":"article","og_title":"Gratulasjonskort Konge - LYKKETEGNING ILLUSTRAT\u00d8R","og_description":"Hyggelig gratulasjonskort til alle anledninger. \"Du er helt konge!\" A6 str dobbelt kort.  Sjekk ogs\u00e5 de andre kortene da vel. \u00d8nsker du \u00e5 bli forhandler av kort, send en email til post@lykketegning.no","og_url":"https:\/\/lykketegningtest.wp3.hcweb.dev\/en\/product-2\/kongen-af-lykonskningskort\/","og_site_name":"LYKKETEGNING ILLUSTRAT\u00d8R","article_publisher":"https:\/\/www.facebook.com\/lykketegning\/","article_modified_time":"2025-04-25T11:32:33+00:00","twitter_card":"summary_large_image","twitter_misc":{"Estimated reading time":"1 minute"},"schema":{"@context":"https:\/\/schema.org","@graph":[{"@type":"WebPage","@id":"https:\/\/lykketegningtest.wp3.hcweb.dev\/da\/product-2\/kongen-af-lykonskningskort\/","url":"https:\/\/lykketegningtest.wp3.hcweb.dev\/da\/product-2\/kongen-af-lykonskningskort\/","name":"Greeting card King - LUCKY DRAWING ILLUSTRATOR","isPartOf":{"@id":"https:\/\/lykketegningtest.wp3.hcweb.dev\/#website"},"primaryImageOfPage":{"@id":"https:\/\/lykketegningtest.wp3.hcweb.dev\/da\/product-2\/kongen-af-lykonskningskort\/#primaryimage"},"image":{"@id":"https:\/\/lykketegningtest.wp3.hcweb.dev\/da\/product-2\/kongen-af-lykonskningskort\/#primaryimage"},"thumbnailUrl":"https:\/\/lykketegningtest.wp3.hcweb.dev\/wp-content\/uploads\/2023\/01\/IMG_7345-scaled.jpg","datePublished":"2023-01-12T17:56:20+00:00","dateModified":"2025-04-25T11:32:33+00:00","breadcrumb":{"@id":"https:\/\/lykketegningtest.wp3.hcweb.dev\/da\/product-2\/kongen-af-lykonskningskort\/#breadcrumb"},"inLanguage":"en-GB","potentialAction":[{"@type":"ReadAction","target":["https:\/\/lykketegningtest.wp3.hcweb.dev\/da\/product-2\/kongen-af-lykonskningskort\/"]}]},{"@type":"ImageObject","inLanguage":"en-GB","@id":"https:\/\/lykketegningtest.wp3.hcweb.dev\/da\/product-2\/kongen-af-lykonskningskort\/#primaryimage","url":"https:\/\/lykketegningtest.wp3.hcweb.dev\/wp-content\/uploads\/2023\/01\/IMG_7345-scaled.jpg","contentUrl":"https:\/\/lykketegningtest.wp3.hcweb.dev\/wp-content\/uploads\/2023\/01\/IMG_7345-scaled.jpg","width":2560,"height":2560},{"@type":"BreadcrumbList","@id":"https:\/\/lykketegningtest.wp3.hcweb.dev\/da\/product-2\/kongen-af-lykonskningskort\/#breadcrumb","itemListElement":[{"@type":"ListItem","position":1,"name":"Hjem","item":"https:\/\/lykketegningtest.wp3.hcweb.dev\/"},{"@type":"ListItem","position":2,"name":"Shop","item":"https:\/\/lykketegningtest.wp3.hcweb.dev\/sv\/webbutik\/"},{"@type":"ListItem","position":3,"name":"Gratulasjonskort Konge"}]},{"@type":"WebSite","@id":"https:\/\/lykketegningtest.wp3.hcweb.dev\/#website","url":"https:\/\/lykketegningtest.wp3.hcweb.dev\/","name":"LUCKY DRAWING ILLUSTRATOR","description":"","publisher":{"@id":"https:\/\/lykketegningtest.wp3.hcweb.dev\/#organization"},"potentialAction":[{"@type":"SearchAction","target":{"@type":"EntryPoint","urlTemplate":"https:\/\/lykketegningtest.wp3.hcweb.dev\/?s={search_term_string}"},"query-input":{"@type":"PropertyValueSpecification","valueRequired":true,"valueName":"search_term_string"}}],"inLanguage":"en-GB"},{"@type":"Organization","@id":"https:\/\/lykketegningtest.wp3.hcweb.dev\/#organization","name":"LUCKY DRAWING ILLUSTRATOR","url":"https:\/\/lykketegningtest.wp3.hcweb.dev\/","logo":{"@type":"ImageObject","inLanguage":"en-GB","@id":"https:\/\/lykketegningtest.wp3.hcweb.dev\/#\/schema\/logo\/image\/","url":"https:\/\/lykketegningtest.wp3.hcweb.dev\/wp-content\/uploads\/2020\/03\/Logo2020_h400px.jpg","contentUrl":"https:\/\/lykketegningtest.wp3.hcweb.dev\/wp-content\/uploads\/2020\/03\/Logo2020_h400px.jpg","width":1024,"height":400,"caption":"LYKKETEGNING ILLUSTRAT\u00d8R"},"image":{"@id":"https:\/\/lykketegningtest.wp3.hcweb.dev\/#\/schema\/logo\/image\/"},"sameAs":["https:\/\/www.facebook.com\/lykketegning\/","https:\/\/www.instagram.com\/lykketegning\/","https:\/\/www.youtube.com\/@lykketegningillustrations","https:\/\/www.tiktok.com\/@lykketegningillustration"]}]}},"_links":{"self":[{"href":"https:\/\/lykketegningtest.wp3.hcweb.dev\/en\/wp-json\/wp\/v2\/product\/37281","targetHints":{"allow":["GET"]}}],"collection":[{"href":"https:\/\/lykketegningtest.wp3.hcweb.dev\/en\/wp-json\/wp\/v2\/product"}],"about":[{"href":"https:\/\/lykketegningtest.wp3.hcweb.dev\/en\/wp-json\/wp\/v2\/types\/product"}],"replies":[{"embeddable":true,"href":"https:\/\/lykketegningtest.wp3.hcweb.dev\/en\/wp-json\/wp\/v2\/comments?post=37281"}],"wp:featuredmedia":[{"embeddable":true,"href":"https:\/\/lykketegningtest.wp3.hcweb.dev\/en\/wp-json\/wp\/v2\/media\/39820"}],"wp:attachment":[{"href":"https:\/\/lykketegningtest.wp3.hcweb.dev\/en\/wp-json\/wp\/v2\/media?parent=37281"}],"wp:term":[{"taxonomy":"product_brand","embeddable":true,"href":"https:\/\/lykketegningtest.wp3.hcweb.dev\/en\/wp-json\/wp\/v2\/product_brand?post=37281"},{"taxonomy":"product_cat","embeddable":true,"href":"https:\/\/lykketegningtest.wp3.hcweb.dev\/en\/wp-json\/wp\/v2\/product_cat?post=37281"},{"taxonomy":"product_tag","embeddable":true,"href":"https:\/\/lykketegningtest.wp3.hcweb.dev\/en\/wp-json\/wp\/v2\/product_tag?post=37281"}],"curies":[{"name":"wp","href":"https:\/\/api.w.org\/{rel}","templated":true}]}}