{"id":37359,"date":"2025-01-04T14:48:34","date_gmt":"2025-01-04T13:48:34","guid":{"rendered":"https:\/\/www-lykketegning.wp3.hcweb.dev\/fornyelse\/?post_type=product&#038;p=37359"},"modified":"2026-05-04T22:44:58","modified_gmt":"2026-05-04T20:44:58","slug":"nyhet-lykketegningkrus-mamma","status":"publish","type":"product","link":"https:\/\/lykketegningtest.wp3.hcweb.dev\/en\/product\/nyhet-lykketegningkrus-mamma\/","title":{"rendered":"NEW! Lykketegning mug \"Mum\""},"content":{"rendered":"<p>NEW! Lykketegning mug \"Mum\"<\/p>\n<p><i>Mum<\/i><\/p>\n<p><i>Most mums get an extra protection gene as soon as the little seed starts to germinate or at the first meeting.<span class=\"Apple-converted-space\">\u00a0 <\/span>They can go through fire and water to protect. It's beautiful and at times probably also unreasonable and on the edge of overprotective. With a good balance and a big dose of love, it rarely goes wrong. You are doing an amazing job.<\/i><\/p>\n<p>Ingebj\u00f8rg Rang\u00f8y Sj\u00e5land<\/p>\n<p>Lucky drawing<\/p>\n<p><i><span class=\"Apple-converted-space\">\u00a0<\/span><\/i><\/p>\n<p>Lucky drawing<\/p>\n<p>The new \"Mum\" mug is delicious to drink from. Order now and get your own Happy Mug! Great gift or for yourself!<\/p>\n<p>&nbsp;<\/p>\n<p>Mug Light apricot D8 H9,5 400ml Material: Porcelain<\/p>\n<p>Dishwasher safe<\/p>\n<p>&nbsp;<\/p>\n<p>On the website you will find some illustrations and other products such as cups, greeting cards and calendars.<\/p>\n<p>New products are constantly being launched here.<\/p>\n<p>For\u00a0<strong>many many many many<\/strong>\u00a0more illustrations; visit my Instagram and Facebook profile.<\/p>\n<p>In fact, all illustrations are for sale. 999kr for A4 and 1500kr for A3.<\/p>\n<p>You can also order your very own - great gifts to give to weddings and other parties. Get in touch inbox for this.<\/p>\n<p><em>Price: 1500kr for A4 and A5 (up to 5 people\/animal) additional cost for more (up to 5 people\/animal). A3 2000kr ex postage. I need to know hair colour\/hair type, height, interests and desired number of illustrated people. Any quotes you want included.<\/em><\/p>\n<p>If you have any questions, don't hesitate to get in touch! If you would like to have a chat about possible co-operation, please send me an email.<\/p>\n<p>Looking forward to hearing from you and hope you have a wonderful day.<\/p>\n<p>Artist<br \/>\nIngebj\u00f8rg Rang\u00f8y Sj\u00e5land<\/p>","protected":false},"excerpt":{"rendered":"<p><i>Mum<\/i><\/p>\n<p><i>Most mums get an extra protection gene as soon as the little seed starts to germinate or at the first meeting.<span class=\"Apple-converted-space\">\u00a0 <\/span>They can go through fire and water to protect. It's beautiful and at times probably also unreasonable and on the edge of overprotective. With a good balance and a big dose of love, it rarely goes wrong. You are doing an amazing job.<\/i><\/p>\n<p>Ingebj\u00f8rg Rang\u00f8y Sj\u00e5land<\/p>\n<p>Lucky drawing<\/p>\n<p>The new \"Mum\" mug is delicious to drink from. Order now and get your own Happy Mug! Great gift or for yourself!<\/p>\n<p>&nbsp;<\/p>\n<p>Mug Light apricot D8 H9,5 400ml Material: Porcelain<\/p>\n<p>Dishwasher safe<\/p>","protected":false},"featured_media":39748,"comment_status":"open","ping_status":"closed","template":"","meta":[],"product_brand":[],"product_cat":[41],"product_tag":[12,13,308,275,345,346,77],"class_list":{"0":"post-37359","1":"product","2":"type-product","3":"status-publish","4":"has-post-thumbnail","6":"product_cat-lykkekopper","7":"product_tag-kopp","8":"product_tag-krus","9":"product_tag-lovemamma","10":"product_tag-mamma","11":"product_tag-mammakopp","12":"product_tag-mammakrus","13":"product_tag-morsdag","15":"first","16":"instock","17":"taxable","18":"shipping-taxable","19":"purchasable","20":"product-type-simple"},"yoast_head":"<!-- This site is optimized with the Yoast SEO plugin v27.5 - https:\/\/yoast.com\/product\/yoast-seo-wordpress\/ -->\n<title>NYHET! Lykketegningkrus &quot;Mamma&quot; - LYKKETEGNING ILLUSTRAT\u00d8R<\/title>\n<meta name=\"description\" content=\"NYHET! Lykketegningkrus &quot;Mamma&quot; De fleste mammaer f\u00e5r ett ekstra beskyttelsesgen med det samme det lille fr\u00f8et begynner \u00e5 spire eller ved f\u00f8rste m\u00f8te.\" \/>\n<meta name=\"robots\" content=\"noindex, follow, max-snippet:-1, max-image-preview:large, max-video-preview:-1\" \/>\n<meta property=\"og:locale\" content=\"en_GB\" \/>\n<meta property=\"og:type\" content=\"article\" \/>\n<meta property=\"og:title\" content=\"NYHET! Lykketegningkrus &quot;Mamma&quot; - LYKKETEGNING ILLUSTRAT\u00d8R\" \/>\n<meta property=\"og:description\" content=\"NYHET! Lykketegningkrus &quot;Mamma&quot; De fleste mammaer f\u00e5r ett ekstra beskyttelsesgen med det samme det lille fr\u00f8et begynner \u00e5 spire eller ved f\u00f8rste m\u00f8te.\" \/>\n<meta property=\"og:url\" content=\"https:\/\/lykketegningtest.wp3.hcweb.dev\/en\/product-2\/taza-dibujo-de-la-suerte\/\" \/>\n<meta property=\"og:site_name\" content=\"LYKKETEGNING ILLUSTRAT\u00d8R\" \/>\n<meta property=\"article:publisher\" content=\"https:\/\/www.facebook.com\/lykketegning\/\" \/>\n<meta property=\"article:modified_time\" content=\"2026-05-04T20:44:58+00:00\" \/>\n<meta name=\"twitter:card\" content=\"summary_large_image\" \/>\n<meta name=\"twitter:label1\" content=\"Estimated reading time\" \/>\n\t<meta name=\"twitter:data1\" content=\"2 minutes\" \/>\n<script type=\"application\/ld+json\" class=\"yoast-schema-graph\">{\"@context\":\"https:\\\/\\\/schema.org\",\"@graph\":[{\"@type\":\"WebPage\",\"@id\":\"https:\\\/\\\/lykketegningtest.wp3.hcweb.dev\\\/es\\\/product-2\\\/taza-dibujo-de-la-suerte\\\/\",\"url\":\"https:\\\/\\\/lykketegningtest.wp3.hcweb.dev\\\/es\\\/product-2\\\/taza-dibujo-de-la-suerte\\\/\",\"name\":\"NYHET! Lykketegningkrus \\\"Mamma\\\" - LYKKETEGNING ILLUSTRAT\u00d8R\",\"isPartOf\":{\"@id\":\"https:\\\/\\\/lykketegningtest.wp3.hcweb.dev\\\/#website\"},\"primaryImageOfPage\":{\"@id\":\"https:\\\/\\\/lykketegningtest.wp3.hcweb.dev\\\/es\\\/product-2\\\/taza-dibujo-de-la-suerte\\\/#primaryimage\"},\"image\":{\"@id\":\"https:\\\/\\\/lykketegningtest.wp3.hcweb.dev\\\/es\\\/product-2\\\/taza-dibujo-de-la-suerte\\\/#primaryimage\"},\"thumbnailUrl\":\"https:\\\/\\\/lykketegningtest.wp3.hcweb.dev\\\/wp-content\\\/uploads\\\/2023\\\/09\\\/IMG_7273-scaled.jpg\",\"datePublished\":\"2025-01-04T13:48:34+00:00\",\"dateModified\":\"2026-05-04T20:44:58+00:00\",\"description\":\"NYHET! Lykketegningkrus \\\"Mamma\\\" De fleste mammaer f\u00e5r ett ekstra beskyttelsesgen med det samme det lille fr\u00f8et begynner \u00e5 spire eller ved f\u00f8rste m\u00f8te.\",\"breadcrumb\":{\"@id\":\"https:\\\/\\\/lykketegningtest.wp3.hcweb.dev\\\/es\\\/product-2\\\/taza-dibujo-de-la-suerte\\\/#breadcrumb\"},\"inLanguage\":\"en-GB\",\"potentialAction\":[{\"@type\":\"ReadAction\",\"target\":[\"https:\\\/\\\/lykketegningtest.wp3.hcweb.dev\\\/es\\\/product-2\\\/taza-dibujo-de-la-suerte\\\/\"]}]},{\"@type\":\"ImageObject\",\"inLanguage\":\"en-GB\",\"@id\":\"https:\\\/\\\/lykketegningtest.wp3.hcweb.dev\\\/es\\\/product-2\\\/taza-dibujo-de-la-suerte\\\/#primaryimage\",\"url\":\"https:\\\/\\\/lykketegningtest.wp3.hcweb.dev\\\/wp-content\\\/uploads\\\/2023\\\/09\\\/IMG_7273-scaled.jpg\",\"contentUrl\":\"https:\\\/\\\/lykketegningtest.wp3.hcweb.dev\\\/wp-content\\\/uploads\\\/2023\\\/09\\\/IMG_7273-scaled.jpg\",\"width\":2560,\"height\":2560},{\"@type\":\"BreadcrumbList\",\"@id\":\"https:\\\/\\\/lykketegningtest.wp3.hcweb.dev\\\/es\\\/product-2\\\/taza-dibujo-de-la-suerte\\\/#breadcrumb\",\"itemListElement\":[{\"@type\":\"ListItem\",\"position\":1,\"name\":\"Hjem\",\"item\":\"https:\\\/\\\/lykketegningtest.wp3.hcweb.dev\\\/\"},{\"@type\":\"ListItem\",\"position\":2,\"name\":\"Shop\",\"item\":\"https:\\\/\\\/lykketegningtest.wp3.hcweb.dev\\\/sv\\\/webbutik\\\/\"},{\"@type\":\"ListItem\",\"position\":3,\"name\":\"NYHET! Lykketegningkrus &#8220;Mamma&#8221;\"}]},{\"@type\":\"WebSite\",\"@id\":\"https:\\\/\\\/lykketegningtest.wp3.hcweb.dev\\\/#website\",\"url\":\"https:\\\/\\\/lykketegningtest.wp3.hcweb.dev\\\/\",\"name\":\"LYKKETEGNING ILLUSTRAT\u00d8R\",\"description\":\"\",\"publisher\":{\"@id\":\"https:\\\/\\\/lykketegningtest.wp3.hcweb.dev\\\/#organization\"},\"potentialAction\":[{\"@type\":\"SearchAction\",\"target\":{\"@type\":\"EntryPoint\",\"urlTemplate\":\"https:\\\/\\\/lykketegningtest.wp3.hcweb.dev\\\/?s={search_term_string}\"},\"query-input\":{\"@type\":\"PropertyValueSpecification\",\"valueRequired\":true,\"valueName\":\"search_term_string\"}}],\"inLanguage\":\"en-GB\"},{\"@type\":\"Organization\",\"@id\":\"https:\\\/\\\/lykketegningtest.wp3.hcweb.dev\\\/#organization\",\"name\":\"LYKKETEGNING ILLUSTRAT\u00d8R\",\"url\":\"https:\\\/\\\/lykketegningtest.wp3.hcweb.dev\\\/\",\"logo\":{\"@type\":\"ImageObject\",\"inLanguage\":\"en-GB\",\"@id\":\"https:\\\/\\\/lykketegningtest.wp3.hcweb.dev\\\/#\\\/schema\\\/logo\\\/image\\\/\",\"url\":\"https:\\\/\\\/lykketegningtest.wp3.hcweb.dev\\\/wp-content\\\/uploads\\\/2020\\\/03\\\/Logo2020_h400px.jpg\",\"contentUrl\":\"https:\\\/\\\/lykketegningtest.wp3.hcweb.dev\\\/wp-content\\\/uploads\\\/2020\\\/03\\\/Logo2020_h400px.jpg\",\"width\":1024,\"height\":400,\"caption\":\"LYKKETEGNING ILLUSTRAT\u00d8R\"},\"image\":{\"@id\":\"https:\\\/\\\/lykketegningtest.wp3.hcweb.dev\\\/#\\\/schema\\\/logo\\\/image\\\/\"},\"sameAs\":[\"https:\\\/\\\/www.facebook.com\\\/lykketegning\\\/\",\"https:\\\/\\\/www.instagram.com\\\/lykketegning\\\/\",\"https:\\\/\\\/www.youtube.com\\\/@lykketegningillustrations\",\"https:\\\/\\\/www.tiktok.com\\\/@lykketegningillustration\"]}]}<\/script>\n<!-- \/ Yoast SEO plugin. -->","yoast_head_json":{"title":"NEW! Lucky drawing mug \"Mum\" - LUCKY DRAWING ILLUSTRATOR","description":"NEW! Happy drawing mug \"Mum\" Most mums get an extra protective gene as soon as the little seed starts to germinate or at the first meeting.","robots":{"index":"noindex","follow":"follow","max-snippet":"max-snippet:-1","max-image-preview":"max-image-preview:large","max-video-preview":"max-video-preview:-1"},"og_locale":"en_GB","og_type":"article","og_title":"NYHET! Lykketegningkrus \"Mamma\" - LYKKETEGNING ILLUSTRAT\u00d8R","og_description":"NYHET! Lykketegningkrus \"Mamma\" De fleste mammaer f\u00e5r ett ekstra beskyttelsesgen med det samme det lille fr\u00f8et begynner \u00e5 spire eller ved f\u00f8rste m\u00f8te.","og_url":"https:\/\/lykketegningtest.wp3.hcweb.dev\/en\/product-2\/taza-dibujo-de-la-suerte\/","og_site_name":"LYKKETEGNING ILLUSTRAT\u00d8R","article_publisher":"https:\/\/www.facebook.com\/lykketegning\/","article_modified_time":"2026-05-04T20:44:58+00:00","twitter_card":"summary_large_image","twitter_misc":{"Estimated reading time":"2 minutes"},"schema":{"@context":"https:\/\/schema.org","@graph":[{"@type":"WebPage","@id":"https:\/\/lykketegningtest.wp3.hcweb.dev\/es\/product-2\/taza-dibujo-de-la-suerte\/","url":"https:\/\/lykketegningtest.wp3.hcweb.dev\/es\/product-2\/taza-dibujo-de-la-suerte\/","name":"NEW! Lucky drawing mug \"Mum\" - LUCKY DRAWING ILLUSTRATOR","isPartOf":{"@id":"https:\/\/lykketegningtest.wp3.hcweb.dev\/#website"},"primaryImageOfPage":{"@id":"https:\/\/lykketegningtest.wp3.hcweb.dev\/es\/product-2\/taza-dibujo-de-la-suerte\/#primaryimage"},"image":{"@id":"https:\/\/lykketegningtest.wp3.hcweb.dev\/es\/product-2\/taza-dibujo-de-la-suerte\/#primaryimage"},"thumbnailUrl":"https:\/\/lykketegningtest.wp3.hcweb.dev\/wp-content\/uploads\/2023\/09\/IMG_7273-scaled.jpg","datePublished":"2025-01-04T13:48:34+00:00","dateModified":"2026-05-04T20:44:58+00:00","description":"NEW! Happy drawing mug \"Mum\" Most mums get an extra protective gene as soon as the little seed starts to germinate or at the first meeting.","breadcrumb":{"@id":"https:\/\/lykketegningtest.wp3.hcweb.dev\/es\/product-2\/taza-dibujo-de-la-suerte\/#breadcrumb"},"inLanguage":"en-GB","potentialAction":[{"@type":"ReadAction","target":["https:\/\/lykketegningtest.wp3.hcweb.dev\/es\/product-2\/taza-dibujo-de-la-suerte\/"]}]},{"@type":"ImageObject","inLanguage":"en-GB","@id":"https:\/\/lykketegningtest.wp3.hcweb.dev\/es\/product-2\/taza-dibujo-de-la-suerte\/#primaryimage","url":"https:\/\/lykketegningtest.wp3.hcweb.dev\/wp-content\/uploads\/2023\/09\/IMG_7273-scaled.jpg","contentUrl":"https:\/\/lykketegningtest.wp3.hcweb.dev\/wp-content\/uploads\/2023\/09\/IMG_7273-scaled.jpg","width":2560,"height":2560},{"@type":"BreadcrumbList","@id":"https:\/\/lykketegningtest.wp3.hcweb.dev\/es\/product-2\/taza-dibujo-de-la-suerte\/#breadcrumb","itemListElement":[{"@type":"ListItem","position":1,"name":"Hjem","item":"https:\/\/lykketegningtest.wp3.hcweb.dev\/"},{"@type":"ListItem","position":2,"name":"Shop","item":"https:\/\/lykketegningtest.wp3.hcweb.dev\/sv\/webbutik\/"},{"@type":"ListItem","position":3,"name":"NYHET! Lykketegningkrus &#8220;Mamma&#8221;"}]},{"@type":"WebSite","@id":"https:\/\/lykketegningtest.wp3.hcweb.dev\/#website","url":"https:\/\/lykketegningtest.wp3.hcweb.dev\/","name":"LUCKY DRAWING ILLUSTRATOR","description":"","publisher":{"@id":"https:\/\/lykketegningtest.wp3.hcweb.dev\/#organization"},"potentialAction":[{"@type":"SearchAction","target":{"@type":"EntryPoint","urlTemplate":"https:\/\/lykketegningtest.wp3.hcweb.dev\/?s={search_term_string}"},"query-input":{"@type":"PropertyValueSpecification","valueRequired":true,"valueName":"search_term_string"}}],"inLanguage":"en-GB"},{"@type":"Organization","@id":"https:\/\/lykketegningtest.wp3.hcweb.dev\/#organization","name":"LUCKY DRAWING ILLUSTRATOR","url":"https:\/\/lykketegningtest.wp3.hcweb.dev\/","logo":{"@type":"ImageObject","inLanguage":"en-GB","@id":"https:\/\/lykketegningtest.wp3.hcweb.dev\/#\/schema\/logo\/image\/","url":"https:\/\/lykketegningtest.wp3.hcweb.dev\/wp-content\/uploads\/2020\/03\/Logo2020_h400px.jpg","contentUrl":"https:\/\/lykketegningtest.wp3.hcweb.dev\/wp-content\/uploads\/2020\/03\/Logo2020_h400px.jpg","width":1024,"height":400,"caption":"LYKKETEGNING ILLUSTRAT\u00d8R"},"image":{"@id":"https:\/\/lykketegningtest.wp3.hcweb.dev\/#\/schema\/logo\/image\/"},"sameAs":["https:\/\/www.facebook.com\/lykketegning\/","https:\/\/www.instagram.com\/lykketegning\/","https:\/\/www.youtube.com\/@lykketegningillustrations","https:\/\/www.tiktok.com\/@lykketegningillustration"]}]}},"_links":{"self":[{"href":"https:\/\/lykketegningtest.wp3.hcweb.dev\/en\/wp-json\/wp\/v2\/product\/37359","targetHints":{"allow":["GET"]}}],"collection":[{"href":"https:\/\/lykketegningtest.wp3.hcweb.dev\/en\/wp-json\/wp\/v2\/product"}],"about":[{"href":"https:\/\/lykketegningtest.wp3.hcweb.dev\/en\/wp-json\/wp\/v2\/types\/product"}],"replies":[{"embeddable":true,"href":"https:\/\/lykketegningtest.wp3.hcweb.dev\/en\/wp-json\/wp\/v2\/comments?post=37359"}],"wp:featuredmedia":[{"embeddable":true,"href":"https:\/\/lykketegningtest.wp3.hcweb.dev\/en\/wp-json\/wp\/v2\/media\/39748"}],"wp:attachment":[{"href":"https:\/\/lykketegningtest.wp3.hcweb.dev\/en\/wp-json\/wp\/v2\/media?parent=37359"}],"wp:term":[{"taxonomy":"product_brand","embeddable":true,"href":"https:\/\/lykketegningtest.wp3.hcweb.dev\/en\/wp-json\/wp\/v2\/product_brand?post=37359"},{"taxonomy":"product_cat","embeddable":true,"href":"https:\/\/lykketegningtest.wp3.hcweb.dev\/en\/wp-json\/wp\/v2\/product_cat?post=37359"},{"taxonomy":"product_tag","embeddable":true,"href":"https:\/\/lykketegningtest.wp3.hcweb.dev\/en\/wp-json\/wp\/v2\/product_tag?post=37359"}],"curies":[{"name":"wp","href":"https:\/\/api.w.org\/{rel}","templated":true}]}}