{"id":37698,"date":"2025-01-01T13:43:56","date_gmt":"2025-01-01T12:43:56","guid":{"rendered":"https:\/\/www-lykketegning.wp3.hcweb.dev\/?post_type=product&#038;p=37698"},"modified":"2026-04-27T20:43:34","modified_gmt":"2026-04-27T18:43:34","slug":"bestselger-bla-termokopp","status":"publish","type":"product","link":"https:\/\/lykketegningtest.wp3.hcweb.dev\/en\/product\/bestselger-bla-termokopp\/","title":{"rendered":"Best-selling blue thermos cup"},"content":{"rendered":"<h2>Best-selling blue thermos cup<\/h2>\n<p>Brand new beautiful blue thermo cup from Lykketegning coming in September. Perfect for trips or in the car on the way to work! Retains liquid and heat well. You're guaranteed to love this one.<\/p>\n<blockquote><p><em>To a certain extent, you can choose how your day will turn out. Pack your rucksack with warm thoughts for yourself and others and set off on a journey in the direction of : <\/em><\/p>\n<p><em>\"Good day ahead\"! Have a good trip!<\/em><\/p><\/blockquote>\n<h4><a href=\"https:\/\/lykketegningtest.wp3.hcweb.dev\/en\/produkt\/ny-flott-rosa-termokopp-fra-lykketegning\/\"><span style=\"font-family: georgia, palatino, serif;\">See also pink thermos cup\u00a0<\/span><\/a><\/h4>\n<h4><\/h4>\n<h4><span style=\"font-family: georgia, palatino, serif;\">Information:<\/span><\/h4>\n<p>Hot and cold drinks.<\/p>\n<p>Material.stainless steel, pp, silicone<\/p>\n<p>Foodsafe Y<\/p>\n<p>Care instructions Hand washing<\/p>\n<p>Hand washing recommended Y<\/p>\n<p>Colour pink<\/p>\n<p>Pink colour, screw cap with clip. 4 dl, h 17 cm<\/p>\n<h4>More about Lucky drawing:<\/h4>\n<div class=\"row tab-table-row\">\n<div class=\"col-xs-6\"><strong>\"At Lykketegning, every illustration is created with warmth and care.<\/strong><br \/>\n<strong>With strong colours, clear lines and good quotes, Happiness Drawing wants to make you stop for a moment, take a deep breath and then set a good course forward.<\/strong><br \/>\n<strong>\"The hearts and smiles are from me to you to remind you that you are really good!\"<\/strong><\/div>\n<div class=\"col-xs-6\">\n<p>On the website you will find some illustrations and other products such as cups, greeting cards and calendars, and new products are constantly being added, so feel free to sign up to the newsletter for monthly updates.<\/p>\n<p>For <strong>many many many many<\/strong> more illustrations; visit my Instagram and Facebook profile.<\/p>\n<p>In fact, all illustrations are for sale. 999kr for A4 and 1500kr for A3.<\/p>\n<p>You can also order your very own - great gifts to give to weddings and other parties. Get in touch inbox for this.<\/p>\n<p><em>Price: 1500kr for A4 and A5 (up to 5 people\/animal) additional cost for more (up to 5 people\/animal). A3 2000kr ex postage. I need to know hair colour\/hair type, height, interests and desired number of illustrated people. Any quotes you want included.<\/em><\/p>\n<p>If you have any questions, don't hesitate to get in touch! If you would like to have a chat about possible co-operation, please send me an email.<\/p>\n<p>Looking forward to hearing from you and hope you have a wonderful day. <a href=\"https:\/\/www.facebook.com\/lykketegning\/?locale=nb_NO\">This will take you to my Facebook page.<\/a> And if you want to follow me on<a href=\"https:\/\/www.instagram.com\/lykketegning\/?hl=nb\"> Instagram, you'll find it here.<\/a><\/p>\n<p>Artist<br \/>\nIngebj\u00f8rg Rang\u00f8y Sj\u00e5land<\/p>\n<p>&nbsp;<\/p>\n<\/div>\n<\/div>\n<div><\/div>","protected":false},"excerpt":{"rendered":"<p>Brand new beautiful blue thermos cup from Lykketegning September. Perfect for walks or in the car on the way to work! Retains liquid and heat well. You're guaranteed to love this one.<\/p>\n<p><em>To a certain extent, you can choose how your day will turn out. Pack your rucksack with warm thoughts for yourself and others and set off on a journey in the direction of : <\/em><\/p>\n<p><em>\"Good day ahead\"! Have a good trip!<\/em><\/p>\n<p>Holds hot and cold drinks.<\/p>\n<p>Colour blue<\/p>\n<p>blue colour, screw cap with clip. 4 dl, h 17 cm<\/p>\n<p>With clear lines and good quotes, Lucky Drawing wants to make you stop and think,<br \/>\nbreathe deeply and then set a good course forward.<\/p>\n<p>&nbsp;<\/p>","protected":false},"featured_media":39767,"comment_status":"open","ping_status":"closed","template":"","meta":[],"product_brand":[],"product_cat":[41],"product_tag":[362,363,12,328],"class_list":{"0":"post-37698","1":"product","2":"type-product","3":"status-publish","4":"has-post-thumbnail","6":"product_cat-lykkekopper","7":"product_tag-bla","8":"product_tag-bla-termokopp","9":"product_tag-kopp","10":"product_tag-termokopp","12":"first","13":"instock","14":"taxable","15":"shipping-taxable","16":"purchasable","17":"product-type-simple"},"yoast_head":"<!-- This site is optimized with the Yoast SEO plugin v27.5 - https:\/\/yoast.com\/product\/yoast-seo-wordpress\/ -->\n<title>Bestselger bl\u00e5 termokopp - LYKKETEGNING ILLUSTRAT\u00d8R<\/title>\n<meta name=\"description\" content=\"Denne nye flotte rosa termokoppen fra Lykketegning var en knallsuksess ifjor og ble utsolgt p\u00e5 5 uker. N\u00e5 kommer den tilbake, i bl\u00e5 farge!\" \/>\n<meta name=\"robots\" content=\"noindex, follow, max-snippet:-1, max-image-preview:large, max-video-preview:-1\" \/>\n<meta property=\"og:locale\" content=\"en_GB\" \/>\n<meta property=\"og:type\" content=\"article\" \/>\n<meta property=\"og:title\" content=\"Bestselger bl\u00e5 termokopp - LYKKETEGNING ILLUSTRAT\u00d8R\" \/>\n<meta property=\"og:description\" content=\"Denne nye flotte rosa termokoppen fra Lykketegning var en knallsuksess ifjor og ble utsolgt p\u00e5 5 uker. N\u00e5 kommer den tilbake, i bl\u00e5 farge!\" \/>\n<meta property=\"og:url\" content=\"https:\/\/lykketegningtest.wp3.hcweb.dev\/en\/product\/bestselger-bla-termokopp\/\" \/>\n<meta property=\"og:site_name\" content=\"LYKKETEGNING ILLUSTRAT\u00d8R\" \/>\n<meta property=\"article:publisher\" content=\"https:\/\/www.facebook.com\/lykketegning\/\" \/>\n<meta property=\"article:modified_time\" content=\"2026-04-27T18:43:34+00:00\" \/>\n<meta name=\"twitter:card\" content=\"summary_large_image\" \/>\n<meta name=\"twitter:label1\" content=\"Estimated reading time\" \/>\n\t<meta name=\"twitter:data1\" content=\"2 minutes\" \/>\n<script type=\"application\/ld+json\" class=\"yoast-schema-graph\">{\"@context\":\"https:\\\/\\\/schema.org\",\"@graph\":[{\"@type\":\"WebPage\",\"@id\":\"https:\\\/\\\/lykketegningtest.wp3.hcweb.dev\\\/produkt\\\/bestselger-bla-termokopp\\\/\",\"url\":\"https:\\\/\\\/lykketegningtest.wp3.hcweb.dev\\\/produkt\\\/bestselger-bla-termokopp\\\/\",\"name\":\"Bestselger bl\u00e5 termokopp - LYKKETEGNING ILLUSTRAT\u00d8R\",\"isPartOf\":{\"@id\":\"https:\\\/\\\/lykketegningtest.wp3.hcweb.dev\\\/#website\"},\"primaryImageOfPage\":{\"@id\":\"https:\\\/\\\/lykketegningtest.wp3.hcweb.dev\\\/produkt\\\/bestselger-bla-termokopp\\\/#primaryimage\"},\"image\":{\"@id\":\"https:\\\/\\\/lykketegningtest.wp3.hcweb.dev\\\/produkt\\\/bestselger-bla-termokopp\\\/#primaryimage\"},\"thumbnailUrl\":\"https:\\\/\\\/lykketegningtest.wp3.hcweb.dev\\\/wp-content\\\/uploads\\\/2023\\\/09\\\/IMG_7293-scaled.jpg\",\"datePublished\":\"2025-01-01T12:43:56+00:00\",\"dateModified\":\"2026-04-27T18:43:34+00:00\",\"description\":\"Denne nye flotte rosa termokoppen fra Lykketegning var en knallsuksess ifjor og ble utsolgt p\u00e5 5 uker. N\u00e5 kommer den tilbake, i bl\u00e5 farge!\",\"breadcrumb\":{\"@id\":\"https:\\\/\\\/lykketegningtest.wp3.hcweb.dev\\\/produkt\\\/bestselger-bla-termokopp\\\/#breadcrumb\"},\"inLanguage\":\"en-GB\",\"potentialAction\":[{\"@type\":\"ReadAction\",\"target\":[\"https:\\\/\\\/lykketegningtest.wp3.hcweb.dev\\\/produkt\\\/bestselger-bla-termokopp\\\/\"]}]},{\"@type\":\"ImageObject\",\"inLanguage\":\"en-GB\",\"@id\":\"https:\\\/\\\/lykketegningtest.wp3.hcweb.dev\\\/produkt\\\/bestselger-bla-termokopp\\\/#primaryimage\",\"url\":\"https:\\\/\\\/lykketegningtest.wp3.hcweb.dev\\\/wp-content\\\/uploads\\\/2023\\\/09\\\/IMG_7293-scaled.jpg\",\"contentUrl\":\"https:\\\/\\\/lykketegningtest.wp3.hcweb.dev\\\/wp-content\\\/uploads\\\/2023\\\/09\\\/IMG_7293-scaled.jpg\",\"width\":2560,\"height\":2560},{\"@type\":\"BreadcrumbList\",\"@id\":\"https:\\\/\\\/lykketegningtest.wp3.hcweb.dev\\\/produkt\\\/bestselger-bla-termokopp\\\/#breadcrumb\",\"itemListElement\":[{\"@type\":\"ListItem\",\"position\":1,\"name\":\"Hjem\",\"item\":\"https:\\\/\\\/lykketegningtest.wp3.hcweb.dev\\\/\"},{\"@type\":\"ListItem\",\"position\":2,\"name\":\"Shop\",\"item\":\"https:\\\/\\\/lykketegningtest.wp3.hcweb.dev\\\/sv\\\/webbutik\\\/\"},{\"@type\":\"ListItem\",\"position\":3,\"name\":\"Bestselger bl\u00e5 termokopp\"}]},{\"@type\":\"WebSite\",\"@id\":\"https:\\\/\\\/lykketegningtest.wp3.hcweb.dev\\\/#website\",\"url\":\"https:\\\/\\\/lykketegningtest.wp3.hcweb.dev\\\/\",\"name\":\"LYKKETEGNING ILLUSTRAT\u00d8R\",\"description\":\"\",\"publisher\":{\"@id\":\"https:\\\/\\\/lykketegningtest.wp3.hcweb.dev\\\/#organization\"},\"potentialAction\":[{\"@type\":\"SearchAction\",\"target\":{\"@type\":\"EntryPoint\",\"urlTemplate\":\"https:\\\/\\\/lykketegningtest.wp3.hcweb.dev\\\/?s={search_term_string}\"},\"query-input\":{\"@type\":\"PropertyValueSpecification\",\"valueRequired\":true,\"valueName\":\"search_term_string\"}}],\"inLanguage\":\"en-GB\"},{\"@type\":\"Organization\",\"@id\":\"https:\\\/\\\/lykketegningtest.wp3.hcweb.dev\\\/#organization\",\"name\":\"LYKKETEGNING ILLUSTRAT\u00d8R\",\"url\":\"https:\\\/\\\/lykketegningtest.wp3.hcweb.dev\\\/\",\"logo\":{\"@type\":\"ImageObject\",\"inLanguage\":\"en-GB\",\"@id\":\"https:\\\/\\\/lykketegningtest.wp3.hcweb.dev\\\/#\\\/schema\\\/logo\\\/image\\\/\",\"url\":\"https:\\\/\\\/lykketegningtest.wp3.hcweb.dev\\\/wp-content\\\/uploads\\\/2020\\\/03\\\/Logo2020_h400px.jpg\",\"contentUrl\":\"https:\\\/\\\/lykketegningtest.wp3.hcweb.dev\\\/wp-content\\\/uploads\\\/2020\\\/03\\\/Logo2020_h400px.jpg\",\"width\":1024,\"height\":400,\"caption\":\"LYKKETEGNING ILLUSTRAT\u00d8R\"},\"image\":{\"@id\":\"https:\\\/\\\/lykketegningtest.wp3.hcweb.dev\\\/#\\\/schema\\\/logo\\\/image\\\/\"},\"sameAs\":[\"https:\\\/\\\/www.facebook.com\\\/lykketegning\\\/\",\"https:\\\/\\\/www.instagram.com\\\/lykketegning\\\/\",\"https:\\\/\\\/www.youtube.com\\\/@lykketegningillustrations\",\"https:\\\/\\\/www.tiktok.com\\\/@lykketegningillustration\"]}]}<\/script>\n<!-- \/ Yoast SEO plugin. -->","yoast_head_json":{"title":"Best selling blue thermos cup - LUCKY DRAWING ILLUSTRATOR","description":"This beautiful new pink thermos cup from Lykketegning was a huge success last year and sold out in 5 weeks. Now it's coming back, see also the blue colour!","robots":{"index":"noindex","follow":"follow","max-snippet":"max-snippet:-1","max-image-preview":"max-image-preview:large","max-video-preview":"max-video-preview:-1"},"og_locale":"en_GB","og_type":"article","og_title":"Bestselger bl\u00e5 termokopp - LYKKETEGNING ILLUSTRAT\u00d8R","og_description":"Denne nye flotte rosa termokoppen fra Lykketegning var en knallsuksess ifjor og ble utsolgt p\u00e5 5 uker. N\u00e5 kommer den tilbake, i bl\u00e5 farge!","og_url":"https:\/\/lykketegningtest.wp3.hcweb.dev\/en\/product\/bestselger-bla-termokopp\/","og_site_name":"LYKKETEGNING ILLUSTRAT\u00d8R","article_publisher":"https:\/\/www.facebook.com\/lykketegning\/","article_modified_time":"2026-04-27T18:43:34+00:00","twitter_card":"summary_large_image","twitter_misc":{"Estimated reading time":"2 minutes"},"schema":{"@context":"https:\/\/schema.org","@graph":[{"@type":"WebPage","@id":"https:\/\/lykketegningtest.wp3.hcweb.dev\/produkt\/bestselger-bla-termokopp\/","url":"https:\/\/lykketegningtest.wp3.hcweb.dev\/produkt\/bestselger-bla-termokopp\/","name":"Best selling blue thermos cup - LUCKY DRAWING ILLUSTRATOR","isPartOf":{"@id":"https:\/\/lykketegningtest.wp3.hcweb.dev\/#website"},"primaryImageOfPage":{"@id":"https:\/\/lykketegningtest.wp3.hcweb.dev\/produkt\/bestselger-bla-termokopp\/#primaryimage"},"image":{"@id":"https:\/\/lykketegningtest.wp3.hcweb.dev\/produkt\/bestselger-bla-termokopp\/#primaryimage"},"thumbnailUrl":"https:\/\/lykketegningtest.wp3.hcweb.dev\/wp-content\/uploads\/2023\/09\/IMG_7293-scaled.jpg","datePublished":"2025-01-01T12:43:56+00:00","dateModified":"2026-04-27T18:43:34+00:00","description":"This beautiful new pink thermos cup from Lykketegning was a huge success last year and sold out in 5 weeks. Now it's coming back, see also the blue colour!","breadcrumb":{"@id":"https:\/\/lykketegningtest.wp3.hcweb.dev\/produkt\/bestselger-bla-termokopp\/#breadcrumb"},"inLanguage":"en-GB","potentialAction":[{"@type":"ReadAction","target":["https:\/\/lykketegningtest.wp3.hcweb.dev\/produkt\/bestselger-bla-termokopp\/"]}]},{"@type":"ImageObject","inLanguage":"en-GB","@id":"https:\/\/lykketegningtest.wp3.hcweb.dev\/produkt\/bestselger-bla-termokopp\/#primaryimage","url":"https:\/\/lykketegningtest.wp3.hcweb.dev\/wp-content\/uploads\/2023\/09\/IMG_7293-scaled.jpg","contentUrl":"https:\/\/lykketegningtest.wp3.hcweb.dev\/wp-content\/uploads\/2023\/09\/IMG_7293-scaled.jpg","width":2560,"height":2560},{"@type":"BreadcrumbList","@id":"https:\/\/lykketegningtest.wp3.hcweb.dev\/produkt\/bestselger-bla-termokopp\/#breadcrumb","itemListElement":[{"@type":"ListItem","position":1,"name":"Hjem","item":"https:\/\/lykketegningtest.wp3.hcweb.dev\/"},{"@type":"ListItem","position":2,"name":"Shop","item":"https:\/\/lykketegningtest.wp3.hcweb.dev\/sv\/webbutik\/"},{"@type":"ListItem","position":3,"name":"Bestselger bl\u00e5 termokopp"}]},{"@type":"WebSite","@id":"https:\/\/lykketegningtest.wp3.hcweb.dev\/#website","url":"https:\/\/lykketegningtest.wp3.hcweb.dev\/","name":"LUCKY DRAWING ILLUSTRATOR","description":"","publisher":{"@id":"https:\/\/lykketegningtest.wp3.hcweb.dev\/#organization"},"potentialAction":[{"@type":"SearchAction","target":{"@type":"EntryPoint","urlTemplate":"https:\/\/lykketegningtest.wp3.hcweb.dev\/?s={search_term_string}"},"query-input":{"@type":"PropertyValueSpecification","valueRequired":true,"valueName":"search_term_string"}}],"inLanguage":"en-GB"},{"@type":"Organization","@id":"https:\/\/lykketegningtest.wp3.hcweb.dev\/#organization","name":"LUCKY DRAWING ILLUSTRATOR","url":"https:\/\/lykketegningtest.wp3.hcweb.dev\/","logo":{"@type":"ImageObject","inLanguage":"en-GB","@id":"https:\/\/lykketegningtest.wp3.hcweb.dev\/#\/schema\/logo\/image\/","url":"https:\/\/lykketegningtest.wp3.hcweb.dev\/wp-content\/uploads\/2020\/03\/Logo2020_h400px.jpg","contentUrl":"https:\/\/lykketegningtest.wp3.hcweb.dev\/wp-content\/uploads\/2020\/03\/Logo2020_h400px.jpg","width":1024,"height":400,"caption":"LYKKETEGNING ILLUSTRAT\u00d8R"},"image":{"@id":"https:\/\/lykketegningtest.wp3.hcweb.dev\/#\/schema\/logo\/image\/"},"sameAs":["https:\/\/www.facebook.com\/lykketegning\/","https:\/\/www.instagram.com\/lykketegning\/","https:\/\/www.youtube.com\/@lykketegningillustrations","https:\/\/www.tiktok.com\/@lykketegningillustration"]}]}},"_links":{"self":[{"href":"https:\/\/lykketegningtest.wp3.hcweb.dev\/en\/wp-json\/wp\/v2\/product\/37698","targetHints":{"allow":["GET"]}}],"collection":[{"href":"https:\/\/lykketegningtest.wp3.hcweb.dev\/en\/wp-json\/wp\/v2\/product"}],"about":[{"href":"https:\/\/lykketegningtest.wp3.hcweb.dev\/en\/wp-json\/wp\/v2\/types\/product"}],"replies":[{"embeddable":true,"href":"https:\/\/lykketegningtest.wp3.hcweb.dev\/en\/wp-json\/wp\/v2\/comments?post=37698"}],"wp:featuredmedia":[{"embeddable":true,"href":"https:\/\/lykketegningtest.wp3.hcweb.dev\/en\/wp-json\/wp\/v2\/media\/39767"}],"wp:attachment":[{"href":"https:\/\/lykketegningtest.wp3.hcweb.dev\/en\/wp-json\/wp\/v2\/media?parent=37698"}],"wp:term":[{"taxonomy":"product_brand","embeddable":true,"href":"https:\/\/lykketegningtest.wp3.hcweb.dev\/en\/wp-json\/wp\/v2\/product_brand?post=37698"},{"taxonomy":"product_cat","embeddable":true,"href":"https:\/\/lykketegningtest.wp3.hcweb.dev\/en\/wp-json\/wp\/v2\/product_cat?post=37698"},{"taxonomy":"product_tag","embeddable":true,"href":"https:\/\/lykketegningtest.wp3.hcweb.dev\/en\/wp-json\/wp\/v2\/product_tag?post=37698"}],"curies":[{"name":"wp","href":"https:\/\/api.w.org\/{rel}","templated":true}]}}