{"id":38621,"date":"2024-12-09T13:04:53","date_gmt":"2024-12-09T12:04:53","guid":{"rendered":"https:\/\/www-lykketegning.wp3.hcweb.dev\/?post_type=product&#038;p=38621"},"modified":"2026-02-06T19:23:24","modified_gmt":"2026-02-06T18:23:24","slug":"serveringsfat-fra-lykketegning-morning-birds-begrenset-opplag","status":"publish","type":"product","link":"https:\/\/lykketegningtest.wp3.hcweb.dev\/en\/product\/serveringsfat-fra-lykketegning-morning-birds-begrenset-opplag\/","title":{"rendered":"Serving platter from Lykketegning \"Morning Birds\" (limited edition)"},"content":{"rendered":"<h4>Serving platter from Lykketegning \"Morning Birds\" (limited edition)<\/h4>\n<p>Brand new serving dishes from Lykketegning have just arrived! The Morning Birds dish is 38 x 36 cm birch veneer, and will be decorative on the kitchen counter and a colourful tray to serve breakfast on.<\/p>\n<p>Only 30 trays available before Christmas. First come, first served.<\/p>\n<h4>More about Lucky drawing:<\/h4>\n<div class=\"row tab-table-row\">\n<div class=\"col-xs-6\"><strong>\"At Lykketegning, every illustration is created with warmth and care.<\/strong><br \/>\n<strong>With strong colours, clear lines and good quotes, Happiness Drawing wants to make you stop for a moment, take a deep breath and then set a good course forward.<\/strong><br \/>\n<strong>\"The hearts and smiles are from me to you to remind you that you are really good!\"<\/strong><\/div>\n<div class=\"col-xs-6\">\n<p>On the website you will find some illustrations and other products such as cups, greeting cards and calendars, and new products are constantly being added, so feel free to sign up to the newsletter for monthly updates.<\/p>\n<p>For <strong>many many many many<\/strong> more illustrations; visit my Instagram and Facebook profile.<\/p>\n<p>In fact, all illustrations are for sale. 999kr for A4 and 1500kr for A3.<\/p>\n<p>You can also order your very own - great gifts to give to weddings and other parties. Get in touch inbox for this.<\/p>\n<p><em>Price: 1500kr for A4 and A5 (up to 5 people\/animal) additional cost for more (up to 5 people\/animal). A3 2000kr ex postage. I need to know hair colour\/hair type, height, interests and desired number of illustrated people. Any quotes you want included.<\/em><\/p>\n<p>If you have any questions, don't hesitate to get in touch! If you would like to have a chat about possible co-operation, please send me an email.<\/p>\n<p>Looking forward to hearing from you and hope you have a wonderful day. <a href=\"https:\/\/www.facebook.com\/lykketegning\/?locale=nb_NO\">This will take you to my Facebook page.<\/a> And if you want to follow me on<a href=\"https:\/\/www.instagram.com\/lykketegning\/?hl=nb\"> Instagram, you'll find it here.<\/a><\/p>\n<p>Artist<br \/>\nIngebj\u00f8rg Rang\u00f8y Sj\u00e5land<\/p>\n<p>&nbsp;<\/p>\n<\/div>\n<\/div>\n<div><\/div>\n<p>&nbsp;<\/p>","protected":false},"excerpt":{"rendered":"<p>Serving platter from Lykketegning \"Morning Birds\" (limited edition)<\/p>\n<p>Brand new serving dishes from Lykketegning have just arrived! The Morning Birds dish is 38 x 36 cm birch veneer, and will be decorative on the kitchen counter and a colourful tray to serve breakfast on.<\/p>\n<p>Only 30 trays available before Christmas. First come, first served.<\/p>","protected":false},"featured_media":38623,"comment_status":"closed","ping_status":"closed","template":"","meta":[],"product_brand":[],"product_cat":[170],"product_tag":[189,261,343],"class_list":{"0":"post-38621","1":"product","2":"type-product","3":"status-publish","4":"has-post-thumbnail","6":"product_cat-artprint","7":"product_tag-fat","8":"product_tag-morning-birds","9":"product_tag-serveringsfat","11":"first","12":"instock","13":"taxable","14":"shipping-taxable","15":"purchasable","16":"product-type-simple"},"yoast_head":"<!-- This site is optimized with the Yoast SEO plugin v27.6 - https:\/\/yoast.com\/product\/yoast-seo-wordpress\/ -->\n<title>Serveringsfat fra Lykketegning &quot;Morning Birds&quot; (begrenset opplag) - LYKKETEGNING ILLUSTRAT\u00d8R<\/title>\n<meta name=\"description\" content=\"Serveringsfat fra Lykketegning &quot;Morning Birds&quot; (begrenset opplag) Helt nye serveringsfat fra Lykketegning har akkurat kommet inn d\u00f8ren!\" \/>\n<meta name=\"robots\" content=\"noindex, follow, max-snippet:-1, max-image-preview:large, max-video-preview:-1\" \/>\n<meta property=\"og:locale\" content=\"en_GB\" \/>\n<meta property=\"og:type\" content=\"article\" \/>\n<meta property=\"og:title\" content=\"Serveringsfat fra Lykketegning &quot;Morning Birds&quot; (begrenset opplag) - LYKKETEGNING ILLUSTRAT\u00d8R\" \/>\n<meta property=\"og:description\" content=\"Serveringsfat fra Lykketegning &quot;Morning Birds&quot; (begrenset opplag) Helt nye serveringsfat fra Lykketegning har akkurat kommet inn d\u00f8ren!\" \/>\n<meta property=\"og:url\" content=\"https:\/\/lykketegningtest.wp3.hcweb.dev\/en\/product-2\/serveringsfad-fra-lucky-drawing-morning-birds-limited-edition\/\" \/>\n<meta property=\"og:site_name\" content=\"LYKKETEGNING ILLUSTRAT\u00d8R\" \/>\n<meta property=\"article:publisher\" content=\"https:\/\/www.facebook.com\/lykketegning\/\" \/>\n<meta property=\"article:modified_time\" content=\"2026-02-06T18:23:24+00:00\" \/>\n<meta property=\"og:image\" content=\"https:\/\/www.lykketegning.no\/wp-content\/uploads\/2024\/12\/Fat-fra-Lykketegning-scaled.jpg\" \/>\n\t<meta property=\"og:image:width\" content=\"2560\" \/>\n\t<meta property=\"og:image:height\" content=\"2541\" \/>\n\t<meta property=\"og:image:type\" content=\"image\/jpeg\" \/>\n<meta name=\"twitter:card\" content=\"summary_large_image\" \/>\n<meta name=\"twitter:label1\" content=\"Estimated reading time\" \/>\n\t<meta name=\"twitter:data1\" content=\"2 minutes\" \/>\n<script type=\"application\/ld+json\" class=\"yoast-schema-graph\">{\"@context\":\"https:\\\/\\\/schema.org\",\"@graph\":[{\"@type\":\"WebPage\",\"@id\":\"https:\\\/\\\/lykketegningtest.wp3.hcweb.dev\\\/da\\\/product-2\\\/serveringsfad-fra-lucky-drawing-morning-birds-limited-edition\\\/\",\"url\":\"https:\\\/\\\/lykketegningtest.wp3.hcweb.dev\\\/da\\\/product-2\\\/serveringsfad-fra-lucky-drawing-morning-birds-limited-edition\\\/\",\"name\":\"Serveringsfat fra Lykketegning \\\"Morning Birds\\\" (begrenset opplag) - LYKKETEGNING ILLUSTRAT\u00d8R\",\"isPartOf\":{\"@id\":\"https:\\\/\\\/lykketegningtest.wp3.hcweb.dev\\\/#website\"},\"primaryImageOfPage\":{\"@id\":\"https:\\\/\\\/lykketegningtest.wp3.hcweb.dev\\\/da\\\/product-2\\\/serveringsfad-fra-lucky-drawing-morning-birds-limited-edition\\\/#primaryimage\"},\"image\":{\"@id\":\"https:\\\/\\\/lykketegningtest.wp3.hcweb.dev\\\/da\\\/product-2\\\/serveringsfad-fra-lucky-drawing-morning-birds-limited-edition\\\/#primaryimage\"},\"thumbnailUrl\":\"https:\\\/\\\/lykketegningtest.wp3.hcweb.dev\\\/wp-content\\\/uploads\\\/2024\\\/12\\\/Fat-fra-Lykketegning-scaled.jpg\",\"datePublished\":\"2024-12-09T12:04:53+00:00\",\"dateModified\":\"2026-02-06T18:23:24+00:00\",\"description\":\"Serveringsfat fra Lykketegning \\\"Morning Birds\\\" (begrenset opplag) Helt nye serveringsfat fra Lykketegning har akkurat kommet inn d\u00f8ren!\",\"breadcrumb\":{\"@id\":\"https:\\\/\\\/lykketegningtest.wp3.hcweb.dev\\\/da\\\/product-2\\\/serveringsfad-fra-lucky-drawing-morning-birds-limited-edition\\\/#breadcrumb\"},\"inLanguage\":\"en-GB\",\"potentialAction\":[{\"@type\":\"ReadAction\",\"target\":[\"https:\\\/\\\/lykketegningtest.wp3.hcweb.dev\\\/da\\\/product-2\\\/serveringsfad-fra-lucky-drawing-morning-birds-limited-edition\\\/\"]}]},{\"@type\":\"ImageObject\",\"inLanguage\":\"en-GB\",\"@id\":\"https:\\\/\\\/lykketegningtest.wp3.hcweb.dev\\\/da\\\/product-2\\\/serveringsfad-fra-lucky-drawing-morning-birds-limited-edition\\\/#primaryimage\",\"url\":\"https:\\\/\\\/lykketegningtest.wp3.hcweb.dev\\\/wp-content\\\/uploads\\\/2024\\\/12\\\/Fat-fra-Lykketegning-scaled.jpg\",\"contentUrl\":\"https:\\\/\\\/lykketegningtest.wp3.hcweb.dev\\\/wp-content\\\/uploads\\\/2024\\\/12\\\/Fat-fra-Lykketegning-scaled.jpg\",\"width\":2560,\"height\":2541,\"caption\":\"Serveringsfat fra Lykketegning\"},{\"@type\":\"BreadcrumbList\",\"@id\":\"https:\\\/\\\/lykketegningtest.wp3.hcweb.dev\\\/da\\\/product-2\\\/serveringsfad-fra-lucky-drawing-morning-birds-limited-edition\\\/#breadcrumb\",\"itemListElement\":[{\"@type\":\"ListItem\",\"position\":1,\"name\":\"Hjem\",\"item\":\"https:\\\/\\\/lykketegningtest.wp3.hcweb.dev\\\/\"},{\"@type\":\"ListItem\",\"position\":2,\"name\":\"Shop\",\"item\":\"https:\\\/\\\/lykketegningtest.wp3.hcweb.dev\\\/sv\\\/webbutik\\\/\"},{\"@type\":\"ListItem\",\"position\":3,\"name\":\"Serveringsfat fra Lykketegning &#8220;Morning Birds&#8221; (begrenset opplag)\"}]},{\"@type\":\"WebSite\",\"@id\":\"https:\\\/\\\/lykketegningtest.wp3.hcweb.dev\\\/#website\",\"url\":\"https:\\\/\\\/lykketegningtest.wp3.hcweb.dev\\\/\",\"name\":\"LYKKETEGNING ILLUSTRAT\u00d8R\",\"description\":\"\",\"publisher\":{\"@id\":\"https:\\\/\\\/lykketegningtest.wp3.hcweb.dev\\\/#organization\"},\"potentialAction\":[{\"@type\":\"SearchAction\",\"target\":{\"@type\":\"EntryPoint\",\"urlTemplate\":\"https:\\\/\\\/lykketegningtest.wp3.hcweb.dev\\\/?s={search_term_string}\"},\"query-input\":{\"@type\":\"PropertyValueSpecification\",\"valueRequired\":true,\"valueName\":\"search_term_string\"}}],\"inLanguage\":\"en-GB\"},{\"@type\":\"Organization\",\"@id\":\"https:\\\/\\\/lykketegningtest.wp3.hcweb.dev\\\/#organization\",\"name\":\"LYKKETEGNING ILLUSTRAT\u00d8R\",\"url\":\"https:\\\/\\\/lykketegningtest.wp3.hcweb.dev\\\/\",\"logo\":{\"@type\":\"ImageObject\",\"inLanguage\":\"en-GB\",\"@id\":\"https:\\\/\\\/lykketegningtest.wp3.hcweb.dev\\\/#\\\/schema\\\/logo\\\/image\\\/\",\"url\":\"https:\\\/\\\/lykketegningtest.wp3.hcweb.dev\\\/wp-content\\\/uploads\\\/2020\\\/03\\\/Logo2020_h400px.jpg\",\"contentUrl\":\"https:\\\/\\\/lykketegningtest.wp3.hcweb.dev\\\/wp-content\\\/uploads\\\/2020\\\/03\\\/Logo2020_h400px.jpg\",\"width\":1024,\"height\":400,\"caption\":\"LYKKETEGNING ILLUSTRAT\u00d8R\"},\"image\":{\"@id\":\"https:\\\/\\\/lykketegningtest.wp3.hcweb.dev\\\/#\\\/schema\\\/logo\\\/image\\\/\"},\"sameAs\":[\"https:\\\/\\\/www.facebook.com\\\/lykketegning\\\/\",\"https:\\\/\\\/www.instagram.com\\\/lykketegning\\\/\",\"https:\\\/\\\/www.youtube.com\\\/@lykketegningillustrations\",\"https:\\\/\\\/www.tiktok.com\\\/@lykketegningillustration\"]}]}<\/script>\n<!-- \/ Yoast SEO plugin. -->","yoast_head_json":{"title":"Serving platter from Lykketegning \"Morning Birds\" (limited edition) - LYKKETEGNING ILLUSTRAT\u00d8R","description":"Serving platter from Lykketegning \"Morning Birds\" (limited edition) Brand new serving platters from Lykketegning have just arrived!","robots":{"index":"noindex","follow":"follow","max-snippet":"max-snippet:-1","max-image-preview":"max-image-preview:large","max-video-preview":"max-video-preview:-1"},"og_locale":"en_GB","og_type":"article","og_title":"Serveringsfat fra Lykketegning \"Morning Birds\" (begrenset opplag) - LYKKETEGNING ILLUSTRAT\u00d8R","og_description":"Serveringsfat fra Lykketegning \"Morning Birds\" (begrenset opplag) Helt nye serveringsfat fra Lykketegning har akkurat kommet inn d\u00f8ren!","og_url":"https:\/\/lykketegningtest.wp3.hcweb.dev\/en\/product-2\/serveringsfad-fra-lucky-drawing-morning-birds-limited-edition\/","og_site_name":"LYKKETEGNING ILLUSTRAT\u00d8R","article_publisher":"https:\/\/www.facebook.com\/lykketegning\/","article_modified_time":"2026-02-06T18:23:24+00:00","og_image":[{"width":2560,"height":2541,"url":"https:\/\/www.lykketegning.no\/wp-content\/uploads\/2024\/12\/Fat-fra-Lykketegning-scaled.jpg","type":"image\/jpeg"}],"twitter_card":"summary_large_image","twitter_misc":{"Estimated reading time":"2 minutes"},"schema":{"@context":"https:\/\/schema.org","@graph":[{"@type":"WebPage","@id":"https:\/\/lykketegningtest.wp3.hcweb.dev\/da\/product-2\/serveringsfad-fra-lucky-drawing-morning-birds-limited-edition\/","url":"https:\/\/lykketegningtest.wp3.hcweb.dev\/da\/product-2\/serveringsfad-fra-lucky-drawing-morning-birds-limited-edition\/","name":"Serving platter from Lykketegning \"Morning Birds\" (limited edition) - LYKKETEGNING ILLUSTRAT\u00d8R","isPartOf":{"@id":"https:\/\/lykketegningtest.wp3.hcweb.dev\/#website"},"primaryImageOfPage":{"@id":"https:\/\/lykketegningtest.wp3.hcweb.dev\/da\/product-2\/serveringsfad-fra-lucky-drawing-morning-birds-limited-edition\/#primaryimage"},"image":{"@id":"https:\/\/lykketegningtest.wp3.hcweb.dev\/da\/product-2\/serveringsfad-fra-lucky-drawing-morning-birds-limited-edition\/#primaryimage"},"thumbnailUrl":"https:\/\/lykketegningtest.wp3.hcweb.dev\/wp-content\/uploads\/2024\/12\/Fat-fra-Lykketegning-scaled.jpg","datePublished":"2024-12-09T12:04:53+00:00","dateModified":"2026-02-06T18:23:24+00:00","description":"Serving platter from Lykketegning \"Morning Birds\" (limited edition) Brand new serving platters from Lykketegning have just arrived!","breadcrumb":{"@id":"https:\/\/lykketegningtest.wp3.hcweb.dev\/da\/product-2\/serveringsfad-fra-lucky-drawing-morning-birds-limited-edition\/#breadcrumb"},"inLanguage":"en-GB","potentialAction":[{"@type":"ReadAction","target":["https:\/\/lykketegningtest.wp3.hcweb.dev\/da\/product-2\/serveringsfad-fra-lucky-drawing-morning-birds-limited-edition\/"]}]},{"@type":"ImageObject","inLanguage":"en-GB","@id":"https:\/\/lykketegningtest.wp3.hcweb.dev\/da\/product-2\/serveringsfad-fra-lucky-drawing-morning-birds-limited-edition\/#primaryimage","url":"https:\/\/lykketegningtest.wp3.hcweb.dev\/wp-content\/uploads\/2024\/12\/Fat-fra-Lykketegning-scaled.jpg","contentUrl":"https:\/\/lykketegningtest.wp3.hcweb.dev\/wp-content\/uploads\/2024\/12\/Fat-fra-Lykketegning-scaled.jpg","width":2560,"height":2541,"caption":"Serveringsfat fra Lykketegning"},{"@type":"BreadcrumbList","@id":"https:\/\/lykketegningtest.wp3.hcweb.dev\/da\/product-2\/serveringsfad-fra-lucky-drawing-morning-birds-limited-edition\/#breadcrumb","itemListElement":[{"@type":"ListItem","position":1,"name":"Hjem","item":"https:\/\/lykketegningtest.wp3.hcweb.dev\/"},{"@type":"ListItem","position":2,"name":"Shop","item":"https:\/\/lykketegningtest.wp3.hcweb.dev\/sv\/webbutik\/"},{"@type":"ListItem","position":3,"name":"Serveringsfat fra Lykketegning &#8220;Morning Birds&#8221; (begrenset opplag)"}]},{"@type":"WebSite","@id":"https:\/\/lykketegningtest.wp3.hcweb.dev\/#website","url":"https:\/\/lykketegningtest.wp3.hcweb.dev\/","name":"LUCKY DRAWING ILLUSTRATOR","description":"","publisher":{"@id":"https:\/\/lykketegningtest.wp3.hcweb.dev\/#organization"},"potentialAction":[{"@type":"SearchAction","target":{"@type":"EntryPoint","urlTemplate":"https:\/\/lykketegningtest.wp3.hcweb.dev\/?s={search_term_string}"},"query-input":{"@type":"PropertyValueSpecification","valueRequired":true,"valueName":"search_term_string"}}],"inLanguage":"en-GB"},{"@type":"Organization","@id":"https:\/\/lykketegningtest.wp3.hcweb.dev\/#organization","name":"LUCKY DRAWING ILLUSTRATOR","url":"https:\/\/lykketegningtest.wp3.hcweb.dev\/","logo":{"@type":"ImageObject","inLanguage":"en-GB","@id":"https:\/\/lykketegningtest.wp3.hcweb.dev\/#\/schema\/logo\/image\/","url":"https:\/\/lykketegningtest.wp3.hcweb.dev\/wp-content\/uploads\/2020\/03\/Logo2020_h400px.jpg","contentUrl":"https:\/\/lykketegningtest.wp3.hcweb.dev\/wp-content\/uploads\/2020\/03\/Logo2020_h400px.jpg","width":1024,"height":400,"caption":"LYKKETEGNING ILLUSTRAT\u00d8R"},"image":{"@id":"https:\/\/lykketegningtest.wp3.hcweb.dev\/#\/schema\/logo\/image\/"},"sameAs":["https:\/\/www.facebook.com\/lykketegning\/","https:\/\/www.instagram.com\/lykketegning\/","https:\/\/www.youtube.com\/@lykketegningillustrations","https:\/\/www.tiktok.com\/@lykketegningillustration"]}]}},"_links":{"self":[{"href":"https:\/\/lykketegningtest.wp3.hcweb.dev\/en\/wp-json\/wp\/v2\/product\/38621","targetHints":{"allow":["GET"]}}],"collection":[{"href":"https:\/\/lykketegningtest.wp3.hcweb.dev\/en\/wp-json\/wp\/v2\/product"}],"about":[{"href":"https:\/\/lykketegningtest.wp3.hcweb.dev\/en\/wp-json\/wp\/v2\/types\/product"}],"replies":[{"embeddable":true,"href":"https:\/\/lykketegningtest.wp3.hcweb.dev\/en\/wp-json\/wp\/v2\/comments?post=38621"}],"wp:featuredmedia":[{"embeddable":true,"href":"https:\/\/lykketegningtest.wp3.hcweb.dev\/en\/wp-json\/wp\/v2\/media\/38623"}],"wp:attachment":[{"href":"https:\/\/lykketegningtest.wp3.hcweb.dev\/en\/wp-json\/wp\/v2\/media?parent=38621"}],"wp:term":[{"taxonomy":"product_brand","embeddable":true,"href":"https:\/\/lykketegningtest.wp3.hcweb.dev\/en\/wp-json\/wp\/v2\/product_brand?post=38621"},{"taxonomy":"product_cat","embeddable":true,"href":"https:\/\/lykketegningtest.wp3.hcweb.dev\/en\/wp-json\/wp\/v2\/product_cat?post=38621"},{"taxonomy":"product_tag","embeddable":true,"href":"https:\/\/lykketegningtest.wp3.hcweb.dev\/en\/wp-json\/wp\/v2\/product_tag?post=38621"}],"curies":[{"name":"wp","href":"https:\/\/api.w.org\/{rel}","templated":true}]}}