{"id":42099,"date":"2026-02-02T11:49:07","date_gmt":"2026-02-02T10:49:07","guid":{"rendered":"https:\/\/www-lykketegning.wp3.hcweb.dev\/?post_type=product&#038;p=42099"},"modified":"2026-03-27T11:28:58","modified_gmt":"2026-03-27T10:28:58","slug":"duftlys-fra-lykketegning-nyt","status":"publish","type":"product","link":"https:\/\/lykketegningtest.wp3.hcweb.dev\/en\/product\/duftlys-fra-lykketegning-nyt\/","title":{"rendered":"Scented candles from Luck Drawing. New."},"content":{"rendered":"<div class=\"attributes-spec-group-header t10\">\n<div>\n<h2 data-start=\"124\" data-end=\"156\">Scented candles from Luck Drawing. New.<\/h2>\n<p data-start=\"124\" data-end=\"156\">\u2728 <strong data-start=\"126\" data-end=\"152\">News from Lykketegning<\/strong> \u2728<\/p>\n<p data-start=\"158\" data-end=\"239\">A scented candle that reminds you of the most important thing - to be present and enjoy the moment.<\/p>\n<p data-start=\"241\" data-end=\"520\">The light blue glass creates a calm and elegant atmosphere, while the soft and clean scent fills the room with warmth and harmony. With the text <em data-start=\"376\" data-end=\"412\">\u00abIt's all about savouring the moment\u00bb<\/em> this scented candle becomes a small reminder in everyday life to lower your shoulders and take care of the quiet moments.<\/p>\n<p data-start=\"522\" data-end=\"665\">As beautiful as a decoration as it is in use, the Lucky Drawing scented candle fits perfectly in any room - whether you want tranquillity, well-being or a cosy atmosphere.<\/p>\n<p data-start=\"667\" data-end=\"716\"><strong data-start=\"667\" data-end=\"683\">Lucky drawing<\/strong> - for the moments that matter.<\/p>\n<p><strong>\"At Lykketegning, every illustration is created with warmth and care.<\/strong><br \/>\n<strong>With strong colours, clear lines and good quotes, Happiness Drawing wants to make you stop for a moment, take a deep breath and then set a good course forward.<\/strong><br \/>\n<strong>\"The hearts and smiles are from me to you to remind you that you are really good!\"<\/strong><\/p>\n<p>On the website you will find some illustrations and other products such as cups, greeting cards and calendars.<\/p>\n<p>New products are constantly being added here, so feel free to sign up for the newsletter for monthly updates.<\/p>\n<p>For <strong>many many many many<\/strong> more illustrations; visit my Instagram and Facebook profile.<\/p>\n<p>In fact, all illustrations are for sale. 999kr for A4 and 1500kr for A3.<\/p>\n<p>You can also order your very own - great gifts to give to weddings and other parties. Get in touch inbox for this.<\/p>\n<p><em>Price: 1500kr for A4 and A5 (up to 5 people\/animal) additional cost for more (up to 5 people\/animal). A3 2000kr ex postage. I need to know hair colour\/hair type, height, interests and desired number of illustrated people. Any quotes you want included.<\/em><\/p>\n<p>If you have any questions, don't hesitate to get in touch! If you would like to have a chat about possible co-operation, please send me an email.<\/p>\n<p>Looking forward to hearing from you and hope you have a wonderful day. <a href=\"https:\/\/www.facebook.com\/lykketegning\/?locale=nb_NO\">This will take you to my Facebook page.<\/a> And if you want to follow me on<a href=\"https:\/\/www.instagram.com\/lykketegning\/?hl=nb\"> Instagram, you'll find it here.<\/a><\/p>\n<p>Artist<br \/>\nIngebj\u00f8rg Rang\u00f8y Sj\u00e5land<\/p>\n<p>Size &amp; weight<\/p>\n<\/div>\n<\/div>\n<div class=\"product-detail-value-wrapper\">\n<div class=\"row\">\n<div class=\"col-6\"><span class=\"product-detail-value-name\">Weight (kg)<\/span><span class=\"product-detail-value-value\">0,3760<\/span><\/div>\n<\/div>\n<\/div>\n<div class=\"product-detail-value-wrapper\">\n<div class=\"row\">\n<div class=\"col-6\"><span class=\"product-detail-value-name\">Width (cm)<\/span><span class=\"product-detail-value-value\">7,60<\/span><\/div>\n<\/div>\n<\/div>\n<div class=\"product-detail-value-wrapper\">\n<div class=\"row\">\n<div class=\"col-6\"><span class=\"product-detail-value-name\">Length (cm)<\/span><span class=\"product-detail-value-value\">7,60<\/span><\/div>\n<\/div>\n<\/div>\n<div class=\"product-detail-value-wrapper\">\n<div class=\"row\">\n<div class=\"col-6\"><span class=\"product-detail-value-name\">Size<\/span><\/div>\n<div class=\"col-6\"><span class=\"product-detail-value-value\">7.6\u00d77.6\u00d78.6cm<\/span><\/div>\n<\/div>\n<\/div>\n<div class=\"product-detail-value-wrapper\">\n<div class=\"row\">\n<div class=\"col-6\"><span class=\"product-detail-value-name\">Height (cm)<\/span><span class=\"product-detail-value-value\">8,60<\/span><\/div>\n<\/div>\n<\/div>\n<div class=\"product-detail-value-wrapper\">\n<div class=\"row\">\n<div class=\"col-6\"><span class=\"product-detail-value-value\">Blue colour<\/span><\/div>\n<\/div>\n<\/div>\n<div class=\"product-detail-value-wrapper\">\n<div class=\"row\">\n<div class=\"col-6\"><span class=\"product-detail-value-name\">Materials<\/span><\/div>\n<div class=\"col-6\"><span class=\"product-detail-value-value\">Glass, wax<\/span><\/div>\n<\/div>\n<\/div>\n<div class=\"product-detail-value-wrapper\">\n<div class=\"row\"><\/div>\n<div class=\"row\">\n<div class=\"col-6\">May trigger an allergic reaction.<\/div>\n<div class=\"col-6\">Toxic, with long-term effects, to aquatic life.<\/div>\n<\/div>\n<\/div>","protected":false},"excerpt":{"rendered":"<p data-start=\"124\" data-end=\"156\"><strong>Scented candles from Luck Drawing. New.<\/strong><\/p>\n<p data-start=\"124\" data-end=\"156\">\u2728 <strong data-start=\"126\" data-end=\"152\">News from Lykketegning<\/strong> \u2728<\/p>\n<p data-start=\"158\" data-end=\"239\">A scented candle that reminds you of the most important thing - to be present and enjoy the moment.<\/p>\n<p data-start=\"241\" data-end=\"520\">The light blue glass creates a calm and elegant atmosphere, while the soft and clean scent fills the room with warmth and harmony. With the text <em data-start=\"376\" data-end=\"412\">\u00abIt's all about savouring the moment\u00bb<\/em> this scented candle becomes a small reminder in everyday life to lower your shoulders and take care of the quiet moments.<\/p>\n<p data-start=\"522\" data-end=\"665\">As beautiful as a decoration as it is in use, the Lucky Drawing scented candle fits perfectly in any room - whether you want tranquillity, well-being or a cosy atmosphere.<\/p>\n<p data-start=\"667\" data-end=\"716\"><strong data-start=\"667\" data-end=\"683\">Lucky drawing<\/strong> - for the moments that matter.<\/p>","protected":false},"featured_media":42101,"comment_status":"closed","ping_status":"closed","template":"","meta":[],"product_brand":[],"product_cat":[197,168],"product_tag":[445,443,444],"class_list":{"0":"post-42099","1":"product","2":"type-product","3":"status-publish","4":"has-post-thumbnail","6":"product_cat-graverte-vinglass-champagneglass","7":"product_cat-takkegave","8":"product_tag-duft","9":"product_tag-duftlys","10":"product_tag-lys","12":"first","13":"instock","14":"taxable","15":"shipping-taxable","16":"purchasable","17":"product-type-simple"},"yoast_head":"<!-- This site is optimized with the Yoast SEO plugin v27.5 - https:\/\/yoast.com\/product\/yoast-seo-wordpress\/ -->\n<title>Duftlys fra Lykketegning. Nyt. - LYKKETEGNING ILLUSTRAT\u00d8R<\/title>\n<meta name=\"description\" content=\"Med teksten \u00abDet handler om \u00e5 nyte \u00f8yeblikket\u00bb blir dette duftlyset en liten p\u00e5minnelse i hverdagen om \u00e5 senke skuldrene og ta vare p\u00e5 de stille stundene.\" \/>\n<meta name=\"robots\" content=\"noindex, follow, max-snippet:-1, max-image-preview:large, max-video-preview:-1\" \/>\n<meta property=\"og:locale\" content=\"en_GB\" \/>\n<meta property=\"og:type\" content=\"article\" \/>\n<meta property=\"og:title\" content=\"Duftlys fra Lykketegning. Nyt. - LYKKETEGNING ILLUSTRAT\u00d8R\" \/>\n<meta property=\"og:description\" content=\"Med teksten \u00abDet handler om \u00e5 nyte \u00f8yeblikket\u00bb blir dette duftlyset en liten p\u00e5minnelse i hverdagen om \u00e5 senke skuldrene og ta vare p\u00e5 de stille stundene.\" \/>\n<meta property=\"og:url\" content=\"https:\/\/lykketegningtest.wp3.hcweb.dev\/en\/product\/duftlys-fra-lykketegning-nyt\/\" \/>\n<meta property=\"og:site_name\" content=\"LYKKETEGNING ILLUSTRAT\u00d8R\" \/>\n<meta property=\"article:publisher\" content=\"https:\/\/www.facebook.com\/lykketegning\/\" \/>\n<meta property=\"article:modified_time\" content=\"2026-03-27T10:28:58+00:00\" \/>\n<meta property=\"og:image\" content=\"https:\/\/www.lykketegning.no\/wp-content\/uploads\/2026\/02\/40250324-scaled.jpg\" \/>\n\t<meta property=\"og:image:width\" content=\"2560\" \/>\n\t<meta property=\"og:image:height\" content=\"2560\" \/>\n\t<meta property=\"og:image:type\" content=\"image\/jpeg\" \/>\n<meta name=\"twitter:card\" content=\"summary_large_image\" \/>\n<meta name=\"twitter:label1\" content=\"Estimated reading time\" \/>\n\t<meta name=\"twitter:data1\" content=\"3 minutes\" \/>\n<script type=\"application\/ld+json\" class=\"yoast-schema-graph\">{\"@context\":\"https:\\\/\\\/schema.org\",\"@graph\":[{\"@type\":\"WebPage\",\"@id\":\"https:\\\/\\\/lykketegningtest.wp3.hcweb.dev\\\/produkt\\\/duftlys-fra-lykketegning-nyt\\\/\",\"url\":\"https:\\\/\\\/lykketegningtest.wp3.hcweb.dev\\\/produkt\\\/duftlys-fra-lykketegning-nyt\\\/\",\"name\":\"Duftlys fra Lykketegning. Nyt. - LYKKETEGNING ILLUSTRAT\u00d8R\",\"isPartOf\":{\"@id\":\"https:\\\/\\\/lykketegningtest.wp3.hcweb.dev\\\/#website\"},\"primaryImageOfPage\":{\"@id\":\"https:\\\/\\\/lykketegningtest.wp3.hcweb.dev\\\/produkt\\\/duftlys-fra-lykketegning-nyt\\\/#primaryimage\"},\"image\":{\"@id\":\"https:\\\/\\\/lykketegningtest.wp3.hcweb.dev\\\/produkt\\\/duftlys-fra-lykketegning-nyt\\\/#primaryimage\"},\"thumbnailUrl\":\"https:\\\/\\\/lykketegningtest.wp3.hcweb.dev\\\/wp-content\\\/uploads\\\/2026\\\/02\\\/40250324-scaled.jpg\",\"datePublished\":\"2026-02-02T10:49:07+00:00\",\"dateModified\":\"2026-03-27T10:28:58+00:00\",\"description\":\"Med teksten \u00abDet handler om \u00e5 nyte \u00f8yeblikket\u00bb blir dette duftlyset en liten p\u00e5minnelse i hverdagen om \u00e5 senke skuldrene og ta vare p\u00e5 de stille stundene.\",\"breadcrumb\":{\"@id\":\"https:\\\/\\\/lykketegningtest.wp3.hcweb.dev\\\/produkt\\\/duftlys-fra-lykketegning-nyt\\\/#breadcrumb\"},\"inLanguage\":\"en-GB\",\"potentialAction\":[{\"@type\":\"ReadAction\",\"target\":[\"https:\\\/\\\/lykketegningtest.wp3.hcweb.dev\\\/produkt\\\/duftlys-fra-lykketegning-nyt\\\/\"]}]},{\"@type\":\"ImageObject\",\"inLanguage\":\"en-GB\",\"@id\":\"https:\\\/\\\/lykketegningtest.wp3.hcweb.dev\\\/produkt\\\/duftlys-fra-lykketegning-nyt\\\/#primaryimage\",\"url\":\"https:\\\/\\\/lykketegningtest.wp3.hcweb.dev\\\/wp-content\\\/uploads\\\/2026\\\/02\\\/40250324-scaled.jpg\",\"contentUrl\":\"https:\\\/\\\/lykketegningtest.wp3.hcweb.dev\\\/wp-content\\\/uploads\\\/2026\\\/02\\\/40250324-scaled.jpg\",\"width\":2560,\"height\":2560},{\"@type\":\"BreadcrumbList\",\"@id\":\"https:\\\/\\\/lykketegningtest.wp3.hcweb.dev\\\/produkt\\\/duftlys-fra-lykketegning-nyt\\\/#breadcrumb\",\"itemListElement\":[{\"@type\":\"ListItem\",\"position\":1,\"name\":\"Hjem\",\"item\":\"https:\\\/\\\/lykketegningtest.wp3.hcweb.dev\\\/\"},{\"@type\":\"ListItem\",\"position\":2,\"name\":\"Shop\",\"item\":\"https:\\\/\\\/lykketegningtest.wp3.hcweb.dev\\\/sv\\\/webbutik\\\/\"},{\"@type\":\"ListItem\",\"position\":3,\"name\":\"Duftlys fra Lykketegning. Nyt.\"}]},{\"@type\":\"WebSite\",\"@id\":\"https:\\\/\\\/lykketegningtest.wp3.hcweb.dev\\\/#website\",\"url\":\"https:\\\/\\\/lykketegningtest.wp3.hcweb.dev\\\/\",\"name\":\"LYKKETEGNING ILLUSTRAT\u00d8R\",\"description\":\"\",\"publisher\":{\"@id\":\"https:\\\/\\\/lykketegningtest.wp3.hcweb.dev\\\/#organization\"},\"potentialAction\":[{\"@type\":\"SearchAction\",\"target\":{\"@type\":\"EntryPoint\",\"urlTemplate\":\"https:\\\/\\\/lykketegningtest.wp3.hcweb.dev\\\/?s={search_term_string}\"},\"query-input\":{\"@type\":\"PropertyValueSpecification\",\"valueRequired\":true,\"valueName\":\"search_term_string\"}}],\"inLanguage\":\"en-GB\"},{\"@type\":\"Organization\",\"@id\":\"https:\\\/\\\/lykketegningtest.wp3.hcweb.dev\\\/#organization\",\"name\":\"LYKKETEGNING ILLUSTRAT\u00d8R\",\"url\":\"https:\\\/\\\/lykketegningtest.wp3.hcweb.dev\\\/\",\"logo\":{\"@type\":\"ImageObject\",\"inLanguage\":\"en-GB\",\"@id\":\"https:\\\/\\\/lykketegningtest.wp3.hcweb.dev\\\/#\\\/schema\\\/logo\\\/image\\\/\",\"url\":\"https:\\\/\\\/lykketegningtest.wp3.hcweb.dev\\\/wp-content\\\/uploads\\\/2020\\\/03\\\/Logo2020_h400px.jpg\",\"contentUrl\":\"https:\\\/\\\/lykketegningtest.wp3.hcweb.dev\\\/wp-content\\\/uploads\\\/2020\\\/03\\\/Logo2020_h400px.jpg\",\"width\":1024,\"height\":400,\"caption\":\"LYKKETEGNING ILLUSTRAT\u00d8R\"},\"image\":{\"@id\":\"https:\\\/\\\/lykketegningtest.wp3.hcweb.dev\\\/#\\\/schema\\\/logo\\\/image\\\/\"},\"sameAs\":[\"https:\\\/\\\/www.facebook.com\\\/lykketegning\\\/\",\"https:\\\/\\\/www.instagram.com\\\/lykketegning\\\/\",\"https:\\\/\\\/www.youtube.com\\\/@lykketegningillustrations\",\"https:\\\/\\\/www.tiktok.com\\\/@lykketegningillustration\"]}]}<\/script>\n<!-- \/ Yoast SEO plugin. -->","yoast_head_json":{"title":"Scented candles from Luck Drawing. New. - LUCKY DRAWING ILLUSTRATOR","description":"With the text \u00abIt's all about savouring the moment\u00bb, this scented candle is a small everyday reminder to lower your shoulders and take care of the quiet moments.","robots":{"index":"noindex","follow":"follow","max-snippet":"max-snippet:-1","max-image-preview":"max-image-preview:large","max-video-preview":"max-video-preview:-1"},"og_locale":"en_GB","og_type":"article","og_title":"Duftlys fra Lykketegning. Nyt. - LYKKETEGNING ILLUSTRAT\u00d8R","og_description":"Med teksten \u00abDet handler om \u00e5 nyte \u00f8yeblikket\u00bb blir dette duftlyset en liten p\u00e5minnelse i hverdagen om \u00e5 senke skuldrene og ta vare p\u00e5 de stille stundene.","og_url":"https:\/\/lykketegningtest.wp3.hcweb.dev\/en\/product\/duftlys-fra-lykketegning-nyt\/","og_site_name":"LYKKETEGNING ILLUSTRAT\u00d8R","article_publisher":"https:\/\/www.facebook.com\/lykketegning\/","article_modified_time":"2026-03-27T10:28:58+00:00","og_image":[{"width":2560,"height":2560,"url":"https:\/\/www.lykketegning.no\/wp-content\/uploads\/2026\/02\/40250324-scaled.jpg","type":"image\/jpeg"}],"twitter_card":"summary_large_image","twitter_misc":{"Estimated reading time":"3 minutes"},"schema":{"@context":"https:\/\/schema.org","@graph":[{"@type":"WebPage","@id":"https:\/\/lykketegningtest.wp3.hcweb.dev\/produkt\/duftlys-fra-lykketegning-nyt\/","url":"https:\/\/lykketegningtest.wp3.hcweb.dev\/produkt\/duftlys-fra-lykketegning-nyt\/","name":"Scented candles from Luck Drawing. New. - LUCKY DRAWING ILLUSTRATOR","isPartOf":{"@id":"https:\/\/lykketegningtest.wp3.hcweb.dev\/#website"},"primaryImageOfPage":{"@id":"https:\/\/lykketegningtest.wp3.hcweb.dev\/produkt\/duftlys-fra-lykketegning-nyt\/#primaryimage"},"image":{"@id":"https:\/\/lykketegningtest.wp3.hcweb.dev\/produkt\/duftlys-fra-lykketegning-nyt\/#primaryimage"},"thumbnailUrl":"https:\/\/lykketegningtest.wp3.hcweb.dev\/wp-content\/uploads\/2026\/02\/40250324-scaled.jpg","datePublished":"2026-02-02T10:49:07+00:00","dateModified":"2026-03-27T10:28:58+00:00","description":"With the text \u00abIt's all about savouring the moment\u00bb, this scented candle is a small everyday reminder to lower your shoulders and take care of the quiet moments.","breadcrumb":{"@id":"https:\/\/lykketegningtest.wp3.hcweb.dev\/produkt\/duftlys-fra-lykketegning-nyt\/#breadcrumb"},"inLanguage":"en-GB","potentialAction":[{"@type":"ReadAction","target":["https:\/\/lykketegningtest.wp3.hcweb.dev\/produkt\/duftlys-fra-lykketegning-nyt\/"]}]},{"@type":"ImageObject","inLanguage":"en-GB","@id":"https:\/\/lykketegningtest.wp3.hcweb.dev\/produkt\/duftlys-fra-lykketegning-nyt\/#primaryimage","url":"https:\/\/lykketegningtest.wp3.hcweb.dev\/wp-content\/uploads\/2026\/02\/40250324-scaled.jpg","contentUrl":"https:\/\/lykketegningtest.wp3.hcweb.dev\/wp-content\/uploads\/2026\/02\/40250324-scaled.jpg","width":2560,"height":2560},{"@type":"BreadcrumbList","@id":"https:\/\/lykketegningtest.wp3.hcweb.dev\/produkt\/duftlys-fra-lykketegning-nyt\/#breadcrumb","itemListElement":[{"@type":"ListItem","position":1,"name":"Hjem","item":"https:\/\/lykketegningtest.wp3.hcweb.dev\/"},{"@type":"ListItem","position":2,"name":"Shop","item":"https:\/\/lykketegningtest.wp3.hcweb.dev\/sv\/webbutik\/"},{"@type":"ListItem","position":3,"name":"Duftlys fra Lykketegning. Nyt."}]},{"@type":"WebSite","@id":"https:\/\/lykketegningtest.wp3.hcweb.dev\/#website","url":"https:\/\/lykketegningtest.wp3.hcweb.dev\/","name":"LUCKY DRAWING ILLUSTRATOR","description":"","publisher":{"@id":"https:\/\/lykketegningtest.wp3.hcweb.dev\/#organization"},"potentialAction":[{"@type":"SearchAction","target":{"@type":"EntryPoint","urlTemplate":"https:\/\/lykketegningtest.wp3.hcweb.dev\/?s={search_term_string}"},"query-input":{"@type":"PropertyValueSpecification","valueRequired":true,"valueName":"search_term_string"}}],"inLanguage":"en-GB"},{"@type":"Organization","@id":"https:\/\/lykketegningtest.wp3.hcweb.dev\/#organization","name":"LUCKY DRAWING ILLUSTRATOR","url":"https:\/\/lykketegningtest.wp3.hcweb.dev\/","logo":{"@type":"ImageObject","inLanguage":"en-GB","@id":"https:\/\/lykketegningtest.wp3.hcweb.dev\/#\/schema\/logo\/image\/","url":"https:\/\/lykketegningtest.wp3.hcweb.dev\/wp-content\/uploads\/2020\/03\/Logo2020_h400px.jpg","contentUrl":"https:\/\/lykketegningtest.wp3.hcweb.dev\/wp-content\/uploads\/2020\/03\/Logo2020_h400px.jpg","width":1024,"height":400,"caption":"LYKKETEGNING ILLUSTRAT\u00d8R"},"image":{"@id":"https:\/\/lykketegningtest.wp3.hcweb.dev\/#\/schema\/logo\/image\/"},"sameAs":["https:\/\/www.facebook.com\/lykketegning\/","https:\/\/www.instagram.com\/lykketegning\/","https:\/\/www.youtube.com\/@lykketegningillustrations","https:\/\/www.tiktok.com\/@lykketegningillustration"]}]}},"_links":{"self":[{"href":"https:\/\/lykketegningtest.wp3.hcweb.dev\/en\/wp-json\/wp\/v2\/product\/42099","targetHints":{"allow":["GET"]}}],"collection":[{"href":"https:\/\/lykketegningtest.wp3.hcweb.dev\/en\/wp-json\/wp\/v2\/product"}],"about":[{"href":"https:\/\/lykketegningtest.wp3.hcweb.dev\/en\/wp-json\/wp\/v2\/types\/product"}],"replies":[{"embeddable":true,"href":"https:\/\/lykketegningtest.wp3.hcweb.dev\/en\/wp-json\/wp\/v2\/comments?post=42099"}],"wp:featuredmedia":[{"embeddable":true,"href":"https:\/\/lykketegningtest.wp3.hcweb.dev\/en\/wp-json\/wp\/v2\/media\/42101"}],"wp:attachment":[{"href":"https:\/\/lykketegningtest.wp3.hcweb.dev\/en\/wp-json\/wp\/v2\/media?parent=42099"}],"wp:term":[{"taxonomy":"product_brand","embeddable":true,"href":"https:\/\/lykketegningtest.wp3.hcweb.dev\/en\/wp-json\/wp\/v2\/product_brand?post=42099"},{"taxonomy":"product_cat","embeddable":true,"href":"https:\/\/lykketegningtest.wp3.hcweb.dev\/en\/wp-json\/wp\/v2\/product_cat?post=42099"},{"taxonomy":"product_tag","embeddable":true,"href":"https:\/\/lykketegningtest.wp3.hcweb.dev\/en\/wp-json\/wp\/v2\/product_tag?post=42099"}],"curies":[{"name":"wp","href":"https:\/\/api.w.org\/{rel}","templated":true}]}}