{"id":42439,"date":"2026-03-25T12:08:04","date_gmt":"2026-03-25T11:08:04","guid":{"rendered":"https:\/\/www-lykketegning.wp3.hcweb.dev\/?post_type=product&#038;p=42439"},"modified":"2026-05-08T09:13:57","modified_gmt":"2026-05-08T07:13:57","slug":"gjestehandklaer-fra-lykketegning-i-2-pakning-40-x-60-cm","status":"publish","type":"product","link":"https:\/\/lykketegningtest.wp3.hcweb.dev\/en\/product\/gjestehandklaer-fra-lykketegning-i-2-pakning-40-x-60-cm\/","title":{"rendered":"Guest towels from Lykketegning in 2-pack (40 x 60 cm)"},"content":{"rendered":"<h2>Guest towels from Lykketegning in 2-pack (40 x 60 cm). Three different colours<\/h2>\n<div class=\"product-detail-specifications\">Lucky Drawing Towel - 2pack - 40 x 60cm. Choose from three different colours and texts.<\/div>\n<div class=\"short-info\">\n<div class=\"product_item_description\">\n<div class=\"description-detail-clamp clamp-active expanded\">\n<div class=\"description-detail-clamp-inner\">\n<p>Cosy towels with nice text:<\/p>\n<div class=\"product-detail-specifications\">Life is right now, this minute this second (White)<\/div>\n<div>Fill your life with what is good. (Rosa)<\/div>\n<div>It's about savouring the moment. (Blue)<\/div>\n<p>Made of 100% cotton<\/p>\n<p>Great gift tip and decorative in the bathroom! Maybe together with the new scented candles?<\/p>\n<p>Happiness drawing has countless different products and you can also order drawings that are just for you! Take a look at the entire catalogue.<\/p>\n<p>Towel<\/p>\n<p>100% cotton.<\/p>\n<p>Washable with similar colours<\/p>\n<div class=\"attributes-spec-group-header t10\">\n<div>Size &amp; weight<\/div>\n<\/div>\n<div class=\"product-detail-value-wrapper\">\n<div class=\"row\">\n<div class=\"col-6\"><span class=\"product-detail-value-name\">Weight (kg)<\/span><\/div>\n<div class=\"col-6\"><span class=\"product-detail-value-value\">0,2800<\/span><\/div>\n<\/div>\n<\/div>\n<div class=\"product-detail-value-wrapper\">\n<div class=\"row\">\n<div class=\"col-6\"><span class=\"product-detail-value-name\">Size<\/span><\/div>\n<div class=\"col-6\"><span class=\"product-detail-value-value\">2pk 40\u00d760 PUST<\/span><\/div>\n<\/div>\n<\/div>\n<div class=\"attributes-spec-group-header t10\">\n<div>Colour &amp; material<\/div>\n<\/div>\n<div class=\"product-detail-value-wrapper\">\n<div class=\"row\">\n<div class=\"col-6\"><span class=\"product-detail-value-name\">Materials<\/span><\/div>\n<div class=\"col-6\"><span class=\"product-detail-value-value\">100% Cotton<\/span><\/div>\n<\/div>\n<\/div>\n<div class=\"product-detail-value-wrapper\">\n<div class=\"row\">\n<div class=\"col-6\"><span class=\"product-detail-value-name\">Colour<\/span><\/div>\n<div class=\"col-6\"><span class=\"product-detail-value-value\">White colour<\/span><\/div>\n<\/div>\n<\/div>\n<div class=\"attributes-spec-group-header t10\">\n<div>Other<\/div>\n<\/div>\n<div class=\"product-detail-value-wrapper\">\n<div class=\"row\">\n<div class=\"col-6\"><span class=\"product-detail-value-name\">EAN<\/span><\/div>\n<div class=\"col-6\"><span class=\"product-detail-value-value\">7020629489812<\/span><\/div>\n<\/div>\n<div class=\"row\">\n<div class=\"col-6\"><span class=\"product-detail-value-name\">Id<\/span><\/div>\n<div class=\"col-6\"><span class=\"product-detail-value-value\">50250223<\/span><\/div>\n<\/div>\n<\/div>\n<p>&nbsp;<\/p>\n<p><strong>\"At Lykketegning, every illustration is created with warmth and care.<\/strong><br \/>\n<strong>With strong colours, clear lines and good quotes, Happiness Drawing wants to make you stop for a moment, take a deep breath and then set a good course forward.<\/strong><br \/>\n<strong>\"The hearts and smiles are from me to you to remind you that you are really good!\"<\/strong><\/p>\n<p>&nbsp;<\/p>\n<p>On the website you will find some illustrations and other products such as cups, greeting cards and calendars.<\/p>\n<p>New products are constantly being added here, so feel free to sign up for the newsletter for monthly updates.<\/p>\n<p>For <strong>many many many many<\/strong> more illustrations; visit my Instagram and Facebook profile.<\/p>\n<p>In fact, all illustrations are for sale. 999kr for A4 and 1500kr for A3.<\/p>\n<p>You can also order your very own - great gifts to give to weddings and other parties. Get in touch inbox for this.<\/p>\n<p><em>Price: 1500kr for A4 and A5 (up to 5 people\/animal) additional cost for more (up to 5 people\/animal). A3 2000kr ex postage. I need to know hair colour\/hair type, height, interests and desired number of illustrated people. Any quotes you want included.<\/em><\/p>\n<p>If you have any questions, don't hesitate to get in touch! If you would like to have a chat about possible co-operation, please send me an email.<\/p>\n<p>Looking forward to hearing from you and hope you have a wonderful day. <a href=\"https:\/\/www.facebook.com\/lykketegning\/?locale=nb_NO\">This will take you to my Facebook page.<\/a> And if you want to follow me on<a href=\"https:\/\/www.instagram.com\/lykketegning\/?hl=nb\"> Instagram, you'll find it here.<\/a><\/p>\n<p>Artist<br \/>\nIngebj\u00f8rg Rang\u00f8y Sj\u00e5land<\/p>\n<p>&nbsp;<\/p>\n<\/div>\n<\/div>\n<\/div>\n<\/div>\n<p>&nbsp;<\/p>\n<p>&nbsp;<\/p>\n<p>&nbsp;<\/p>","protected":false},"excerpt":{"rendered":"<h2>Guest towels from Lykketegning in 2-pack (40 x 60 cm). Three different colours<\/h2>\n<div class=\"product-detail-specifications\">Lucky Drawing Towel - 2pack - 40 x 60cm. Choose from three different colours and texts.<\/div>\n<div class=\"short-info\">\n<div class=\"product_item_description\">\n<div class=\"description-detail-clamp clamp-active expanded\">\n<div class=\"description-detail-clamp-inner\">\n<p>Cosy towels with nice text:<\/p>\n<div class=\"product-detail-specifications\">Life is right now, this minute this second (White)<\/div>\n<div>Fill your life with what is good. (Rosa)<\/div>\n<div>It's about savouring the moment. (Blue)<\/div>\n<p>Made of 100% cotton<\/p>\n<p>Great gift tip and decorative in the bathroom! Maybe together with the new scented candles?<\/p>\n<p>Happiness drawing has countless different products and you can also order drawings that are just for you! Take a look at the entire catalogue.<\/p>\n<p>Towel<\/p>\n<p>100% cotton.<\/p>\n<\/div>\n<\/div>\n<\/div>\n<\/div>","protected":false},"featured_media":42445,"comment_status":"closed","ping_status":"closed","template":"","meta":[],"product_brand":[],"product_cat":[202],"product_tag":[449,448,451,450],"class_list":{"0":"post-42439","1":"product","2":"type-product","3":"status-publish","4":"has-post-thumbnail","6":"product_cat-klaer-med-trykk","7":"product_tag-gjestehandkle","8":"product_tag-handkle","9":"product_tag-tekst","10":"product_tag-towel","12":"first","13":"instock","14":"taxable","15":"shipping-taxable","16":"purchasable","17":"product-type-variable"},"yoast_head":"<!-- This site is optimized with the Yoast SEO plugin v27.5 - https:\/\/yoast.com\/product\/yoast-seo-wordpress\/ -->\n<title>Gjesteh\u00e5ndkl\u00e6r fra Lykketegning i 2-pakning (40 x 60 cm) - LYKKETEGNING ILLUSTRAT\u00d8R<\/title>\n<meta name=\"description\" content=\"Gjesteh\u00e5ndkl\u00e6r fra Lykketegning i 2-pakning (40 x 60 cm). Velg mellom flere farger og koselige tekster \u2013 perfekte til badet eller som gave.\" \/>\n<meta name=\"robots\" content=\"noindex, follow, max-snippet:-1, max-image-preview:large, max-video-preview:-1\" \/>\n<meta property=\"og:locale\" content=\"en_GB\" \/>\n<meta property=\"og:type\" content=\"article\" \/>\n<meta property=\"og:title\" content=\"Gjesteh\u00e5ndkl\u00e6r fra Lykketegning i 2-pakning (40 x 60 cm) - LYKKETEGNING ILLUSTRAT\u00d8R\" \/>\n<meta property=\"og:description\" content=\"Gjesteh\u00e5ndkl\u00e6r fra Lykketegning i 2-pakning (40 x 60 cm). Velg mellom flere farger og koselige tekster \u2013 perfekte til badet eller som gave.\" \/>\n<meta property=\"og:url\" content=\"https:\/\/lykketegningtest.wp3.hcweb.dev\/en\/product\/gjestehandklaer-fra-lykketegning-i-2-pakning-40-x-60-cm\/\" \/>\n<meta property=\"og:site_name\" content=\"LYKKETEGNING ILLUSTRAT\u00d8R\" \/>\n<meta property=\"article:publisher\" content=\"https:\/\/www.facebook.com\/lykketegning\/\" \/>\n<meta property=\"article:modified_time\" content=\"2026-05-08T07:13:57+00:00\" \/>\n<meta property=\"og:image\" content=\"https:\/\/www.lykketegning.no\/wp-content\/uploads\/2026\/03\/B5DFC5D6-FEB4-419C-B81A-7540E34F508B-1-683x1024.png\" \/>\n\t<meta property=\"og:image:width\" content=\"683\" \/>\n\t<meta property=\"og:image:height\" content=\"1024\" \/>\n\t<meta property=\"og:image:type\" content=\"image\/png\" \/>\n<meta name=\"twitter:card\" content=\"summary_large_image\" \/>\n<meta name=\"twitter:label1\" content=\"Estimated reading time\" \/>\n\t<meta name=\"twitter:data1\" content=\"3 minutes\" \/>\n<script type=\"application\/ld+json\" class=\"yoast-schema-graph\">{\"@context\":\"https:\\\/\\\/schema.org\",\"@graph\":[{\"@type\":\"WebPage\",\"@id\":\"https:\\\/\\\/lykketegningtest.wp3.hcweb.dev\\\/produkt\\\/gjestehandklaer-fra-lykketegning-i-2-pakning-40-x-60-cm\\\/\",\"url\":\"https:\\\/\\\/lykketegningtest.wp3.hcweb.dev\\\/produkt\\\/gjestehandklaer-fra-lykketegning-i-2-pakning-40-x-60-cm\\\/\",\"name\":\"Gjesteh\u00e5ndkl\u00e6r fra Lykketegning i 2-pakning (40 x 60 cm) - LYKKETEGNING ILLUSTRAT\u00d8R\",\"isPartOf\":{\"@id\":\"https:\\\/\\\/lykketegningtest.wp3.hcweb.dev\\\/#website\"},\"primaryImageOfPage\":{\"@id\":\"https:\\\/\\\/lykketegningtest.wp3.hcweb.dev\\\/produkt\\\/gjestehandklaer-fra-lykketegning-i-2-pakning-40-x-60-cm\\\/#primaryimage\"},\"image\":{\"@id\":\"https:\\\/\\\/lykketegningtest.wp3.hcweb.dev\\\/produkt\\\/gjestehandklaer-fra-lykketegning-i-2-pakning-40-x-60-cm\\\/#primaryimage\"},\"thumbnailUrl\":\"https:\\\/\\\/lykketegningtest.wp3.hcweb.dev\\\/wp-content\\\/uploads\\\/2026\\\/03\\\/B5DFC5D6-FEB4-419C-B81A-7540E34F508B-1.png\",\"datePublished\":\"2026-03-25T11:08:04+00:00\",\"dateModified\":\"2026-05-08T07:13:57+00:00\",\"description\":\"Gjesteh\u00e5ndkl\u00e6r fra Lykketegning i 2-pakning (40 x 60 cm). Velg mellom flere farger og koselige tekster \u2013 perfekte til badet eller som gave.\",\"breadcrumb\":{\"@id\":\"https:\\\/\\\/lykketegningtest.wp3.hcweb.dev\\\/produkt\\\/gjestehandklaer-fra-lykketegning-i-2-pakning-40-x-60-cm\\\/#breadcrumb\"},\"inLanguage\":\"en-GB\",\"potentialAction\":[{\"@type\":\"ReadAction\",\"target\":[\"https:\\\/\\\/lykketegningtest.wp3.hcweb.dev\\\/produkt\\\/gjestehandklaer-fra-lykketegning-i-2-pakning-40-x-60-cm\\\/\"]}]},{\"@type\":\"ImageObject\",\"inLanguage\":\"en-GB\",\"@id\":\"https:\\\/\\\/lykketegningtest.wp3.hcweb.dev\\\/produkt\\\/gjestehandklaer-fra-lykketegning-i-2-pakning-40-x-60-cm\\\/#primaryimage\",\"url\":\"https:\\\/\\\/lykketegningtest.wp3.hcweb.dev\\\/wp-content\\\/uploads\\\/2026\\\/03\\\/B5DFC5D6-FEB4-419C-B81A-7540E34F508B-1.png\",\"contentUrl\":\"https:\\\/\\\/lykketegningtest.wp3.hcweb.dev\\\/wp-content\\\/uploads\\\/2026\\\/03\\\/B5DFC5D6-FEB4-419C-B81A-7540E34F508B-1.png\",\"width\":1024,\"height\":1536},{\"@type\":\"BreadcrumbList\",\"@id\":\"https:\\\/\\\/lykketegningtest.wp3.hcweb.dev\\\/produkt\\\/gjestehandklaer-fra-lykketegning-i-2-pakning-40-x-60-cm\\\/#breadcrumb\",\"itemListElement\":[{\"@type\":\"ListItem\",\"position\":1,\"name\":\"Hjem\",\"item\":\"https:\\\/\\\/lykketegningtest.wp3.hcweb.dev\\\/\"},{\"@type\":\"ListItem\",\"position\":2,\"name\":\"Shop\",\"item\":\"https:\\\/\\\/lykketegningtest.wp3.hcweb.dev\\\/sv\\\/webbutik\\\/\"},{\"@type\":\"ListItem\",\"position\":3,\"name\":\"Gjesteh\u00e5ndkl\u00e6r fra Lykketegning i 2-pakning (40 x 60 cm)\"}]},{\"@type\":\"WebSite\",\"@id\":\"https:\\\/\\\/lykketegningtest.wp3.hcweb.dev\\\/#website\",\"url\":\"https:\\\/\\\/lykketegningtest.wp3.hcweb.dev\\\/\",\"name\":\"LYKKETEGNING ILLUSTRAT\u00d8R\",\"description\":\"\",\"publisher\":{\"@id\":\"https:\\\/\\\/lykketegningtest.wp3.hcweb.dev\\\/#organization\"},\"potentialAction\":[{\"@type\":\"SearchAction\",\"target\":{\"@type\":\"EntryPoint\",\"urlTemplate\":\"https:\\\/\\\/lykketegningtest.wp3.hcweb.dev\\\/?s={search_term_string}\"},\"query-input\":{\"@type\":\"PropertyValueSpecification\",\"valueRequired\":true,\"valueName\":\"search_term_string\"}}],\"inLanguage\":\"en-GB\"},{\"@type\":\"Organization\",\"@id\":\"https:\\\/\\\/lykketegningtest.wp3.hcweb.dev\\\/#organization\",\"name\":\"LYKKETEGNING ILLUSTRAT\u00d8R\",\"url\":\"https:\\\/\\\/lykketegningtest.wp3.hcweb.dev\\\/\",\"logo\":{\"@type\":\"ImageObject\",\"inLanguage\":\"en-GB\",\"@id\":\"https:\\\/\\\/lykketegningtest.wp3.hcweb.dev\\\/#\\\/schema\\\/logo\\\/image\\\/\",\"url\":\"https:\\\/\\\/lykketegningtest.wp3.hcweb.dev\\\/wp-content\\\/uploads\\\/2020\\\/03\\\/Logo2020_h400px.jpg\",\"contentUrl\":\"https:\\\/\\\/lykketegningtest.wp3.hcweb.dev\\\/wp-content\\\/uploads\\\/2020\\\/03\\\/Logo2020_h400px.jpg\",\"width\":1024,\"height\":400,\"caption\":\"LYKKETEGNING ILLUSTRAT\u00d8R\"},\"image\":{\"@id\":\"https:\\\/\\\/lykketegningtest.wp3.hcweb.dev\\\/#\\\/schema\\\/logo\\\/image\\\/\"},\"sameAs\":[\"https:\\\/\\\/www.facebook.com\\\/lykketegning\\\/\",\"https:\\\/\\\/www.instagram.com\\\/lykketegning\\\/\",\"https:\\\/\\\/www.youtube.com\\\/@lykketegningillustrations\",\"https:\\\/\\\/www.tiktok.com\\\/@lykketegningillustration\"]}]}<\/script>\n<!-- \/ Yoast SEO plugin. -->","yoast_head_json":{"title":"Guest towels from Lykketegning in 2-pack (40 x 60 cm) - LYKKETEGNING ILLUSTRAT\u00d8R","description":"Guest towels from Lykketegning in a 2-pack (40 x 60 cm). Choose from several colours and cosy texts - perfect for the bathroom or as a gift.","robots":{"index":"noindex","follow":"follow","max-snippet":"max-snippet:-1","max-image-preview":"max-image-preview:large","max-video-preview":"max-video-preview:-1"},"og_locale":"en_GB","og_type":"article","og_title":"Gjesteh\u00e5ndkl\u00e6r fra Lykketegning i 2-pakning (40 x 60 cm) - LYKKETEGNING ILLUSTRAT\u00d8R","og_description":"Gjesteh\u00e5ndkl\u00e6r fra Lykketegning i 2-pakning (40 x 60 cm). Velg mellom flere farger og koselige tekster \u2013 perfekte til badet eller som gave.","og_url":"https:\/\/lykketegningtest.wp3.hcweb.dev\/en\/product\/gjestehandklaer-fra-lykketegning-i-2-pakning-40-x-60-cm\/","og_site_name":"LYKKETEGNING ILLUSTRAT\u00d8R","article_publisher":"https:\/\/www.facebook.com\/lykketegning\/","article_modified_time":"2026-05-08T07:13:57+00:00","og_image":[{"width":683,"height":1024,"url":"https:\/\/www.lykketegning.no\/wp-content\/uploads\/2026\/03\/B5DFC5D6-FEB4-419C-B81A-7540E34F508B-1-683x1024.png","type":"image\/png"}],"twitter_card":"summary_large_image","twitter_misc":{"Estimated reading time":"3 minutes"},"schema":{"@context":"https:\/\/schema.org","@graph":[{"@type":"WebPage","@id":"https:\/\/lykketegningtest.wp3.hcweb.dev\/produkt\/gjestehandklaer-fra-lykketegning-i-2-pakning-40-x-60-cm\/","url":"https:\/\/lykketegningtest.wp3.hcweb.dev\/produkt\/gjestehandklaer-fra-lykketegning-i-2-pakning-40-x-60-cm\/","name":"Guest towels from Lykketegning in 2-pack (40 x 60 cm) - LYKKETEGNING ILLUSTRAT\u00d8R","isPartOf":{"@id":"https:\/\/lykketegningtest.wp3.hcweb.dev\/#website"},"primaryImageOfPage":{"@id":"https:\/\/lykketegningtest.wp3.hcweb.dev\/produkt\/gjestehandklaer-fra-lykketegning-i-2-pakning-40-x-60-cm\/#primaryimage"},"image":{"@id":"https:\/\/lykketegningtest.wp3.hcweb.dev\/produkt\/gjestehandklaer-fra-lykketegning-i-2-pakning-40-x-60-cm\/#primaryimage"},"thumbnailUrl":"https:\/\/lykketegningtest.wp3.hcweb.dev\/wp-content\/uploads\/2026\/03\/B5DFC5D6-FEB4-419C-B81A-7540E34F508B-1.png","datePublished":"2026-03-25T11:08:04+00:00","dateModified":"2026-05-08T07:13:57+00:00","description":"Guest towels from Lykketegning in a 2-pack (40 x 60 cm). Choose from several colours and cosy texts - perfect for the bathroom or as a gift.","breadcrumb":{"@id":"https:\/\/lykketegningtest.wp3.hcweb.dev\/produkt\/gjestehandklaer-fra-lykketegning-i-2-pakning-40-x-60-cm\/#breadcrumb"},"inLanguage":"en-GB","potentialAction":[{"@type":"ReadAction","target":["https:\/\/lykketegningtest.wp3.hcweb.dev\/produkt\/gjestehandklaer-fra-lykketegning-i-2-pakning-40-x-60-cm\/"]}]},{"@type":"ImageObject","inLanguage":"en-GB","@id":"https:\/\/lykketegningtest.wp3.hcweb.dev\/produkt\/gjestehandklaer-fra-lykketegning-i-2-pakning-40-x-60-cm\/#primaryimage","url":"https:\/\/lykketegningtest.wp3.hcweb.dev\/wp-content\/uploads\/2026\/03\/B5DFC5D6-FEB4-419C-B81A-7540E34F508B-1.png","contentUrl":"https:\/\/lykketegningtest.wp3.hcweb.dev\/wp-content\/uploads\/2026\/03\/B5DFC5D6-FEB4-419C-B81A-7540E34F508B-1.png","width":1024,"height":1536},{"@type":"BreadcrumbList","@id":"https:\/\/lykketegningtest.wp3.hcweb.dev\/produkt\/gjestehandklaer-fra-lykketegning-i-2-pakning-40-x-60-cm\/#breadcrumb","itemListElement":[{"@type":"ListItem","position":1,"name":"Hjem","item":"https:\/\/lykketegningtest.wp3.hcweb.dev\/"},{"@type":"ListItem","position":2,"name":"Shop","item":"https:\/\/lykketegningtest.wp3.hcweb.dev\/sv\/webbutik\/"},{"@type":"ListItem","position":3,"name":"Gjesteh\u00e5ndkl\u00e6r fra Lykketegning i 2-pakning (40 x 60 cm)"}]},{"@type":"WebSite","@id":"https:\/\/lykketegningtest.wp3.hcweb.dev\/#website","url":"https:\/\/lykketegningtest.wp3.hcweb.dev\/","name":"LUCKY DRAWING ILLUSTRATOR","description":"","publisher":{"@id":"https:\/\/lykketegningtest.wp3.hcweb.dev\/#organization"},"potentialAction":[{"@type":"SearchAction","target":{"@type":"EntryPoint","urlTemplate":"https:\/\/lykketegningtest.wp3.hcweb.dev\/?s={search_term_string}"},"query-input":{"@type":"PropertyValueSpecification","valueRequired":true,"valueName":"search_term_string"}}],"inLanguage":"en-GB"},{"@type":"Organization","@id":"https:\/\/lykketegningtest.wp3.hcweb.dev\/#organization","name":"LUCKY DRAWING ILLUSTRATOR","url":"https:\/\/lykketegningtest.wp3.hcweb.dev\/","logo":{"@type":"ImageObject","inLanguage":"en-GB","@id":"https:\/\/lykketegningtest.wp3.hcweb.dev\/#\/schema\/logo\/image\/","url":"https:\/\/lykketegningtest.wp3.hcweb.dev\/wp-content\/uploads\/2020\/03\/Logo2020_h400px.jpg","contentUrl":"https:\/\/lykketegningtest.wp3.hcweb.dev\/wp-content\/uploads\/2020\/03\/Logo2020_h400px.jpg","width":1024,"height":400,"caption":"LYKKETEGNING ILLUSTRAT\u00d8R"},"image":{"@id":"https:\/\/lykketegningtest.wp3.hcweb.dev\/#\/schema\/logo\/image\/"},"sameAs":["https:\/\/www.facebook.com\/lykketegning\/","https:\/\/www.instagram.com\/lykketegning\/","https:\/\/www.youtube.com\/@lykketegningillustrations","https:\/\/www.tiktok.com\/@lykketegningillustration"]}]}},"_links":{"self":[{"href":"https:\/\/lykketegningtest.wp3.hcweb.dev\/en\/wp-json\/wp\/v2\/product\/42439","targetHints":{"allow":["GET"]}}],"collection":[{"href":"https:\/\/lykketegningtest.wp3.hcweb.dev\/en\/wp-json\/wp\/v2\/product"}],"about":[{"href":"https:\/\/lykketegningtest.wp3.hcweb.dev\/en\/wp-json\/wp\/v2\/types\/product"}],"replies":[{"embeddable":true,"href":"https:\/\/lykketegningtest.wp3.hcweb.dev\/en\/wp-json\/wp\/v2\/comments?post=42439"}],"wp:featuredmedia":[{"embeddable":true,"href":"https:\/\/lykketegningtest.wp3.hcweb.dev\/en\/wp-json\/wp\/v2\/media\/42445"}],"wp:attachment":[{"href":"https:\/\/lykketegningtest.wp3.hcweb.dev\/en\/wp-json\/wp\/v2\/media?parent=42439"}],"wp:term":[{"taxonomy":"product_brand","embeddable":true,"href":"https:\/\/lykketegningtest.wp3.hcweb.dev\/en\/wp-json\/wp\/v2\/product_brand?post=42439"},{"taxonomy":"product_cat","embeddable":true,"href":"https:\/\/lykketegningtest.wp3.hcweb.dev\/en\/wp-json\/wp\/v2\/product_cat?post=42439"},{"taxonomy":"product_tag","embeddable":true,"href":"https:\/\/lykketegningtest.wp3.hcweb.dev\/en\/wp-json\/wp\/v2\/product_tag?post=42439"}],"curies":[{"name":"wp","href":"https:\/\/api.w.org\/{rel}","templated":true}]}}