{"id":11992,"date":"2019-08-20T14:07:31","date_gmt":"2019-08-20T12:07:31","guid":{"rendered":"https:\/\/www-lykketegning.wp3.hcweb.dev\/?page_id=11992"},"modified":"2025-03-04T13:16:47","modified_gmt":"2025-03-04T12:16:47","slug":"english","status":"publish","type":"page","link":"https:\/\/lykketegningtest.wp3.hcweb.dev\/es\/english\/","title":{"rendered":"Ingl\u00e9s"},"content":{"rendered":"<h1>\n\t\tInformaci\u00f3n en ingl\u00e9s\n\t<\/h1>\n\t\t\t\t<img decoding=\"async\" src=\"https:\/\/lykketegningtest.wp3.hcweb.dev\/wp-content\/uploads\/2024\/04\/19-Ingebjorg-Exposure358.jpeg\" alt=\"19 Ingebj\u00f8rg-Exposure358\" itemprop=\"image\" height=\"866\" width=\"1280\" title=\"19 Ingebj\u00f8rg-Exposure358\" onerror=\"this.style.display='none'\"  \/>\n\t<p>\u00abAt Lykketegning all illustrations are created with love and care. By using bright colors, clean lines, and good citations, Lykketegning hopes to make you stop what you are doing, take a deep breathe and then continue on a good path. I give you the hearts and smiles to remind you that you are great!\u00bb<\/p>\n<p>Adem\u00e1s de mis dibujos personalizados, tengo a la venta otros dibujos, tazas y camisetas con mi obra. Para m\u00e1s informaci\u00f3n sobre m\u00ed y Lykketegning, visite <a href=\"https:\/\/lykketegningtest.wp3.hcweb.dev\/es\/\">happydrawing.no<\/a> o s\u00edguenos en Instagram y Facebook en @lykketegning.<\/p>\n<p>If you have any questions don&#8217;t hesitate to contact me : <a href=\"mailto:post@lykketegning.no\">post@lykketegning.no<\/a><\/p>\n<p>He intentado recopilar algunos de mis productos en este cat\u00e1logo. \u00bfEst\u00e1 interesado en convertirse en un comerciante al por menor, <a href=\"https:\/\/issuu.com\/lykketegning\/docs\/lykketegning.no-3\">p\u00f3ngase en contacto conmigo por correo o tel\u00e9fono. Que tenga un buen d\u00eda. \u00a0 \u00a0 \u00a0 \u00a0 <\/a><\/p>\n\t\t\t<a href=\"\" target=\"_self\">\n\t\t\t\t\t\t\tVer el cat\u00e1logo\n\t\t\t<\/a>","protected":false},"excerpt":{"rendered":"<p>Informaci\u00f3n en ingl\u00e9s \"En Lykketegning todas las ilustraciones se crean con amor y cuidado. Usando colores brillantes, l\u00edneas limpias y buenas citas, Lykketegning espera hacerte parar lo que est\u00e1s haciendo, respirar hondo y continuar por un buen camino. Te regalo corazones y sonrisas para recordarte que...<\/p>","protected":false},"author":2008,"featured_media":0,"parent":0,"menu_order":0,"comment_status":"closed","ping_status":"closed","template":"","meta":{"footnotes":""},"class_list":["post-11992","page","type-page","status-publish","hentry"],"yoast_head":"<!-- This site is optimized with the Yoast SEO plugin v27.6 - https:\/\/yoast.com\/product\/yoast-seo-wordpress\/ -->\n<title>English - LYKKETEGNING ILLUSTRAT\u00d8R<\/title>\n<meta name=\"robots\" content=\"noindex, follow, max-snippet:-1, max-image-preview:large, max-video-preview:-1\" \/>\n<meta property=\"og:locale\" content=\"es_ES\" \/>\n<meta property=\"og:type\" content=\"article\" \/>\n<meta property=\"og:title\" content=\"English - LYKKETEGNING ILLUSTRAT\u00d8R\" \/>\n<meta property=\"og:description\" content=\"Information in English \u00abAt Lykketegning all illustrations are created with love and care. By using bright colors, clean lines, and good citations, Lykketegning hopes to make you stop what you are doing, take a deep breathe and then continue on a good path. I give you the hearts and smiles to remind you that you&hellip;\" \/>\n<meta property=\"og:url\" content=\"https:\/\/lykketegningtest.wp3.hcweb.dev\/es\/english\/\" \/>\n<meta property=\"og:site_name\" content=\"LYKKETEGNING ILLUSTRAT\u00d8R\" \/>\n<meta property=\"article:publisher\" content=\"https:\/\/www.facebook.com\/lykketegning\/\" \/>\n<meta property=\"article:modified_time\" content=\"2025-03-04T12:16:47+00:00\" \/>\n<meta property=\"og:image\" content=\"https:\/\/lykketegningtest.wp3.hcweb.dev\/wp-content\/uploads\/2024\/04\/19-Ingebjorg-Exposure358.jpeg\" \/>\n<meta name=\"twitter:card\" content=\"summary_large_image\" \/>\n<meta name=\"twitter:label1\" content=\"Tiempo de lectura\" \/>\n\t<meta name=\"twitter:data1\" content=\"1 minuto\" \/>\n<script type=\"application\/ld+json\" class=\"yoast-schema-graph\">{\"@context\":\"https:\\\/\\\/schema.org\",\"@graph\":[{\"@type\":\"WebPage\",\"@id\":\"https:\\\/\\\/lykketegningtest.wp3.hcweb.dev\\\/english\\\/\",\"url\":\"https:\\\/\\\/lykketegningtest.wp3.hcweb.dev\\\/english\\\/\",\"name\":\"English - LYKKETEGNING ILLUSTRAT\u00d8R\",\"isPartOf\":{\"@id\":\"https:\\\/\\\/lykketegningtest.wp3.hcweb.dev\\\/#website\"},\"primaryImageOfPage\":{\"@id\":\"https:\\\/\\\/lykketegningtest.wp3.hcweb.dev\\\/english\\\/#primaryimage\"},\"image\":{\"@id\":\"https:\\\/\\\/lykketegningtest.wp3.hcweb.dev\\\/english\\\/#primaryimage\"},\"thumbnailUrl\":\"https:\\\/\\\/lykketegningtest.wp3.hcweb.dev\\\/wp-content\\\/uploads\\\/2024\\\/04\\\/19-Ingebjorg-Exposure358.jpeg\",\"datePublished\":\"2019-08-20T12:07:31+00:00\",\"dateModified\":\"2025-03-04T12:16:47+00:00\",\"breadcrumb\":{\"@id\":\"https:\\\/\\\/lykketegningtest.wp3.hcweb.dev\\\/english\\\/#breadcrumb\"},\"inLanguage\":\"es\",\"potentialAction\":[{\"@type\":\"ReadAction\",\"target\":[\"https:\\\/\\\/lykketegningtest.wp3.hcweb.dev\\\/english\\\/\"]}]},{\"@type\":\"ImageObject\",\"inLanguage\":\"es\",\"@id\":\"https:\\\/\\\/lykketegningtest.wp3.hcweb.dev\\\/english\\\/#primaryimage\",\"url\":\"https:\\\/\\\/lykketegningtest.wp3.hcweb.dev\\\/wp-content\\\/uploads\\\/2024\\\/04\\\/19-Ingebjorg-Exposure358.jpeg\",\"contentUrl\":\"https:\\\/\\\/lykketegningtest.wp3.hcweb.dev\\\/wp-content\\\/uploads\\\/2024\\\/04\\\/19-Ingebjorg-Exposure358.jpeg\"},{\"@type\":\"BreadcrumbList\",\"@id\":\"https:\\\/\\\/lykketegningtest.wp3.hcweb.dev\\\/english\\\/#breadcrumb\",\"itemListElement\":[{\"@type\":\"ListItem\",\"position\":1,\"name\":\"Hjem\",\"item\":\"https:\\\/\\\/lykketegningtest.wp3.hcweb.dev\\\/\"},{\"@type\":\"ListItem\",\"position\":2,\"name\":\"English\"}]},{\"@type\":\"WebSite\",\"@id\":\"https:\\\/\\\/lykketegningtest.wp3.hcweb.dev\\\/#website\",\"url\":\"https:\\\/\\\/lykketegningtest.wp3.hcweb.dev\\\/\",\"name\":\"LYKKETEGNING ILLUSTRAT\u00d8R\",\"description\":\"\",\"publisher\":{\"@id\":\"https:\\\/\\\/lykketegningtest.wp3.hcweb.dev\\\/#organization\"},\"potentialAction\":[{\"@type\":\"SearchAction\",\"target\":{\"@type\":\"EntryPoint\",\"urlTemplate\":\"https:\\\/\\\/lykketegningtest.wp3.hcweb.dev\\\/?s={search_term_string}\"},\"query-input\":{\"@type\":\"PropertyValueSpecification\",\"valueRequired\":true,\"valueName\":\"search_term_string\"}}],\"inLanguage\":\"es\"},{\"@type\":\"Organization\",\"@id\":\"https:\\\/\\\/lykketegningtest.wp3.hcweb.dev\\\/#organization\",\"name\":\"LYKKETEGNING ILLUSTRAT\u00d8R\",\"url\":\"https:\\\/\\\/lykketegningtest.wp3.hcweb.dev\\\/\",\"logo\":{\"@type\":\"ImageObject\",\"inLanguage\":\"es\",\"@id\":\"https:\\\/\\\/lykketegningtest.wp3.hcweb.dev\\\/#\\\/schema\\\/logo\\\/image\\\/\",\"url\":\"https:\\\/\\\/lykketegningtest.wp3.hcweb.dev\\\/wp-content\\\/uploads\\\/2020\\\/03\\\/Logo2020_h400px.jpg\",\"contentUrl\":\"https:\\\/\\\/lykketegningtest.wp3.hcweb.dev\\\/wp-content\\\/uploads\\\/2020\\\/03\\\/Logo2020_h400px.jpg\",\"width\":1024,\"height\":400,\"caption\":\"LYKKETEGNING ILLUSTRAT\u00d8R\"},\"image\":{\"@id\":\"https:\\\/\\\/lykketegningtest.wp3.hcweb.dev\\\/#\\\/schema\\\/logo\\\/image\\\/\"},\"sameAs\":[\"https:\\\/\\\/www.facebook.com\\\/lykketegning\\\/\",\"https:\\\/\\\/www.instagram.com\\\/lykketegning\\\/\",\"https:\\\/\\\/www.youtube.com\\\/@lykketegningillustrations\",\"https:\\\/\\\/www.tiktok.com\\\/@lykketegningillustration\"]}]}<\/script>\n<!-- \/ Yoast SEO plugin. -->","yoast_head_json":{"title":"Espa\u00f1ol - HAPPY DRAWING ILLUSTRATOR","robots":{"index":"noindex","follow":"follow","max-snippet":"max-snippet:-1","max-image-preview":"max-image-preview:large","max-video-preview":"max-video-preview:-1"},"og_locale":"es_ES","og_type":"article","og_title":"English - LYKKETEGNING ILLUSTRAT\u00d8R","og_description":"Information in English \u00abAt Lykketegning all illustrations are created with love and care. By using bright colors, clean lines, and good citations, Lykketegning hopes to make you stop what you are doing, take a deep breathe and then continue on a good path. I give you the hearts and smiles to remind you that you&hellip;","og_url":"https:\/\/lykketegningtest.wp3.hcweb.dev\/es\/english\/","og_site_name":"LYKKETEGNING ILLUSTRAT\u00d8R","article_publisher":"https:\/\/www.facebook.com\/lykketegning\/","article_modified_time":"2025-03-04T12:16:47+00:00","og_image":[{"url":"https:\/\/lykketegningtest.wp3.hcweb.dev\/wp-content\/uploads\/2024\/04\/19-Ingebjorg-Exposure358.jpeg","type":"","width":"","height":""}],"twitter_card":"summary_large_image","twitter_misc":{"Tiempo de lectura":"1 minuto"},"schema":{"@context":"https:\/\/schema.org","@graph":[{"@type":"WebPage","@id":"https:\/\/lykketegningtest.wp3.hcweb.dev\/english\/","url":"https:\/\/lykketegningtest.wp3.hcweb.dev\/english\/","name":"Espa\u00f1ol - HAPPY DRAWING ILLUSTRATOR","isPartOf":{"@id":"https:\/\/lykketegningtest.wp3.hcweb.dev\/#website"},"primaryImageOfPage":{"@id":"https:\/\/lykketegningtest.wp3.hcweb.dev\/english\/#primaryimage"},"image":{"@id":"https:\/\/lykketegningtest.wp3.hcweb.dev\/english\/#primaryimage"},"thumbnailUrl":"https:\/\/lykketegningtest.wp3.hcweb.dev\/wp-content\/uploads\/2024\/04\/19-Ingebjorg-Exposure358.jpeg","datePublished":"2019-08-20T12:07:31+00:00","dateModified":"2025-03-04T12:16:47+00:00","breadcrumb":{"@id":"https:\/\/lykketegningtest.wp3.hcweb.dev\/english\/#breadcrumb"},"inLanguage":"es","potentialAction":[{"@type":"ReadAction","target":["https:\/\/lykketegningtest.wp3.hcweb.dev\/english\/"]}]},{"@type":"ImageObject","inLanguage":"es","@id":"https:\/\/lykketegningtest.wp3.hcweb.dev\/english\/#primaryimage","url":"https:\/\/lykketegningtest.wp3.hcweb.dev\/wp-content\/uploads\/2024\/04\/19-Ingebjorg-Exposure358.jpeg","contentUrl":"https:\/\/lykketegningtest.wp3.hcweb.dev\/wp-content\/uploads\/2024\/04\/19-Ingebjorg-Exposure358.jpeg"},{"@type":"BreadcrumbList","@id":"https:\/\/lykketegningtest.wp3.hcweb.dev\/english\/#breadcrumb","itemListElement":[{"@type":"ListItem","position":1,"name":"Hjem","item":"https:\/\/lykketegningtest.wp3.hcweb.dev\/"},{"@type":"ListItem","position":2,"name":"English"}]},{"@type":"WebSite","@id":"https:\/\/lykketegningtest.wp3.hcweb.dev\/#website","url":"https:\/\/lykketegningtest.wp3.hcweb.dev\/","name":"SUERTE DIBUJO ILUSTRADOR","description":"","publisher":{"@id":"https:\/\/lykketegningtest.wp3.hcweb.dev\/#organization"},"potentialAction":[{"@type":"SearchAction","target":{"@type":"EntryPoint","urlTemplate":"https:\/\/lykketegningtest.wp3.hcweb.dev\/?s={search_term_string}"},"query-input":{"@type":"PropertyValueSpecification","valueRequired":true,"valueName":"search_term_string"}}],"inLanguage":"es"},{"@type":"Organization","@id":"https:\/\/lykketegningtest.wp3.hcweb.dev\/#organization","name":"SUERTE DIBUJO ILUSTRADOR","url":"https:\/\/lykketegningtest.wp3.hcweb.dev\/","logo":{"@type":"ImageObject","inLanguage":"es","@id":"https:\/\/lykketegningtest.wp3.hcweb.dev\/#\/schema\/logo\/image\/","url":"https:\/\/lykketegningtest.wp3.hcweb.dev\/wp-content\/uploads\/2020\/03\/Logo2020_h400px.jpg","contentUrl":"https:\/\/lykketegningtest.wp3.hcweb.dev\/wp-content\/uploads\/2020\/03\/Logo2020_h400px.jpg","width":1024,"height":400,"caption":"LYKKETEGNING ILLUSTRAT\u00d8R"},"image":{"@id":"https:\/\/lykketegningtest.wp3.hcweb.dev\/#\/schema\/logo\/image\/"},"sameAs":["https:\/\/www.facebook.com\/lykketegning\/","https:\/\/www.instagram.com\/lykketegning\/","https:\/\/www.youtube.com\/@lykketegningillustrations","https:\/\/www.tiktok.com\/@lykketegningillustration"]}]}},"_links":{"self":[{"href":"https:\/\/lykketegningtest.wp3.hcweb.dev\/es\/wp-json\/wp\/v2\/pages\/11992","targetHints":{"allow":["GET"]}}],"collection":[{"href":"https:\/\/lykketegningtest.wp3.hcweb.dev\/es\/wp-json\/wp\/v2\/pages"}],"about":[{"href":"https:\/\/lykketegningtest.wp3.hcweb.dev\/es\/wp-json\/wp\/v2\/types\/page"}],"author":[{"embeddable":true,"href":"https:\/\/lykketegningtest.wp3.hcweb.dev\/es\/wp-json\/wp\/v2\/users\/2008"}],"replies":[{"embeddable":true,"href":"https:\/\/lykketegningtest.wp3.hcweb.dev\/es\/wp-json\/wp\/v2\/comments?post=11992"}],"version-history":[{"count":0,"href":"https:\/\/lykketegningtest.wp3.hcweb.dev\/es\/wp-json\/wp\/v2\/pages\/11992\/revisions"}],"wp:attachment":[{"href":"https:\/\/lykketegningtest.wp3.hcweb.dev\/es\/wp-json\/wp\/v2\/media?parent=11992"}],"curies":[{"name":"wp","href":"https:\/\/api.w.org\/{rel}","templated":true}]}}