{"id":30224,"date":"2021-01-14T19:55:44","date_gmt":"2021-01-14T18:55:44","guid":{"rendered":"https:\/\/www-lykketegning.wp3.hcweb.dev\/?post_type=product&#038;p=30224"},"modified":"2024-05-02T11:17:19","modified_gmt":"2024-05-02T09:17:19","slug":"kosedress-pust-hettegenser-og-bukse","status":"publish","type":"product","link":"https:\/\/lykketegningtest.wp3.hcweb.dev\/es\/producto\/kosedress-pust-hettegenser-og-bukse\/","title":{"rendered":"Traje de peluche \"Pust\" Sudadera con capucha y pantal\u00f3n"},"content":{"rendered":"<p>\u00bfOficina en casa, fin de semana, despu\u00e9s del entrenamiento? Entonces es agradable meterse en un buen traje acogedor. Las sudaderas con capucha y los pantalones del mismo color se pueden pedir aqu\u00ed.<\/p>\n<p>\u00bfTe gustar\u00eda este c\u00f3modo jersey con capucha y pantal\u00f3n? Elige entre diferentes colores y respira.<\/p>\n<p>Unisex. Adecuado para \u00e9l y para ella.<\/p>\n<p>&nbsp;<\/p>\n<p>Plazo de entrega de 2 semanas. El art\u00edculo no se puede cambiar, ya que los jers\u00e9is se encargan seg\u00fan la talla y el dise\u00f1o deseados.<\/p>\n<p>65% poli\u00e9ster, 35% algod\u00f3n<\/p>\n<p>280 g\/m2<\/p>\n<p>No secar en secadora.<\/p>","protected":false},"excerpt":{"rendered":"<p>\u00bfOficina en casa, fin de semana, despu\u00e9s del entrenamiento? Entonces es agradable meterse en un buen traje acogedor. Las sudaderas con capucha y los pantalones del mismo color se pueden pedir aqu\u00ed.<\/p>\n<p>\u00bfTe gustar\u00eda este c\u00f3modo jersey con capucha y pantal\u00f3n? Elige entre diferentes colores y respira.<\/p>\n<p>Unisex. Adecuado para \u00e9l y para ella. El art\u00edculo no se puede cambiar, ya que los jers\u00e9is se encargan seg\u00fan la talla y el dise\u00f1o deseados.<\/p>\n<p>&nbsp;<\/p>\n<p>2 semanas de plazo de entrega<\/p>\n<p>65% poli\u00e9ster, 35% algod\u00f3n<\/p>\n<p>280 g\/m2<\/p>\n<p>No secar en secadora.<\/p>\n<p>&nbsp;<\/p>","protected":false},"featured_media":30255,"comment_status":"open","ping_status":"closed","template":"","meta":[],"product_brand":[],"product_cat":[202,169],"product_tag":[237,205,203,204,236],"class_list":{"0":"post-30224","1":"product","2":"type-product","3":"status-publish","4":"has-post-thumbnail","6":"product_cat-klaer-med-trykk","7":"product_cat-trykk","8":"product_tag-bukse","9":"product_tag-genser","10":"product_tag-hettegenser","11":"product_tag-hoodie","12":"product_tag-kosedress","14":"first","15":"instock","16":"taxable","17":"shipping-taxable","18":"purchasable","19":"product-type-variable"},"yoast_head":"<!-- This site is optimized with the Yoast SEO plugin v27.5 - https:\/\/yoast.com\/product\/yoast-seo-wordpress\/ -->\n<title>Kosedress &quot;Pust&quot; Hettegenser og bukse - LYKKETEGNING ILLUSTRAT\u00d8R<\/title>\n<meta name=\"robots\" content=\"noindex, follow, max-snippet:-1, max-image-preview:large, max-video-preview:-1\" \/>\n<meta property=\"og:locale\" content=\"es_ES\" \/>\n<meta property=\"og:type\" content=\"article\" \/>\n<meta property=\"og:title\" content=\"Kosedress &quot;Pust&quot; Hettegenser og bukse - LYKKETEGNING ILLUSTRAT\u00d8R\" \/>\n<meta property=\"og:description\" content=\"Hjemmekontor, helg, etter treningstid? Da er det deilig \u00e5 krype inn i en god kosedress. Hettegenser og bukse i samme farge kan bestilles her.  Would you like this comfy sweater with hoodie and trousers? Choose between different colors and breathe.  Unisex. Passer til han og henne.\u00a0Varen kan ikke byttes da det blir bestilt gensere etter \u00f8nsket str og motiv.  &nbsp;  2 ukers leveringstid  65% polyester, 35% cotton  280 g\/m2  Do not tumble dry.  &nbsp;\" \/>\n<meta property=\"og:url\" content=\"https:\/\/lykketegningtest.wp3.hcweb.dev\/es\/producto\/kosedress-pust-hettegenser-og-bukse\/\" \/>\n<meta property=\"og:site_name\" content=\"LYKKETEGNING ILLUSTRAT\u00d8R\" \/>\n<meta property=\"article:publisher\" content=\"https:\/\/www.facebook.com\/lykketegning\/\" \/>\n<meta property=\"article:modified_time\" content=\"2024-05-02T09:17:19+00:00\" \/>\n<meta property=\"og:image\" content=\"https:\/\/www.lykketegning.no\/wp-content\/uploads\/2021\/01\/IMG_1633-2-scaled.jpg\" \/>\n\t<meta property=\"og:image:width\" content=\"1535\" \/>\n\t<meta property=\"og:image:height\" content=\"2560\" \/>\n\t<meta property=\"og:image:type\" content=\"image\/jpeg\" \/>\n<meta name=\"twitter:card\" content=\"summary_large_image\" \/>\n<meta name=\"twitter:label1\" content=\"Tiempo de lectura\" \/>\n\t<meta name=\"twitter:data1\" content=\"1 minuto\" \/>\n<script type=\"application\/ld+json\" class=\"yoast-schema-graph\">{\"@context\":\"https:\\\/\\\/schema.org\",\"@graph\":[{\"@type\":\"WebPage\",\"@id\":\"https:\\\/\\\/lykketegningtest.wp3.hcweb.dev\\\/produkt\\\/kosedress-pust-hettegenser-og-bukse\\\/\",\"url\":\"https:\\\/\\\/lykketegningtest.wp3.hcweb.dev\\\/produkt\\\/kosedress-pust-hettegenser-og-bukse\\\/\",\"name\":\"Kosedress \\\"Pust\\\" Hettegenser og bukse - LYKKETEGNING ILLUSTRAT\u00d8R\",\"isPartOf\":{\"@id\":\"https:\\\/\\\/lykketegningtest.wp3.hcweb.dev\\\/#website\"},\"primaryImageOfPage\":{\"@id\":\"https:\\\/\\\/lykketegningtest.wp3.hcweb.dev\\\/produkt\\\/kosedress-pust-hettegenser-og-bukse\\\/#primaryimage\"},\"image\":{\"@id\":\"https:\\\/\\\/lykketegningtest.wp3.hcweb.dev\\\/produkt\\\/kosedress-pust-hettegenser-og-bukse\\\/#primaryimage\"},\"thumbnailUrl\":\"https:\\\/\\\/lykketegningtest.wp3.hcweb.dev\\\/wp-content\\\/uploads\\\/2021\\\/01\\\/IMG_1633-2-scaled.jpg\",\"datePublished\":\"2021-01-14T18:55:44+00:00\",\"dateModified\":\"2024-05-02T09:17:19+00:00\",\"breadcrumb\":{\"@id\":\"https:\\\/\\\/lykketegningtest.wp3.hcweb.dev\\\/produkt\\\/kosedress-pust-hettegenser-og-bukse\\\/#breadcrumb\"},\"inLanguage\":\"es\",\"potentialAction\":[{\"@type\":\"ReadAction\",\"target\":[\"https:\\\/\\\/lykketegningtest.wp3.hcweb.dev\\\/produkt\\\/kosedress-pust-hettegenser-og-bukse\\\/\"]}]},{\"@type\":\"ImageObject\",\"inLanguage\":\"es\",\"@id\":\"https:\\\/\\\/lykketegningtest.wp3.hcweb.dev\\\/produkt\\\/kosedress-pust-hettegenser-og-bukse\\\/#primaryimage\",\"url\":\"https:\\\/\\\/lykketegningtest.wp3.hcweb.dev\\\/wp-content\\\/uploads\\\/2021\\\/01\\\/IMG_1633-2-scaled.jpg\",\"contentUrl\":\"https:\\\/\\\/lykketegningtest.wp3.hcweb.dev\\\/wp-content\\\/uploads\\\/2021\\\/01\\\/IMG_1633-2-scaled.jpg\",\"width\":1535,\"height\":2560,\"caption\":\"Kosedress\"},{\"@type\":\"BreadcrumbList\",\"@id\":\"https:\\\/\\\/lykketegningtest.wp3.hcweb.dev\\\/produkt\\\/kosedress-pust-hettegenser-og-bukse\\\/#breadcrumb\",\"itemListElement\":[{\"@type\":\"ListItem\",\"position\":1,\"name\":\"Hjem\",\"item\":\"https:\\\/\\\/lykketegningtest.wp3.hcweb.dev\\\/\"},{\"@type\":\"ListItem\",\"position\":2,\"name\":\"Shop\",\"item\":\"https:\\\/\\\/lykketegningtest.wp3.hcweb.dev\\\/sv\\\/webbutik\\\/\"},{\"@type\":\"ListItem\",\"position\":3,\"name\":\"Kosedress &#8220;Pust&#8221; Hettegenser og bukse\"}]},{\"@type\":\"WebSite\",\"@id\":\"https:\\\/\\\/lykketegningtest.wp3.hcweb.dev\\\/#website\",\"url\":\"https:\\\/\\\/lykketegningtest.wp3.hcweb.dev\\\/\",\"name\":\"LYKKETEGNING ILLUSTRAT\u00d8R\",\"description\":\"\",\"publisher\":{\"@id\":\"https:\\\/\\\/lykketegningtest.wp3.hcweb.dev\\\/#organization\"},\"potentialAction\":[{\"@type\":\"SearchAction\",\"target\":{\"@type\":\"EntryPoint\",\"urlTemplate\":\"https:\\\/\\\/lykketegningtest.wp3.hcweb.dev\\\/?s={search_term_string}\"},\"query-input\":{\"@type\":\"PropertyValueSpecification\",\"valueRequired\":true,\"valueName\":\"search_term_string\"}}],\"inLanguage\":\"es\"},{\"@type\":\"Organization\",\"@id\":\"https:\\\/\\\/lykketegningtest.wp3.hcweb.dev\\\/#organization\",\"name\":\"LYKKETEGNING ILLUSTRAT\u00d8R\",\"url\":\"https:\\\/\\\/lykketegningtest.wp3.hcweb.dev\\\/\",\"logo\":{\"@type\":\"ImageObject\",\"inLanguage\":\"es\",\"@id\":\"https:\\\/\\\/lykketegningtest.wp3.hcweb.dev\\\/#\\\/schema\\\/logo\\\/image\\\/\",\"url\":\"https:\\\/\\\/lykketegningtest.wp3.hcweb.dev\\\/wp-content\\\/uploads\\\/2020\\\/03\\\/Logo2020_h400px.jpg\",\"contentUrl\":\"https:\\\/\\\/lykketegningtest.wp3.hcweb.dev\\\/wp-content\\\/uploads\\\/2020\\\/03\\\/Logo2020_h400px.jpg\",\"width\":1024,\"height\":400,\"caption\":\"LYKKETEGNING ILLUSTRAT\u00d8R\"},\"image\":{\"@id\":\"https:\\\/\\\/lykketegningtest.wp3.hcweb.dev\\\/#\\\/schema\\\/logo\\\/image\\\/\"},\"sameAs\":[\"https:\\\/\\\/www.facebook.com\\\/lykketegning\\\/\",\"https:\\\/\\\/www.instagram.com\\\/lykketegning\\\/\",\"https:\\\/\\\/www.youtube.com\\\/@lykketegningillustrations\",\"https:\\\/\\\/www.tiktok.com\\\/@lykketegningillustration\"]}]}<\/script>\n<!-- \/ Yoast SEO plugin. -->","yoast_head_json":{"title":"Traje de peluche \"Pust\" Sudadera con capucha y pantal\u00f3n - LYKKETEGNING ILLUSTRAT\u00d8R","robots":{"index":"noindex","follow":"follow","max-snippet":"max-snippet:-1","max-image-preview":"max-image-preview:large","max-video-preview":"max-video-preview:-1"},"og_locale":"es_ES","og_type":"article","og_title":"Kosedress \"Pust\" Hettegenser og bukse - LYKKETEGNING ILLUSTRAT\u00d8R","og_description":"Hjemmekontor, helg, etter treningstid? Da er det deilig \u00e5 krype inn i en god kosedress. Hettegenser og bukse i samme farge kan bestilles her.  Would you like this comfy sweater with hoodie and trousers? Choose between different colors and breathe.  Unisex. Passer til han og henne.\u00a0Varen kan ikke byttes da det blir bestilt gensere etter \u00f8nsket str og motiv.  &nbsp;  2 ukers leveringstid  65% polyester, 35% cotton  280 g\/m2  Do not tumble dry.  &nbsp;","og_url":"https:\/\/lykketegningtest.wp3.hcweb.dev\/es\/producto\/kosedress-pust-hettegenser-og-bukse\/","og_site_name":"LYKKETEGNING ILLUSTRAT\u00d8R","article_publisher":"https:\/\/www.facebook.com\/lykketegning\/","article_modified_time":"2024-05-02T09:17:19+00:00","og_image":[{"width":1535,"height":2560,"url":"https:\/\/www.lykketegning.no\/wp-content\/uploads\/2021\/01\/IMG_1633-2-scaled.jpg","type":"image\/jpeg"}],"twitter_card":"summary_large_image","twitter_misc":{"Tiempo de lectura":"1 minuto"},"schema":{"@context":"https:\/\/schema.org","@graph":[{"@type":"WebPage","@id":"https:\/\/lykketegningtest.wp3.hcweb.dev\/produkt\/kosedress-pust-hettegenser-og-bukse\/","url":"https:\/\/lykketegningtest.wp3.hcweb.dev\/produkt\/kosedress-pust-hettegenser-og-bukse\/","name":"Traje de peluche \"Pust\" Sudadera con capucha y pantal\u00f3n - LYKKETEGNING ILLUSTRAT\u00d8R","isPartOf":{"@id":"https:\/\/lykketegningtest.wp3.hcweb.dev\/#website"},"primaryImageOfPage":{"@id":"https:\/\/lykketegningtest.wp3.hcweb.dev\/produkt\/kosedress-pust-hettegenser-og-bukse\/#primaryimage"},"image":{"@id":"https:\/\/lykketegningtest.wp3.hcweb.dev\/produkt\/kosedress-pust-hettegenser-og-bukse\/#primaryimage"},"thumbnailUrl":"https:\/\/lykketegningtest.wp3.hcweb.dev\/wp-content\/uploads\/2021\/01\/IMG_1633-2-scaled.jpg","datePublished":"2021-01-14T18:55:44+00:00","dateModified":"2024-05-02T09:17:19+00:00","breadcrumb":{"@id":"https:\/\/lykketegningtest.wp3.hcweb.dev\/produkt\/kosedress-pust-hettegenser-og-bukse\/#breadcrumb"},"inLanguage":"es","potentialAction":[{"@type":"ReadAction","target":["https:\/\/lykketegningtest.wp3.hcweb.dev\/produkt\/kosedress-pust-hettegenser-og-bukse\/"]}]},{"@type":"ImageObject","inLanguage":"es","@id":"https:\/\/lykketegningtest.wp3.hcweb.dev\/produkt\/kosedress-pust-hettegenser-og-bukse\/#primaryimage","url":"https:\/\/lykketegningtest.wp3.hcweb.dev\/wp-content\/uploads\/2021\/01\/IMG_1633-2-scaled.jpg","contentUrl":"https:\/\/lykketegningtest.wp3.hcweb.dev\/wp-content\/uploads\/2021\/01\/IMG_1633-2-scaled.jpg","width":1535,"height":2560,"caption":"Kosedress"},{"@type":"BreadcrumbList","@id":"https:\/\/lykketegningtest.wp3.hcweb.dev\/produkt\/kosedress-pust-hettegenser-og-bukse\/#breadcrumb","itemListElement":[{"@type":"ListItem","position":1,"name":"Hjem","item":"https:\/\/lykketegningtest.wp3.hcweb.dev\/"},{"@type":"ListItem","position":2,"name":"Shop","item":"https:\/\/lykketegningtest.wp3.hcweb.dev\/sv\/webbutik\/"},{"@type":"ListItem","position":3,"name":"Kosedress &#8220;Pust&#8221; Hettegenser og bukse"}]},{"@type":"WebSite","@id":"https:\/\/lykketegningtest.wp3.hcweb.dev\/#website","url":"https:\/\/lykketegningtest.wp3.hcweb.dev\/","name":"SUERTE DIBUJO ILUSTRADOR","description":"","publisher":{"@id":"https:\/\/lykketegningtest.wp3.hcweb.dev\/#organization"},"potentialAction":[{"@type":"SearchAction","target":{"@type":"EntryPoint","urlTemplate":"https:\/\/lykketegningtest.wp3.hcweb.dev\/?s={search_term_string}"},"query-input":{"@type":"PropertyValueSpecification","valueRequired":true,"valueName":"search_term_string"}}],"inLanguage":"es"},{"@type":"Organization","@id":"https:\/\/lykketegningtest.wp3.hcweb.dev\/#organization","name":"SUERTE DIBUJO ILUSTRADOR","url":"https:\/\/lykketegningtest.wp3.hcweb.dev\/","logo":{"@type":"ImageObject","inLanguage":"es","@id":"https:\/\/lykketegningtest.wp3.hcweb.dev\/#\/schema\/logo\/image\/","url":"https:\/\/lykketegningtest.wp3.hcweb.dev\/wp-content\/uploads\/2020\/03\/Logo2020_h400px.jpg","contentUrl":"https:\/\/lykketegningtest.wp3.hcweb.dev\/wp-content\/uploads\/2020\/03\/Logo2020_h400px.jpg","width":1024,"height":400,"caption":"LYKKETEGNING ILLUSTRAT\u00d8R"},"image":{"@id":"https:\/\/lykketegningtest.wp3.hcweb.dev\/#\/schema\/logo\/image\/"},"sameAs":["https:\/\/www.facebook.com\/lykketegning\/","https:\/\/www.instagram.com\/lykketegning\/","https:\/\/www.youtube.com\/@lykketegningillustrations","https:\/\/www.tiktok.com\/@lykketegningillustration"]}]}},"_links":{"self":[{"href":"https:\/\/lykketegningtest.wp3.hcweb.dev\/es\/wp-json\/wp\/v2\/product\/30224","targetHints":{"allow":["GET"]}}],"collection":[{"href":"https:\/\/lykketegningtest.wp3.hcweb.dev\/es\/wp-json\/wp\/v2\/product"}],"about":[{"href":"https:\/\/lykketegningtest.wp3.hcweb.dev\/es\/wp-json\/wp\/v2\/types\/product"}],"replies":[{"embeddable":true,"href":"https:\/\/lykketegningtest.wp3.hcweb.dev\/es\/wp-json\/wp\/v2\/comments?post=30224"}],"wp:featuredmedia":[{"embeddable":true,"href":"https:\/\/lykketegningtest.wp3.hcweb.dev\/es\/wp-json\/wp\/v2\/media\/30255"}],"wp:attachment":[{"href":"https:\/\/lykketegningtest.wp3.hcweb.dev\/es\/wp-json\/wp\/v2\/media?parent=30224"}],"wp:term":[{"taxonomy":"product_brand","embeddable":true,"href":"https:\/\/lykketegningtest.wp3.hcweb.dev\/es\/wp-json\/wp\/v2\/product_brand?post=30224"},{"taxonomy":"product_cat","embeddable":true,"href":"https:\/\/lykketegningtest.wp3.hcweb.dev\/es\/wp-json\/wp\/v2\/product_cat?post=30224"},{"taxonomy":"product_tag","embeddable":true,"href":"https:\/\/lykketegningtest.wp3.hcweb.dev\/es\/wp-json\/wp\/v2\/product_tag?post=30224"}],"curies":[{"name":"wp","href":"https:\/\/api.w.org\/{rel}","templated":true}]}}