{"id":3318,"date":"2017-08-01T00:52:55","date_gmt":"2017-07-31T22:52:55","guid":{"rendered":"https:\/\/www-lykketegning.wp3.hcweb.dev\/?post_type=product&#038;p=3318"},"modified":"2024-05-02T13:13:16","modified_gmt":"2024-05-02T11:13:16","slug":"lekker-lykke-t-skjorte-rosa","status":"publish","type":"product","link":"https:\/\/lykketegningtest.wp3.hcweb.dev\/es\/producto\/lekker-lykke-t-skjorte-rosa\/","title":{"rendered":"Camiseta Lekker Lykke (Rosa)"},"content":{"rendered":"<div class=\"page\" title=\"Page 1\">\n<div class=\"section\">\n<div class=\"layoutArea\">\n<div class=\"column\">\n<div class=\"layoutArea\">\n<div class=\"column\">\n<p>Lekker T-skjorte med trykk; &#8220;PUST. LIVET ER N\u00c5&#8221;. Rosa farge.<\/p>\n<p>St\u00f8rrelser <strong>byttes ikke<\/strong>.<\/p>\n<\/div>\n<\/div>\n<div class=\"layoutArea\">\n<div class=\"column\">\n<p>&nbsp;<\/p>\n<p>Vaskes p\u00e5 40 grader, m\u00e5 vrenges. Ikke t\u00f8rketrommel.<\/p>\n<\/div>\n<\/div>\n<p>Classic t-shirt. Forkrympet kjemmet bomull og ringspunnet garn, sides\u00f8mmer. Dobbeltkrage i elastan.<\/p>\n<\/div>\n<\/div>\n<div class=\"layoutArea\">\n<div class=\"column\">\n<p>KVALITET:<br \/>\n100% bomull (Visibility yellow og visibility orange [11\/170] 80% polyester, 20% bomull med sides\u00f8mmer, aske [92] 99% bomull, 1% viskose, gr\u00e5melert [95] 85% bomull, 15%. bl\u00e5melert og antrasittmelert [565\/955] 60% bomull, 40% polyester. viskose, antracite melange [955] 60% bomull, 40% polyester).<\/p>\n<\/div>\n<\/div>\n<div class=\"layoutArea\">\n<div class=\"column\">\n<p>Damer. Varen kan ikke byttes da det blir bestilt gensere etter \u00f8nsket str og motiv.<\/p>\n<p>&nbsp;<\/p>\n<p>Vekt: 160 g\/m2<\/p>\n<\/div>\n<\/div>\n<\/div>\n<\/div>\n","protected":false},"excerpt":{"rendered":"<div class=\"layoutArea\">\n<div class=\"column\">\n<div class=\"layoutArea\">\n<div class=\"column\">\n<p>Lekker T-skjorte med trykk; &#8220;PUST. LIVET ER N\u00c5&#8221;. Rosa farge.<\/p>\n<p>St\u00f8rrelser <strong>byttes ikke<\/strong>.<\/p>\n<\/div>\n<\/div>\n<div class=\"layoutArea\">\n<div class=\"column\">\n<p>&nbsp;<\/p>\n<p>Vaskes p\u00e5 40 grader, m\u00e5 vrenges. Ikke t\u00f8rketrommel.<\/p>\n<\/div>\n<\/div>\n<p>Forkrympet kjemmet bomull og ringspunnet garn, sides\u00f8mmer. Dobbeltkrage i elastan.<\/p>\n<\/div>\n<\/div>\n<div class=\"layoutArea\">\n<div class=\"column\">\n<p>KVALITET:<br \/>\n100% bomull (Visibility yellow og visibility orange [11\/170] 80% polyester, 20% bomull med sides\u00f8mmer, aske [92] 99% bomull, 1% viskose, gr\u00e5melert [95] 85% bomull, 15%. bl\u00e5melert og antrasittmelert [565\/955] 60% bomull, 40% polyester. viskose, antracite melange [955] 60% bomull, 40% polyester).<\/p>\n<\/div>\n<\/div>\n<div class=\"layoutArea\">\n<div class=\"column\">\n<p>Damer<br \/>\nVekt: 160 g\/m2<\/p>\n<\/div>\n<\/div>\n","protected":false},"featured_media":3336,"comment_status":"open","ping_status":"closed","template":"","meta":[],"product_brand":[],"product_cat":[202,169],"product_tag":[132,131,127,128],"class_list":{"0":"post-3318","1":"product","2":"type-product","3":"status-publish","4":"has-post-thumbnail","6":"product_cat-klaer-med-trykk","7":"product_cat-trykk","8":"product_tag-lykketskjorte","9":"product_tag-rosa","10":"product_tag-t-skjorte","11":"product_tag-tskjorte","13":"first","14":"instock","15":"taxable","16":"shipping-taxable","17":"purchasable","18":"product-type-variable"},"yoast_head":"<!-- This site is optimized with the Yoast SEO plugin v27.5 - https:\/\/yoast.com\/product\/yoast-seo-wordpress\/ -->\n<title>Lekker Lykke t-skjorte (Rosa) - LYKKETEGNING ILLUSTRAT\u00d8R<\/title>\n<meta name=\"robots\" content=\"noindex, follow, max-snippet:-1, max-image-preview:large, max-video-preview:-1\" \/>\n<meta property=\"og:locale\" content=\"es_ES\" \/>\n<meta property=\"og:type\" content=\"article\" \/>\n<meta property=\"og:title\" content=\"Lekker Lykke t-skjorte (Rosa) - LYKKETEGNING ILLUSTRAT\u00d8R\" \/>\n<meta property=\"og:description\" content=\"Lekker T-skjorte med trykk; &quot;PUST. LIVET ER N\u00c5&quot;. Rosa farge.  St\u00f8rrelser byttes ikke.       &nbsp;  Vaskes p\u00e5 40 grader, m\u00e5 vrenges. Ikke t\u00f8rketrommel.    Forkrympet kjemmet bomull og ringspunnet garn, sides\u00f8mmer. Dobbeltkrage i elastan.       KVALITET: 100% bomull (Visibility yellow og visibility orange [11\/170] 80% polyester, 20% bomull med sides\u00f8mmer, aske [92] 99% bomull, 1% viskose, gr\u00e5melert [95] 85% bomull, 15%. bl\u00e5melert og antrasittmelert [565\/955] 60% bomull, 40% polyester. viskose, antracite melange [955] 60% bomull, 40% polyester).       Damer Vekt: 160 g\/m2\" \/>\n<meta property=\"og:url\" content=\"https:\/\/lykketegningtest.wp3.hcweb.dev\/es\/producto\/lekker-lykke-t-skjorte-rosa\/\" \/>\n<meta property=\"og:site_name\" content=\"LYKKETEGNING ILLUSTRAT\u00d8R\" \/>\n<meta property=\"article:publisher\" content=\"https:\/\/www.facebook.com\/lykketegning\/\" \/>\n<meta property=\"article:modified_time\" content=\"2024-05-02T11:13:16+00:00\" \/>\n<meta property=\"og:image\" content=\"https:\/\/www.lykketegning.no\/wp-content\/uploads\/2017\/09\/fullsizeoutput_4525.jpeg\" \/>\n\t<meta property=\"og:image:width\" content=\"670\" \/>\n\t<meta property=\"og:image:height\" content=\"899\" \/>\n\t<meta property=\"og:image:type\" content=\"image\/jpeg\" \/>\n<meta name=\"twitter:card\" content=\"summary_large_image\" \/>\n<script type=\"application\/ld+json\" class=\"yoast-schema-graph\">{\"@context\":\"https:\\\/\\\/schema.org\",\"@graph\":[{\"@type\":\"WebPage\",\"@id\":\"https:\\\/\\\/lykketegningtest.wp3.hcweb.dev\\\/produkt\\\/lekker-lykke-t-skjorte-rosa\\\/\",\"url\":\"https:\\\/\\\/lykketegningtest.wp3.hcweb.dev\\\/produkt\\\/lekker-lykke-t-skjorte-rosa\\\/\",\"name\":\"Lekker Lykke t-skjorte (Rosa) - LYKKETEGNING ILLUSTRAT\u00d8R\",\"isPartOf\":{\"@id\":\"https:\\\/\\\/lykketegningtest.wp3.hcweb.dev\\\/#website\"},\"primaryImageOfPage\":{\"@id\":\"https:\\\/\\\/lykketegningtest.wp3.hcweb.dev\\\/produkt\\\/lekker-lykke-t-skjorte-rosa\\\/#primaryimage\"},\"image\":{\"@id\":\"https:\\\/\\\/lykketegningtest.wp3.hcweb.dev\\\/produkt\\\/lekker-lykke-t-skjorte-rosa\\\/#primaryimage\"},\"thumbnailUrl\":\"https:\\\/\\\/lykketegningtest.wp3.hcweb.dev\\\/wp-content\\\/uploads\\\/2017\\\/09\\\/fullsizeoutput_4525.jpeg\",\"datePublished\":\"2017-07-31T22:52:55+00:00\",\"dateModified\":\"2024-05-02T11:13:16+00:00\",\"breadcrumb\":{\"@id\":\"https:\\\/\\\/lykketegningtest.wp3.hcweb.dev\\\/produkt\\\/lekker-lykke-t-skjorte-rosa\\\/#breadcrumb\"},\"inLanguage\":\"es\",\"potentialAction\":[{\"@type\":\"ReadAction\",\"target\":[\"https:\\\/\\\/lykketegningtest.wp3.hcweb.dev\\\/produkt\\\/lekker-lykke-t-skjorte-rosa\\\/\"]}]},{\"@type\":\"ImageObject\",\"inLanguage\":\"es\",\"@id\":\"https:\\\/\\\/lykketegningtest.wp3.hcweb.dev\\\/produkt\\\/lekker-lykke-t-skjorte-rosa\\\/#primaryimage\",\"url\":\"https:\\\/\\\/lykketegningtest.wp3.hcweb.dev\\\/wp-content\\\/uploads\\\/2017\\\/09\\\/fullsizeoutput_4525.jpeg\",\"contentUrl\":\"https:\\\/\\\/lykketegningtest.wp3.hcweb.dev\\\/wp-content\\\/uploads\\\/2017\\\/09\\\/fullsizeoutput_4525.jpeg\",\"width\":670,\"height\":899},{\"@type\":\"BreadcrumbList\",\"@id\":\"https:\\\/\\\/lykketegningtest.wp3.hcweb.dev\\\/produkt\\\/lekker-lykke-t-skjorte-rosa\\\/#breadcrumb\",\"itemListElement\":[{\"@type\":\"ListItem\",\"position\":1,\"name\":\"Hjem\",\"item\":\"https:\\\/\\\/lykketegningtest.wp3.hcweb.dev\\\/\"},{\"@type\":\"ListItem\",\"position\":2,\"name\":\"Shop\",\"item\":\"https:\\\/\\\/lykketegningtest.wp3.hcweb.dev\\\/sv\\\/webbutik\\\/\"},{\"@type\":\"ListItem\",\"position\":3,\"name\":\"Lekker Lykke t-skjorte (Rosa)\"}]},{\"@type\":\"WebSite\",\"@id\":\"https:\\\/\\\/lykketegningtest.wp3.hcweb.dev\\\/#website\",\"url\":\"https:\\\/\\\/lykketegningtest.wp3.hcweb.dev\\\/\",\"name\":\"LYKKETEGNING ILLUSTRAT\u00d8R\",\"description\":\"\",\"publisher\":{\"@id\":\"https:\\\/\\\/lykketegningtest.wp3.hcweb.dev\\\/#organization\"},\"potentialAction\":[{\"@type\":\"SearchAction\",\"target\":{\"@type\":\"EntryPoint\",\"urlTemplate\":\"https:\\\/\\\/lykketegningtest.wp3.hcweb.dev\\\/?s={search_term_string}\"},\"query-input\":{\"@type\":\"PropertyValueSpecification\",\"valueRequired\":true,\"valueName\":\"search_term_string\"}}],\"inLanguage\":\"es\"},{\"@type\":\"Organization\",\"@id\":\"https:\\\/\\\/lykketegningtest.wp3.hcweb.dev\\\/#organization\",\"name\":\"LYKKETEGNING ILLUSTRAT\u00d8R\",\"url\":\"https:\\\/\\\/lykketegningtest.wp3.hcweb.dev\\\/\",\"logo\":{\"@type\":\"ImageObject\",\"inLanguage\":\"es\",\"@id\":\"https:\\\/\\\/lykketegningtest.wp3.hcweb.dev\\\/#\\\/schema\\\/logo\\\/image\\\/\",\"url\":\"https:\\\/\\\/lykketegningtest.wp3.hcweb.dev\\\/wp-content\\\/uploads\\\/2020\\\/03\\\/Logo2020_h400px.jpg\",\"contentUrl\":\"https:\\\/\\\/lykketegningtest.wp3.hcweb.dev\\\/wp-content\\\/uploads\\\/2020\\\/03\\\/Logo2020_h400px.jpg\",\"width\":1024,\"height\":400,\"caption\":\"LYKKETEGNING ILLUSTRAT\u00d8R\"},\"image\":{\"@id\":\"https:\\\/\\\/lykketegningtest.wp3.hcweb.dev\\\/#\\\/schema\\\/logo\\\/image\\\/\"},\"sameAs\":[\"https:\\\/\\\/www.facebook.com\\\/lykketegning\\\/\",\"https:\\\/\\\/www.instagram.com\\\/lykketegning\\\/\",\"https:\\\/\\\/www.youtube.com\\\/@lykketegningillustrations\",\"https:\\\/\\\/www.tiktok.com\\\/@lykketegningillustration\"]}]}<\/script>\n<!-- \/ Yoast SEO plugin. -->","yoast_head_json":{"title":"Camiseta Lekker Lykke (Rosa) - LYKKETEGNING ILLUSTRAT\u00d8R","robots":{"index":"noindex","follow":"follow","max-snippet":"max-snippet:-1","max-image-preview":"max-image-preview:large","max-video-preview":"max-video-preview:-1"},"og_locale":"es_ES","og_type":"article","og_title":"Lekker Lykke t-skjorte (Rosa) - LYKKETEGNING ILLUSTRAT\u00d8R","og_description":"Lekker T-skjorte med trykk; \"PUST. LIVET ER N\u00c5\". Rosa farge.  St\u00f8rrelser byttes ikke.       &nbsp;  Vaskes p\u00e5 40 grader, m\u00e5 vrenges. Ikke t\u00f8rketrommel.    Forkrympet kjemmet bomull og ringspunnet garn, sides\u00f8mmer. Dobbeltkrage i elastan.       KVALITET: 100% bomull (Visibility yellow og visibility orange [11\/170] 80% polyester, 20% bomull med sides\u00f8mmer, aske [92] 99% bomull, 1% viskose, gr\u00e5melert [95] 85% bomull, 15%. bl\u00e5melert og antrasittmelert [565\/955] 60% bomull, 40% polyester. viskose, antracite melange [955] 60% bomull, 40% polyester).       Damer Vekt: 160 g\/m2","og_url":"https:\/\/lykketegningtest.wp3.hcweb.dev\/es\/producto\/lekker-lykke-t-skjorte-rosa\/","og_site_name":"LYKKETEGNING ILLUSTRAT\u00d8R","article_publisher":"https:\/\/www.facebook.com\/lykketegning\/","article_modified_time":"2024-05-02T11:13:16+00:00","og_image":[{"width":670,"height":899,"url":"https:\/\/www.lykketegning.no\/wp-content\/uploads\/2017\/09\/fullsizeoutput_4525.jpeg","type":"image\/jpeg"}],"twitter_card":"summary_large_image","schema":{"@context":"https:\/\/schema.org","@graph":[{"@type":"WebPage","@id":"https:\/\/lykketegningtest.wp3.hcweb.dev\/produkt\/lekker-lykke-t-skjorte-rosa\/","url":"https:\/\/lykketegningtest.wp3.hcweb.dev\/produkt\/lekker-lykke-t-skjorte-rosa\/","name":"Camiseta Lekker Lykke (Rosa) - LYKKETEGNING ILLUSTRAT\u00d8R","isPartOf":{"@id":"https:\/\/lykketegningtest.wp3.hcweb.dev\/#website"},"primaryImageOfPage":{"@id":"https:\/\/lykketegningtest.wp3.hcweb.dev\/produkt\/lekker-lykke-t-skjorte-rosa\/#primaryimage"},"image":{"@id":"https:\/\/lykketegningtest.wp3.hcweb.dev\/produkt\/lekker-lykke-t-skjorte-rosa\/#primaryimage"},"thumbnailUrl":"https:\/\/lykketegningtest.wp3.hcweb.dev\/wp-content\/uploads\/2017\/09\/fullsizeoutput_4525.jpeg","datePublished":"2017-07-31T22:52:55+00:00","dateModified":"2024-05-02T11:13:16+00:00","breadcrumb":{"@id":"https:\/\/lykketegningtest.wp3.hcweb.dev\/produkt\/lekker-lykke-t-skjorte-rosa\/#breadcrumb"},"inLanguage":"es","potentialAction":[{"@type":"ReadAction","target":["https:\/\/lykketegningtest.wp3.hcweb.dev\/produkt\/lekker-lykke-t-skjorte-rosa\/"]}]},{"@type":"ImageObject","inLanguage":"es","@id":"https:\/\/lykketegningtest.wp3.hcweb.dev\/produkt\/lekker-lykke-t-skjorte-rosa\/#primaryimage","url":"https:\/\/lykketegningtest.wp3.hcweb.dev\/wp-content\/uploads\/2017\/09\/fullsizeoutput_4525.jpeg","contentUrl":"https:\/\/lykketegningtest.wp3.hcweb.dev\/wp-content\/uploads\/2017\/09\/fullsizeoutput_4525.jpeg","width":670,"height":899},{"@type":"BreadcrumbList","@id":"https:\/\/lykketegningtest.wp3.hcweb.dev\/produkt\/lekker-lykke-t-skjorte-rosa\/#breadcrumb","itemListElement":[{"@type":"ListItem","position":1,"name":"Hjem","item":"https:\/\/lykketegningtest.wp3.hcweb.dev\/"},{"@type":"ListItem","position":2,"name":"Shop","item":"https:\/\/lykketegningtest.wp3.hcweb.dev\/sv\/webbutik\/"},{"@type":"ListItem","position":3,"name":"Lekker Lykke t-skjorte (Rosa)"}]},{"@type":"WebSite","@id":"https:\/\/lykketegningtest.wp3.hcweb.dev\/#website","url":"https:\/\/lykketegningtest.wp3.hcweb.dev\/","name":"SUERTE DIBUJO ILUSTRADOR","description":"","publisher":{"@id":"https:\/\/lykketegningtest.wp3.hcweb.dev\/#organization"},"potentialAction":[{"@type":"SearchAction","target":{"@type":"EntryPoint","urlTemplate":"https:\/\/lykketegningtest.wp3.hcweb.dev\/?s={search_term_string}"},"query-input":{"@type":"PropertyValueSpecification","valueRequired":true,"valueName":"search_term_string"}}],"inLanguage":"es"},{"@type":"Organization","@id":"https:\/\/lykketegningtest.wp3.hcweb.dev\/#organization","name":"SUERTE DIBUJO ILUSTRADOR","url":"https:\/\/lykketegningtest.wp3.hcweb.dev\/","logo":{"@type":"ImageObject","inLanguage":"es","@id":"https:\/\/lykketegningtest.wp3.hcweb.dev\/#\/schema\/logo\/image\/","url":"https:\/\/lykketegningtest.wp3.hcweb.dev\/wp-content\/uploads\/2020\/03\/Logo2020_h400px.jpg","contentUrl":"https:\/\/lykketegningtest.wp3.hcweb.dev\/wp-content\/uploads\/2020\/03\/Logo2020_h400px.jpg","width":1024,"height":400,"caption":"LYKKETEGNING ILLUSTRAT\u00d8R"},"image":{"@id":"https:\/\/lykketegningtest.wp3.hcweb.dev\/#\/schema\/logo\/image\/"},"sameAs":["https:\/\/www.facebook.com\/lykketegning\/","https:\/\/www.instagram.com\/lykketegning\/","https:\/\/www.youtube.com\/@lykketegningillustrations","https:\/\/www.tiktok.com\/@lykketegningillustration"]}]}},"_links":{"self":[{"href":"https:\/\/lykketegningtest.wp3.hcweb.dev\/es\/wp-json\/wp\/v2\/product\/3318","targetHints":{"allow":["GET"]}}],"collection":[{"href":"https:\/\/lykketegningtest.wp3.hcweb.dev\/es\/wp-json\/wp\/v2\/product"}],"about":[{"href":"https:\/\/lykketegningtest.wp3.hcweb.dev\/es\/wp-json\/wp\/v2\/types\/product"}],"replies":[{"embeddable":true,"href":"https:\/\/lykketegningtest.wp3.hcweb.dev\/es\/wp-json\/wp\/v2\/comments?post=3318"}],"wp:featuredmedia":[{"embeddable":true,"href":"https:\/\/lykketegningtest.wp3.hcweb.dev\/es\/wp-json\/wp\/v2\/media\/3336"}],"wp:attachment":[{"href":"https:\/\/lykketegningtest.wp3.hcweb.dev\/es\/wp-json\/wp\/v2\/media?parent=3318"}],"wp:term":[{"taxonomy":"product_brand","embeddable":true,"href":"https:\/\/lykketegningtest.wp3.hcweb.dev\/es\/wp-json\/wp\/v2\/product_brand?post=3318"},{"taxonomy":"product_cat","embeddable":true,"href":"https:\/\/lykketegningtest.wp3.hcweb.dev\/es\/wp-json\/wp\/v2\/product_cat?post=3318"},{"taxonomy":"product_tag","embeddable":true,"href":"https:\/\/lykketegningtest.wp3.hcweb.dev\/es\/wp-json\/wp\/v2\/product_tag?post=3318"}],"curies":[{"name":"wp","href":"https:\/\/api.w.org\/{rel}","templated":true}]}}