{"id":37086,"date":"2022-09-10T11:24:07","date_gmt":"2022-09-10T09:24:07","guid":{"rendered":"https:\/\/www-lykketegning.wp3.hcweb.dev\/fornyelse\/?post_type=product&#038;p=37086"},"modified":"2026-05-02T23:13:37","modified_gmt":"2026-05-02T21:13:37","slug":"nyhet-bestefar","status":"publish","type":"product","link":"https:\/\/lykketegningtest.wp3.hcweb.dev\/es\/producto\/nyhet-bestefar\/","title":{"rendered":"Taza para \"BESTEFAR\" (verde)"},"content":{"rendered":"<p>Ya puedes comprar y encargar la Taza de la Felicidad; \"BESTEFAR\"<\/p>\n<p>Bonito color y perfecto para el caf\u00e9 de la ma\u00f1ana.<\/p>\n<p>\"Lo \u00fanico mejor que tenerte como PAP\u00c1 es que mis hijos te tengan como ABUELO\"<\/p>\n<p>Echa un vistazo tambi\u00e9n a las otras tazas. \u00bfQu\u00e9 tal una taza tambi\u00e9n para la abuela?<\/p>\n<p>Taza verde menta D8 H9,5 400ml Material: Cer\u00e1mica<\/p>\n<p>Apto para lavavajillas<\/p>\n<p>Taza popular con cita de Lucky Drawing<\/p>\n<div class=\"page\" title=\"P\u00e1gina 1\"><\/div>","protected":false},"excerpt":{"rendered":"<div class=\"page\" title=\"P\u00e1gina 1\">\n<p>Ya puedes comprar y encargar la Taza de la Felicidad; \"BESTEFAR\". A mediados de noviembre.<\/p>\n<p>Bonito color y perfecto para el caf\u00e9 de la ma\u00f1ana.<\/p>\n<p>\"Lo \u00fanico mejor que tenerte como PAP\u00c1 es que mis hijos te tengan como ABUELO\"<\/p>\n<p>Echa un vistazo tambi\u00e9n a las otras tazas. \u00bfQu\u00e9 tal una taza tambi\u00e9n para la abuela?<\/p>\n<p>Taza verde menta D8 H9,5 400ml Material: Cer\u00e1mica<\/p>\n<p>Apto para lavavajillas<\/p>\n<\/div>\n<div class=\"page\" title=\"P\u00e1gina 1\"><\/div>","protected":false},"featured_media":39725,"comment_status":"closed","ping_status":"closed","template":"","meta":[],"product_brand":[],"product_cat":[41],"product_tag":[295,79,269,12,270],"class_list":{"0":"post-37086","1":"product","2":"type-product","3":"status-publish","4":"has-post-thumbnail","6":"product_cat-lykkekopper","7":"product_tag-bestefar","8":"product_tag-bestemor","9":"product_tag-farsdag","10":"product_tag-kopp","11":"product_tag-pappa","13":"first","14":"instock","15":"taxable","16":"shipping-taxable","17":"purchasable","18":"product-type-simple"},"yoast_head":"<!-- This site is optimized with the Yoast SEO plugin v27.5 - https:\/\/yoast.com\/product\/yoast-seo-wordpress\/ -->\n<title>Lykkekopp til &quot;BESTEFAR&quot;. (gr\u00f8nn) - LYKKETEGNING ILLUSTRAT\u00d8R<\/title>\n<meta name=\"robots\" content=\"noindex, follow, max-snippet:-1, max-image-preview:large, max-video-preview:-1\" \/>\n<meta property=\"og:locale\" content=\"es_ES\" \/>\n<meta property=\"og:type\" content=\"article\" \/>\n<meta property=\"og:title\" content=\"Lykkekopp til &quot;BESTEFAR&quot;. (gr\u00f8nn) - LYKKETEGNING ILLUSTRAT\u00d8R\" \/>\n<meta property=\"og:description\" content=\"N\u00e5 kan du kj\u00f8pe bestille Lykkekruset; &quot;BESTEFAR&quot;. Kommer i midten av november.  Nydelig farge og perfekt til morgenkaffen.  &quot;Det eneste som er bedre enn \u00e5 ha deg som PAPPA er at mine barn f\u00e5r ha deg som BESTEFAR&quot;  Sjekk ogs\u00e5 de andre krusene. Hva med en kopp til bestemor ogs\u00e5?  Krus mintgr\u00f8nn D8 H9,5 400ml Materiale: Keramikk  T\u00e5ler oppvaskmaskin\" \/>\n<meta property=\"og:url\" content=\"https:\/\/lykketegningtest.wp3.hcweb.dev\/es\/producto\/nyhet-bestefar\/\" \/>\n<meta property=\"og:site_name\" content=\"LYKKETEGNING ILLUSTRAT\u00d8R\" \/>\n<meta property=\"article:publisher\" content=\"https:\/\/www.facebook.com\/lykketegning\/\" \/>\n<meta property=\"article:modified_time\" content=\"2026-05-02T21:13:37+00:00\" \/>\n<meta name=\"twitter:card\" content=\"summary_large_image\" \/>\n<meta name=\"twitter:label1\" content=\"Tiempo de lectura\" \/>\n\t<meta name=\"twitter:data1\" content=\"1 minuto\" \/>\n<script type=\"application\/ld+json\" class=\"yoast-schema-graph\">{\"@context\":\"https:\\\/\\\/schema.org\",\"@graph\":[{\"@type\":\"WebPage\",\"@id\":\"https:\\\/\\\/lykketegningtest.wp3.hcweb.dev\\\/produkt\\\/nyhet-bestefar\\\/\",\"url\":\"https:\\\/\\\/lykketegningtest.wp3.hcweb.dev\\\/produkt\\\/nyhet-bestefar\\\/\",\"name\":\"Lykkekopp til \\\"BESTEFAR\\\". (gr\u00f8nn) - LYKKETEGNING ILLUSTRAT\u00d8R\",\"isPartOf\":{\"@id\":\"https:\\\/\\\/lykketegningtest.wp3.hcweb.dev\\\/#website\"},\"primaryImageOfPage\":{\"@id\":\"https:\\\/\\\/lykketegningtest.wp3.hcweb.dev\\\/produkt\\\/nyhet-bestefar\\\/#primaryimage\"},\"image\":{\"@id\":\"https:\\\/\\\/lykketegningtest.wp3.hcweb.dev\\\/produkt\\\/nyhet-bestefar\\\/#primaryimage\"},\"thumbnailUrl\":\"https:\\\/\\\/lykketegningtest.wp3.hcweb.dev\\\/wp-content\\\/uploads\\\/2023\\\/09\\\/IMG_7250-scaled.jpg\",\"datePublished\":\"2022-09-10T09:24:07+00:00\",\"dateModified\":\"2026-05-02T21:13:37+00:00\",\"breadcrumb\":{\"@id\":\"https:\\\/\\\/lykketegningtest.wp3.hcweb.dev\\\/produkt\\\/nyhet-bestefar\\\/#breadcrumb\"},\"inLanguage\":\"es\",\"potentialAction\":[{\"@type\":\"ReadAction\",\"target\":[\"https:\\\/\\\/lykketegningtest.wp3.hcweb.dev\\\/produkt\\\/nyhet-bestefar\\\/\"]}]},{\"@type\":\"ImageObject\",\"inLanguage\":\"es\",\"@id\":\"https:\\\/\\\/lykketegningtest.wp3.hcweb.dev\\\/produkt\\\/nyhet-bestefar\\\/#primaryimage\",\"url\":\"https:\\\/\\\/lykketegningtest.wp3.hcweb.dev\\\/wp-content\\\/uploads\\\/2023\\\/09\\\/IMG_7250-scaled.jpg\",\"contentUrl\":\"https:\\\/\\\/lykketegningtest.wp3.hcweb.dev\\\/wp-content\\\/uploads\\\/2023\\\/09\\\/IMG_7250-scaled.jpg\",\"width\":2560,\"height\":2560},{\"@type\":\"BreadcrumbList\",\"@id\":\"https:\\\/\\\/lykketegningtest.wp3.hcweb.dev\\\/produkt\\\/nyhet-bestefar\\\/#breadcrumb\",\"itemListElement\":[{\"@type\":\"ListItem\",\"position\":1,\"name\":\"Hjem\",\"item\":\"https:\\\/\\\/lykketegningtest.wp3.hcweb.dev\\\/\"},{\"@type\":\"ListItem\",\"position\":2,\"name\":\"Shop\",\"item\":\"https:\\\/\\\/lykketegningtest.wp3.hcweb.dev\\\/sv\\\/webbutik\\\/\"},{\"@type\":\"ListItem\",\"position\":3,\"name\":\"Lykkekopp til &#8220;BESTEFAR&#8221;. (gr\u00f8nn)\"}]},{\"@type\":\"WebSite\",\"@id\":\"https:\\\/\\\/lykketegningtest.wp3.hcweb.dev\\\/#website\",\"url\":\"https:\\\/\\\/lykketegningtest.wp3.hcweb.dev\\\/\",\"name\":\"LYKKETEGNING ILLUSTRAT\u00d8R\",\"description\":\"\",\"publisher\":{\"@id\":\"https:\\\/\\\/lykketegningtest.wp3.hcweb.dev\\\/#organization\"},\"potentialAction\":[{\"@type\":\"SearchAction\",\"target\":{\"@type\":\"EntryPoint\",\"urlTemplate\":\"https:\\\/\\\/lykketegningtest.wp3.hcweb.dev\\\/?s={search_term_string}\"},\"query-input\":{\"@type\":\"PropertyValueSpecification\",\"valueRequired\":true,\"valueName\":\"search_term_string\"}}],\"inLanguage\":\"es\"},{\"@type\":\"Organization\",\"@id\":\"https:\\\/\\\/lykketegningtest.wp3.hcweb.dev\\\/#organization\",\"name\":\"LYKKETEGNING ILLUSTRAT\u00d8R\",\"url\":\"https:\\\/\\\/lykketegningtest.wp3.hcweb.dev\\\/\",\"logo\":{\"@type\":\"ImageObject\",\"inLanguage\":\"es\",\"@id\":\"https:\\\/\\\/lykketegningtest.wp3.hcweb.dev\\\/#\\\/schema\\\/logo\\\/image\\\/\",\"url\":\"https:\\\/\\\/lykketegningtest.wp3.hcweb.dev\\\/wp-content\\\/uploads\\\/2020\\\/03\\\/Logo2020_h400px.jpg\",\"contentUrl\":\"https:\\\/\\\/lykketegningtest.wp3.hcweb.dev\\\/wp-content\\\/uploads\\\/2020\\\/03\\\/Logo2020_h400px.jpg\",\"width\":1024,\"height\":400,\"caption\":\"LYKKETEGNING ILLUSTRAT\u00d8R\"},\"image\":{\"@id\":\"https:\\\/\\\/lykketegningtest.wp3.hcweb.dev\\\/#\\\/schema\\\/logo\\\/image\\\/\"},\"sameAs\":[\"https:\\\/\\\/www.facebook.com\\\/lykketegning\\\/\",\"https:\\\/\\\/www.instagram.com\\\/lykketegning\\\/\",\"https:\\\/\\\/www.youtube.com\\\/@lykketegningillustrations\",\"https:\\\/\\\/www.tiktok.com\\\/@lykketegningillustration\"]}]}<\/script>\n<!-- \/ Yoast SEO plugin. -->","yoast_head_json":{"title":"Taza de la felicidad para \"BESTFATHER\" (verde) - LUCKY DRAWING ILLUSTRATOR","robots":{"index":"noindex","follow":"follow","max-snippet":"max-snippet:-1","max-image-preview":"max-image-preview:large","max-video-preview":"max-video-preview:-1"},"og_locale":"es_ES","og_type":"article","og_title":"Lykkekopp til \"BESTEFAR\". (gr\u00f8nn) - LYKKETEGNING ILLUSTRAT\u00d8R","og_description":"N\u00e5 kan du kj\u00f8pe bestille Lykkekruset; \"BESTEFAR\". Kommer i midten av november.  Nydelig farge og perfekt til morgenkaffen.  \"Det eneste som er bedre enn \u00e5 ha deg som PAPPA er at mine barn f\u00e5r ha deg som BESTEFAR\"  Sjekk ogs\u00e5 de andre krusene. Hva med en kopp til bestemor ogs\u00e5?  Krus mintgr\u00f8nn D8 H9,5 400ml Materiale: Keramikk  T\u00e5ler oppvaskmaskin","og_url":"https:\/\/lykketegningtest.wp3.hcweb.dev\/es\/producto\/nyhet-bestefar\/","og_site_name":"LYKKETEGNING ILLUSTRAT\u00d8R","article_publisher":"https:\/\/www.facebook.com\/lykketegning\/","article_modified_time":"2026-05-02T21:13:37+00:00","twitter_card":"summary_large_image","twitter_misc":{"Tiempo de lectura":"1 minuto"},"schema":{"@context":"https:\/\/schema.org","@graph":[{"@type":"WebPage","@id":"https:\/\/lykketegningtest.wp3.hcweb.dev\/produkt\/nyhet-bestefar\/","url":"https:\/\/lykketegningtest.wp3.hcweb.dev\/produkt\/nyhet-bestefar\/","name":"Taza de la felicidad para \"BESTFATHER\" (verde) - LUCKY DRAWING ILLUSTRATOR","isPartOf":{"@id":"https:\/\/lykketegningtest.wp3.hcweb.dev\/#website"},"primaryImageOfPage":{"@id":"https:\/\/lykketegningtest.wp3.hcweb.dev\/produkt\/nyhet-bestefar\/#primaryimage"},"image":{"@id":"https:\/\/lykketegningtest.wp3.hcweb.dev\/produkt\/nyhet-bestefar\/#primaryimage"},"thumbnailUrl":"https:\/\/lykketegningtest.wp3.hcweb.dev\/wp-content\/uploads\/2023\/09\/IMG_7250-scaled.jpg","datePublished":"2022-09-10T09:24:07+00:00","dateModified":"2026-05-02T21:13:37+00:00","breadcrumb":{"@id":"https:\/\/lykketegningtest.wp3.hcweb.dev\/produkt\/nyhet-bestefar\/#breadcrumb"},"inLanguage":"es","potentialAction":[{"@type":"ReadAction","target":["https:\/\/lykketegningtest.wp3.hcweb.dev\/produkt\/nyhet-bestefar\/"]}]},{"@type":"ImageObject","inLanguage":"es","@id":"https:\/\/lykketegningtest.wp3.hcweb.dev\/produkt\/nyhet-bestefar\/#primaryimage","url":"https:\/\/lykketegningtest.wp3.hcweb.dev\/wp-content\/uploads\/2023\/09\/IMG_7250-scaled.jpg","contentUrl":"https:\/\/lykketegningtest.wp3.hcweb.dev\/wp-content\/uploads\/2023\/09\/IMG_7250-scaled.jpg","width":2560,"height":2560},{"@type":"BreadcrumbList","@id":"https:\/\/lykketegningtest.wp3.hcweb.dev\/produkt\/nyhet-bestefar\/#breadcrumb","itemListElement":[{"@type":"ListItem","position":1,"name":"Hjem","item":"https:\/\/lykketegningtest.wp3.hcweb.dev\/"},{"@type":"ListItem","position":2,"name":"Shop","item":"https:\/\/lykketegningtest.wp3.hcweb.dev\/sv\/webbutik\/"},{"@type":"ListItem","position":3,"name":"Lykkekopp til &#8220;BESTEFAR&#8221;. (gr\u00f8nn)"}]},{"@type":"WebSite","@id":"https:\/\/lykketegningtest.wp3.hcweb.dev\/#website","url":"https:\/\/lykketegningtest.wp3.hcweb.dev\/","name":"SUERTE DIBUJO ILUSTRADOR","description":"","publisher":{"@id":"https:\/\/lykketegningtest.wp3.hcweb.dev\/#organization"},"potentialAction":[{"@type":"SearchAction","target":{"@type":"EntryPoint","urlTemplate":"https:\/\/lykketegningtest.wp3.hcweb.dev\/?s={search_term_string}"},"query-input":{"@type":"PropertyValueSpecification","valueRequired":true,"valueName":"search_term_string"}}],"inLanguage":"es"},{"@type":"Organization","@id":"https:\/\/lykketegningtest.wp3.hcweb.dev\/#organization","name":"SUERTE DIBUJO ILUSTRADOR","url":"https:\/\/lykketegningtest.wp3.hcweb.dev\/","logo":{"@type":"ImageObject","inLanguage":"es","@id":"https:\/\/lykketegningtest.wp3.hcweb.dev\/#\/schema\/logo\/image\/","url":"https:\/\/lykketegningtest.wp3.hcweb.dev\/wp-content\/uploads\/2020\/03\/Logo2020_h400px.jpg","contentUrl":"https:\/\/lykketegningtest.wp3.hcweb.dev\/wp-content\/uploads\/2020\/03\/Logo2020_h400px.jpg","width":1024,"height":400,"caption":"LYKKETEGNING ILLUSTRAT\u00d8R"},"image":{"@id":"https:\/\/lykketegningtest.wp3.hcweb.dev\/#\/schema\/logo\/image\/"},"sameAs":["https:\/\/www.facebook.com\/lykketegning\/","https:\/\/www.instagram.com\/lykketegning\/","https:\/\/www.youtube.com\/@lykketegningillustrations","https:\/\/www.tiktok.com\/@lykketegningillustration"]}]}},"_links":{"self":[{"href":"https:\/\/lykketegningtest.wp3.hcweb.dev\/es\/wp-json\/wp\/v2\/product\/37086","targetHints":{"allow":["GET"]}}],"collection":[{"href":"https:\/\/lykketegningtest.wp3.hcweb.dev\/es\/wp-json\/wp\/v2\/product"}],"about":[{"href":"https:\/\/lykketegningtest.wp3.hcweb.dev\/es\/wp-json\/wp\/v2\/types\/product"}],"replies":[{"embeddable":true,"href":"https:\/\/lykketegningtest.wp3.hcweb.dev\/es\/wp-json\/wp\/v2\/comments?post=37086"}],"wp:featuredmedia":[{"embeddable":true,"href":"https:\/\/lykketegningtest.wp3.hcweb.dev\/es\/wp-json\/wp\/v2\/media\/39725"}],"wp:attachment":[{"href":"https:\/\/lykketegningtest.wp3.hcweb.dev\/es\/wp-json\/wp\/v2\/media?parent=37086"}],"wp:term":[{"taxonomy":"product_brand","embeddable":true,"href":"https:\/\/lykketegningtest.wp3.hcweb.dev\/es\/wp-json\/wp\/v2\/product_brand?post=37086"},{"taxonomy":"product_cat","embeddable":true,"href":"https:\/\/lykketegningtest.wp3.hcweb.dev\/es\/wp-json\/wp\/v2\/product_cat?post=37086"},{"taxonomy":"product_tag","embeddable":true,"href":"https:\/\/lykketegningtest.wp3.hcweb.dev\/es\/wp-json\/wp\/v2\/product_tag?post=37086"}],"curies":[{"name":"wp","href":"https:\/\/api.w.org\/{rel}","templated":true}]}}