{"id":37132,"date":"2021-06-16T20:00:59","date_gmt":"2021-06-16T18:00:59","guid":{"rendered":"https:\/\/www-lykketegning.wp3.hcweb.dev\/fornyelse\/?post_type=product&#038;p=37132"},"modified":"2026-04-13T17:55:12","modified_gmt":"2026-04-13T15:55:12","slug":"termoflaske-det-blir-en-god-dag-liten","status":"publish","type":"product","link":"https:\/\/lykketegningtest.wp3.hcweb.dev\/es\/producto\/termoflaske-det-blir-en-god-dag-liten\/","title":{"rendered":"Termo \"Ser\u00e1 un buen d\u00eda\" PEQUE\u00d1O"},"content":{"rendered":"<div class=\"product attribute sap-more-information description\">\n<div class=\"value\">\n<p>\" \u00a1Novedad de Luck Drawing!<\/p>\n<p>Botella termo resistente perfecta para la escuela, el trabajo y los viajes.<span class=\"Apple-converted-space\">\u00a0<\/span><\/p>\n<p>Botella para bebidas con paredes fabricadas con varias capas de materiales que conservan la temperatura, incluido el cobre. As\u00ed se mantiene la bebida caliente durante 12 horas y fr\u00eda durante 24 horas.<span class=\"Apple-converted-space\">\u00a0<\/span><\/p>\n<p>El tap\u00f3n tiene forma de reloj. En \u00e9l puede consultar la hora a la que llen\u00f3 la botella y controlar la temperatura aproximada del contenido a lo largo del d\u00eda. La gran abertura facilita la adici\u00f3n de cubitos de hielo.<\/p>\n<p>Tambi\u00e9n habr\u00e1 una fiambrera a juego durante el verano.<\/p>\n<p>La botella puede adquirirse en dos tama\u00f1os diferentes.<span class=\"Apple-converted-space\">\u00a0<\/span><\/p>\n<\/div>\n<div class=\"value\">La botella no est\u00e1 pensada para bebidas con gas. La botella puede lavarse en el lavavajillas, pero tenga en cuenta que puede desgastarse por fuera. Enjuague el tap\u00f3n con agua tibia.<\/div>\n<\/div>\n<div class=\"page\" title=\"P\u00e1gina 1\">\n<div class=\"layoutArea\">\n<div class=\"column\"><\/div>\n<\/div>\n<\/div>\n<div class=\"page-title-wrapper product\">\n<h5 class=\"page-title\"><strong><span class=\"base\" data-ui-id=\"page-title-wrapper\">Sorteo de la suerte - Va a ser un buen d\u00eda - Termo - 0,28 l<\/span><\/strong><\/h5>\n<\/div>\n<div class=\"product attribute brand\">\n<div class=\"value\">Sorteo de la suerte<\/div>\n<\/div>\n<div class=\"product-attributes-container\">\n<div class=\"product attribute sap-additional-information\">\n<div class=\"value\">P6,5 A19,5 280 ml, Acero 18\/8, Amarillo ocre, multi. Chica<\/div>\n<\/div>\n<\/div>","protected":false},"excerpt":{"rendered":"<div class=\"product attribute sap-more-information description\">\n<div class=\"value\">\n<p>\" \u00a1Novedad de Luck Drawing!<\/p>\n<p>Botella termo resistente perfecta para la escuela, el trabajo y los viajes.<span class=\"Apple-converted-space\">\u00a0<\/span><\/p>\n<p>Botella para bebidas con paredes fabricadas con varias capas de materiales que conservan la temperatura, incluido el cobre. As\u00ed se mantiene la bebida caliente durante 12 horas y fr\u00eda durante 24 horas.<span class=\"Apple-converted-space\">\u00a0<\/span><\/p>\n<p>El tap\u00f3n tiene forma de reloj. En \u00e9l puede consultar la hora a la que llen\u00f3 la botella y controlar la temperatura aproximada del contenido a lo largo del d\u00eda. La gran abertura facilita la adici\u00f3n de cubitos de hielo.<\/p>\n<p>Tambi\u00e9n habr\u00e1 una fiambrera a juego durante el verano.<\/p>\n<p>La botella puede adquirirse en dos tama\u00f1os diferentes.<span class=\"Apple-converted-space\">\u00a0<\/span><\/p>\n<\/div>\n<div class=\"value\">La botella no est\u00e1 pensada para bebidas con gas. La botella puede lavarse en el lavavajillas, pero tenga en cuenta que puede desgastarse por fuera. Enjuague el tap\u00f3n con agua tibia.<\/div>\n<\/div>\n<div class=\"page\" title=\"P\u00e1gina 1\">\n<div class=\"layoutArea\">\n<div class=\"column\"><\/div>\n<\/div>\n<\/div>\n<div class=\"page-title-wrapper product\">\n<h5 class=\"page-title\"><strong><span class=\"base\" data-ui-id=\"page-title-wrapper\">Sorteo de la suerte - Va a ser un buen d\u00eda - Termo - 0,28 l<\/span><\/strong><\/h5>\n<\/div>\n<div class=\"product attribute brand\">\n<div class=\"value\">Sorteo de la suerte<\/div>\n<\/div>\n<div class=\"product-attributes-container\">\n<div class=\"product attribute sap-additional-information\">\n<div class=\"value\">P6,5 A19,5 280 ml, Acero 18\/8, Amarillo ocre, multi. Chica<\/div>\n<\/div>\n<\/div>","protected":false},"featured_media":37133,"comment_status":"open","ping_status":"closed","template":"","meta":[],"product_brand":[],"product_cat":[41],"product_tag":[183,251],"class_list":{"0":"post-37132","1":"product","2":"type-product","3":"status-publish","4":"has-post-thumbnail","6":"product_cat-lykkekopper","7":"product_tag-termo","8":"product_tag-termoflaske","10":"first","11":"outofstock","12":"taxable","13":"shipping-taxable","14":"purchasable","15":"product-type-simple"},"yoast_head":"<!-- This site is optimized with the Yoast SEO plugin v27.5 - https:\/\/yoast.com\/product\/yoast-seo-wordpress\/ -->\n<title>Termoflaske &quot;Det blir en god dag&quot; LITEN - LYKKETEGNING ILLUSTRAT\u00d8R<\/title>\n<meta name=\"robots\" content=\"noindex, follow, max-snippet:-1, max-image-preview:large, max-video-preview:-1\" \/>\n<meta property=\"og:locale\" content=\"es_ES\" \/>\n<meta property=\"og:type\" content=\"article\" \/>\n<meta property=\"og:title\" content=\"Termoflaske &quot;Det blir en god dag&quot; LITEN - LYKKETEGNING ILLUSTRAT\u00d8R\" \/>\n<meta property=\"og:description\" content=\"&quot;Nyhet fra Lykketegning!!  T\u00f8ff termoflaske som er perfekt til skole, jobb og p\u00e5 tur.\u00a0  Drikkeflaske med vegger av flere lag med temperaturbevarende materialer, deriblant kobber. Dette gj\u00f8r at den holder drikken varmt i 12 timer og kaldt i 24 timer.\u00a0  Korken er formet som en klokke. Her kan du vri til klokkeslettet n\u00e5r du fylte flasken og holde kontroll p\u00e5 ca. temperatur p\u00e5 innholdet utover dagen. Stor \u00e5pning som gj\u00f8r det lett \u00e5 tilsette isbiter.  I l\u00f8pet av sommeren kommer ogs\u00e5 matchende matboks.  Flasken kan kj\u00f8pes i 2 ulike st\u00f8rrelser!\u00a0   Flasken er ikke beregnet for drikkevarer med kullsyre. Flasken kan rengj\u00f8res i oppvaskmaskin, men vennligst merk at det kan oppst\u00e5 slitasje p\u00e5 utsiden. Korken skylles i varmt vann.        Lykketegning - Det blir en god dag - Termoflaske - 0,28 l   Lykketegning    D6,5 H19,5 280 ml, St\u00e5l 18\/8, Okergul, multi. Jente\" \/>\n<meta property=\"og:url\" content=\"https:\/\/lykketegningtest.wp3.hcweb.dev\/es\/product-2\/thermosflasche-wird-es-ein-guter-tag-sein-klein\/\" \/>\n<meta property=\"og:site_name\" content=\"LYKKETEGNING ILLUSTRAT\u00d8R\" \/>\n<meta property=\"article:publisher\" content=\"https:\/\/www.facebook.com\/lykketegning\/\" \/>\n<meta property=\"article:modified_time\" content=\"2026-04-13T15:55:12+00:00\" \/>\n<meta property=\"og:image\" content=\"https:\/\/www.lykketegning.no\/wp-content\/uploads\/2024\/04\/A-6114-scaled-1.jpg\" \/>\n\t<meta property=\"og:image:width\" content=\"1811\" \/>\n\t<meta property=\"og:image:height\" content=\"2560\" \/>\n\t<meta property=\"og:image:type\" content=\"image\/jpeg\" \/>\n<meta name=\"twitter:card\" content=\"summary_large_image\" \/>\n<meta name=\"twitter:label1\" content=\"Tiempo de lectura\" \/>\n\t<meta name=\"twitter:data1\" content=\"1 minuto\" \/>\n<script type=\"application\/ld+json\" class=\"yoast-schema-graph\">{\"@context\":\"https:\\\/\\\/schema.org\",\"@graph\":[{\"@type\":\"WebPage\",\"@id\":\"https:\\\/\\\/lykketegningtest.wp3.hcweb.dev\\\/de\\\/product-2\\\/thermosflasche-wird-es-ein-guter-tag-sein-klein\\\/\",\"url\":\"https:\\\/\\\/lykketegningtest.wp3.hcweb.dev\\\/de\\\/product-2\\\/thermosflasche-wird-es-ein-guter-tag-sein-klein\\\/\",\"name\":\"Termoflaske \\\"Det blir en god dag\\\" LITEN - LYKKETEGNING ILLUSTRAT\u00d8R\",\"isPartOf\":{\"@id\":\"https:\\\/\\\/lykketegningtest.wp3.hcweb.dev\\\/#website\"},\"primaryImageOfPage\":{\"@id\":\"https:\\\/\\\/lykketegningtest.wp3.hcweb.dev\\\/de\\\/product-2\\\/thermosflasche-wird-es-ein-guter-tag-sein-klein\\\/#primaryimage\"},\"image\":{\"@id\":\"https:\\\/\\\/lykketegningtest.wp3.hcweb.dev\\\/de\\\/product-2\\\/thermosflasche-wird-es-ein-guter-tag-sein-klein\\\/#primaryimage\"},\"thumbnailUrl\":\"https:\\\/\\\/lykketegningtest.wp3.hcweb.dev\\\/wp-content\\\/uploads\\\/2024\\\/04\\\/A-6114-scaled-1.jpg\",\"datePublished\":\"2021-06-16T18:00:59+00:00\",\"dateModified\":\"2026-04-13T15:55:12+00:00\",\"breadcrumb\":{\"@id\":\"https:\\\/\\\/lykketegningtest.wp3.hcweb.dev\\\/de\\\/product-2\\\/thermosflasche-wird-es-ein-guter-tag-sein-klein\\\/#breadcrumb\"},\"inLanguage\":\"es\",\"potentialAction\":[{\"@type\":\"ReadAction\",\"target\":[\"https:\\\/\\\/lykketegningtest.wp3.hcweb.dev\\\/de\\\/product-2\\\/thermosflasche-wird-es-ein-guter-tag-sein-klein\\\/\"]}]},{\"@type\":\"ImageObject\",\"inLanguage\":\"es\",\"@id\":\"https:\\\/\\\/lykketegningtest.wp3.hcweb.dev\\\/de\\\/product-2\\\/thermosflasche-wird-es-ein-guter-tag-sein-klein\\\/#primaryimage\",\"url\":\"https:\\\/\\\/lykketegningtest.wp3.hcweb.dev\\\/wp-content\\\/uploads\\\/2024\\\/04\\\/A-6114-scaled-1.jpg\",\"contentUrl\":\"https:\\\/\\\/lykketegningtest.wp3.hcweb.dev\\\/wp-content\\\/uploads\\\/2024\\\/04\\\/A-6114-scaled-1.jpg\",\"width\":1811,\"height\":2560},{\"@type\":\"BreadcrumbList\",\"@id\":\"https:\\\/\\\/lykketegningtest.wp3.hcweb.dev\\\/de\\\/product-2\\\/thermosflasche-wird-es-ein-guter-tag-sein-klein\\\/#breadcrumb\",\"itemListElement\":[{\"@type\":\"ListItem\",\"position\":1,\"name\":\"Hjem\",\"item\":\"https:\\\/\\\/lykketegningtest.wp3.hcweb.dev\\\/\"},{\"@type\":\"ListItem\",\"position\":2,\"name\":\"Shop\",\"item\":\"https:\\\/\\\/lykketegningtest.wp3.hcweb.dev\\\/sv\\\/webbutik\\\/\"},{\"@type\":\"ListItem\",\"position\":3,\"name\":\"Termoflaske &#8220;Det blir en god dag&#8221; LITEN\"}]},{\"@type\":\"WebSite\",\"@id\":\"https:\\\/\\\/lykketegningtest.wp3.hcweb.dev\\\/#website\",\"url\":\"https:\\\/\\\/lykketegningtest.wp3.hcweb.dev\\\/\",\"name\":\"LYKKETEGNING ILLUSTRAT\u00d8R\",\"description\":\"\",\"publisher\":{\"@id\":\"https:\\\/\\\/lykketegningtest.wp3.hcweb.dev\\\/#organization\"},\"potentialAction\":[{\"@type\":\"SearchAction\",\"target\":{\"@type\":\"EntryPoint\",\"urlTemplate\":\"https:\\\/\\\/lykketegningtest.wp3.hcweb.dev\\\/?s={search_term_string}\"},\"query-input\":{\"@type\":\"PropertyValueSpecification\",\"valueRequired\":true,\"valueName\":\"search_term_string\"}}],\"inLanguage\":\"es\"},{\"@type\":\"Organization\",\"@id\":\"https:\\\/\\\/lykketegningtest.wp3.hcweb.dev\\\/#organization\",\"name\":\"LYKKETEGNING ILLUSTRAT\u00d8R\",\"url\":\"https:\\\/\\\/lykketegningtest.wp3.hcweb.dev\\\/\",\"logo\":{\"@type\":\"ImageObject\",\"inLanguage\":\"es\",\"@id\":\"https:\\\/\\\/lykketegningtest.wp3.hcweb.dev\\\/#\\\/schema\\\/logo\\\/image\\\/\",\"url\":\"https:\\\/\\\/lykketegningtest.wp3.hcweb.dev\\\/wp-content\\\/uploads\\\/2020\\\/03\\\/Logo2020_h400px.jpg\",\"contentUrl\":\"https:\\\/\\\/lykketegningtest.wp3.hcweb.dev\\\/wp-content\\\/uploads\\\/2020\\\/03\\\/Logo2020_h400px.jpg\",\"width\":1024,\"height\":400,\"caption\":\"LYKKETEGNING ILLUSTRAT\u00d8R\"},\"image\":{\"@id\":\"https:\\\/\\\/lykketegningtest.wp3.hcweb.dev\\\/#\\\/schema\\\/logo\\\/image\\\/\"},\"sameAs\":[\"https:\\\/\\\/www.facebook.com\\\/lykketegning\\\/\",\"https:\\\/\\\/www.instagram.com\\\/lykketegning\\\/\",\"https:\\\/\\\/www.youtube.com\\\/@lykketegningillustrations\",\"https:\\\/\\\/www.tiktok.com\\\/@lykketegningillustration\"]}]}<\/script>\n<!-- \/ Yoast SEO plugin. -->","yoast_head_json":{"title":"Termo \"Va a ser un buen d\u00eda\" LITEN - LUCK DRAWING ILLUSTRATOR","robots":{"index":"noindex","follow":"follow","max-snippet":"max-snippet:-1","max-image-preview":"max-image-preview:large","max-video-preview":"max-video-preview:-1"},"og_locale":"es_ES","og_type":"article","og_title":"Termoflaske \"Det blir en god dag\" LITEN - LYKKETEGNING ILLUSTRAT\u00d8R","og_description":"\"Nyhet fra Lykketegning!!  T\u00f8ff termoflaske som er perfekt til skole, jobb og p\u00e5 tur.\u00a0  Drikkeflaske med vegger av flere lag med temperaturbevarende materialer, deriblant kobber. Dette gj\u00f8r at den holder drikken varmt i 12 timer og kaldt i 24 timer.\u00a0  Korken er formet som en klokke. Her kan du vri til klokkeslettet n\u00e5r du fylte flasken og holde kontroll p\u00e5 ca. temperatur p\u00e5 innholdet utover dagen. Stor \u00e5pning som gj\u00f8r det lett \u00e5 tilsette isbiter.  I l\u00f8pet av sommeren kommer ogs\u00e5 matchende matboks.  Flasken kan kj\u00f8pes i 2 ulike st\u00f8rrelser!\u00a0   Flasken er ikke beregnet for drikkevarer med kullsyre. Flasken kan rengj\u00f8res i oppvaskmaskin, men vennligst merk at det kan oppst\u00e5 slitasje p\u00e5 utsiden. Korken skylles i varmt vann.        Lykketegning - Det blir en god dag - Termoflaske - 0,28 l   Lykketegning    D6,5 H19,5 280 ml, St\u00e5l 18\/8, Okergul, multi. Jente","og_url":"https:\/\/lykketegningtest.wp3.hcweb.dev\/es\/product-2\/thermosflasche-wird-es-ein-guter-tag-sein-klein\/","og_site_name":"LYKKETEGNING ILLUSTRAT\u00d8R","article_publisher":"https:\/\/www.facebook.com\/lykketegning\/","article_modified_time":"2026-04-13T15:55:12+00:00","og_image":[{"width":1811,"height":2560,"url":"https:\/\/www.lykketegning.no\/wp-content\/uploads\/2024\/04\/A-6114-scaled-1.jpg","type":"image\/jpeg"}],"twitter_card":"summary_large_image","twitter_misc":{"Tiempo de lectura":"1 minuto"},"schema":{"@context":"https:\/\/schema.org","@graph":[{"@type":"WebPage","@id":"https:\/\/lykketegningtest.wp3.hcweb.dev\/de\/product-2\/thermosflasche-wird-es-ein-guter-tag-sein-klein\/","url":"https:\/\/lykketegningtest.wp3.hcweb.dev\/de\/product-2\/thermosflasche-wird-es-ein-guter-tag-sein-klein\/","name":"Termo \"Va a ser un buen d\u00eda\" LITEN - LUCK DRAWING ILLUSTRATOR","isPartOf":{"@id":"https:\/\/lykketegningtest.wp3.hcweb.dev\/#website"},"primaryImageOfPage":{"@id":"https:\/\/lykketegningtest.wp3.hcweb.dev\/de\/product-2\/thermosflasche-wird-es-ein-guter-tag-sein-klein\/#primaryimage"},"image":{"@id":"https:\/\/lykketegningtest.wp3.hcweb.dev\/de\/product-2\/thermosflasche-wird-es-ein-guter-tag-sein-klein\/#primaryimage"},"thumbnailUrl":"https:\/\/lykketegningtest.wp3.hcweb.dev\/wp-content\/uploads\/2024\/04\/A-6114-scaled-1.jpg","datePublished":"2021-06-16T18:00:59+00:00","dateModified":"2026-04-13T15:55:12+00:00","breadcrumb":{"@id":"https:\/\/lykketegningtest.wp3.hcweb.dev\/de\/product-2\/thermosflasche-wird-es-ein-guter-tag-sein-klein\/#breadcrumb"},"inLanguage":"es","potentialAction":[{"@type":"ReadAction","target":["https:\/\/lykketegningtest.wp3.hcweb.dev\/de\/product-2\/thermosflasche-wird-es-ein-guter-tag-sein-klein\/"]}]},{"@type":"ImageObject","inLanguage":"es","@id":"https:\/\/lykketegningtest.wp3.hcweb.dev\/de\/product-2\/thermosflasche-wird-es-ein-guter-tag-sein-klein\/#primaryimage","url":"https:\/\/lykketegningtest.wp3.hcweb.dev\/wp-content\/uploads\/2024\/04\/A-6114-scaled-1.jpg","contentUrl":"https:\/\/lykketegningtest.wp3.hcweb.dev\/wp-content\/uploads\/2024\/04\/A-6114-scaled-1.jpg","width":1811,"height":2560},{"@type":"BreadcrumbList","@id":"https:\/\/lykketegningtest.wp3.hcweb.dev\/de\/product-2\/thermosflasche-wird-es-ein-guter-tag-sein-klein\/#breadcrumb","itemListElement":[{"@type":"ListItem","position":1,"name":"Hjem","item":"https:\/\/lykketegningtest.wp3.hcweb.dev\/"},{"@type":"ListItem","position":2,"name":"Shop","item":"https:\/\/lykketegningtest.wp3.hcweb.dev\/sv\/webbutik\/"},{"@type":"ListItem","position":3,"name":"Termoflaske &#8220;Det blir en god dag&#8221; LITEN"}]},{"@type":"WebSite","@id":"https:\/\/lykketegningtest.wp3.hcweb.dev\/#website","url":"https:\/\/lykketegningtest.wp3.hcweb.dev\/","name":"SUERTE DIBUJO ILUSTRADOR","description":"","publisher":{"@id":"https:\/\/lykketegningtest.wp3.hcweb.dev\/#organization"},"potentialAction":[{"@type":"SearchAction","target":{"@type":"EntryPoint","urlTemplate":"https:\/\/lykketegningtest.wp3.hcweb.dev\/?s={search_term_string}"},"query-input":{"@type":"PropertyValueSpecification","valueRequired":true,"valueName":"search_term_string"}}],"inLanguage":"es"},{"@type":"Organization","@id":"https:\/\/lykketegningtest.wp3.hcweb.dev\/#organization","name":"SUERTE DIBUJO ILUSTRADOR","url":"https:\/\/lykketegningtest.wp3.hcweb.dev\/","logo":{"@type":"ImageObject","inLanguage":"es","@id":"https:\/\/lykketegningtest.wp3.hcweb.dev\/#\/schema\/logo\/image\/","url":"https:\/\/lykketegningtest.wp3.hcweb.dev\/wp-content\/uploads\/2020\/03\/Logo2020_h400px.jpg","contentUrl":"https:\/\/lykketegningtest.wp3.hcweb.dev\/wp-content\/uploads\/2020\/03\/Logo2020_h400px.jpg","width":1024,"height":400,"caption":"LYKKETEGNING ILLUSTRAT\u00d8R"},"image":{"@id":"https:\/\/lykketegningtest.wp3.hcweb.dev\/#\/schema\/logo\/image\/"},"sameAs":["https:\/\/www.facebook.com\/lykketegning\/","https:\/\/www.instagram.com\/lykketegning\/","https:\/\/www.youtube.com\/@lykketegningillustrations","https:\/\/www.tiktok.com\/@lykketegningillustration"]}]}},"_links":{"self":[{"href":"https:\/\/lykketegningtest.wp3.hcweb.dev\/es\/wp-json\/wp\/v2\/product\/37132","targetHints":{"allow":["GET"]}}],"collection":[{"href":"https:\/\/lykketegningtest.wp3.hcweb.dev\/es\/wp-json\/wp\/v2\/product"}],"about":[{"href":"https:\/\/lykketegningtest.wp3.hcweb.dev\/es\/wp-json\/wp\/v2\/types\/product"}],"replies":[{"embeddable":true,"href":"https:\/\/lykketegningtest.wp3.hcweb.dev\/es\/wp-json\/wp\/v2\/comments?post=37132"}],"wp:featuredmedia":[{"embeddable":true,"href":"https:\/\/lykketegningtest.wp3.hcweb.dev\/es\/wp-json\/wp\/v2\/media\/37133"}],"wp:attachment":[{"href":"https:\/\/lykketegningtest.wp3.hcweb.dev\/es\/wp-json\/wp\/v2\/media?parent=37132"}],"wp:term":[{"taxonomy":"product_brand","embeddable":true,"href":"https:\/\/lykketegningtest.wp3.hcweb.dev\/es\/wp-json\/wp\/v2\/product_brand?post=37132"},{"taxonomy":"product_cat","embeddable":true,"href":"https:\/\/lykketegningtest.wp3.hcweb.dev\/es\/wp-json\/wp\/v2\/product_cat?post=37132"},{"taxonomy":"product_tag","embeddable":true,"href":"https:\/\/lykketegningtest.wp3.hcweb.dev\/es\/wp-json\/wp\/v2\/product_tag?post=37132"}],"curies":[{"name":"wp","href":"https:\/\/api.w.org\/{rel}","templated":true}]}}