{"id":37173,"date":"2021-09-21T11:53:08","date_gmt":"2021-09-21T09:53:08","guid":{"rendered":"https:\/\/www-lykketegning.wp3.hcweb.dev\/fornyelse\/?post_type=product&#038;p=37173"},"modified":"2026-03-25T14:03:16","modified_gmt":"2026-03-25T13:03:16","slug":"serviett-det-handler-om-a-nyte-oyeblikket","status":"publish","type":"product","link":"https:\/\/lykketegningtest.wp3.hcweb.dev\/es\/producto\/serviett-det-handler-om-a-nyte-oyeblikket\/","title":{"rendered":"Novedad Servilletas ; Se trata de saborear el momento"},"content":{"rendered":"<p>\u00a1Nuevo gran producto en Lykketegning!<\/p>\n<p>Servilletas de cena adecuadas para todas las ocasiones, como bodas, bautizos, confirmaciones y fiestas de amigos.<\/p>\n<p>Combina a la perfecci\u00f3n con las preciosas copas de vino y champ\u00e1n de Lykketegning.<\/p>\n<p>D20 cm, Papel, blanco, dorado. Paquete de 12 servilletas. 40\u00d740 cm<\/p>\n<p>Servilleta de papel extra grueso de 1 capa. Tinta al agua sin cloro<\/p>","protected":false},"excerpt":{"rendered":"<p>\u00a1Nuevo gran producto en Lykketegning!<\/p>\n<p>Servilletas de cena adecuadas para todas las ocasiones, como bodas, bautizos, confirmaciones y fiestas de amigos.<\/p>\n<p>Combina a la perfecci\u00f3n con las preciosas copas de vino y champ\u00e1n de Lykketegning.<\/p>\n<p>D20 cm, Papel, \/blanco, dorado. 12 servilletas por paquete. 40\u00d740 cm<\/p>\n<p>Servilleta de papel extra grueso de 1 capa. Tinta al agua sin cloro<\/p>","protected":false},"featured_media":37174,"comment_status":"open","ping_status":"closed","template":"","meta":[],"product_brand":[],"product_cat":[143],"product_tag":[265,266,264],"class_list":{"0":"post-37173","1":"product","2":"type-product","3":"status-publish","4":"has-post-thumbnail","6":"product_cat-ukategorisert","7":"product_tag-middagsservietter","8":"product_tag-napkin","9":"product_tag-servietter","11":"first","12":"outofstock","13":"taxable","14":"shipping-taxable","15":"purchasable","16":"product-type-simple"},"yoast_head":"<!-- This site is optimized with the Yoast SEO plugin v27.6 - https:\/\/yoast.com\/product\/yoast-seo-wordpress\/ -->\n<title>Nyhet! Servietter ; Det handler om \u00e5 nyte \u00f8yeblikket - LYKKETEGNING ILLUSTRAT\u00d8R<\/title>\n<meta name=\"robots\" content=\"noindex, follow, max-snippet:-1, max-image-preview:large, max-video-preview:-1\" \/>\n<meta property=\"og:locale\" content=\"es_ES\" \/>\n<meta property=\"og:type\" content=\"article\" \/>\n<meta property=\"og:title\" content=\"Nyhet! Servietter ; Det handler om \u00e5 nyte \u00f8yeblikket - LYKKETEGNING ILLUSTRAT\u00d8R\" \/>\n<meta property=\"og:description\" content=\"Helt nytt flott produkt hos Lykketegning!  Middagsservietter som passer til alle anledninger som bryllup, d\u00e5p, konfirmasjoner og venneselskap.  Passer utmerket sammen med de flotte vinglassene og champagneglassene til Lykketegning.  D20 cm, Papir, \/hvitt, gull. 12 servietter i en pakke. 40x40 cm  Ekstra tykk papirserviett 1-lags. Klorfritt, vannbasert blekk\" \/>\n<meta property=\"og:url\" content=\"https:\/\/lykketegningtest.wp3.hcweb.dev\/es\/producto\/serviett-det-handler-om-a-nyte-oyeblikket\/\" \/>\n<meta property=\"og:site_name\" content=\"LYKKETEGNING ILLUSTRAT\u00d8R\" \/>\n<meta property=\"article:publisher\" content=\"https:\/\/www.facebook.com\/lykketegning\/\" \/>\n<meta property=\"article:modified_time\" content=\"2026-03-25T13:03:16+00:00\" \/>\n<meta property=\"og:image\" content=\"https:\/\/www.lykketegning.no\/wp-content\/uploads\/2024\/04\/IMG_9124-scaled-1.jpg\" \/>\n\t<meta property=\"og:image:width\" content=\"1920\" \/>\n\t<meta property=\"og:image:height\" content=\"2560\" \/>\n\t<meta property=\"og:image:type\" content=\"image\/jpeg\" \/>\n<meta name=\"twitter:card\" content=\"summary_large_image\" \/>\n<meta name=\"twitter:label1\" content=\"Tiempo de lectura\" \/>\n\t<meta name=\"twitter:data1\" content=\"1 minuto\" \/>\n<script type=\"application\/ld+json\" class=\"yoast-schema-graph\">{\"@context\":\"https:\\\/\\\/schema.org\",\"@graph\":[{\"@type\":\"WebPage\",\"@id\":\"https:\\\/\\\/lykketegningtest.wp3.hcweb.dev\\\/produkt\\\/serviett-det-handler-om-a-nyte-oyeblikket\\\/\",\"url\":\"https:\\\/\\\/lykketegningtest.wp3.hcweb.dev\\\/produkt\\\/serviett-det-handler-om-a-nyte-oyeblikket\\\/\",\"name\":\"Nyhet! Servietter ; Det handler om \u00e5 nyte \u00f8yeblikket - LYKKETEGNING ILLUSTRAT\u00d8R\",\"isPartOf\":{\"@id\":\"https:\\\/\\\/lykketegningtest.wp3.hcweb.dev\\\/#website\"},\"primaryImageOfPage\":{\"@id\":\"https:\\\/\\\/lykketegningtest.wp3.hcweb.dev\\\/produkt\\\/serviett-det-handler-om-a-nyte-oyeblikket\\\/#primaryimage\"},\"image\":{\"@id\":\"https:\\\/\\\/lykketegningtest.wp3.hcweb.dev\\\/produkt\\\/serviett-det-handler-om-a-nyte-oyeblikket\\\/#primaryimage\"},\"thumbnailUrl\":\"https:\\\/\\\/lykketegningtest.wp3.hcweb.dev\\\/wp-content\\\/uploads\\\/2024\\\/04\\\/IMG_9124-scaled-1.jpg\",\"datePublished\":\"2021-09-21T09:53:08+00:00\",\"dateModified\":\"2026-03-25T13:03:16+00:00\",\"breadcrumb\":{\"@id\":\"https:\\\/\\\/lykketegningtest.wp3.hcweb.dev\\\/produkt\\\/serviett-det-handler-om-a-nyte-oyeblikket\\\/#breadcrumb\"},\"inLanguage\":\"es\",\"potentialAction\":[{\"@type\":\"ReadAction\",\"target\":[\"https:\\\/\\\/lykketegningtest.wp3.hcweb.dev\\\/produkt\\\/serviett-det-handler-om-a-nyte-oyeblikket\\\/\"]}]},{\"@type\":\"ImageObject\",\"inLanguage\":\"es\",\"@id\":\"https:\\\/\\\/lykketegningtest.wp3.hcweb.dev\\\/produkt\\\/serviett-det-handler-om-a-nyte-oyeblikket\\\/#primaryimage\",\"url\":\"https:\\\/\\\/lykketegningtest.wp3.hcweb.dev\\\/wp-content\\\/uploads\\\/2024\\\/04\\\/IMG_9124-scaled-1.jpg\",\"contentUrl\":\"https:\\\/\\\/lykketegningtest.wp3.hcweb.dev\\\/wp-content\\\/uploads\\\/2024\\\/04\\\/IMG_9124-scaled-1.jpg\",\"width\":1920,\"height\":2560},{\"@type\":\"BreadcrumbList\",\"@id\":\"https:\\\/\\\/lykketegningtest.wp3.hcweb.dev\\\/produkt\\\/serviett-det-handler-om-a-nyte-oyeblikket\\\/#breadcrumb\",\"itemListElement\":[{\"@type\":\"ListItem\",\"position\":1,\"name\":\"Hjem\",\"item\":\"https:\\\/\\\/lykketegningtest.wp3.hcweb.dev\\\/\"},{\"@type\":\"ListItem\",\"position\":2,\"name\":\"Shop\",\"item\":\"https:\\\/\\\/lykketegningtest.wp3.hcweb.dev\\\/sv\\\/webbutik\\\/\"},{\"@type\":\"ListItem\",\"position\":3,\"name\":\"Nyhet! Servietter ; Det handler om \u00e5 nyte \u00f8yeblikket\"}]},{\"@type\":\"WebSite\",\"@id\":\"https:\\\/\\\/lykketegningtest.wp3.hcweb.dev\\\/#website\",\"url\":\"https:\\\/\\\/lykketegningtest.wp3.hcweb.dev\\\/\",\"name\":\"LYKKETEGNING ILLUSTRAT\u00d8R\",\"description\":\"\",\"publisher\":{\"@id\":\"https:\\\/\\\/lykketegningtest.wp3.hcweb.dev\\\/#organization\"},\"potentialAction\":[{\"@type\":\"SearchAction\",\"target\":{\"@type\":\"EntryPoint\",\"urlTemplate\":\"https:\\\/\\\/lykketegningtest.wp3.hcweb.dev\\\/?s={search_term_string}\"},\"query-input\":{\"@type\":\"PropertyValueSpecification\",\"valueRequired\":true,\"valueName\":\"search_term_string\"}}],\"inLanguage\":\"es\"},{\"@type\":\"Organization\",\"@id\":\"https:\\\/\\\/lykketegningtest.wp3.hcweb.dev\\\/#organization\",\"name\":\"LYKKETEGNING ILLUSTRAT\u00d8R\",\"url\":\"https:\\\/\\\/lykketegningtest.wp3.hcweb.dev\\\/\",\"logo\":{\"@type\":\"ImageObject\",\"inLanguage\":\"es\",\"@id\":\"https:\\\/\\\/lykketegningtest.wp3.hcweb.dev\\\/#\\\/schema\\\/logo\\\/image\\\/\",\"url\":\"https:\\\/\\\/lykketegningtest.wp3.hcweb.dev\\\/wp-content\\\/uploads\\\/2020\\\/03\\\/Logo2020_h400px.jpg\",\"contentUrl\":\"https:\\\/\\\/lykketegningtest.wp3.hcweb.dev\\\/wp-content\\\/uploads\\\/2020\\\/03\\\/Logo2020_h400px.jpg\",\"width\":1024,\"height\":400,\"caption\":\"LYKKETEGNING ILLUSTRAT\u00d8R\"},\"image\":{\"@id\":\"https:\\\/\\\/lykketegningtest.wp3.hcweb.dev\\\/#\\\/schema\\\/logo\\\/image\\\/\"},\"sameAs\":[\"https:\\\/\\\/www.facebook.com\\\/lykketegning\\\/\",\"https:\\\/\\\/www.instagram.com\\\/lykketegning\\\/\",\"https:\\\/\\\/www.youtube.com\\\/@lykketegningillustrations\",\"https:\\\/\\\/www.tiktok.com\\\/@lykketegningillustration\"]}]}<\/script>\n<!-- \/ Yoast SEO plugin. -->","yoast_head_json":{"title":"Novedad Servilletas ; Se trata de saborear el momento - LYKKETEGNING ILLUSTRAT\u00d8R","robots":{"index":"noindex","follow":"follow","max-snippet":"max-snippet:-1","max-image-preview":"max-image-preview:large","max-video-preview":"max-video-preview:-1"},"og_locale":"es_ES","og_type":"article","og_title":"Nyhet! Servietter ; Det handler om \u00e5 nyte \u00f8yeblikket - LYKKETEGNING ILLUSTRAT\u00d8R","og_description":"Helt nytt flott produkt hos Lykketegning!  Middagsservietter som passer til alle anledninger som bryllup, d\u00e5p, konfirmasjoner og venneselskap.  Passer utmerket sammen med de flotte vinglassene og champagneglassene til Lykketegning.  D20 cm, Papir, \/hvitt, gull. 12 servietter i en pakke. 40x40 cm  Ekstra tykk papirserviett 1-lags. Klorfritt, vannbasert blekk","og_url":"https:\/\/lykketegningtest.wp3.hcweb.dev\/es\/producto\/serviett-det-handler-om-a-nyte-oyeblikket\/","og_site_name":"LYKKETEGNING ILLUSTRAT\u00d8R","article_publisher":"https:\/\/www.facebook.com\/lykketegning\/","article_modified_time":"2026-03-25T13:03:16+00:00","og_image":[{"width":1920,"height":2560,"url":"https:\/\/www.lykketegning.no\/wp-content\/uploads\/2024\/04\/IMG_9124-scaled-1.jpg","type":"image\/jpeg"}],"twitter_card":"summary_large_image","twitter_misc":{"Tiempo de lectura":"1 minuto"},"schema":{"@context":"https:\/\/schema.org","@graph":[{"@type":"WebPage","@id":"https:\/\/lykketegningtest.wp3.hcweb.dev\/produkt\/serviett-det-handler-om-a-nyte-oyeblikket\/","url":"https:\/\/lykketegningtest.wp3.hcweb.dev\/produkt\/serviett-det-handler-om-a-nyte-oyeblikket\/","name":"Novedad Servilletas ; Se trata de saborear el momento - LYKKETEGNING ILLUSTRAT\u00d8R","isPartOf":{"@id":"https:\/\/lykketegningtest.wp3.hcweb.dev\/#website"},"primaryImageOfPage":{"@id":"https:\/\/lykketegningtest.wp3.hcweb.dev\/produkt\/serviett-det-handler-om-a-nyte-oyeblikket\/#primaryimage"},"image":{"@id":"https:\/\/lykketegningtest.wp3.hcweb.dev\/produkt\/serviett-det-handler-om-a-nyte-oyeblikket\/#primaryimage"},"thumbnailUrl":"https:\/\/lykketegningtest.wp3.hcweb.dev\/wp-content\/uploads\/2024\/04\/IMG_9124-scaled-1.jpg","datePublished":"2021-09-21T09:53:08+00:00","dateModified":"2026-03-25T13:03:16+00:00","breadcrumb":{"@id":"https:\/\/lykketegningtest.wp3.hcweb.dev\/produkt\/serviett-det-handler-om-a-nyte-oyeblikket\/#breadcrumb"},"inLanguage":"es","potentialAction":[{"@type":"ReadAction","target":["https:\/\/lykketegningtest.wp3.hcweb.dev\/produkt\/serviett-det-handler-om-a-nyte-oyeblikket\/"]}]},{"@type":"ImageObject","inLanguage":"es","@id":"https:\/\/lykketegningtest.wp3.hcweb.dev\/produkt\/serviett-det-handler-om-a-nyte-oyeblikket\/#primaryimage","url":"https:\/\/lykketegningtest.wp3.hcweb.dev\/wp-content\/uploads\/2024\/04\/IMG_9124-scaled-1.jpg","contentUrl":"https:\/\/lykketegningtest.wp3.hcweb.dev\/wp-content\/uploads\/2024\/04\/IMG_9124-scaled-1.jpg","width":1920,"height":2560},{"@type":"BreadcrumbList","@id":"https:\/\/lykketegningtest.wp3.hcweb.dev\/produkt\/serviett-det-handler-om-a-nyte-oyeblikket\/#breadcrumb","itemListElement":[{"@type":"ListItem","position":1,"name":"Hjem","item":"https:\/\/lykketegningtest.wp3.hcweb.dev\/"},{"@type":"ListItem","position":2,"name":"Shop","item":"https:\/\/lykketegningtest.wp3.hcweb.dev\/sv\/webbutik\/"},{"@type":"ListItem","position":3,"name":"Nyhet! Servietter ; Det handler om \u00e5 nyte \u00f8yeblikket"}]},{"@type":"WebSite","@id":"https:\/\/lykketegningtest.wp3.hcweb.dev\/#website","url":"https:\/\/lykketegningtest.wp3.hcweb.dev\/","name":"SUERTE DIBUJO ILUSTRADOR","description":"","publisher":{"@id":"https:\/\/lykketegningtest.wp3.hcweb.dev\/#organization"},"potentialAction":[{"@type":"SearchAction","target":{"@type":"EntryPoint","urlTemplate":"https:\/\/lykketegningtest.wp3.hcweb.dev\/?s={search_term_string}"},"query-input":{"@type":"PropertyValueSpecification","valueRequired":true,"valueName":"search_term_string"}}],"inLanguage":"es"},{"@type":"Organization","@id":"https:\/\/lykketegningtest.wp3.hcweb.dev\/#organization","name":"SUERTE DIBUJO ILUSTRADOR","url":"https:\/\/lykketegningtest.wp3.hcweb.dev\/","logo":{"@type":"ImageObject","inLanguage":"es","@id":"https:\/\/lykketegningtest.wp3.hcweb.dev\/#\/schema\/logo\/image\/","url":"https:\/\/lykketegningtest.wp3.hcweb.dev\/wp-content\/uploads\/2020\/03\/Logo2020_h400px.jpg","contentUrl":"https:\/\/lykketegningtest.wp3.hcweb.dev\/wp-content\/uploads\/2020\/03\/Logo2020_h400px.jpg","width":1024,"height":400,"caption":"LYKKETEGNING ILLUSTRAT\u00d8R"},"image":{"@id":"https:\/\/lykketegningtest.wp3.hcweb.dev\/#\/schema\/logo\/image\/"},"sameAs":["https:\/\/www.facebook.com\/lykketegning\/","https:\/\/www.instagram.com\/lykketegning\/","https:\/\/www.youtube.com\/@lykketegningillustrations","https:\/\/www.tiktok.com\/@lykketegningillustration"]}]}},"_links":{"self":[{"href":"https:\/\/lykketegningtest.wp3.hcweb.dev\/es\/wp-json\/wp\/v2\/product\/37173","targetHints":{"allow":["GET"]}}],"collection":[{"href":"https:\/\/lykketegningtest.wp3.hcweb.dev\/es\/wp-json\/wp\/v2\/product"}],"about":[{"href":"https:\/\/lykketegningtest.wp3.hcweb.dev\/es\/wp-json\/wp\/v2\/types\/product"}],"replies":[{"embeddable":true,"href":"https:\/\/lykketegningtest.wp3.hcweb.dev\/es\/wp-json\/wp\/v2\/comments?post=37173"}],"wp:featuredmedia":[{"embeddable":true,"href":"https:\/\/lykketegningtest.wp3.hcweb.dev\/es\/wp-json\/wp\/v2\/media\/37174"}],"wp:attachment":[{"href":"https:\/\/lykketegningtest.wp3.hcweb.dev\/es\/wp-json\/wp\/v2\/media?parent=37173"}],"wp:term":[{"taxonomy":"product_brand","embeddable":true,"href":"https:\/\/lykketegningtest.wp3.hcweb.dev\/es\/wp-json\/wp\/v2\/product_brand?post=37173"},{"taxonomy":"product_cat","embeddable":true,"href":"https:\/\/lykketegningtest.wp3.hcweb.dev\/es\/wp-json\/wp\/v2\/product_cat?post=37173"},{"taxonomy":"product_tag","embeddable":true,"href":"https:\/\/lykketegningtest.wp3.hcweb.dev\/es\/wp-json\/wp\/v2\/product_tag?post=37173"}],"curies":[{"name":"wp","href":"https:\/\/api.w.org\/{rel}","templated":true}]}}