{"id":37227,"date":"2024-12-01T11:03:06","date_gmt":"2024-12-01T10:03:06","guid":{"rendered":"https:\/\/www-lykketegning.wp3.hcweb.dev\/fornyelse\/?post_type=product&#038;p=37227"},"modified":"2026-04-24T14:06:44","modified_gmt":"2026-04-24T12:06:44","slug":"lykkekopp-en-venn-som-deg-lykketegning","status":"publish","type":"product","link":"https:\/\/lykketegningtest.wp3.hcweb.dev\/es\/producto\/lykkekopp-en-venn-som-deg-lykketegning\/","title":{"rendered":"Taza feliz \"Un amigo como t\u00fa\" Dibujo feliz"},"content":{"rendered":"<p>\"Tener un amigo como t\u00fa hace la vida mucho mejor\"<\/p>\n<p><i>Un amigo te escucha y te ve.<span class=\"Apple-converted-space\">\u00a0<\/span><\/i><\/p>\n<p><i>Un amigo te alegra el d\u00eda y te acompa\u00f1a en los viajes divertidos y en los momentos dif\u00edciles.<span class=\"Apple-converted-space\">\u00a0<\/span><\/i><\/p>\n<p><i>Ya era hora de que hiciera una taza de amigo porque T\u00da eres tan amigo de alguien.<span class=\"Apple-converted-space\">\u00a0<\/span><\/i><\/p>\n<p><i>\u00a1Fant\u00e1stico!<span class=\"Apple-converted-space\">\u00a0<\/span><\/i><\/p>\n<p><i>Sigue siendo un buen amigo: \u00a1mejoras la vida de los dem\u00e1s!<span class=\"Apple-converted-space\">\u00a0<\/span><\/i><\/p>\n<p><i>Que tenga un buen d\u00eda.<\/i><\/p>\n<p><i>***<\/i><\/p>\n<p><i>Sigue siendo un buen amigo: \u00a1mejoras considerablemente la vida de los dem\u00e1s!<span class=\"Apple-converted-space\">\u00a0<\/span><\/i><\/p>\n<p>Ingebj\u00f8rg Rang\u00f8y Sj\u00e5land<\/p>\n<p>Sorteo de la suerte<\/p>\n<p>&nbsp;<\/p>\n<p>La nueva taza \"Friend\" es deliciosa para beber. \u00a1Haz tu pedido ahora y consigue tu propia Taza Feliz! Un regalo estupendo para un amigo o para ti mismo.<\/p>\n<p>&nbsp;<\/p>\n<p>Taza Morado claro D8 H9,5 400ml Material: Porcelana<\/p>\n<p>Apto para lavavajillas<\/p>","protected":false},"excerpt":{"rendered":"<p>&nbsp;<\/p>\n<p>\"Tener un amigo como t\u00fa hace la vida mucho mejor\"<\/p>\n<p><i>Un amigo te escucha y te ve. <\/i><\/p>\n<p><i>Un amigo te alegra el d\u00eda y te acompa\u00f1a en los viajes divertidos y en los momentos dif\u00edciles. <\/i><\/p>\n<p><i>Ya era hora de que hiciera una taza de amigo porque T\u00da eres tan amigo de alguien. <\/i><\/p>\n<ol>\n<li><i>\u00a1Fant\u00e1stico! <\/i><\/li>\n<\/ol>\n<p><i>Sigue siendo un buen amigo: \u00a1mejoras la vida de los dem\u00e1s! <\/i><\/p>\n<p><i>Que tenga un buen d\u00eda.<\/i><\/p>\n<p><i>***<\/i><\/p>\n<p><i>Sigue siendo un buen amigo: \u00a1mejoras considerablemente la vida de los dem\u00e1s! <\/i><\/p>\n<p>Ingebj\u00f8rg Rang\u00f8y Sj\u00e5land<\/p>\n<p>Sorteo de la suerte<\/p>\n<p>&nbsp;<\/p>\n<p>La nueva taza \"Friend\" es deliciosa para beber. \u00a1Haz tu pedido ahora y consigue tu propia Taza Feliz! Un regalo estupendo para un amigo o para ti mismo.<\/p>\n<p>&nbsp;<\/p>\n<p>Taza Morado claro D8 H9,5 400ml Material: Porcelana<\/p>\n<p>Apto para lavavajillas<\/p>","protected":false},"featured_media":39702,"comment_status":"open","ping_status":"closed","template":"","meta":[],"product_brand":[],"product_cat":[41],"product_tag":[294,12,13,293,291,292],"class_list":{"0":"post-37227","1":"product","2":"type-product","3":"status-publish","4":"has-post-thumbnail","6":"product_cat-lykkekopper","7":"product_tag-en-venn-som-deg","8":"product_tag-kopp","9":"product_tag-krus","10":"product_tag-lykketegningkopp-venn","11":"product_tag-venn","12":"product_tag-vennekopp","14":"first","15":"instock","16":"taxable","17":"shipping-taxable","18":"purchasable","19":"product-type-simple"},"yoast_head":"<!-- This site is optimized with the Yoast SEO plugin v27.5 - https:\/\/yoast.com\/product\/yoast-seo-wordpress\/ -->\n<title>Lykkekrus &quot;En venn som deg&quot; Lykketegning - LYKKETEGNING ILLUSTRAT\u00d8R<\/title>\n<meta name=\"description\" content=\"&quot;\u00c5 ha en venn som deg gj\u00f8r livet betraktelig bedre&quot;En venn lytter og ser deg.En venn l\u00f8fter dagen og er med p\u00e5 de morsomme reisene og de tunge stundene.Det var p\u00e5 tide at jeg laget en vennekopp fordi DU er en slik venn for noen.\" \/>\n<meta name=\"robots\" content=\"noindex, follow, max-snippet:-1, max-image-preview:large, max-video-preview:-1\" \/>\n<meta property=\"og:locale\" content=\"es_ES\" \/>\n<meta property=\"og:type\" content=\"article\" \/>\n<meta property=\"og:title\" content=\"Lykkekrus &quot;En venn som deg&quot; Lykketegning - LYKKETEGNING ILLUSTRAT\u00d8R\" \/>\n<meta property=\"og:description\" content=\"&quot;\u00c5 ha en venn som deg gj\u00f8r livet betraktelig bedre&quot;En venn lytter og ser deg.En venn l\u00f8fter dagen og er med p\u00e5 de morsomme reisene og de tunge stundene.Det var p\u00e5 tide at jeg laget en vennekopp fordi DU er en slik venn for noen.\" \/>\n<meta property=\"og:url\" content=\"https:\/\/lykketegningtest.wp3.hcweb.dev\/es\/product-2\/lyckokopp-en-van-som-du-lycklig-teckning\/\" \/>\n<meta property=\"og:site_name\" content=\"LYKKETEGNING ILLUSTRAT\u00d8R\" \/>\n<meta property=\"article:publisher\" content=\"https:\/\/www.facebook.com\/lykketegning\/\" \/>\n<meta property=\"article:modified_time\" content=\"2026-04-24T12:06:44+00:00\" \/>\n<meta name=\"twitter:card\" content=\"summary_large_image\" \/>\n<meta name=\"twitter:label1\" content=\"Tiempo de lectura\" \/>\n\t<meta name=\"twitter:data1\" content=\"1 minuto\" \/>\n<script type=\"application\/ld+json\" class=\"yoast-schema-graph\">{\"@context\":\"https:\\\/\\\/schema.org\",\"@graph\":[{\"@type\":\"WebPage\",\"@id\":\"https:\\\/\\\/lykketegningtest.wp3.hcweb.dev\\\/sv\\\/product-2\\\/lyckokopp-en-van-som-du-lycklig-teckning\\\/\",\"url\":\"https:\\\/\\\/lykketegningtest.wp3.hcweb.dev\\\/sv\\\/product-2\\\/lyckokopp-en-van-som-du-lycklig-teckning\\\/\",\"name\":\"Lykkekrus \\\"En venn som deg\\\" Lykketegning - LYKKETEGNING ILLUSTRAT\u00d8R\",\"isPartOf\":{\"@id\":\"https:\\\/\\\/lykketegningtest.wp3.hcweb.dev\\\/#website\"},\"primaryImageOfPage\":{\"@id\":\"https:\\\/\\\/lykketegningtest.wp3.hcweb.dev\\\/sv\\\/product-2\\\/lyckokopp-en-van-som-du-lycklig-teckning\\\/#primaryimage\"},\"image\":{\"@id\":\"https:\\\/\\\/lykketegningtest.wp3.hcweb.dev\\\/sv\\\/product-2\\\/lyckokopp-en-van-som-du-lycklig-teckning\\\/#primaryimage\"},\"thumbnailUrl\":\"https:\\\/\\\/lykketegningtest.wp3.hcweb.dev\\\/wp-content\\\/uploads\\\/2023\\\/09\\\/IMG_7227-scaled.jpg\",\"datePublished\":\"2024-12-01T10:03:06+00:00\",\"dateModified\":\"2026-04-24T12:06:44+00:00\",\"description\":\"\\\"\u00c5 ha en venn som deg gj\u00f8r livet betraktelig bedre\\\"En venn lytter og ser deg.En venn l\u00f8fter dagen og er med p\u00e5 de morsomme reisene og de tunge stundene.Det var p\u00e5 tide at jeg laget en vennekopp fordi DU er en slik venn for noen.\",\"breadcrumb\":{\"@id\":\"https:\\\/\\\/lykketegningtest.wp3.hcweb.dev\\\/sv\\\/product-2\\\/lyckokopp-en-van-som-du-lycklig-teckning\\\/#breadcrumb\"},\"inLanguage\":\"es\",\"potentialAction\":[{\"@type\":\"ReadAction\",\"target\":[\"https:\\\/\\\/lykketegningtest.wp3.hcweb.dev\\\/sv\\\/product-2\\\/lyckokopp-en-van-som-du-lycklig-teckning\\\/\"]}]},{\"@type\":\"ImageObject\",\"inLanguage\":\"es\",\"@id\":\"https:\\\/\\\/lykketegningtest.wp3.hcweb.dev\\\/sv\\\/product-2\\\/lyckokopp-en-van-som-du-lycklig-teckning\\\/#primaryimage\",\"url\":\"https:\\\/\\\/lykketegningtest.wp3.hcweb.dev\\\/wp-content\\\/uploads\\\/2023\\\/09\\\/IMG_7227-scaled.jpg\",\"contentUrl\":\"https:\\\/\\\/lykketegningtest.wp3.hcweb.dev\\\/wp-content\\\/uploads\\\/2023\\\/09\\\/IMG_7227-scaled.jpg\",\"width\":2560,\"height\":2560},{\"@type\":\"BreadcrumbList\",\"@id\":\"https:\\\/\\\/lykketegningtest.wp3.hcweb.dev\\\/sv\\\/product-2\\\/lyckokopp-en-van-som-du-lycklig-teckning\\\/#breadcrumb\",\"itemListElement\":[{\"@type\":\"ListItem\",\"position\":1,\"name\":\"Hjem\",\"item\":\"https:\\\/\\\/lykketegningtest.wp3.hcweb.dev\\\/\"},{\"@type\":\"ListItem\",\"position\":2,\"name\":\"Shop\",\"item\":\"https:\\\/\\\/lykketegningtest.wp3.hcweb.dev\\\/sv\\\/webbutik\\\/\"},{\"@type\":\"ListItem\",\"position\":3,\"name\":\"Lykkekrus &#8220;En venn som deg&#8221; Lykketegning\"}]},{\"@type\":\"WebSite\",\"@id\":\"https:\\\/\\\/lykketegningtest.wp3.hcweb.dev\\\/#website\",\"url\":\"https:\\\/\\\/lykketegningtest.wp3.hcweb.dev\\\/\",\"name\":\"LYKKETEGNING ILLUSTRAT\u00d8R\",\"description\":\"\",\"publisher\":{\"@id\":\"https:\\\/\\\/lykketegningtest.wp3.hcweb.dev\\\/#organization\"},\"potentialAction\":[{\"@type\":\"SearchAction\",\"target\":{\"@type\":\"EntryPoint\",\"urlTemplate\":\"https:\\\/\\\/lykketegningtest.wp3.hcweb.dev\\\/?s={search_term_string}\"},\"query-input\":{\"@type\":\"PropertyValueSpecification\",\"valueRequired\":true,\"valueName\":\"search_term_string\"}}],\"inLanguage\":\"es\"},{\"@type\":\"Organization\",\"@id\":\"https:\\\/\\\/lykketegningtest.wp3.hcweb.dev\\\/#organization\",\"name\":\"LYKKETEGNING ILLUSTRAT\u00d8R\",\"url\":\"https:\\\/\\\/lykketegningtest.wp3.hcweb.dev\\\/\",\"logo\":{\"@type\":\"ImageObject\",\"inLanguage\":\"es\",\"@id\":\"https:\\\/\\\/lykketegningtest.wp3.hcweb.dev\\\/#\\\/schema\\\/logo\\\/image\\\/\",\"url\":\"https:\\\/\\\/lykketegningtest.wp3.hcweb.dev\\\/wp-content\\\/uploads\\\/2020\\\/03\\\/Logo2020_h400px.jpg\",\"contentUrl\":\"https:\\\/\\\/lykketegningtest.wp3.hcweb.dev\\\/wp-content\\\/uploads\\\/2020\\\/03\\\/Logo2020_h400px.jpg\",\"width\":1024,\"height\":400,\"caption\":\"LYKKETEGNING ILLUSTRAT\u00d8R\"},\"image\":{\"@id\":\"https:\\\/\\\/lykketegningtest.wp3.hcweb.dev\\\/#\\\/schema\\\/logo\\\/image\\\/\"},\"sameAs\":[\"https:\\\/\\\/www.facebook.com\\\/lykketegning\\\/\",\"https:\\\/\\\/www.instagram.com\\\/lykketegning\\\/\",\"https:\\\/\\\/www.youtube.com\\\/@lykketegningillustrations\",\"https:\\\/\\\/www.tiktok.com\\\/@lykketegningillustration\"]}]}<\/script>\n<!-- \/ Yoast SEO plugin. -->","yoast_head_json":{"title":"Taza de la suerte \"Un amigo como t\u00fa\" Dibujo de la suerte - LUCKY DRAWING ILLUSTRATOR","description":"\"Tener un amigo como t\u00fa hace que la vida sea considerablemente mejor \"Un amigo te escucha y te ve.Un amigo te levanta el d\u00eda y est\u00e1 contigo en los viajes divertidos y en los momentos dif\u00edciles.Ya era hora de que hiciera una taza de amigo porque T\u00da eres un amigo para alguien.","robots":{"index":"noindex","follow":"follow","max-snippet":"max-snippet:-1","max-image-preview":"max-image-preview:large","max-video-preview":"max-video-preview:-1"},"og_locale":"es_ES","og_type":"article","og_title":"Lykkekrus \"En venn som deg\" Lykketegning - LYKKETEGNING ILLUSTRAT\u00d8R","og_description":"\"\u00c5 ha en venn som deg gj\u00f8r livet betraktelig bedre\"En venn lytter og ser deg.En venn l\u00f8fter dagen og er med p\u00e5 de morsomme reisene og de tunge stundene.Det var p\u00e5 tide at jeg laget en vennekopp fordi DU er en slik venn for noen.","og_url":"https:\/\/lykketegningtest.wp3.hcweb.dev\/es\/product-2\/lyckokopp-en-van-som-du-lycklig-teckning\/","og_site_name":"LYKKETEGNING ILLUSTRAT\u00d8R","article_publisher":"https:\/\/www.facebook.com\/lykketegning\/","article_modified_time":"2026-04-24T12:06:44+00:00","twitter_card":"summary_large_image","twitter_misc":{"Tiempo de lectura":"1 minuto"},"schema":{"@context":"https:\/\/schema.org","@graph":[{"@type":"WebPage","@id":"https:\/\/lykketegningtest.wp3.hcweb.dev\/sv\/product-2\/lyckokopp-en-van-som-du-lycklig-teckning\/","url":"https:\/\/lykketegningtest.wp3.hcweb.dev\/sv\/product-2\/lyckokopp-en-van-som-du-lycklig-teckning\/","name":"Taza de la suerte \"Un amigo como t\u00fa\" Dibujo de la suerte - LUCKY DRAWING ILLUSTRATOR","isPartOf":{"@id":"https:\/\/lykketegningtest.wp3.hcweb.dev\/#website"},"primaryImageOfPage":{"@id":"https:\/\/lykketegningtest.wp3.hcweb.dev\/sv\/product-2\/lyckokopp-en-van-som-du-lycklig-teckning\/#primaryimage"},"image":{"@id":"https:\/\/lykketegningtest.wp3.hcweb.dev\/sv\/product-2\/lyckokopp-en-van-som-du-lycklig-teckning\/#primaryimage"},"thumbnailUrl":"https:\/\/lykketegningtest.wp3.hcweb.dev\/wp-content\/uploads\/2023\/09\/IMG_7227-scaled.jpg","datePublished":"2024-12-01T10:03:06+00:00","dateModified":"2026-04-24T12:06:44+00:00","description":"\"Tener un amigo como t\u00fa hace que la vida sea considerablemente mejor \"Un amigo te escucha y te ve.Un amigo te levanta el d\u00eda y est\u00e1 contigo en los viajes divertidos y en los momentos dif\u00edciles.Ya era hora de que hiciera una taza de amigo porque T\u00da eres un amigo para alguien.","breadcrumb":{"@id":"https:\/\/lykketegningtest.wp3.hcweb.dev\/sv\/product-2\/lyckokopp-en-van-som-du-lycklig-teckning\/#breadcrumb"},"inLanguage":"es","potentialAction":[{"@type":"ReadAction","target":["https:\/\/lykketegningtest.wp3.hcweb.dev\/sv\/product-2\/lyckokopp-en-van-som-du-lycklig-teckning\/"]}]},{"@type":"ImageObject","inLanguage":"es","@id":"https:\/\/lykketegningtest.wp3.hcweb.dev\/sv\/product-2\/lyckokopp-en-van-som-du-lycklig-teckning\/#primaryimage","url":"https:\/\/lykketegningtest.wp3.hcweb.dev\/wp-content\/uploads\/2023\/09\/IMG_7227-scaled.jpg","contentUrl":"https:\/\/lykketegningtest.wp3.hcweb.dev\/wp-content\/uploads\/2023\/09\/IMG_7227-scaled.jpg","width":2560,"height":2560},{"@type":"BreadcrumbList","@id":"https:\/\/lykketegningtest.wp3.hcweb.dev\/sv\/product-2\/lyckokopp-en-van-som-du-lycklig-teckning\/#breadcrumb","itemListElement":[{"@type":"ListItem","position":1,"name":"Hjem","item":"https:\/\/lykketegningtest.wp3.hcweb.dev\/"},{"@type":"ListItem","position":2,"name":"Shop","item":"https:\/\/lykketegningtest.wp3.hcweb.dev\/sv\/webbutik\/"},{"@type":"ListItem","position":3,"name":"Lykkekrus &#8220;En venn som deg&#8221; Lykketegning"}]},{"@type":"WebSite","@id":"https:\/\/lykketegningtest.wp3.hcweb.dev\/#website","url":"https:\/\/lykketegningtest.wp3.hcweb.dev\/","name":"SUERTE DIBUJO ILUSTRADOR","description":"","publisher":{"@id":"https:\/\/lykketegningtest.wp3.hcweb.dev\/#organization"},"potentialAction":[{"@type":"SearchAction","target":{"@type":"EntryPoint","urlTemplate":"https:\/\/lykketegningtest.wp3.hcweb.dev\/?s={search_term_string}"},"query-input":{"@type":"PropertyValueSpecification","valueRequired":true,"valueName":"search_term_string"}}],"inLanguage":"es"},{"@type":"Organization","@id":"https:\/\/lykketegningtest.wp3.hcweb.dev\/#organization","name":"SUERTE DIBUJO ILUSTRADOR","url":"https:\/\/lykketegningtest.wp3.hcweb.dev\/","logo":{"@type":"ImageObject","inLanguage":"es","@id":"https:\/\/lykketegningtest.wp3.hcweb.dev\/#\/schema\/logo\/image\/","url":"https:\/\/lykketegningtest.wp3.hcweb.dev\/wp-content\/uploads\/2020\/03\/Logo2020_h400px.jpg","contentUrl":"https:\/\/lykketegningtest.wp3.hcweb.dev\/wp-content\/uploads\/2020\/03\/Logo2020_h400px.jpg","width":1024,"height":400,"caption":"LYKKETEGNING ILLUSTRAT\u00d8R"},"image":{"@id":"https:\/\/lykketegningtest.wp3.hcweb.dev\/#\/schema\/logo\/image\/"},"sameAs":["https:\/\/www.facebook.com\/lykketegning\/","https:\/\/www.instagram.com\/lykketegning\/","https:\/\/www.youtube.com\/@lykketegningillustrations","https:\/\/www.tiktok.com\/@lykketegningillustration"]}]}},"_links":{"self":[{"href":"https:\/\/lykketegningtest.wp3.hcweb.dev\/es\/wp-json\/wp\/v2\/product\/37227","targetHints":{"allow":["GET"]}}],"collection":[{"href":"https:\/\/lykketegningtest.wp3.hcweb.dev\/es\/wp-json\/wp\/v2\/product"}],"about":[{"href":"https:\/\/lykketegningtest.wp3.hcweb.dev\/es\/wp-json\/wp\/v2\/types\/product"}],"replies":[{"embeddable":true,"href":"https:\/\/lykketegningtest.wp3.hcweb.dev\/es\/wp-json\/wp\/v2\/comments?post=37227"}],"wp:featuredmedia":[{"embeddable":true,"href":"https:\/\/lykketegningtest.wp3.hcweb.dev\/es\/wp-json\/wp\/v2\/media\/39702"}],"wp:attachment":[{"href":"https:\/\/lykketegningtest.wp3.hcweb.dev\/es\/wp-json\/wp\/v2\/media?parent=37227"}],"wp:term":[{"taxonomy":"product_brand","embeddable":true,"href":"https:\/\/lykketegningtest.wp3.hcweb.dev\/es\/wp-json\/wp\/v2\/product_brand?post=37227"},{"taxonomy":"product_cat","embeddable":true,"href":"https:\/\/lykketegningtest.wp3.hcweb.dev\/es\/wp-json\/wp\/v2\/product_cat?post=37227"},{"taxonomy":"product_tag","embeddable":true,"href":"https:\/\/lykketegningtest.wp3.hcweb.dev\/es\/wp-json\/wp\/v2\/product_tag?post=37227"}],"curies":[{"name":"wp","href":"https:\/\/api.w.org\/{rel}","templated":true}]}}