{"id":37250,"date":"2024-11-10T09:10:44","date_gmt":"2024-11-10T08:10:44","guid":{"rendered":"https:\/\/www-lykketegning.wp3.hcweb.dev\/fornyelse\/?post_type=product&#038;p=37250"},"modified":"2025-04-01T11:45:53","modified_gmt":"2025-04-01T09:45:53","slug":"lykkekopp-fra-lykketegning-harmoni","status":"publish","type":"product","link":"https:\/\/lykketegningtest.wp3.hcweb.dev\/es\/producto\/lykkekopp-fra-lykketegning-harmoni\/","title":{"rendered":"Taza de la felicidad del dibujo de la felicidad \"ARMON\u00cdA\""},"content":{"rendered":"<p>Taza de la felicidad de Happiness Drawing \"ARMON\u00cdA \"\u00bfQu\u00e9 es para ti la armon\u00eda? Para m\u00ed, es probablemente cuando reina la calma. Cuando no hay tantos planes y puedes sentarte con una taza de caf\u00e9, t\u00e9 o cacao o escuchar m\u00fasica bonita. Puede que no dure mucho, pero acu\u00e9rdate de disfrutar del momento.<\/p>\n<p>&nbsp;<\/p>\n<p>Bonito color rojo y perfecto para el cacao o el caf\u00e9 de Navidad.<\/p>\n<p>Taza roja D7 H9 28 cl Material: Cer\u00e1mica<\/p>\n<p>Apto para lavavajillas<\/p>\n<p>Taza popular con cita de Lucky Drawing<\/p>\n<p>Ya est\u00e1n aqu\u00ed las tazas de Navidad de este a\u00f1o. Pide tanto \"Alegr\u00eda\" como \"Armon\u00eda\".<\/p>\n<p>Un gran regalo de Navidad para los dem\u00e1s o para uno mismo.<\/p>\n<p>Echa un vistazo tambi\u00e9n a otras tazas como Glede, Kos og Lykke, Ro og hygge. Y las preciosas cajas para tartas de Lykketegning.<\/p>\n<p>&nbsp;<\/p>\n<p>&nbsp;<\/p>\n<p><strong>\"En Lykketegning, cada ilustraci\u00f3n se crea con calidez y esmero.<\/strong><br \/>\n<strong>Con colores fuertes, l\u00edneas claras y buenas citas, Happiness Drawing quiere hacerte parar un momento, respirar hondo y poner rumbo hacia delante.<\/strong><br \/>\n<strong>Los corazones y las sonrisas son de m\u00ed para ti, para recordarte que eres muy bueno\".<\/strong><\/p>\n<p>&nbsp;<\/p>\n<p>En el sitio web encontrar\u00e1 algunas ilustraciones y otros productos, como tazas, tarjetas de felicitaci\u00f3n y calendarios.<\/p>\n<p>Aqu\u00ed se a\u00f1aden constantemente nuevos productos, as\u00ed que no dude en suscribirse al bolet\u00edn para recibir actualizaciones mensuales.<\/p>\n<p>Para <strong>muchos muchos muchos muchos<\/strong> m\u00e1s ilustraciones; visita mi perfil de Instagram y Facebook.<\/p>\n<p>De hecho, todas las ilustraciones est\u00e1n a la venta. 999 SEK para A4 y 1500 SEK para A3.<\/p>\n<p>Tambi\u00e9n puede encargar el suyo propio, un regalo estupendo para bodas y otras fiestas. Ponte en contacto con nosotros.<\/p>\n<p><em>Precio: 1500kr para A4 y A5 (hasta 5 personas\/animal) coste adicional para m\u00e1s (hasta 5 personas\/animal). A3 2000kr sin gastos de env\u00edo. Necesito saber color\/tipo de pelo, altura, intereses y n\u00famero deseado de personas ilustradas. Cualquier presupuesto que desee incluido.<\/em><\/p>\n<p>Si tiene alguna pregunta, no dude en ponerse en contacto conmigo. Si desea charlar sobre una posible cooperaci\u00f3n, env\u00edeme un correo electr\u00f3nico.<\/p>\n<p>Espero tener noticias suyas y que tenga un buen d\u00eda. <a href=\"https:\/\/www.facebook.com\/lykketegning\/?locale=nb_NO\">Esto te llevar\u00e1 a mi p\u00e1gina de Facebook.<\/a> Y si quieres seguirme en<a href=\"https:\/\/www.instagram.com\/lykketegning\/?hl=nb\"> Instagram, lo encontrar\u00e1s aqu\u00ed.<\/a><\/p>\n<p>Artista<br \/>\nIngebj\u00f8rg Rang\u00f8y Sj\u00e5land<\/p>\n<p>&nbsp;<\/p>","protected":false},"excerpt":{"rendered":"<p>Taza de la felicidad del dibujo de la felicidad \"ARMON\u00cdA\"<\/p>\n<p>\u00bfQu\u00e9 es para usted la armon\u00eda? Para m\u00ed, es probablemente cuando reina la calma. Cuando no hay tantos planes y puedes sentarte con una taza de caf\u00e9, t\u00e9 o cacao o escuchar m\u00fasica bonita. Puede que no dure mucho, pero recuerda disfrutar del momento cuando est\u00e9 ah\u00ed.<\/p>\n<p>Ya est\u00e1n aqu\u00ed las tazas de Navidad de este a\u00f1o. Pide tanto \"Alegr\u00eda\" como \"Armon\u00eda\".<\/p>\n<p>Un gran regalo de Navidad para los dem\u00e1s o para uno mismo.<\/p>\n<p>Taza roja D8 H9,5 470ml Material: Cer\u00e1mica<\/p>\n<p>Apto para lavavajillas<\/p>\n<p>Taza popular con cita de Lucky Drawing<\/p>","protected":false},"featured_media":37247,"comment_status":"closed","ping_status":"closed","template":"","meta":[],"product_brand":[],"product_cat":[41],"product_tag":[296,159,43,121],"class_list":{"0":"post-37250","1":"product","2":"type-product","3":"status-publish","4":"has-post-thumbnail","6":"product_cat-lykkekopper","7":"product_tag-harmoni","8":"product_tag-julekopp","9":"product_tag-lykkekopp","10":"product_tag-lykkekrus","12":"first","13":"outofstock","14":"taxable","15":"shipping-taxable","16":"purchasable","17":"product-type-simple"},"yoast_head":"<!-- This site is optimized with the Yoast SEO plugin v27.6 - https:\/\/yoast.com\/product\/yoast-seo-wordpress\/ -->\n<title>Lykkekopp fra Lykketegning &quot;HARMONI&quot; - LYKKETEGNING ILLUSTRAT\u00d8R<\/title>\n<meta name=\"description\" content=\"Lykkekopp fra Lykketegning &quot;HARMONI&quot; Hva er harmoni for deg? For meg er det nok n\u00e5r roen har senket seg. N\u00e5r det ikke er s\u00e5 mange planer og man kan sette seg tilbake med en kopp kaffe, te eller kakao \u00a0eller lytte til vakker musikk. Kanskje varer det ikke s\u00e5 lenge, men husk \u00e5 nyte stunden n\u00e5r den er der.\" \/>\n<meta name=\"robots\" content=\"noindex, follow, max-snippet:-1, max-image-preview:large, max-video-preview:-1\" \/>\n<meta property=\"og:locale\" content=\"es_ES\" \/>\n<meta property=\"og:type\" content=\"article\" \/>\n<meta property=\"og:title\" content=\"Lykkekopp fra Lykketegning &quot;HARMONI&quot; - LYKKETEGNING ILLUSTRAT\u00d8R\" \/>\n<meta property=\"og:description\" content=\"Lykkekopp fra Lykketegning &quot;HARMONI&quot; Hva er harmoni for deg? For meg er det nok n\u00e5r roen har senket seg. N\u00e5r det ikke er s\u00e5 mange planer og man kan sette seg tilbake med en kopp kaffe, te eller kakao \u00a0eller lytte til vakker musikk. Kanskje varer det ikke s\u00e5 lenge, men husk \u00e5 nyte stunden n\u00e5r den er der.\" \/>\n<meta property=\"og:url\" content=\"https:\/\/lykketegningtest.wp3.hcweb.dev\/es\/product-2\/gluckstasse-aus-der-glucksziehung-harmonie\/\" \/>\n<meta property=\"og:site_name\" content=\"LYKKETEGNING ILLUSTRAT\u00d8R\" \/>\n<meta property=\"article:publisher\" content=\"https:\/\/www.facebook.com\/lykketegning\/\" \/>\n<meta property=\"article:modified_time\" content=\"2025-04-01T09:45:53+00:00\" \/>\n<meta property=\"og:image\" content=\"https:\/\/www.lykketegning.no\/wp-content\/uploads\/2024\/04\/IMG_B0CAF0A81B88-1.jpeg\" \/>\n\t<meta property=\"og:image:width\" content=\"1284\" \/>\n\t<meta property=\"og:image:height\" content=\"1424\" \/>\n\t<meta property=\"og:image:type\" content=\"image\/jpeg\" \/>\n<meta name=\"twitter:card\" content=\"summary_large_image\" \/>\n<meta name=\"twitter:label1\" content=\"Tiempo de lectura\" \/>\n\t<meta name=\"twitter:data1\" content=\"3 minutos\" \/>\n<script type=\"application\/ld+json\" class=\"yoast-schema-graph\">{\"@context\":\"https:\\\/\\\/schema.org\",\"@graph\":[{\"@type\":\"WebPage\",\"@id\":\"https:\\\/\\\/lykketegningtest.wp3.hcweb.dev\\\/de\\\/product-2\\\/gluckstasse-aus-der-glucksziehung-harmonie\\\/\",\"url\":\"https:\\\/\\\/lykketegningtest.wp3.hcweb.dev\\\/de\\\/product-2\\\/gluckstasse-aus-der-glucksziehung-harmonie\\\/\",\"name\":\"Lykkekopp fra Lykketegning \\\"HARMONI\\\" - LYKKETEGNING ILLUSTRAT\u00d8R\",\"isPartOf\":{\"@id\":\"https:\\\/\\\/lykketegningtest.wp3.hcweb.dev\\\/#website\"},\"primaryImageOfPage\":{\"@id\":\"https:\\\/\\\/lykketegningtest.wp3.hcweb.dev\\\/de\\\/product-2\\\/gluckstasse-aus-der-glucksziehung-harmonie\\\/#primaryimage\"},\"image\":{\"@id\":\"https:\\\/\\\/lykketegningtest.wp3.hcweb.dev\\\/de\\\/product-2\\\/gluckstasse-aus-der-glucksziehung-harmonie\\\/#primaryimage\"},\"thumbnailUrl\":\"https:\\\/\\\/lykketegningtest.wp3.hcweb.dev\\\/wp-content\\\/uploads\\\/2024\\\/04\\\/IMG_B0CAF0A81B88-1.jpeg\",\"datePublished\":\"2024-11-10T08:10:44+00:00\",\"dateModified\":\"2025-04-01T09:45:53+00:00\",\"description\":\"Lykkekopp fra Lykketegning \\\"HARMONI\\\" Hva er harmoni for deg? For meg er det nok n\u00e5r roen har senket seg. N\u00e5r det ikke er s\u00e5 mange planer og man kan sette seg tilbake med en kopp kaffe, te eller kakao \u00a0eller lytte til vakker musikk. Kanskje varer det ikke s\u00e5 lenge, men husk \u00e5 nyte stunden n\u00e5r den er der.\",\"breadcrumb\":{\"@id\":\"https:\\\/\\\/lykketegningtest.wp3.hcweb.dev\\\/de\\\/product-2\\\/gluckstasse-aus-der-glucksziehung-harmonie\\\/#breadcrumb\"},\"inLanguage\":\"es\",\"potentialAction\":[{\"@type\":\"ReadAction\",\"target\":[\"https:\\\/\\\/lykketegningtest.wp3.hcweb.dev\\\/de\\\/product-2\\\/gluckstasse-aus-der-glucksziehung-harmonie\\\/\"]}]},{\"@type\":\"ImageObject\",\"inLanguage\":\"es\",\"@id\":\"https:\\\/\\\/lykketegningtest.wp3.hcweb.dev\\\/de\\\/product-2\\\/gluckstasse-aus-der-glucksziehung-harmonie\\\/#primaryimage\",\"url\":\"https:\\\/\\\/lykketegningtest.wp3.hcweb.dev\\\/wp-content\\\/uploads\\\/2024\\\/04\\\/IMG_B0CAF0A81B88-1.jpeg\",\"contentUrl\":\"https:\\\/\\\/lykketegningtest.wp3.hcweb.dev\\\/wp-content\\\/uploads\\\/2024\\\/04\\\/IMG_B0CAF0A81B88-1.jpeg\",\"width\":1284,\"height\":1424,\"caption\":\"Lykkekopp fra Lykketegning \\\"HARMONI\\\"\"},{\"@type\":\"BreadcrumbList\",\"@id\":\"https:\\\/\\\/lykketegningtest.wp3.hcweb.dev\\\/de\\\/product-2\\\/gluckstasse-aus-der-glucksziehung-harmonie\\\/#breadcrumb\",\"itemListElement\":[{\"@type\":\"ListItem\",\"position\":1,\"name\":\"Hjem\",\"item\":\"https:\\\/\\\/lykketegningtest.wp3.hcweb.dev\\\/\"},{\"@type\":\"ListItem\",\"position\":2,\"name\":\"Shop\",\"item\":\"https:\\\/\\\/lykketegningtest.wp3.hcweb.dev\\\/sv\\\/webbutik\\\/\"},{\"@type\":\"ListItem\",\"position\":3,\"name\":\"Lykkekopp fra Lykketegning &#8220;HARMONI&#8221;\"}]},{\"@type\":\"WebSite\",\"@id\":\"https:\\\/\\\/lykketegningtest.wp3.hcweb.dev\\\/#website\",\"url\":\"https:\\\/\\\/lykketegningtest.wp3.hcweb.dev\\\/\",\"name\":\"LYKKETEGNING ILLUSTRAT\u00d8R\",\"description\":\"\",\"publisher\":{\"@id\":\"https:\\\/\\\/lykketegningtest.wp3.hcweb.dev\\\/#organization\"},\"potentialAction\":[{\"@type\":\"SearchAction\",\"target\":{\"@type\":\"EntryPoint\",\"urlTemplate\":\"https:\\\/\\\/lykketegningtest.wp3.hcweb.dev\\\/?s={search_term_string}\"},\"query-input\":{\"@type\":\"PropertyValueSpecification\",\"valueRequired\":true,\"valueName\":\"search_term_string\"}}],\"inLanguage\":\"es\"},{\"@type\":\"Organization\",\"@id\":\"https:\\\/\\\/lykketegningtest.wp3.hcweb.dev\\\/#organization\",\"name\":\"LYKKETEGNING ILLUSTRAT\u00d8R\",\"url\":\"https:\\\/\\\/lykketegningtest.wp3.hcweb.dev\\\/\",\"logo\":{\"@type\":\"ImageObject\",\"inLanguage\":\"es\",\"@id\":\"https:\\\/\\\/lykketegningtest.wp3.hcweb.dev\\\/#\\\/schema\\\/logo\\\/image\\\/\",\"url\":\"https:\\\/\\\/lykketegningtest.wp3.hcweb.dev\\\/wp-content\\\/uploads\\\/2020\\\/03\\\/Logo2020_h400px.jpg\",\"contentUrl\":\"https:\\\/\\\/lykketegningtest.wp3.hcweb.dev\\\/wp-content\\\/uploads\\\/2020\\\/03\\\/Logo2020_h400px.jpg\",\"width\":1024,\"height\":400,\"caption\":\"LYKKETEGNING ILLUSTRAT\u00d8R\"},\"image\":{\"@id\":\"https:\\\/\\\/lykketegningtest.wp3.hcweb.dev\\\/#\\\/schema\\\/logo\\\/image\\\/\"},\"sameAs\":[\"https:\\\/\\\/www.facebook.com\\\/lykketegning\\\/\",\"https:\\\/\\\/www.instagram.com\\\/lykketegning\\\/\",\"https:\\\/\\\/www.youtube.com\\\/@lykketegningillustrations\",\"https:\\\/\\\/www.tiktok.com\\\/@lykketegningillustration\"]}]}<\/script>\n<!-- \/ Yoast SEO plugin. -->","yoast_head_json":{"title":"Taza de la felicidad del dibujo de la felicidad \"ARMON\u00cdA\" - SUERTE DIBUJO ILUSTRADOR","description":"Taza de la felicidad de Happiness Drawing \"ARMON\u00cdA\" \u00bfQu\u00e9 es para ti la armon\u00eda? Para m\u00ed, es probablemente cuando reina la calma. Cuando no hay tantos planes y puedes sentarte con una taza de caf\u00e9, t\u00e9 o cacao o escuchar m\u00fasica bonita. Puede que no dure mucho, pero recuerda disfrutar del momento cuando est\u00e1 ah\u00ed.","robots":{"index":"noindex","follow":"follow","max-snippet":"max-snippet:-1","max-image-preview":"max-image-preview:large","max-video-preview":"max-video-preview:-1"},"og_locale":"es_ES","og_type":"article","og_title":"Lykkekopp fra Lykketegning \"HARMONI\" - LYKKETEGNING ILLUSTRAT\u00d8R","og_description":"Lykkekopp fra Lykketegning \"HARMONI\" Hva er harmoni for deg? For meg er det nok n\u00e5r roen har senket seg. N\u00e5r det ikke er s\u00e5 mange planer og man kan sette seg tilbake med en kopp kaffe, te eller kakao \u00a0eller lytte til vakker musikk. Kanskje varer det ikke s\u00e5 lenge, men husk \u00e5 nyte stunden n\u00e5r den er der.","og_url":"https:\/\/lykketegningtest.wp3.hcweb.dev\/es\/product-2\/gluckstasse-aus-der-glucksziehung-harmonie\/","og_site_name":"LYKKETEGNING ILLUSTRAT\u00d8R","article_publisher":"https:\/\/www.facebook.com\/lykketegning\/","article_modified_time":"2025-04-01T09:45:53+00:00","og_image":[{"width":1284,"height":1424,"url":"https:\/\/www.lykketegning.no\/wp-content\/uploads\/2024\/04\/IMG_B0CAF0A81B88-1.jpeg","type":"image\/jpeg"}],"twitter_card":"summary_large_image","twitter_misc":{"Tiempo de lectura":"3 minutos"},"schema":{"@context":"https:\/\/schema.org","@graph":[{"@type":"WebPage","@id":"https:\/\/lykketegningtest.wp3.hcweb.dev\/de\/product-2\/gluckstasse-aus-der-glucksziehung-harmonie\/","url":"https:\/\/lykketegningtest.wp3.hcweb.dev\/de\/product-2\/gluckstasse-aus-der-glucksziehung-harmonie\/","name":"Taza de la felicidad del dibujo de la felicidad \"ARMON\u00cdA\" - SUERTE DIBUJO ILUSTRADOR","isPartOf":{"@id":"https:\/\/lykketegningtest.wp3.hcweb.dev\/#website"},"primaryImageOfPage":{"@id":"https:\/\/lykketegningtest.wp3.hcweb.dev\/de\/product-2\/gluckstasse-aus-der-glucksziehung-harmonie\/#primaryimage"},"image":{"@id":"https:\/\/lykketegningtest.wp3.hcweb.dev\/de\/product-2\/gluckstasse-aus-der-glucksziehung-harmonie\/#primaryimage"},"thumbnailUrl":"https:\/\/lykketegningtest.wp3.hcweb.dev\/wp-content\/uploads\/2024\/04\/IMG_B0CAF0A81B88-1.jpeg","datePublished":"2024-11-10T08:10:44+00:00","dateModified":"2025-04-01T09:45:53+00:00","description":"Taza de la felicidad de Happiness Drawing \"ARMON\u00cdA\" \u00bfQu\u00e9 es para ti la armon\u00eda? Para m\u00ed, es probablemente cuando reina la calma. Cuando no hay tantos planes y puedes sentarte con una taza de caf\u00e9, t\u00e9 o cacao o escuchar m\u00fasica bonita. Puede que no dure mucho, pero recuerda disfrutar del momento cuando est\u00e1 ah\u00ed.","breadcrumb":{"@id":"https:\/\/lykketegningtest.wp3.hcweb.dev\/de\/product-2\/gluckstasse-aus-der-glucksziehung-harmonie\/#breadcrumb"},"inLanguage":"es","potentialAction":[{"@type":"ReadAction","target":["https:\/\/lykketegningtest.wp3.hcweb.dev\/de\/product-2\/gluckstasse-aus-der-glucksziehung-harmonie\/"]}]},{"@type":"ImageObject","inLanguage":"es","@id":"https:\/\/lykketegningtest.wp3.hcweb.dev\/de\/product-2\/gluckstasse-aus-der-glucksziehung-harmonie\/#primaryimage","url":"https:\/\/lykketegningtest.wp3.hcweb.dev\/wp-content\/uploads\/2024\/04\/IMG_B0CAF0A81B88-1.jpeg","contentUrl":"https:\/\/lykketegningtest.wp3.hcweb.dev\/wp-content\/uploads\/2024\/04\/IMG_B0CAF0A81B88-1.jpeg","width":1284,"height":1424,"caption":"Lykkekopp fra Lykketegning \"HARMONI\""},{"@type":"BreadcrumbList","@id":"https:\/\/lykketegningtest.wp3.hcweb.dev\/de\/product-2\/gluckstasse-aus-der-glucksziehung-harmonie\/#breadcrumb","itemListElement":[{"@type":"ListItem","position":1,"name":"Hjem","item":"https:\/\/lykketegningtest.wp3.hcweb.dev\/"},{"@type":"ListItem","position":2,"name":"Shop","item":"https:\/\/lykketegningtest.wp3.hcweb.dev\/sv\/webbutik\/"},{"@type":"ListItem","position":3,"name":"Lykkekopp fra Lykketegning &#8220;HARMONI&#8221;"}]},{"@type":"WebSite","@id":"https:\/\/lykketegningtest.wp3.hcweb.dev\/#website","url":"https:\/\/lykketegningtest.wp3.hcweb.dev\/","name":"SUERTE DIBUJO ILUSTRADOR","description":"","publisher":{"@id":"https:\/\/lykketegningtest.wp3.hcweb.dev\/#organization"},"potentialAction":[{"@type":"SearchAction","target":{"@type":"EntryPoint","urlTemplate":"https:\/\/lykketegningtest.wp3.hcweb.dev\/?s={search_term_string}"},"query-input":{"@type":"PropertyValueSpecification","valueRequired":true,"valueName":"search_term_string"}}],"inLanguage":"es"},{"@type":"Organization","@id":"https:\/\/lykketegningtest.wp3.hcweb.dev\/#organization","name":"SUERTE DIBUJO ILUSTRADOR","url":"https:\/\/lykketegningtest.wp3.hcweb.dev\/","logo":{"@type":"ImageObject","inLanguage":"es","@id":"https:\/\/lykketegningtest.wp3.hcweb.dev\/#\/schema\/logo\/image\/","url":"https:\/\/lykketegningtest.wp3.hcweb.dev\/wp-content\/uploads\/2020\/03\/Logo2020_h400px.jpg","contentUrl":"https:\/\/lykketegningtest.wp3.hcweb.dev\/wp-content\/uploads\/2020\/03\/Logo2020_h400px.jpg","width":1024,"height":400,"caption":"LYKKETEGNING ILLUSTRAT\u00d8R"},"image":{"@id":"https:\/\/lykketegningtest.wp3.hcweb.dev\/#\/schema\/logo\/image\/"},"sameAs":["https:\/\/www.facebook.com\/lykketegning\/","https:\/\/www.instagram.com\/lykketegning\/","https:\/\/www.youtube.com\/@lykketegningillustrations","https:\/\/www.tiktok.com\/@lykketegningillustration"]}]}},"_links":{"self":[{"href":"https:\/\/lykketegningtest.wp3.hcweb.dev\/es\/wp-json\/wp\/v2\/product\/37250","targetHints":{"allow":["GET"]}}],"collection":[{"href":"https:\/\/lykketegningtest.wp3.hcweb.dev\/es\/wp-json\/wp\/v2\/product"}],"about":[{"href":"https:\/\/lykketegningtest.wp3.hcweb.dev\/es\/wp-json\/wp\/v2\/types\/product"}],"replies":[{"embeddable":true,"href":"https:\/\/lykketegningtest.wp3.hcweb.dev\/es\/wp-json\/wp\/v2\/comments?post=37250"}],"wp:featuredmedia":[{"embeddable":true,"href":"https:\/\/lykketegningtest.wp3.hcweb.dev\/es\/wp-json\/wp\/v2\/media\/37247"}],"wp:attachment":[{"href":"https:\/\/lykketegningtest.wp3.hcweb.dev\/es\/wp-json\/wp\/v2\/media?parent=37250"}],"wp:term":[{"taxonomy":"product_brand","embeddable":true,"href":"https:\/\/lykketegningtest.wp3.hcweb.dev\/es\/wp-json\/wp\/v2\/product_brand?post=37250"},{"taxonomy":"product_cat","embeddable":true,"href":"https:\/\/lykketegningtest.wp3.hcweb.dev\/es\/wp-json\/wp\/v2\/product_cat?post=37250"},{"taxonomy":"product_tag","embeddable":true,"href":"https:\/\/lykketegningtest.wp3.hcweb.dev\/es\/wp-json\/wp\/v2\/product_tag?post=37250"}],"curies":[{"name":"wp","href":"https:\/\/api.w.org\/{rel}","templated":true}]}}