{"id":38431,"date":"2022-11-14T12:52:57","date_gmt":"2022-11-14T11:52:57","guid":{"rendered":"https:\/\/www-lykketegning.wp3.hcweb.dev\/?post_type=product&#038;p=38431"},"modified":"2025-04-28T10:52:27","modified_gmt":"2025-04-28T08:52:27","slug":"personlig-navneskilt-med-barnets-navn-fra-lykketegning","status":"publish","type":"product","link":"https:\/\/lykketegningtest.wp3.hcweb.dev\/es\/producto\/personlig-navneskilt-med-barnets-navn-fra-lykketegning\/","title":{"rendered":"Placa personalizada con el nombre del ni\u00f1o de Dibujo de la felicidad"},"content":{"rendered":"<h2>Placa personalizada con el nombre del ni\u00f1o de Dibujo de la felicidad<\/h2>\n<p style=\"text-align: left;\">Un simp\u00e1tico dibujito para la habitaci\u00f3n de los ni\u00f1os para decorar las paredes. El nombre y el color del pelo se pueden cambiar a tu gusto. Impreso en A4.<\/p>\n<p>Elige entre ni\u00f1o y ni\u00f1a<\/p>\n<h3>Informaci\u00f3n sobre el sorteo Luck<\/h3>\n<p><strong>\"En Lykketegning, cada ilustraci\u00f3n se crea con calidez y esmero.<\/strong><br \/>\n<strong>Con colores fuertes, l\u00edneas claras y buenas citas, Happiness Drawing quiere hacerte parar un momento, respirar hondo y poner rumbo hacia delante.<\/strong><br \/>\n<strong>Los corazones y las sonrisas son de m\u00ed para ti, para recordarte que eres muy bueno\".<\/strong><\/p>\n<p>&nbsp;<\/p>\n<p>En el sitio web encontrar\u00e1 algunas ilustraciones y otros productos, como tazas, tarjetas de felicitaci\u00f3n y calendarios.<\/p>\n<p>Aqu\u00ed se a\u00f1aden constantemente nuevos productos, as\u00ed que no dude en suscribirse al bolet\u00edn para recibir actualizaciones mensuales.<\/p>\n<p>Para <strong>muchos muchos muchos muchos<\/strong> m\u00e1s ilustraciones; visita mi perfil de Instagram y Facebook.<\/p>\n<p>De hecho, todas las ilustraciones est\u00e1n a la venta. 999 SEK para A4 y 1500 SEK para A3.<\/p>\n<p>Tambi\u00e9n puede encargar el suyo propio, un regalo estupendo para bodas y otras fiestas. Ponte en contacto con nosotros.<\/p>\n<p><em>Precio: 1500kr para A4 y A5 (hasta 5 personas\/animal) coste adicional para m\u00e1s (hasta 5 personas\/animal). A3 2000kr sin gastos de env\u00edo. Necesito saber color\/tipo de pelo, altura, intereses y n\u00famero deseado de personas ilustradas. Cualquier presupuesto que desee incluido.<\/em><\/p>\n<p>Si tiene alguna pregunta, no dude en ponerse en contacto conmigo. Si desea charlar sobre una posible cooperaci\u00f3n, env\u00edeme un correo electr\u00f3nico.<\/p>\n<p>Espero tener noticias suyas y que tenga un buen d\u00eda. <a href=\"https:\/\/www.facebook.com\/lykketegning\/?locale=nb_NO\">Esto te llevar\u00e1 a mi p\u00e1gina de Facebook.<\/a> Y si quieres seguirme en<a href=\"https:\/\/www.instagram.com\/lykketegning\/?hl=nb\"> Instagram, lo encontrar\u00e1s aqu\u00ed.<\/a><\/p>\n<p>Artista<br \/>\nIngebj\u00f8rg Rang\u00f8y Sj\u00e5land<\/p>\n<p>&nbsp;<\/p>\n<p>&nbsp;<\/p>","protected":false},"excerpt":{"rendered":"<h2>Placa personalizada con el nombre del ni\u00f1o de Dibujo de la felicidad<\/h2>\n<p style=\"text-align: left;\">Un simp\u00e1tico dibujito para la habitaci\u00f3n de los ni\u00f1os para decorar las paredes. El nombre y el color del pelo se pueden cambiar a tu gusto. Impreso en A4.<\/p>\n<p>Elige entre ni\u00f1o y ni\u00f1a.<\/p>","protected":false},"featured_media":38432,"comment_status":"open","ping_status":"closed","template":"","meta":[],"product_brand":[],"product_cat":[170,166,165],"product_tag":[71,69,61,383,227],"class_list":{"0":"post-38431","1":"product","2":"type-product","3":"status-publish","4":"has-post-thumbnail","6":"product_cat-artprint","7":"product_cat-barn","8":"product_cat-handtegnede-unike-illustrasjoner","9":"product_tag-barnerom","10":"product_tag-illustrasjon","11":"product_tag-navnskilt","12":"product_tag-personlig-barnetegning","13":"product_tag-trykk","15":"first","16":"instock","17":"purchasable","18":"product-type-variable"},"yoast_head":"<!-- This site is optimized with the Yoast SEO plugin v27.5 - https:\/\/yoast.com\/product\/yoast-seo-wordpress\/ -->\n<title>Personlig navnskilt med barnets navn fra Lykketegning - LYKKETEGNING ILLUSTRAT\u00d8R<\/title>\n<meta name=\"description\" content=\"Personlig navnskilt med barnets navn fra Lykketegning. Velg mellom rosa eller bl\u00e5. H\u00e5rfarge og navn kan forandres. Gi beskjed ved bestilling.\" \/>\n<meta name=\"robots\" content=\"noindex, follow, max-snippet:-1, max-image-preview:large, max-video-preview:-1\" \/>\n<meta property=\"og:locale\" content=\"es_ES\" \/>\n<meta property=\"og:type\" content=\"article\" \/>\n<meta property=\"og:title\" content=\"Personlig navnskilt med barnets navn fra Lykketegning - LYKKETEGNING ILLUSTRAT\u00d8R\" \/>\n<meta property=\"og:description\" content=\"Personlig navnskilt med barnets navn fra Lykketegning. Velg mellom rosa eller bl\u00e5. H\u00e5rfarge og navn kan forandres. Gi beskjed ved bestilling.\" \/>\n<meta property=\"og:url\" content=\"https:\/\/lykketegningtest.wp3.hcweb.dev\/es\/product-2\/personligt-navneskilt-med-barnets-navn-fra-happiness-drawing\/\" \/>\n<meta property=\"og:site_name\" content=\"LYKKETEGNING ILLUSTRAT\u00d8R\" \/>\n<meta property=\"article:publisher\" content=\"https:\/\/www.facebook.com\/lykketegning\/\" \/>\n<meta property=\"article:modified_time\" content=\"2025-04-28T08:52:27+00:00\" \/>\n<meta property=\"og:image\" content=\"https:\/\/www.lykketegning.no\/wp-content\/uploads\/2024\/11\/navnskilt-til-barnerom-scaled.jpg\" \/>\n\t<meta property=\"og:image:width\" content=\"2560\" \/>\n\t<meta property=\"og:image:height\" content=\"1810\" \/>\n\t<meta property=\"og:image:type\" content=\"image\/jpeg\" \/>\n<meta name=\"twitter:card\" content=\"summary_large_image\" \/>\n<meta name=\"twitter:label1\" content=\"Tiempo de lectura\" \/>\n\t<meta name=\"twitter:data1\" content=\"2 minutos\" \/>\n<script type=\"application\/ld+json\" class=\"yoast-schema-graph\">{\"@context\":\"https:\\\/\\\/schema.org\",\"@graph\":[{\"@type\":\"WebPage\",\"@id\":\"https:\\\/\\\/lykketegningtest.wp3.hcweb.dev\\\/da\\\/product-2\\\/personligt-navneskilt-med-barnets-navn-fra-happiness-drawing\\\/\",\"url\":\"https:\\\/\\\/lykketegningtest.wp3.hcweb.dev\\\/da\\\/product-2\\\/personligt-navneskilt-med-barnets-navn-fra-happiness-drawing\\\/\",\"name\":\"Personlig navnskilt med barnets navn fra Lykketegning - LYKKETEGNING ILLUSTRAT\u00d8R\",\"isPartOf\":{\"@id\":\"https:\\\/\\\/lykketegningtest.wp3.hcweb.dev\\\/#website\"},\"primaryImageOfPage\":{\"@id\":\"https:\\\/\\\/lykketegningtest.wp3.hcweb.dev\\\/da\\\/product-2\\\/personligt-navneskilt-med-barnets-navn-fra-happiness-drawing\\\/#primaryimage\"},\"image\":{\"@id\":\"https:\\\/\\\/lykketegningtest.wp3.hcweb.dev\\\/da\\\/product-2\\\/personligt-navneskilt-med-barnets-navn-fra-happiness-drawing\\\/#primaryimage\"},\"thumbnailUrl\":\"https:\\\/\\\/lykketegningtest.wp3.hcweb.dev\\\/wp-content\\\/uploads\\\/2024\\\/11\\\/navnskilt-til-barnerom-scaled.jpg\",\"datePublished\":\"2022-11-14T11:52:57+00:00\",\"dateModified\":\"2025-04-28T08:52:27+00:00\",\"description\":\"Personlig navnskilt med barnets navn fra Lykketegning. Velg mellom rosa eller bl\u00e5. H\u00e5rfarge og navn kan forandres. Gi beskjed ved bestilling.\",\"breadcrumb\":{\"@id\":\"https:\\\/\\\/lykketegningtest.wp3.hcweb.dev\\\/da\\\/product-2\\\/personligt-navneskilt-med-barnets-navn-fra-happiness-drawing\\\/#breadcrumb\"},\"inLanguage\":\"es\",\"potentialAction\":[{\"@type\":\"ReadAction\",\"target\":[\"https:\\\/\\\/lykketegningtest.wp3.hcweb.dev\\\/da\\\/product-2\\\/personligt-navneskilt-med-barnets-navn-fra-happiness-drawing\\\/\"]}]},{\"@type\":\"ImageObject\",\"inLanguage\":\"es\",\"@id\":\"https:\\\/\\\/lykketegningtest.wp3.hcweb.dev\\\/da\\\/product-2\\\/personligt-navneskilt-med-barnets-navn-fra-happiness-drawing\\\/#primaryimage\",\"url\":\"https:\\\/\\\/lykketegningtest.wp3.hcweb.dev\\\/wp-content\\\/uploads\\\/2024\\\/11\\\/navnskilt-til-barnerom-scaled.jpg\",\"contentUrl\":\"https:\\\/\\\/lykketegningtest.wp3.hcweb.dev\\\/wp-content\\\/uploads\\\/2024\\\/11\\\/navnskilt-til-barnerom-scaled.jpg\",\"width\":2560,\"height\":1810},{\"@type\":\"BreadcrumbList\",\"@id\":\"https:\\\/\\\/lykketegningtest.wp3.hcweb.dev\\\/da\\\/product-2\\\/personligt-navneskilt-med-barnets-navn-fra-happiness-drawing\\\/#breadcrumb\",\"itemListElement\":[{\"@type\":\"ListItem\",\"position\":1,\"name\":\"Hjem\",\"item\":\"https:\\\/\\\/lykketegningtest.wp3.hcweb.dev\\\/\"},{\"@type\":\"ListItem\",\"position\":2,\"name\":\"Shop\",\"item\":\"https:\\\/\\\/lykketegningtest.wp3.hcweb.dev\\\/sv\\\/webbutik\\\/\"},{\"@type\":\"ListItem\",\"position\":3,\"name\":\"Personlig navnskilt med barnets navn fra Lykketegning\"}]},{\"@type\":\"WebSite\",\"@id\":\"https:\\\/\\\/lykketegningtest.wp3.hcweb.dev\\\/#website\",\"url\":\"https:\\\/\\\/lykketegningtest.wp3.hcweb.dev\\\/\",\"name\":\"LYKKETEGNING ILLUSTRAT\u00d8R\",\"description\":\"\",\"publisher\":{\"@id\":\"https:\\\/\\\/lykketegningtest.wp3.hcweb.dev\\\/#organization\"},\"potentialAction\":[{\"@type\":\"SearchAction\",\"target\":{\"@type\":\"EntryPoint\",\"urlTemplate\":\"https:\\\/\\\/lykketegningtest.wp3.hcweb.dev\\\/?s={search_term_string}\"},\"query-input\":{\"@type\":\"PropertyValueSpecification\",\"valueRequired\":true,\"valueName\":\"search_term_string\"}}],\"inLanguage\":\"es\"},{\"@type\":\"Organization\",\"@id\":\"https:\\\/\\\/lykketegningtest.wp3.hcweb.dev\\\/#organization\",\"name\":\"LYKKETEGNING ILLUSTRAT\u00d8R\",\"url\":\"https:\\\/\\\/lykketegningtest.wp3.hcweb.dev\\\/\",\"logo\":{\"@type\":\"ImageObject\",\"inLanguage\":\"es\",\"@id\":\"https:\\\/\\\/lykketegningtest.wp3.hcweb.dev\\\/#\\\/schema\\\/logo\\\/image\\\/\",\"url\":\"https:\\\/\\\/lykketegningtest.wp3.hcweb.dev\\\/wp-content\\\/uploads\\\/2020\\\/03\\\/Logo2020_h400px.jpg\",\"contentUrl\":\"https:\\\/\\\/lykketegningtest.wp3.hcweb.dev\\\/wp-content\\\/uploads\\\/2020\\\/03\\\/Logo2020_h400px.jpg\",\"width\":1024,\"height\":400,\"caption\":\"LYKKETEGNING ILLUSTRAT\u00d8R\"},\"image\":{\"@id\":\"https:\\\/\\\/lykketegningtest.wp3.hcweb.dev\\\/#\\\/schema\\\/logo\\\/image\\\/\"},\"sameAs\":[\"https:\\\/\\\/www.facebook.com\\\/lykketegning\\\/\",\"https:\\\/\\\/www.instagram.com\\\/lykketegning\\\/\",\"https:\\\/\\\/www.youtube.com\\\/@lykketegningillustrations\",\"https:\\\/\\\/www.tiktok.com\\\/@lykketegningillustration\"]}]}<\/script>\n<!-- \/ Yoast SEO plugin. -->","yoast_head_json":{"title":"Identificador personalizado con el nombre del ni\u00f1o de Luck Drawing - LYKKETEGNING ILLUSTRAT\u00d8R","description":"Etiqueta personalizada con el nombre de tu hijo de Lucky Drawing. Elige entre rosa o azul. El color del pelo y el nombre se pueden cambiar. Ind\u00edcanoslo al hacer el pedido.","robots":{"index":"noindex","follow":"follow","max-snippet":"max-snippet:-1","max-image-preview":"max-image-preview:large","max-video-preview":"max-video-preview:-1"},"og_locale":"es_ES","og_type":"article","og_title":"Personlig navnskilt med barnets navn fra Lykketegning - LYKKETEGNING ILLUSTRAT\u00d8R","og_description":"Personlig navnskilt med barnets navn fra Lykketegning. Velg mellom rosa eller bl\u00e5. H\u00e5rfarge og navn kan forandres. Gi beskjed ved bestilling.","og_url":"https:\/\/lykketegningtest.wp3.hcweb.dev\/es\/product-2\/personligt-navneskilt-med-barnets-navn-fra-happiness-drawing\/","og_site_name":"LYKKETEGNING ILLUSTRAT\u00d8R","article_publisher":"https:\/\/www.facebook.com\/lykketegning\/","article_modified_time":"2025-04-28T08:52:27+00:00","og_image":[{"width":2560,"height":1810,"url":"https:\/\/www.lykketegning.no\/wp-content\/uploads\/2024\/11\/navnskilt-til-barnerom-scaled.jpg","type":"image\/jpeg"}],"twitter_card":"summary_large_image","twitter_misc":{"Tiempo de lectura":"2 minutos"},"schema":{"@context":"https:\/\/schema.org","@graph":[{"@type":"WebPage","@id":"https:\/\/lykketegningtest.wp3.hcweb.dev\/da\/product-2\/personligt-navneskilt-med-barnets-navn-fra-happiness-drawing\/","url":"https:\/\/lykketegningtest.wp3.hcweb.dev\/da\/product-2\/personligt-navneskilt-med-barnets-navn-fra-happiness-drawing\/","name":"Identificador personalizado con el nombre del ni\u00f1o de Luck Drawing - LYKKETEGNING ILLUSTRAT\u00d8R","isPartOf":{"@id":"https:\/\/lykketegningtest.wp3.hcweb.dev\/#website"},"primaryImageOfPage":{"@id":"https:\/\/lykketegningtest.wp3.hcweb.dev\/da\/product-2\/personligt-navneskilt-med-barnets-navn-fra-happiness-drawing\/#primaryimage"},"image":{"@id":"https:\/\/lykketegningtest.wp3.hcweb.dev\/da\/product-2\/personligt-navneskilt-med-barnets-navn-fra-happiness-drawing\/#primaryimage"},"thumbnailUrl":"https:\/\/lykketegningtest.wp3.hcweb.dev\/wp-content\/uploads\/2024\/11\/navnskilt-til-barnerom-scaled.jpg","datePublished":"2022-11-14T11:52:57+00:00","dateModified":"2025-04-28T08:52:27+00:00","description":"Etiqueta personalizada con el nombre de tu hijo de Lucky Drawing. Elige entre rosa o azul. El color del pelo y el nombre se pueden cambiar. Ind\u00edcanoslo al hacer el pedido.","breadcrumb":{"@id":"https:\/\/lykketegningtest.wp3.hcweb.dev\/da\/product-2\/personligt-navneskilt-med-barnets-navn-fra-happiness-drawing\/#breadcrumb"},"inLanguage":"es","potentialAction":[{"@type":"ReadAction","target":["https:\/\/lykketegningtest.wp3.hcweb.dev\/da\/product-2\/personligt-navneskilt-med-barnets-navn-fra-happiness-drawing\/"]}]},{"@type":"ImageObject","inLanguage":"es","@id":"https:\/\/lykketegningtest.wp3.hcweb.dev\/da\/product-2\/personligt-navneskilt-med-barnets-navn-fra-happiness-drawing\/#primaryimage","url":"https:\/\/lykketegningtest.wp3.hcweb.dev\/wp-content\/uploads\/2024\/11\/navnskilt-til-barnerom-scaled.jpg","contentUrl":"https:\/\/lykketegningtest.wp3.hcweb.dev\/wp-content\/uploads\/2024\/11\/navnskilt-til-barnerom-scaled.jpg","width":2560,"height":1810},{"@type":"BreadcrumbList","@id":"https:\/\/lykketegningtest.wp3.hcweb.dev\/da\/product-2\/personligt-navneskilt-med-barnets-navn-fra-happiness-drawing\/#breadcrumb","itemListElement":[{"@type":"ListItem","position":1,"name":"Hjem","item":"https:\/\/lykketegningtest.wp3.hcweb.dev\/"},{"@type":"ListItem","position":2,"name":"Shop","item":"https:\/\/lykketegningtest.wp3.hcweb.dev\/sv\/webbutik\/"},{"@type":"ListItem","position":3,"name":"Personlig navnskilt med barnets navn fra Lykketegning"}]},{"@type":"WebSite","@id":"https:\/\/lykketegningtest.wp3.hcweb.dev\/#website","url":"https:\/\/lykketegningtest.wp3.hcweb.dev\/","name":"SUERTE DIBUJO ILUSTRADOR","description":"","publisher":{"@id":"https:\/\/lykketegningtest.wp3.hcweb.dev\/#organization"},"potentialAction":[{"@type":"SearchAction","target":{"@type":"EntryPoint","urlTemplate":"https:\/\/lykketegningtest.wp3.hcweb.dev\/?s={search_term_string}"},"query-input":{"@type":"PropertyValueSpecification","valueRequired":true,"valueName":"search_term_string"}}],"inLanguage":"es"},{"@type":"Organization","@id":"https:\/\/lykketegningtest.wp3.hcweb.dev\/#organization","name":"SUERTE DIBUJO ILUSTRADOR","url":"https:\/\/lykketegningtest.wp3.hcweb.dev\/","logo":{"@type":"ImageObject","inLanguage":"es","@id":"https:\/\/lykketegningtest.wp3.hcweb.dev\/#\/schema\/logo\/image\/","url":"https:\/\/lykketegningtest.wp3.hcweb.dev\/wp-content\/uploads\/2020\/03\/Logo2020_h400px.jpg","contentUrl":"https:\/\/lykketegningtest.wp3.hcweb.dev\/wp-content\/uploads\/2020\/03\/Logo2020_h400px.jpg","width":1024,"height":400,"caption":"LYKKETEGNING ILLUSTRAT\u00d8R"},"image":{"@id":"https:\/\/lykketegningtest.wp3.hcweb.dev\/#\/schema\/logo\/image\/"},"sameAs":["https:\/\/www.facebook.com\/lykketegning\/","https:\/\/www.instagram.com\/lykketegning\/","https:\/\/www.youtube.com\/@lykketegningillustrations","https:\/\/www.tiktok.com\/@lykketegningillustration"]}]}},"_links":{"self":[{"href":"https:\/\/lykketegningtest.wp3.hcweb.dev\/es\/wp-json\/wp\/v2\/product\/38431","targetHints":{"allow":["GET"]}}],"collection":[{"href":"https:\/\/lykketegningtest.wp3.hcweb.dev\/es\/wp-json\/wp\/v2\/product"}],"about":[{"href":"https:\/\/lykketegningtest.wp3.hcweb.dev\/es\/wp-json\/wp\/v2\/types\/product"}],"replies":[{"embeddable":true,"href":"https:\/\/lykketegningtest.wp3.hcweb.dev\/es\/wp-json\/wp\/v2\/comments?post=38431"}],"wp:featuredmedia":[{"embeddable":true,"href":"https:\/\/lykketegningtest.wp3.hcweb.dev\/es\/wp-json\/wp\/v2\/media\/38432"}],"wp:attachment":[{"href":"https:\/\/lykketegningtest.wp3.hcweb.dev\/es\/wp-json\/wp\/v2\/media?parent=38431"}],"wp:term":[{"taxonomy":"product_brand","embeddable":true,"href":"https:\/\/lykketegningtest.wp3.hcweb.dev\/es\/wp-json\/wp\/v2\/product_brand?post=38431"},{"taxonomy":"product_cat","embeddable":true,"href":"https:\/\/lykketegningtest.wp3.hcweb.dev\/es\/wp-json\/wp\/v2\/product_cat?post=38431"},{"taxonomy":"product_tag","embeddable":true,"href":"https:\/\/lykketegningtest.wp3.hcweb.dev\/es\/wp-json\/wp\/v2\/product_tag?post=38431"}],"curies":[{"name":"wp","href":"https:\/\/api.w.org\/{rel}","templated":true}]}}