{"id":40226,"date":"2025-10-05T16:39:54","date_gmt":"2025-10-05T14:39:54","guid":{"rendered":"https:\/\/www-lykketegning.wp3.hcweb.dev\/?post_type=product&#038;p=40226"},"modified":"2026-01-02T12:31:46","modified_gmt":"2026-01-02T11:31:46","slug":"flott-manedskalender-fra-lykketegning-for-2026","status":"publish","type":"product","link":"https:\/\/lykketegningtest.wp3.hcweb.dev\/es\/producto\/flott-manedskalender-fra-lykketegning-for-2026\/","title":{"rendered":"\u00a1Gran calendario mensual de Luck Drawing para 2026!"},"content":{"rendered":"<h3>Gran calendario mensual del Sorteo de la Suerte 2026 - Enero 2026-Diciembre 2026.<\/h3>\n<p>Este calendario mensual fue un \u00e9xito en 2025, cuando se agotaron 1.000 calendarios en un mes, \u00a1y ahora puede comprarlo en nuestra tienda en l\u00ednea!<\/p>\n<p>En cada p\u00e1gina hay un mes y un n\u00famero de semana, as\u00ed como un peque\u00f1o recuadro para escribir notas cada d\u00eda.<\/p>\n<p>Este a\u00f1o hay una ilustraci\u00f3n en una cara para que puedas arrancarla y enmarcarla a final de mes. Decorativo en la pared.<\/p>\n<p>El calendario mensual est\u00e1 espiralado y tiene agujeros para colgarlo.<\/p>\n<p>Formato: A4 apaisado.<\/p>\n<p>Un regalo de Navidad perfecto para empleados, regalos de anfitriona, familiares y para uno mismo.<\/p>\n<p><strong>\"En Lykketegning, cada ilustraci\u00f3n se crea con calidez y esmero.<\/strong><br \/>\n<strong>Con colores fuertes, l\u00edneas claras y buenas citas, Happiness Drawing quiere hacerte parar un momento, respirar hondo y poner rumbo hacia delante.<\/strong><br \/>\n<strong>Los corazones y las sonrisas son de m\u00ed para ti, para recordarte que eres muy bueno\".<\/strong><\/p>\n<p>&nbsp;<\/p>\n<p>En el sitio web encontrar\u00e1 algunas ilustraciones y otros productos, como tazas, tarjetas de felicitaci\u00f3n y calendarios.<\/p>\n<p>Aqu\u00ed se a\u00f1aden constantemente nuevos productos, as\u00ed que no dude en suscribirse al bolet\u00edn para recibir actualizaciones mensuales.<\/p>\n<p>Para <strong>muchos muchos muchos muchos<\/strong> m\u00e1s ilustraciones; visita mi perfil de Instagram y Facebook.<\/p>\n<p>De hecho, todas las ilustraciones est\u00e1n a la venta. 999 SEK para A4 y 1500 SEK para A3.<\/p>\n<p>Tambi\u00e9n puede encargar el suyo propio, un regalo estupendo para bodas y otras fiestas. Ponte en contacto con nosotros.<\/p>\n<p><em>Precio: 1500kr para A4 y A5 (hasta 5 personas\/animal) coste adicional para m\u00e1s (hasta 5 personas\/animal). A3 2000kr sin gastos de env\u00edo. Necesito saber color\/tipo de pelo, altura, intereses y n\u00famero deseado de personas ilustradas. Cualquier presupuesto que desee incluido.<\/em><\/p>\n<p>Si tiene alguna pregunta, no dude en ponerse en contacto conmigo. Si desea charlar sobre una posible cooperaci\u00f3n, env\u00edeme un correo electr\u00f3nico.<\/p>\n<p>Espero tener noticias suyas y que tenga un buen d\u00eda. <a href=\"https:\/\/www.facebook.com\/lykketegning\/?locale=nb_NO\">Esto te llevar\u00e1 a mi p\u00e1gina de Facebook.<\/a> Y si quieres seguirme en<a href=\"https:\/\/www.instagram.com\/lykketegning\/?hl=nb\"> Instagram, lo encontrar\u00e1s aqu\u00ed.<\/a><\/p>\n<p>Artista<br \/>\nIngebj\u00f8rg Rang\u00f8y Sj\u00e5land<\/p>\n<p>&nbsp;<\/p>","protected":false},"excerpt":{"rendered":"<p>Gran calendario mensual del Sorteo de la Suerte 2026 - Enero 2026-Diciembre 2026.<br \/>\nEste calendario mensual fue un \u00e9xito en 2025, cuando se agotaron 1.000 calendarios en un mes, \u00a1y ahora puede comprarlo en nuestra tienda en l\u00ednea!<\/p>\n<p>Un mes en cada p\u00e1gina con un n\u00famero de semana. Caja peque\u00f1a para escribir notas cada d\u00eda.<\/p>\n<p>Este a\u00f1o tiene una ilustraci\u00f3n en uno de los lados para que puedas arrancarlo y enmarcarlo a final de mes.<\/p>\n<p>Espiral con suspensi\u00f3n. A4 apaisado.<\/p>\n<p>Estupendo regalo de Navidad para empleados o familiares.<\/p>\n<p>&nbsp;<\/p>","protected":false},"featured_media":40542,"comment_status":"open","ping_status":"closed","template":"","meta":[],"product_brand":[],"product_cat":[153,169],"product_tag":[268,57,250,267],"class_list":{"0":"post-40226","1":"product","2":"type-product","3":"status-publish","4":"has-post-thumbnail","6":"product_cat-illustrert-kalender","7":"product_cat-trykk","8":"product_tag-calender","9":"product_tag-kalender","10":"product_tag-lykketegning","11":"product_tag-manedskalender","13":"first","14":"outofstock","15":"taxable","16":"shipping-taxable","17":"purchasable","18":"product-type-simple"},"yoast_head":"<!-- This site is optimized with the Yoast SEO plugin v27.5 - https:\/\/yoast.com\/product\/yoast-seo-wordpress\/ -->\n<title>Flott m\u00e5nedskalender fra Lykketegning for 2026! - LYKKETEGNING ILLUSTRAT\u00d8R<\/title>\n<meta name=\"description\" content=\"Flott m\u00e5nedskalender fra Lykketegning 2026. God plass til \u00e5 skrive notater. A4. Flott Lykketegningbilde hver m\u00e5ned. Bestill den popul\u00e6re kalenderen idag!\" \/>\n<meta name=\"robots\" content=\"noindex, follow, max-snippet:-1, max-image-preview:large, max-video-preview:-1\" \/>\n<meta property=\"og:locale\" content=\"es_ES\" \/>\n<meta property=\"og:type\" content=\"article\" \/>\n<meta property=\"og:title\" content=\"Flott m\u00e5nedskalender fra Lykketegning for 2026! - LYKKETEGNING ILLUSTRAT\u00d8R\" \/>\n<meta property=\"og:description\" content=\"Flott m\u00e5nedskalender fra Lykketegning 2026. God plass til \u00e5 skrive notater. A4. Flott Lykketegningbilde hver m\u00e5ned. Bestill den popul\u00e6re kalenderen idag!\" \/>\n<meta property=\"og:url\" content=\"https:\/\/lykketegningtest.wp3.hcweb.dev\/es\/producto\/flott-manedskalender-fra-lykketegning-for-2026\/\" \/>\n<meta property=\"og:site_name\" content=\"LYKKETEGNING ILLUSTRAT\u00d8R\" \/>\n<meta property=\"article:publisher\" content=\"https:\/\/www.facebook.com\/lykketegning\/\" \/>\n<meta property=\"article:modified_time\" content=\"2026-01-02T11:31:46+00:00\" \/>\n<meta property=\"og:image\" content=\"https:\/\/www.lykketegning.no\/wp-content\/uploads\/2025\/08\/Manedskalender-Lykketegning-2026-scaled.jpg\" \/>\n\t<meta property=\"og:image:width\" content=\"2560\" \/>\n\t<meta property=\"og:image:height\" content=\"1447\" \/>\n\t<meta property=\"og:image:type\" content=\"image\/jpeg\" \/>\n<meta name=\"twitter:card\" content=\"summary_large_image\" \/>\n<meta name=\"twitter:label1\" content=\"Tiempo de lectura\" \/>\n\t<meta name=\"twitter:data1\" content=\"3 minutos\" \/>\n<script type=\"application\/ld+json\" class=\"yoast-schema-graph\">{\"@context\":\"https:\\\/\\\/schema.org\",\"@graph\":[{\"@type\":\"WebPage\",\"@id\":\"https:\\\/\\\/lykketegningtest.wp3.hcweb.dev\\\/produkt\\\/flott-manedskalender-fra-lykketegning-for-2026\\\/\",\"url\":\"https:\\\/\\\/lykketegningtest.wp3.hcweb.dev\\\/produkt\\\/flott-manedskalender-fra-lykketegning-for-2026\\\/\",\"name\":\"Flott m\u00e5nedskalender fra Lykketegning for 2026! - LYKKETEGNING ILLUSTRAT\u00d8R\",\"isPartOf\":{\"@id\":\"https:\\\/\\\/lykketegningtest.wp3.hcweb.dev\\\/#website\"},\"primaryImageOfPage\":{\"@id\":\"https:\\\/\\\/lykketegningtest.wp3.hcweb.dev\\\/produkt\\\/flott-manedskalender-fra-lykketegning-for-2026\\\/#primaryimage\"},\"image\":{\"@id\":\"https:\\\/\\\/lykketegningtest.wp3.hcweb.dev\\\/produkt\\\/flott-manedskalender-fra-lykketegning-for-2026\\\/#primaryimage\"},\"thumbnailUrl\":\"https:\\\/\\\/lykketegningtest.wp3.hcweb.dev\\\/wp-content\\\/uploads\\\/2025\\\/08\\\/Manedskalender-Lykketegning-2026-scaled.jpg\",\"datePublished\":\"2025-10-05T14:39:54+00:00\",\"dateModified\":\"2026-01-02T11:31:46+00:00\",\"description\":\"Flott m\u00e5nedskalender fra Lykketegning 2026. God plass til \u00e5 skrive notater. A4. Flott Lykketegningbilde hver m\u00e5ned. Bestill den popul\u00e6re kalenderen idag!\",\"breadcrumb\":{\"@id\":\"https:\\\/\\\/lykketegningtest.wp3.hcweb.dev\\\/produkt\\\/flott-manedskalender-fra-lykketegning-for-2026\\\/#breadcrumb\"},\"inLanguage\":\"es\",\"potentialAction\":[{\"@type\":\"ReadAction\",\"target\":[\"https:\\\/\\\/lykketegningtest.wp3.hcweb.dev\\\/produkt\\\/flott-manedskalender-fra-lykketegning-for-2026\\\/\"]}]},{\"@type\":\"ImageObject\",\"inLanguage\":\"es\",\"@id\":\"https:\\\/\\\/lykketegningtest.wp3.hcweb.dev\\\/produkt\\\/flott-manedskalender-fra-lykketegning-for-2026\\\/#primaryimage\",\"url\":\"https:\\\/\\\/lykketegningtest.wp3.hcweb.dev\\\/wp-content\\\/uploads\\\/2025\\\/08\\\/Manedskalender-Lykketegning-2026-scaled.jpg\",\"contentUrl\":\"https:\\\/\\\/lykketegningtest.wp3.hcweb.dev\\\/wp-content\\\/uploads\\\/2025\\\/08\\\/Manedskalender-Lykketegning-2026-scaled.jpg\",\"width\":2560,\"height\":1447},{\"@type\":\"BreadcrumbList\",\"@id\":\"https:\\\/\\\/lykketegningtest.wp3.hcweb.dev\\\/produkt\\\/flott-manedskalender-fra-lykketegning-for-2026\\\/#breadcrumb\",\"itemListElement\":[{\"@type\":\"ListItem\",\"position\":1,\"name\":\"Hjem\",\"item\":\"https:\\\/\\\/lykketegningtest.wp3.hcweb.dev\\\/\"},{\"@type\":\"ListItem\",\"position\":2,\"name\":\"Shop\",\"item\":\"https:\\\/\\\/lykketegningtest.wp3.hcweb.dev\\\/sv\\\/webbutik\\\/\"},{\"@type\":\"ListItem\",\"position\":3,\"name\":\"Flott m\u00e5nedskalender fra Lykketegning for 2026!\"}]},{\"@type\":\"WebSite\",\"@id\":\"https:\\\/\\\/lykketegningtest.wp3.hcweb.dev\\\/#website\",\"url\":\"https:\\\/\\\/lykketegningtest.wp3.hcweb.dev\\\/\",\"name\":\"LYKKETEGNING ILLUSTRAT\u00d8R\",\"description\":\"\",\"publisher\":{\"@id\":\"https:\\\/\\\/lykketegningtest.wp3.hcweb.dev\\\/#organization\"},\"potentialAction\":[{\"@type\":\"SearchAction\",\"target\":{\"@type\":\"EntryPoint\",\"urlTemplate\":\"https:\\\/\\\/lykketegningtest.wp3.hcweb.dev\\\/?s={search_term_string}\"},\"query-input\":{\"@type\":\"PropertyValueSpecification\",\"valueRequired\":true,\"valueName\":\"search_term_string\"}}],\"inLanguage\":\"es\"},{\"@type\":\"Organization\",\"@id\":\"https:\\\/\\\/lykketegningtest.wp3.hcweb.dev\\\/#organization\",\"name\":\"LYKKETEGNING ILLUSTRAT\u00d8R\",\"url\":\"https:\\\/\\\/lykketegningtest.wp3.hcweb.dev\\\/\",\"logo\":{\"@type\":\"ImageObject\",\"inLanguage\":\"es\",\"@id\":\"https:\\\/\\\/lykketegningtest.wp3.hcweb.dev\\\/#\\\/schema\\\/logo\\\/image\\\/\",\"url\":\"https:\\\/\\\/lykketegningtest.wp3.hcweb.dev\\\/wp-content\\\/uploads\\\/2020\\\/03\\\/Logo2020_h400px.jpg\",\"contentUrl\":\"https:\\\/\\\/lykketegningtest.wp3.hcweb.dev\\\/wp-content\\\/uploads\\\/2020\\\/03\\\/Logo2020_h400px.jpg\",\"width\":1024,\"height\":400,\"caption\":\"LYKKETEGNING ILLUSTRAT\u00d8R\"},\"image\":{\"@id\":\"https:\\\/\\\/lykketegningtest.wp3.hcweb.dev\\\/#\\\/schema\\\/logo\\\/image\\\/\"},\"sameAs\":[\"https:\\\/\\\/www.facebook.com\\\/lykketegning\\\/\",\"https:\\\/\\\/www.instagram.com\\\/lykketegning\\\/\",\"https:\\\/\\\/www.youtube.com\\\/@lykketegningillustrations\",\"https:\\\/\\\/www.tiktok.com\\\/@lykketegningillustration\"]}]}<\/script>\n<!-- \/ Yoast SEO plugin. -->","yoast_head_json":{"title":"\u00a1Gran calendario mensual de Lykketegning para 2026! - DIBUJO ILUSTRADOR DE LA SUERTE","description":"Estupendo calendario mensual de Luck Drawing 2025. Mucho espacio para escribir notas. A4. Gran dibujo de Dibujo de la Suerte cada mes. \u00a1Pide hoy el popular calendario!","robots":{"index":"noindex","follow":"follow","max-snippet":"max-snippet:-1","max-image-preview":"max-image-preview:large","max-video-preview":"max-video-preview:-1"},"og_locale":"es_ES","og_type":"article","og_title":"Flott m\u00e5nedskalender fra Lykketegning for 2026! - LYKKETEGNING ILLUSTRAT\u00d8R","og_description":"Flott m\u00e5nedskalender fra Lykketegning 2026. God plass til \u00e5 skrive notater. A4. Flott Lykketegningbilde hver m\u00e5ned. Bestill den popul\u00e6re kalenderen idag!","og_url":"https:\/\/lykketegningtest.wp3.hcweb.dev\/es\/producto\/flott-manedskalender-fra-lykketegning-for-2026\/","og_site_name":"LYKKETEGNING ILLUSTRAT\u00d8R","article_publisher":"https:\/\/www.facebook.com\/lykketegning\/","article_modified_time":"2026-01-02T11:31:46+00:00","og_image":[{"width":2560,"height":1447,"url":"https:\/\/www.lykketegning.no\/wp-content\/uploads\/2025\/08\/Manedskalender-Lykketegning-2026-scaled.jpg","type":"image\/jpeg"}],"twitter_card":"summary_large_image","twitter_misc":{"Tiempo de lectura":"3 minutos"},"schema":{"@context":"https:\/\/schema.org","@graph":[{"@type":"WebPage","@id":"https:\/\/lykketegningtest.wp3.hcweb.dev\/produkt\/flott-manedskalender-fra-lykketegning-for-2026\/","url":"https:\/\/lykketegningtest.wp3.hcweb.dev\/produkt\/flott-manedskalender-fra-lykketegning-for-2026\/","name":"\u00a1Gran calendario mensual de Lykketegning para 2026! - DIBUJO ILUSTRADOR DE LA SUERTE","isPartOf":{"@id":"https:\/\/lykketegningtest.wp3.hcweb.dev\/#website"},"primaryImageOfPage":{"@id":"https:\/\/lykketegningtest.wp3.hcweb.dev\/produkt\/flott-manedskalender-fra-lykketegning-for-2026\/#primaryimage"},"image":{"@id":"https:\/\/lykketegningtest.wp3.hcweb.dev\/produkt\/flott-manedskalender-fra-lykketegning-for-2026\/#primaryimage"},"thumbnailUrl":"https:\/\/lykketegningtest.wp3.hcweb.dev\/wp-content\/uploads\/2025\/08\/Manedskalender-Lykketegning-2026-scaled.jpg","datePublished":"2025-10-05T14:39:54+00:00","dateModified":"2026-01-02T11:31:46+00:00","description":"Estupendo calendario mensual de Luck Drawing 2025. Mucho espacio para escribir notas. A4. Gran dibujo de Dibujo de la Suerte cada mes. \u00a1Pide hoy el popular calendario!","breadcrumb":{"@id":"https:\/\/lykketegningtest.wp3.hcweb.dev\/produkt\/flott-manedskalender-fra-lykketegning-for-2026\/#breadcrumb"},"inLanguage":"es","potentialAction":[{"@type":"ReadAction","target":["https:\/\/lykketegningtest.wp3.hcweb.dev\/produkt\/flott-manedskalender-fra-lykketegning-for-2026\/"]}]},{"@type":"ImageObject","inLanguage":"es","@id":"https:\/\/lykketegningtest.wp3.hcweb.dev\/produkt\/flott-manedskalender-fra-lykketegning-for-2026\/#primaryimage","url":"https:\/\/lykketegningtest.wp3.hcweb.dev\/wp-content\/uploads\/2025\/08\/Manedskalender-Lykketegning-2026-scaled.jpg","contentUrl":"https:\/\/lykketegningtest.wp3.hcweb.dev\/wp-content\/uploads\/2025\/08\/Manedskalender-Lykketegning-2026-scaled.jpg","width":2560,"height":1447},{"@type":"BreadcrumbList","@id":"https:\/\/lykketegningtest.wp3.hcweb.dev\/produkt\/flott-manedskalender-fra-lykketegning-for-2026\/#breadcrumb","itemListElement":[{"@type":"ListItem","position":1,"name":"Hjem","item":"https:\/\/lykketegningtest.wp3.hcweb.dev\/"},{"@type":"ListItem","position":2,"name":"Shop","item":"https:\/\/lykketegningtest.wp3.hcweb.dev\/sv\/webbutik\/"},{"@type":"ListItem","position":3,"name":"Flott m\u00e5nedskalender fra Lykketegning for 2026!"}]},{"@type":"WebSite","@id":"https:\/\/lykketegningtest.wp3.hcweb.dev\/#website","url":"https:\/\/lykketegningtest.wp3.hcweb.dev\/","name":"SUERTE DIBUJO ILUSTRADOR","description":"","publisher":{"@id":"https:\/\/lykketegningtest.wp3.hcweb.dev\/#organization"},"potentialAction":[{"@type":"SearchAction","target":{"@type":"EntryPoint","urlTemplate":"https:\/\/lykketegningtest.wp3.hcweb.dev\/?s={search_term_string}"},"query-input":{"@type":"PropertyValueSpecification","valueRequired":true,"valueName":"search_term_string"}}],"inLanguage":"es"},{"@type":"Organization","@id":"https:\/\/lykketegningtest.wp3.hcweb.dev\/#organization","name":"SUERTE DIBUJO ILUSTRADOR","url":"https:\/\/lykketegningtest.wp3.hcweb.dev\/","logo":{"@type":"ImageObject","inLanguage":"es","@id":"https:\/\/lykketegningtest.wp3.hcweb.dev\/#\/schema\/logo\/image\/","url":"https:\/\/lykketegningtest.wp3.hcweb.dev\/wp-content\/uploads\/2020\/03\/Logo2020_h400px.jpg","contentUrl":"https:\/\/lykketegningtest.wp3.hcweb.dev\/wp-content\/uploads\/2020\/03\/Logo2020_h400px.jpg","width":1024,"height":400,"caption":"LYKKETEGNING ILLUSTRAT\u00d8R"},"image":{"@id":"https:\/\/lykketegningtest.wp3.hcweb.dev\/#\/schema\/logo\/image\/"},"sameAs":["https:\/\/www.facebook.com\/lykketegning\/","https:\/\/www.instagram.com\/lykketegning\/","https:\/\/www.youtube.com\/@lykketegningillustrations","https:\/\/www.tiktok.com\/@lykketegningillustration"]}]}},"_links":{"self":[{"href":"https:\/\/lykketegningtest.wp3.hcweb.dev\/es\/wp-json\/wp\/v2\/product\/40226","targetHints":{"allow":["GET"]}}],"collection":[{"href":"https:\/\/lykketegningtest.wp3.hcweb.dev\/es\/wp-json\/wp\/v2\/product"}],"about":[{"href":"https:\/\/lykketegningtest.wp3.hcweb.dev\/es\/wp-json\/wp\/v2\/types\/product"}],"replies":[{"embeddable":true,"href":"https:\/\/lykketegningtest.wp3.hcweb.dev\/es\/wp-json\/wp\/v2\/comments?post=40226"}],"wp:featuredmedia":[{"embeddable":true,"href":"https:\/\/lykketegningtest.wp3.hcweb.dev\/es\/wp-json\/wp\/v2\/media\/40542"}],"wp:attachment":[{"href":"https:\/\/lykketegningtest.wp3.hcweb.dev\/es\/wp-json\/wp\/v2\/media?parent=40226"}],"wp:term":[{"taxonomy":"product_brand","embeddable":true,"href":"https:\/\/lykketegningtest.wp3.hcweb.dev\/es\/wp-json\/wp\/v2\/product_brand?post=40226"},{"taxonomy":"product_cat","embeddable":true,"href":"https:\/\/lykketegningtest.wp3.hcweb.dev\/es\/wp-json\/wp\/v2\/product_cat?post=40226"},{"taxonomy":"product_tag","embeddable":true,"href":"https:\/\/lykketegningtest.wp3.hcweb.dev\/es\/wp-json\/wp\/v2\/product_tag?post=40226"}],"curies":[{"name":"wp","href":"https:\/\/api.w.org\/{rel}","templated":true}]}}