{"id":40981,"date":"2025-10-14T15:18:10","date_gmt":"2025-10-14T13:18:10","guid":{"rendered":"https:\/\/www-lykketegning.wp3.hcweb.dev\/?post_type=product&#038;p=40981"},"modified":"2026-05-08T09:13:53","modified_gmt":"2026-05-08T07:13:53","slug":"vakre-vannglass-med-inngravering-2-pack-det-handler-om-a-nyte-oyeblikket","status":"publish","type":"product","link":"https:\/\/lykketegningtest.wp3.hcweb.dev\/es\/producto\/vakre-vannglass-med-inngravering-2-pack-det-handler-om-a-nyte-oyeblikket\/","title":{"rendered":"Preciosos vasos de agua con grabado pack de 2; \"Se trata de saborear el momento\""},"content":{"rendered":"<h3>Preciosos vasos de agua con grabado pack de 2; \"Se trata de saborear el momento\"<\/h3>\n<h3 data-start=\"173\" data-end=\"199\">\u00a1A estrenar en 2026!<\/h3>\n<p data-start=\"200\" data-end=\"343\">Tras el enorme \u00e9xito de <strong data-start=\"231\" data-end=\"256\">Copas de vino con dibujo de la suerte<\/strong> - sobre <strong data-start=\"264\" data-end=\"281\">80.000 unidades vendidas<\/strong>\u00a1por fin est\u00e1 aqu\u00ed! <strong data-start=\"303\" data-end=\"340\">vasos de agua con textos grabados<\/strong>.<\/p>\n<p data-start=\"345\" data-end=\"500\">Estos preciosos vasos de agua vienen en <strong data-start=\"381\" data-end=\"403\">bonito embalaje<\/strong>, y viene como <strong data-start=\"419\" data-end=\"439\">juego de 2 vasos<\/strong>.<br data-start=\"440\" data-end=\"443\" \/>Un regalo perfecto para usted o para un ser querido<\/p>\n<p data-start=\"502\" data-end=\"600\">Empieza el d\u00eda con una sonrisa y un <strong data-start=\"534\" data-end=\"560\">vasos de agua inspiradores<\/strong> en lugar de los viejos y aburridos.<\/p>\n<p data-start=\"502\" data-end=\"600\">Comprueba tambi\u00e9n los vasos de agua con el texto; <a href=\"https:\/\/lykketegningtest.wp3.hcweb.dev\/es\/?post_type=product&amp;p=40970&amp;preview=true\">\u201cRespira, la vida es ahora\u201d.<\/a><\/p>\n<p data-start=\"502\" data-end=\"600\">H: 11,5 cm. D6,5 Volumen: 30cl Cristalino. Lavable a m\u00e1quina<\/p>\n<p><strong>\"En Lykketegning, cada ilustraci\u00f3n se crea con calidez y esmero.<\/strong><br \/>\n<strong>Con colores fuertes, l\u00edneas claras y buenas citas, Happiness Drawing quiere hacerte parar un momento, respirar hondo y poner rumbo hacia delante.<\/strong><br \/>\n<strong>Los corazones y las sonrisas son de m\u00ed para ti, para recordarte que eres muy bueno\".<\/strong><\/p>\n<p>En el sitio web encontrar\u00e1 algunas ilustraciones y otros productos, como tazas, tarjetas de felicitaci\u00f3n y calendarios.<\/p>\n<p>Aqu\u00ed se a\u00f1aden constantemente nuevos productos, as\u00ed que no dude en suscribirse al bolet\u00edn para recibir actualizaciones mensuales.<\/p>\n<p>Para <strong>muchos muchos muchos muchos<\/strong> m\u00e1s ilustraciones; visita mi perfil de Instagram y Facebook.<\/p>\n<p>De hecho, todas las ilustraciones est\u00e1n a la venta. 999 SEK para A4 y 1500 SEK para A3.<\/p>\n<p>Tambi\u00e9n puede encargar el suyo propio, un regalo estupendo para bodas y otras fiestas. Ponte en contacto con nosotros.<\/p>\n<p><em>Precio: 1500kr para A4 y A5 (hasta 5 personas\/animal) coste adicional para m\u00e1s (hasta 5 personas\/animal). A3 2000kr sin gastos de env\u00edo. Necesito saber color\/tipo de pelo, altura, intereses y n\u00famero deseado de personas ilustradas. Cualquier presupuesto que desee incluido.<\/em><\/p>\n<p>Si tiene alguna pregunta, no dude en ponerse en contacto conmigo. Si desea charlar sobre una posible cooperaci\u00f3n, env\u00edeme un correo electr\u00f3nico.<\/p>\n<p>Espero tener noticias suyas y que tenga un buen d\u00eda. <a href=\"https:\/\/www.facebook.com\/lykketegning\/?locale=nb_NO\">Esto te llevar\u00e1 a mi p\u00e1gina de Facebook.<\/a> Y si quieres seguirme en<a href=\"https:\/\/www.instagram.com\/lykketegning\/?hl=nb\"> Instagram, lo encontrar\u00e1s aqu\u00ed.<\/a><\/p>\n<p>Artista<br \/>\nIngebj\u00f8rg Rang\u00f8y Sj\u00e5land<\/p>\n<p>&nbsp;<\/p>\n<p>&nbsp;<\/p>","protected":false},"excerpt":{"rendered":"<h3>Preciosos vasos de agua con grabado pack de 2; \"Se trata de saborear el momento\"<\/h3>\n<h3 data-start=\"173\" data-end=\"199\">\u00a1A estrenar en 2026!<\/h3>\n<p data-start=\"200\" data-end=\"343\">Tras el enorme \u00e9xito de <strong data-start=\"231\" data-end=\"256\">Copas de vino con dibujo de la suerte<\/strong> - sobre <strong data-start=\"264\" data-end=\"281\">80.000 unidades vendidas<\/strong>\u00a1por fin est\u00e1 aqu\u00ed! <strong data-start=\"303\" data-end=\"340\">vasos de agua con textos grabados<\/strong>.<\/p>\n<p data-start=\"345\" data-end=\"500\">Estos preciosos vasos de agua vienen en <strong data-start=\"381\" data-end=\"403\">bonito embalaje<\/strong>, y viene como <strong data-start=\"419\" data-end=\"439\">juego de 2 vasos<\/strong>.<br data-start=\"440\" data-end=\"443\" \/>Un regalo perfecto para usted o para un ser querido<\/p>\n<p data-start=\"502\" data-end=\"600\">Empieza el d\u00eda con una sonrisa y un <strong data-start=\"534\" data-end=\"560\">vasos de agua inspiradores<\/strong> en lugar de los viejos y aburridos.<\/p>\n<p data-start=\"502\" data-end=\"600\">H: 11 cm. Volumen: 2 dl.<\/p>","protected":false},"featured_media":41069,"comment_status":"closed","ping_status":"closed","template":"","meta":[],"product_brand":[],"product_cat":[197],"product_tag":[248,425,426],"class_list":{"0":"post-40981","1":"product","2":"type-product","3":"status-publish","4":"has-post-thumbnail","6":"product_cat-graverte-vinglass-champagneglass","7":"product_tag-glass","8":"product_tag-vannglass","9":"product_tag-olglass","11":"first","12":"instock","13":"featured","14":"taxable","15":"shipping-taxable","16":"purchasable","17":"product-type-simple"},"yoast_head":"<!-- This site is optimized with the Yoast SEO plugin v27.5 - https:\/\/yoast.com\/product\/yoast-seo-wordpress\/ -->\n<title>Vakre vannglass med inngravering 2 pack; &quot;Det handler om \u00e5 nyte \u00f8yeblikket&quot; - LYKKETEGNING ILLUSTRAT\u00d8R<\/title>\n<meta name=\"description\" content=\"Vakre vannglass med inngravering 2 pack; &quot;Det handler om \u00e5 nyte \u00f8yeblikket&quot; Etter den enorme suksessen med Lykketegning vinglass \u2013 over 80.000 solgte! \u2013 kommer n\u00e5 endelig vannglass med inngraverte tekster.Disse flotte vannglassene leveres i nydelig innpakning, og kommer som sett med 2 glass.\" \/>\n<meta name=\"robots\" content=\"noindex, follow, max-snippet:-1, max-image-preview:large, max-video-preview:-1\" \/>\n<meta property=\"og:locale\" content=\"es_ES\" \/>\n<meta property=\"og:type\" content=\"article\" \/>\n<meta property=\"og:title\" content=\"Vakre vannglass med inngravering 2 pack; &quot;Det handler om \u00e5 nyte \u00f8yeblikket&quot; - LYKKETEGNING ILLUSTRAT\u00d8R\" \/>\n<meta property=\"og:description\" content=\"Vakre vannglass med inngravering 2 pack; &quot;Det handler om \u00e5 nyte \u00f8yeblikket&quot; Etter den enorme suksessen med Lykketegning vinglass \u2013 over 80.000 solgte! \u2013 kommer n\u00e5 endelig vannglass med inngraverte tekster.Disse flotte vannglassene leveres i nydelig innpakning, og kommer som sett med 2 glass.\" \/>\n<meta property=\"og:url\" content=\"https:\/\/lykketegningtest.wp3.hcweb.dev\/es\/producto\/vakre-vannglass-med-inngravering-2-pack-det-handler-om-a-nyte-oyeblikket\/\" \/>\n<meta property=\"og:site_name\" content=\"LYKKETEGNING ILLUSTRAT\u00d8R\" \/>\n<meta property=\"article:publisher\" content=\"https:\/\/www.facebook.com\/lykketegning\/\" \/>\n<meta property=\"article:modified_time\" content=\"2026-05-08T07:13:53+00:00\" \/>\n<meta property=\"og:image\" content=\"https:\/\/www.lykketegning.no\/wp-content\/uploads\/2025\/10\/IMG_4895-scaled.jpeg\" \/>\n\t<meta property=\"og:image:width\" content=\"1920\" \/>\n\t<meta property=\"og:image:height\" content=\"2560\" \/>\n\t<meta property=\"og:image:type\" content=\"image\/jpeg\" \/>\n<meta name=\"twitter:card\" content=\"summary_large_image\" \/>\n<meta name=\"twitter:label1\" content=\"Tiempo de lectura\" \/>\n\t<meta name=\"twitter:data1\" content=\"3 minutos\" \/>\n<script type=\"application\/ld+json\" class=\"yoast-schema-graph\">{\"@context\":\"https:\\\/\\\/schema.org\",\"@graph\":[{\"@type\":\"WebPage\",\"@id\":\"https:\\\/\\\/lykketegningtest.wp3.hcweb.dev\\\/produkt\\\/vakre-vannglass-med-inngravering-2-pack-det-handler-om-a-nyte-oyeblikket\\\/\",\"url\":\"https:\\\/\\\/lykketegningtest.wp3.hcweb.dev\\\/produkt\\\/vakre-vannglass-med-inngravering-2-pack-det-handler-om-a-nyte-oyeblikket\\\/\",\"name\":\"Vakre vannglass med inngravering 2 pack; \\\"Det handler om \u00e5 nyte \u00f8yeblikket\\\" - LYKKETEGNING ILLUSTRAT\u00d8R\",\"isPartOf\":{\"@id\":\"https:\\\/\\\/lykketegningtest.wp3.hcweb.dev\\\/#website\"},\"primaryImageOfPage\":{\"@id\":\"https:\\\/\\\/lykketegningtest.wp3.hcweb.dev\\\/produkt\\\/vakre-vannglass-med-inngravering-2-pack-det-handler-om-a-nyte-oyeblikket\\\/#primaryimage\"},\"image\":{\"@id\":\"https:\\\/\\\/lykketegningtest.wp3.hcweb.dev\\\/produkt\\\/vakre-vannglass-med-inngravering-2-pack-det-handler-om-a-nyte-oyeblikket\\\/#primaryimage\"},\"thumbnailUrl\":\"https:\\\/\\\/lykketegningtest.wp3.hcweb.dev\\\/wp-content\\\/uploads\\\/2025\\\/10\\\/IMG_4895-scaled.jpeg\",\"datePublished\":\"2025-10-14T13:18:10+00:00\",\"dateModified\":\"2026-05-08T07:13:53+00:00\",\"description\":\"Vakre vannglass med inngravering 2 pack; \\\"Det handler om \u00e5 nyte \u00f8yeblikket\\\" Etter den enorme suksessen med Lykketegning vinglass \u2013 over 80.000 solgte! \u2013 kommer n\u00e5 endelig vannglass med inngraverte tekster.Disse flotte vannglassene leveres i nydelig innpakning, og kommer som sett med 2 glass.\",\"breadcrumb\":{\"@id\":\"https:\\\/\\\/lykketegningtest.wp3.hcweb.dev\\\/produkt\\\/vakre-vannglass-med-inngravering-2-pack-det-handler-om-a-nyte-oyeblikket\\\/#breadcrumb\"},\"inLanguage\":\"es\",\"potentialAction\":[{\"@type\":\"ReadAction\",\"target\":[\"https:\\\/\\\/lykketegningtest.wp3.hcweb.dev\\\/produkt\\\/vakre-vannglass-med-inngravering-2-pack-det-handler-om-a-nyte-oyeblikket\\\/\"]}]},{\"@type\":\"ImageObject\",\"inLanguage\":\"es\",\"@id\":\"https:\\\/\\\/lykketegningtest.wp3.hcweb.dev\\\/produkt\\\/vakre-vannglass-med-inngravering-2-pack-det-handler-om-a-nyte-oyeblikket\\\/#primaryimage\",\"url\":\"https:\\\/\\\/lykketegningtest.wp3.hcweb.dev\\\/wp-content\\\/uploads\\\/2025\\\/10\\\/IMG_4895-scaled.jpeg\",\"contentUrl\":\"https:\\\/\\\/lykketegningtest.wp3.hcweb.dev\\\/wp-content\\\/uploads\\\/2025\\\/10\\\/IMG_4895-scaled.jpeg\",\"width\":1920,\"height\":2560},{\"@type\":\"BreadcrumbList\",\"@id\":\"https:\\\/\\\/lykketegningtest.wp3.hcweb.dev\\\/produkt\\\/vakre-vannglass-med-inngravering-2-pack-det-handler-om-a-nyte-oyeblikket\\\/#breadcrumb\",\"itemListElement\":[{\"@type\":\"ListItem\",\"position\":1,\"name\":\"Hjem\",\"item\":\"https:\\\/\\\/lykketegningtest.wp3.hcweb.dev\\\/\"},{\"@type\":\"ListItem\",\"position\":2,\"name\":\"Shop\",\"item\":\"https:\\\/\\\/lykketegningtest.wp3.hcweb.dev\\\/sv\\\/webbutik\\\/\"},{\"@type\":\"ListItem\",\"position\":3,\"name\":\"Vakre vannglass med inngravering 2 pack; &#8220;Det handler om \u00e5 nyte \u00f8yeblikket&#8221;\"}]},{\"@type\":\"WebSite\",\"@id\":\"https:\\\/\\\/lykketegningtest.wp3.hcweb.dev\\\/#website\",\"url\":\"https:\\\/\\\/lykketegningtest.wp3.hcweb.dev\\\/\",\"name\":\"LYKKETEGNING ILLUSTRAT\u00d8R\",\"description\":\"\",\"publisher\":{\"@id\":\"https:\\\/\\\/lykketegningtest.wp3.hcweb.dev\\\/#organization\"},\"potentialAction\":[{\"@type\":\"SearchAction\",\"target\":{\"@type\":\"EntryPoint\",\"urlTemplate\":\"https:\\\/\\\/lykketegningtest.wp3.hcweb.dev\\\/?s={search_term_string}\"},\"query-input\":{\"@type\":\"PropertyValueSpecification\",\"valueRequired\":true,\"valueName\":\"search_term_string\"}}],\"inLanguage\":\"es\"},{\"@type\":\"Organization\",\"@id\":\"https:\\\/\\\/lykketegningtest.wp3.hcweb.dev\\\/#organization\",\"name\":\"LYKKETEGNING ILLUSTRAT\u00d8R\",\"url\":\"https:\\\/\\\/lykketegningtest.wp3.hcweb.dev\\\/\",\"logo\":{\"@type\":\"ImageObject\",\"inLanguage\":\"es\",\"@id\":\"https:\\\/\\\/lykketegningtest.wp3.hcweb.dev\\\/#\\\/schema\\\/logo\\\/image\\\/\",\"url\":\"https:\\\/\\\/lykketegningtest.wp3.hcweb.dev\\\/wp-content\\\/uploads\\\/2020\\\/03\\\/Logo2020_h400px.jpg\",\"contentUrl\":\"https:\\\/\\\/lykketegningtest.wp3.hcweb.dev\\\/wp-content\\\/uploads\\\/2020\\\/03\\\/Logo2020_h400px.jpg\",\"width\":1024,\"height\":400,\"caption\":\"LYKKETEGNING ILLUSTRAT\u00d8R\"},\"image\":{\"@id\":\"https:\\\/\\\/lykketegningtest.wp3.hcweb.dev\\\/#\\\/schema\\\/logo\\\/image\\\/\"},\"sameAs\":[\"https:\\\/\\\/www.facebook.com\\\/lykketegning\\\/\",\"https:\\\/\\\/www.instagram.com\\\/lykketegning\\\/\",\"https:\\\/\\\/www.youtube.com\\\/@lykketegningillustrations\",\"https:\\\/\\\/www.tiktok.com\\\/@lykketegningillustration\"]}]}<\/script>\n<!-- \/ Yoast SEO plugin. -->","yoast_head_json":{"title":"Preciosos vasos de agua con grabado pack de 2; \"Se trata de disfrutar del momento\" - LYKKETEGNING ILLUSTRAT\u00d8R","description":"Hermosos vasos de agua con grabado Pack de 2; \"Se trata de disfrutar del momento\" Tras el enorme \u00e9xito de los vasos de vino Lykketegning -m\u00e1s de 80.000 vendidos- ahora por fin llegan los vasos de agua con textos grabados.Estos hermosos vasos de agua se entregan en un bonito embalaje, y vienen en un set de 2 vasos.","robots":{"index":"noindex","follow":"follow","max-snippet":"max-snippet:-1","max-image-preview":"max-image-preview:large","max-video-preview":"max-video-preview:-1"},"og_locale":"es_ES","og_type":"article","og_title":"Vakre vannglass med inngravering 2 pack; \"Det handler om \u00e5 nyte \u00f8yeblikket\" - LYKKETEGNING ILLUSTRAT\u00d8R","og_description":"Vakre vannglass med inngravering 2 pack; \"Det handler om \u00e5 nyte \u00f8yeblikket\" Etter den enorme suksessen med Lykketegning vinglass \u2013 over 80.000 solgte! \u2013 kommer n\u00e5 endelig vannglass med inngraverte tekster.Disse flotte vannglassene leveres i nydelig innpakning, og kommer som sett med 2 glass.","og_url":"https:\/\/lykketegningtest.wp3.hcweb.dev\/es\/producto\/vakre-vannglass-med-inngravering-2-pack-det-handler-om-a-nyte-oyeblikket\/","og_site_name":"LYKKETEGNING ILLUSTRAT\u00d8R","article_publisher":"https:\/\/www.facebook.com\/lykketegning\/","article_modified_time":"2026-05-08T07:13:53+00:00","og_image":[{"width":1920,"height":2560,"url":"https:\/\/www.lykketegning.no\/wp-content\/uploads\/2025\/10\/IMG_4895-scaled.jpeg","type":"image\/jpeg"}],"twitter_card":"summary_large_image","twitter_misc":{"Tiempo de lectura":"3 minutos"},"schema":{"@context":"https:\/\/schema.org","@graph":[{"@type":"WebPage","@id":"https:\/\/lykketegningtest.wp3.hcweb.dev\/produkt\/vakre-vannglass-med-inngravering-2-pack-det-handler-om-a-nyte-oyeblikket\/","url":"https:\/\/lykketegningtest.wp3.hcweb.dev\/produkt\/vakre-vannglass-med-inngravering-2-pack-det-handler-om-a-nyte-oyeblikket\/","name":"Preciosos vasos de agua con grabado pack de 2; \"Se trata de disfrutar del momento\" - LYKKETEGNING ILLUSTRAT\u00d8R","isPartOf":{"@id":"https:\/\/lykketegningtest.wp3.hcweb.dev\/#website"},"primaryImageOfPage":{"@id":"https:\/\/lykketegningtest.wp3.hcweb.dev\/produkt\/vakre-vannglass-med-inngravering-2-pack-det-handler-om-a-nyte-oyeblikket\/#primaryimage"},"image":{"@id":"https:\/\/lykketegningtest.wp3.hcweb.dev\/produkt\/vakre-vannglass-med-inngravering-2-pack-det-handler-om-a-nyte-oyeblikket\/#primaryimage"},"thumbnailUrl":"https:\/\/lykketegningtest.wp3.hcweb.dev\/wp-content\/uploads\/2025\/10\/IMG_4895-scaled.jpeg","datePublished":"2025-10-14T13:18:10+00:00","dateModified":"2026-05-08T07:13:53+00:00","description":"Hermosos vasos de agua con grabado Pack de 2; \"Se trata de disfrutar del momento\" Tras el enorme \u00e9xito de los vasos de vino Lykketegning -m\u00e1s de 80.000 vendidos- ahora por fin llegan los vasos de agua con textos grabados.Estos hermosos vasos de agua se entregan en un bonito embalaje, y vienen en un set de 2 vasos.","breadcrumb":{"@id":"https:\/\/lykketegningtest.wp3.hcweb.dev\/produkt\/vakre-vannglass-med-inngravering-2-pack-det-handler-om-a-nyte-oyeblikket\/#breadcrumb"},"inLanguage":"es","potentialAction":[{"@type":"ReadAction","target":["https:\/\/lykketegningtest.wp3.hcweb.dev\/produkt\/vakre-vannglass-med-inngravering-2-pack-det-handler-om-a-nyte-oyeblikket\/"]}]},{"@type":"ImageObject","inLanguage":"es","@id":"https:\/\/lykketegningtest.wp3.hcweb.dev\/produkt\/vakre-vannglass-med-inngravering-2-pack-det-handler-om-a-nyte-oyeblikket\/#primaryimage","url":"https:\/\/lykketegningtest.wp3.hcweb.dev\/wp-content\/uploads\/2025\/10\/IMG_4895-scaled.jpeg","contentUrl":"https:\/\/lykketegningtest.wp3.hcweb.dev\/wp-content\/uploads\/2025\/10\/IMG_4895-scaled.jpeg","width":1920,"height":2560},{"@type":"BreadcrumbList","@id":"https:\/\/lykketegningtest.wp3.hcweb.dev\/produkt\/vakre-vannglass-med-inngravering-2-pack-det-handler-om-a-nyte-oyeblikket\/#breadcrumb","itemListElement":[{"@type":"ListItem","position":1,"name":"Hjem","item":"https:\/\/lykketegningtest.wp3.hcweb.dev\/"},{"@type":"ListItem","position":2,"name":"Shop","item":"https:\/\/lykketegningtest.wp3.hcweb.dev\/sv\/webbutik\/"},{"@type":"ListItem","position":3,"name":"Vakre vannglass med inngravering 2 pack; &#8220;Det handler om \u00e5 nyte \u00f8yeblikket&#8221;"}]},{"@type":"WebSite","@id":"https:\/\/lykketegningtest.wp3.hcweb.dev\/#website","url":"https:\/\/lykketegningtest.wp3.hcweb.dev\/","name":"SUERTE DIBUJO ILUSTRADOR","description":"","publisher":{"@id":"https:\/\/lykketegningtest.wp3.hcweb.dev\/#organization"},"potentialAction":[{"@type":"SearchAction","target":{"@type":"EntryPoint","urlTemplate":"https:\/\/lykketegningtest.wp3.hcweb.dev\/?s={search_term_string}"},"query-input":{"@type":"PropertyValueSpecification","valueRequired":true,"valueName":"search_term_string"}}],"inLanguage":"es"},{"@type":"Organization","@id":"https:\/\/lykketegningtest.wp3.hcweb.dev\/#organization","name":"SUERTE DIBUJO ILUSTRADOR","url":"https:\/\/lykketegningtest.wp3.hcweb.dev\/","logo":{"@type":"ImageObject","inLanguage":"es","@id":"https:\/\/lykketegningtest.wp3.hcweb.dev\/#\/schema\/logo\/image\/","url":"https:\/\/lykketegningtest.wp3.hcweb.dev\/wp-content\/uploads\/2020\/03\/Logo2020_h400px.jpg","contentUrl":"https:\/\/lykketegningtest.wp3.hcweb.dev\/wp-content\/uploads\/2020\/03\/Logo2020_h400px.jpg","width":1024,"height":400,"caption":"LYKKETEGNING ILLUSTRAT\u00d8R"},"image":{"@id":"https:\/\/lykketegningtest.wp3.hcweb.dev\/#\/schema\/logo\/image\/"},"sameAs":["https:\/\/www.facebook.com\/lykketegning\/","https:\/\/www.instagram.com\/lykketegning\/","https:\/\/www.youtube.com\/@lykketegningillustrations","https:\/\/www.tiktok.com\/@lykketegningillustration"]}]}},"_links":{"self":[{"href":"https:\/\/lykketegningtest.wp3.hcweb.dev\/es\/wp-json\/wp\/v2\/product\/40981","targetHints":{"allow":["GET"]}}],"collection":[{"href":"https:\/\/lykketegningtest.wp3.hcweb.dev\/es\/wp-json\/wp\/v2\/product"}],"about":[{"href":"https:\/\/lykketegningtest.wp3.hcweb.dev\/es\/wp-json\/wp\/v2\/types\/product"}],"replies":[{"embeddable":true,"href":"https:\/\/lykketegningtest.wp3.hcweb.dev\/es\/wp-json\/wp\/v2\/comments?post=40981"}],"wp:featuredmedia":[{"embeddable":true,"href":"https:\/\/lykketegningtest.wp3.hcweb.dev\/es\/wp-json\/wp\/v2\/media\/41069"}],"wp:attachment":[{"href":"https:\/\/lykketegningtest.wp3.hcweb.dev\/es\/wp-json\/wp\/v2\/media?parent=40981"}],"wp:term":[{"taxonomy":"product_brand","embeddable":true,"href":"https:\/\/lykketegningtest.wp3.hcweb.dev\/es\/wp-json\/wp\/v2\/product_brand?post=40981"},{"taxonomy":"product_cat","embeddable":true,"href":"https:\/\/lykketegningtest.wp3.hcweb.dev\/es\/wp-json\/wp\/v2\/product_cat?post=40981"},{"taxonomy":"product_tag","embeddable":true,"href":"https:\/\/lykketegningtest.wp3.hcweb.dev\/es\/wp-json\/wp\/v2\/product_tag?post=40981"}],"curies":[{"name":"wp","href":"https:\/\/api.w.org\/{rel}","templated":true}]}}