{"id":42439,"date":"2026-03-25T12:08:04","date_gmt":"2026-03-25T11:08:04","guid":{"rendered":"https:\/\/www-lykketegning.wp3.hcweb.dev\/?post_type=product&#038;p=42439"},"modified":"2026-05-08T09:13:57","modified_gmt":"2026-05-08T07:13:57","slug":"gjestehandklaer-fra-lykketegning-i-2-pakning-40-x-60-cm","status":"publish","type":"product","link":"https:\/\/lykketegningtest.wp3.hcweb.dev\/es\/producto\/gjestehandklaer-fra-lykketegning-i-2-pakning-40-x-60-cm\/","title":{"rendered":"Toallas para hu\u00e9spedes de Lykketegning en paquete de 2 (40 x 60 cm)"},"content":{"rendered":"<h2>Toallas para hu\u00e9spedes de Lykketegning en paquete de 2 (40 x 60 cm). Tres colores diferentes<\/h2>\n<div class=\"product-detail-specifications\">Toalla de dibujo Lucky - 2pack - 40 x 60cm. Elige entre tres colores y textos diferentes.<\/div>\n<div class=\"short-info\">\n<div class=\"product_item_description\">\n<div class=\"description-detail-clamp clamp-active expanded\">\n<div class=\"description-detail-clamp-inner\">\n<p>Toallas acogedoras con texto agradable:<\/p>\n<div class=\"product-detail-specifications\">La vida es ahora mismo, este minuto este segundo (Blanco)<\/div>\n<div>Llena tu vida de lo que es bueno. (Rosa)<\/div>\n<div>Se trata de saborear el momento. (Azul)<\/div>\n<p>De algod\u00f3n 100%<\/p>\n<p>\u00a1Gran consejo para regalo y decorativo en el cuarto de ba\u00f1o! Tal vez junto con las nuevas velas perfumadas?<\/p>\n<p>Happiness drawing tiene innumerables productos diferentes y tambi\u00e9n puedes encargar dibujos a tu medida. Echa un vistazo a todo el cat\u00e1logo.<\/p>\n<p>Toalla<\/p>\n<p>100% algod\u00f3n.<\/p>\n<p>Lavable con colores similares<\/p>\n<div class=\"attributes-spec-group-header t10\">\n<div>Tama\u00f1o y peso<\/div>\n<\/div>\n<div class=\"product-detail-value-wrapper\">\n<div class=\"row\">\n<div class=\"col-6\"><span class=\"product-detail-value-name\">Peso (kg)<\/span><\/div>\n<div class=\"col-6\"><span class=\"product-detail-value-value\">0,2800<\/span><\/div>\n<\/div>\n<\/div>\n<div class=\"product-detail-value-wrapper\">\n<div class=\"row\">\n<div class=\"col-6\"><span class=\"product-detail-value-name\">Talla<\/span><\/div>\n<div class=\"col-6\"><span class=\"product-detail-value-value\">2pk 40\u00d760 PUST<\/span><\/div>\n<\/div>\n<\/div>\n<div class=\"attributes-spec-group-header t10\">\n<div>Color y material<\/div>\n<\/div>\n<div class=\"product-detail-value-wrapper\">\n<div class=\"row\">\n<div class=\"col-6\"><span class=\"product-detail-value-name\">Materiales<\/span><\/div>\n<div class=\"col-6\"><span class=\"product-detail-value-value\">100% Algod\u00f3n<\/span><\/div>\n<\/div>\n<\/div>\n<div class=\"product-detail-value-wrapper\">\n<div class=\"row\">\n<div class=\"col-6\"><span class=\"product-detail-value-name\">Color<\/span><\/div>\n<div class=\"col-6\"><span class=\"product-detail-value-value\">Color blanco<\/span><\/div>\n<\/div>\n<\/div>\n<div class=\"attributes-spec-group-header t10\">\n<div>Otros<\/div>\n<\/div>\n<div class=\"product-detail-value-wrapper\">\n<div class=\"row\">\n<div class=\"col-6\"><span class=\"product-detail-value-name\">EAN<\/span><\/div>\n<div class=\"col-6\"><span class=\"product-detail-value-value\">7020629489812<\/span><\/div>\n<\/div>\n<div class=\"row\">\n<div class=\"col-6\"><span class=\"product-detail-value-name\">Id<\/span><\/div>\n<div class=\"col-6\"><span class=\"product-detail-value-value\">50250223<\/span><\/div>\n<\/div>\n<\/div>\n<p>&nbsp;<\/p>\n<p><strong>\"En Lykketegning, cada ilustraci\u00f3n se crea con calidez y esmero.<\/strong><br \/>\n<strong>Con colores fuertes, l\u00edneas claras y buenas citas, Happiness Drawing quiere hacerte parar un momento, respirar hondo y poner rumbo hacia delante.<\/strong><br \/>\n<strong>Los corazones y las sonrisas son de m\u00ed para ti, para recordarte que eres muy bueno\".<\/strong><\/p>\n<p>&nbsp;<\/p>\n<p>En el sitio web encontrar\u00e1 algunas ilustraciones y otros productos, como tazas, tarjetas de felicitaci\u00f3n y calendarios.<\/p>\n<p>Aqu\u00ed se a\u00f1aden constantemente nuevos productos, as\u00ed que no dude en suscribirse al bolet\u00edn para recibir actualizaciones mensuales.<\/p>\n<p>Para <strong>muchos muchos muchos muchos<\/strong> m\u00e1s ilustraciones; visita mi perfil de Instagram y Facebook.<\/p>\n<p>De hecho, todas las ilustraciones est\u00e1n a la venta. 999 SEK para A4 y 1500 SEK para A3.<\/p>\n<p>Tambi\u00e9n puede encargar el suyo propio, un regalo estupendo para bodas y otras fiestas. Ponte en contacto con nosotros.<\/p>\n<p><em>Precio: 1500kr para A4 y A5 (hasta 5 personas\/animal) coste adicional para m\u00e1s (hasta 5 personas\/animal). A3 2000kr sin gastos de env\u00edo. Necesito saber color\/tipo de pelo, altura, intereses y n\u00famero deseado de personas ilustradas. Cualquier presupuesto que desee incluido.<\/em><\/p>\n<p>Si tiene alguna pregunta, no dude en ponerse en contacto conmigo. Si desea charlar sobre una posible cooperaci\u00f3n, env\u00edeme un correo electr\u00f3nico.<\/p>\n<p>Espero tener noticias suyas y que tenga un buen d\u00eda. <a href=\"https:\/\/www.facebook.com\/lykketegning\/?locale=nb_NO\">Esto te llevar\u00e1 a mi p\u00e1gina de Facebook.<\/a> Y si quieres seguirme en<a href=\"https:\/\/www.instagram.com\/lykketegning\/?hl=nb\"> Instagram, lo encontrar\u00e1s aqu\u00ed.<\/a><\/p>\n<p>Artista<br \/>\nIngebj\u00f8rg Rang\u00f8y Sj\u00e5land<\/p>\n<p>&nbsp;<\/p>\n<\/div>\n<\/div>\n<\/div>\n<\/div>\n<p>&nbsp;<\/p>\n<p>&nbsp;<\/p>\n<p>&nbsp;<\/p>","protected":false},"excerpt":{"rendered":"<h2>Toallas para hu\u00e9spedes de Lykketegning en paquete de 2 (40 x 60 cm). Tres colores diferentes<\/h2>\n<div class=\"product-detail-specifications\">Toalla de dibujo Lucky - 2pack - 40 x 60cm. Elige entre tres colores y textos diferentes.<\/div>\n<div class=\"short-info\">\n<div class=\"product_item_description\">\n<div class=\"description-detail-clamp clamp-active expanded\">\n<div class=\"description-detail-clamp-inner\">\n<p>Toallas acogedoras con texto agradable:<\/p>\n<div class=\"product-detail-specifications\">La vida es ahora mismo, este minuto este segundo (Blanco)<\/div>\n<div>Llena tu vida de lo que es bueno. (Rosa)<\/div>\n<div>Se trata de saborear el momento. (Azul)<\/div>\n<p>De algod\u00f3n 100%<\/p>\n<p>\u00a1Gran consejo para regalo y decorativo en el cuarto de ba\u00f1o! Tal vez junto con las nuevas velas perfumadas?<\/p>\n<p>Happiness drawing tiene innumerables productos diferentes y tambi\u00e9n puedes encargar dibujos a tu medida. Echa un vistazo a todo el cat\u00e1logo.<\/p>\n<p>Toalla<\/p>\n<p>100% algod\u00f3n.<\/p>\n<\/div>\n<\/div>\n<\/div>\n<\/div>","protected":false},"featured_media":42445,"comment_status":"closed","ping_status":"closed","template":"","meta":[],"product_brand":[],"product_cat":[202],"product_tag":[449,448,451,450],"class_list":{"0":"post-42439","1":"product","2":"type-product","3":"status-publish","4":"has-post-thumbnail","6":"product_cat-klaer-med-trykk","7":"product_tag-gjestehandkle","8":"product_tag-handkle","9":"product_tag-tekst","10":"product_tag-towel","12":"first","13":"instock","14":"taxable","15":"shipping-taxable","16":"purchasable","17":"product-type-variable"},"yoast_head":"<!-- This site is optimized with the Yoast SEO plugin v27.5 - https:\/\/yoast.com\/product\/yoast-seo-wordpress\/ -->\n<title>Gjesteh\u00e5ndkl\u00e6r fra Lykketegning i 2-pakning (40 x 60 cm) - LYKKETEGNING ILLUSTRAT\u00d8R<\/title>\n<meta name=\"description\" content=\"Gjesteh\u00e5ndkl\u00e6r fra Lykketegning i 2-pakning (40 x 60 cm). Velg mellom flere farger og koselige tekster \u2013 perfekte til badet eller som gave.\" \/>\n<meta name=\"robots\" content=\"noindex, follow, max-snippet:-1, max-image-preview:large, max-video-preview:-1\" \/>\n<meta property=\"og:locale\" content=\"es_ES\" \/>\n<meta property=\"og:type\" content=\"article\" \/>\n<meta property=\"og:title\" content=\"Gjesteh\u00e5ndkl\u00e6r fra Lykketegning i 2-pakning (40 x 60 cm) - LYKKETEGNING ILLUSTRAT\u00d8R\" \/>\n<meta property=\"og:description\" content=\"Gjesteh\u00e5ndkl\u00e6r fra Lykketegning i 2-pakning (40 x 60 cm). Velg mellom flere farger og koselige tekster \u2013 perfekte til badet eller som gave.\" \/>\n<meta property=\"og:url\" content=\"https:\/\/lykketegningtest.wp3.hcweb.dev\/es\/producto\/gjestehandklaer-fra-lykketegning-i-2-pakning-40-x-60-cm\/\" \/>\n<meta property=\"og:site_name\" content=\"LYKKETEGNING ILLUSTRAT\u00d8R\" \/>\n<meta property=\"article:publisher\" content=\"https:\/\/www.facebook.com\/lykketegning\/\" \/>\n<meta property=\"article:modified_time\" content=\"2026-05-08T07:13:57+00:00\" \/>\n<meta property=\"og:image\" content=\"https:\/\/www.lykketegning.no\/wp-content\/uploads\/2026\/03\/B5DFC5D6-FEB4-419C-B81A-7540E34F508B-1-683x1024.png\" \/>\n\t<meta property=\"og:image:width\" content=\"683\" \/>\n\t<meta property=\"og:image:height\" content=\"1024\" \/>\n\t<meta property=\"og:image:type\" content=\"image\/png\" \/>\n<meta name=\"twitter:card\" content=\"summary_large_image\" \/>\n<meta name=\"twitter:label1\" content=\"Tiempo de lectura\" \/>\n\t<meta name=\"twitter:data1\" content=\"3 minutos\" \/>\n<script type=\"application\/ld+json\" class=\"yoast-schema-graph\">{\"@context\":\"https:\\\/\\\/schema.org\",\"@graph\":[{\"@type\":\"WebPage\",\"@id\":\"https:\\\/\\\/lykketegningtest.wp3.hcweb.dev\\\/produkt\\\/gjestehandklaer-fra-lykketegning-i-2-pakning-40-x-60-cm\\\/\",\"url\":\"https:\\\/\\\/lykketegningtest.wp3.hcweb.dev\\\/produkt\\\/gjestehandklaer-fra-lykketegning-i-2-pakning-40-x-60-cm\\\/\",\"name\":\"Gjesteh\u00e5ndkl\u00e6r fra Lykketegning i 2-pakning (40 x 60 cm) - LYKKETEGNING ILLUSTRAT\u00d8R\",\"isPartOf\":{\"@id\":\"https:\\\/\\\/lykketegningtest.wp3.hcweb.dev\\\/#website\"},\"primaryImageOfPage\":{\"@id\":\"https:\\\/\\\/lykketegningtest.wp3.hcweb.dev\\\/produkt\\\/gjestehandklaer-fra-lykketegning-i-2-pakning-40-x-60-cm\\\/#primaryimage\"},\"image\":{\"@id\":\"https:\\\/\\\/lykketegningtest.wp3.hcweb.dev\\\/produkt\\\/gjestehandklaer-fra-lykketegning-i-2-pakning-40-x-60-cm\\\/#primaryimage\"},\"thumbnailUrl\":\"https:\\\/\\\/lykketegningtest.wp3.hcweb.dev\\\/wp-content\\\/uploads\\\/2026\\\/03\\\/B5DFC5D6-FEB4-419C-B81A-7540E34F508B-1.png\",\"datePublished\":\"2026-03-25T11:08:04+00:00\",\"dateModified\":\"2026-05-08T07:13:57+00:00\",\"description\":\"Gjesteh\u00e5ndkl\u00e6r fra Lykketegning i 2-pakning (40 x 60 cm). Velg mellom flere farger og koselige tekster \u2013 perfekte til badet eller som gave.\",\"breadcrumb\":{\"@id\":\"https:\\\/\\\/lykketegningtest.wp3.hcweb.dev\\\/produkt\\\/gjestehandklaer-fra-lykketegning-i-2-pakning-40-x-60-cm\\\/#breadcrumb\"},\"inLanguage\":\"es\",\"potentialAction\":[{\"@type\":\"ReadAction\",\"target\":[\"https:\\\/\\\/lykketegningtest.wp3.hcweb.dev\\\/produkt\\\/gjestehandklaer-fra-lykketegning-i-2-pakning-40-x-60-cm\\\/\"]}]},{\"@type\":\"ImageObject\",\"inLanguage\":\"es\",\"@id\":\"https:\\\/\\\/lykketegningtest.wp3.hcweb.dev\\\/produkt\\\/gjestehandklaer-fra-lykketegning-i-2-pakning-40-x-60-cm\\\/#primaryimage\",\"url\":\"https:\\\/\\\/lykketegningtest.wp3.hcweb.dev\\\/wp-content\\\/uploads\\\/2026\\\/03\\\/B5DFC5D6-FEB4-419C-B81A-7540E34F508B-1.png\",\"contentUrl\":\"https:\\\/\\\/lykketegningtest.wp3.hcweb.dev\\\/wp-content\\\/uploads\\\/2026\\\/03\\\/B5DFC5D6-FEB4-419C-B81A-7540E34F508B-1.png\",\"width\":1024,\"height\":1536},{\"@type\":\"BreadcrumbList\",\"@id\":\"https:\\\/\\\/lykketegningtest.wp3.hcweb.dev\\\/produkt\\\/gjestehandklaer-fra-lykketegning-i-2-pakning-40-x-60-cm\\\/#breadcrumb\",\"itemListElement\":[{\"@type\":\"ListItem\",\"position\":1,\"name\":\"Hjem\",\"item\":\"https:\\\/\\\/lykketegningtest.wp3.hcweb.dev\\\/\"},{\"@type\":\"ListItem\",\"position\":2,\"name\":\"Shop\",\"item\":\"https:\\\/\\\/lykketegningtest.wp3.hcweb.dev\\\/sv\\\/webbutik\\\/\"},{\"@type\":\"ListItem\",\"position\":3,\"name\":\"Gjesteh\u00e5ndkl\u00e6r fra Lykketegning i 2-pakning (40 x 60 cm)\"}]},{\"@type\":\"WebSite\",\"@id\":\"https:\\\/\\\/lykketegningtest.wp3.hcweb.dev\\\/#website\",\"url\":\"https:\\\/\\\/lykketegningtest.wp3.hcweb.dev\\\/\",\"name\":\"LYKKETEGNING ILLUSTRAT\u00d8R\",\"description\":\"\",\"publisher\":{\"@id\":\"https:\\\/\\\/lykketegningtest.wp3.hcweb.dev\\\/#organization\"},\"potentialAction\":[{\"@type\":\"SearchAction\",\"target\":{\"@type\":\"EntryPoint\",\"urlTemplate\":\"https:\\\/\\\/lykketegningtest.wp3.hcweb.dev\\\/?s={search_term_string}\"},\"query-input\":{\"@type\":\"PropertyValueSpecification\",\"valueRequired\":true,\"valueName\":\"search_term_string\"}}],\"inLanguage\":\"es\"},{\"@type\":\"Organization\",\"@id\":\"https:\\\/\\\/lykketegningtest.wp3.hcweb.dev\\\/#organization\",\"name\":\"LYKKETEGNING ILLUSTRAT\u00d8R\",\"url\":\"https:\\\/\\\/lykketegningtest.wp3.hcweb.dev\\\/\",\"logo\":{\"@type\":\"ImageObject\",\"inLanguage\":\"es\",\"@id\":\"https:\\\/\\\/lykketegningtest.wp3.hcweb.dev\\\/#\\\/schema\\\/logo\\\/image\\\/\",\"url\":\"https:\\\/\\\/lykketegningtest.wp3.hcweb.dev\\\/wp-content\\\/uploads\\\/2020\\\/03\\\/Logo2020_h400px.jpg\",\"contentUrl\":\"https:\\\/\\\/lykketegningtest.wp3.hcweb.dev\\\/wp-content\\\/uploads\\\/2020\\\/03\\\/Logo2020_h400px.jpg\",\"width\":1024,\"height\":400,\"caption\":\"LYKKETEGNING ILLUSTRAT\u00d8R\"},\"image\":{\"@id\":\"https:\\\/\\\/lykketegningtest.wp3.hcweb.dev\\\/#\\\/schema\\\/logo\\\/image\\\/\"},\"sameAs\":[\"https:\\\/\\\/www.facebook.com\\\/lykketegning\\\/\",\"https:\\\/\\\/www.instagram.com\\\/lykketegning\\\/\",\"https:\\\/\\\/www.youtube.com\\\/@lykketegningillustrations\",\"https:\\\/\\\/www.tiktok.com\\\/@lykketegningillustration\"]}]}<\/script>\n<!-- \/ Yoast SEO plugin. -->","yoast_head_json":{"title":"Toallas de hu\u00e9spedes de Lykketegning en paquete de 2 (40 x 60 cm) - LYKKETEGNING ILLUSTRAT\u00d8R","description":"Toallas para invitados de Lykketegning en paquete de 2 (40 x 60 cm). Elige entre varios colores y textos acogedores: perfectas para el ba\u00f1o o como regalo.","robots":{"index":"noindex","follow":"follow","max-snippet":"max-snippet:-1","max-image-preview":"max-image-preview:large","max-video-preview":"max-video-preview:-1"},"og_locale":"es_ES","og_type":"article","og_title":"Gjesteh\u00e5ndkl\u00e6r fra Lykketegning i 2-pakning (40 x 60 cm) - LYKKETEGNING ILLUSTRAT\u00d8R","og_description":"Gjesteh\u00e5ndkl\u00e6r fra Lykketegning i 2-pakning (40 x 60 cm). Velg mellom flere farger og koselige tekster \u2013 perfekte til badet eller som gave.","og_url":"https:\/\/lykketegningtest.wp3.hcweb.dev\/es\/producto\/gjestehandklaer-fra-lykketegning-i-2-pakning-40-x-60-cm\/","og_site_name":"LYKKETEGNING ILLUSTRAT\u00d8R","article_publisher":"https:\/\/www.facebook.com\/lykketegning\/","article_modified_time":"2026-05-08T07:13:57+00:00","og_image":[{"width":683,"height":1024,"url":"https:\/\/www.lykketegning.no\/wp-content\/uploads\/2026\/03\/B5DFC5D6-FEB4-419C-B81A-7540E34F508B-1-683x1024.png","type":"image\/png"}],"twitter_card":"summary_large_image","twitter_misc":{"Tiempo de lectura":"3 minutos"},"schema":{"@context":"https:\/\/schema.org","@graph":[{"@type":"WebPage","@id":"https:\/\/lykketegningtest.wp3.hcweb.dev\/produkt\/gjestehandklaer-fra-lykketegning-i-2-pakning-40-x-60-cm\/","url":"https:\/\/lykketegningtest.wp3.hcweb.dev\/produkt\/gjestehandklaer-fra-lykketegning-i-2-pakning-40-x-60-cm\/","name":"Toallas de hu\u00e9spedes de Lykketegning en paquete de 2 (40 x 60 cm) - LYKKETEGNING ILLUSTRAT\u00d8R","isPartOf":{"@id":"https:\/\/lykketegningtest.wp3.hcweb.dev\/#website"},"primaryImageOfPage":{"@id":"https:\/\/lykketegningtest.wp3.hcweb.dev\/produkt\/gjestehandklaer-fra-lykketegning-i-2-pakning-40-x-60-cm\/#primaryimage"},"image":{"@id":"https:\/\/lykketegningtest.wp3.hcweb.dev\/produkt\/gjestehandklaer-fra-lykketegning-i-2-pakning-40-x-60-cm\/#primaryimage"},"thumbnailUrl":"https:\/\/lykketegningtest.wp3.hcweb.dev\/wp-content\/uploads\/2026\/03\/B5DFC5D6-FEB4-419C-B81A-7540E34F508B-1.png","datePublished":"2026-03-25T11:08:04+00:00","dateModified":"2026-05-08T07:13:57+00:00","description":"Toallas para invitados de Lykketegning en paquete de 2 (40 x 60 cm). Elige entre varios colores y textos acogedores: perfectas para el ba\u00f1o o como regalo.","breadcrumb":{"@id":"https:\/\/lykketegningtest.wp3.hcweb.dev\/produkt\/gjestehandklaer-fra-lykketegning-i-2-pakning-40-x-60-cm\/#breadcrumb"},"inLanguage":"es","potentialAction":[{"@type":"ReadAction","target":["https:\/\/lykketegningtest.wp3.hcweb.dev\/produkt\/gjestehandklaer-fra-lykketegning-i-2-pakning-40-x-60-cm\/"]}]},{"@type":"ImageObject","inLanguage":"es","@id":"https:\/\/lykketegningtest.wp3.hcweb.dev\/produkt\/gjestehandklaer-fra-lykketegning-i-2-pakning-40-x-60-cm\/#primaryimage","url":"https:\/\/lykketegningtest.wp3.hcweb.dev\/wp-content\/uploads\/2026\/03\/B5DFC5D6-FEB4-419C-B81A-7540E34F508B-1.png","contentUrl":"https:\/\/lykketegningtest.wp3.hcweb.dev\/wp-content\/uploads\/2026\/03\/B5DFC5D6-FEB4-419C-B81A-7540E34F508B-1.png","width":1024,"height":1536},{"@type":"BreadcrumbList","@id":"https:\/\/lykketegningtest.wp3.hcweb.dev\/produkt\/gjestehandklaer-fra-lykketegning-i-2-pakning-40-x-60-cm\/#breadcrumb","itemListElement":[{"@type":"ListItem","position":1,"name":"Hjem","item":"https:\/\/lykketegningtest.wp3.hcweb.dev\/"},{"@type":"ListItem","position":2,"name":"Shop","item":"https:\/\/lykketegningtest.wp3.hcweb.dev\/sv\/webbutik\/"},{"@type":"ListItem","position":3,"name":"Gjesteh\u00e5ndkl\u00e6r fra Lykketegning i 2-pakning (40 x 60 cm)"}]},{"@type":"WebSite","@id":"https:\/\/lykketegningtest.wp3.hcweb.dev\/#website","url":"https:\/\/lykketegningtest.wp3.hcweb.dev\/","name":"SUERTE DIBUJO ILUSTRADOR","description":"","publisher":{"@id":"https:\/\/lykketegningtest.wp3.hcweb.dev\/#organization"},"potentialAction":[{"@type":"SearchAction","target":{"@type":"EntryPoint","urlTemplate":"https:\/\/lykketegningtest.wp3.hcweb.dev\/?s={search_term_string}"},"query-input":{"@type":"PropertyValueSpecification","valueRequired":true,"valueName":"search_term_string"}}],"inLanguage":"es"},{"@type":"Organization","@id":"https:\/\/lykketegningtest.wp3.hcweb.dev\/#organization","name":"SUERTE DIBUJO ILUSTRADOR","url":"https:\/\/lykketegningtest.wp3.hcweb.dev\/","logo":{"@type":"ImageObject","inLanguage":"es","@id":"https:\/\/lykketegningtest.wp3.hcweb.dev\/#\/schema\/logo\/image\/","url":"https:\/\/lykketegningtest.wp3.hcweb.dev\/wp-content\/uploads\/2020\/03\/Logo2020_h400px.jpg","contentUrl":"https:\/\/lykketegningtest.wp3.hcweb.dev\/wp-content\/uploads\/2020\/03\/Logo2020_h400px.jpg","width":1024,"height":400,"caption":"LYKKETEGNING ILLUSTRAT\u00d8R"},"image":{"@id":"https:\/\/lykketegningtest.wp3.hcweb.dev\/#\/schema\/logo\/image\/"},"sameAs":["https:\/\/www.facebook.com\/lykketegning\/","https:\/\/www.instagram.com\/lykketegning\/","https:\/\/www.youtube.com\/@lykketegningillustrations","https:\/\/www.tiktok.com\/@lykketegningillustration"]}]}},"_links":{"self":[{"href":"https:\/\/lykketegningtest.wp3.hcweb.dev\/es\/wp-json\/wp\/v2\/product\/42439","targetHints":{"allow":["GET"]}}],"collection":[{"href":"https:\/\/lykketegningtest.wp3.hcweb.dev\/es\/wp-json\/wp\/v2\/product"}],"about":[{"href":"https:\/\/lykketegningtest.wp3.hcweb.dev\/es\/wp-json\/wp\/v2\/types\/product"}],"replies":[{"embeddable":true,"href":"https:\/\/lykketegningtest.wp3.hcweb.dev\/es\/wp-json\/wp\/v2\/comments?post=42439"}],"wp:featuredmedia":[{"embeddable":true,"href":"https:\/\/lykketegningtest.wp3.hcweb.dev\/es\/wp-json\/wp\/v2\/media\/42445"}],"wp:attachment":[{"href":"https:\/\/lykketegningtest.wp3.hcweb.dev\/es\/wp-json\/wp\/v2\/media?parent=42439"}],"wp:term":[{"taxonomy":"product_brand","embeddable":true,"href":"https:\/\/lykketegningtest.wp3.hcweb.dev\/es\/wp-json\/wp\/v2\/product_brand?post=42439"},{"taxonomy":"product_cat","embeddable":true,"href":"https:\/\/lykketegningtest.wp3.hcweb.dev\/es\/wp-json\/wp\/v2\/product_cat?post=42439"},{"taxonomy":"product_tag","embeddable":true,"href":"https:\/\/lykketegningtest.wp3.hcweb.dev\/es\/wp-json\/wp\/v2\/product_tag?post=42439"}],"curies":[{"name":"wp","href":"https:\/\/api.w.org\/{rel}","templated":true}]}}