{"id":2871,"date":"2017-08-17T22:04:47","date_gmt":"2017-08-17T20:04:47","guid":{"rendered":"https:\/\/www-lykketegning.wp3.hcweb.dev\/?page_id=2871"},"modified":"2026-02-17T08:47:59","modified_gmt":"2026-02-17T07:47:59","slug":"illustrator","status":"publish","type":"page","link":"https:\/\/lykketegningtest.wp3.hcweb.dev\/sv\/illustrator\/","title":{"rendered":"Illustrat\u00f6r"},"content":{"rendered":"<figure itemscope itemtype=\"https:\/\/schema.org\/ImageObject\">\n\t\t\t\t<img decoding=\"async\" src=\"https:\/\/lykketegningtest.wp3.hcweb.dev\/wp-content\/uploads\/2024\/04\/08-Ingebjorg.jpeg\" alt=\"08 Ingebj\u00f8rg\" height=\"1280\" width=\"853\" title=\"08 Ingebj\u00f8rg\" onerror=\"this.style.display='none'\" loading=\"lazy\" \/>\n\t<\/figure>\n\t<h1>V\u00e4lkommen till Happiness Drawing!<\/h1>\n<h3><em>Vem g\u00f6r Lucky Drawing? <\/em><\/h3>\n<p>Mitt namn \u00e4r Ingebj\u00f8rg Rang\u00f8y Sj\u00e5land och jag \u00e4r illustrat\u00f6ren bakom Lykketegning.<\/p>\n<p>Jag \u00e4r utbildad barnsk\u00f6tare och har arbetat med d\u00f6va barn i Danmark och Norge i m\u00e5nga \u00e5r. Jag \u00e4r 46 \u00e5r gammal, mamma till tv\u00e5 och gift med den b\u00e4sta mannen i v\u00e4rlden.<\/p>\n<p>Pensionerad handbollsspelare och engagerad k\u00f6rdirigent.<\/p>\n<h3>Hur det hela b\u00f6rjade.<\/h3>\n<p><em>\"Jag hade kanske en stor dr\u00f6m om att jag skulle bli fotograf en dag, en \u00e4nnu vildare fantasi var att skriva en bok. Men det f\u00f6ll mig aldrig in att jag skulle sitta och rita!<\/em><\/p>\n<p><em> Ingebj\u00f8rg Rang\u00f8y Sj\u00e5lands tecknarkarri\u00e4r b\u00f6rjade n\u00e4r hon ritade en doodle av sin familj p\u00e5 ett seminarium. Hennes kollega blev s\u00e5 f\u00f6rtjust i teckningen att hon bad henne dela med sig av den. Sj\u00e5land publicerade teckningen p\u00e5 Instagram, d\u00e4r hon fick 10 gillamarkeringar, tre kommentarer och en best\u00e4llning. Det r\u00e4ckte f\u00f6r att f\u00e5 ig\u00e5ng teckningslusten - det var allt som kr\u00e4vdes\", skrattar Sj\u00e5land. <\/em><\/p>\n<p><em>- Jag visste inte om mina Facebook-v\u00e4nner var intresserade av mina teckningar, s\u00e5 jag skapade en sida som hette \"Happiness Drawing\" ist\u00e4llet. Det visade sig att det skapade engagemang, f\u00f6r jag fick bara fler och fler f\u00f6ljare och fler och fler best\u00e4llningar.<\/em><\/p>\n<p><em>Lykketegning har nu \u00f6ver 80.000 f\u00f6ljare p\u00e5 Facebook och Instagram. Hon har f\u00f6ljare fr\u00e5n minst 28 l\u00e4nder och f\u00e5r best\u00e4llningar fr\u00e5n hela v\u00e4rlden.<\/em><\/p>\n<em> - De flesta av mina best\u00e4llningar kommer fr\u00e5n personer som vill ha sin familj tecknad som present vid dop, konfirmation, br\u00f6llop och f\u00f6delsedagar. Ibland f\u00e5r jag ocks\u00e5 familjemedlemmar som inte l\u00e4ngre \u00e4r med oss, men som jag kan teckna in.<\/em><br \/>\n<em> Hennes teckningar \u00e4r enkla, med stora leenden och massor av hj\u00e4rtan. Men ingen av hennes teckningar \u00e4r den andra lik, och n\u00e4r hon v\u00e4l har b\u00f6rjat rita \u00e4ndrar hon s\u00e4llan p\u00e5 den.<\/em>\n<p><em> - \"Det f\u00f6rsta jag ritar \u00e4r det som ska vara kvar, s\u00e5 det \u00e4r s\u00e4llan jag renoverar eller bygger om. <\/em><\/p>\n<p><em>De \u00e4r inte alls perfekta teckningar, men jag tror att det \u00e4r en del av charmen. Livet \u00e4r inte perfekt och det \u00e4r inte de heller, och kanske \u00e4r det det som sl\u00e5r an en str\u00e4ng hos m\u00e4nniskor.\"<\/em> <a href=\"https:\/\/www.nrk.no\/ostfold\/tar-permisjon-for-a-tegne-1.13382384\">NRK \u00d8stfold <\/a><\/p>\n<h3>500 butiker i Norge<\/h3>\n<p>Att rita, skapa och f\u00e4rgl\u00e4gga \u00e4r otroligt roligt. Varf\u00f6r inte prova p\u00e5 det du ocks\u00e5? Happy Cups hittar du nu i butiker i hela Norge och i min webbutik!<\/p>\n<p>P\u00e5 hemsidan hittar du n\u00e5gra illustrationer och andra produkter som koppar, gratulationskort och kalendrar.<\/p>\n<p>H\u00e4r lanseras st\u00e4ndigt nya produkter.<\/p>\n<p>F\u00f6r <strong>m\u00e5nga m\u00e5nga m\u00e5nga m\u00e5nga<\/strong> fler illustrationer; bes\u00f6k min Instagram- och Facebookprofil.<\/p>\n<h3>\u00c5terf\u00f6rs\u00e4ljare<\/h3>\n<p>Om du vill bli \u00e5terf\u00f6rs\u00e4ljare av Lykketegning, tveka inte att kontakta oss p\u00e5 post@lykketegning.no<\/p>\n<figure itemscope itemtype=\"https:\/\/schema.org\/ImageObject\">\n\t\t\t\t<img decoding=\"async\" src=\"https:\/\/lykketegningtest.wp3.hcweb.dev\/wp-content\/uploads\/2024\/04\/Emne-2.png\" alt=\"Emne (2)\" height=\"1280\" width=\"1061\" title=\"\u00c4mne (2)\" onerror=\"this.style.display='none'\" loading=\"lazy\" \/>\n\t<\/figure>\n\t<h3>Illustrationer till salu<\/h3>\n<p>Faktum \u00e4r att alla illustrationer \u00e4r till salu. 999 kr f\u00f6r A4 och 1500 kr f\u00f6r A3.<\/p>\n<p>Du kan ocks\u00e5 best\u00e4lla din egen - bra presenter att ge till br\u00f6llop och andra fester. H\u00f6r av dig till v\u00e5r inkorg f\u00f6r detta.<\/p>\n<p><em>Pris f\u00f6r fotografering: 1500kr f\u00f6r A4 och A5 (upp till 5 personer\/djur) extra kostnad f\u00f6r fler (upp till 5 personer\/djur). A3 2000kr ex porto. Jag beh\u00f6ver veta h\u00e5rf\u00e4rg\/h\u00e5rtyp, l\u00e4ngd, intressen och \u00f6nskat antal avbildade personer. Alla offerter du vill ha inkluderade.<\/em><\/p>\n<p>Om du har n\u00e5gra fr\u00e5gor, tveka inte att h\u00f6ra av dig! Om du vill ha en pratstund om ett eventuellt samarbete, skicka mig ett e-postmeddelande.<\/p>\n<p>Vi ser fram emot att h\u00f6ra fr\u00e5n dig och hoppas att du f\u00e5r en underbar dag.<\/p>\nKonstn\u00e4r<br \/>\nIngebj\u00f8rg Rang\u00f8y Sj\u00e5land","protected":false},"excerpt":{"rendered":"<p>V\u00e4lkommen till Lykketegning! Vem g\u00f6r Lykketegning? Mitt namn \u00e4r Ingebj\u00f8rg Rang\u00f8y Sj\u00e5land och jag \u00e4r illustrat\u00f6ren bakom Lykketegning. Jag \u00e4r utbildad barnsk\u00f6tare och har arbetat med d\u00f6va barn i Danmark och Norge i m\u00e5nga \u00e5r. 46 \u00e5r gammal, tv\u00e5barnsmamma och gift med v\u00e4rldens b\u00e4sta man. Jag \u00e4r en pensionerad handbollsspelare och en engagerad k\u00f6rledare. Hur det hela...<\/p>","protected":false},"author":2008,"featured_media":0,"parent":0,"menu_order":0,"comment_status":"closed","ping_status":"closed","template":"","meta":{"footnotes":""},"class_list":["post-2871","page","type-page","status-publish","hentry"],"yoast_head":"<!-- This site is optimized with the Yoast SEO plugin v27.5 - https:\/\/yoast.com\/product\/yoast-seo-wordpress\/ -->\n<title>Illustrat\u00f8r - LYKKETEGNING ILLUSTRAT\u00d8R<\/title>\n<meta name=\"robots\" content=\"noindex, follow, max-snippet:-1, max-image-preview:large, max-video-preview:-1\" \/>\n<meta property=\"og:locale\" content=\"sv_SE\" \/>\n<meta property=\"og:type\" content=\"article\" \/>\n<meta property=\"og:title\" content=\"Illustrat\u00f8r - LYKKETEGNING ILLUSTRAT\u00d8R\" \/>\n<meta property=\"og:description\" content=\"Velkommen til Lykketegning! Hvem lager Lykketegning? Jeg heter Ingebj\u00f8rg Rang\u00f8y Sj\u00e5land og er illustrat\u00f8ren bak Lykketegning. Jeg er utdannet barnevernspedagog og har i mange \u00e5r arbeidet med d\u00f8ve barn i Danmark og i Norge. 46 \u00e5r gammel, mamma til to ungdommer og gift med verdens beste mann. Avdanka h\u00e5ndballspiller og engasjert kordirigent. Hvordan det hele&hellip;\" \/>\n<meta property=\"og:url\" content=\"https:\/\/lykketegningtest.wp3.hcweb.dev\/sv\/illustrator\/\" \/>\n<meta property=\"og:site_name\" content=\"LYKKETEGNING ILLUSTRAT\u00d8R\" \/>\n<meta property=\"article:publisher\" content=\"https:\/\/www.facebook.com\/lykketegning\/\" \/>\n<meta property=\"article:modified_time\" content=\"2026-02-17T07:47:59+00:00\" \/>\n<meta property=\"og:image\" content=\"https:\/\/lykketegningtest.wp3.hcweb.dev\/wp-content\/uploads\/2024\/04\/08-Ingebjorg.jpeg\" \/>\n<meta name=\"twitter:card\" content=\"summary_large_image\" \/>\n<meta name=\"twitter:label1\" content=\"Ber\u00e4knad l\u00e4stid\" \/>\n\t<meta name=\"twitter:data1\" content=\"4 minuter\" \/>\n<script type=\"application\/ld+json\" class=\"yoast-schema-graph\">{\"@context\":\"https:\\\/\\\/schema.org\",\"@graph\":[{\"@type\":\"WebPage\",\"@id\":\"https:\\\/\\\/lykketegningtest.wp3.hcweb.dev\\\/illustrator\\\/\",\"url\":\"https:\\\/\\\/lykketegningtest.wp3.hcweb.dev\\\/illustrator\\\/\",\"name\":\"Illustrat\u00f8r - LYKKETEGNING ILLUSTRAT\u00d8R\",\"isPartOf\":{\"@id\":\"https:\\\/\\\/lykketegningtest.wp3.hcweb.dev\\\/#website\"},\"primaryImageOfPage\":{\"@id\":\"https:\\\/\\\/lykketegningtest.wp3.hcweb.dev\\\/illustrator\\\/#primaryimage\"},\"image\":{\"@id\":\"https:\\\/\\\/lykketegningtest.wp3.hcweb.dev\\\/illustrator\\\/#primaryimage\"},\"thumbnailUrl\":\"https:\\\/\\\/lykketegningtest.wp3.hcweb.dev\\\/wp-content\\\/uploads\\\/2024\\\/04\\\/08-Ingebjorg.jpeg\",\"datePublished\":\"2017-08-17T20:04:47+00:00\",\"dateModified\":\"2026-02-17T07:47:59+00:00\",\"breadcrumb\":{\"@id\":\"https:\\\/\\\/lykketegningtest.wp3.hcweb.dev\\\/illustrator\\\/#breadcrumb\"},\"inLanguage\":\"sv-SE\",\"potentialAction\":[{\"@type\":\"ReadAction\",\"target\":[\"https:\\\/\\\/lykketegningtest.wp3.hcweb.dev\\\/illustrator\\\/\"]}]},{\"@type\":\"ImageObject\",\"inLanguage\":\"sv-SE\",\"@id\":\"https:\\\/\\\/lykketegningtest.wp3.hcweb.dev\\\/illustrator\\\/#primaryimage\",\"url\":\"https:\\\/\\\/lykketegningtest.wp3.hcweb.dev\\\/wp-content\\\/uploads\\\/2024\\\/04\\\/08-Ingebjorg.jpeg\",\"contentUrl\":\"https:\\\/\\\/lykketegningtest.wp3.hcweb.dev\\\/wp-content\\\/uploads\\\/2024\\\/04\\\/08-Ingebjorg.jpeg\"},{\"@type\":\"BreadcrumbList\",\"@id\":\"https:\\\/\\\/lykketegningtest.wp3.hcweb.dev\\\/illustrator\\\/#breadcrumb\",\"itemListElement\":[{\"@type\":\"ListItem\",\"position\":1,\"name\":\"Hjem\",\"item\":\"https:\\\/\\\/lykketegningtest.wp3.hcweb.dev\\\/\"},{\"@type\":\"ListItem\",\"position\":2,\"name\":\"Illustrat\u00f8r\"}]},{\"@type\":\"WebSite\",\"@id\":\"https:\\\/\\\/lykketegningtest.wp3.hcweb.dev\\\/#website\",\"url\":\"https:\\\/\\\/lykketegningtest.wp3.hcweb.dev\\\/\",\"name\":\"LYKKETEGNING ILLUSTRAT\u00d8R\",\"description\":\"\",\"publisher\":{\"@id\":\"https:\\\/\\\/lykketegningtest.wp3.hcweb.dev\\\/#organization\"},\"potentialAction\":[{\"@type\":\"SearchAction\",\"target\":{\"@type\":\"EntryPoint\",\"urlTemplate\":\"https:\\\/\\\/lykketegningtest.wp3.hcweb.dev\\\/?s={search_term_string}\"},\"query-input\":{\"@type\":\"PropertyValueSpecification\",\"valueRequired\":true,\"valueName\":\"search_term_string\"}}],\"inLanguage\":\"sv-SE\"},{\"@type\":\"Organization\",\"@id\":\"https:\\\/\\\/lykketegningtest.wp3.hcweb.dev\\\/#organization\",\"name\":\"LYKKETEGNING ILLUSTRAT\u00d8R\",\"url\":\"https:\\\/\\\/lykketegningtest.wp3.hcweb.dev\\\/\",\"logo\":{\"@type\":\"ImageObject\",\"inLanguage\":\"sv-SE\",\"@id\":\"https:\\\/\\\/lykketegningtest.wp3.hcweb.dev\\\/#\\\/schema\\\/logo\\\/image\\\/\",\"url\":\"https:\\\/\\\/lykketegningtest.wp3.hcweb.dev\\\/wp-content\\\/uploads\\\/2020\\\/03\\\/Logo2020_h400px.jpg\",\"contentUrl\":\"https:\\\/\\\/lykketegningtest.wp3.hcweb.dev\\\/wp-content\\\/uploads\\\/2020\\\/03\\\/Logo2020_h400px.jpg\",\"width\":1024,\"height\":400,\"caption\":\"LYKKETEGNING ILLUSTRAT\u00d8R\"},\"image\":{\"@id\":\"https:\\\/\\\/lykketegningtest.wp3.hcweb.dev\\\/#\\\/schema\\\/logo\\\/image\\\/\"},\"sameAs\":[\"https:\\\/\\\/www.facebook.com\\\/lykketegning\\\/\",\"https:\\\/\\\/www.instagram.com\\\/lykketegning\\\/\",\"https:\\\/\\\/www.youtube.com\\\/@lykketegningillustrations\",\"https:\\\/\\\/www.tiktok.com\\\/@lykketegningillustration\"]}]}<\/script>\n<!-- \/ Yoast SEO plugin. -->","yoast_head_json":{"title":"Illustrat\u00f6r - LYKKETEGNING ILLUSTRAT\u00d8R","robots":{"index":"noindex","follow":"follow","max-snippet":"max-snippet:-1","max-image-preview":"max-image-preview:large","max-video-preview":"max-video-preview:-1"},"og_locale":"sv_SE","og_type":"article","og_title":"Illustrat\u00f8r - LYKKETEGNING ILLUSTRAT\u00d8R","og_description":"Velkommen til Lykketegning! Hvem lager Lykketegning? Jeg heter Ingebj\u00f8rg Rang\u00f8y Sj\u00e5land og er illustrat\u00f8ren bak Lykketegning. Jeg er utdannet barnevernspedagog og har i mange \u00e5r arbeidet med d\u00f8ve barn i Danmark og i Norge. 46 \u00e5r gammel, mamma til to ungdommer og gift med verdens beste mann. Avdanka h\u00e5ndballspiller og engasjert kordirigent. Hvordan det hele&hellip;","og_url":"https:\/\/lykketegningtest.wp3.hcweb.dev\/sv\/illustrator\/","og_site_name":"LYKKETEGNING ILLUSTRAT\u00d8R","article_publisher":"https:\/\/www.facebook.com\/lykketegning\/","article_modified_time":"2026-02-17T07:47:59+00:00","og_image":[{"url":"https:\/\/lykketegningtest.wp3.hcweb.dev\/wp-content\/uploads\/2024\/04\/08-Ingebjorg.jpeg","type":"","width":"","height":""}],"twitter_card":"summary_large_image","twitter_misc":{"Ber\u00e4knad l\u00e4stid":"4 minuter"},"schema":{"@context":"https:\/\/schema.org","@graph":[{"@type":"WebPage","@id":"https:\/\/lykketegningtest.wp3.hcweb.dev\/illustrator\/","url":"https:\/\/lykketegningtest.wp3.hcweb.dev\/illustrator\/","name":"Illustrat\u00f6r - LYKKETEGNING ILLUSTRAT\u00d8R","isPartOf":{"@id":"https:\/\/lykketegningtest.wp3.hcweb.dev\/#website"},"primaryImageOfPage":{"@id":"https:\/\/lykketegningtest.wp3.hcweb.dev\/illustrator\/#primaryimage"},"image":{"@id":"https:\/\/lykketegningtest.wp3.hcweb.dev\/illustrator\/#primaryimage"},"thumbnailUrl":"https:\/\/lykketegningtest.wp3.hcweb.dev\/wp-content\/uploads\/2024\/04\/08-Ingebjorg.jpeg","datePublished":"2017-08-17T20:04:47+00:00","dateModified":"2026-02-17T07:47:59+00:00","breadcrumb":{"@id":"https:\/\/lykketegningtest.wp3.hcweb.dev\/illustrator\/#breadcrumb"},"inLanguage":"sv-SE","potentialAction":[{"@type":"ReadAction","target":["https:\/\/lykketegningtest.wp3.hcweb.dev\/illustrator\/"]}]},{"@type":"ImageObject","inLanguage":"sv-SE","@id":"https:\/\/lykketegningtest.wp3.hcweb.dev\/illustrator\/#primaryimage","url":"https:\/\/lykketegningtest.wp3.hcweb.dev\/wp-content\/uploads\/2024\/04\/08-Ingebjorg.jpeg","contentUrl":"https:\/\/lykketegningtest.wp3.hcweb.dev\/wp-content\/uploads\/2024\/04\/08-Ingebjorg.jpeg"},{"@type":"BreadcrumbList","@id":"https:\/\/lykketegningtest.wp3.hcweb.dev\/illustrator\/#breadcrumb","itemListElement":[{"@type":"ListItem","position":1,"name":"Hjem","item":"https:\/\/lykketegningtest.wp3.hcweb.dev\/"},{"@type":"ListItem","position":2,"name":"Illustrat\u00f8r"}]},{"@type":"WebSite","@id":"https:\/\/lykketegningtest.wp3.hcweb.dev\/#website","url":"https:\/\/lykketegningtest.wp3.hcweb.dev\/","name":"LYCKLIG RITNING ILLUSTRAT\u00d6R","description":"","publisher":{"@id":"https:\/\/lykketegningtest.wp3.hcweb.dev\/#organization"},"potentialAction":[{"@type":"SearchAction","target":{"@type":"EntryPoint","urlTemplate":"https:\/\/lykketegningtest.wp3.hcweb.dev\/?s={search_term_string}"},"query-input":{"@type":"PropertyValueSpecification","valueRequired":true,"valueName":"search_term_string"}}],"inLanguage":"sv-SE"},{"@type":"Organization","@id":"https:\/\/lykketegningtest.wp3.hcweb.dev\/#organization","name":"LYCKLIG RITNING ILLUSTRAT\u00d6R","url":"https:\/\/lykketegningtest.wp3.hcweb.dev\/","logo":{"@type":"ImageObject","inLanguage":"sv-SE","@id":"https:\/\/lykketegningtest.wp3.hcweb.dev\/#\/schema\/logo\/image\/","url":"https:\/\/lykketegningtest.wp3.hcweb.dev\/wp-content\/uploads\/2020\/03\/Logo2020_h400px.jpg","contentUrl":"https:\/\/lykketegningtest.wp3.hcweb.dev\/wp-content\/uploads\/2020\/03\/Logo2020_h400px.jpg","width":1024,"height":400,"caption":"LYKKETEGNING ILLUSTRAT\u00d8R"},"image":{"@id":"https:\/\/lykketegningtest.wp3.hcweb.dev\/#\/schema\/logo\/image\/"},"sameAs":["https:\/\/www.facebook.com\/lykketegning\/","https:\/\/www.instagram.com\/lykketegning\/","https:\/\/www.youtube.com\/@lykketegningillustrations","https:\/\/www.tiktok.com\/@lykketegningillustration"]}]}},"_links":{"self":[{"href":"https:\/\/lykketegningtest.wp3.hcweb.dev\/sv\/wp-json\/wp\/v2\/pages\/2871","targetHints":{"allow":["GET"]}}],"collection":[{"href":"https:\/\/lykketegningtest.wp3.hcweb.dev\/sv\/wp-json\/wp\/v2\/pages"}],"about":[{"href":"https:\/\/lykketegningtest.wp3.hcweb.dev\/sv\/wp-json\/wp\/v2\/types\/page"}],"author":[{"embeddable":true,"href":"https:\/\/lykketegningtest.wp3.hcweb.dev\/sv\/wp-json\/wp\/v2\/users\/2008"}],"replies":[{"embeddable":true,"href":"https:\/\/lykketegningtest.wp3.hcweb.dev\/sv\/wp-json\/wp\/v2\/comments?post=2871"}],"version-history":[{"count":0,"href":"https:\/\/lykketegningtest.wp3.hcweb.dev\/sv\/wp-json\/wp\/v2\/pages\/2871\/revisions"}],"wp:attachment":[{"href":"https:\/\/lykketegningtest.wp3.hcweb.dev\/sv\/wp-json\/wp\/v2\/media?parent=2871"}],"curies":[{"name":"wp","href":"https:\/\/api.w.org\/{rel}","templated":true}]}}